{"id":16796,"date":"2025-01-06T16:50:21","date_gmt":"2025-01-06T14:50:21","guid":{"rendered":"https:\/\/www.melform.com\/?post_type=product&#038;p=16796"},"modified":"2025-01-06T17:03:07","modified_gmt":"2025-01-06T15:03:07","slug":"lot-de-plateaux-polyester-melamine-1092-pieces","status":"publish","type":"product","link":"https:\/\/www.melform.com\/fr\/conteneurs-\/outlet-offres\/lot-de-plateaux-polyester-melamine-1092-pieces\/","title":{"rendered":"LOT DE PLATEAUX POLYESTER AVEC REV\u00caTEMENT M\u00c9LAMIN\u00c9 &#8211; 1092 PI\u00c8CES"},"content":{"rendered":"Lot de plateaux gamme &#8220;PARTNER&#8221;. Lot de plateaux PARTNER en polyester renforc\u00e9 de fibres de verre et rev\u00eatement m\u00e9lamin\u00e9. Robuste et r\u00e9sistant aux rayures, il convient \u00e0 un usage intensif. Son design moderne et ergonomique se caract\u00e9rise par des bords bas et des angles arrondis.\r\n<ul>\r\n \t<li>Mat\u00e9riau : polyester avec rev\u00eatement en m\u00e9lamine.<\/li>\r\n \t<li>Quantit\u00e9 : 1092 pi\u00e8ces.<\/li>\r\n \t<li>Dimensions: 455 x 354 mm.<\/li>\r\n \t<li>Couleur: bois de m\u00e9l\u00e8ze blanc.<\/li>\r\n<\/ul>\r\n&nbsp;\r\n\r\n&nbsp;\r\n\r\n&nbsp;","protected":false},"excerpt":{"rendered":"Lot de plateaux gamme &#8220;PARTNER&#8221;. Lot de plateaux PARTNER en polyester renforc\u00e9 de fibres de verre et rev\u00eatement m\u00e9lamin\u00e9. Robuste et r\u00e9sistant aux rayures, il convient \u00e0 un usage intensif. Son design moderne et ergonomique se caract\u00e9rise par des bords bas et des angles arrondis. Mat\u00e9riau : polyester avec rev\u00eatement en m\u00e9lamine. Quantit\u00e9 : 1092 [&hellip;]","protected":false},"featured_media":16805,"template":"","meta":{"_acf_changed":false,"_themeisle_gutenberg_block_has_review":false},"product_brand":[],"product_cat":[815],"product_tag":[],"class_list":{"0":"post-16796","1":"product","2":"type-product","3":"status-publish","4":"has-post-thumbnail","6":"product_cat-outlet-offres","7":"pa_linea-melamine-fr-2","9":"first","10":"instock","11":"purchasable","12":"product-type-simple"},"acf":[],"yoast_head":"<!-- This site is optimized with the Yoast SEO plugin v26.4 - https:\/\/yoast.com\/wordpress\/plugins\/seo\/ -->\n<title>LOT DE PLATEAUX POLYESTER AVEC REV\u00caTEMENT M\u00c9LAMIN\u00c9 - 1092 PI\u00c8CES - MELFORM<\/title>\n<meta name=\"robots\" content=\"index, follow, max-snippet:-1, max-image-preview:large, max-video-preview:-1\" \/>\n<link rel=\"canonical\" href=\"https:\/\/www.melform.com\/fr\/conteneurs-\/outlet-offres\/lot-de-plateaux-polyester-melamine-1092-pieces\/\" \/>\n<meta property=\"og:locale\" content=\"fr_FR\" \/>\n<meta property=\"og:type\" content=\"article\" \/>\n<meta property=\"og:title\" content=\"LOT DE PLATEAUX POLYESTER AVEC REV\u00caTEMENT M\u00c9LAMIN\u00c9 - 1092 PI\u00c8CES - MELFORM\" \/>\n<meta property=\"og:description\" content=\"Lot de plateaux gamme &#8220;PARTNER&#8221;. Lot de plateaux PARTNER en polyester renforc\u00e9 de fibres de verre et rev\u00eatement m\u00e9lamin\u00e9. Robuste et r\u00e9sistant aux rayures, il convient \u00e0 un usage intensif. Son design moderne et ergonomique se caract\u00e9rise par des bords bas et des angles arrondis. Mat\u00e9riau : polyester avec rev\u00eatement en m\u00e9lamine. Quantit\u00e9 : 1092 [&hellip;]\" \/>\n<meta property=\"og:url\" content=\"https:\/\/www.melform.com\/fr\/conteneurs-\/outlet-offres\/lot-de-plateaux-polyester-melamine-1092-pieces\/\" \/>\n<meta property=\"og:site_name\" content=\"MELFORM\" \/>\n<meta property=\"article:modified_time\" content=\"2025-01-06T15:03:07+00:00\" \/>\n<meta property=\"og:image\" content=\"https:\/\/www.melform.com\/wp-content\/uploads\/2025\/01\/Immagine_lotto_vassoi_4.png\" \/>\n\t<meta property=\"og:image:width\" content=\"549\" \/>\n\t<meta property=\"og:image:height\" content=\"549\" \/>\n\t<meta property=\"og:image:type\" content=\"image\/png\" \/>\n<meta name=\"twitter:card\" content=\"summary_large_image\" \/>\n<script type=\"application\/ld+json\" class=\"yoast-schema-graph\">{\"@context\":\"https:\/\/schema.org\",\"@graph\":[{\"@type\":\"WebPage\",\"@id\":\"https:\/\/www.melform.com\/fr\/conteneurs-\/outlet-offres\/lot-de-plateaux-polyester-melamine-1092-pieces\/\",\"url\":\"https:\/\/www.melform.com\/fr\/conteneurs-\/outlet-offres\/lot-de-plateaux-polyester-melamine-1092-pieces\/\",\"name\":\"LOT DE PLATEAUX POLYESTER AVEC REV\u00caTEMENT M\u00c9LAMIN\u00c9 - 1092 PI\u00c8CES - MELFORM\",\"isPartOf\":{\"@id\":\"https:\/\/www.melform.com\/fr\/#website\"},\"primaryImageOfPage\":{\"@id\":\"https:\/\/www.melform.com\/fr\/conteneurs-\/outlet-offres\/lot-de-plateaux-polyester-melamine-1092-pieces\/#primaryimage\"},\"image\":{\"@id\":\"https:\/\/www.melform.com\/fr\/conteneurs-\/outlet-offres\/lot-de-plateaux-polyester-melamine-1092-pieces\/#primaryimage\"},\"thumbnailUrl\":\"https:\/\/www.melform.com\/wp-content\/uploads\/2025\/01\/Immagine_lotto_vassoi_4.png\",\"datePublished\":\"2025-01-06T14:50:21+00:00\",\"dateModified\":\"2025-01-06T15:03:07+00:00\",\"breadcrumb\":{\"@id\":\"https:\/\/www.melform.com\/fr\/conteneurs-\/outlet-offres\/lot-de-plateaux-polyester-melamine-1092-pieces\/#breadcrumb\"},\"inLanguage\":\"fr-FR\",\"potentialAction\":[{\"@type\":\"ReadAction\",\"target\":[\"https:\/\/www.melform.com\/fr\/conteneurs-\/outlet-offres\/lot-de-plateaux-polyester-melamine-1092-pieces\/\"]}]},{\"@type\":\"ImageObject\",\"inLanguage\":\"fr-FR\",\"@id\":\"https:\/\/www.melform.com\/fr\/conteneurs-\/outlet-offres\/lot-de-plateaux-polyester-melamine-1092-pieces\/#primaryimage\",\"url\":\"https:\/\/www.melform.com\/wp-content\/uploads\/2025\/01\/Immagine_lotto_vassoi_4.png\",\"contentUrl\":\"https:\/\/www.melform.com\/wp-content\/uploads\/2025\/01\/Immagine_lotto_vassoi_4.png\",\"width\":549,\"height\":549},{\"@type\":\"BreadcrumbList\",\"@id\":\"https:\/\/www.melform.com\/fr\/conteneurs-\/outlet-offres\/lot-de-plateaux-polyester-melamine-1092-pieces\/#breadcrumb\",\"itemListElement\":[{\"@type\":\"ListItem\",\"position\":1,\"name\":\"Home\",\"item\":\"https:\/\/www.melform.com\/fr\/\"},{\"@type\":\"ListItem\",\"position\":2,\"name\":\"Shop\",\"item\":\"https:\/\/www.melform.com\/fr\/shop\/\"},{\"@type\":\"ListItem\",\"position\":3,\"name\":\"LOT DE PLATEAUX POLYESTER AVEC REV\u00caTEMENT M\u00c9LAMIN\u00c9 &#8211; 1092 PI\u00c8CES\"}]},{\"@type\":\"WebSite\",\"@id\":\"https:\/\/www.melform.com\/fr\/#website\",\"url\":\"https:\/\/www.melform.com\/fr\/\",\"name\":\"MELFORM\",\"description\":\"SISTEMI PER IL TRASPORTO E STOCCAGGIO A TEMPERATURA CONTROLLATA\",\"potentialAction\":[{\"@type\":\"SearchAction\",\"target\":{\"@type\":\"EntryPoint\",\"urlTemplate\":\"https:\/\/www.melform.com\/fr\/?s={search_term_string}\"},\"query-input\":{\"@type\":\"PropertyValueSpecification\",\"valueRequired\":true,\"valueName\":\"search_term_string\"}}],\"inLanguage\":\"fr-FR\"}]}<\/script>\n<!-- \/ Yoast SEO plugin. -->","yoast_head_json":{"title":"LOT DE PLATEAUX POLYESTER AVEC REV\u00caTEMENT M\u00c9LAMIN\u00c9 - 1092 PI\u00c8CES - MELFORM","robots":{"index":"index","follow":"follow","max-snippet":"max-snippet:-1","max-image-preview":"max-image-preview:large","max-video-preview":"max-video-preview:-1"},"canonical":"https:\/\/www.melform.com\/fr\/conteneurs-\/outlet-offres\/lot-de-plateaux-polyester-melamine-1092-pieces\/","og_locale":"fr_FR","og_type":"article","og_title":"LOT DE PLATEAUX POLYESTER AVEC REV\u00caTEMENT M\u00c9LAMIN\u00c9 - 1092 PI\u00c8CES - MELFORM","og_description":"Lot de plateaux gamme &#8220;PARTNER&#8221;. Lot de plateaux PARTNER en polyester renforc\u00e9 de fibres de verre et rev\u00eatement m\u00e9lamin\u00e9. Robuste et r\u00e9sistant aux rayures, il convient \u00e0 un usage intensif. Son design moderne et ergonomique se caract\u00e9rise par des bords bas et des angles arrondis. Mat\u00e9riau : polyester avec rev\u00eatement en m\u00e9lamine. Quantit\u00e9 : 1092 [&hellip;]","og_url":"https:\/\/www.melform.com\/fr\/conteneurs-\/outlet-offres\/lot-de-plateaux-polyester-melamine-1092-pieces\/","og_site_name":"MELFORM","article_modified_time":"2025-01-06T15:03:07+00:00","og_image":[{"width":549,"height":549,"url":"https:\/\/www.melform.com\/wp-content\/uploads\/2025\/01\/Immagine_lotto_vassoi_4.png","type":"image\/png"}],"twitter_card":"summary_large_image","schema":{"@context":"https:\/\/schema.org","@graph":[{"@type":"WebPage","@id":"https:\/\/www.melform.com\/fr\/conteneurs-\/outlet-offres\/lot-de-plateaux-polyester-melamine-1092-pieces\/","url":"https:\/\/www.melform.com\/fr\/conteneurs-\/outlet-offres\/lot-de-plateaux-polyester-melamine-1092-pieces\/","name":"LOT DE PLATEAUX POLYESTER AVEC REV\u00caTEMENT M\u00c9LAMIN\u00c9 - 1092 PI\u00c8CES - MELFORM","isPartOf":{"@id":"https:\/\/www.melform.com\/fr\/#website"},"primaryImageOfPage":{"@id":"https:\/\/www.melform.com\/fr\/conteneurs-\/outlet-offres\/lot-de-plateaux-polyester-melamine-1092-pieces\/#primaryimage"},"image":{"@id":"https:\/\/www.melform.com\/fr\/conteneurs-\/outlet-offres\/lot-de-plateaux-polyester-melamine-1092-pieces\/#primaryimage"},"thumbnailUrl":"https:\/\/www.melform.com\/wp-content\/uploads\/2025\/01\/Immagine_lotto_vassoi_4.png","datePublished":"2025-01-06T14:50:21+00:00","dateModified":"2025-01-06T15:03:07+00:00","breadcrumb":{"@id":"https:\/\/www.melform.com\/fr\/conteneurs-\/outlet-offres\/lot-de-plateaux-polyester-melamine-1092-pieces\/#breadcrumb"},"inLanguage":"fr-FR","potentialAction":[{"@type":"ReadAction","target":["https:\/\/www.melform.com\/fr\/conteneurs-\/outlet-offres\/lot-de-plateaux-polyester-melamine-1092-pieces\/"]}]},{"@type":"ImageObject","inLanguage":"fr-FR","@id":"https:\/\/www.melform.com\/fr\/conteneurs-\/outlet-offres\/lot-de-plateaux-polyester-melamine-1092-pieces\/#primaryimage","url":"https:\/\/www.melform.com\/wp-content\/uploads\/2025\/01\/Immagine_lotto_vassoi_4.png","contentUrl":"https:\/\/www.melform.com\/wp-content\/uploads\/2025\/01\/Immagine_lotto_vassoi_4.png","width":549,"height":549},{"@type":"BreadcrumbList","@id":"https:\/\/www.melform.com\/fr\/conteneurs-\/outlet-offres\/lot-de-plateaux-polyester-melamine-1092-pieces\/#breadcrumb","itemListElement":[{"@type":"ListItem","position":1,"name":"Home","item":"https:\/\/www.melform.com\/fr\/"},{"@type":"ListItem","position":2,"name":"Shop","item":"https:\/\/www.melform.com\/fr\/shop\/"},{"@type":"ListItem","position":3,"name":"LOT DE PLATEAUX POLYESTER AVEC REV\u00caTEMENT M\u00c9LAMIN\u00c9 &#8211; 1092 PI\u00c8CES"}]},{"@type":"WebSite","@id":"https:\/\/www.melform.com\/fr\/#website","url":"https:\/\/www.melform.com\/fr\/","name":"MELFORM","description":"SISTEMI PER IL TRASPORTO E STOCCAGGIO A TEMPERATURA CONTROLLATA","potentialAction":[{"@type":"SearchAction","target":{"@type":"EntryPoint","urlTemplate":"https:\/\/www.melform.com\/fr\/?s={search_term_string}"},"query-input":{"@type":"PropertyValueSpecification","valueRequired":true,"valueName":"search_term_string"}}],"inLanguage":"fr-FR"}]}},"_links":{"self":[{"href":"https:\/\/www.melform.com\/fr\/wp-json\/wp\/v2\/product\/16796","targetHints":{"allow":["GET"]}}],"collection":[{"href":"https:\/\/www.melform.com\/fr\/wp-json\/wp\/v2\/product"}],"about":[{"href":"https:\/\/www.melform.com\/fr\/wp-json\/wp\/v2\/types\/product"}],"wp:featuredmedia":[{"embeddable":true,"href":"https:\/\/www.melform.com\/fr\/wp-json\/wp\/v2\/media\/16805"}],"wp:attachment":[{"href":"https:\/\/www.melform.com\/fr\/wp-json\/wp\/v2\/media?parent=16796"}],"wp:term":[{"taxonomy":"product_brand","embeddable":true,"href":"https:\/\/www.melform.com\/fr\/wp-json\/wp\/v2\/product_brand?post=16796"},{"taxonomy":"product_cat","embeddable":true,"href":"https:\/\/www.melform.com\/fr\/wp-json\/wp\/v2\/product_cat?post=16796"},{"taxonomy":"product_tag","embeddable":true,"href":"https:\/\/www.melform.com\/fr\/wp-json\/wp\/v2\/product_tag?post=16796"}],"curies":[{"name":"wp","href":"https:\/\/api.w.org\/{rel}","templated":true}]}}