{"id":16815,"date":"2025-01-06T17:07:02","date_gmt":"2025-01-06T15:07:02","guid":{"rendered":"https:\/\/www.melform.com\/?post_type=product&#038;p=16815"},"modified":"2025-01-06T17:18:18","modified_gmt":"2025-01-06T15:18:18","slug":"plateaux-polyester-gn-1-1-1500-pieces","status":"publish","type":"product","link":"https:\/\/www.melform.com\/fr\/conteneurs-\/outlet-offres\/plateaux-polyester-gn-1-1-1500-pieces\/","title":{"rendered":"LOT DE PLATEAUX EN POLYESTER GN 1\/1 &#8211; 1500 PI\u00c8CES"},"content":{"rendered":"Lot de plateaux ligne \u00ab GLASS \u00bb. Lot de plateaux GLASS en polyester renforc\u00e9 de fibres de verre. Gr\u00e2ce \u00e0 des angles et des bords renforc\u00e9s, il est adapt\u00e9 \u00e0 un usage intensif. Dot\u00e9 de pieds d&#8217;espacement pour faciliter le s\u00e9chage et le stockage.\r\n<ul>\r\n \t<li>Mat\u00e9riau : polyester renforc\u00e9 de fibres de verre.<\/li>\r\n \t<li>Quantit\u00e9 : 1500 pi\u00e8ces.<\/li>\r\n \t<li>Dimensions: 530 x 325 mm.<\/li>\r\n \t<li>Couleur: assorties.<\/li>\r\n<\/ul>","protected":false},"excerpt":{"rendered":"Lot de plateaux ligne \u00ab GLASS \u00bb. Lot de plateaux GLASS en polyester renforc\u00e9 de fibres de verre. Gr\u00e2ce \u00e0 des angles et des bords renforc\u00e9s, il est adapt\u00e9 \u00e0 un usage intensif. Dot\u00e9 de pieds d&#8217;espacement pour faciliter le s\u00e9chage et le stockage. Mat\u00e9riau : polyester renforc\u00e9 de fibres de verre. Quantit\u00e9 : 1500 [&hellip;]","protected":false},"featured_media":16826,"template":"","meta":{"_acf_changed":false,"_themeisle_gutenberg_block_has_review":false},"product_brand":[],"product_cat":[815],"product_tag":[272],"class_list":{"0":"post-16815","1":"product","2":"type-product","3":"status-publish","4":"has-post-thumbnail","6":"product_cat-outlet-offres","7":"product_tag-offerte-fr","8":"pa_linea-glass-fr","10":"first","11":"instock","12":"purchasable","13":"product-type-simple"},"acf":[],"yoast_head":"<!-- This site is optimized with the Yoast SEO plugin v26.4 - https:\/\/yoast.com\/wordpress\/plugins\/seo\/ -->\n<title>LOT DE PLATEAUX EN POLYESTER GN 1\/1 - 1500 PI\u00c8CES - MELFORM<\/title>\n<meta name=\"robots\" content=\"index, follow, max-snippet:-1, max-image-preview:large, max-video-preview:-1\" \/>\n<link rel=\"canonical\" href=\"https:\/\/www.melform.com\/fr\/conteneurs-\/outlet-offres\/plateaux-polyester-gn-1-1-1500-pieces\/\" \/>\n<meta property=\"og:locale\" content=\"fr_FR\" \/>\n<meta property=\"og:type\" content=\"article\" \/>\n<meta property=\"og:title\" content=\"LOT DE PLATEAUX EN POLYESTER GN 1\/1 - 1500 PI\u00c8CES - MELFORM\" \/>\n<meta property=\"og:description\" content=\"Lot de plateaux ligne \u00ab GLASS \u00bb. Lot de plateaux GLASS en polyester renforc\u00e9 de fibres de verre. Gr\u00e2ce \u00e0 des angles et des bords renforc\u00e9s, il est adapt\u00e9 \u00e0 un usage intensif. Dot\u00e9 de pieds d&#8217;espacement pour faciliter le s\u00e9chage et le stockage. Mat\u00e9riau : polyester renforc\u00e9 de fibres de verre. Quantit\u00e9 : 1500 [&hellip;]\" \/>\n<meta property=\"og:url\" content=\"https:\/\/www.melform.com\/fr\/conteneurs-\/outlet-offres\/plateaux-polyester-gn-1-1-1500-pieces\/\" \/>\n<meta property=\"og:site_name\" content=\"MELFORM\" \/>\n<meta property=\"article:modified_time\" content=\"2025-01-06T15:18:18+00:00\" \/>\n<meta property=\"og:image\" content=\"https:\/\/www.melform.com\/wp-content\/uploads\/2025\/01\/Immagine_lotto_vassoi_5.png\" \/>\n\t<meta property=\"og:image:width\" content=\"587\" \/>\n\t<meta property=\"og:image:height\" content=\"586\" \/>\n\t<meta property=\"og:image:type\" content=\"image\/png\" \/>\n<meta name=\"twitter:card\" content=\"summary_large_image\" \/>\n<script type=\"application\/ld+json\" class=\"yoast-schema-graph\">{\"@context\":\"https:\/\/schema.org\",\"@graph\":[{\"@type\":\"WebPage\",\"@id\":\"https:\/\/www.melform.com\/fr\/conteneurs-\/outlet-offres\/plateaux-polyester-gn-1-1-1500-pieces\/\",\"url\":\"https:\/\/www.melform.com\/fr\/conteneurs-\/outlet-offres\/plateaux-polyester-gn-1-1-1500-pieces\/\",\"name\":\"LOT DE PLATEAUX EN POLYESTER GN 1\/1 - 1500 PI\u00c8CES - MELFORM\",\"isPartOf\":{\"@id\":\"https:\/\/www.melform.com\/fr\/#website\"},\"primaryImageOfPage\":{\"@id\":\"https:\/\/www.melform.com\/fr\/conteneurs-\/outlet-offres\/plateaux-polyester-gn-1-1-1500-pieces\/#primaryimage\"},\"image\":{\"@id\":\"https:\/\/www.melform.com\/fr\/conteneurs-\/outlet-offres\/plateaux-polyester-gn-1-1-1500-pieces\/#primaryimage\"},\"thumbnailUrl\":\"https:\/\/www.melform.com\/wp-content\/uploads\/2025\/01\/Immagine_lotto_vassoi_5.png\",\"datePublished\":\"2025-01-06T15:07:02+00:00\",\"dateModified\":\"2025-01-06T15:18:18+00:00\",\"breadcrumb\":{\"@id\":\"https:\/\/www.melform.com\/fr\/conteneurs-\/outlet-offres\/plateaux-polyester-gn-1-1-1500-pieces\/#breadcrumb\"},\"inLanguage\":\"fr-FR\",\"potentialAction\":[{\"@type\":\"ReadAction\",\"target\":[\"https:\/\/www.melform.com\/fr\/conteneurs-\/outlet-offres\/plateaux-polyester-gn-1-1-1500-pieces\/\"]}]},{\"@type\":\"ImageObject\",\"inLanguage\":\"fr-FR\",\"@id\":\"https:\/\/www.melform.com\/fr\/conteneurs-\/outlet-offres\/plateaux-polyester-gn-1-1-1500-pieces\/#primaryimage\",\"url\":\"https:\/\/www.melform.com\/wp-content\/uploads\/2025\/01\/Immagine_lotto_vassoi_5.png\",\"contentUrl\":\"https:\/\/www.melform.com\/wp-content\/uploads\/2025\/01\/Immagine_lotto_vassoi_5.png\",\"width\":587,\"height\":586},{\"@type\":\"BreadcrumbList\",\"@id\":\"https:\/\/www.melform.com\/fr\/conteneurs-\/outlet-offres\/plateaux-polyester-gn-1-1-1500-pieces\/#breadcrumb\",\"itemListElement\":[{\"@type\":\"ListItem\",\"position\":1,\"name\":\"Home\",\"item\":\"https:\/\/www.melform.com\/fr\/\"},{\"@type\":\"ListItem\",\"position\":2,\"name\":\"Shop\",\"item\":\"https:\/\/www.melform.com\/fr\/shop\/\"},{\"@type\":\"ListItem\",\"position\":3,\"name\":\"LOT DE PLATEAUX EN POLYESTER GN 1\/1 &#8211; 1500 PI\u00c8CES\"}]},{\"@type\":\"WebSite\",\"@id\":\"https:\/\/www.melform.com\/fr\/#website\",\"url\":\"https:\/\/www.melform.com\/fr\/\",\"name\":\"MELFORM\",\"description\":\"SISTEMI PER IL TRASPORTO E STOCCAGGIO A TEMPERATURA CONTROLLATA\",\"potentialAction\":[{\"@type\":\"SearchAction\",\"target\":{\"@type\":\"EntryPoint\",\"urlTemplate\":\"https:\/\/www.melform.com\/fr\/?s={search_term_string}\"},\"query-input\":{\"@type\":\"PropertyValueSpecification\",\"valueRequired\":true,\"valueName\":\"search_term_string\"}}],\"inLanguage\":\"fr-FR\"}]}<\/script>\n<!-- \/ Yoast SEO plugin. -->","yoast_head_json":{"title":"LOT DE PLATEAUX EN POLYESTER GN 1\/1 - 1500 PI\u00c8CES - MELFORM","robots":{"index":"index","follow":"follow","max-snippet":"max-snippet:-1","max-image-preview":"max-image-preview:large","max-video-preview":"max-video-preview:-1"},"canonical":"https:\/\/www.melform.com\/fr\/conteneurs-\/outlet-offres\/plateaux-polyester-gn-1-1-1500-pieces\/","og_locale":"fr_FR","og_type":"article","og_title":"LOT DE PLATEAUX EN POLYESTER GN 1\/1 - 1500 PI\u00c8CES - MELFORM","og_description":"Lot de plateaux ligne \u00ab GLASS \u00bb. Lot de plateaux GLASS en polyester renforc\u00e9 de fibres de verre. Gr\u00e2ce \u00e0 des angles et des bords renforc\u00e9s, il est adapt\u00e9 \u00e0 un usage intensif. Dot\u00e9 de pieds d&#8217;espacement pour faciliter le s\u00e9chage et le stockage. Mat\u00e9riau : polyester renforc\u00e9 de fibres de verre. Quantit\u00e9 : 1500 [&hellip;]","og_url":"https:\/\/www.melform.com\/fr\/conteneurs-\/outlet-offres\/plateaux-polyester-gn-1-1-1500-pieces\/","og_site_name":"MELFORM","article_modified_time":"2025-01-06T15:18:18+00:00","og_image":[{"width":587,"height":586,"url":"https:\/\/www.melform.com\/wp-content\/uploads\/2025\/01\/Immagine_lotto_vassoi_5.png","type":"image\/png"}],"twitter_card":"summary_large_image","schema":{"@context":"https:\/\/schema.org","@graph":[{"@type":"WebPage","@id":"https:\/\/www.melform.com\/fr\/conteneurs-\/outlet-offres\/plateaux-polyester-gn-1-1-1500-pieces\/","url":"https:\/\/www.melform.com\/fr\/conteneurs-\/outlet-offres\/plateaux-polyester-gn-1-1-1500-pieces\/","name":"LOT DE PLATEAUX EN POLYESTER GN 1\/1 - 1500 PI\u00c8CES - MELFORM","isPartOf":{"@id":"https:\/\/www.melform.com\/fr\/#website"},"primaryImageOfPage":{"@id":"https:\/\/www.melform.com\/fr\/conteneurs-\/outlet-offres\/plateaux-polyester-gn-1-1-1500-pieces\/#primaryimage"},"image":{"@id":"https:\/\/www.melform.com\/fr\/conteneurs-\/outlet-offres\/plateaux-polyester-gn-1-1-1500-pieces\/#primaryimage"},"thumbnailUrl":"https:\/\/www.melform.com\/wp-content\/uploads\/2025\/01\/Immagine_lotto_vassoi_5.png","datePublished":"2025-01-06T15:07:02+00:00","dateModified":"2025-01-06T15:18:18+00:00","breadcrumb":{"@id":"https:\/\/www.melform.com\/fr\/conteneurs-\/outlet-offres\/plateaux-polyester-gn-1-1-1500-pieces\/#breadcrumb"},"inLanguage":"fr-FR","potentialAction":[{"@type":"ReadAction","target":["https:\/\/www.melform.com\/fr\/conteneurs-\/outlet-offres\/plateaux-polyester-gn-1-1-1500-pieces\/"]}]},{"@type":"ImageObject","inLanguage":"fr-FR","@id":"https:\/\/www.melform.com\/fr\/conteneurs-\/outlet-offres\/plateaux-polyester-gn-1-1-1500-pieces\/#primaryimage","url":"https:\/\/www.melform.com\/wp-content\/uploads\/2025\/01\/Immagine_lotto_vassoi_5.png","contentUrl":"https:\/\/www.melform.com\/wp-content\/uploads\/2025\/01\/Immagine_lotto_vassoi_5.png","width":587,"height":586},{"@type":"BreadcrumbList","@id":"https:\/\/www.melform.com\/fr\/conteneurs-\/outlet-offres\/plateaux-polyester-gn-1-1-1500-pieces\/#breadcrumb","itemListElement":[{"@type":"ListItem","position":1,"name":"Home","item":"https:\/\/www.melform.com\/fr\/"},{"@type":"ListItem","position":2,"name":"Shop","item":"https:\/\/www.melform.com\/fr\/shop\/"},{"@type":"ListItem","position":3,"name":"LOT DE PLATEAUX EN POLYESTER GN 1\/1 &#8211; 1500 PI\u00c8CES"}]},{"@type":"WebSite","@id":"https:\/\/www.melform.com\/fr\/#website","url":"https:\/\/www.melform.com\/fr\/","name":"MELFORM","description":"SISTEMI PER IL TRASPORTO E STOCCAGGIO A TEMPERATURA CONTROLLATA","potentialAction":[{"@type":"SearchAction","target":{"@type":"EntryPoint","urlTemplate":"https:\/\/www.melform.com\/fr\/?s={search_term_string}"},"query-input":{"@type":"PropertyValueSpecification","valueRequired":true,"valueName":"search_term_string"}}],"inLanguage":"fr-FR"}]}},"_links":{"self":[{"href":"https:\/\/www.melform.com\/fr\/wp-json\/wp\/v2\/product\/16815","targetHints":{"allow":["GET"]}}],"collection":[{"href":"https:\/\/www.melform.com\/fr\/wp-json\/wp\/v2\/product"}],"about":[{"href":"https:\/\/www.melform.com\/fr\/wp-json\/wp\/v2\/types\/product"}],"wp:featuredmedia":[{"embeddable":true,"href":"https:\/\/www.melform.com\/fr\/wp-json\/wp\/v2\/media\/16826"}],"wp:attachment":[{"href":"https:\/\/www.melform.com\/fr\/wp-json\/wp\/v2\/media?parent=16815"}],"wp:term":[{"taxonomy":"product_brand","embeddable":true,"href":"https:\/\/www.melform.com\/fr\/wp-json\/wp\/v2\/product_brand?post=16815"},{"taxonomy":"product_cat","embeddable":true,"href":"https:\/\/www.melform.com\/fr\/wp-json\/wp\/v2\/product_cat?post=16815"},{"taxonomy":"product_tag","embeddable":true,"href":"https:\/\/www.melform.com\/fr\/wp-json\/wp\/v2\/product_tag?post=16815"}],"curies":[{"name":"wp","href":"https:\/\/api.w.org\/{rel}","templated":true}]}}