{"id":16996,"date":"2025-01-18T12:55:45","date_gmt":"2025-01-18T10:55:45","guid":{"rendered":"https:\/\/www.melform.com\/?post_type=product&#038;p=16996"},"modified":"2025-01-18T13:02:19","modified_gmt":"2025-01-18T11:02:19","slug":"conteneur-isotherme-af-9","status":"publish","type":"product","link":"https:\/\/www.melform.com\/fr\/conteneurs-\/outlet-offres\/conteneurs-isothermes-passifs-offres\/conteneur-isotherme-af-9\/","title":{"rendered":"Conteneur isotherme \u2013 AF 9"},"content":{"rendered":"<div class=\"vc_empty_space\"><\/div>\r\n<div class=\"product-int-description\">\r\n<div class=\"grve-container\">Conteneur isotherme \u00e0 ouverture frontale, \u00e0 9 glissi\u00e8res et d&#8217;une capacit\u00e9 de 60 litres pour le transport de produits \u00e0 temp\u00e9rature contr\u00f4l\u00e9e. R\u00e9alis\u00e9 en poly\u00e9thyl\u00e8ne et isol\u00e9 avec de la mousse de polyur\u00e9thane sans CFC ni HCFC, il assure un maintien thermique correct, pr\u00e9servant les propri\u00e9t\u00e9s organoleptiques des aliments et limitant le risque de prolif\u00e9ration bact\u00e9rienne.<\/div>\r\n<\/div>\r\n<div><\/div>\r\n<div><strong>Couleur<\/strong>: sable<\/div>\r\n<div><strong>Note<\/strong>: Produit hors production.<\/div>","protected":false},"excerpt":{"rendered":"Conteneur isotherme \u00e0 ouverture frontale, \u00e0 9 glissi\u00e8res et d&#8217;une capacit\u00e9 de 60 litres pour le transport de produits \u00e0 temp\u00e9rature contr\u00f4l\u00e9e. R\u00e9alis\u00e9 en poly\u00e9thyl\u00e8ne et isol\u00e9 avec de la mousse de polyur\u00e9thane sans CFC ni HCFC, il assure un maintien thermique correct, pr\u00e9servant les propri\u00e9t\u00e9s organoleptiques des aliments et limitant le risque de prolif\u00e9ration [&hellip;]","protected":false},"featured_media":16999,"template":"","meta":{"_acf_changed":false,"_themeisle_gutenberg_block_has_review":false},"product_brand":[],"product_cat":[815,973],"product_tag":[],"class_list":{"0":"post-16996","1":"product","2":"type-product","3":"status-publish","4":"has-post-thumbnail","6":"product_cat-outlet-offres","7":"product_cat-conteneurs-isothermes-passifs-offres","8":"pa_moq-1-fr","10":"first","11":"instock","12":"shipping-taxable","13":"purchasable","14":"product-type-simple"},"acf":[],"yoast_head":"<!-- This site is optimized with the Yoast SEO plugin v26.4 - https:\/\/yoast.com\/wordpress\/plugins\/seo\/ -->\n<title>Conteneur isotherme \u2013 AF 9 - MELFORM<\/title>\n<meta name=\"robots\" content=\"index, follow, max-snippet:-1, max-image-preview:large, max-video-preview:-1\" \/>\n<link rel=\"canonical\" href=\"https:\/\/www.melform.com\/fr\/conteneurs-\/outlet-offres\/conteneurs-isothermes-passifs-offres\/conteneur-isotherme-af-9\/\" \/>\n<meta property=\"og:locale\" content=\"fr_FR\" \/>\n<meta property=\"og:type\" content=\"article\" \/>\n<meta property=\"og:title\" content=\"Conteneur isotherme \u2013 AF 9 - MELFORM\" \/>\n<meta property=\"og:description\" content=\"Conteneur isotherme \u00e0 ouverture frontale, \u00e0 9 glissi\u00e8res et d&#8217;une capacit\u00e9 de 60 litres pour le transport de produits \u00e0 temp\u00e9rature contr\u00f4l\u00e9e. R\u00e9alis\u00e9 en poly\u00e9thyl\u00e8ne et isol\u00e9 avec de la mousse de polyur\u00e9thane sans CFC ni HCFC, il assure un maintien thermique correct, pr\u00e9servant les propri\u00e9t\u00e9s organoleptiques des aliments et limitant le risque de prolif\u00e9ration [&hellip;]\" \/>\n<meta property=\"og:url\" content=\"https:\/\/www.melform.com\/fr\/conteneurs-\/outlet-offres\/conteneurs-isothermes-passifs-offres\/conteneur-isotherme-af-9\/\" \/>\n<meta property=\"og:site_name\" content=\"MELFORM\" \/>\n<meta property=\"article:modified_time\" content=\"2025-01-18T11:02:19+00:00\" \/>\n<meta property=\"og:image\" content=\"https:\/\/www.melform.com\/wp-content\/uploads\/2025\/01\/001.jpeg\" \/>\n\t<meta property=\"og:image:width\" content=\"960\" \/>\n\t<meta property=\"og:image:height\" content=\"960\" \/>\n\t<meta property=\"og:image:type\" content=\"image\/jpeg\" \/>\n<meta name=\"twitter:card\" content=\"summary_large_image\" \/>\n<script type=\"application\/ld+json\" class=\"yoast-schema-graph\">{\"@context\":\"https:\/\/schema.org\",\"@graph\":[{\"@type\":\"WebPage\",\"@id\":\"https:\/\/www.melform.com\/fr\/conteneurs-\/outlet-offres\/conteneurs-isothermes-passifs-offres\/conteneur-isotherme-af-9\/\",\"url\":\"https:\/\/www.melform.com\/fr\/conteneurs-\/outlet-offres\/conteneurs-isothermes-passifs-offres\/conteneur-isotherme-af-9\/\",\"name\":\"Conteneur isotherme \u2013 AF 9 - MELFORM\",\"isPartOf\":{\"@id\":\"https:\/\/www.melform.com\/fr\/#website\"},\"primaryImageOfPage\":{\"@id\":\"https:\/\/www.melform.com\/fr\/conteneurs-\/outlet-offres\/conteneurs-isothermes-passifs-offres\/conteneur-isotherme-af-9\/#primaryimage\"},\"image\":{\"@id\":\"https:\/\/www.melform.com\/fr\/conteneurs-\/outlet-offres\/conteneurs-isothermes-passifs-offres\/conteneur-isotherme-af-9\/#primaryimage\"},\"thumbnailUrl\":\"https:\/\/www.melform.com\/wp-content\/uploads\/2025\/01\/001.jpeg\",\"datePublished\":\"2025-01-18T10:55:45+00:00\",\"dateModified\":\"2025-01-18T11:02:19+00:00\",\"breadcrumb\":{\"@id\":\"https:\/\/www.melform.com\/fr\/conteneurs-\/outlet-offres\/conteneurs-isothermes-passifs-offres\/conteneur-isotherme-af-9\/#breadcrumb\"},\"inLanguage\":\"fr-FR\",\"potentialAction\":[{\"@type\":\"ReadAction\",\"target\":[\"https:\/\/www.melform.com\/fr\/conteneurs-\/outlet-offres\/conteneurs-isothermes-passifs-offres\/conteneur-isotherme-af-9\/\"]}]},{\"@type\":\"ImageObject\",\"inLanguage\":\"fr-FR\",\"@id\":\"https:\/\/www.melform.com\/fr\/conteneurs-\/outlet-offres\/conteneurs-isothermes-passifs-offres\/conteneur-isotherme-af-9\/#primaryimage\",\"url\":\"https:\/\/www.melform.com\/wp-content\/uploads\/2025\/01\/001.jpeg\",\"contentUrl\":\"https:\/\/www.melform.com\/wp-content\/uploads\/2025\/01\/001.jpeg\",\"width\":960,\"height\":960},{\"@type\":\"BreadcrumbList\",\"@id\":\"https:\/\/www.melform.com\/fr\/conteneurs-\/outlet-offres\/conteneurs-isothermes-passifs-offres\/conteneur-isotherme-af-9\/#breadcrumb\",\"itemListElement\":[{\"@type\":\"ListItem\",\"position\":1,\"name\":\"Home\",\"item\":\"https:\/\/www.melform.com\/fr\/\"},{\"@type\":\"ListItem\",\"position\":2,\"name\":\"Shop\",\"item\":\"https:\/\/www.melform.com\/fr\/shop\/\"},{\"@type\":\"ListItem\",\"position\":3,\"name\":\"Conteneur isotherme \u2013 AF 9\"}]},{\"@type\":\"WebSite\",\"@id\":\"https:\/\/www.melform.com\/fr\/#website\",\"url\":\"https:\/\/www.melform.com\/fr\/\",\"name\":\"MELFORM\",\"description\":\"SISTEMI PER IL TRASPORTO E STOCCAGGIO A TEMPERATURA CONTROLLATA\",\"potentialAction\":[{\"@type\":\"SearchAction\",\"target\":{\"@type\":\"EntryPoint\",\"urlTemplate\":\"https:\/\/www.melform.com\/fr\/?s={search_term_string}\"},\"query-input\":{\"@type\":\"PropertyValueSpecification\",\"valueRequired\":true,\"valueName\":\"search_term_string\"}}],\"inLanguage\":\"fr-FR\"}]}<\/script>\n<!-- \/ Yoast SEO plugin. -->","yoast_head_json":{"title":"Conteneur isotherme \u2013 AF 9 - MELFORM","robots":{"index":"index","follow":"follow","max-snippet":"max-snippet:-1","max-image-preview":"max-image-preview:large","max-video-preview":"max-video-preview:-1"},"canonical":"https:\/\/www.melform.com\/fr\/conteneurs-\/outlet-offres\/conteneurs-isothermes-passifs-offres\/conteneur-isotherme-af-9\/","og_locale":"fr_FR","og_type":"article","og_title":"Conteneur isotherme \u2013 AF 9 - MELFORM","og_description":"Conteneur isotherme \u00e0 ouverture frontale, \u00e0 9 glissi\u00e8res et d&#8217;une capacit\u00e9 de 60 litres pour le transport de produits \u00e0 temp\u00e9rature contr\u00f4l\u00e9e. R\u00e9alis\u00e9 en poly\u00e9thyl\u00e8ne et isol\u00e9 avec de la mousse de polyur\u00e9thane sans CFC ni HCFC, il assure un maintien thermique correct, pr\u00e9servant les propri\u00e9t\u00e9s organoleptiques des aliments et limitant le risque de prolif\u00e9ration [&hellip;]","og_url":"https:\/\/www.melform.com\/fr\/conteneurs-\/outlet-offres\/conteneurs-isothermes-passifs-offres\/conteneur-isotherme-af-9\/","og_site_name":"MELFORM","article_modified_time":"2025-01-18T11:02:19+00:00","og_image":[{"width":960,"height":960,"url":"https:\/\/www.melform.com\/wp-content\/uploads\/2025\/01\/001.jpeg","type":"image\/jpeg"}],"twitter_card":"summary_large_image","schema":{"@context":"https:\/\/schema.org","@graph":[{"@type":"WebPage","@id":"https:\/\/www.melform.com\/fr\/conteneurs-\/outlet-offres\/conteneurs-isothermes-passifs-offres\/conteneur-isotherme-af-9\/","url":"https:\/\/www.melform.com\/fr\/conteneurs-\/outlet-offres\/conteneurs-isothermes-passifs-offres\/conteneur-isotherme-af-9\/","name":"Conteneur isotherme \u2013 AF 9 - MELFORM","isPartOf":{"@id":"https:\/\/www.melform.com\/fr\/#website"},"primaryImageOfPage":{"@id":"https:\/\/www.melform.com\/fr\/conteneurs-\/outlet-offres\/conteneurs-isothermes-passifs-offres\/conteneur-isotherme-af-9\/#primaryimage"},"image":{"@id":"https:\/\/www.melform.com\/fr\/conteneurs-\/outlet-offres\/conteneurs-isothermes-passifs-offres\/conteneur-isotherme-af-9\/#primaryimage"},"thumbnailUrl":"https:\/\/www.melform.com\/wp-content\/uploads\/2025\/01\/001.jpeg","datePublished":"2025-01-18T10:55:45+00:00","dateModified":"2025-01-18T11:02:19+00:00","breadcrumb":{"@id":"https:\/\/www.melform.com\/fr\/conteneurs-\/outlet-offres\/conteneurs-isothermes-passifs-offres\/conteneur-isotherme-af-9\/#breadcrumb"},"inLanguage":"fr-FR","potentialAction":[{"@type":"ReadAction","target":["https:\/\/www.melform.com\/fr\/conteneurs-\/outlet-offres\/conteneurs-isothermes-passifs-offres\/conteneur-isotherme-af-9\/"]}]},{"@type":"ImageObject","inLanguage":"fr-FR","@id":"https:\/\/www.melform.com\/fr\/conteneurs-\/outlet-offres\/conteneurs-isothermes-passifs-offres\/conteneur-isotherme-af-9\/#primaryimage","url":"https:\/\/www.melform.com\/wp-content\/uploads\/2025\/01\/001.jpeg","contentUrl":"https:\/\/www.melform.com\/wp-content\/uploads\/2025\/01\/001.jpeg","width":960,"height":960},{"@type":"BreadcrumbList","@id":"https:\/\/www.melform.com\/fr\/conteneurs-\/outlet-offres\/conteneurs-isothermes-passifs-offres\/conteneur-isotherme-af-9\/#breadcrumb","itemListElement":[{"@type":"ListItem","position":1,"name":"Home","item":"https:\/\/www.melform.com\/fr\/"},{"@type":"ListItem","position":2,"name":"Shop","item":"https:\/\/www.melform.com\/fr\/shop\/"},{"@type":"ListItem","position":3,"name":"Conteneur isotherme \u2013 AF 9"}]},{"@type":"WebSite","@id":"https:\/\/www.melform.com\/fr\/#website","url":"https:\/\/www.melform.com\/fr\/","name":"MELFORM","description":"SISTEMI PER IL TRASPORTO E STOCCAGGIO A TEMPERATURA CONTROLLATA","potentialAction":[{"@type":"SearchAction","target":{"@type":"EntryPoint","urlTemplate":"https:\/\/www.melform.com\/fr\/?s={search_term_string}"},"query-input":{"@type":"PropertyValueSpecification","valueRequired":true,"valueName":"search_term_string"}}],"inLanguage":"fr-FR"}]}},"_links":{"self":[{"href":"https:\/\/www.melform.com\/fr\/wp-json\/wp\/v2\/product\/16996","targetHints":{"allow":["GET"]}}],"collection":[{"href":"https:\/\/www.melform.com\/fr\/wp-json\/wp\/v2\/product"}],"about":[{"href":"https:\/\/www.melform.com\/fr\/wp-json\/wp\/v2\/types\/product"}],"wp:featuredmedia":[{"embeddable":true,"href":"https:\/\/www.melform.com\/fr\/wp-json\/wp\/v2\/media\/16999"}],"wp:attachment":[{"href":"https:\/\/www.melform.com\/fr\/wp-json\/wp\/v2\/media?parent=16996"}],"wp:term":[{"taxonomy":"product_brand","embeddable":true,"href":"https:\/\/www.melform.com\/fr\/wp-json\/wp\/v2\/product_brand?post=16996"},{"taxonomy":"product_cat","embeddable":true,"href":"https:\/\/www.melform.com\/fr\/wp-json\/wp\/v2\/product_cat?post=16996"},{"taxonomy":"product_tag","embeddable":true,"href":"https:\/\/www.melform.com\/fr\/wp-json\/wp\/v2\/product_tag?post=16996"}],"curies":[{"name":"wp","href":"https:\/\/api.w.org\/{rel}","templated":true}]}}