{"id":17565,"date":"2025-01-26T13:27:44","date_gmt":"2025-01-26T11:27:44","guid":{"rendered":"https:\/\/www.melform.com\/?post_type=product&#038;p=17565"},"modified":"2025-02-19T18:35:27","modified_gmt":"2025-02-19T16:35:27","slug":"kit-darret-de-securite-plaques-eutectiques","status":"publish","type":"product","link":"https:\/\/www.melform.com\/fr\/conteneurs-\/catalogue-de-produits\/accessoires\/kit-darret-de-securite-plaques-eutectiques\/","title":{"rendered":"KIT DE VERROUILLAGE PLAQUES EUTECTIQUES"},"content":{"rendered":"<p data-start=\"1227\" data-end=\"1467\">Le <strong data-start=\"1230\" data-end=\"1277\">Kit de Verrouillage des Plaques Eutectiques<\/strong> est con\u00e7u pour garantir le <strong data-start=\"1305\" data-end=\"1371\">positionnement correct et la stabilit\u00e9 des plaques eutectiques<\/strong> \u00e0 l\u2019int\u00e9rieur des <strong data-start=\"1390\" data-end=\"1421\">conteneurs isothermes CARGO<\/strong>, assurant un <strong data-start=\"1435\" data-end=\"1464\">transport s\u00fbr et efficace<\/strong>.<\/p>\r\n\r\n<ul data-start=\"1510\" data-end=\"2011\">\r\n \t<li data-start=\"1510\" data-end=\"1702\"><strong data-start=\"1512\" data-end=\"1554\">Optimisation de l\u2019efficacit\u00e9 thermique<\/strong> : Emp\u00eache le d\u00e9placement des plaques eutectiques pendant le transport, maintenant des <strong data-start=\"1641\" data-end=\"1681\">conditions de conservation optimales<\/strong> pour les produits.<\/li>\r\n \t<li data-start=\"1703\" data-end=\"1817\"><strong data-start=\"1705\" data-end=\"1727\">Mat\u00e9riau r\u00e9sistant<\/strong> : <strong data-start=\"1730\" data-end=\"1750\">Acier inoxydable<\/strong>, garantissant une longue dur\u00e9e de vie et une fiabilit\u00e9 maximale.<\/li>\r\n \t<li data-start=\"1818\" data-end=\"1905\"><strong data-start=\"1820\" data-end=\"1843\">Installation facile<\/strong> : Design intuitif permettant un montage rapide et s\u00e9curis\u00e9.<\/li>\r\n \t<li data-start=\"1906\" data-end=\"2011\"><strong data-start=\"1908\" data-end=\"1937\">Compatibilit\u00e9 universelle<\/strong> : Con\u00e7u pour \u00eatre utilis\u00e9 avec <strong data-start=\"1969\" data-end=\"2008\">plusieurs mod\u00e8les de la gamme CARGO<\/strong>.<\/li>\r\n<\/ul>\r\n<strong>Compatibilit\u00e9 du produit:<\/strong>\r\n<ul>\r\n \t<li><strong>CARGO:<\/strong> CARGO 495 \/ CARGO 500 \/ CARGO 600 \/ CARGO 780 \/ CARGO 900 \/ CARGO 1000 \/ CARGO 1300 \/ CARGO 1300TW.<\/li>\r\n<\/ul>\r\n<strong>EMBALLAGE UNIT\u00c9<\/strong>: 5.","protected":false},"excerpt":{"rendered":"Le Kit de Verrouillage des Plaques Eutectiques est con\u00e7u pour garantir le positionnement correct et la stabilit\u00e9 des plaques eutectiques \u00e0 l\u2019int\u00e9rieur des conteneurs isothermes CARGO, assurant un transport s\u00fbr et efficace. Optimisation de l\u2019efficacit\u00e9 thermique : Emp\u00eache le d\u00e9placement des plaques eutectiques pendant le transport, maintenant des conditions de conservation optimales pour les produits. [&hellip;]","protected":false},"featured_media":17563,"template":"","meta":{"_acf_changed":false,"_themeisle_gutenberg_block_has_review":false},"product_brand":[],"product_cat":[241],"product_tag":[],"class_list":{"0":"post-17565","1":"product","2":"type-product","3":"status-publish","4":"has-post-thumbnail","6":"product_cat-accessoires","8":"first","9":"instock","10":"shipping-taxable","11":"product-type-simple"},"acf":[],"yoast_head":"<!-- This site is optimized with the Yoast SEO plugin v26.4 - https:\/\/yoast.com\/wordpress\/plugins\/seo\/ -->\n<title>KIT DE VERROUILLAGE PLAQUES EUTECTIQUES - MELFORM<\/title>\n<meta name=\"robots\" content=\"index, follow, max-snippet:-1, max-image-preview:large, max-video-preview:-1\" \/>\n<link rel=\"canonical\" href=\"https:\/\/www.melform.com\/fr\/conteneurs-\/catalogue-de-produits\/accessoires\/kit-darret-de-securite-plaques-eutectiques\/\" \/>\n<meta property=\"og:locale\" content=\"fr_FR\" \/>\n<meta property=\"og:type\" content=\"article\" \/>\n<meta property=\"og:title\" content=\"KIT DE VERROUILLAGE PLAQUES EUTECTIQUES - MELFORM\" \/>\n<meta property=\"og:description\" content=\"Le Kit de Verrouillage des Plaques Eutectiques est con\u00e7u pour garantir le positionnement correct et la stabilit\u00e9 des plaques eutectiques \u00e0 l\u2019int\u00e9rieur des conteneurs isothermes CARGO, assurant un transport s\u00fbr et efficace. Optimisation de l\u2019efficacit\u00e9 thermique : Emp\u00eache le d\u00e9placement des plaques eutectiques pendant le transport, maintenant des conditions de conservation optimales pour les produits. [&hellip;]\" \/>\n<meta property=\"og:url\" content=\"https:\/\/www.melform.com\/fr\/conteneurs-\/catalogue-de-produits\/accessoires\/kit-darret-de-securite-plaques-eutectiques\/\" \/>\n<meta property=\"og:site_name\" content=\"MELFORM\" \/>\n<meta property=\"article:modified_time\" content=\"2025-02-19T16:35:27+00:00\" \/>\n<meta property=\"og:image\" content=\"https:\/\/www.melform.com\/wp-content\/uploads\/2025\/01\/RRI180.jpg\" \/>\n\t<meta property=\"og:image:width\" content=\"2000\" \/>\n\t<meta property=\"og:image:height\" content=\"1333\" \/>\n\t<meta property=\"og:image:type\" content=\"image\/jpeg\" \/>\n<meta name=\"twitter:card\" content=\"summary_large_image\" \/>\n<script type=\"application\/ld+json\" class=\"yoast-schema-graph\">{\"@context\":\"https:\/\/schema.org\",\"@graph\":[{\"@type\":\"WebPage\",\"@id\":\"https:\/\/www.melform.com\/fr\/conteneurs-\/catalogue-de-produits\/accessoires\/kit-darret-de-securite-plaques-eutectiques\/\",\"url\":\"https:\/\/www.melform.com\/fr\/conteneurs-\/catalogue-de-produits\/accessoires\/kit-darret-de-securite-plaques-eutectiques\/\",\"name\":\"KIT DE VERROUILLAGE PLAQUES EUTECTIQUES - MELFORM\",\"isPartOf\":{\"@id\":\"https:\/\/www.melform.com\/fr\/#website\"},\"primaryImageOfPage\":{\"@id\":\"https:\/\/www.melform.com\/fr\/conteneurs-\/catalogue-de-produits\/accessoires\/kit-darret-de-securite-plaques-eutectiques\/#primaryimage\"},\"image\":{\"@id\":\"https:\/\/www.melform.com\/fr\/conteneurs-\/catalogue-de-produits\/accessoires\/kit-darret-de-securite-plaques-eutectiques\/#primaryimage\"},\"thumbnailUrl\":\"https:\/\/www.melform.com\/wp-content\/uploads\/2025\/01\/RRI180.jpg\",\"datePublished\":\"2025-01-26T11:27:44+00:00\",\"dateModified\":\"2025-02-19T16:35:27+00:00\",\"breadcrumb\":{\"@id\":\"https:\/\/www.melform.com\/fr\/conteneurs-\/catalogue-de-produits\/accessoires\/kit-darret-de-securite-plaques-eutectiques\/#breadcrumb\"},\"inLanguage\":\"fr-FR\",\"potentialAction\":[{\"@type\":\"ReadAction\",\"target\":[\"https:\/\/www.melform.com\/fr\/conteneurs-\/catalogue-de-produits\/accessoires\/kit-darret-de-securite-plaques-eutectiques\/\"]}]},{\"@type\":\"ImageObject\",\"inLanguage\":\"fr-FR\",\"@id\":\"https:\/\/www.melform.com\/fr\/conteneurs-\/catalogue-de-produits\/accessoires\/kit-darret-de-securite-plaques-eutectiques\/#primaryimage\",\"url\":\"https:\/\/www.melform.com\/wp-content\/uploads\/2025\/01\/RRI180.jpg\",\"contentUrl\":\"https:\/\/www.melform.com\/wp-content\/uploads\/2025\/01\/RRI180.jpg\",\"width\":2000,\"height\":1333},{\"@type\":\"BreadcrumbList\",\"@id\":\"https:\/\/www.melform.com\/fr\/conteneurs-\/catalogue-de-produits\/accessoires\/kit-darret-de-securite-plaques-eutectiques\/#breadcrumb\",\"itemListElement\":[{\"@type\":\"ListItem\",\"position\":1,\"name\":\"Home\",\"item\":\"https:\/\/www.melform.com\/fr\/\"},{\"@type\":\"ListItem\",\"position\":2,\"name\":\"Shop\",\"item\":\"https:\/\/www.melform.com\/fr\/shop\/\"},{\"@type\":\"ListItem\",\"position\":3,\"name\":\"KIT DE VERROUILLAGE PLAQUES EUTECTIQUES\"}]},{\"@type\":\"WebSite\",\"@id\":\"https:\/\/www.melform.com\/fr\/#website\",\"url\":\"https:\/\/www.melform.com\/fr\/\",\"name\":\"MELFORM\",\"description\":\"SISTEMI PER IL TRASPORTO E STOCCAGGIO A TEMPERATURA CONTROLLATA\",\"potentialAction\":[{\"@type\":\"SearchAction\",\"target\":{\"@type\":\"EntryPoint\",\"urlTemplate\":\"https:\/\/www.melform.com\/fr\/?s={search_term_string}\"},\"query-input\":{\"@type\":\"PropertyValueSpecification\",\"valueRequired\":true,\"valueName\":\"search_term_string\"}}],\"inLanguage\":\"fr-FR\"}]}<\/script>\n<!-- \/ Yoast SEO plugin. -->","yoast_head_json":{"title":"KIT DE VERROUILLAGE PLAQUES EUTECTIQUES - MELFORM","robots":{"index":"index","follow":"follow","max-snippet":"max-snippet:-1","max-image-preview":"max-image-preview:large","max-video-preview":"max-video-preview:-1"},"canonical":"https:\/\/www.melform.com\/fr\/conteneurs-\/catalogue-de-produits\/accessoires\/kit-darret-de-securite-plaques-eutectiques\/","og_locale":"fr_FR","og_type":"article","og_title":"KIT DE VERROUILLAGE PLAQUES EUTECTIQUES - MELFORM","og_description":"Le Kit de Verrouillage des Plaques Eutectiques est con\u00e7u pour garantir le positionnement correct et la stabilit\u00e9 des plaques eutectiques \u00e0 l\u2019int\u00e9rieur des conteneurs isothermes CARGO, assurant un transport s\u00fbr et efficace. Optimisation de l\u2019efficacit\u00e9 thermique : Emp\u00eache le d\u00e9placement des plaques eutectiques pendant le transport, maintenant des conditions de conservation optimales pour les produits. [&hellip;]","og_url":"https:\/\/www.melform.com\/fr\/conteneurs-\/catalogue-de-produits\/accessoires\/kit-darret-de-securite-plaques-eutectiques\/","og_site_name":"MELFORM","article_modified_time":"2025-02-19T16:35:27+00:00","og_image":[{"width":2000,"height":1333,"url":"https:\/\/www.melform.com\/wp-content\/uploads\/2025\/01\/RRI180.jpg","type":"image\/jpeg"}],"twitter_card":"summary_large_image","schema":{"@context":"https:\/\/schema.org","@graph":[{"@type":"WebPage","@id":"https:\/\/www.melform.com\/fr\/conteneurs-\/catalogue-de-produits\/accessoires\/kit-darret-de-securite-plaques-eutectiques\/","url":"https:\/\/www.melform.com\/fr\/conteneurs-\/catalogue-de-produits\/accessoires\/kit-darret-de-securite-plaques-eutectiques\/","name":"KIT DE VERROUILLAGE PLAQUES EUTECTIQUES - MELFORM","isPartOf":{"@id":"https:\/\/www.melform.com\/fr\/#website"},"primaryImageOfPage":{"@id":"https:\/\/www.melform.com\/fr\/conteneurs-\/catalogue-de-produits\/accessoires\/kit-darret-de-securite-plaques-eutectiques\/#primaryimage"},"image":{"@id":"https:\/\/www.melform.com\/fr\/conteneurs-\/catalogue-de-produits\/accessoires\/kit-darret-de-securite-plaques-eutectiques\/#primaryimage"},"thumbnailUrl":"https:\/\/www.melform.com\/wp-content\/uploads\/2025\/01\/RRI180.jpg","datePublished":"2025-01-26T11:27:44+00:00","dateModified":"2025-02-19T16:35:27+00:00","breadcrumb":{"@id":"https:\/\/www.melform.com\/fr\/conteneurs-\/catalogue-de-produits\/accessoires\/kit-darret-de-securite-plaques-eutectiques\/#breadcrumb"},"inLanguage":"fr-FR","potentialAction":[{"@type":"ReadAction","target":["https:\/\/www.melform.com\/fr\/conteneurs-\/catalogue-de-produits\/accessoires\/kit-darret-de-securite-plaques-eutectiques\/"]}]},{"@type":"ImageObject","inLanguage":"fr-FR","@id":"https:\/\/www.melform.com\/fr\/conteneurs-\/catalogue-de-produits\/accessoires\/kit-darret-de-securite-plaques-eutectiques\/#primaryimage","url":"https:\/\/www.melform.com\/wp-content\/uploads\/2025\/01\/RRI180.jpg","contentUrl":"https:\/\/www.melform.com\/wp-content\/uploads\/2025\/01\/RRI180.jpg","width":2000,"height":1333},{"@type":"BreadcrumbList","@id":"https:\/\/www.melform.com\/fr\/conteneurs-\/catalogue-de-produits\/accessoires\/kit-darret-de-securite-plaques-eutectiques\/#breadcrumb","itemListElement":[{"@type":"ListItem","position":1,"name":"Home","item":"https:\/\/www.melform.com\/fr\/"},{"@type":"ListItem","position":2,"name":"Shop","item":"https:\/\/www.melform.com\/fr\/shop\/"},{"@type":"ListItem","position":3,"name":"KIT DE VERROUILLAGE PLAQUES EUTECTIQUES"}]},{"@type":"WebSite","@id":"https:\/\/www.melform.com\/fr\/#website","url":"https:\/\/www.melform.com\/fr\/","name":"MELFORM","description":"SISTEMI PER IL TRASPORTO E STOCCAGGIO A TEMPERATURA CONTROLLATA","potentialAction":[{"@type":"SearchAction","target":{"@type":"EntryPoint","urlTemplate":"https:\/\/www.melform.com\/fr\/?s={search_term_string}"},"query-input":{"@type":"PropertyValueSpecification","valueRequired":true,"valueName":"search_term_string"}}],"inLanguage":"fr-FR"}]}},"_links":{"self":[{"href":"https:\/\/www.melform.com\/fr\/wp-json\/wp\/v2\/product\/17565","targetHints":{"allow":["GET"]}}],"collection":[{"href":"https:\/\/www.melform.com\/fr\/wp-json\/wp\/v2\/product"}],"about":[{"href":"https:\/\/www.melform.com\/fr\/wp-json\/wp\/v2\/types\/product"}],"wp:featuredmedia":[{"embeddable":true,"href":"https:\/\/www.melform.com\/fr\/wp-json\/wp\/v2\/media\/17563"}],"wp:attachment":[{"href":"https:\/\/www.melform.com\/fr\/wp-json\/wp\/v2\/media?parent=17565"}],"wp:term":[{"taxonomy":"product_brand","embeddable":true,"href":"https:\/\/www.melform.com\/fr\/wp-json\/wp\/v2\/product_brand?post=17565"},{"taxonomy":"product_cat","embeddable":true,"href":"https:\/\/www.melform.com\/fr\/wp-json\/wp\/v2\/product_cat?post=17565"},{"taxonomy":"product_tag","embeddable":true,"href":"https:\/\/www.melform.com\/fr\/wp-json\/wp\/v2\/product_tag?post=17565"}],"curies":[{"name":"wp","href":"https:\/\/api.w.org\/{rel}","templated":true}]}}