{"id":17573,"date":"2025-01-26T13:48:58","date_gmt":"2025-01-26T11:48:58","guid":{"rendered":"https:\/\/www.melform.com\/?post_type=product&#038;p=17573"},"modified":"2025-01-26T13:49:31","modified_gmt":"2025-01-26T11:49:31","slug":"kit-de-fixation-du-conteneur-de-sol-2","status":"publish","type":"product","link":"https:\/\/www.melform.com\/fr\/conteneurs-\/catalogue-de-produits\/accessoires\/kit-de-fixation-du-conteneur-de-sol-2\/","title":{"rendered":"KIT DE FIXATION DU CONTENEUR DE SOL"},"content":{"rendered":"Le Kit de Fixation de Conteneur au Sol est con\u00e7u pour assurer une stabilit\u00e9 maximale et pr\u00e9venir le basculement ou le d\u00e9placement des conteneurs r\u00e9frig\u00e9r\u00e9s pendant l\u2019utilisation. Ce kit est particuli\u00e8rement adapt\u00e9 aux applications en environnements dynamiques, assurant un maintien s\u00fbr et minimisant les risques de dommages au contenu ou \u00e0 l\u2019\u00e9quipement. Il est con\u00e7u pour une installation facile et est compatible avec une large gamme de produits KOALA Melform.\r\n\r\n<strong>Caract\u00e9ristiques techniques:<\/strong>\r\n<ul>\r\n \t<li><strong>Mat\u00e9riau: <\/strong>galvanis\u00e9.<\/li>\r\n<\/ul>\r\n<strong>Compatibilit\u00e9 du produit:<\/strong>\r\n<ul>\r\n \t<li><strong>KOALA: <\/strong>KOALA 20 \/ KOALA 32 \/ KOALA 50\/ KOALA 80 \/ KOALA 160.<\/li>\r\n<\/ul>\r\n<strong>Unit\u00e9(s) par emballage<\/strong> : 2","protected":false},"excerpt":{"rendered":"Le Kit de Fixation de Conteneur au Sol est con\u00e7u pour assurer une stabilit\u00e9 maximale et pr\u00e9venir le basculement ou le d\u00e9placement des conteneurs r\u00e9frig\u00e9r\u00e9s pendant l\u2019utilisation. Ce kit est particuli\u00e8rement adapt\u00e9 aux applications en environnements dynamiques, assurant un maintien s\u00fbr et minimisant les risques de dommages au contenu ou \u00e0 l\u2019\u00e9quipement. Il est con\u00e7u [&hellip;]","protected":false},"featured_media":17571,"template":"","meta":{"_acf_changed":false,"_themeisle_gutenberg_block_has_review":false},"product_brand":[],"product_cat":[241],"product_tag":[],"class_list":{"0":"post-17573","1":"product","2":"type-product","3":"status-publish","4":"has-post-thumbnail","6":"product_cat-accessoires","8":"first","9":"instock","10":"shipping-taxable","11":"product-type-simple"},"acf":[],"yoast_head":"<!-- This site is optimized with the Yoast SEO plugin v26.4 - https:\/\/yoast.com\/wordpress\/plugins\/seo\/ -->\n<title>KIT DE FIXATION DU CONTENEUR DE SOL - MELFORM<\/title>\n<meta name=\"robots\" content=\"index, follow, max-snippet:-1, max-image-preview:large, max-video-preview:-1\" \/>\n<link rel=\"canonical\" href=\"https:\/\/www.melform.com\/fr\/conteneurs-\/catalogue-de-produits\/accessoires\/kit-de-fixation-du-conteneur-de-sol-2\/\" \/>\n<meta property=\"og:locale\" content=\"fr_FR\" \/>\n<meta property=\"og:type\" content=\"article\" \/>\n<meta property=\"og:title\" content=\"KIT DE FIXATION DU CONTENEUR DE SOL - MELFORM\" \/>\n<meta property=\"og:description\" content=\"Le Kit de Fixation de Conteneur au Sol est con\u00e7u pour assurer une stabilit\u00e9 maximale et pr\u00e9venir le basculement ou le d\u00e9placement des conteneurs r\u00e9frig\u00e9r\u00e9s pendant l\u2019utilisation. Ce kit est particuli\u00e8rement adapt\u00e9 aux applications en environnements dynamiques, assurant un maintien s\u00fbr et minimisant les risques de dommages au contenu ou \u00e0 l\u2019\u00e9quipement. Il est con\u00e7u [&hellip;]\" \/>\n<meta property=\"og:url\" content=\"https:\/\/www.melform.com\/fr\/conteneurs-\/catalogue-de-produits\/accessoires\/kit-de-fixation-du-conteneur-de-sol-2\/\" \/>\n<meta property=\"og:site_name\" content=\"MELFORM\" \/>\n<meta property=\"article:modified_time\" content=\"2025-01-26T11:49:31+00:00\" \/>\n<meta property=\"og:image\" content=\"https:\/\/www.melform.com\/wp-content\/uploads\/2025\/01\/RRI214.jpg\" \/>\n\t<meta property=\"og:image:width\" content=\"2000\" \/>\n\t<meta property=\"og:image:height\" content=\"1333\" \/>\n\t<meta property=\"og:image:type\" content=\"image\/jpeg\" \/>\n<meta name=\"twitter:card\" content=\"summary_large_image\" \/>\n<script type=\"application\/ld+json\" class=\"yoast-schema-graph\">{\"@context\":\"https:\/\/schema.org\",\"@graph\":[{\"@type\":\"WebPage\",\"@id\":\"https:\/\/www.melform.com\/fr\/conteneurs-\/catalogue-de-produits\/accessoires\/kit-de-fixation-du-conteneur-de-sol-2\/\",\"url\":\"https:\/\/www.melform.com\/fr\/conteneurs-\/catalogue-de-produits\/accessoires\/kit-de-fixation-du-conteneur-de-sol-2\/\",\"name\":\"KIT DE FIXATION DU CONTENEUR DE SOL - MELFORM\",\"isPartOf\":{\"@id\":\"https:\/\/www.melform.com\/fr\/#website\"},\"primaryImageOfPage\":{\"@id\":\"https:\/\/www.melform.com\/fr\/conteneurs-\/catalogue-de-produits\/accessoires\/kit-de-fixation-du-conteneur-de-sol-2\/#primaryimage\"},\"image\":{\"@id\":\"https:\/\/www.melform.com\/fr\/conteneurs-\/catalogue-de-produits\/accessoires\/kit-de-fixation-du-conteneur-de-sol-2\/#primaryimage\"},\"thumbnailUrl\":\"https:\/\/www.melform.com\/wp-content\/uploads\/2025\/01\/RRI214.jpg\",\"datePublished\":\"2025-01-26T11:48:58+00:00\",\"dateModified\":\"2025-01-26T11:49:31+00:00\",\"breadcrumb\":{\"@id\":\"https:\/\/www.melform.com\/fr\/conteneurs-\/catalogue-de-produits\/accessoires\/kit-de-fixation-du-conteneur-de-sol-2\/#breadcrumb\"},\"inLanguage\":\"fr-FR\",\"potentialAction\":[{\"@type\":\"ReadAction\",\"target\":[\"https:\/\/www.melform.com\/fr\/conteneurs-\/catalogue-de-produits\/accessoires\/kit-de-fixation-du-conteneur-de-sol-2\/\"]}]},{\"@type\":\"ImageObject\",\"inLanguage\":\"fr-FR\",\"@id\":\"https:\/\/www.melform.com\/fr\/conteneurs-\/catalogue-de-produits\/accessoires\/kit-de-fixation-du-conteneur-de-sol-2\/#primaryimage\",\"url\":\"https:\/\/www.melform.com\/wp-content\/uploads\/2025\/01\/RRI214.jpg\",\"contentUrl\":\"https:\/\/www.melform.com\/wp-content\/uploads\/2025\/01\/RRI214.jpg\",\"width\":2000,\"height\":1333},{\"@type\":\"BreadcrumbList\",\"@id\":\"https:\/\/www.melform.com\/fr\/conteneurs-\/catalogue-de-produits\/accessoires\/kit-de-fixation-du-conteneur-de-sol-2\/#breadcrumb\",\"itemListElement\":[{\"@type\":\"ListItem\",\"position\":1,\"name\":\"Home\",\"item\":\"https:\/\/www.melform.com\/fr\/\"},{\"@type\":\"ListItem\",\"position\":2,\"name\":\"Shop\",\"item\":\"https:\/\/www.melform.com\/fr\/shop\/\"},{\"@type\":\"ListItem\",\"position\":3,\"name\":\"KIT DE FIXATION DU CONTENEUR DE SOL\"}]},{\"@type\":\"WebSite\",\"@id\":\"https:\/\/www.melform.com\/fr\/#website\",\"url\":\"https:\/\/www.melform.com\/fr\/\",\"name\":\"MELFORM\",\"description\":\"SISTEMI PER IL TRASPORTO E STOCCAGGIO A TEMPERATURA CONTROLLATA\",\"potentialAction\":[{\"@type\":\"SearchAction\",\"target\":{\"@type\":\"EntryPoint\",\"urlTemplate\":\"https:\/\/www.melform.com\/fr\/?s={search_term_string}\"},\"query-input\":{\"@type\":\"PropertyValueSpecification\",\"valueRequired\":true,\"valueName\":\"search_term_string\"}}],\"inLanguage\":\"fr-FR\"}]}<\/script>\n<!-- \/ Yoast SEO plugin. -->","yoast_head_json":{"title":"KIT DE FIXATION DU CONTENEUR DE SOL - MELFORM","robots":{"index":"index","follow":"follow","max-snippet":"max-snippet:-1","max-image-preview":"max-image-preview:large","max-video-preview":"max-video-preview:-1"},"canonical":"https:\/\/www.melform.com\/fr\/conteneurs-\/catalogue-de-produits\/accessoires\/kit-de-fixation-du-conteneur-de-sol-2\/","og_locale":"fr_FR","og_type":"article","og_title":"KIT DE FIXATION DU CONTENEUR DE SOL - MELFORM","og_description":"Le Kit de Fixation de Conteneur au Sol est con\u00e7u pour assurer une stabilit\u00e9 maximale et pr\u00e9venir le basculement ou le d\u00e9placement des conteneurs r\u00e9frig\u00e9r\u00e9s pendant l\u2019utilisation. Ce kit est particuli\u00e8rement adapt\u00e9 aux applications en environnements dynamiques, assurant un maintien s\u00fbr et minimisant les risques de dommages au contenu ou \u00e0 l\u2019\u00e9quipement. Il est con\u00e7u [&hellip;]","og_url":"https:\/\/www.melform.com\/fr\/conteneurs-\/catalogue-de-produits\/accessoires\/kit-de-fixation-du-conteneur-de-sol-2\/","og_site_name":"MELFORM","article_modified_time":"2025-01-26T11:49:31+00:00","og_image":[{"width":2000,"height":1333,"url":"https:\/\/www.melform.com\/wp-content\/uploads\/2025\/01\/RRI214.jpg","type":"image\/jpeg"}],"twitter_card":"summary_large_image","schema":{"@context":"https:\/\/schema.org","@graph":[{"@type":"WebPage","@id":"https:\/\/www.melform.com\/fr\/conteneurs-\/catalogue-de-produits\/accessoires\/kit-de-fixation-du-conteneur-de-sol-2\/","url":"https:\/\/www.melform.com\/fr\/conteneurs-\/catalogue-de-produits\/accessoires\/kit-de-fixation-du-conteneur-de-sol-2\/","name":"KIT DE FIXATION DU CONTENEUR DE SOL - MELFORM","isPartOf":{"@id":"https:\/\/www.melform.com\/fr\/#website"},"primaryImageOfPage":{"@id":"https:\/\/www.melform.com\/fr\/conteneurs-\/catalogue-de-produits\/accessoires\/kit-de-fixation-du-conteneur-de-sol-2\/#primaryimage"},"image":{"@id":"https:\/\/www.melform.com\/fr\/conteneurs-\/catalogue-de-produits\/accessoires\/kit-de-fixation-du-conteneur-de-sol-2\/#primaryimage"},"thumbnailUrl":"https:\/\/www.melform.com\/wp-content\/uploads\/2025\/01\/RRI214.jpg","datePublished":"2025-01-26T11:48:58+00:00","dateModified":"2025-01-26T11:49:31+00:00","breadcrumb":{"@id":"https:\/\/www.melform.com\/fr\/conteneurs-\/catalogue-de-produits\/accessoires\/kit-de-fixation-du-conteneur-de-sol-2\/#breadcrumb"},"inLanguage":"fr-FR","potentialAction":[{"@type":"ReadAction","target":["https:\/\/www.melform.com\/fr\/conteneurs-\/catalogue-de-produits\/accessoires\/kit-de-fixation-du-conteneur-de-sol-2\/"]}]},{"@type":"ImageObject","inLanguage":"fr-FR","@id":"https:\/\/www.melform.com\/fr\/conteneurs-\/catalogue-de-produits\/accessoires\/kit-de-fixation-du-conteneur-de-sol-2\/#primaryimage","url":"https:\/\/www.melform.com\/wp-content\/uploads\/2025\/01\/RRI214.jpg","contentUrl":"https:\/\/www.melform.com\/wp-content\/uploads\/2025\/01\/RRI214.jpg","width":2000,"height":1333},{"@type":"BreadcrumbList","@id":"https:\/\/www.melform.com\/fr\/conteneurs-\/catalogue-de-produits\/accessoires\/kit-de-fixation-du-conteneur-de-sol-2\/#breadcrumb","itemListElement":[{"@type":"ListItem","position":1,"name":"Home","item":"https:\/\/www.melform.com\/fr\/"},{"@type":"ListItem","position":2,"name":"Shop","item":"https:\/\/www.melform.com\/fr\/shop\/"},{"@type":"ListItem","position":3,"name":"KIT DE FIXATION DU CONTENEUR DE SOL"}]},{"@type":"WebSite","@id":"https:\/\/www.melform.com\/fr\/#website","url":"https:\/\/www.melform.com\/fr\/","name":"MELFORM","description":"SISTEMI PER IL TRASPORTO E STOCCAGGIO A TEMPERATURA CONTROLLATA","potentialAction":[{"@type":"SearchAction","target":{"@type":"EntryPoint","urlTemplate":"https:\/\/www.melform.com\/fr\/?s={search_term_string}"},"query-input":{"@type":"PropertyValueSpecification","valueRequired":true,"valueName":"search_term_string"}}],"inLanguage":"fr-FR"}]}},"_links":{"self":[{"href":"https:\/\/www.melform.com\/fr\/wp-json\/wp\/v2\/product\/17573","targetHints":{"allow":["GET"]}}],"collection":[{"href":"https:\/\/www.melform.com\/fr\/wp-json\/wp\/v2\/product"}],"about":[{"href":"https:\/\/www.melform.com\/fr\/wp-json\/wp\/v2\/types\/product"}],"wp:featuredmedia":[{"embeddable":true,"href":"https:\/\/www.melform.com\/fr\/wp-json\/wp\/v2\/media\/17571"}],"wp:attachment":[{"href":"https:\/\/www.melform.com\/fr\/wp-json\/wp\/v2\/media?parent=17573"}],"wp:term":[{"taxonomy":"product_brand","embeddable":true,"href":"https:\/\/www.melform.com\/fr\/wp-json\/wp\/v2\/product_brand?post=17573"},{"taxonomy":"product_cat","embeddable":true,"href":"https:\/\/www.melform.com\/fr\/wp-json\/wp\/v2\/product_cat?post=17573"},{"taxonomy":"product_tag","embeddable":true,"href":"https:\/\/www.melform.com\/fr\/wp-json\/wp\/v2\/product_tag?post=17573"}],"curies":[{"name":"wp","href":"https:\/\/api.w.org\/{rel}","templated":true}]}}