{"id":17930,"date":"2024-02-28T17:39:42","date_gmt":"2024-02-28T15:39:42","guid":{"rendered":"https:\/\/www.melform.com\/contenitori-isotermici-e-refrigerati\/non%20class\u00e9\/conteneur-refrigere-a-alimentation-autonome-koala-green-500\/"},"modified":"2025-03-27T14:20:13","modified_gmt":"2025-03-27T12:20:13","slug":"conteneur-refrigere-a-alimentation-autonome-koala-green-500","status":"publish","type":"product","link":"https:\/\/www.melform.com\/fr\/conteneurs-\/catalogue-de-produits\/conteneurs-refrigeres\/conteneur-refrigere-a-alimentation-autonome-koala-green-500\/","title":{"rendered":"Conteneur r\u00e9frig\u00e9r\u00e9 \u00e0 alimentation autonome \u2013 KOALA GREEN 500"},"content":{"rendered":"Conteneur isotherme r\u00e9frig\u00e9r\u00e9 \u00e0 alimentation autonome, id\u00e9al pour le transport de produits \u00e0 temp\u00e9rature contr\u00f4l\u00e9e.\r\n<ul>\r\n \t<li><strong>Capacit\u00e9:<\/strong> 500 litres, avec ouverture frontale pour un acc\u00e8s pratique.<\/li>\r\n \t<li><strong>Alimentation autonome:<\/strong> \u00e9quip\u00e9 d\u2019une batterie int\u00e9gr\u00e9e qui assure une autonomie de fonctionnement. La batterie peut \u00eatre facilement recharg\u00e9e en connectant le conteneur au r\u00e9seau \u00e9lectrique standard 230 Vac ou en la retirant du groupe frigorifique pour la recharger \u00e0 l\u2019aide d\u2019un chargeur externe d\u00e9di\u00e9.<\/li>\r\n \t<li><strong>Mat\u00e9riaux de construction:<\/strong> fabriqu\u00e9 en poly\u00e9thyl\u00e8ne et isol\u00e9 avec de la mousse de polyur\u00e9thane sans CFC ni HCFC, pour assurer une conservation thermique efficace.<\/li>\r\n \t<li><strong>Performance: <\/strong>maintient la temp\u00e9rature interne, pr\u00e9servant les propri\u00e9t\u00e9s organoleptiques des aliments et r\u00e9duisant le risque de prolif\u00e9ration bact\u00e9rienne.<\/li>\r\n<\/ul>\r\n&nbsp;","protected":false},"excerpt":{"rendered":"Conteneur isotherme r\u00e9frig\u00e9r\u00e9 \u00e0 alimentation autonome, id\u00e9al pour le transport de produits \u00e0 temp\u00e9rature contr\u00f4l\u00e9e. Capacit\u00e9: 500 litres, avec ouverture frontale pour un acc\u00e8s pratique. Alimentation autonome: \u00e9quip\u00e9 d\u2019une batterie int\u00e9gr\u00e9e qui assure une autonomie de fonctionnement. La batterie peut \u00eatre facilement recharg\u00e9e en connectant le conteneur au r\u00e9seau \u00e9lectrique standard 230 Vac ou en [&hellip;]","protected":false},"featured_media":13218,"template":"","meta":{"_acf_changed":false,"_themeisle_gutenberg_block_has_review":false},"product_brand":[],"product_cat":[912,236,656],"product_tag":[],"class_list":{"0":"post-17930","1":"product","2":"type-product","3":"status-publish","4":"has-post-thumbnail","6":"product_cat-catalogue-de-produits","7":"product_cat-conteneurs-refrigeres","8":"product_cat-conteneurs-isothermes-refrigeres-autonomes-koala-green","9":"pa_basamento-basic-fr","10":"pa_basamento-palette","11":"pa_basamento-pieds","12":"pa_basamento-roues","13":"pa_linea-koala-green-fr","14":"pa_range-di-temperatura-0c-10-fr","15":"pa_range-di-temperatura-0c-40-fr","17":"first","18":"instock","19":"product-type-variable","20":"has-default-attributes","21":"wvs-archive-product-wrapper"},"acf":[],"yoast_head":"<!-- This site is optimized with the Yoast SEO plugin v26.4 - https:\/\/yoast.com\/wordpress\/plugins\/seo\/ -->\n<title>Conteneur r\u00e9frig\u00e9r\u00e9 \u00e0 alimentation autonome \u2013 KOALA GREEN 500 - MELFORM<\/title>\n<meta name=\"robots\" content=\"index, follow, max-snippet:-1, max-image-preview:large, max-video-preview:-1\" \/>\n<link rel=\"canonical\" href=\"https:\/\/www.melform.com\/fr\/conteneurs-\/catalogue-de-produits\/conteneurs-refrigeres\/conteneur-refrigere-a-alimentation-autonome-koala-green-500\/\" \/>\n<meta property=\"og:locale\" content=\"fr_FR\" \/>\n<meta property=\"og:type\" content=\"article\" \/>\n<meta property=\"og:title\" content=\"Conteneur r\u00e9frig\u00e9r\u00e9 \u00e0 alimentation autonome \u2013 KOALA GREEN 500 - MELFORM\" \/>\n<meta property=\"og:description\" content=\"Conteneur isotherme r\u00e9frig\u00e9r\u00e9 \u00e0 alimentation autonome, id\u00e9al pour le transport de produits \u00e0 temp\u00e9rature contr\u00f4l\u00e9e. Capacit\u00e9: 500 litres, avec ouverture frontale pour un acc\u00e8s pratique. Alimentation autonome: \u00e9quip\u00e9 d\u2019une batterie int\u00e9gr\u00e9e qui assure une autonomie de fonctionnement. La batterie peut \u00eatre facilement recharg\u00e9e en connectant le conteneur au r\u00e9seau \u00e9lectrique standard 230 Vac ou en [&hellip;]\" \/>\n<meta property=\"og:url\" content=\"https:\/\/www.melform.com\/fr\/conteneurs-\/catalogue-de-produits\/conteneurs-refrigeres\/conteneur-refrigere-a-alimentation-autonome-koala-green-500\/\" \/>\n<meta property=\"og:site_name\" content=\"MELFORM\" \/>\n<meta property=\"article:modified_time\" content=\"2025-03-27T12:20:13+00:00\" \/>\n<meta property=\"og:image\" content=\"https:\/\/www.melform.com\/wp-content\/uploads\/2024\/02\/Koala-500-green-1.jpg\" \/>\n\t<meta property=\"og:image:width\" content=\"500\" \/>\n\t<meta property=\"og:image:height\" content=\"400\" \/>\n\t<meta property=\"og:image:type\" content=\"image\/jpeg\" \/>\n<meta name=\"twitter:card\" content=\"summary_large_image\" \/>\n<script type=\"application\/ld+json\" class=\"yoast-schema-graph\">{\"@context\":\"https:\/\/schema.org\",\"@graph\":[{\"@type\":\"WebPage\",\"@id\":\"https:\/\/www.melform.com\/fr\/conteneurs-\/catalogue-de-produits\/conteneurs-refrigeres\/conteneur-refrigere-a-alimentation-autonome-koala-green-500\/\",\"url\":\"https:\/\/www.melform.com\/fr\/conteneurs-\/catalogue-de-produits\/conteneurs-refrigeres\/conteneur-refrigere-a-alimentation-autonome-koala-green-500\/\",\"name\":\"Conteneur r\u00e9frig\u00e9r\u00e9 \u00e0 alimentation autonome \u2013 KOALA GREEN 500 - MELFORM\",\"isPartOf\":{\"@id\":\"https:\/\/www.melform.com\/fr\/#website\"},\"primaryImageOfPage\":{\"@id\":\"https:\/\/www.melform.com\/fr\/conteneurs-\/catalogue-de-produits\/conteneurs-refrigeres\/conteneur-refrigere-a-alimentation-autonome-koala-green-500\/#primaryimage\"},\"image\":{\"@id\":\"https:\/\/www.melform.com\/fr\/conteneurs-\/catalogue-de-produits\/conteneurs-refrigeres\/conteneur-refrigere-a-alimentation-autonome-koala-green-500\/#primaryimage\"},\"thumbnailUrl\":\"https:\/\/www.melform.com\/wp-content\/uploads\/2024\/02\/Koala-500-green-1.jpg\",\"datePublished\":\"2024-02-28T15:39:42+00:00\",\"dateModified\":\"2025-03-27T12:20:13+00:00\",\"breadcrumb\":{\"@id\":\"https:\/\/www.melform.com\/fr\/conteneurs-\/catalogue-de-produits\/conteneurs-refrigeres\/conteneur-refrigere-a-alimentation-autonome-koala-green-500\/#breadcrumb\"},\"inLanguage\":\"fr-FR\",\"potentialAction\":[{\"@type\":\"ReadAction\",\"target\":[\"https:\/\/www.melform.com\/fr\/conteneurs-\/catalogue-de-produits\/conteneurs-refrigeres\/conteneur-refrigere-a-alimentation-autonome-koala-green-500\/\"]}]},{\"@type\":\"ImageObject\",\"inLanguage\":\"fr-FR\",\"@id\":\"https:\/\/www.melform.com\/fr\/conteneurs-\/catalogue-de-produits\/conteneurs-refrigeres\/conteneur-refrigere-a-alimentation-autonome-koala-green-500\/#primaryimage\",\"url\":\"https:\/\/www.melform.com\/wp-content\/uploads\/2024\/02\/Koala-500-green-1.jpg\",\"contentUrl\":\"https:\/\/www.melform.com\/wp-content\/uploads\/2024\/02\/Koala-500-green-1.jpg\",\"width\":500,\"height\":400},{\"@type\":\"BreadcrumbList\",\"@id\":\"https:\/\/www.melform.com\/fr\/conteneurs-\/catalogue-de-produits\/conteneurs-refrigeres\/conteneur-refrigere-a-alimentation-autonome-koala-green-500\/#breadcrumb\",\"itemListElement\":[{\"@type\":\"ListItem\",\"position\":1,\"name\":\"Home\",\"item\":\"https:\/\/www.melform.com\/fr\/\"},{\"@type\":\"ListItem\",\"position\":2,\"name\":\"Shop\",\"item\":\"https:\/\/www.melform.com\/fr\/shop\/\"},{\"@type\":\"ListItem\",\"position\":3,\"name\":\"Conteneur r\u00e9frig\u00e9r\u00e9 \u00e0 alimentation autonome \u2013 KOALA GREEN 500\"}]},{\"@type\":\"WebSite\",\"@id\":\"https:\/\/www.melform.com\/fr\/#website\",\"url\":\"https:\/\/www.melform.com\/fr\/\",\"name\":\"MELFORM\",\"description\":\"SISTEMI PER IL TRASPORTO E STOCCAGGIO A TEMPERATURA CONTROLLATA\",\"potentialAction\":[{\"@type\":\"SearchAction\",\"target\":{\"@type\":\"EntryPoint\",\"urlTemplate\":\"https:\/\/www.melform.com\/fr\/?s={search_term_string}\"},\"query-input\":{\"@type\":\"PropertyValueSpecification\",\"valueRequired\":true,\"valueName\":\"search_term_string\"}}],\"inLanguage\":\"fr-FR\"}]}<\/script>\n<!-- \/ Yoast SEO plugin. -->","yoast_head_json":{"title":"Conteneur r\u00e9frig\u00e9r\u00e9 \u00e0 alimentation autonome \u2013 KOALA GREEN 500 - MELFORM","robots":{"index":"index","follow":"follow","max-snippet":"max-snippet:-1","max-image-preview":"max-image-preview:large","max-video-preview":"max-video-preview:-1"},"canonical":"https:\/\/www.melform.com\/fr\/conteneurs-\/catalogue-de-produits\/conteneurs-refrigeres\/conteneur-refrigere-a-alimentation-autonome-koala-green-500\/","og_locale":"fr_FR","og_type":"article","og_title":"Conteneur r\u00e9frig\u00e9r\u00e9 \u00e0 alimentation autonome \u2013 KOALA GREEN 500 - MELFORM","og_description":"Conteneur isotherme r\u00e9frig\u00e9r\u00e9 \u00e0 alimentation autonome, id\u00e9al pour le transport de produits \u00e0 temp\u00e9rature contr\u00f4l\u00e9e. Capacit\u00e9: 500 litres, avec ouverture frontale pour un acc\u00e8s pratique. Alimentation autonome: \u00e9quip\u00e9 d\u2019une batterie int\u00e9gr\u00e9e qui assure une autonomie de fonctionnement. La batterie peut \u00eatre facilement recharg\u00e9e en connectant le conteneur au r\u00e9seau \u00e9lectrique standard 230 Vac ou en [&hellip;]","og_url":"https:\/\/www.melform.com\/fr\/conteneurs-\/catalogue-de-produits\/conteneurs-refrigeres\/conteneur-refrigere-a-alimentation-autonome-koala-green-500\/","og_site_name":"MELFORM","article_modified_time":"2025-03-27T12:20:13+00:00","og_image":[{"width":500,"height":400,"url":"https:\/\/www.melform.com\/wp-content\/uploads\/2024\/02\/Koala-500-green-1.jpg","type":"image\/jpeg"}],"twitter_card":"summary_large_image","schema":{"@context":"https:\/\/schema.org","@graph":[{"@type":"WebPage","@id":"https:\/\/www.melform.com\/fr\/conteneurs-\/catalogue-de-produits\/conteneurs-refrigeres\/conteneur-refrigere-a-alimentation-autonome-koala-green-500\/","url":"https:\/\/www.melform.com\/fr\/conteneurs-\/catalogue-de-produits\/conteneurs-refrigeres\/conteneur-refrigere-a-alimentation-autonome-koala-green-500\/","name":"Conteneur r\u00e9frig\u00e9r\u00e9 \u00e0 alimentation autonome \u2013 KOALA GREEN 500 - MELFORM","isPartOf":{"@id":"https:\/\/www.melform.com\/fr\/#website"},"primaryImageOfPage":{"@id":"https:\/\/www.melform.com\/fr\/conteneurs-\/catalogue-de-produits\/conteneurs-refrigeres\/conteneur-refrigere-a-alimentation-autonome-koala-green-500\/#primaryimage"},"image":{"@id":"https:\/\/www.melform.com\/fr\/conteneurs-\/catalogue-de-produits\/conteneurs-refrigeres\/conteneur-refrigere-a-alimentation-autonome-koala-green-500\/#primaryimage"},"thumbnailUrl":"https:\/\/www.melform.com\/wp-content\/uploads\/2024\/02\/Koala-500-green-1.jpg","datePublished":"2024-02-28T15:39:42+00:00","dateModified":"2025-03-27T12:20:13+00:00","breadcrumb":{"@id":"https:\/\/www.melform.com\/fr\/conteneurs-\/catalogue-de-produits\/conteneurs-refrigeres\/conteneur-refrigere-a-alimentation-autonome-koala-green-500\/#breadcrumb"},"inLanguage":"fr-FR","potentialAction":[{"@type":"ReadAction","target":["https:\/\/www.melform.com\/fr\/conteneurs-\/catalogue-de-produits\/conteneurs-refrigeres\/conteneur-refrigere-a-alimentation-autonome-koala-green-500\/"]}]},{"@type":"ImageObject","inLanguage":"fr-FR","@id":"https:\/\/www.melform.com\/fr\/conteneurs-\/catalogue-de-produits\/conteneurs-refrigeres\/conteneur-refrigere-a-alimentation-autonome-koala-green-500\/#primaryimage","url":"https:\/\/www.melform.com\/wp-content\/uploads\/2024\/02\/Koala-500-green-1.jpg","contentUrl":"https:\/\/www.melform.com\/wp-content\/uploads\/2024\/02\/Koala-500-green-1.jpg","width":500,"height":400},{"@type":"BreadcrumbList","@id":"https:\/\/www.melform.com\/fr\/conteneurs-\/catalogue-de-produits\/conteneurs-refrigeres\/conteneur-refrigere-a-alimentation-autonome-koala-green-500\/#breadcrumb","itemListElement":[{"@type":"ListItem","position":1,"name":"Home","item":"https:\/\/www.melform.com\/fr\/"},{"@type":"ListItem","position":2,"name":"Shop","item":"https:\/\/www.melform.com\/fr\/shop\/"},{"@type":"ListItem","position":3,"name":"Conteneur r\u00e9frig\u00e9r\u00e9 \u00e0 alimentation autonome \u2013 KOALA GREEN 500"}]},{"@type":"WebSite","@id":"https:\/\/www.melform.com\/fr\/#website","url":"https:\/\/www.melform.com\/fr\/","name":"MELFORM","description":"SISTEMI PER IL TRASPORTO E STOCCAGGIO A TEMPERATURA CONTROLLATA","potentialAction":[{"@type":"SearchAction","target":{"@type":"EntryPoint","urlTemplate":"https:\/\/www.melform.com\/fr\/?s={search_term_string}"},"query-input":{"@type":"PropertyValueSpecification","valueRequired":true,"valueName":"search_term_string"}}],"inLanguage":"fr-FR"}]}},"_links":{"self":[{"href":"https:\/\/www.melform.com\/fr\/wp-json\/wp\/v2\/product\/17930","targetHints":{"allow":["GET"]}}],"collection":[{"href":"https:\/\/www.melform.com\/fr\/wp-json\/wp\/v2\/product"}],"about":[{"href":"https:\/\/www.melform.com\/fr\/wp-json\/wp\/v2\/types\/product"}],"wp:featuredmedia":[{"embeddable":true,"href":"https:\/\/www.melform.com\/fr\/wp-json\/wp\/v2\/media\/13218"}],"wp:attachment":[{"href":"https:\/\/www.melform.com\/fr\/wp-json\/wp\/v2\/media?parent=17930"}],"wp:term":[{"taxonomy":"product_brand","embeddable":true,"href":"https:\/\/www.melform.com\/fr\/wp-json\/wp\/v2\/product_brand?post=17930"},{"taxonomy":"product_cat","embeddable":true,"href":"https:\/\/www.melform.com\/fr\/wp-json\/wp\/v2\/product_cat?post=17930"},{"taxonomy":"product_tag","embeddable":true,"href":"https:\/\/www.melform.com\/fr\/wp-json\/wp\/v2\/product_tag?post=17930"}],"curies":[{"name":"wp","href":"https:\/\/api.w.org\/{rel}","templated":true}]}}