{"id":18877,"date":"2025-02-20T16:57:57","date_gmt":"2025-02-20T14:57:57","guid":{"rendered":"https:\/\/www.melform.com\/?post_type=product&#038;p=18877"},"modified":"2025-02-20T16:58:59","modified_gmt":"2025-02-20T14:58:59","slug":"set-de-roues-pour-conteneur-koala-160","status":"publish","type":"product","link":"https:\/\/www.melform.com\/fr\/conteneurs-\/catalogue-de-produits\/accessoires\/set-de-roues-pour-conteneur-koala-160\/","title":{"rendered":"Set de Roues pour Conteneur KOALA 160"},"content":{"rendered":"<p class=\"x_MsoNormal\"><span data-olk-copy-source=\"MessageBody\">Le <strong>set de 4 roues<\/strong> est con\u00e7u pour offrir une maniabilit\u00e9 et une <strong>stabilit\u00e9 maximales au conteneur KOALA 160<\/strong>, facilitant son transport et sa manipulation sur diff\u00e9rentes surfaces.<\/span><\/p>\r\n<p class=\"x_MsoNormal\"><strong>Caract\u00e9ristiques principales:<\/strong><\/p>\r\n\r\n<ul type=\"disc\">\r\n \t<li class=\"x_MsoNormal\"><strong>Compatibilit\u00e9<\/strong>: Sp\u00e9cifiquement con\u00e7u pour une utilisation avec le <strong>conteneur KOALA 160<\/strong>.<\/li>\r\n \t<li class=\"x_MsoNormal\"><strong>Diam\u00e8tre des roues<\/strong>: 125 mm, id\u00e9al pour un d\u00e9placement fluide et s\u00e9curis\u00e9.<\/li>\r\n \t<li class=\"x_MsoNormal\"><strong>Mat\u00e9riaux de haute qualit\u00e9<\/strong>:\r\n<ul type=\"circle\">\r\n \t<li class=\"x_MsoNormal\"><strong>Bande en caoutchouc anti-trace<\/strong>, \u00e9vitant les marques sur les surfaces.<\/li>\r\n \t<li class=\"x_MsoNormal\"><strong>Noyau en PP (polypropyl\u00e8ne)<\/strong>, garantissant une grande r\u00e9sistance et durabilit\u00e9.<\/li>\r\n<\/ul>\r\n<\/li>\r\n \t<li class=\"x_MsoNormal\"><strong>Configuration optimis\u00e9e<\/strong>:\r\n<ul type=\"circle\">\r\n \t<li class=\"x_MsoNormal\"><strong>2 roues pivotantes<\/strong>, pour faciliter les man\u0153uvres et le contr\u00f4le de direction.<\/li>\r\n \t<li class=\"x_MsoNormal\"><strong>2 roues avec frein<\/strong>, assurant un blocage s\u00e9curis\u00e9 et une stabilit\u00e9 maximale lors des op\u00e9rations de chargement et de d\u00e9chargement.<\/li>\r\n<\/ul>\r\n<\/li>\r\n<\/ul>","protected":false},"excerpt":{"rendered":"Le set de 4 roues est con\u00e7u pour offrir une maniabilit\u00e9 et une stabilit\u00e9 maximales au conteneur KOALA 160, facilitant son transport et sa manipulation sur diff\u00e9rentes surfaces. Caract\u00e9ristiques principales: Compatibilit\u00e9: Sp\u00e9cifiquement con\u00e7u pour une utilisation avec le conteneur KOALA 160. Diam\u00e8tre des roues: 125 mm, id\u00e9al pour un d\u00e9placement fluide et s\u00e9curis\u00e9. Mat\u00e9riaux de [&hellip;]","protected":false},"featured_media":18872,"template":"","meta":{"_acf_changed":false,"_themeisle_gutenberg_block_has_review":false},"product_brand":[],"product_cat":[241],"product_tag":[],"class_list":{"0":"post-18877","1":"product","2":"type-product","3":"status-publish","4":"has-post-thumbnail","6":"product_cat-accessoires","8":"first","9":"instock","10":"shipping-taxable","11":"product-type-simple"},"acf":[],"yoast_head":"<!-- This site is optimized with the Yoast SEO plugin v26.4 - https:\/\/yoast.com\/wordpress\/plugins\/seo\/ -->\n<title>Set de Roues pour Conteneur KOALA 160 - MELFORM<\/title>\n<meta name=\"robots\" content=\"index, follow, max-snippet:-1, max-image-preview:large, max-video-preview:-1\" \/>\n<link rel=\"canonical\" href=\"https:\/\/www.melform.com\/fr\/conteneurs-\/catalogue-de-produits\/accessoires\/set-de-roues-pour-conteneur-koala-160\/\" \/>\n<meta property=\"og:locale\" content=\"fr_FR\" \/>\n<meta property=\"og:type\" content=\"article\" \/>\n<meta property=\"og:title\" content=\"Set de Roues pour Conteneur KOALA 160 - MELFORM\" \/>\n<meta property=\"og:description\" content=\"Le set de 4 roues est con\u00e7u pour offrir une maniabilit\u00e9 et une stabilit\u00e9 maximales au conteneur KOALA 160, facilitant son transport et sa manipulation sur diff\u00e9rentes surfaces. Caract\u00e9ristiques principales: Compatibilit\u00e9: Sp\u00e9cifiquement con\u00e7u pour une utilisation avec le conteneur KOALA 160. Diam\u00e8tre des roues: 125 mm, id\u00e9al pour un d\u00e9placement fluide et s\u00e9curis\u00e9. Mat\u00e9riaux de [&hellip;]\" \/>\n<meta property=\"og:url\" content=\"https:\/\/www.melform.com\/fr\/conteneurs-\/catalogue-de-produits\/accessoires\/set-de-roues-pour-conteneur-koala-160\/\" \/>\n<meta property=\"og:site_name\" content=\"MELFORM\" \/>\n<meta property=\"article:modified_time\" content=\"2025-02-20T14:58:59+00:00\" \/>\n<meta property=\"og:image\" content=\"https:\/\/www.melform.com\/wp-content\/uploads\/2025\/02\/Koala-160-Kit-Ruote.jpg\" \/>\n\t<meta property=\"og:image:width\" content=\"1200\" \/>\n\t<meta property=\"og:image:height\" content=\"1200\" \/>\n\t<meta property=\"og:image:type\" content=\"image\/jpeg\" \/>\n<meta name=\"twitter:card\" content=\"summary_large_image\" \/>\n<script type=\"application\/ld+json\" class=\"yoast-schema-graph\">{\"@context\":\"https:\/\/schema.org\",\"@graph\":[{\"@type\":\"WebPage\",\"@id\":\"https:\/\/www.melform.com\/fr\/conteneurs-\/catalogue-de-produits\/accessoires\/set-de-roues-pour-conteneur-koala-160\/\",\"url\":\"https:\/\/www.melform.com\/fr\/conteneurs-\/catalogue-de-produits\/accessoires\/set-de-roues-pour-conteneur-koala-160\/\",\"name\":\"Set de Roues pour Conteneur KOALA 160 - MELFORM\",\"isPartOf\":{\"@id\":\"https:\/\/www.melform.com\/fr\/#website\"},\"primaryImageOfPage\":{\"@id\":\"https:\/\/www.melform.com\/fr\/conteneurs-\/catalogue-de-produits\/accessoires\/set-de-roues-pour-conteneur-koala-160\/#primaryimage\"},\"image\":{\"@id\":\"https:\/\/www.melform.com\/fr\/conteneurs-\/catalogue-de-produits\/accessoires\/set-de-roues-pour-conteneur-koala-160\/#primaryimage\"},\"thumbnailUrl\":\"https:\/\/www.melform.com\/wp-content\/uploads\/2025\/02\/Koala-160-Kit-Ruote.jpg\",\"datePublished\":\"2025-02-20T14:57:57+00:00\",\"dateModified\":\"2025-02-20T14:58:59+00:00\",\"breadcrumb\":{\"@id\":\"https:\/\/www.melform.com\/fr\/conteneurs-\/catalogue-de-produits\/accessoires\/set-de-roues-pour-conteneur-koala-160\/#breadcrumb\"},\"inLanguage\":\"fr-FR\",\"potentialAction\":[{\"@type\":\"ReadAction\",\"target\":[\"https:\/\/www.melform.com\/fr\/conteneurs-\/catalogue-de-produits\/accessoires\/set-de-roues-pour-conteneur-koala-160\/\"]}]},{\"@type\":\"ImageObject\",\"inLanguage\":\"fr-FR\",\"@id\":\"https:\/\/www.melform.com\/fr\/conteneurs-\/catalogue-de-produits\/accessoires\/set-de-roues-pour-conteneur-koala-160\/#primaryimage\",\"url\":\"https:\/\/www.melform.com\/wp-content\/uploads\/2025\/02\/Koala-160-Kit-Ruote.jpg\",\"contentUrl\":\"https:\/\/www.melform.com\/wp-content\/uploads\/2025\/02\/Koala-160-Kit-Ruote.jpg\",\"width\":1200,\"height\":1200},{\"@type\":\"BreadcrumbList\",\"@id\":\"https:\/\/www.melform.com\/fr\/conteneurs-\/catalogue-de-produits\/accessoires\/set-de-roues-pour-conteneur-koala-160\/#breadcrumb\",\"itemListElement\":[{\"@type\":\"ListItem\",\"position\":1,\"name\":\"Home\",\"item\":\"https:\/\/www.melform.com\/fr\/\"},{\"@type\":\"ListItem\",\"position\":2,\"name\":\"Shop\",\"item\":\"https:\/\/www.melform.com\/fr\/shop\/\"},{\"@type\":\"ListItem\",\"position\":3,\"name\":\"Set de Roues pour Conteneur KOALA 160\"}]},{\"@type\":\"WebSite\",\"@id\":\"https:\/\/www.melform.com\/fr\/#website\",\"url\":\"https:\/\/www.melform.com\/fr\/\",\"name\":\"MELFORM\",\"description\":\"SISTEMI PER IL TRASPORTO E STOCCAGGIO A TEMPERATURA CONTROLLATA\",\"potentialAction\":[{\"@type\":\"SearchAction\",\"target\":{\"@type\":\"EntryPoint\",\"urlTemplate\":\"https:\/\/www.melform.com\/fr\/?s={search_term_string}\"},\"query-input\":{\"@type\":\"PropertyValueSpecification\",\"valueRequired\":true,\"valueName\":\"search_term_string\"}}],\"inLanguage\":\"fr-FR\"}]}<\/script>\n<!-- \/ Yoast SEO plugin. -->","yoast_head_json":{"title":"Set de Roues pour Conteneur KOALA 160 - MELFORM","robots":{"index":"index","follow":"follow","max-snippet":"max-snippet:-1","max-image-preview":"max-image-preview:large","max-video-preview":"max-video-preview:-1"},"canonical":"https:\/\/www.melform.com\/fr\/conteneurs-\/catalogue-de-produits\/accessoires\/set-de-roues-pour-conteneur-koala-160\/","og_locale":"fr_FR","og_type":"article","og_title":"Set de Roues pour Conteneur KOALA 160 - MELFORM","og_description":"Le set de 4 roues est con\u00e7u pour offrir une maniabilit\u00e9 et une stabilit\u00e9 maximales au conteneur KOALA 160, facilitant son transport et sa manipulation sur diff\u00e9rentes surfaces. Caract\u00e9ristiques principales: Compatibilit\u00e9: Sp\u00e9cifiquement con\u00e7u pour une utilisation avec le conteneur KOALA 160. Diam\u00e8tre des roues: 125 mm, id\u00e9al pour un d\u00e9placement fluide et s\u00e9curis\u00e9. Mat\u00e9riaux de [&hellip;]","og_url":"https:\/\/www.melform.com\/fr\/conteneurs-\/catalogue-de-produits\/accessoires\/set-de-roues-pour-conteneur-koala-160\/","og_site_name":"MELFORM","article_modified_time":"2025-02-20T14:58:59+00:00","og_image":[{"width":1200,"height":1200,"url":"https:\/\/www.melform.com\/wp-content\/uploads\/2025\/02\/Koala-160-Kit-Ruote.jpg","type":"image\/jpeg"}],"twitter_card":"summary_large_image","schema":{"@context":"https:\/\/schema.org","@graph":[{"@type":"WebPage","@id":"https:\/\/www.melform.com\/fr\/conteneurs-\/catalogue-de-produits\/accessoires\/set-de-roues-pour-conteneur-koala-160\/","url":"https:\/\/www.melform.com\/fr\/conteneurs-\/catalogue-de-produits\/accessoires\/set-de-roues-pour-conteneur-koala-160\/","name":"Set de Roues pour Conteneur KOALA 160 - MELFORM","isPartOf":{"@id":"https:\/\/www.melform.com\/fr\/#website"},"primaryImageOfPage":{"@id":"https:\/\/www.melform.com\/fr\/conteneurs-\/catalogue-de-produits\/accessoires\/set-de-roues-pour-conteneur-koala-160\/#primaryimage"},"image":{"@id":"https:\/\/www.melform.com\/fr\/conteneurs-\/catalogue-de-produits\/accessoires\/set-de-roues-pour-conteneur-koala-160\/#primaryimage"},"thumbnailUrl":"https:\/\/www.melform.com\/wp-content\/uploads\/2025\/02\/Koala-160-Kit-Ruote.jpg","datePublished":"2025-02-20T14:57:57+00:00","dateModified":"2025-02-20T14:58:59+00:00","breadcrumb":{"@id":"https:\/\/www.melform.com\/fr\/conteneurs-\/catalogue-de-produits\/accessoires\/set-de-roues-pour-conteneur-koala-160\/#breadcrumb"},"inLanguage":"fr-FR","potentialAction":[{"@type":"ReadAction","target":["https:\/\/www.melform.com\/fr\/conteneurs-\/catalogue-de-produits\/accessoires\/set-de-roues-pour-conteneur-koala-160\/"]}]},{"@type":"ImageObject","inLanguage":"fr-FR","@id":"https:\/\/www.melform.com\/fr\/conteneurs-\/catalogue-de-produits\/accessoires\/set-de-roues-pour-conteneur-koala-160\/#primaryimage","url":"https:\/\/www.melform.com\/wp-content\/uploads\/2025\/02\/Koala-160-Kit-Ruote.jpg","contentUrl":"https:\/\/www.melform.com\/wp-content\/uploads\/2025\/02\/Koala-160-Kit-Ruote.jpg","width":1200,"height":1200},{"@type":"BreadcrumbList","@id":"https:\/\/www.melform.com\/fr\/conteneurs-\/catalogue-de-produits\/accessoires\/set-de-roues-pour-conteneur-koala-160\/#breadcrumb","itemListElement":[{"@type":"ListItem","position":1,"name":"Home","item":"https:\/\/www.melform.com\/fr\/"},{"@type":"ListItem","position":2,"name":"Shop","item":"https:\/\/www.melform.com\/fr\/shop\/"},{"@type":"ListItem","position":3,"name":"Set de Roues pour Conteneur KOALA 160"}]},{"@type":"WebSite","@id":"https:\/\/www.melform.com\/fr\/#website","url":"https:\/\/www.melform.com\/fr\/","name":"MELFORM","description":"SISTEMI PER IL TRASPORTO E STOCCAGGIO A TEMPERATURA CONTROLLATA","potentialAction":[{"@type":"SearchAction","target":{"@type":"EntryPoint","urlTemplate":"https:\/\/www.melform.com\/fr\/?s={search_term_string}"},"query-input":{"@type":"PropertyValueSpecification","valueRequired":true,"valueName":"search_term_string"}}],"inLanguage":"fr-FR"}]}},"_links":{"self":[{"href":"https:\/\/www.melform.com\/fr\/wp-json\/wp\/v2\/product\/18877","targetHints":{"allow":["GET"]}}],"collection":[{"href":"https:\/\/www.melform.com\/fr\/wp-json\/wp\/v2\/product"}],"about":[{"href":"https:\/\/www.melform.com\/fr\/wp-json\/wp\/v2\/types\/product"}],"wp:featuredmedia":[{"embeddable":true,"href":"https:\/\/www.melform.com\/fr\/wp-json\/wp\/v2\/media\/18872"}],"wp:attachment":[{"href":"https:\/\/www.melform.com\/fr\/wp-json\/wp\/v2\/media?parent=18877"}],"wp:term":[{"taxonomy":"product_brand","embeddable":true,"href":"https:\/\/www.melform.com\/fr\/wp-json\/wp\/v2\/product_brand?post=18877"},{"taxonomy":"product_cat","embeddable":true,"href":"https:\/\/www.melform.com\/fr\/wp-json\/wp\/v2\/product_cat?post=18877"},{"taxonomy":"product_tag","embeddable":true,"href":"https:\/\/www.melform.com\/fr\/wp-json\/wp\/v2\/product_tag?post=18877"}],"curies":[{"name":"wp","href":"https:\/\/api.w.org\/{rel}","templated":true}]}}