{"id":19127,"date":"2025-02-21T17:33:46","date_gmt":"2025-02-21T15:33:46","guid":{"rendered":"https:\/\/www.melform.com\/?post_type=product&#038;p=19127"},"modified":"2025-02-22T11:41:59","modified_gmt":"2025-02-22T09:41:59","slug":"assiette-en-melamine-de-210-mm-de-diametre","status":"publish","type":"product","link":"https:\/\/www.melform.com\/fr\/conteneurs-\/catalogue-de-produits\/accessoires\/assiette-en-melamine-de-210-mm-de-diametre\/","title":{"rendered":"Assiette en M\u00e9lamine \u2013 \u00d8 210 mm"},"content":{"rendered":"<p data-start=\"672\" data-end=\"846\">L\u2019<strong data-start=\"674\" data-end=\"698\">assiette en m\u00e9lamine<\/strong> est con\u00e7ue pour offrir <strong data-start=\"722\" data-end=\"773\">r\u00e9sistance, praticit\u00e9 et une apparence \u00e9l\u00e9gante<\/strong>, avec une <strong data-start=\"784\" data-end=\"843\">finition brillante et lustr\u00e9e semblable \u00e0 la porcelaine<\/strong>.<\/p>\r\n\r\n<ul data-start=\"889\" data-end=\"1310\" data-is-last-node=\"\" data-is-only-node=\"\">\r\n \t<li data-start=\"889\" data-end=\"979\"><strong data-start=\"891\" data-end=\"903\">Diam\u00e8tre<\/strong> : <strong data-start=\"906\" data-end=\"916\">210 mm<\/strong>, id\u00e9al pour le service des repas dans diverses applications.<\/li>\r\n \t<li data-start=\"980\" data-end=\"1058\"><strong data-start=\"982\" data-end=\"994\">Mat\u00e9riau<\/strong> : <strong data-start=\"997\" data-end=\"1020\">M\u00e9lamine incassable<\/strong>, r\u00e9sistante aux chocs et \u00e0 l\u2019usure.<\/li>\r\n \t<li data-start=\"1059\" data-end=\"1130\"><strong data-start=\"1061\" data-end=\"1082\">Facile \u00e0 nettoyer<\/strong>, garantissant hygi\u00e8ne et entretien simplifi\u00e9.<\/li>\r\n \t<li data-start=\"1131\" data-end=\"1216\"><strong data-start=\"1133\" data-end=\"1150\">Compatibilit\u00e9<\/strong> : Con\u00e7ue pour \u00eatre utilis\u00e9e avec le <strong data-start=\"1187\" data-end=\"1213\">plateau isotherme TS50<\/strong>.<\/li>\r\n \t<li data-start=\"1217\" data-end=\"1310\" data-is-last-node=\"\"><strong data-start=\"1219\" data-end=\"1244\">Accessoire disponible<\/strong> : <strong data-start=\"1247\" data-end=\"1268\">Couvercle assorti<\/strong>, pour une protection optimale du contenu.<\/li>\r\n<\/ul>","protected":false},"excerpt":{"rendered":"L\u2019assiette en m\u00e9lamine est con\u00e7ue pour offrir r\u00e9sistance, praticit\u00e9 et une apparence \u00e9l\u00e9gante, avec une finition brillante et lustr\u00e9e semblable \u00e0 la porcelaine. Diam\u00e8tre : 210 mm, id\u00e9al pour le service des repas dans diverses applications. Mat\u00e9riau : M\u00e9lamine incassable, r\u00e9sistante aux chocs et \u00e0 l\u2019usure. Facile \u00e0 nettoyer, garantissant hygi\u00e8ne et entretien simplifi\u00e9. Compatibilit\u00e9 [&hellip;]","protected":false},"featured_media":19124,"template":"","meta":{"_acf_changed":false,"_themeisle_gutenberg_block_has_review":false},"product_brand":[],"product_cat":[241],"product_tag":[],"class_list":{"0":"post-19127","1":"product","2":"type-product","3":"status-publish","4":"has-post-thumbnail","6":"product_cat-accessoires","7":"pa_moq-6-fr","9":"first","10":"instock","11":"shipping-taxable","12":"product-type-simple"},"acf":[],"yoast_head":"<!-- This site is optimized with the Yoast SEO plugin v26.4 - https:\/\/yoast.com\/wordpress\/plugins\/seo\/ -->\n<title>Assiette en M\u00e9lamine \u2013 \u00d8 210 mm - MELFORM<\/title>\n<meta name=\"robots\" content=\"index, follow, max-snippet:-1, max-image-preview:large, max-video-preview:-1\" \/>\n<link rel=\"canonical\" href=\"https:\/\/www.melform.com\/fr\/conteneurs-\/catalogue-de-produits\/accessoires\/assiette-en-melamine-de-210-mm-de-diametre\/\" \/>\n<meta property=\"og:locale\" content=\"fr_FR\" \/>\n<meta property=\"og:type\" content=\"article\" \/>\n<meta property=\"og:title\" content=\"Assiette en M\u00e9lamine \u2013 \u00d8 210 mm - MELFORM\" \/>\n<meta property=\"og:description\" content=\"L\u2019assiette en m\u00e9lamine est con\u00e7ue pour offrir r\u00e9sistance, praticit\u00e9 et une apparence \u00e9l\u00e9gante, avec une finition brillante et lustr\u00e9e semblable \u00e0 la porcelaine. Diam\u00e8tre : 210 mm, id\u00e9al pour le service des repas dans diverses applications. Mat\u00e9riau : M\u00e9lamine incassable, r\u00e9sistante aux chocs et \u00e0 l\u2019usure. Facile \u00e0 nettoyer, garantissant hygi\u00e8ne et entretien simplifi\u00e9. Compatibilit\u00e9 [&hellip;]\" \/>\n<meta property=\"og:url\" content=\"https:\/\/www.melform.com\/fr\/conteneurs-\/catalogue-de-produits\/accessoires\/assiette-en-melamine-de-210-mm-de-diametre\/\" \/>\n<meta property=\"og:site_name\" content=\"MELFORM\" \/>\n<meta property=\"article:modified_time\" content=\"2025-02-22T09:41:59+00:00\" \/>\n<meta property=\"og:image\" content=\"https:\/\/www.melform.com\/wp-content\/uploads\/2025\/02\/ok_5650.jpg\" \/>\n\t<meta property=\"og:image:width\" content=\"1200\" \/>\n\t<meta property=\"og:image:height\" content=\"1200\" \/>\n\t<meta property=\"og:image:type\" content=\"image\/jpeg\" \/>\n<meta name=\"twitter:card\" content=\"summary_large_image\" \/>\n<script type=\"application\/ld+json\" class=\"yoast-schema-graph\">{\"@context\":\"https:\/\/schema.org\",\"@graph\":[{\"@type\":\"WebPage\",\"@id\":\"https:\/\/www.melform.com\/fr\/conteneurs-\/catalogue-de-produits\/accessoires\/assiette-en-melamine-de-210-mm-de-diametre\/\",\"url\":\"https:\/\/www.melform.com\/fr\/conteneurs-\/catalogue-de-produits\/accessoires\/assiette-en-melamine-de-210-mm-de-diametre\/\",\"name\":\"Assiette en M\u00e9lamine \u2013 \u00d8 210 mm - MELFORM\",\"isPartOf\":{\"@id\":\"https:\/\/www.melform.com\/fr\/#website\"},\"primaryImageOfPage\":{\"@id\":\"https:\/\/www.melform.com\/fr\/conteneurs-\/catalogue-de-produits\/accessoires\/assiette-en-melamine-de-210-mm-de-diametre\/#primaryimage\"},\"image\":{\"@id\":\"https:\/\/www.melform.com\/fr\/conteneurs-\/catalogue-de-produits\/accessoires\/assiette-en-melamine-de-210-mm-de-diametre\/#primaryimage\"},\"thumbnailUrl\":\"https:\/\/www.melform.com\/wp-content\/uploads\/2025\/02\/ok_5650.jpg\",\"datePublished\":\"2025-02-21T15:33:46+00:00\",\"dateModified\":\"2025-02-22T09:41:59+00:00\",\"breadcrumb\":{\"@id\":\"https:\/\/www.melform.com\/fr\/conteneurs-\/catalogue-de-produits\/accessoires\/assiette-en-melamine-de-210-mm-de-diametre\/#breadcrumb\"},\"inLanguage\":\"fr-FR\",\"potentialAction\":[{\"@type\":\"ReadAction\",\"target\":[\"https:\/\/www.melform.com\/fr\/conteneurs-\/catalogue-de-produits\/accessoires\/assiette-en-melamine-de-210-mm-de-diametre\/\"]}]},{\"@type\":\"ImageObject\",\"inLanguage\":\"fr-FR\",\"@id\":\"https:\/\/www.melform.com\/fr\/conteneurs-\/catalogue-de-produits\/accessoires\/assiette-en-melamine-de-210-mm-de-diametre\/#primaryimage\",\"url\":\"https:\/\/www.melform.com\/wp-content\/uploads\/2025\/02\/ok_5650.jpg\",\"contentUrl\":\"https:\/\/www.melform.com\/wp-content\/uploads\/2025\/02\/ok_5650.jpg\",\"width\":1200,\"height\":1200},{\"@type\":\"BreadcrumbList\",\"@id\":\"https:\/\/www.melform.com\/fr\/conteneurs-\/catalogue-de-produits\/accessoires\/assiette-en-melamine-de-210-mm-de-diametre\/#breadcrumb\",\"itemListElement\":[{\"@type\":\"ListItem\",\"position\":1,\"name\":\"Home\",\"item\":\"https:\/\/www.melform.com\/fr\/\"},{\"@type\":\"ListItem\",\"position\":2,\"name\":\"Shop\",\"item\":\"https:\/\/www.melform.com\/fr\/shop\/\"},{\"@type\":\"ListItem\",\"position\":3,\"name\":\"Assiette en M\u00e9lamine \u2013 \u00d8 210 mm\"}]},{\"@type\":\"WebSite\",\"@id\":\"https:\/\/www.melform.com\/fr\/#website\",\"url\":\"https:\/\/www.melform.com\/fr\/\",\"name\":\"MELFORM\",\"description\":\"SISTEMI PER IL TRASPORTO E STOCCAGGIO A TEMPERATURA CONTROLLATA\",\"potentialAction\":[{\"@type\":\"SearchAction\",\"target\":{\"@type\":\"EntryPoint\",\"urlTemplate\":\"https:\/\/www.melform.com\/fr\/?s={search_term_string}\"},\"query-input\":{\"@type\":\"PropertyValueSpecification\",\"valueRequired\":true,\"valueName\":\"search_term_string\"}}],\"inLanguage\":\"fr-FR\"}]}<\/script>\n<!-- \/ Yoast SEO plugin. -->","yoast_head_json":{"title":"Assiette en M\u00e9lamine \u2013 \u00d8 210 mm - MELFORM","robots":{"index":"index","follow":"follow","max-snippet":"max-snippet:-1","max-image-preview":"max-image-preview:large","max-video-preview":"max-video-preview:-1"},"canonical":"https:\/\/www.melform.com\/fr\/conteneurs-\/catalogue-de-produits\/accessoires\/assiette-en-melamine-de-210-mm-de-diametre\/","og_locale":"fr_FR","og_type":"article","og_title":"Assiette en M\u00e9lamine \u2013 \u00d8 210 mm - MELFORM","og_description":"L\u2019assiette en m\u00e9lamine est con\u00e7ue pour offrir r\u00e9sistance, praticit\u00e9 et une apparence \u00e9l\u00e9gante, avec une finition brillante et lustr\u00e9e semblable \u00e0 la porcelaine. Diam\u00e8tre : 210 mm, id\u00e9al pour le service des repas dans diverses applications. Mat\u00e9riau : M\u00e9lamine incassable, r\u00e9sistante aux chocs et \u00e0 l\u2019usure. Facile \u00e0 nettoyer, garantissant hygi\u00e8ne et entretien simplifi\u00e9. Compatibilit\u00e9 [&hellip;]","og_url":"https:\/\/www.melform.com\/fr\/conteneurs-\/catalogue-de-produits\/accessoires\/assiette-en-melamine-de-210-mm-de-diametre\/","og_site_name":"MELFORM","article_modified_time":"2025-02-22T09:41:59+00:00","og_image":[{"width":1200,"height":1200,"url":"https:\/\/www.melform.com\/wp-content\/uploads\/2025\/02\/ok_5650.jpg","type":"image\/jpeg"}],"twitter_card":"summary_large_image","schema":{"@context":"https:\/\/schema.org","@graph":[{"@type":"WebPage","@id":"https:\/\/www.melform.com\/fr\/conteneurs-\/catalogue-de-produits\/accessoires\/assiette-en-melamine-de-210-mm-de-diametre\/","url":"https:\/\/www.melform.com\/fr\/conteneurs-\/catalogue-de-produits\/accessoires\/assiette-en-melamine-de-210-mm-de-diametre\/","name":"Assiette en M\u00e9lamine \u2013 \u00d8 210 mm - MELFORM","isPartOf":{"@id":"https:\/\/www.melform.com\/fr\/#website"},"primaryImageOfPage":{"@id":"https:\/\/www.melform.com\/fr\/conteneurs-\/catalogue-de-produits\/accessoires\/assiette-en-melamine-de-210-mm-de-diametre\/#primaryimage"},"image":{"@id":"https:\/\/www.melform.com\/fr\/conteneurs-\/catalogue-de-produits\/accessoires\/assiette-en-melamine-de-210-mm-de-diametre\/#primaryimage"},"thumbnailUrl":"https:\/\/www.melform.com\/wp-content\/uploads\/2025\/02\/ok_5650.jpg","datePublished":"2025-02-21T15:33:46+00:00","dateModified":"2025-02-22T09:41:59+00:00","breadcrumb":{"@id":"https:\/\/www.melform.com\/fr\/conteneurs-\/catalogue-de-produits\/accessoires\/assiette-en-melamine-de-210-mm-de-diametre\/#breadcrumb"},"inLanguage":"fr-FR","potentialAction":[{"@type":"ReadAction","target":["https:\/\/www.melform.com\/fr\/conteneurs-\/catalogue-de-produits\/accessoires\/assiette-en-melamine-de-210-mm-de-diametre\/"]}]},{"@type":"ImageObject","inLanguage":"fr-FR","@id":"https:\/\/www.melform.com\/fr\/conteneurs-\/catalogue-de-produits\/accessoires\/assiette-en-melamine-de-210-mm-de-diametre\/#primaryimage","url":"https:\/\/www.melform.com\/wp-content\/uploads\/2025\/02\/ok_5650.jpg","contentUrl":"https:\/\/www.melform.com\/wp-content\/uploads\/2025\/02\/ok_5650.jpg","width":1200,"height":1200},{"@type":"BreadcrumbList","@id":"https:\/\/www.melform.com\/fr\/conteneurs-\/catalogue-de-produits\/accessoires\/assiette-en-melamine-de-210-mm-de-diametre\/#breadcrumb","itemListElement":[{"@type":"ListItem","position":1,"name":"Home","item":"https:\/\/www.melform.com\/fr\/"},{"@type":"ListItem","position":2,"name":"Shop","item":"https:\/\/www.melform.com\/fr\/shop\/"},{"@type":"ListItem","position":3,"name":"Assiette en M\u00e9lamine \u2013 \u00d8 210 mm"}]},{"@type":"WebSite","@id":"https:\/\/www.melform.com\/fr\/#website","url":"https:\/\/www.melform.com\/fr\/","name":"MELFORM","description":"SISTEMI PER IL TRASPORTO E STOCCAGGIO A TEMPERATURA CONTROLLATA","potentialAction":[{"@type":"SearchAction","target":{"@type":"EntryPoint","urlTemplate":"https:\/\/www.melform.com\/fr\/?s={search_term_string}"},"query-input":{"@type":"PropertyValueSpecification","valueRequired":true,"valueName":"search_term_string"}}],"inLanguage":"fr-FR"}]}},"_links":{"self":[{"href":"https:\/\/www.melform.com\/fr\/wp-json\/wp\/v2\/product\/19127","targetHints":{"allow":["GET"]}}],"collection":[{"href":"https:\/\/www.melform.com\/fr\/wp-json\/wp\/v2\/product"}],"about":[{"href":"https:\/\/www.melform.com\/fr\/wp-json\/wp\/v2\/types\/product"}],"wp:featuredmedia":[{"embeddable":true,"href":"https:\/\/www.melform.com\/fr\/wp-json\/wp\/v2\/media\/19124"}],"wp:attachment":[{"href":"https:\/\/www.melform.com\/fr\/wp-json\/wp\/v2\/media?parent=19127"}],"wp:term":[{"taxonomy":"product_brand","embeddable":true,"href":"https:\/\/www.melform.com\/fr\/wp-json\/wp\/v2\/product_brand?post=19127"},{"taxonomy":"product_cat","embeddable":true,"href":"https:\/\/www.melform.com\/fr\/wp-json\/wp\/v2\/product_cat?post=19127"},{"taxonomy":"product_tag","embeddable":true,"href":"https:\/\/www.melform.com\/fr\/wp-json\/wp\/v2\/product_tag?post=19127"}],"curies":[{"name":"wp","href":"https:\/\/api.w.org\/{rel}","templated":true}]}}