{"id":19316,"date":"2025-02-22T18:04:32","date_gmt":"2025-02-22T16:04:32","guid":{"rendered":"https:\/\/www.melform.com\/?post_type=product&#038;p=19316"},"modified":"2025-02-22T18:05:28","modified_gmt":"2025-02-22T16:05:28","slug":"bol-en-melamine-o-150-mm","status":"publish","type":"product","link":"https:\/\/www.melform.com\/fr\/conteneurs-\/catalogue-de-produits\/accessoires\/bol-en-melamine-o-150-mm\/","title":{"rendered":"Bol en M\u00e9lamine \u2013 \u00d8 150 mm"},"content":{"rendered":"<p class=\"x_xxxxxmsonormal\" data-olk-copy-source=\"MessageBody\">Le <strong>bol en m\u00e9lamine<\/strong> allie <strong>\u00e9l\u00e9gance et fonctionnalit\u00e9<\/strong>, gr\u00e2ce \u00e0 sa <strong>couleur brillante et lustr\u00e9e, semblable \u00e0 la porcelaine<\/strong>, offrant <strong>r\u00e9sistance et praticit\u00e9<\/strong> pour un usage quotidien.<\/p>\r\n\r\n<ul type=\"disc\">\r\n \t<li class=\"x_xxxxxmsonormal\"><strong>Diam\u00e8tre: 150 mm, <\/strong>id\u00e9al pour servir sauces, desserts ou accompagnements.<\/li>\r\n \t<li class=\"x_xxxxxmsonormal\"><strong>Mat\u00e9riau: M\u00e9lamine incassable,<\/strong> hautement r\u00e9sistante aux chocs et durable dans le temps.<\/li>\r\n \t<li class=\"x_xxxxxmsonormal\"><strong>Temp\u00e9rature d&#8217;utilisation: de -20\u00b0C \u00e0 +120\u00b0C<\/strong>, parfait pour diverses applications.<\/li>\r\n \t<li class=\"x_xxxxxmsonormal\"><strong>Facilement lavable<\/strong>, garantissant hygi\u00e8ne et entretien simple.<\/li>\r\n \t<li class=\"x_xxxxxmsonormal\"><strong>Accessoire d\u00e9di\u00e9 au plateau TS50<\/strong>, assurant une int\u00e9gration parfaite dans le syst\u00e8me de transport de repas.<\/li>\r\n \t<li class=\"x_xxxxxmsonormal\"><strong>Couvercle compatible disponible: en polypropyl\u00e8ne rouge,<\/strong> pour une protection optimale du contenu.<\/li>\r\n<\/ul>","protected":false},"excerpt":{"rendered":"Le bol en m\u00e9lamine allie \u00e9l\u00e9gance et fonctionnalit\u00e9, gr\u00e2ce \u00e0 sa couleur brillante et lustr\u00e9e, semblable \u00e0 la porcelaine, offrant r\u00e9sistance et praticit\u00e9 pour un usage quotidien. Diam\u00e8tre: 150 mm, id\u00e9al pour servir sauces, desserts ou accompagnements. Mat\u00e9riau: M\u00e9lamine incassable, hautement r\u00e9sistante aux chocs et durable dans le temps. Temp\u00e9rature d&#8217;utilisation: de -20\u00b0C \u00e0 +120\u00b0C, [&hellip;]","protected":false},"featured_media":19092,"template":"","meta":{"_acf_changed":false,"_themeisle_gutenberg_block_has_review":false},"product_brand":[],"product_cat":[241],"product_tag":[],"class_list":{"0":"post-19316","1":"product","2":"type-product","3":"status-publish","4":"has-post-thumbnail","6":"product_cat-accessoires","8":"first","9":"instock","10":"shipping-taxable","11":"product-type-simple"},"acf":[],"yoast_head":"<!-- This site is optimized with the Yoast SEO plugin v26.4 - https:\/\/yoast.com\/wordpress\/plugins\/seo\/ -->\n<title>Bol en M\u00e9lamine \u2013 \u00d8 150 mm - MELFORM<\/title>\n<meta name=\"robots\" content=\"index, follow, max-snippet:-1, max-image-preview:large, max-video-preview:-1\" \/>\n<link rel=\"canonical\" href=\"https:\/\/www.melform.com\/fr\/conteneurs-\/catalogue-de-produits\/accessoires\/bol-en-melamine-o-150-mm\/\" \/>\n<meta property=\"og:locale\" content=\"fr_FR\" \/>\n<meta property=\"og:type\" content=\"article\" \/>\n<meta property=\"og:title\" content=\"Bol en M\u00e9lamine \u2013 \u00d8 150 mm - MELFORM\" \/>\n<meta property=\"og:description\" content=\"Le bol en m\u00e9lamine allie \u00e9l\u00e9gance et fonctionnalit\u00e9, gr\u00e2ce \u00e0 sa couleur brillante et lustr\u00e9e, semblable \u00e0 la porcelaine, offrant r\u00e9sistance et praticit\u00e9 pour un usage quotidien. Diam\u00e8tre: 150 mm, id\u00e9al pour servir sauces, desserts ou accompagnements. Mat\u00e9riau: M\u00e9lamine incassable, hautement r\u00e9sistante aux chocs et durable dans le temps. Temp\u00e9rature d&#8217;utilisation: de -20\u00b0C \u00e0 +120\u00b0C, [&hellip;]\" \/>\n<meta property=\"og:url\" content=\"https:\/\/www.melform.com\/fr\/conteneurs-\/catalogue-de-produits\/accessoires\/bol-en-melamine-o-150-mm\/\" \/>\n<meta property=\"og:site_name\" content=\"MELFORM\" \/>\n<meta property=\"article:modified_time\" content=\"2025-02-22T16:05:28+00:00\" \/>\n<meta property=\"og:image\" content=\"https:\/\/www.melform.com\/wp-content\/uploads\/2022\/10\/ok_5653.jpg\" \/>\n\t<meta property=\"og:image:width\" content=\"1200\" \/>\n\t<meta property=\"og:image:height\" content=\"1200\" \/>\n\t<meta property=\"og:image:type\" content=\"image\/jpeg\" \/>\n<meta name=\"twitter:card\" content=\"summary_large_image\" \/>\n<script type=\"application\/ld+json\" class=\"yoast-schema-graph\">{\"@context\":\"https:\/\/schema.org\",\"@graph\":[{\"@type\":\"WebPage\",\"@id\":\"https:\/\/www.melform.com\/fr\/conteneurs-\/catalogue-de-produits\/accessoires\/bol-en-melamine-o-150-mm\/\",\"url\":\"https:\/\/www.melform.com\/fr\/conteneurs-\/catalogue-de-produits\/accessoires\/bol-en-melamine-o-150-mm\/\",\"name\":\"Bol en M\u00e9lamine \u2013 \u00d8 150 mm - MELFORM\",\"isPartOf\":{\"@id\":\"https:\/\/www.melform.com\/fr\/#website\"},\"primaryImageOfPage\":{\"@id\":\"https:\/\/www.melform.com\/fr\/conteneurs-\/catalogue-de-produits\/accessoires\/bol-en-melamine-o-150-mm\/#primaryimage\"},\"image\":{\"@id\":\"https:\/\/www.melform.com\/fr\/conteneurs-\/catalogue-de-produits\/accessoires\/bol-en-melamine-o-150-mm\/#primaryimage\"},\"thumbnailUrl\":\"https:\/\/www.melform.com\/wp-content\/uploads\/2022\/10\/ok_5653.jpg\",\"datePublished\":\"2025-02-22T16:04:32+00:00\",\"dateModified\":\"2025-02-22T16:05:28+00:00\",\"breadcrumb\":{\"@id\":\"https:\/\/www.melform.com\/fr\/conteneurs-\/catalogue-de-produits\/accessoires\/bol-en-melamine-o-150-mm\/#breadcrumb\"},\"inLanguage\":\"fr-FR\",\"potentialAction\":[{\"@type\":\"ReadAction\",\"target\":[\"https:\/\/www.melform.com\/fr\/conteneurs-\/catalogue-de-produits\/accessoires\/bol-en-melamine-o-150-mm\/\"]}]},{\"@type\":\"ImageObject\",\"inLanguage\":\"fr-FR\",\"@id\":\"https:\/\/www.melform.com\/fr\/conteneurs-\/catalogue-de-produits\/accessoires\/bol-en-melamine-o-150-mm\/#primaryimage\",\"url\":\"https:\/\/www.melform.com\/wp-content\/uploads\/2022\/10\/ok_5653.jpg\",\"contentUrl\":\"https:\/\/www.melform.com\/wp-content\/uploads\/2022\/10\/ok_5653.jpg\",\"width\":1200,\"height\":1200},{\"@type\":\"BreadcrumbList\",\"@id\":\"https:\/\/www.melform.com\/fr\/conteneurs-\/catalogue-de-produits\/accessoires\/bol-en-melamine-o-150-mm\/#breadcrumb\",\"itemListElement\":[{\"@type\":\"ListItem\",\"position\":1,\"name\":\"Home\",\"item\":\"https:\/\/www.melform.com\/fr\/\"},{\"@type\":\"ListItem\",\"position\":2,\"name\":\"Shop\",\"item\":\"https:\/\/www.melform.com\/fr\/shop\/\"},{\"@type\":\"ListItem\",\"position\":3,\"name\":\"Bol en M\u00e9lamine \u2013 \u00d8 150 mm\"}]},{\"@type\":\"WebSite\",\"@id\":\"https:\/\/www.melform.com\/fr\/#website\",\"url\":\"https:\/\/www.melform.com\/fr\/\",\"name\":\"MELFORM\",\"description\":\"SISTEMI PER IL TRASPORTO E STOCCAGGIO A TEMPERATURA CONTROLLATA\",\"potentialAction\":[{\"@type\":\"SearchAction\",\"target\":{\"@type\":\"EntryPoint\",\"urlTemplate\":\"https:\/\/www.melform.com\/fr\/?s={search_term_string}\"},\"query-input\":{\"@type\":\"PropertyValueSpecification\",\"valueRequired\":true,\"valueName\":\"search_term_string\"}}],\"inLanguage\":\"fr-FR\"}]}<\/script>\n<!-- \/ Yoast SEO plugin. -->","yoast_head_json":{"title":"Bol en M\u00e9lamine \u2013 \u00d8 150 mm - MELFORM","robots":{"index":"index","follow":"follow","max-snippet":"max-snippet:-1","max-image-preview":"max-image-preview:large","max-video-preview":"max-video-preview:-1"},"canonical":"https:\/\/www.melform.com\/fr\/conteneurs-\/catalogue-de-produits\/accessoires\/bol-en-melamine-o-150-mm\/","og_locale":"fr_FR","og_type":"article","og_title":"Bol en M\u00e9lamine \u2013 \u00d8 150 mm - MELFORM","og_description":"Le bol en m\u00e9lamine allie \u00e9l\u00e9gance et fonctionnalit\u00e9, gr\u00e2ce \u00e0 sa couleur brillante et lustr\u00e9e, semblable \u00e0 la porcelaine, offrant r\u00e9sistance et praticit\u00e9 pour un usage quotidien. Diam\u00e8tre: 150 mm, id\u00e9al pour servir sauces, desserts ou accompagnements. Mat\u00e9riau: M\u00e9lamine incassable, hautement r\u00e9sistante aux chocs et durable dans le temps. Temp\u00e9rature d&#8217;utilisation: de -20\u00b0C \u00e0 +120\u00b0C, [&hellip;]","og_url":"https:\/\/www.melform.com\/fr\/conteneurs-\/catalogue-de-produits\/accessoires\/bol-en-melamine-o-150-mm\/","og_site_name":"MELFORM","article_modified_time":"2025-02-22T16:05:28+00:00","og_image":[{"width":1200,"height":1200,"url":"https:\/\/www.melform.com\/wp-content\/uploads\/2022\/10\/ok_5653.jpg","type":"image\/jpeg"}],"twitter_card":"summary_large_image","schema":{"@context":"https:\/\/schema.org","@graph":[{"@type":"WebPage","@id":"https:\/\/www.melform.com\/fr\/conteneurs-\/catalogue-de-produits\/accessoires\/bol-en-melamine-o-150-mm\/","url":"https:\/\/www.melform.com\/fr\/conteneurs-\/catalogue-de-produits\/accessoires\/bol-en-melamine-o-150-mm\/","name":"Bol en M\u00e9lamine \u2013 \u00d8 150 mm - MELFORM","isPartOf":{"@id":"https:\/\/www.melform.com\/fr\/#website"},"primaryImageOfPage":{"@id":"https:\/\/www.melform.com\/fr\/conteneurs-\/catalogue-de-produits\/accessoires\/bol-en-melamine-o-150-mm\/#primaryimage"},"image":{"@id":"https:\/\/www.melform.com\/fr\/conteneurs-\/catalogue-de-produits\/accessoires\/bol-en-melamine-o-150-mm\/#primaryimage"},"thumbnailUrl":"https:\/\/www.melform.com\/wp-content\/uploads\/2022\/10\/ok_5653.jpg","datePublished":"2025-02-22T16:04:32+00:00","dateModified":"2025-02-22T16:05:28+00:00","breadcrumb":{"@id":"https:\/\/www.melform.com\/fr\/conteneurs-\/catalogue-de-produits\/accessoires\/bol-en-melamine-o-150-mm\/#breadcrumb"},"inLanguage":"fr-FR","potentialAction":[{"@type":"ReadAction","target":["https:\/\/www.melform.com\/fr\/conteneurs-\/catalogue-de-produits\/accessoires\/bol-en-melamine-o-150-mm\/"]}]},{"@type":"ImageObject","inLanguage":"fr-FR","@id":"https:\/\/www.melform.com\/fr\/conteneurs-\/catalogue-de-produits\/accessoires\/bol-en-melamine-o-150-mm\/#primaryimage","url":"https:\/\/www.melform.com\/wp-content\/uploads\/2022\/10\/ok_5653.jpg","contentUrl":"https:\/\/www.melform.com\/wp-content\/uploads\/2022\/10\/ok_5653.jpg","width":1200,"height":1200},{"@type":"BreadcrumbList","@id":"https:\/\/www.melform.com\/fr\/conteneurs-\/catalogue-de-produits\/accessoires\/bol-en-melamine-o-150-mm\/#breadcrumb","itemListElement":[{"@type":"ListItem","position":1,"name":"Home","item":"https:\/\/www.melform.com\/fr\/"},{"@type":"ListItem","position":2,"name":"Shop","item":"https:\/\/www.melform.com\/fr\/shop\/"},{"@type":"ListItem","position":3,"name":"Bol en M\u00e9lamine \u2013 \u00d8 150 mm"}]},{"@type":"WebSite","@id":"https:\/\/www.melform.com\/fr\/#website","url":"https:\/\/www.melform.com\/fr\/","name":"MELFORM","description":"SISTEMI PER IL TRASPORTO E STOCCAGGIO A TEMPERATURA CONTROLLATA","potentialAction":[{"@type":"SearchAction","target":{"@type":"EntryPoint","urlTemplate":"https:\/\/www.melform.com\/fr\/?s={search_term_string}"},"query-input":{"@type":"PropertyValueSpecification","valueRequired":true,"valueName":"search_term_string"}}],"inLanguage":"fr-FR"}]}},"_links":{"self":[{"href":"https:\/\/www.melform.com\/fr\/wp-json\/wp\/v2\/product\/19316","targetHints":{"allow":["GET"]}}],"collection":[{"href":"https:\/\/www.melform.com\/fr\/wp-json\/wp\/v2\/product"}],"about":[{"href":"https:\/\/www.melform.com\/fr\/wp-json\/wp\/v2\/types\/product"}],"wp:featuredmedia":[{"embeddable":true,"href":"https:\/\/www.melform.com\/fr\/wp-json\/wp\/v2\/media\/19092"}],"wp:attachment":[{"href":"https:\/\/www.melform.com\/fr\/wp-json\/wp\/v2\/media?parent=19316"}],"wp:term":[{"taxonomy":"product_brand","embeddable":true,"href":"https:\/\/www.melform.com\/fr\/wp-json\/wp\/v2\/product_brand?post=19316"},{"taxonomy":"product_cat","embeddable":true,"href":"https:\/\/www.melform.com\/fr\/wp-json\/wp\/v2\/product_cat?post=19316"},{"taxonomy":"product_tag","embeddable":true,"href":"https:\/\/www.melform.com\/fr\/wp-json\/wp\/v2\/product_tag?post=19316"}],"curies":[{"name":"wp","href":"https:\/\/api.w.org\/{rel}","templated":true}]}}