{"id":24223,"date":"2026-04-19T23:01:58","date_gmt":"2026-04-19T21:01:58","guid":{"rendered":"https:\/\/www.melform.com\/?post_type=product&#038;p=24223"},"modified":"2026-04-20T11:36:48","modified_gmt":"2026-04-20T09:36:48","slug":"conteneur-refrigere-koala-90-copia","status":"publish","type":"product","link":"https:\/\/www.melform.com\/fr\/conteneurs-\/catalogue-de-produits\/conteneurs-refrigeres\/conteneur-refrigere-koala-90-copia\/","title":{"rendered":"Conteneur r\u00e9frig\u00e9r\u00e9 &#8211; KOALA 90-XTRA"},"content":{"rendered":"<div class=\"wpb-content-wrapper\">[vc_row][vc_column][vc_column_text css=&#8221;&#8221;]Conteneur r\u00e9frig\u00e9r\u00e9 mobile con\u00e7u pour le transport de produits \u00e0 temp\u00e9rature contr\u00f4l\u00e9e, avec une capacit\u00e9 utile de 86 litres. La structure est r\u00e9alis\u00e9e en poly\u00e9thyl\u00e8ne apte au contact alimentaire, fabriqu\u00e9e par rotomoulage, garantissant une excellente r\u00e9sistance m\u00e9canique, l\u2019absence de joints et une grande durabilit\u00e9. L\u2019isolation est assur\u00e9e par une mousse polyur\u00e9thane haute densit\u00e9, sans CFC ni HCFC, offrant une excellente inertie thermique et limitant les d\u00e9perditions.\u00a0Le syst\u00e8me de r\u00e9frig\u00e9ration est compos\u00e9 d\u2019un groupe frigorifique statique avec \u00e9vaporateur type roll-bond et thermostat digital programmable, permettant un contr\u00f4le actif de la temp\u00e9rature dans une plage de -25\u00b0C \/ +40\u00b0C.\u00a0Le groupe frigorifique est disponible en configuration sur t\u00eate ou sur dos, offrant une plus grande flexibilit\u00e9 d\u2019installation.\u00a0Le syst\u00e8me est aliment\u00e9 par une double alimentation 12Vdc \/ 230Vac, le rendant adapt\u00e9 aux applications mobiles et stationnaires.\r\n\r\n<strong>Sp\u00e9cifications techniques<\/strong>\r\n<ul>\r\n \t<li><strong>Capacit\u00e9 utile :<\/strong> 86 L<\/li>\r\n \t<li><strong>Mat\u00e9riau :<\/strong> Poly\u00e9thyl\u00e8ne apte au contact alimentaire (PE)<\/li>\r\n \t<li><strong>Technologie de fabrication :<\/strong> Rotomoulage<\/li>\r\n \t<li><strong>Isolation :<\/strong> Mousse polyur\u00e9thane haute densit\u00e9 sans CFC\/HCFC<\/li>\r\n \t<li><strong>\u00c9paisseur des parois :<\/strong> \u00c9paisseur \u00e9lev\u00e9e pour une isolation thermique optimale<\/li>\r\n \t<li><strong>Plage de temp\u00e9rature :<\/strong> -25\u00b0C \u00e0 +40\u00b0C<\/li>\r\n \t<li><strong>Syst\u00e8me frigorifique :<\/strong> Statique avec \u00e9vaporateur roll-bond<\/li>\r\n \t<li><strong>Contr\u00f4le de temp\u00e9rature :<\/strong> Thermostat digital programmable<\/li>\r\n \t<li><strong>Alimentation :<\/strong> 12Vdc \/ 230Vac<\/li>\r\n \t<li><strong>Acc\u00e8s :<\/strong> Ouverture frontale pour un chargement\/d\u00e9chargement rapide<\/li>\r\n \t<li><strong>Fermetures :<\/strong> Verrous en acier inoxydable haute r\u00e9sistance<\/li>\r\n \t<li><strong>\u00c9tanch\u00e9it\u00e9 :<\/strong> Joint en silicone \u00e0 haute \u00e9tanch\u00e9it\u00e9<\/li>\r\n<\/ul>\r\n[\/vc_column_text][\/vc_column][\/vc_row]<\/div>","protected":false},"excerpt":{"rendered":"[vc_row][vc_column][vc_column_text css=&#8221;&#8221;]Conteneur r\u00e9frig\u00e9r\u00e9 mobile con\u00e7u pour le transport de produits \u00e0 temp\u00e9rature contr\u00f4l\u00e9e, avec une capacit\u00e9 utile de 86 litres. La structure est r\u00e9alis\u00e9e en poly\u00e9thyl\u00e8ne apte au contact alimentaire, fabriqu\u00e9e par rotomoulage, garantissant une excellente r\u00e9sistance m\u00e9canique, l\u2019absence de joints et une grande durabilit\u00e9. L\u2019isolation est assur\u00e9e par une mousse polyur\u00e9thane haute densit\u00e9, sans [&hellip;]","protected":false},"featured_media":24233,"template":"","meta":{"_acf_changed":false,"_themeisle_gutenberg_block_has_review":false},"product_brand":[],"product_cat":[912,236,237],"product_tag":[],"class_list":{"0":"post-24223","1":"product","2":"type-product","3":"status-publish","4":"has-post-thumbnail","6":"product_cat-catalogue-de-produits","7":"product_cat-conteneurs-refrigeres","8":"product_cat-conteneurs-isothermes-refrigeres-koala","9":"pa_linea-koala-fr","10":"pa_range-di-temperatura-25c-40-fr","11":"pa_range-di-temperatura-0c-40-fr","13":"first","14":"instock","15":"product-type-variable","16":"has-default-attributes","17":"wvs-archive-product-wrapper"},"acf":[],"yoast_head":"<!-- This site is optimized with the Yoast SEO plugin v26.4 - https:\/\/yoast.com\/wordpress\/plugins\/seo\/ -->\n<title>Conteneur r\u00e9frig\u00e9r\u00e9 - KOALA 90-XTRA - MELFORM<\/title>\n<meta name=\"robots\" content=\"index, follow, max-snippet:-1, max-image-preview:large, max-video-preview:-1\" \/>\n<link rel=\"canonical\" href=\"https:\/\/www.melform.com\/fr\/conteneurs-\/catalogue-de-produits\/conteneurs-refrigeres\/conteneur-refrigere-koala-90-copia\/\" \/>\n<meta property=\"og:locale\" content=\"fr_FR\" \/>\n<meta property=\"og:type\" content=\"article\" \/>\n<meta property=\"og:title\" content=\"Conteneur r\u00e9frig\u00e9r\u00e9 - KOALA 90-XTRA - MELFORM\" \/>\n<meta property=\"og:description\" content=\"[vc_row][vc_column][vc_column_text css=&#8221;&#8221;]Conteneur r\u00e9frig\u00e9r\u00e9 mobile con\u00e7u pour le transport de produits \u00e0 temp\u00e9rature contr\u00f4l\u00e9e, avec une capacit\u00e9 utile de 86 litres. La structure est r\u00e9alis\u00e9e en poly\u00e9thyl\u00e8ne apte au contact alimentaire, fabriqu\u00e9e par rotomoulage, garantissant une excellente r\u00e9sistance m\u00e9canique, l\u2019absence de joints et une grande durabilit\u00e9. L\u2019isolation est assur\u00e9e par une mousse polyur\u00e9thane haute densit\u00e9, sans [&hellip;]\" \/>\n<meta property=\"og:url\" content=\"https:\/\/www.melform.com\/fr\/conteneurs-\/catalogue-de-produits\/conteneurs-refrigeres\/conteneur-refrigere-koala-90-copia\/\" \/>\n<meta property=\"og:site_name\" content=\"MELFORM\" \/>\n<meta property=\"article:modified_time\" content=\"2026-04-20T09:36:48+00:00\" \/>\n<meta property=\"og:image\" content=\"https:\/\/www.melform.com\/wp-content\/uploads\/2026\/04\/KD_90_CHIUSO.jpg\" \/>\n\t<meta property=\"og:image:width\" content=\"2000\" \/>\n\t<meta property=\"og:image:height\" content=\"2000\" \/>\n\t<meta property=\"og:image:type\" content=\"image\/jpeg\" \/>\n<meta name=\"twitter:card\" content=\"summary_large_image\" \/>\n<script type=\"application\/ld+json\" class=\"yoast-schema-graph\">{\"@context\":\"https:\/\/schema.org\",\"@graph\":[{\"@type\":\"WebPage\",\"@id\":\"https:\/\/www.melform.com\/fr\/conteneurs-\/catalogue-de-produits\/conteneurs-refrigeres\/conteneur-refrigere-koala-90-copia\/\",\"url\":\"https:\/\/www.melform.com\/fr\/conteneurs-\/catalogue-de-produits\/conteneurs-refrigeres\/conteneur-refrigere-koala-90-copia\/\",\"name\":\"Conteneur r\u00e9frig\u00e9r\u00e9 - KOALA 90-XTRA - MELFORM\",\"isPartOf\":{\"@id\":\"https:\/\/www.melform.com\/fr\/#website\"},\"primaryImageOfPage\":{\"@id\":\"https:\/\/www.melform.com\/fr\/conteneurs-\/catalogue-de-produits\/conteneurs-refrigeres\/conteneur-refrigere-koala-90-copia\/#primaryimage\"},\"image\":{\"@id\":\"https:\/\/www.melform.com\/fr\/conteneurs-\/catalogue-de-produits\/conteneurs-refrigeres\/conteneur-refrigere-koala-90-copia\/#primaryimage\"},\"thumbnailUrl\":\"https:\/\/www.melform.com\/wp-content\/uploads\/2026\/04\/KD_90_CHIUSO.jpg\",\"datePublished\":\"2026-04-19T21:01:58+00:00\",\"dateModified\":\"2026-04-20T09:36:48+00:00\",\"breadcrumb\":{\"@id\":\"https:\/\/www.melform.com\/fr\/conteneurs-\/catalogue-de-produits\/conteneurs-refrigeres\/conteneur-refrigere-koala-90-copia\/#breadcrumb\"},\"inLanguage\":\"fr-FR\",\"potentialAction\":[{\"@type\":\"ReadAction\",\"target\":[\"https:\/\/www.melform.com\/fr\/conteneurs-\/catalogue-de-produits\/conteneurs-refrigeres\/conteneur-refrigere-koala-90-copia\/\"]}]},{\"@type\":\"ImageObject\",\"inLanguage\":\"fr-FR\",\"@id\":\"https:\/\/www.melform.com\/fr\/conteneurs-\/catalogue-de-produits\/conteneurs-refrigeres\/conteneur-refrigere-koala-90-copia\/#primaryimage\",\"url\":\"https:\/\/www.melform.com\/wp-content\/uploads\/2026\/04\/KD_90_CHIUSO.jpg\",\"contentUrl\":\"https:\/\/www.melform.com\/wp-content\/uploads\/2026\/04\/KD_90_CHIUSO.jpg\",\"width\":2000,\"height\":2000},{\"@type\":\"BreadcrumbList\",\"@id\":\"https:\/\/www.melform.com\/fr\/conteneurs-\/catalogue-de-produits\/conteneurs-refrigeres\/conteneur-refrigere-koala-90-copia\/#breadcrumb\",\"itemListElement\":[{\"@type\":\"ListItem\",\"position\":1,\"name\":\"Home\",\"item\":\"https:\/\/www.melform.com\/fr\/\"},{\"@type\":\"ListItem\",\"position\":2,\"name\":\"Shop\",\"item\":\"https:\/\/www.melform.com\/fr\/shop\/\"},{\"@type\":\"ListItem\",\"position\":3,\"name\":\"Conteneur r\u00e9frig\u00e9r\u00e9 &#8211; KOALA 90-XTRA\"}]},{\"@type\":\"WebSite\",\"@id\":\"https:\/\/www.melform.com\/fr\/#website\",\"url\":\"https:\/\/www.melform.com\/fr\/\",\"name\":\"MELFORM\",\"description\":\"SISTEMI PER IL TRASPORTO E STOCCAGGIO A TEMPERATURA CONTROLLATA\",\"potentialAction\":[{\"@type\":\"SearchAction\",\"target\":{\"@type\":\"EntryPoint\",\"urlTemplate\":\"https:\/\/www.melform.com\/fr\/?s={search_term_string}\"},\"query-input\":{\"@type\":\"PropertyValueSpecification\",\"valueRequired\":true,\"valueName\":\"search_term_string\"}}],\"inLanguage\":\"fr-FR\"}]}<\/script>\n<!-- \/ Yoast SEO plugin. -->","yoast_head_json":{"title":"Conteneur r\u00e9frig\u00e9r\u00e9 - KOALA 90-XTRA - MELFORM","robots":{"index":"index","follow":"follow","max-snippet":"max-snippet:-1","max-image-preview":"max-image-preview:large","max-video-preview":"max-video-preview:-1"},"canonical":"https:\/\/www.melform.com\/fr\/conteneurs-\/catalogue-de-produits\/conteneurs-refrigeres\/conteneur-refrigere-koala-90-copia\/","og_locale":"fr_FR","og_type":"article","og_title":"Conteneur r\u00e9frig\u00e9r\u00e9 - KOALA 90-XTRA - MELFORM","og_description":"[vc_row][vc_column][vc_column_text css=&#8221;&#8221;]Conteneur r\u00e9frig\u00e9r\u00e9 mobile con\u00e7u pour le transport de produits \u00e0 temp\u00e9rature contr\u00f4l\u00e9e, avec une capacit\u00e9 utile de 86 litres. La structure est r\u00e9alis\u00e9e en poly\u00e9thyl\u00e8ne apte au contact alimentaire, fabriqu\u00e9e par rotomoulage, garantissant une excellente r\u00e9sistance m\u00e9canique, l\u2019absence de joints et une grande durabilit\u00e9. L\u2019isolation est assur\u00e9e par une mousse polyur\u00e9thane haute densit\u00e9, sans [&hellip;]","og_url":"https:\/\/www.melform.com\/fr\/conteneurs-\/catalogue-de-produits\/conteneurs-refrigeres\/conteneur-refrigere-koala-90-copia\/","og_site_name":"MELFORM","article_modified_time":"2026-04-20T09:36:48+00:00","og_image":[{"width":2000,"height":2000,"url":"https:\/\/www.melform.com\/wp-content\/uploads\/2026\/04\/KD_90_CHIUSO.jpg","type":"image\/jpeg"}],"twitter_card":"summary_large_image","schema":{"@context":"https:\/\/schema.org","@graph":[{"@type":"WebPage","@id":"https:\/\/www.melform.com\/fr\/conteneurs-\/catalogue-de-produits\/conteneurs-refrigeres\/conteneur-refrigere-koala-90-copia\/","url":"https:\/\/www.melform.com\/fr\/conteneurs-\/catalogue-de-produits\/conteneurs-refrigeres\/conteneur-refrigere-koala-90-copia\/","name":"Conteneur r\u00e9frig\u00e9r\u00e9 - KOALA 90-XTRA - MELFORM","isPartOf":{"@id":"https:\/\/www.melform.com\/fr\/#website"},"primaryImageOfPage":{"@id":"https:\/\/www.melform.com\/fr\/conteneurs-\/catalogue-de-produits\/conteneurs-refrigeres\/conteneur-refrigere-koala-90-copia\/#primaryimage"},"image":{"@id":"https:\/\/www.melform.com\/fr\/conteneurs-\/catalogue-de-produits\/conteneurs-refrigeres\/conteneur-refrigere-koala-90-copia\/#primaryimage"},"thumbnailUrl":"https:\/\/www.melform.com\/wp-content\/uploads\/2026\/04\/KD_90_CHIUSO.jpg","datePublished":"2026-04-19T21:01:58+00:00","dateModified":"2026-04-20T09:36:48+00:00","breadcrumb":{"@id":"https:\/\/www.melform.com\/fr\/conteneurs-\/catalogue-de-produits\/conteneurs-refrigeres\/conteneur-refrigere-koala-90-copia\/#breadcrumb"},"inLanguage":"fr-FR","potentialAction":[{"@type":"ReadAction","target":["https:\/\/www.melform.com\/fr\/conteneurs-\/catalogue-de-produits\/conteneurs-refrigeres\/conteneur-refrigere-koala-90-copia\/"]}]},{"@type":"ImageObject","inLanguage":"fr-FR","@id":"https:\/\/www.melform.com\/fr\/conteneurs-\/catalogue-de-produits\/conteneurs-refrigeres\/conteneur-refrigere-koala-90-copia\/#primaryimage","url":"https:\/\/www.melform.com\/wp-content\/uploads\/2026\/04\/KD_90_CHIUSO.jpg","contentUrl":"https:\/\/www.melform.com\/wp-content\/uploads\/2026\/04\/KD_90_CHIUSO.jpg","width":2000,"height":2000},{"@type":"BreadcrumbList","@id":"https:\/\/www.melform.com\/fr\/conteneurs-\/catalogue-de-produits\/conteneurs-refrigeres\/conteneur-refrigere-koala-90-copia\/#breadcrumb","itemListElement":[{"@type":"ListItem","position":1,"name":"Home","item":"https:\/\/www.melform.com\/fr\/"},{"@type":"ListItem","position":2,"name":"Shop","item":"https:\/\/www.melform.com\/fr\/shop\/"},{"@type":"ListItem","position":3,"name":"Conteneur r\u00e9frig\u00e9r\u00e9 &#8211; KOALA 90-XTRA"}]},{"@type":"WebSite","@id":"https:\/\/www.melform.com\/fr\/#website","url":"https:\/\/www.melform.com\/fr\/","name":"MELFORM","description":"SISTEMI PER IL TRASPORTO E STOCCAGGIO A TEMPERATURA CONTROLLATA","potentialAction":[{"@type":"SearchAction","target":{"@type":"EntryPoint","urlTemplate":"https:\/\/www.melform.com\/fr\/?s={search_term_string}"},"query-input":{"@type":"PropertyValueSpecification","valueRequired":true,"valueName":"search_term_string"}}],"inLanguage":"fr-FR"}]}},"_links":{"self":[{"href":"https:\/\/www.melform.com\/fr\/wp-json\/wp\/v2\/product\/24223","targetHints":{"allow":["GET"]}}],"collection":[{"href":"https:\/\/www.melform.com\/fr\/wp-json\/wp\/v2\/product"}],"about":[{"href":"https:\/\/www.melform.com\/fr\/wp-json\/wp\/v2\/types\/product"}],"wp:featuredmedia":[{"embeddable":true,"href":"https:\/\/www.melform.com\/fr\/wp-json\/wp\/v2\/media\/24233"}],"wp:attachment":[{"href":"https:\/\/www.melform.com\/fr\/wp-json\/wp\/v2\/media?parent=24223"}],"wp:term":[{"taxonomy":"product_brand","embeddable":true,"href":"https:\/\/www.melform.com\/fr\/wp-json\/wp\/v2\/product_brand?post=24223"},{"taxonomy":"product_cat","embeddable":true,"href":"https:\/\/www.melform.com\/fr\/wp-json\/wp\/v2\/product_cat?post=24223"},{"taxonomy":"product_tag","embeddable":true,"href":"https:\/\/www.melform.com\/fr\/wp-json\/wp\/v2\/product_tag?post=24223"}],"curies":[{"name":"wp","href":"https:\/\/api.w.org\/{rel}","templated":true}]}}