{"id":24971,"date":"2026-05-16T00:18:59","date_gmt":"2026-05-15T22:18:59","guid":{"rendered":"https:\/\/www.melform.com\/?post_type=product&#038;p=24971"},"modified":"2026-05-16T11:50:11","modified_gmt":"2026-05-16T09:50:11","slug":"af12-systeme-modulaire-chaud-numerique-surgele-copia","status":"publish","type":"product","link":"https:\/\/www.melform.com\/fr\/conteneurs-\/catalogue-de-produits\/systemes-modulaires\/af12-systeme-modulaire-chaud-numerique-surgele-copia\/","title":{"rendered":"AF12 Syst\u00e8me modulaire chaud\/surgel\u00e9"},"content":{"rendered":"<div class=\"wpb-content-wrapper\">[vc_row][vc_column][vc_column_text css=&#8221;&#8221;]\r\n<p data-path-to-node=\"10\"><b data-path-to-node=\"10\" data-index-in-node=\"0\">Le syst\u00e8me modulaire AF12 Chaud\/Surgel\u00e9<\/b> permet le <b data-path-to-node=\"10\" data-index-in-node=\"50\">transport simultan\u00e9 d&#8217;aliments chauds et surgel\u00e9s<\/b> gr\u00e2ce \u00e0 la combinaison d&#8217;un <b data-path-to-node=\"10\" data-index-in-node=\"128\">conteneur chauffant analogique AF12<\/b> et d&#8217;un <b data-path-to-node=\"10\" data-index-in-node=\"172\">conteneur r\u00e9frig\u00e9r\u00e9 KOALA 90<\/b>.<\/p>\r\n\r\n<ul data-path-to-node=\"11\">\r\n \t<li>\r\n<p data-path-to-node=\"11,0,0\">Configuration compos\u00e9e de <b data-path-to-node=\"11,0,0\" data-index-in-node=\"26\">1 conteneur chauffant analogique AF12, 1 conteneur r\u00e9frig\u00e9r\u00e9 KOALA 90, un chariot et un kit de verrouillage<\/b>.<\/p>\r\n<\/li>\r\n \t<li>\r\n<p data-path-to-node=\"11,1,0\"><b data-path-to-node=\"11,1,0\" data-index-in-node=\"0\">Capacit\u00e9 totale : 180 litres<\/b>.<\/p>\r\n<\/li>\r\n \t<li>\r\n<p data-path-to-node=\"11,2,0\"><b data-path-to-node=\"11,2,0\" data-index-in-node=\"0\">Transport multi-temp\u00e9rature d&#8217;aliments chauds, frais et surgel\u00e9s<\/b> dans le m\u00eame syst\u00e8me.<\/p>\r\n<\/li>\r\n \t<li>\r\n<p data-path-to-node=\"11,3,0\">Compatible avec les <b data-path-to-node=\"11,3,0\" data-index-in-node=\"20\">bacs et plateaux GN 1\/1<\/b> pour une <b data-path-to-node=\"11,3,0\" data-index-in-node=\"53\">gestion polyvalente de la charge<\/b>.<\/p>\r\n<\/li>\r\n \t<li>\r\n<p data-path-to-node=\"11,4,0\"><b data-path-to-node=\"11,4,0\" data-index-in-node=\"0\">Conteneur chauffant analogique AF12<\/b> con\u00e7u pour garantir la <b data-path-to-node=\"11,4,0\" data-index-in-node=\"59\">continuit\u00e9 thermique<\/b> pendant le transport. \u00c9galement disponible en <b data-path-to-node=\"11,4,0\" data-index-in-node=\"126\">version digitale<\/b>.<\/p>\r\n<\/li>\r\n \t<li>\r\n<p data-path-to-node=\"11,5,0\">Fabriqu\u00e9 en <b data-path-to-node=\"11,5,0\" data-index-in-node=\"12\">poly\u00e9thyl\u00e8ne haute r\u00e9sistance<\/b> avec <b data-path-to-node=\"11,5,0\" data-index-in-node=\"47\">isolation thermique haute performance<\/b>.<\/p>\r\n<\/li>\r\n \t<li>\r\n<p data-path-to-node=\"11,6,0\">Id\u00e9al pour la <b data-path-to-node=\"11,6,0\" data-index-in-node=\"14\">distribution professionnelle de repas \u00e0 temp\u00e9ratures diff\u00e9renci\u00e9es<\/b>.<\/p>\r\n<\/li>\r\n<\/ul>\r\n[\/vc_column_text][\/vc_column][\/vc_row]<\/div>","protected":false},"excerpt":{"rendered":"[vc_row][vc_column][vc_column_text css=&#8221;&#8221;] Le syst\u00e8me modulaire AF12 Chaud\/Surgel\u00e9 permet le transport simultan\u00e9 d&#8217;aliments chauds et surgel\u00e9s gr\u00e2ce \u00e0 la combinaison d&#8217;un conteneur chauffant analogique AF12 et d&#8217;un conteneur r\u00e9frig\u00e9r\u00e9 KOALA 90. Configuration compos\u00e9e de 1 conteneur chauffant analogique AF12, 1 conteneur r\u00e9frig\u00e9r\u00e9 KOALA 90, un chariot et un kit de verrouillage. Capacit\u00e9 totale : 180 litres. [&hellip;]","protected":false},"featured_media":24968,"template":"","meta":{"_acf_changed":false,"_themeisle_gutenberg_block_has_review":false},"product_brand":[],"product_cat":[912,1177],"product_tag":[],"class_list":{"0":"post-24971","1":"product","2":"type-product","3":"status-publish","4":"has-post-thumbnail","6":"product_cat-catalogue-de-produits","7":"product_cat-systemes-modulaires","8":"pa_moq-1-fr","10":"first","11":"instock","12":"product-type-simple"},"acf":[],"yoast_head":"<!-- This site is optimized with the Yoast SEO plugin v26.4 - https:\/\/yoast.com\/wordpress\/plugins\/seo\/ -->\n<title>AF12 Syst\u00e8me modulaire chaud\/surgel\u00e9 - MELFORM<\/title>\n<meta name=\"robots\" content=\"index, follow, max-snippet:-1, max-image-preview:large, max-video-preview:-1\" \/>\n<link rel=\"canonical\" href=\"https:\/\/www.melform.com\/fr\/conteneurs-\/catalogue-de-produits\/systemes-modulaires\/af12-systeme-modulaire-chaud-numerique-surgele-copia\/\" \/>\n<meta property=\"og:locale\" content=\"fr_FR\" \/>\n<meta property=\"og:type\" content=\"article\" \/>\n<meta property=\"og:title\" content=\"AF12 Syst\u00e8me modulaire chaud\/surgel\u00e9 - MELFORM\" \/>\n<meta property=\"og:description\" content=\"[vc_row][vc_column][vc_column_text css=&#8221;&#8221;] Le syst\u00e8me modulaire AF12 Chaud\/Surgel\u00e9 permet le transport simultan\u00e9 d&#8217;aliments chauds et surgel\u00e9s gr\u00e2ce \u00e0 la combinaison d&#8217;un conteneur chauffant analogique AF12 et d&#8217;un conteneur r\u00e9frig\u00e9r\u00e9 KOALA 90. Configuration compos\u00e9e de 1 conteneur chauffant analogique AF12, 1 conteneur r\u00e9frig\u00e9r\u00e9 KOALA 90, un chariot et un kit de verrouillage. Capacit\u00e9 totale : 180 litres. [&hellip;]\" \/>\n<meta property=\"og:url\" content=\"https:\/\/www.melform.com\/fr\/conteneurs-\/catalogue-de-produits\/systemes-modulaires\/af12-systeme-modulaire-chaud-numerique-surgele-copia\/\" \/>\n<meta property=\"og:site_name\" content=\"MELFORM\" \/>\n<meta property=\"article:modified_time\" content=\"2026-05-16T09:50:11+00:00\" \/>\n<meta property=\"og:image\" content=\"https:\/\/www.melform.com\/wp-content\/uploads\/2026\/05\/modulare-05.jpg\" \/>\n\t<meta property=\"og:image:width\" content=\"1001\" \/>\n\t<meta property=\"og:image:height\" content=\"1001\" \/>\n\t<meta property=\"og:image:type\" content=\"image\/jpeg\" \/>\n<meta name=\"twitter:card\" content=\"summary_large_image\" \/>\n<script type=\"application\/ld+json\" class=\"yoast-schema-graph\">{\"@context\":\"https:\/\/schema.org\",\"@graph\":[{\"@type\":\"WebPage\",\"@id\":\"https:\/\/www.melform.com\/fr\/conteneurs-\/catalogue-de-produits\/systemes-modulaires\/af12-systeme-modulaire-chaud-numerique-surgele-copia\/\",\"url\":\"https:\/\/www.melform.com\/fr\/conteneurs-\/catalogue-de-produits\/systemes-modulaires\/af12-systeme-modulaire-chaud-numerique-surgele-copia\/\",\"name\":\"AF12 Syst\u00e8me modulaire chaud\/surgel\u00e9 - MELFORM\",\"isPartOf\":{\"@id\":\"https:\/\/www.melform.com\/fr\/#website\"},\"primaryImageOfPage\":{\"@id\":\"https:\/\/www.melform.com\/fr\/conteneurs-\/catalogue-de-produits\/systemes-modulaires\/af12-systeme-modulaire-chaud-numerique-surgele-copia\/#primaryimage\"},\"image\":{\"@id\":\"https:\/\/www.melform.com\/fr\/conteneurs-\/catalogue-de-produits\/systemes-modulaires\/af12-systeme-modulaire-chaud-numerique-surgele-copia\/#primaryimage\"},\"thumbnailUrl\":\"https:\/\/www.melform.com\/wp-content\/uploads\/2026\/05\/modulare-05.jpg\",\"datePublished\":\"2026-05-15T22:18:59+00:00\",\"dateModified\":\"2026-05-16T09:50:11+00:00\",\"breadcrumb\":{\"@id\":\"https:\/\/www.melform.com\/fr\/conteneurs-\/catalogue-de-produits\/systemes-modulaires\/af12-systeme-modulaire-chaud-numerique-surgele-copia\/#breadcrumb\"},\"inLanguage\":\"fr-FR\",\"potentialAction\":[{\"@type\":\"ReadAction\",\"target\":[\"https:\/\/www.melform.com\/fr\/conteneurs-\/catalogue-de-produits\/systemes-modulaires\/af12-systeme-modulaire-chaud-numerique-surgele-copia\/\"]}]},{\"@type\":\"ImageObject\",\"inLanguage\":\"fr-FR\",\"@id\":\"https:\/\/www.melform.com\/fr\/conteneurs-\/catalogue-de-produits\/systemes-modulaires\/af12-systeme-modulaire-chaud-numerique-surgele-copia\/#primaryimage\",\"url\":\"https:\/\/www.melform.com\/wp-content\/uploads\/2026\/05\/modulare-05.jpg\",\"contentUrl\":\"https:\/\/www.melform.com\/wp-content\/uploads\/2026\/05\/modulare-05.jpg\",\"width\":1001,\"height\":1001},{\"@type\":\"BreadcrumbList\",\"@id\":\"https:\/\/www.melform.com\/fr\/conteneurs-\/catalogue-de-produits\/systemes-modulaires\/af12-systeme-modulaire-chaud-numerique-surgele-copia\/#breadcrumb\",\"itemListElement\":[{\"@type\":\"ListItem\",\"position\":1,\"name\":\"Home\",\"item\":\"https:\/\/www.melform.com\/fr\/\"},{\"@type\":\"ListItem\",\"position\":2,\"name\":\"Shop\",\"item\":\"https:\/\/www.melform.com\/fr\/shop\/\"},{\"@type\":\"ListItem\",\"position\":3,\"name\":\"AF12 Syst\u00e8me modulaire chaud\/surgel\u00e9\"}]},{\"@type\":\"WebSite\",\"@id\":\"https:\/\/www.melform.com\/fr\/#website\",\"url\":\"https:\/\/www.melform.com\/fr\/\",\"name\":\"MELFORM\",\"description\":\"SISTEMI PER IL TRASPORTO E STOCCAGGIO A TEMPERATURA CONTROLLATA\",\"potentialAction\":[{\"@type\":\"SearchAction\",\"target\":{\"@type\":\"EntryPoint\",\"urlTemplate\":\"https:\/\/www.melform.com\/fr\/?s={search_term_string}\"},\"query-input\":{\"@type\":\"PropertyValueSpecification\",\"valueRequired\":true,\"valueName\":\"search_term_string\"}}],\"inLanguage\":\"fr-FR\"}]}<\/script>\n<!-- \/ Yoast SEO plugin. -->","yoast_head_json":{"title":"AF12 Syst\u00e8me modulaire chaud\/surgel\u00e9 - MELFORM","robots":{"index":"index","follow":"follow","max-snippet":"max-snippet:-1","max-image-preview":"max-image-preview:large","max-video-preview":"max-video-preview:-1"},"canonical":"https:\/\/www.melform.com\/fr\/conteneurs-\/catalogue-de-produits\/systemes-modulaires\/af12-systeme-modulaire-chaud-numerique-surgele-copia\/","og_locale":"fr_FR","og_type":"article","og_title":"AF12 Syst\u00e8me modulaire chaud\/surgel\u00e9 - MELFORM","og_description":"[vc_row][vc_column][vc_column_text css=&#8221;&#8221;] Le syst\u00e8me modulaire AF12 Chaud\/Surgel\u00e9 permet le transport simultan\u00e9 d&#8217;aliments chauds et surgel\u00e9s gr\u00e2ce \u00e0 la combinaison d&#8217;un conteneur chauffant analogique AF12 et d&#8217;un conteneur r\u00e9frig\u00e9r\u00e9 KOALA 90. Configuration compos\u00e9e de 1 conteneur chauffant analogique AF12, 1 conteneur r\u00e9frig\u00e9r\u00e9 KOALA 90, un chariot et un kit de verrouillage. Capacit\u00e9 totale : 180 litres. [&hellip;]","og_url":"https:\/\/www.melform.com\/fr\/conteneurs-\/catalogue-de-produits\/systemes-modulaires\/af12-systeme-modulaire-chaud-numerique-surgele-copia\/","og_site_name":"MELFORM","article_modified_time":"2026-05-16T09:50:11+00:00","og_image":[{"width":1001,"height":1001,"url":"https:\/\/www.melform.com\/wp-content\/uploads\/2026\/05\/modulare-05.jpg","type":"image\/jpeg"}],"twitter_card":"summary_large_image","schema":{"@context":"https:\/\/schema.org","@graph":[{"@type":"WebPage","@id":"https:\/\/www.melform.com\/fr\/conteneurs-\/catalogue-de-produits\/systemes-modulaires\/af12-systeme-modulaire-chaud-numerique-surgele-copia\/","url":"https:\/\/www.melform.com\/fr\/conteneurs-\/catalogue-de-produits\/systemes-modulaires\/af12-systeme-modulaire-chaud-numerique-surgele-copia\/","name":"AF12 Syst\u00e8me modulaire chaud\/surgel\u00e9 - MELFORM","isPartOf":{"@id":"https:\/\/www.melform.com\/fr\/#website"},"primaryImageOfPage":{"@id":"https:\/\/www.melform.com\/fr\/conteneurs-\/catalogue-de-produits\/systemes-modulaires\/af12-systeme-modulaire-chaud-numerique-surgele-copia\/#primaryimage"},"image":{"@id":"https:\/\/www.melform.com\/fr\/conteneurs-\/catalogue-de-produits\/systemes-modulaires\/af12-systeme-modulaire-chaud-numerique-surgele-copia\/#primaryimage"},"thumbnailUrl":"https:\/\/www.melform.com\/wp-content\/uploads\/2026\/05\/modulare-05.jpg","datePublished":"2026-05-15T22:18:59+00:00","dateModified":"2026-05-16T09:50:11+00:00","breadcrumb":{"@id":"https:\/\/www.melform.com\/fr\/conteneurs-\/catalogue-de-produits\/systemes-modulaires\/af12-systeme-modulaire-chaud-numerique-surgele-copia\/#breadcrumb"},"inLanguage":"fr-FR","potentialAction":[{"@type":"ReadAction","target":["https:\/\/www.melform.com\/fr\/conteneurs-\/catalogue-de-produits\/systemes-modulaires\/af12-systeme-modulaire-chaud-numerique-surgele-copia\/"]}]},{"@type":"ImageObject","inLanguage":"fr-FR","@id":"https:\/\/www.melform.com\/fr\/conteneurs-\/catalogue-de-produits\/systemes-modulaires\/af12-systeme-modulaire-chaud-numerique-surgele-copia\/#primaryimage","url":"https:\/\/www.melform.com\/wp-content\/uploads\/2026\/05\/modulare-05.jpg","contentUrl":"https:\/\/www.melform.com\/wp-content\/uploads\/2026\/05\/modulare-05.jpg","width":1001,"height":1001},{"@type":"BreadcrumbList","@id":"https:\/\/www.melform.com\/fr\/conteneurs-\/catalogue-de-produits\/systemes-modulaires\/af12-systeme-modulaire-chaud-numerique-surgele-copia\/#breadcrumb","itemListElement":[{"@type":"ListItem","position":1,"name":"Home","item":"https:\/\/www.melform.com\/fr\/"},{"@type":"ListItem","position":2,"name":"Shop","item":"https:\/\/www.melform.com\/fr\/shop\/"},{"@type":"ListItem","position":3,"name":"AF12 Syst\u00e8me modulaire chaud\/surgel\u00e9"}]},{"@type":"WebSite","@id":"https:\/\/www.melform.com\/fr\/#website","url":"https:\/\/www.melform.com\/fr\/","name":"MELFORM","description":"SISTEMI PER IL TRASPORTO E STOCCAGGIO A TEMPERATURA CONTROLLATA","potentialAction":[{"@type":"SearchAction","target":{"@type":"EntryPoint","urlTemplate":"https:\/\/www.melform.com\/fr\/?s={search_term_string}"},"query-input":{"@type":"PropertyValueSpecification","valueRequired":true,"valueName":"search_term_string"}}],"inLanguage":"fr-FR"}]}},"_links":{"self":[{"href":"https:\/\/www.melform.com\/fr\/wp-json\/wp\/v2\/product\/24971","targetHints":{"allow":["GET"]}}],"collection":[{"href":"https:\/\/www.melform.com\/fr\/wp-json\/wp\/v2\/product"}],"about":[{"href":"https:\/\/www.melform.com\/fr\/wp-json\/wp\/v2\/types\/product"}],"wp:featuredmedia":[{"embeddable":true,"href":"https:\/\/www.melform.com\/fr\/wp-json\/wp\/v2\/media\/24968"}],"wp:attachment":[{"href":"https:\/\/www.melform.com\/fr\/wp-json\/wp\/v2\/media?parent=24971"}],"wp:term":[{"taxonomy":"product_brand","embeddable":true,"href":"https:\/\/www.melform.com\/fr\/wp-json\/wp\/v2\/product_brand?post=24971"},{"taxonomy":"product_cat","embeddable":true,"href":"https:\/\/www.melform.com\/fr\/wp-json\/wp\/v2\/product_cat?post=24971"},{"taxonomy":"product_tag","embeddable":true,"href":"https:\/\/www.melform.com\/fr\/wp-json\/wp\/v2\/product_tag?post=24971"}],"curies":[{"name":"wp","href":"https:\/\/api.w.org\/{rel}","templated":true}]}}