{"id":24974,"date":"2026-05-16T00:22:48","date_gmt":"2026-05-15T22:22:48","guid":{"rendered":"https:\/\/www.melform.com\/?post_type=product&#038;p=24974"},"modified":"2026-05-16T11:55:29","modified_gmt":"2026-05-16T09:55:29","slug":"af12-systeme-modulaire-frais-frais-copie-2","status":"publish","type":"product","link":"https:\/\/www.melform.com\/fr\/conteneurs-\/catalogue-de-produits\/systemes-modulaires\/af12-systeme-modulaire-frais-frais-copie-2\/","title":{"rendered":"AF150 Syst\u00e8me modulaire frais\/frais"},"content":{"rendered":"<div class=\"wpb-content-wrapper\">[vc_row][vc_column][vc_column_text css=&#8221;&#8221;]\r\n<p data-path-to-node=\"10\"><b data-path-to-node=\"10\" data-index-in-node=\"0\">Le syst\u00e8me modulaire AF150 Frais\/Frais<\/b> est con\u00e7u pour le <b data-path-to-node=\"10\" data-index-in-node=\"57\">transport professionnel d&#8217;aliments frais \u00e0 temp\u00e9rature contr\u00f4l\u00e9e<\/b>. La configuration avec <b data-path-to-node=\"10\" data-index-in-node=\"145\">deux conteneurs passifs AF150<\/b> permet d&#8217;augmenter la <b data-path-to-node=\"10\" data-index-in-node=\"197\">capacit\u00e9 de charge<\/b> tout en maintenant <b data-path-to-node=\"10\" data-index-in-node=\"235\">praticit\u00e9, modularit\u00e9 et haute efficacit\u00e9 op\u00e9rationnelle<\/b>.<\/p>\r\n\r\n<ul data-path-to-node=\"11\">\r\n \t<li>\r\n<p data-path-to-node=\"11,0,0\">Configuration compos\u00e9e de <b data-path-to-node=\"11,0,0\" data-index-in-node=\"26\">2 conteneurs passifs AF150, un chariot et un kit de verrouillage<\/b>.<\/p>\r\n<\/li>\r\n \t<li>\r\n<p data-path-to-node=\"11,1,0\"><b data-path-to-node=\"11,1,0\" data-index-in-node=\"0\">Capacit\u00e9 totale : 296 litres<\/b>.<\/p>\r\n<\/li>\r\n \t<li>\r\n<p data-path-to-node=\"11,2,0\">Compatible avec les <b data-path-to-node=\"11,2,0\" data-index-in-node=\"20\">bacs GN, plateaux GN\/EN, plaques de p\u00e2tisserie et bacs 600\u00d7400 mm<\/b> gr\u00e2ce \u00e0 des accessoires d\u00e9di\u00e9s.<\/p>\r\n<\/li>\r\n \t<li>\r\n<p data-path-to-node=\"11,3,0\">Compatible avec les <b data-path-to-node=\"11,3,0\" data-index-in-node=\"20\">plaques eutectiques<\/b> pour le <b data-path-to-node=\"11,3,0\" data-index-in-node=\"48\">maintien de la temp\u00e9rature<\/b>.<\/p>\r\n<\/li>\r\n \t<li>\r\n<p data-path-to-node=\"11,4,0\">Fabriqu\u00e9 en <b data-path-to-node=\"11,4,0\" data-index-in-node=\"12\">poly\u00e9thyl\u00e8ne r\u00e9sistant aux chocs<\/b> et \u00e0 une <b data-path-to-node=\"11,4,0\" data-index-in-node=\"54\">utilisation intensive<\/b>.<\/p>\r\n<\/li>\r\n \t<li>\r\n<p data-path-to-node=\"11,5,0\"><b data-path-to-node=\"11,5,0\" data-index-in-node=\"0\">Isolation en mousse de polyur\u00e9thane sans CFC ni HCFC<\/b> pour une <b data-path-to-node=\"11,5,0\" data-index-in-node=\"62\">haute isolation thermique<\/b>.<\/p>\r\n<\/li>\r\n<\/ul>\r\n[\/vc_column_text][\/vc_column][\/vc_row]<\/div>","protected":false},"excerpt":{"rendered":"[vc_row][vc_column][vc_column_text css=&#8221;&#8221;] Le syst\u00e8me modulaire AF150 Frais\/Frais est con\u00e7u pour le transport professionnel d&#8217;aliments frais \u00e0 temp\u00e9rature contr\u00f4l\u00e9e. La configuration avec deux conteneurs passifs AF150 permet d&#8217;augmenter la capacit\u00e9 de charge tout en maintenant praticit\u00e9, modularit\u00e9 et haute efficacit\u00e9 op\u00e9rationnelle. Configuration compos\u00e9e de 2 conteneurs passifs AF150, un chariot et un kit de verrouillage. Capacit\u00e9 [&hellip;]","protected":false},"featured_media":24977,"template":"","meta":{"_acf_changed":false,"_themeisle_gutenberg_block_has_review":false},"product_brand":[],"product_cat":[912,1177],"product_tag":[],"class_list":{"0":"post-24974","1":"product","2":"type-product","3":"status-publish","4":"has-post-thumbnail","6":"product_cat-catalogue-de-produits","7":"product_cat-systemes-modulaires","8":"pa_moq-1-fr","10":"first","11":"instock","12":"product-type-simple"},"acf":[],"yoast_head":"<!-- This site is optimized with the Yoast SEO plugin v26.4 - https:\/\/yoast.com\/wordpress\/plugins\/seo\/ -->\n<title>AF150 Syst\u00e8me modulaire frais\/frais - MELFORM<\/title>\n<meta name=\"robots\" content=\"index, follow, max-snippet:-1, max-image-preview:large, max-video-preview:-1\" \/>\n<link rel=\"canonical\" href=\"https:\/\/www.melform.com\/fr\/conteneurs-\/catalogue-de-produits\/systemes-modulaires\/af12-systeme-modulaire-frais-frais-copie-2\/\" \/>\n<meta property=\"og:locale\" content=\"fr_FR\" \/>\n<meta property=\"og:type\" content=\"article\" \/>\n<meta property=\"og:title\" content=\"AF150 Syst\u00e8me modulaire frais\/frais - MELFORM\" \/>\n<meta property=\"og:description\" content=\"[vc_row][vc_column][vc_column_text css=&#8221;&#8221;] Le syst\u00e8me modulaire AF150 Frais\/Frais est con\u00e7u pour le transport professionnel d&#8217;aliments frais \u00e0 temp\u00e9rature contr\u00f4l\u00e9e. La configuration avec deux conteneurs passifs AF150 permet d&#8217;augmenter la capacit\u00e9 de charge tout en maintenant praticit\u00e9, modularit\u00e9 et haute efficacit\u00e9 op\u00e9rationnelle. Configuration compos\u00e9e de 2 conteneurs passifs AF150, un chariot et un kit de verrouillage. Capacit\u00e9 [&hellip;]\" \/>\n<meta property=\"og:url\" content=\"https:\/\/www.melform.com\/fr\/conteneurs-\/catalogue-de-produits\/systemes-modulaires\/af12-systeme-modulaire-frais-frais-copie-2\/\" \/>\n<meta property=\"og:site_name\" content=\"MELFORM\" \/>\n<meta property=\"article:modified_time\" content=\"2026-05-16T09:55:29+00:00\" \/>\n<meta property=\"og:image\" content=\"https:\/\/www.melform.com\/wp-content\/uploads\/2026\/05\/modulare-10.jpg\" \/>\n\t<meta property=\"og:image:width\" content=\"1001\" \/>\n\t<meta property=\"og:image:height\" content=\"1001\" \/>\n\t<meta property=\"og:image:type\" content=\"image\/jpeg\" \/>\n<meta name=\"twitter:card\" content=\"summary_large_image\" \/>\n<script type=\"application\/ld+json\" class=\"yoast-schema-graph\">{\"@context\":\"https:\/\/schema.org\",\"@graph\":[{\"@type\":\"WebPage\",\"@id\":\"https:\/\/www.melform.com\/fr\/conteneurs-\/catalogue-de-produits\/systemes-modulaires\/af12-systeme-modulaire-frais-frais-copie-2\/\",\"url\":\"https:\/\/www.melform.com\/fr\/conteneurs-\/catalogue-de-produits\/systemes-modulaires\/af12-systeme-modulaire-frais-frais-copie-2\/\",\"name\":\"AF150 Syst\u00e8me modulaire frais\/frais - MELFORM\",\"isPartOf\":{\"@id\":\"https:\/\/www.melform.com\/fr\/#website\"},\"primaryImageOfPage\":{\"@id\":\"https:\/\/www.melform.com\/fr\/conteneurs-\/catalogue-de-produits\/systemes-modulaires\/af12-systeme-modulaire-frais-frais-copie-2\/#primaryimage\"},\"image\":{\"@id\":\"https:\/\/www.melform.com\/fr\/conteneurs-\/catalogue-de-produits\/systemes-modulaires\/af12-systeme-modulaire-frais-frais-copie-2\/#primaryimage\"},\"thumbnailUrl\":\"https:\/\/www.melform.com\/wp-content\/uploads\/2026\/05\/modulare-10.jpg\",\"datePublished\":\"2026-05-15T22:22:48+00:00\",\"dateModified\":\"2026-05-16T09:55:29+00:00\",\"breadcrumb\":{\"@id\":\"https:\/\/www.melform.com\/fr\/conteneurs-\/catalogue-de-produits\/systemes-modulaires\/af12-systeme-modulaire-frais-frais-copie-2\/#breadcrumb\"},\"inLanguage\":\"fr-FR\",\"potentialAction\":[{\"@type\":\"ReadAction\",\"target\":[\"https:\/\/www.melform.com\/fr\/conteneurs-\/catalogue-de-produits\/systemes-modulaires\/af12-systeme-modulaire-frais-frais-copie-2\/\"]}]},{\"@type\":\"ImageObject\",\"inLanguage\":\"fr-FR\",\"@id\":\"https:\/\/www.melform.com\/fr\/conteneurs-\/catalogue-de-produits\/systemes-modulaires\/af12-systeme-modulaire-frais-frais-copie-2\/#primaryimage\",\"url\":\"https:\/\/www.melform.com\/wp-content\/uploads\/2026\/05\/modulare-10.jpg\",\"contentUrl\":\"https:\/\/www.melform.com\/wp-content\/uploads\/2026\/05\/modulare-10.jpg\",\"width\":1001,\"height\":1001},{\"@type\":\"BreadcrumbList\",\"@id\":\"https:\/\/www.melform.com\/fr\/conteneurs-\/catalogue-de-produits\/systemes-modulaires\/af12-systeme-modulaire-frais-frais-copie-2\/#breadcrumb\",\"itemListElement\":[{\"@type\":\"ListItem\",\"position\":1,\"name\":\"Home\",\"item\":\"https:\/\/www.melform.com\/fr\/\"},{\"@type\":\"ListItem\",\"position\":2,\"name\":\"Shop\",\"item\":\"https:\/\/www.melform.com\/fr\/shop\/\"},{\"@type\":\"ListItem\",\"position\":3,\"name\":\"AF150 Syst\u00e8me modulaire frais\/frais\"}]},{\"@type\":\"WebSite\",\"@id\":\"https:\/\/www.melform.com\/fr\/#website\",\"url\":\"https:\/\/www.melform.com\/fr\/\",\"name\":\"MELFORM\",\"description\":\"SISTEMI PER IL TRASPORTO E STOCCAGGIO A TEMPERATURA CONTROLLATA\",\"potentialAction\":[{\"@type\":\"SearchAction\",\"target\":{\"@type\":\"EntryPoint\",\"urlTemplate\":\"https:\/\/www.melform.com\/fr\/?s={search_term_string}\"},\"query-input\":{\"@type\":\"PropertyValueSpecification\",\"valueRequired\":true,\"valueName\":\"search_term_string\"}}],\"inLanguage\":\"fr-FR\"}]}<\/script>\n<!-- \/ Yoast SEO plugin. -->","yoast_head_json":{"title":"AF150 Syst\u00e8me modulaire frais\/frais - MELFORM","robots":{"index":"index","follow":"follow","max-snippet":"max-snippet:-1","max-image-preview":"max-image-preview:large","max-video-preview":"max-video-preview:-1"},"canonical":"https:\/\/www.melform.com\/fr\/conteneurs-\/catalogue-de-produits\/systemes-modulaires\/af12-systeme-modulaire-frais-frais-copie-2\/","og_locale":"fr_FR","og_type":"article","og_title":"AF150 Syst\u00e8me modulaire frais\/frais - MELFORM","og_description":"[vc_row][vc_column][vc_column_text css=&#8221;&#8221;] Le syst\u00e8me modulaire AF150 Frais\/Frais est con\u00e7u pour le transport professionnel d&#8217;aliments frais \u00e0 temp\u00e9rature contr\u00f4l\u00e9e. La configuration avec deux conteneurs passifs AF150 permet d&#8217;augmenter la capacit\u00e9 de charge tout en maintenant praticit\u00e9, modularit\u00e9 et haute efficacit\u00e9 op\u00e9rationnelle. Configuration compos\u00e9e de 2 conteneurs passifs AF150, un chariot et un kit de verrouillage. Capacit\u00e9 [&hellip;]","og_url":"https:\/\/www.melform.com\/fr\/conteneurs-\/catalogue-de-produits\/systemes-modulaires\/af12-systeme-modulaire-frais-frais-copie-2\/","og_site_name":"MELFORM","article_modified_time":"2026-05-16T09:55:29+00:00","og_image":[{"width":1001,"height":1001,"url":"https:\/\/www.melform.com\/wp-content\/uploads\/2026\/05\/modulare-10.jpg","type":"image\/jpeg"}],"twitter_card":"summary_large_image","schema":{"@context":"https:\/\/schema.org","@graph":[{"@type":"WebPage","@id":"https:\/\/www.melform.com\/fr\/conteneurs-\/catalogue-de-produits\/systemes-modulaires\/af12-systeme-modulaire-frais-frais-copie-2\/","url":"https:\/\/www.melform.com\/fr\/conteneurs-\/catalogue-de-produits\/systemes-modulaires\/af12-systeme-modulaire-frais-frais-copie-2\/","name":"AF150 Syst\u00e8me modulaire frais\/frais - MELFORM","isPartOf":{"@id":"https:\/\/www.melform.com\/fr\/#website"},"primaryImageOfPage":{"@id":"https:\/\/www.melform.com\/fr\/conteneurs-\/catalogue-de-produits\/systemes-modulaires\/af12-systeme-modulaire-frais-frais-copie-2\/#primaryimage"},"image":{"@id":"https:\/\/www.melform.com\/fr\/conteneurs-\/catalogue-de-produits\/systemes-modulaires\/af12-systeme-modulaire-frais-frais-copie-2\/#primaryimage"},"thumbnailUrl":"https:\/\/www.melform.com\/wp-content\/uploads\/2026\/05\/modulare-10.jpg","datePublished":"2026-05-15T22:22:48+00:00","dateModified":"2026-05-16T09:55:29+00:00","breadcrumb":{"@id":"https:\/\/www.melform.com\/fr\/conteneurs-\/catalogue-de-produits\/systemes-modulaires\/af12-systeme-modulaire-frais-frais-copie-2\/#breadcrumb"},"inLanguage":"fr-FR","potentialAction":[{"@type":"ReadAction","target":["https:\/\/www.melform.com\/fr\/conteneurs-\/catalogue-de-produits\/systemes-modulaires\/af12-systeme-modulaire-frais-frais-copie-2\/"]}]},{"@type":"ImageObject","inLanguage":"fr-FR","@id":"https:\/\/www.melform.com\/fr\/conteneurs-\/catalogue-de-produits\/systemes-modulaires\/af12-systeme-modulaire-frais-frais-copie-2\/#primaryimage","url":"https:\/\/www.melform.com\/wp-content\/uploads\/2026\/05\/modulare-10.jpg","contentUrl":"https:\/\/www.melform.com\/wp-content\/uploads\/2026\/05\/modulare-10.jpg","width":1001,"height":1001},{"@type":"BreadcrumbList","@id":"https:\/\/www.melform.com\/fr\/conteneurs-\/catalogue-de-produits\/systemes-modulaires\/af12-systeme-modulaire-frais-frais-copie-2\/#breadcrumb","itemListElement":[{"@type":"ListItem","position":1,"name":"Home","item":"https:\/\/www.melform.com\/fr\/"},{"@type":"ListItem","position":2,"name":"Shop","item":"https:\/\/www.melform.com\/fr\/shop\/"},{"@type":"ListItem","position":3,"name":"AF150 Syst\u00e8me modulaire frais\/frais"}]},{"@type":"WebSite","@id":"https:\/\/www.melform.com\/fr\/#website","url":"https:\/\/www.melform.com\/fr\/","name":"MELFORM","description":"SISTEMI PER IL TRASPORTO E STOCCAGGIO A TEMPERATURA CONTROLLATA","potentialAction":[{"@type":"SearchAction","target":{"@type":"EntryPoint","urlTemplate":"https:\/\/www.melform.com\/fr\/?s={search_term_string}"},"query-input":{"@type":"PropertyValueSpecification","valueRequired":true,"valueName":"search_term_string"}}],"inLanguage":"fr-FR"}]}},"_links":{"self":[{"href":"https:\/\/www.melform.com\/fr\/wp-json\/wp\/v2\/product\/24974","targetHints":{"allow":["GET"]}}],"collection":[{"href":"https:\/\/www.melform.com\/fr\/wp-json\/wp\/v2\/product"}],"about":[{"href":"https:\/\/www.melform.com\/fr\/wp-json\/wp\/v2\/types\/product"}],"wp:featuredmedia":[{"embeddable":true,"href":"https:\/\/www.melform.com\/fr\/wp-json\/wp\/v2\/media\/24977"}],"wp:attachment":[{"href":"https:\/\/www.melform.com\/fr\/wp-json\/wp\/v2\/media?parent=24974"}],"wp:term":[{"taxonomy":"product_brand","embeddable":true,"href":"https:\/\/www.melform.com\/fr\/wp-json\/wp\/v2\/product_brand?post=24974"},{"taxonomy":"product_cat","embeddable":true,"href":"https:\/\/www.melform.com\/fr\/wp-json\/wp\/v2\/product_cat?post=24974"},{"taxonomy":"product_tag","embeddable":true,"href":"https:\/\/www.melform.com\/fr\/wp-json\/wp\/v2\/product_tag?post=24974"}],"curies":[{"name":"wp","href":"https:\/\/api.w.org\/{rel}","templated":true}]}}