{"id":8032,"date":"2022-10-11T16:41:37","date_gmt":"2022-10-11T14:41:37","guid":{"rendered":"https:\/\/www.melform.com\/product\/chariot\/"},"modified":"2025-08-24T17:37:34","modified_gmt":"2025-08-24T15:37:34","slug":"chariot","status":"publish","type":"product","link":"https:\/\/www.melform.com\/fr\/conteneurs-\/catalogue-de-produits\/chariot-de-manutention\/chariot\/","title":{"rendered":"Chariot de manutention pour AF12 et KOALA 90"},"content":{"rendered":"<div class=\"wpb-content-wrapper\">[vc_row][vc_column][vc_column_text css=&#8221;&#8221;]Le<strong> chariot de manutention <\/strong>est sp\u00e9cialement con\u00e7u pour <strong>les conteneurs AF12 et KOALA 90<\/strong>, garantissant <strong>maniabilit\u00e9, s\u00e9curit\u00e9 et robustesse<\/strong> lors du transport.\r\n<ul>\r\n \t<li><strong>Structure en poly\u00e9thyl\u00e8ne durable<\/strong> con\u00e7ue pour une utilisation intensive.<\/li>\r\n \t<li><strong>Dimensions<\/strong>: 505x685x205 mm.<\/li>\r\n \t<li><strong>Capacit\u00e9 de charge maximale <\/strong>: <strong>150 kg<\/strong>, id\u00e9al pour la manipulation de charges lourdes.<\/li>\r\n \t<li><strong>Roues en caoutchouc anti-trace<\/strong> avec <strong>noyau en PP,<\/strong> assurant un d\u00e9placement fluide sans laisser de marques sur les surfaces.<\/li>\r\n \t<li><strong><strong> Roues robustes pour un d\u00e9placement fluide et s\u00e9curis\u00e9 :<\/strong><\/strong>\r\n<ul data-start=\"471\" data-end=\"782\">\r\n \t<li data-start=\"471\" data-end=\"548\"><strong data-start=\"473\" data-end=\"504\">4 roues de 125 mm de diam\u00e8tre,<\/strong> garantissant fluidit\u00e9 et stabilit\u00e9.<\/li>\r\n \t<li data-start=\"551\" data-end=\"627\"><strong data-start=\"553\" data-end=\"570\">2 roues fixes<\/strong>, permettant de maintenir la direction et de faciliter le transport.<\/li>\r\n \t<li data-start=\"630\" data-end=\"782\"><strong data-start=\"632\" data-end=\"681\">1 roue pivotante et 1 roue pivotante avec frein,<\/strong> pour une meilleure maniabilit\u00e9 et un contr\u00f4le optimal lors des op\u00e9rations de chargement et de d\u00e9chargement.<\/li>\r\n<\/ul>\r\n<\/li>\r\n<\/ul>\r\n[\/vc_column_text][\/vc_column][\/vc_row]<\/div>","protected":false},"excerpt":{"rendered":"[vc_row][vc_column][vc_column_text css=&#8221;&#8221;]Le chariot de manutention est sp\u00e9cialement con\u00e7u pour les conteneurs AF12 et KOALA 90, garantissant maniabilit\u00e9, s\u00e9curit\u00e9 et robustesse lors du transport. Structure en poly\u00e9thyl\u00e8ne durable con\u00e7ue pour une utilisation intensive. Dimensions: 505x685x205 mm. Capacit\u00e9 de charge maximale : 150 kg, id\u00e9al pour la manipulation de charges lourdes. Roues en caoutchouc anti-trace avec noyau [&hellip;]","protected":false},"featured_media":6326,"template":"","meta":{"_acf_changed":false,"_themeisle_gutenberg_block_has_review":false},"product_brand":[],"product_cat":[912,1147],"product_tag":[],"class_list":{"0":"post-8032","1":"product","2":"type-product","3":"status-publish","4":"has-post-thumbnail","6":"product_cat-catalogue-de-produits","7":"product_cat-chariot-de-manutention","9":"first","10":"instock","11":"product-type-simple"},"acf":[],"yoast_head":"<!-- This site is optimized with the Yoast SEO plugin v26.4 - https:\/\/yoast.com\/wordpress\/plugins\/seo\/ -->\n<title>Chariot de manutention pour AF12 et KOALA 90 - MELFORM<\/title>\n<meta name=\"robots\" content=\"index, follow, max-snippet:-1, max-image-preview:large, max-video-preview:-1\" \/>\n<link rel=\"canonical\" href=\"https:\/\/www.melform.com\/fr\/conteneurs-\/catalogue-de-produits\/chariot-de-manutention\/chariot\/\" \/>\n<meta property=\"og:locale\" content=\"fr_FR\" \/>\n<meta property=\"og:type\" content=\"article\" \/>\n<meta property=\"og:title\" content=\"Chariot de manutention pour AF12 et KOALA 90 - MELFORM\" \/>\n<meta property=\"og:description\" content=\"[vc_row][vc_column][vc_column_text css=&#8221;&#8221;]Le chariot de manutention est sp\u00e9cialement con\u00e7u pour les conteneurs AF12 et KOALA 90, garantissant maniabilit\u00e9, s\u00e9curit\u00e9 et robustesse lors du transport. Structure en poly\u00e9thyl\u00e8ne durable con\u00e7ue pour une utilisation intensive. Dimensions: 505x685x205 mm. Capacit\u00e9 de charge maximale : 150 kg, id\u00e9al pour la manipulation de charges lourdes. Roues en caoutchouc anti-trace avec noyau [&hellip;]\" \/>\n<meta property=\"og:url\" content=\"https:\/\/www.melform.com\/fr\/conteneurs-\/catalogue-de-produits\/chariot-de-manutention\/chariot\/\" \/>\n<meta property=\"og:site_name\" content=\"MELFORM\" \/>\n<meta property=\"article:modified_time\" content=\"2025-08-24T15:37:34+00:00\" \/>\n<meta property=\"og:image\" content=\"https:\/\/www.melform.com\/wp-content\/uploads\/2022\/10\/carrello-THS20009.png\" \/>\n\t<meta property=\"og:image:width\" content=\"229\" \/>\n\t<meta property=\"og:image:height\" content=\"179\" \/>\n\t<meta property=\"og:image:type\" content=\"image\/png\" \/>\n<meta name=\"twitter:card\" content=\"summary_large_image\" \/>\n<script type=\"application\/ld+json\" class=\"yoast-schema-graph\">{\"@context\":\"https:\/\/schema.org\",\"@graph\":[{\"@type\":\"WebPage\",\"@id\":\"https:\/\/www.melform.com\/fr\/conteneurs-\/catalogue-de-produits\/chariot-de-manutention\/chariot\/\",\"url\":\"https:\/\/www.melform.com\/fr\/conteneurs-\/catalogue-de-produits\/chariot-de-manutention\/chariot\/\",\"name\":\"Chariot de manutention pour AF12 et KOALA 90 - MELFORM\",\"isPartOf\":{\"@id\":\"https:\/\/www.melform.com\/fr\/#website\"},\"primaryImageOfPage\":{\"@id\":\"https:\/\/www.melform.com\/fr\/conteneurs-\/catalogue-de-produits\/chariot-de-manutention\/chariot\/#primaryimage\"},\"image\":{\"@id\":\"https:\/\/www.melform.com\/fr\/conteneurs-\/catalogue-de-produits\/chariot-de-manutention\/chariot\/#primaryimage\"},\"thumbnailUrl\":\"https:\/\/www.melform.com\/wp-content\/uploads\/2022\/10\/carrello-THS20009.png\",\"datePublished\":\"2022-10-11T14:41:37+00:00\",\"dateModified\":\"2025-08-24T15:37:34+00:00\",\"breadcrumb\":{\"@id\":\"https:\/\/www.melform.com\/fr\/conteneurs-\/catalogue-de-produits\/chariot-de-manutention\/chariot\/#breadcrumb\"},\"inLanguage\":\"fr-FR\",\"potentialAction\":[{\"@type\":\"ReadAction\",\"target\":[\"https:\/\/www.melform.com\/fr\/conteneurs-\/catalogue-de-produits\/chariot-de-manutention\/chariot\/\"]}]},{\"@type\":\"ImageObject\",\"inLanguage\":\"fr-FR\",\"@id\":\"https:\/\/www.melform.com\/fr\/conteneurs-\/catalogue-de-produits\/chariot-de-manutention\/chariot\/#primaryimage\",\"url\":\"https:\/\/www.melform.com\/wp-content\/uploads\/2022\/10\/carrello-THS20009.png\",\"contentUrl\":\"https:\/\/www.melform.com\/wp-content\/uploads\/2022\/10\/carrello-THS20009.png\",\"width\":229,\"height\":179},{\"@type\":\"BreadcrumbList\",\"@id\":\"https:\/\/www.melform.com\/fr\/conteneurs-\/catalogue-de-produits\/chariot-de-manutention\/chariot\/#breadcrumb\",\"itemListElement\":[{\"@type\":\"ListItem\",\"position\":1,\"name\":\"Home\",\"item\":\"https:\/\/www.melform.com\/fr\/\"},{\"@type\":\"ListItem\",\"position\":2,\"name\":\"Shop\",\"item\":\"https:\/\/www.melform.com\/fr\/shop\/\"},{\"@type\":\"ListItem\",\"position\":3,\"name\":\"Chariot de manutention pour AF12 et KOALA 90\"}]},{\"@type\":\"WebSite\",\"@id\":\"https:\/\/www.melform.com\/fr\/#website\",\"url\":\"https:\/\/www.melform.com\/fr\/\",\"name\":\"MELFORM\",\"description\":\"SISTEMI PER IL TRASPORTO E STOCCAGGIO A TEMPERATURA CONTROLLATA\",\"potentialAction\":[{\"@type\":\"SearchAction\",\"target\":{\"@type\":\"EntryPoint\",\"urlTemplate\":\"https:\/\/www.melform.com\/fr\/?s={search_term_string}\"},\"query-input\":{\"@type\":\"PropertyValueSpecification\",\"valueRequired\":true,\"valueName\":\"search_term_string\"}}],\"inLanguage\":\"fr-FR\"}]}<\/script>\n<!-- \/ Yoast SEO plugin. -->","yoast_head_json":{"title":"Chariot de manutention pour AF12 et KOALA 90 - MELFORM","robots":{"index":"index","follow":"follow","max-snippet":"max-snippet:-1","max-image-preview":"max-image-preview:large","max-video-preview":"max-video-preview:-1"},"canonical":"https:\/\/www.melform.com\/fr\/conteneurs-\/catalogue-de-produits\/chariot-de-manutention\/chariot\/","og_locale":"fr_FR","og_type":"article","og_title":"Chariot de manutention pour AF12 et KOALA 90 - MELFORM","og_description":"[vc_row][vc_column][vc_column_text css=&#8221;&#8221;]Le chariot de manutention est sp\u00e9cialement con\u00e7u pour les conteneurs AF12 et KOALA 90, garantissant maniabilit\u00e9, s\u00e9curit\u00e9 et robustesse lors du transport. Structure en poly\u00e9thyl\u00e8ne durable con\u00e7ue pour une utilisation intensive. Dimensions: 505x685x205 mm. Capacit\u00e9 de charge maximale : 150 kg, id\u00e9al pour la manipulation de charges lourdes. Roues en caoutchouc anti-trace avec noyau [&hellip;]","og_url":"https:\/\/www.melform.com\/fr\/conteneurs-\/catalogue-de-produits\/chariot-de-manutention\/chariot\/","og_site_name":"MELFORM","article_modified_time":"2025-08-24T15:37:34+00:00","og_image":[{"width":229,"height":179,"url":"https:\/\/www.melform.com\/wp-content\/uploads\/2022\/10\/carrello-THS20009.png","type":"image\/png"}],"twitter_card":"summary_large_image","schema":{"@context":"https:\/\/schema.org","@graph":[{"@type":"WebPage","@id":"https:\/\/www.melform.com\/fr\/conteneurs-\/catalogue-de-produits\/chariot-de-manutention\/chariot\/","url":"https:\/\/www.melform.com\/fr\/conteneurs-\/catalogue-de-produits\/chariot-de-manutention\/chariot\/","name":"Chariot de manutention pour AF12 et KOALA 90 - MELFORM","isPartOf":{"@id":"https:\/\/www.melform.com\/fr\/#website"},"primaryImageOfPage":{"@id":"https:\/\/www.melform.com\/fr\/conteneurs-\/catalogue-de-produits\/chariot-de-manutention\/chariot\/#primaryimage"},"image":{"@id":"https:\/\/www.melform.com\/fr\/conteneurs-\/catalogue-de-produits\/chariot-de-manutention\/chariot\/#primaryimage"},"thumbnailUrl":"https:\/\/www.melform.com\/wp-content\/uploads\/2022\/10\/carrello-THS20009.png","datePublished":"2022-10-11T14:41:37+00:00","dateModified":"2025-08-24T15:37:34+00:00","breadcrumb":{"@id":"https:\/\/www.melform.com\/fr\/conteneurs-\/catalogue-de-produits\/chariot-de-manutention\/chariot\/#breadcrumb"},"inLanguage":"fr-FR","potentialAction":[{"@type":"ReadAction","target":["https:\/\/www.melform.com\/fr\/conteneurs-\/catalogue-de-produits\/chariot-de-manutention\/chariot\/"]}]},{"@type":"ImageObject","inLanguage":"fr-FR","@id":"https:\/\/www.melform.com\/fr\/conteneurs-\/catalogue-de-produits\/chariot-de-manutention\/chariot\/#primaryimage","url":"https:\/\/www.melform.com\/wp-content\/uploads\/2022\/10\/carrello-THS20009.png","contentUrl":"https:\/\/www.melform.com\/wp-content\/uploads\/2022\/10\/carrello-THS20009.png","width":229,"height":179},{"@type":"BreadcrumbList","@id":"https:\/\/www.melform.com\/fr\/conteneurs-\/catalogue-de-produits\/chariot-de-manutention\/chariot\/#breadcrumb","itemListElement":[{"@type":"ListItem","position":1,"name":"Home","item":"https:\/\/www.melform.com\/fr\/"},{"@type":"ListItem","position":2,"name":"Shop","item":"https:\/\/www.melform.com\/fr\/shop\/"},{"@type":"ListItem","position":3,"name":"Chariot de manutention pour AF12 et KOALA 90"}]},{"@type":"WebSite","@id":"https:\/\/www.melform.com\/fr\/#website","url":"https:\/\/www.melform.com\/fr\/","name":"MELFORM","description":"SISTEMI PER IL TRASPORTO E STOCCAGGIO A TEMPERATURA CONTROLLATA","potentialAction":[{"@type":"SearchAction","target":{"@type":"EntryPoint","urlTemplate":"https:\/\/www.melform.com\/fr\/?s={search_term_string}"},"query-input":{"@type":"PropertyValueSpecification","valueRequired":true,"valueName":"search_term_string"}}],"inLanguage":"fr-FR"}]}},"_links":{"self":[{"href":"https:\/\/www.melform.com\/fr\/wp-json\/wp\/v2\/product\/8032","targetHints":{"allow":["GET"]}}],"collection":[{"href":"https:\/\/www.melform.com\/fr\/wp-json\/wp\/v2\/product"}],"about":[{"href":"https:\/\/www.melform.com\/fr\/wp-json\/wp\/v2\/types\/product"}],"wp:featuredmedia":[{"embeddable":true,"href":"https:\/\/www.melform.com\/fr\/wp-json\/wp\/v2\/media\/6326"}],"wp:attachment":[{"href":"https:\/\/www.melform.com\/fr\/wp-json\/wp\/v2\/media?parent=8032"}],"wp:term":[{"taxonomy":"product_brand","embeddable":true,"href":"https:\/\/www.melform.com\/fr\/wp-json\/wp\/v2\/product_brand?post=8032"},{"taxonomy":"product_cat","embeddable":true,"href":"https:\/\/www.melform.com\/fr\/wp-json\/wp\/v2\/product_cat?post=8032"},{"taxonomy":"product_tag","embeddable":true,"href":"https:\/\/www.melform.com\/fr\/wp-json\/wp\/v2\/product_tag?post=8032"}],"curies":[{"name":"wp","href":"https:\/\/api.w.org\/{rel}","templated":true}]}}