{"id":8033,"date":"2022-10-11T16:27:23","date_gmt":"2022-10-11T14:27:23","guid":{"rendered":"https:\/\/www.melform.com\/product\/kit-de-fixation\/"},"modified":"2025-02-19T16:46:50","modified_gmt":"2025-02-19T14:46:50","slug":"kit-de-fixation","status":"publish","type":"product","link":"https:\/\/www.melform.com\/fr\/conteneurs-\/catalogue-de-produits\/accessoires\/kit-de-fixation\/","title":{"rendered":"Kit de verrouillage"},"content":{"rendered":"<p data-start=\"1448\" data-end=\"1754\">Le <strong data-start=\"1451\" data-end=\"1494\">kit de verrouillage en acier inoxydable<\/strong> est con\u00e7u pour <strong data-start=\"1510\" data-end=\"1554\">fixer solidement deux conteneurs empil\u00e9s<\/strong> des mod\u00e8les <strong data-start=\"1567\" data-end=\"1584\">AF12 et AF140<\/strong>, ainsi que pour <strong data-start=\"1601\" data-end=\"1654\">les fixer en toute s\u00e9curit\u00e9 au chariot d\u00e9di\u00e9 AF12<\/strong>, garantissant <strong data-start=\"1669\" data-end=\"1712\">une stabilit\u00e9 et une s\u00e9curit\u00e9 maximales<\/strong> lors du transport et de la manutention.<\/p>\r\n\r\n<ul data-start=\"1797\" data-end=\"2443\">\r\n \t<li data-start=\"1797\" data-end=\"1952\"><strong data-start=\"1799\" data-end=\"1816\">Compatibilit\u00e9<\/strong> : Id\u00e9al pour <strong data-start=\"1830\" data-end=\"1896\">la fixation modulaire de deux conteneurs AF12 ou AF140 empil\u00e9s<\/strong> et pour <strong data-start=\"1905\" data-end=\"1949\">l\u2019ancrage s\u00e9curis\u00e9 au chariot d\u00e9di\u00e9 AF12<\/strong>.<\/li>\r\n \t<li data-start=\"1953\" data-end=\"2079\"><strong data-start=\"1955\" data-end=\"1977\">Mat\u00e9riau r\u00e9sistant<\/strong> : Fabriqu\u00e9 en <strong data-start=\"1992\" data-end=\"2029\">acier inoxydable de haute qualit\u00e9<\/strong>, con\u00e7u pour un usage professionnel et intensif.<\/li>\r\n \t<li data-start=\"1248\" data-end=\"1326\"><strong data-start=\"1250\" data-end=\"1271\">1 kit (2 verrous)<\/strong> \u2192 Pour la <strong data-start=\"1282\" data-end=\"1323\">fixation du conteneur AF12 au chariot<\/strong>.<\/li>\r\n \t<li data-start=\"1327\" data-end=\"1424\"><strong data-start=\"1329\" data-end=\"1351\">2 kits (4 verrous)<\/strong> \u2192 Pour la <strong data-start=\"1362\" data-end=\"1421\">fixation modulaire de deux conteneurs empil\u00e9s + chariot<\/strong>.<\/li>\r\n \t<li data-start=\"1327\" data-end=\"1424\"><strong style=\"font-family: inherit; font-size: inherit; font-style: inherit; font-variant-ligatures: inherit; font-variant-caps: inherit;\" data-start=\"1450\" data-end=\"1475\">Stabilit\u00e9 et s\u00e9curit\u00e9<\/strong><span style=\"font-family: inherit; font-size: inherit; font-style: inherit; font-variant-ligatures: inherit; font-variant-caps: inherit; font-weight: inherit;\"> lors du d\u00e9placement.<\/span><\/li>\r\n \t<li data-start=\"1327\" data-end=\"1424\"><strong style=\"font-family: inherit; font-size: inherit; font-style: inherit; font-variant-ligatures: inherit; font-variant-caps: inherit;\" data-start=\"1501\" data-end=\"1524\">Installation facile<\/strong><span style=\"font-family: inherit; font-size: inherit; font-style: inherit; font-variant-ligatures: inherit; font-variant-caps: inherit; font-weight: inherit;\">, gr\u00e2ce \u00e0 un syst\u00e8me de fixation intuitif.<\/span><\/li>\r\n \t<li data-start=\"1327\" data-end=\"1424\"><strong style=\"font-family: inherit; font-size: inherit; font-style: inherit; font-variant-ligatures: inherit; font-variant-caps: inherit;\" data-start=\"1571\" data-end=\"1613\">Mat\u00e9riau en acier inoxydable r\u00e9sistant<\/strong><span style=\"font-family: inherit; font-size: inherit; font-style: inherit; font-variant-ligatures: inherit; font-variant-caps: inherit; font-weight: inherit;\">, assurant une longue dur\u00e9e de vie et une utilisation professionnelle.<\/span><\/li>\r\n<\/ul>","protected":false},"excerpt":{"rendered":"Le kit de verrouillage en acier inoxydable est con\u00e7u pour fixer solidement deux conteneurs empil\u00e9s des mod\u00e8les AF12 et AF140, ainsi que pour les fixer en toute s\u00e9curit\u00e9 au chariot d\u00e9di\u00e9 AF12, garantissant une stabilit\u00e9 et une s\u00e9curit\u00e9 maximales lors du transport et de la manutention. Compatibilit\u00e9 : Id\u00e9al pour la fixation modulaire de deux [&hellip;]","protected":false},"featured_media":2029,"template":"","meta":{"_acf_changed":false,"_themeisle_gutenberg_block_has_review":false},"product_brand":[],"product_cat":[241],"product_tag":[],"class_list":{"0":"post-8033","1":"product","2":"type-product","3":"status-publish","4":"has-post-thumbnail","6":"product_cat-accessoires","8":"first","9":"instock","10":"product-type-simple"},"acf":[],"yoast_head":"<!-- This site is optimized with the Yoast SEO plugin v26.4 - https:\/\/yoast.com\/wordpress\/plugins\/seo\/ -->\n<title>Kit de verrouillage - MELFORM<\/title>\n<meta name=\"robots\" content=\"index, follow, max-snippet:-1, max-image-preview:large, max-video-preview:-1\" \/>\n<link rel=\"canonical\" href=\"https:\/\/www.melform.com\/fr\/conteneurs-\/catalogue-de-produits\/accessoires\/kit-de-fixation\/\" \/>\n<meta property=\"og:locale\" content=\"fr_FR\" \/>\n<meta property=\"og:type\" content=\"article\" \/>\n<meta property=\"og:title\" content=\"Kit de verrouillage - MELFORM\" \/>\n<meta property=\"og:description\" content=\"Le kit de verrouillage en acier inoxydable est con\u00e7u pour fixer solidement deux conteneurs empil\u00e9s des mod\u00e8les AF12 et AF140, ainsi que pour les fixer en toute s\u00e9curit\u00e9 au chariot d\u00e9di\u00e9 AF12, garantissant une stabilit\u00e9 et une s\u00e9curit\u00e9 maximales lors du transport et de la manutention. Compatibilit\u00e9 : Id\u00e9al pour la fixation modulaire de deux [&hellip;]\" \/>\n<meta property=\"og:url\" content=\"https:\/\/www.melform.com\/fr\/conteneurs-\/catalogue-de-produits\/accessoires\/kit-de-fixation\/\" \/>\n<meta property=\"og:site_name\" content=\"MELFORM\" \/>\n<meta property=\"article:modified_time\" content=\"2025-02-19T14:46:50+00:00\" \/>\n<meta property=\"og:image\" content=\"https:\/\/www.melform.com\/wp-content\/uploads\/2022\/09\/RRI137-1.jpg\" \/>\n\t<meta property=\"og:image:width\" content=\"807\" \/>\n\t<meta property=\"og:image:height\" content=\"1000\" \/>\n\t<meta property=\"og:image:type\" content=\"image\/jpeg\" \/>\n<meta name=\"twitter:card\" content=\"summary_large_image\" \/>\n<script type=\"application\/ld+json\" class=\"yoast-schema-graph\">{\"@context\":\"https:\/\/schema.org\",\"@graph\":[{\"@type\":\"WebPage\",\"@id\":\"https:\/\/www.melform.com\/fr\/conteneurs-\/catalogue-de-produits\/accessoires\/kit-de-fixation\/\",\"url\":\"https:\/\/www.melform.com\/fr\/conteneurs-\/catalogue-de-produits\/accessoires\/kit-de-fixation\/\",\"name\":\"Kit de verrouillage - MELFORM\",\"isPartOf\":{\"@id\":\"https:\/\/www.melform.com\/fr\/#website\"},\"primaryImageOfPage\":{\"@id\":\"https:\/\/www.melform.com\/fr\/conteneurs-\/catalogue-de-produits\/accessoires\/kit-de-fixation\/#primaryimage\"},\"image\":{\"@id\":\"https:\/\/www.melform.com\/fr\/conteneurs-\/catalogue-de-produits\/accessoires\/kit-de-fixation\/#primaryimage\"},\"thumbnailUrl\":\"https:\/\/www.melform.com\/wp-content\/uploads\/2022\/09\/RRI137-1.jpg\",\"datePublished\":\"2022-10-11T14:27:23+00:00\",\"dateModified\":\"2025-02-19T14:46:50+00:00\",\"breadcrumb\":{\"@id\":\"https:\/\/www.melform.com\/fr\/conteneurs-\/catalogue-de-produits\/accessoires\/kit-de-fixation\/#breadcrumb\"},\"inLanguage\":\"fr-FR\",\"potentialAction\":[{\"@type\":\"ReadAction\",\"target\":[\"https:\/\/www.melform.com\/fr\/conteneurs-\/catalogue-de-produits\/accessoires\/kit-de-fixation\/\"]}]},{\"@type\":\"ImageObject\",\"inLanguage\":\"fr-FR\",\"@id\":\"https:\/\/www.melform.com\/fr\/conteneurs-\/catalogue-de-produits\/accessoires\/kit-de-fixation\/#primaryimage\",\"url\":\"https:\/\/www.melform.com\/wp-content\/uploads\/2022\/09\/RRI137-1.jpg\",\"contentUrl\":\"https:\/\/www.melform.com\/wp-content\/uploads\/2022\/09\/RRI137-1.jpg\",\"width\":807,\"height\":1000},{\"@type\":\"BreadcrumbList\",\"@id\":\"https:\/\/www.melform.com\/fr\/conteneurs-\/catalogue-de-produits\/accessoires\/kit-de-fixation\/#breadcrumb\",\"itemListElement\":[{\"@type\":\"ListItem\",\"position\":1,\"name\":\"Home\",\"item\":\"https:\/\/www.melform.com\/fr\/\"},{\"@type\":\"ListItem\",\"position\":2,\"name\":\"Shop\",\"item\":\"https:\/\/www.melform.com\/fr\/shop\/\"},{\"@type\":\"ListItem\",\"position\":3,\"name\":\"Kit de verrouillage\"}]},{\"@type\":\"WebSite\",\"@id\":\"https:\/\/www.melform.com\/fr\/#website\",\"url\":\"https:\/\/www.melform.com\/fr\/\",\"name\":\"MELFORM\",\"description\":\"SISTEMI PER IL TRASPORTO E STOCCAGGIO A TEMPERATURA CONTROLLATA\",\"potentialAction\":[{\"@type\":\"SearchAction\",\"target\":{\"@type\":\"EntryPoint\",\"urlTemplate\":\"https:\/\/www.melform.com\/fr\/?s={search_term_string}\"},\"query-input\":{\"@type\":\"PropertyValueSpecification\",\"valueRequired\":true,\"valueName\":\"search_term_string\"}}],\"inLanguage\":\"fr-FR\"}]}<\/script>\n<!-- \/ Yoast SEO plugin. -->","yoast_head_json":{"title":"Kit de verrouillage - MELFORM","robots":{"index":"index","follow":"follow","max-snippet":"max-snippet:-1","max-image-preview":"max-image-preview:large","max-video-preview":"max-video-preview:-1"},"canonical":"https:\/\/www.melform.com\/fr\/conteneurs-\/catalogue-de-produits\/accessoires\/kit-de-fixation\/","og_locale":"fr_FR","og_type":"article","og_title":"Kit de verrouillage - MELFORM","og_description":"Le kit de verrouillage en acier inoxydable est con\u00e7u pour fixer solidement deux conteneurs empil\u00e9s des mod\u00e8les AF12 et AF140, ainsi que pour les fixer en toute s\u00e9curit\u00e9 au chariot d\u00e9di\u00e9 AF12, garantissant une stabilit\u00e9 et une s\u00e9curit\u00e9 maximales lors du transport et de la manutention. Compatibilit\u00e9 : Id\u00e9al pour la fixation modulaire de deux [&hellip;]","og_url":"https:\/\/www.melform.com\/fr\/conteneurs-\/catalogue-de-produits\/accessoires\/kit-de-fixation\/","og_site_name":"MELFORM","article_modified_time":"2025-02-19T14:46:50+00:00","og_image":[{"width":807,"height":1000,"url":"https:\/\/www.melform.com\/wp-content\/uploads\/2022\/09\/RRI137-1.jpg","type":"image\/jpeg"}],"twitter_card":"summary_large_image","schema":{"@context":"https:\/\/schema.org","@graph":[{"@type":"WebPage","@id":"https:\/\/www.melform.com\/fr\/conteneurs-\/catalogue-de-produits\/accessoires\/kit-de-fixation\/","url":"https:\/\/www.melform.com\/fr\/conteneurs-\/catalogue-de-produits\/accessoires\/kit-de-fixation\/","name":"Kit de verrouillage - MELFORM","isPartOf":{"@id":"https:\/\/www.melform.com\/fr\/#website"},"primaryImageOfPage":{"@id":"https:\/\/www.melform.com\/fr\/conteneurs-\/catalogue-de-produits\/accessoires\/kit-de-fixation\/#primaryimage"},"image":{"@id":"https:\/\/www.melform.com\/fr\/conteneurs-\/catalogue-de-produits\/accessoires\/kit-de-fixation\/#primaryimage"},"thumbnailUrl":"https:\/\/www.melform.com\/wp-content\/uploads\/2022\/09\/RRI137-1.jpg","datePublished":"2022-10-11T14:27:23+00:00","dateModified":"2025-02-19T14:46:50+00:00","breadcrumb":{"@id":"https:\/\/www.melform.com\/fr\/conteneurs-\/catalogue-de-produits\/accessoires\/kit-de-fixation\/#breadcrumb"},"inLanguage":"fr-FR","potentialAction":[{"@type":"ReadAction","target":["https:\/\/www.melform.com\/fr\/conteneurs-\/catalogue-de-produits\/accessoires\/kit-de-fixation\/"]}]},{"@type":"ImageObject","inLanguage":"fr-FR","@id":"https:\/\/www.melform.com\/fr\/conteneurs-\/catalogue-de-produits\/accessoires\/kit-de-fixation\/#primaryimage","url":"https:\/\/www.melform.com\/wp-content\/uploads\/2022\/09\/RRI137-1.jpg","contentUrl":"https:\/\/www.melform.com\/wp-content\/uploads\/2022\/09\/RRI137-1.jpg","width":807,"height":1000},{"@type":"BreadcrumbList","@id":"https:\/\/www.melform.com\/fr\/conteneurs-\/catalogue-de-produits\/accessoires\/kit-de-fixation\/#breadcrumb","itemListElement":[{"@type":"ListItem","position":1,"name":"Home","item":"https:\/\/www.melform.com\/fr\/"},{"@type":"ListItem","position":2,"name":"Shop","item":"https:\/\/www.melform.com\/fr\/shop\/"},{"@type":"ListItem","position":3,"name":"Kit de verrouillage"}]},{"@type":"WebSite","@id":"https:\/\/www.melform.com\/fr\/#website","url":"https:\/\/www.melform.com\/fr\/","name":"MELFORM","description":"SISTEMI PER IL TRASPORTO E STOCCAGGIO A TEMPERATURA CONTROLLATA","potentialAction":[{"@type":"SearchAction","target":{"@type":"EntryPoint","urlTemplate":"https:\/\/www.melform.com\/fr\/?s={search_term_string}"},"query-input":{"@type":"PropertyValueSpecification","valueRequired":true,"valueName":"search_term_string"}}],"inLanguage":"fr-FR"}]}},"_links":{"self":[{"href":"https:\/\/www.melform.com\/fr\/wp-json\/wp\/v2\/product\/8033","targetHints":{"allow":["GET"]}}],"collection":[{"href":"https:\/\/www.melform.com\/fr\/wp-json\/wp\/v2\/product"}],"about":[{"href":"https:\/\/www.melform.com\/fr\/wp-json\/wp\/v2\/types\/product"}],"wp:featuredmedia":[{"embeddable":true,"href":"https:\/\/www.melform.com\/fr\/wp-json\/wp\/v2\/media\/2029"}],"wp:attachment":[{"href":"https:\/\/www.melform.com\/fr\/wp-json\/wp\/v2\/media?parent=8033"}],"wp:term":[{"taxonomy":"product_brand","embeddable":true,"href":"https:\/\/www.melform.com\/fr\/wp-json\/wp\/v2\/product_brand?post=8033"},{"taxonomy":"product_cat","embeddable":true,"href":"https:\/\/www.melform.com\/fr\/wp-json\/wp\/v2\/product_cat?post=8033"},{"taxonomy":"product_tag","embeddable":true,"href":"https:\/\/www.melform.com\/fr\/wp-json\/wp\/v2\/product_tag?post=8033"}],"curies":[{"name":"wp","href":"https:\/\/api.w.org\/{rel}","templated":true}]}}