{"id":8034,"date":"2022-10-11T16:27:25","date_gmt":"2022-10-11T14:27:25","guid":{"rendered":"https:\/\/www.melform.com\/product\/port-de-chauffage-analogique-pour-af-7-2\/"},"modified":"2025-02-18T18:10:54","modified_gmt":"2025-02-18T16:10:54","slug":"port-de-chauffage-analogique-pour-af-12","status":"publish","type":"product","link":"https:\/\/www.melform.com\/fr\/conteneurs-\/catalogue-de-produits\/accessoires\/port-de-chauffage-analogique-pour-af-12\/","title":{"rendered":"Porte chauffante  analogique pour AF 12"},"content":{"rendered":"<p data-start=\"662\" data-end=\"859\">La <strong data-start=\"665\" data-end=\"696\">porte chauffante analogique<\/strong> est un accessoire con\u00e7u pour le <strong data-start=\"729\" data-end=\"757\">conteneur isotherme AF12<\/strong>, id\u00e9al pour le <strong data-start=\"773\" data-end=\"804\">transport en liaison chaude<\/strong>, garantissant un <strong data-start=\"822\" data-end=\"856\">chauffage uniforme et contr\u00f4l\u00e9<\/strong>.<\/p>\r\n\r\n<ul data-start=\"861\" data-end=\"1358\" data-is-last-node=\"\">\r\n \t<li data-start=\"861\" data-end=\"964\"><strong data-start=\"863\" data-end=\"895\">Temp\u00e9rature pr\u00e9r\u00e9gl\u00e9e \u00e0 75\u00b0C<\/strong>, pour une conservation optimale des aliments pendant le transport.<\/li>\r\n \t<li data-start=\"965\" data-end=\"1089\"><strong data-start=\"967\" data-end=\"1004\">Compatible avec le conteneur AF12<\/strong>, le transformant en une solution efficace pour le <strong data-start=\"1055\" data-end=\"1086\">transport en liaison chaude<\/strong>.<\/li>\r\n \t<li data-start=\"1090\" data-end=\"1217\"><strong data-start=\"1092\" data-end=\"1158\">Alimentation \u00e9lectrique disponible en 230 V a.c. et 110 V a.c.<\/strong>, pour s\u2019adapter \u00e0 diff\u00e9rentes exigences op\u00e9rationnelles.<\/li>\r\n \t<li data-start=\"1218\" data-end=\"1358\" data-is-last-node=\"\"><strong data-start=\"1220\" data-end=\"1258\">R\u00e9partition homog\u00e8ne de la chaleur<\/strong>, \u00e9vitant toute surchauffe et garantissant une <strong data-start=\"1305\" data-end=\"1330\">temp\u00e9rature constante<\/strong> \u00e0 l\u2019int\u00e9rieur du conteneur.<\/li>\r\n<\/ul>","protected":false},"excerpt":{"rendered":"La porte chauffante analogique est un accessoire con\u00e7u pour le conteneur isotherme AF12, id\u00e9al pour le transport en liaison chaude, garantissant un chauffage uniforme et contr\u00f4l\u00e9. Temp\u00e9rature pr\u00e9r\u00e9gl\u00e9e \u00e0 75\u00b0C, pour une conservation optimale des aliments pendant le transport. Compatible avec le conteneur AF12, le transformant en une solution efficace pour le transport en liaison [&hellip;]","protected":false},"featured_media":6175,"template":"","meta":{"_acf_changed":false,"_themeisle_gutenberg_block_has_review":false},"product_brand":[],"product_cat":[241],"product_tag":[],"class_list":{"0":"post-8034","1":"product","2":"type-product","3":"status-publish","4":"has-post-thumbnail","6":"product_cat-accessoires","8":"first","9":"instock","10":"product-type-simple"},"acf":[],"yoast_head":"<!-- This site is optimized with the Yoast SEO plugin v26.4 - https:\/\/yoast.com\/wordpress\/plugins\/seo\/ -->\n<title>Porte chauffante analogique pour AF 12 - MELFORM<\/title>\n<meta name=\"robots\" content=\"index, follow, max-snippet:-1, max-image-preview:large, max-video-preview:-1\" \/>\n<link rel=\"canonical\" href=\"https:\/\/www.melform.com\/fr\/conteneurs-\/catalogue-de-produits\/accessoires\/port-de-chauffage-analogique-pour-af-12\/\" \/>\n<meta property=\"og:locale\" content=\"fr_FR\" \/>\n<meta property=\"og:type\" content=\"article\" \/>\n<meta property=\"og:title\" content=\"Porte chauffante analogique pour AF 12 - MELFORM\" \/>\n<meta property=\"og:description\" content=\"La porte chauffante analogique est un accessoire con\u00e7u pour le conteneur isotherme AF12, id\u00e9al pour le transport en liaison chaude, garantissant un chauffage uniforme et contr\u00f4l\u00e9. Temp\u00e9rature pr\u00e9r\u00e9gl\u00e9e \u00e0 75\u00b0C, pour une conservation optimale des aliments pendant le transport. Compatible avec le conteneur AF12, le transformant en une solution efficace pour le transport en liaison [&hellip;]\" \/>\n<meta property=\"og:url\" content=\"https:\/\/www.melform.com\/fr\/conteneurs-\/catalogue-de-produits\/accessoires\/port-de-chauffage-analogique-pour-af-12\/\" \/>\n<meta property=\"og:site_name\" content=\"MELFORM\" \/>\n<meta property=\"article:modified_time\" content=\"2025-02-18T16:10:54+00:00\" \/>\n<meta property=\"og:image\" content=\"https:\/\/www.melform.com\/wp-content\/uploads\/2022\/10\/AF12_active_door_analogue.jpg\" \/>\n\t<meta property=\"og:image:width\" content=\"1200\" \/>\n\t<meta property=\"og:image:height\" content=\"1200\" \/>\n\t<meta property=\"og:image:type\" content=\"image\/jpeg\" \/>\n<meta name=\"twitter:card\" content=\"summary_large_image\" \/>\n<script type=\"application\/ld+json\" class=\"yoast-schema-graph\">{\"@context\":\"https:\/\/schema.org\",\"@graph\":[{\"@type\":\"WebPage\",\"@id\":\"https:\/\/www.melform.com\/fr\/conteneurs-\/catalogue-de-produits\/accessoires\/port-de-chauffage-analogique-pour-af-12\/\",\"url\":\"https:\/\/www.melform.com\/fr\/conteneurs-\/catalogue-de-produits\/accessoires\/port-de-chauffage-analogique-pour-af-12\/\",\"name\":\"Porte chauffante analogique pour AF 12 - MELFORM\",\"isPartOf\":{\"@id\":\"https:\/\/www.melform.com\/fr\/#website\"},\"primaryImageOfPage\":{\"@id\":\"https:\/\/www.melform.com\/fr\/conteneurs-\/catalogue-de-produits\/accessoires\/port-de-chauffage-analogique-pour-af-12\/#primaryimage\"},\"image\":{\"@id\":\"https:\/\/www.melform.com\/fr\/conteneurs-\/catalogue-de-produits\/accessoires\/port-de-chauffage-analogique-pour-af-12\/#primaryimage\"},\"thumbnailUrl\":\"https:\/\/www.melform.com\/wp-content\/uploads\/2022\/10\/AF12_active_door_analogue.jpg\",\"datePublished\":\"2022-10-11T14:27:25+00:00\",\"dateModified\":\"2025-02-18T16:10:54+00:00\",\"breadcrumb\":{\"@id\":\"https:\/\/www.melform.com\/fr\/conteneurs-\/catalogue-de-produits\/accessoires\/port-de-chauffage-analogique-pour-af-12\/#breadcrumb\"},\"inLanguage\":\"fr-FR\",\"potentialAction\":[{\"@type\":\"ReadAction\",\"target\":[\"https:\/\/www.melform.com\/fr\/conteneurs-\/catalogue-de-produits\/accessoires\/port-de-chauffage-analogique-pour-af-12\/\"]}]},{\"@type\":\"ImageObject\",\"inLanguage\":\"fr-FR\",\"@id\":\"https:\/\/www.melform.com\/fr\/conteneurs-\/catalogue-de-produits\/accessoires\/port-de-chauffage-analogique-pour-af-12\/#primaryimage\",\"url\":\"https:\/\/www.melform.com\/wp-content\/uploads\/2022\/10\/AF12_active_door_analogue.jpg\",\"contentUrl\":\"https:\/\/www.melform.com\/wp-content\/uploads\/2022\/10\/AF12_active_door_analogue.jpg\",\"width\":1200,\"height\":1200},{\"@type\":\"BreadcrumbList\",\"@id\":\"https:\/\/www.melform.com\/fr\/conteneurs-\/catalogue-de-produits\/accessoires\/port-de-chauffage-analogique-pour-af-12\/#breadcrumb\",\"itemListElement\":[{\"@type\":\"ListItem\",\"position\":1,\"name\":\"Home\",\"item\":\"https:\/\/www.melform.com\/fr\/\"},{\"@type\":\"ListItem\",\"position\":2,\"name\":\"Shop\",\"item\":\"https:\/\/www.melform.com\/fr\/shop\/\"},{\"@type\":\"ListItem\",\"position\":3,\"name\":\"Porte chauffante analogique pour AF 12\"}]},{\"@type\":\"WebSite\",\"@id\":\"https:\/\/www.melform.com\/fr\/#website\",\"url\":\"https:\/\/www.melform.com\/fr\/\",\"name\":\"MELFORM\",\"description\":\"SISTEMI PER IL TRASPORTO E STOCCAGGIO A TEMPERATURA CONTROLLATA\",\"potentialAction\":[{\"@type\":\"SearchAction\",\"target\":{\"@type\":\"EntryPoint\",\"urlTemplate\":\"https:\/\/www.melform.com\/fr\/?s={search_term_string}\"},\"query-input\":{\"@type\":\"PropertyValueSpecification\",\"valueRequired\":true,\"valueName\":\"search_term_string\"}}],\"inLanguage\":\"fr-FR\"}]}<\/script>\n<!-- \/ Yoast SEO plugin. -->","yoast_head_json":{"title":"Porte chauffante analogique pour AF 12 - MELFORM","robots":{"index":"index","follow":"follow","max-snippet":"max-snippet:-1","max-image-preview":"max-image-preview:large","max-video-preview":"max-video-preview:-1"},"canonical":"https:\/\/www.melform.com\/fr\/conteneurs-\/catalogue-de-produits\/accessoires\/port-de-chauffage-analogique-pour-af-12\/","og_locale":"fr_FR","og_type":"article","og_title":"Porte chauffante analogique pour AF 12 - MELFORM","og_description":"La porte chauffante analogique est un accessoire con\u00e7u pour le conteneur isotherme AF12, id\u00e9al pour le transport en liaison chaude, garantissant un chauffage uniforme et contr\u00f4l\u00e9. Temp\u00e9rature pr\u00e9r\u00e9gl\u00e9e \u00e0 75\u00b0C, pour une conservation optimale des aliments pendant le transport. Compatible avec le conteneur AF12, le transformant en une solution efficace pour le transport en liaison [&hellip;]","og_url":"https:\/\/www.melform.com\/fr\/conteneurs-\/catalogue-de-produits\/accessoires\/port-de-chauffage-analogique-pour-af-12\/","og_site_name":"MELFORM","article_modified_time":"2025-02-18T16:10:54+00:00","og_image":[{"width":1200,"height":1200,"url":"https:\/\/www.melform.com\/wp-content\/uploads\/2022\/10\/AF12_active_door_analogue.jpg","type":"image\/jpeg"}],"twitter_card":"summary_large_image","schema":{"@context":"https:\/\/schema.org","@graph":[{"@type":"WebPage","@id":"https:\/\/www.melform.com\/fr\/conteneurs-\/catalogue-de-produits\/accessoires\/port-de-chauffage-analogique-pour-af-12\/","url":"https:\/\/www.melform.com\/fr\/conteneurs-\/catalogue-de-produits\/accessoires\/port-de-chauffage-analogique-pour-af-12\/","name":"Porte chauffante analogique pour AF 12 - MELFORM","isPartOf":{"@id":"https:\/\/www.melform.com\/fr\/#website"},"primaryImageOfPage":{"@id":"https:\/\/www.melform.com\/fr\/conteneurs-\/catalogue-de-produits\/accessoires\/port-de-chauffage-analogique-pour-af-12\/#primaryimage"},"image":{"@id":"https:\/\/www.melform.com\/fr\/conteneurs-\/catalogue-de-produits\/accessoires\/port-de-chauffage-analogique-pour-af-12\/#primaryimage"},"thumbnailUrl":"https:\/\/www.melform.com\/wp-content\/uploads\/2022\/10\/AF12_active_door_analogue.jpg","datePublished":"2022-10-11T14:27:25+00:00","dateModified":"2025-02-18T16:10:54+00:00","breadcrumb":{"@id":"https:\/\/www.melform.com\/fr\/conteneurs-\/catalogue-de-produits\/accessoires\/port-de-chauffage-analogique-pour-af-12\/#breadcrumb"},"inLanguage":"fr-FR","potentialAction":[{"@type":"ReadAction","target":["https:\/\/www.melform.com\/fr\/conteneurs-\/catalogue-de-produits\/accessoires\/port-de-chauffage-analogique-pour-af-12\/"]}]},{"@type":"ImageObject","inLanguage":"fr-FR","@id":"https:\/\/www.melform.com\/fr\/conteneurs-\/catalogue-de-produits\/accessoires\/port-de-chauffage-analogique-pour-af-12\/#primaryimage","url":"https:\/\/www.melform.com\/wp-content\/uploads\/2022\/10\/AF12_active_door_analogue.jpg","contentUrl":"https:\/\/www.melform.com\/wp-content\/uploads\/2022\/10\/AF12_active_door_analogue.jpg","width":1200,"height":1200},{"@type":"BreadcrumbList","@id":"https:\/\/www.melform.com\/fr\/conteneurs-\/catalogue-de-produits\/accessoires\/port-de-chauffage-analogique-pour-af-12\/#breadcrumb","itemListElement":[{"@type":"ListItem","position":1,"name":"Home","item":"https:\/\/www.melform.com\/fr\/"},{"@type":"ListItem","position":2,"name":"Shop","item":"https:\/\/www.melform.com\/fr\/shop\/"},{"@type":"ListItem","position":3,"name":"Porte chauffante analogique pour AF 12"}]},{"@type":"WebSite","@id":"https:\/\/www.melform.com\/fr\/#website","url":"https:\/\/www.melform.com\/fr\/","name":"MELFORM","description":"SISTEMI PER IL TRASPORTO E STOCCAGGIO A TEMPERATURA CONTROLLATA","potentialAction":[{"@type":"SearchAction","target":{"@type":"EntryPoint","urlTemplate":"https:\/\/www.melform.com\/fr\/?s={search_term_string}"},"query-input":{"@type":"PropertyValueSpecification","valueRequired":true,"valueName":"search_term_string"}}],"inLanguage":"fr-FR"}]}},"_links":{"self":[{"href":"https:\/\/www.melform.com\/fr\/wp-json\/wp\/v2\/product\/8034","targetHints":{"allow":["GET"]}}],"collection":[{"href":"https:\/\/www.melform.com\/fr\/wp-json\/wp\/v2\/product"}],"about":[{"href":"https:\/\/www.melform.com\/fr\/wp-json\/wp\/v2\/types\/product"}],"wp:featuredmedia":[{"embeddable":true,"href":"https:\/\/www.melform.com\/fr\/wp-json\/wp\/v2\/media\/6175"}],"wp:attachment":[{"href":"https:\/\/www.melform.com\/fr\/wp-json\/wp\/v2\/media?parent=8034"}],"wp:term":[{"taxonomy":"product_brand","embeddable":true,"href":"https:\/\/www.melform.com\/fr\/wp-json\/wp\/v2\/product_brand?post=8034"},{"taxonomy":"product_cat","embeddable":true,"href":"https:\/\/www.melform.com\/fr\/wp-json\/wp\/v2\/product_cat?post=8034"},{"taxonomy":"product_tag","embeddable":true,"href":"https:\/\/www.melform.com\/fr\/wp-json\/wp\/v2\/product_tag?post=8034"}],"curies":[{"name":"wp","href":"https:\/\/api.w.org\/{rel}","templated":true}]}}