{"id":8037,"date":"2022-10-11T16:41:38","date_gmt":"2022-10-11T14:41:38","guid":{"rendered":"https:\/\/www.melform.com\/product\/grille\/"},"modified":"2025-02-19T17:15:58","modified_gmt":"2025-02-19T15:15:58","slug":"grille","status":"publish","type":"product","link":"https:\/\/www.melform.com\/fr\/conteneurs-\/catalogue-de-produits\/accessoires\/grille\/","title":{"rendered":"Grille GN 1\/1"},"content":{"rendered":"<p data-start=\"618\" data-end=\"832\">La <strong data-start=\"621\" data-end=\"658\">grille en acier inoxydable GN 1\/1<\/strong> est con\u00e7ue pour <strong data-start=\"675\" data-end=\"717\">optimiser l\u2019organisation du chargement<\/strong> \u00e0 l\u2019int\u00e9rieur des <strong data-start=\"736\" data-end=\"756\">conteneurs AF140<\/strong>, garantissant <strong data-start=\"771\" data-end=\"811\">une s\u00e9paration efficace des aliments<\/strong> lors du transport.<\/p>\r\n\r\n<ul data-start=\"875\" data-end=\"1278\" data-is-last-node=\"\">\r\n \t<li data-start=\"875\" data-end=\"975\"><strong data-start=\"877\" data-end=\"894\">Compatibilit\u00e9<\/strong> : Adapt\u00e9e pour une utilisation \u00e0 l\u2019int\u00e9rieur du <strong data-start=\"943\" data-end=\"972\">conteneur isotherme AF140<\/strong>.<\/li>\r\n \t<li data-start=\"976\" data-end=\"1073\"><strong data-start=\"978\" data-end=\"990\">Mat\u00e9riau<\/strong> : <strong data-start=\"993\" data-end=\"1023\">Acier inoxydable r\u00e9sistant<\/strong>, id\u00e9al pour un usage intensif et professionnel.<\/li>\r\n \t<li data-start=\"1074\" data-end=\"1136\"><strong data-start=\"1076\" data-end=\"1090\">Dimensions<\/strong>: <strong data-start=\"1093\" data-end=\"1109\">450 x 620 mm<\/strong>, format standard GN 1\/1.<\/li>\r\n \t<li data-start=\"1137\" data-end=\"1278\" data-is-last-node=\"\"><strong data-start=\"1139\" data-end=\"1157\">Fonctionnalit\u00e9<\/strong> : Permet une <strong data-start=\"1171\" data-end=\"1209\">r\u00e9partition optimale du chargement<\/strong>, am\u00e9liorant <strong data-start=\"1222\" data-end=\"1265\">la stabilit\u00e9 et la gestion des aliments<\/strong> transport\u00e9s.<\/li>\r\n<\/ul>","protected":false},"excerpt":{"rendered":"La grille en acier inoxydable GN 1\/1 est con\u00e7ue pour optimiser l\u2019organisation du chargement \u00e0 l\u2019int\u00e9rieur des conteneurs AF140, garantissant une s\u00e9paration efficace des aliments lors du transport. Compatibilit\u00e9 : Adapt\u00e9e pour une utilisation \u00e0 l\u2019int\u00e9rieur du conteneur isotherme AF140. Mat\u00e9riau : Acier inoxydable r\u00e9sistant, id\u00e9al pour un usage intensif et professionnel. Dimensions: 450 x [&hellip;]","protected":false},"featured_media":18646,"template":"","meta":{"_acf_changed":false,"_themeisle_gutenberg_block_has_review":false},"product_brand":[],"product_cat":[241],"product_tag":[],"class_list":{"0":"post-8037","1":"product","2":"type-product","3":"status-publish","4":"has-post-thumbnail","6":"product_cat-accessoires","8":"first","9":"instock","10":"product-type-simple"},"acf":[],"yoast_head":"<!-- This site is optimized with the Yoast SEO plugin v26.4 - https:\/\/yoast.com\/wordpress\/plugins\/seo\/ -->\n<title>Grille GN 1\/1 - MELFORM<\/title>\n<meta name=\"robots\" content=\"index, follow, max-snippet:-1, max-image-preview:large, max-video-preview:-1\" \/>\n<link rel=\"canonical\" href=\"https:\/\/www.melform.com\/fr\/conteneurs-\/catalogue-de-produits\/accessoires\/grille\/\" \/>\n<meta property=\"og:locale\" content=\"fr_FR\" \/>\n<meta property=\"og:type\" content=\"article\" \/>\n<meta property=\"og:title\" content=\"Grille GN 1\/1 - MELFORM\" \/>\n<meta property=\"og:description\" content=\"La grille en acier inoxydable GN 1\/1 est con\u00e7ue pour optimiser l\u2019organisation du chargement \u00e0 l\u2019int\u00e9rieur des conteneurs AF140, garantissant une s\u00e9paration efficace des aliments lors du transport. Compatibilit\u00e9 : Adapt\u00e9e pour une utilisation \u00e0 l\u2019int\u00e9rieur du conteneur isotherme AF140. Mat\u00e9riau : Acier inoxydable r\u00e9sistant, id\u00e9al pour un usage intensif et professionnel. Dimensions: 450 x [&hellip;]\" \/>\n<meta property=\"og:url\" content=\"https:\/\/www.melform.com\/fr\/conteneurs-\/catalogue-de-produits\/accessoires\/grille\/\" \/>\n<meta property=\"og:site_name\" content=\"MELFORM\" \/>\n<meta property=\"article:modified_time\" content=\"2025-02-19T15:15:58+00:00\" \/>\n<meta property=\"og:image\" content=\"https:\/\/www.melform.com\/wp-content\/uploads\/2025\/02\/GRIGLIA-AEA030-X-AF140-1024x683.jpg\" \/>\n\t<meta property=\"og:image:width\" content=\"1024\" \/>\n\t<meta property=\"og:image:height\" content=\"683\" \/>\n\t<meta property=\"og:image:type\" content=\"image\/jpeg\" \/>\n<meta name=\"twitter:card\" content=\"summary_large_image\" \/>\n<script type=\"application\/ld+json\" class=\"yoast-schema-graph\">{\"@context\":\"https:\/\/schema.org\",\"@graph\":[{\"@type\":\"WebPage\",\"@id\":\"https:\/\/www.melform.com\/fr\/conteneurs-\/catalogue-de-produits\/accessoires\/grille\/\",\"url\":\"https:\/\/www.melform.com\/fr\/conteneurs-\/catalogue-de-produits\/accessoires\/grille\/\",\"name\":\"Grille GN 1\/1 - MELFORM\",\"isPartOf\":{\"@id\":\"https:\/\/www.melform.com\/fr\/#website\"},\"primaryImageOfPage\":{\"@id\":\"https:\/\/www.melform.com\/fr\/conteneurs-\/catalogue-de-produits\/accessoires\/grille\/#primaryimage\"},\"image\":{\"@id\":\"https:\/\/www.melform.com\/fr\/conteneurs-\/catalogue-de-produits\/accessoires\/grille\/#primaryimage\"},\"thumbnailUrl\":\"https:\/\/www.melform.com\/wp-content\/uploads\/2025\/02\/GRIGLIA-AEA030-X-AF140.jpg\",\"datePublished\":\"2022-10-11T14:41:38+00:00\",\"dateModified\":\"2025-02-19T15:15:58+00:00\",\"breadcrumb\":{\"@id\":\"https:\/\/www.melform.com\/fr\/conteneurs-\/catalogue-de-produits\/accessoires\/grille\/#breadcrumb\"},\"inLanguage\":\"fr-FR\",\"potentialAction\":[{\"@type\":\"ReadAction\",\"target\":[\"https:\/\/www.melform.com\/fr\/conteneurs-\/catalogue-de-produits\/accessoires\/grille\/\"]}]},{\"@type\":\"ImageObject\",\"inLanguage\":\"fr-FR\",\"@id\":\"https:\/\/www.melform.com\/fr\/conteneurs-\/catalogue-de-produits\/accessoires\/grille\/#primaryimage\",\"url\":\"https:\/\/www.melform.com\/wp-content\/uploads\/2025\/02\/GRIGLIA-AEA030-X-AF140.jpg\",\"contentUrl\":\"https:\/\/www.melform.com\/wp-content\/uploads\/2025\/02\/GRIGLIA-AEA030-X-AF140.jpg\",\"width\":8256,\"height\":5504},{\"@type\":\"BreadcrumbList\",\"@id\":\"https:\/\/www.melform.com\/fr\/conteneurs-\/catalogue-de-produits\/accessoires\/grille\/#breadcrumb\",\"itemListElement\":[{\"@type\":\"ListItem\",\"position\":1,\"name\":\"Home\",\"item\":\"https:\/\/www.melform.com\/fr\/\"},{\"@type\":\"ListItem\",\"position\":2,\"name\":\"Shop\",\"item\":\"https:\/\/www.melform.com\/fr\/shop\/\"},{\"@type\":\"ListItem\",\"position\":3,\"name\":\"Grille GN 1\/1\"}]},{\"@type\":\"WebSite\",\"@id\":\"https:\/\/www.melform.com\/fr\/#website\",\"url\":\"https:\/\/www.melform.com\/fr\/\",\"name\":\"MELFORM\",\"description\":\"SISTEMI PER IL TRASPORTO E STOCCAGGIO A TEMPERATURA CONTROLLATA\",\"potentialAction\":[{\"@type\":\"SearchAction\",\"target\":{\"@type\":\"EntryPoint\",\"urlTemplate\":\"https:\/\/www.melform.com\/fr\/?s={search_term_string}\"},\"query-input\":{\"@type\":\"PropertyValueSpecification\",\"valueRequired\":true,\"valueName\":\"search_term_string\"}}],\"inLanguage\":\"fr-FR\"}]}<\/script>\n<!-- \/ Yoast SEO plugin. -->","yoast_head_json":{"title":"Grille GN 1\/1 - MELFORM","robots":{"index":"index","follow":"follow","max-snippet":"max-snippet:-1","max-image-preview":"max-image-preview:large","max-video-preview":"max-video-preview:-1"},"canonical":"https:\/\/www.melform.com\/fr\/conteneurs-\/catalogue-de-produits\/accessoires\/grille\/","og_locale":"fr_FR","og_type":"article","og_title":"Grille GN 1\/1 - MELFORM","og_description":"La grille en acier inoxydable GN 1\/1 est con\u00e7ue pour optimiser l\u2019organisation du chargement \u00e0 l\u2019int\u00e9rieur des conteneurs AF140, garantissant une s\u00e9paration efficace des aliments lors du transport. Compatibilit\u00e9 : Adapt\u00e9e pour une utilisation \u00e0 l\u2019int\u00e9rieur du conteneur isotherme AF140. Mat\u00e9riau : Acier inoxydable r\u00e9sistant, id\u00e9al pour un usage intensif et professionnel. Dimensions: 450 x [&hellip;]","og_url":"https:\/\/www.melform.com\/fr\/conteneurs-\/catalogue-de-produits\/accessoires\/grille\/","og_site_name":"MELFORM","article_modified_time":"2025-02-19T15:15:58+00:00","og_image":[{"width":1024,"height":683,"url":"https:\/\/www.melform.com\/wp-content\/uploads\/2025\/02\/GRIGLIA-AEA030-X-AF140-1024x683.jpg","type":"image\/jpeg"}],"twitter_card":"summary_large_image","schema":{"@context":"https:\/\/schema.org","@graph":[{"@type":"WebPage","@id":"https:\/\/www.melform.com\/fr\/conteneurs-\/catalogue-de-produits\/accessoires\/grille\/","url":"https:\/\/www.melform.com\/fr\/conteneurs-\/catalogue-de-produits\/accessoires\/grille\/","name":"Grille GN 1\/1 - MELFORM","isPartOf":{"@id":"https:\/\/www.melform.com\/fr\/#website"},"primaryImageOfPage":{"@id":"https:\/\/www.melform.com\/fr\/conteneurs-\/catalogue-de-produits\/accessoires\/grille\/#primaryimage"},"image":{"@id":"https:\/\/www.melform.com\/fr\/conteneurs-\/catalogue-de-produits\/accessoires\/grille\/#primaryimage"},"thumbnailUrl":"https:\/\/www.melform.com\/wp-content\/uploads\/2025\/02\/GRIGLIA-AEA030-X-AF140.jpg","datePublished":"2022-10-11T14:41:38+00:00","dateModified":"2025-02-19T15:15:58+00:00","breadcrumb":{"@id":"https:\/\/www.melform.com\/fr\/conteneurs-\/catalogue-de-produits\/accessoires\/grille\/#breadcrumb"},"inLanguage":"fr-FR","potentialAction":[{"@type":"ReadAction","target":["https:\/\/www.melform.com\/fr\/conteneurs-\/catalogue-de-produits\/accessoires\/grille\/"]}]},{"@type":"ImageObject","inLanguage":"fr-FR","@id":"https:\/\/www.melform.com\/fr\/conteneurs-\/catalogue-de-produits\/accessoires\/grille\/#primaryimage","url":"https:\/\/www.melform.com\/wp-content\/uploads\/2025\/02\/GRIGLIA-AEA030-X-AF140.jpg","contentUrl":"https:\/\/www.melform.com\/wp-content\/uploads\/2025\/02\/GRIGLIA-AEA030-X-AF140.jpg","width":8256,"height":5504},{"@type":"BreadcrumbList","@id":"https:\/\/www.melform.com\/fr\/conteneurs-\/catalogue-de-produits\/accessoires\/grille\/#breadcrumb","itemListElement":[{"@type":"ListItem","position":1,"name":"Home","item":"https:\/\/www.melform.com\/fr\/"},{"@type":"ListItem","position":2,"name":"Shop","item":"https:\/\/www.melform.com\/fr\/shop\/"},{"@type":"ListItem","position":3,"name":"Grille GN 1\/1"}]},{"@type":"WebSite","@id":"https:\/\/www.melform.com\/fr\/#website","url":"https:\/\/www.melform.com\/fr\/","name":"MELFORM","description":"SISTEMI PER IL TRASPORTO E STOCCAGGIO A TEMPERATURA CONTROLLATA","potentialAction":[{"@type":"SearchAction","target":{"@type":"EntryPoint","urlTemplate":"https:\/\/www.melform.com\/fr\/?s={search_term_string}"},"query-input":{"@type":"PropertyValueSpecification","valueRequired":true,"valueName":"search_term_string"}}],"inLanguage":"fr-FR"}]}},"_links":{"self":[{"href":"https:\/\/www.melform.com\/fr\/wp-json\/wp\/v2\/product\/8037","targetHints":{"allow":["GET"]}}],"collection":[{"href":"https:\/\/www.melform.com\/fr\/wp-json\/wp\/v2\/product"}],"about":[{"href":"https:\/\/www.melform.com\/fr\/wp-json\/wp\/v2\/types\/product"}],"wp:featuredmedia":[{"embeddable":true,"href":"https:\/\/www.melform.com\/fr\/wp-json\/wp\/v2\/media\/18646"}],"wp:attachment":[{"href":"https:\/\/www.melform.com\/fr\/wp-json\/wp\/v2\/media?parent=8037"}],"wp:term":[{"taxonomy":"product_brand","embeddable":true,"href":"https:\/\/www.melform.com\/fr\/wp-json\/wp\/v2\/product_brand?post=8037"},{"taxonomy":"product_cat","embeddable":true,"href":"https:\/\/www.melform.com\/fr\/wp-json\/wp\/v2\/product_cat?post=8037"},{"taxonomy":"product_tag","embeddable":true,"href":"https:\/\/www.melform.com\/fr\/wp-json\/wp\/v2\/product_tag?post=8037"}],"curies":[{"name":"wp","href":"https:\/\/api.w.org\/{rel}","templated":true}]}}