{"id":8039,"date":"2022-10-11T16:40:28","date_gmt":"2022-10-11T14:40:28","guid":{"rendered":"https:\/\/www.melform.com\/product\/porte-fiches\/"},"modified":"2025-02-19T14:25:17","modified_gmt":"2025-02-19T12:25:17","slug":"porte-fiches","status":"publish","type":"product","link":"https:\/\/www.melform.com\/fr\/conteneurs-\/catalogue-de-produits\/accessoires\/porte-fiches\/","title":{"rendered":"Porte-documents A5"},"content":{"rendered":"<p data-start=\"860\" data-end=\"1067\">Le <strong data-start=\"863\" data-end=\"907\">porte-documents transparent au format A5<\/strong> est con\u00e7u pour <strong data-start=\"923\" data-end=\"975\">prot\u00e9ger et organiser les documents de transport<\/strong>, garantissant <strong data-start=\"990\" data-end=\"1029\">une visibilit\u00e9 et un acc\u00e8s imm\u00e9diat<\/strong> aux informations sur le chargement.<\/p>\r\n\r\n<ul data-start=\"1110\" data-end=\"1540\">\r\n \t<li data-start=\"1110\" data-end=\"1212\"><strong data-start=\"1112\" data-end=\"1125\">Format A5<\/strong>, id\u00e9al pour contenir les documents de transport et d\u2019identification de la cargaison.<\/li>\r\n \t<li data-start=\"1213\" data-end=\"1314\"><strong data-start=\"1215\" data-end=\"1236\">Design \u00e0 soufflet<\/strong>, permettant d&#8217;ins\u00e9rer plusieurs documents de mani\u00e8re ordonn\u00e9e et s\u00e9curis\u00e9e.<\/li>\r\n \t<li data-start=\"1315\" data-end=\"1415\"><strong data-start=\"1317\" data-end=\"1351\">Mat\u00e9riau plastique transparent<\/strong>, offrant une lecture instantan\u00e9e sans n\u00e9cessit\u00e9 d\u2019extraction.<\/li>\r\n \t<li data-start=\"1416\" data-end=\"1540\"><strong data-start=\"1418\" data-end=\"1443\">R\u00e9sistant et flexible<\/strong>, adapt\u00e9 \u00e0 une utilisation professionnelle dans les environnements logistiques et de transport.<\/li>\r\n<\/ul>","protected":false},"excerpt":{"rendered":"Le porte-documents transparent au format A5 est con\u00e7u pour prot\u00e9ger et organiser les documents de transport, garantissant une visibilit\u00e9 et un acc\u00e8s imm\u00e9diat aux informations sur le chargement. Format A5, id\u00e9al pour contenir les documents de transport et d\u2019identification de la cargaison. Design \u00e0 soufflet, permettant d&#8217;ins\u00e9rer plusieurs documents de mani\u00e8re ordonn\u00e9e et s\u00e9curis\u00e9e. Mat\u00e9riau [&hellip;]","protected":false},"featured_media":2025,"template":"","meta":{"_acf_changed":false,"_themeisle_gutenberg_block_has_review":false},"product_brand":[],"product_cat":[241],"product_tag":[],"class_list":{"0":"post-8039","1":"product","2":"type-product","3":"status-publish","4":"has-post-thumbnail","6":"product_cat-accessoires","8":"first","9":"instock","10":"product-type-simple"},"acf":[],"yoast_head":"<!-- This site is optimized with the Yoast SEO plugin v26.4 - https:\/\/yoast.com\/wordpress\/plugins\/seo\/ -->\n<title>Porte-documents A5 - MELFORM<\/title>\n<meta name=\"robots\" content=\"index, follow, max-snippet:-1, max-image-preview:large, max-video-preview:-1\" \/>\n<link rel=\"canonical\" href=\"https:\/\/www.melform.com\/fr\/conteneurs-\/catalogue-de-produits\/accessoires\/porte-fiches\/\" \/>\n<meta property=\"og:locale\" content=\"fr_FR\" \/>\n<meta property=\"og:type\" content=\"article\" \/>\n<meta property=\"og:title\" content=\"Porte-documents A5 - MELFORM\" \/>\n<meta property=\"og:description\" content=\"Le porte-documents transparent au format A5 est con\u00e7u pour prot\u00e9ger et organiser les documents de transport, garantissant une visibilit\u00e9 et un acc\u00e8s imm\u00e9diat aux informations sur le chargement. Format A5, id\u00e9al pour contenir les documents de transport et d\u2019identification de la cargaison. Design \u00e0 soufflet, permettant d&#8217;ins\u00e9rer plusieurs documents de mani\u00e8re ordonn\u00e9e et s\u00e9curis\u00e9e. Mat\u00e9riau [&hellip;]\" \/>\n<meta property=\"og:url\" content=\"https:\/\/www.melform.com\/fr\/conteneurs-\/catalogue-de-produits\/accessoires\/porte-fiches\/\" \/>\n<meta property=\"og:site_name\" content=\"MELFORM\" \/>\n<meta property=\"article:modified_time\" content=\"2025-02-19T12:25:17+00:00\" \/>\n<meta property=\"og:image\" content=\"https:\/\/www.melform.com\/wp-content\/uploads\/2022\/09\/AMC106-1.jpg\" \/>\n\t<meta property=\"og:image:width\" content=\"1000\" \/>\n\t<meta property=\"og:image:height\" content=\"751\" \/>\n\t<meta property=\"og:image:type\" content=\"image\/jpeg\" \/>\n<meta name=\"twitter:card\" content=\"summary_large_image\" \/>\n<script type=\"application\/ld+json\" class=\"yoast-schema-graph\">{\"@context\":\"https:\/\/schema.org\",\"@graph\":[{\"@type\":\"WebPage\",\"@id\":\"https:\/\/www.melform.com\/fr\/conteneurs-\/catalogue-de-produits\/accessoires\/porte-fiches\/\",\"url\":\"https:\/\/www.melform.com\/fr\/conteneurs-\/catalogue-de-produits\/accessoires\/porte-fiches\/\",\"name\":\"Porte-documents A5 - MELFORM\",\"isPartOf\":{\"@id\":\"https:\/\/www.melform.com\/fr\/#website\"},\"primaryImageOfPage\":{\"@id\":\"https:\/\/www.melform.com\/fr\/conteneurs-\/catalogue-de-produits\/accessoires\/porte-fiches\/#primaryimage\"},\"image\":{\"@id\":\"https:\/\/www.melform.com\/fr\/conteneurs-\/catalogue-de-produits\/accessoires\/porte-fiches\/#primaryimage\"},\"thumbnailUrl\":\"https:\/\/www.melform.com\/wp-content\/uploads\/2022\/09\/AMC106-1.jpg\",\"datePublished\":\"2022-10-11T14:40:28+00:00\",\"dateModified\":\"2025-02-19T12:25:17+00:00\",\"breadcrumb\":{\"@id\":\"https:\/\/www.melform.com\/fr\/conteneurs-\/catalogue-de-produits\/accessoires\/porte-fiches\/#breadcrumb\"},\"inLanguage\":\"fr-FR\",\"potentialAction\":[{\"@type\":\"ReadAction\",\"target\":[\"https:\/\/www.melform.com\/fr\/conteneurs-\/catalogue-de-produits\/accessoires\/porte-fiches\/\"]}]},{\"@type\":\"ImageObject\",\"inLanguage\":\"fr-FR\",\"@id\":\"https:\/\/www.melform.com\/fr\/conteneurs-\/catalogue-de-produits\/accessoires\/porte-fiches\/#primaryimage\",\"url\":\"https:\/\/www.melform.com\/wp-content\/uploads\/2022\/09\/AMC106-1.jpg\",\"contentUrl\":\"https:\/\/www.melform.com\/wp-content\/uploads\/2022\/09\/AMC106-1.jpg\",\"width\":1000,\"height\":751},{\"@type\":\"BreadcrumbList\",\"@id\":\"https:\/\/www.melform.com\/fr\/conteneurs-\/catalogue-de-produits\/accessoires\/porte-fiches\/#breadcrumb\",\"itemListElement\":[{\"@type\":\"ListItem\",\"position\":1,\"name\":\"Home\",\"item\":\"https:\/\/www.melform.com\/fr\/\"},{\"@type\":\"ListItem\",\"position\":2,\"name\":\"Shop\",\"item\":\"https:\/\/www.melform.com\/fr\/shop\/\"},{\"@type\":\"ListItem\",\"position\":3,\"name\":\"Porte-documents A5\"}]},{\"@type\":\"WebSite\",\"@id\":\"https:\/\/www.melform.com\/fr\/#website\",\"url\":\"https:\/\/www.melform.com\/fr\/\",\"name\":\"MELFORM\",\"description\":\"SISTEMI PER IL TRASPORTO E STOCCAGGIO A TEMPERATURA CONTROLLATA\",\"potentialAction\":[{\"@type\":\"SearchAction\",\"target\":{\"@type\":\"EntryPoint\",\"urlTemplate\":\"https:\/\/www.melform.com\/fr\/?s={search_term_string}\"},\"query-input\":{\"@type\":\"PropertyValueSpecification\",\"valueRequired\":true,\"valueName\":\"search_term_string\"}}],\"inLanguage\":\"fr-FR\"}]}<\/script>\n<!-- \/ Yoast SEO plugin. -->","yoast_head_json":{"title":"Porte-documents A5 - MELFORM","robots":{"index":"index","follow":"follow","max-snippet":"max-snippet:-1","max-image-preview":"max-image-preview:large","max-video-preview":"max-video-preview:-1"},"canonical":"https:\/\/www.melform.com\/fr\/conteneurs-\/catalogue-de-produits\/accessoires\/porte-fiches\/","og_locale":"fr_FR","og_type":"article","og_title":"Porte-documents A5 - MELFORM","og_description":"Le porte-documents transparent au format A5 est con\u00e7u pour prot\u00e9ger et organiser les documents de transport, garantissant une visibilit\u00e9 et un acc\u00e8s imm\u00e9diat aux informations sur le chargement. Format A5, id\u00e9al pour contenir les documents de transport et d\u2019identification de la cargaison. Design \u00e0 soufflet, permettant d&#8217;ins\u00e9rer plusieurs documents de mani\u00e8re ordonn\u00e9e et s\u00e9curis\u00e9e. Mat\u00e9riau [&hellip;]","og_url":"https:\/\/www.melform.com\/fr\/conteneurs-\/catalogue-de-produits\/accessoires\/porte-fiches\/","og_site_name":"MELFORM","article_modified_time":"2025-02-19T12:25:17+00:00","og_image":[{"width":1000,"height":751,"url":"https:\/\/www.melform.com\/wp-content\/uploads\/2022\/09\/AMC106-1.jpg","type":"image\/jpeg"}],"twitter_card":"summary_large_image","schema":{"@context":"https:\/\/schema.org","@graph":[{"@type":"WebPage","@id":"https:\/\/www.melform.com\/fr\/conteneurs-\/catalogue-de-produits\/accessoires\/porte-fiches\/","url":"https:\/\/www.melform.com\/fr\/conteneurs-\/catalogue-de-produits\/accessoires\/porte-fiches\/","name":"Porte-documents A5 - MELFORM","isPartOf":{"@id":"https:\/\/www.melform.com\/fr\/#website"},"primaryImageOfPage":{"@id":"https:\/\/www.melform.com\/fr\/conteneurs-\/catalogue-de-produits\/accessoires\/porte-fiches\/#primaryimage"},"image":{"@id":"https:\/\/www.melform.com\/fr\/conteneurs-\/catalogue-de-produits\/accessoires\/porte-fiches\/#primaryimage"},"thumbnailUrl":"https:\/\/www.melform.com\/wp-content\/uploads\/2022\/09\/AMC106-1.jpg","datePublished":"2022-10-11T14:40:28+00:00","dateModified":"2025-02-19T12:25:17+00:00","breadcrumb":{"@id":"https:\/\/www.melform.com\/fr\/conteneurs-\/catalogue-de-produits\/accessoires\/porte-fiches\/#breadcrumb"},"inLanguage":"fr-FR","potentialAction":[{"@type":"ReadAction","target":["https:\/\/www.melform.com\/fr\/conteneurs-\/catalogue-de-produits\/accessoires\/porte-fiches\/"]}]},{"@type":"ImageObject","inLanguage":"fr-FR","@id":"https:\/\/www.melform.com\/fr\/conteneurs-\/catalogue-de-produits\/accessoires\/porte-fiches\/#primaryimage","url":"https:\/\/www.melform.com\/wp-content\/uploads\/2022\/09\/AMC106-1.jpg","contentUrl":"https:\/\/www.melform.com\/wp-content\/uploads\/2022\/09\/AMC106-1.jpg","width":1000,"height":751},{"@type":"BreadcrumbList","@id":"https:\/\/www.melform.com\/fr\/conteneurs-\/catalogue-de-produits\/accessoires\/porte-fiches\/#breadcrumb","itemListElement":[{"@type":"ListItem","position":1,"name":"Home","item":"https:\/\/www.melform.com\/fr\/"},{"@type":"ListItem","position":2,"name":"Shop","item":"https:\/\/www.melform.com\/fr\/shop\/"},{"@type":"ListItem","position":3,"name":"Porte-documents A5"}]},{"@type":"WebSite","@id":"https:\/\/www.melform.com\/fr\/#website","url":"https:\/\/www.melform.com\/fr\/","name":"MELFORM","description":"SISTEMI PER IL TRASPORTO E STOCCAGGIO A TEMPERATURA CONTROLLATA","potentialAction":[{"@type":"SearchAction","target":{"@type":"EntryPoint","urlTemplate":"https:\/\/www.melform.com\/fr\/?s={search_term_string}"},"query-input":{"@type":"PropertyValueSpecification","valueRequired":true,"valueName":"search_term_string"}}],"inLanguage":"fr-FR"}]}},"_links":{"self":[{"href":"https:\/\/www.melform.com\/fr\/wp-json\/wp\/v2\/product\/8039","targetHints":{"allow":["GET"]}}],"collection":[{"href":"https:\/\/www.melform.com\/fr\/wp-json\/wp\/v2\/product"}],"about":[{"href":"https:\/\/www.melform.com\/fr\/wp-json\/wp\/v2\/types\/product"}],"wp:featuredmedia":[{"embeddable":true,"href":"https:\/\/www.melform.com\/fr\/wp-json\/wp\/v2\/media\/2025"}],"wp:attachment":[{"href":"https:\/\/www.melform.com\/fr\/wp-json\/wp\/v2\/media?parent=8039"}],"wp:term":[{"taxonomy":"product_brand","embeddable":true,"href":"https:\/\/www.melform.com\/fr\/wp-json\/wp\/v2\/product_brand?post=8039"},{"taxonomy":"product_cat","embeddable":true,"href":"https:\/\/www.melform.com\/fr\/wp-json\/wp\/v2\/product_cat?post=8039"},{"taxonomy":"product_tag","embeddable":true,"href":"https:\/\/www.melform.com\/fr\/wp-json\/wp\/v2\/product_tag?post=8039"}],"curies":[{"name":"wp","href":"https:\/\/api.w.org\/{rel}","templated":true}]}}