{"id":8042,"date":"2022-10-11T16:27:37","date_gmt":"2022-10-11T14:27:37","guid":{"rendered":"https:\/\/www.melform.com\/product\/grille-autoportante\/"},"modified":"2025-02-19T15:27:43","modified_gmt":"2025-02-19T13:27:43","slug":"grille-autoportante","status":"publish","type":"product","link":"https:\/\/www.melform.com\/fr\/conteneurs-\/catalogue-de-produits\/accessoires\/grille-autoportante\/","title":{"rendered":"Grille autoportante pour AF150"},"content":{"rendered":"<p data-start=\"1030\" data-end=\"1268\">La <strong data-start=\"1033\" data-end=\"1076\">grille autoportante en acier inoxydable<\/strong> est con\u00e7ue pour <strong data-start=\"1093\" data-end=\"1135\">optimiser l\u2019organisation du chargement<\/strong> \u00e0 l\u2019int\u00e9rieur du <strong data-start=\"1153\" data-end=\"1172\">conteneur AF150<\/strong>, garantissant une <strong data-start=\"1191\" data-end=\"1224\">s\u00e9paration efficace et stable<\/strong> des aliments ou des produits transport\u00e9s.<\/p>\r\n\r\n<ul data-start=\"1311\" data-end=\"1857\">\r\n \t<li data-start=\"1311\" data-end=\"1415\"><strong data-start=\"1313\" data-end=\"1330\">Compatibilit\u00e9<\/strong> : Sp\u00e9cifiquement con\u00e7ue pour une utilisation \u00e0 l\u2019int\u00e9rieur du <strong data-start=\"1393\" data-end=\"1412\">conteneur AF150<\/strong>.<\/li>\r\n \t<li data-start=\"1416\" data-end=\"1513\"><strong data-start=\"1418\" data-end=\"1430\">Mat\u00e9riau<\/strong> : <strong data-start=\"1433\" data-end=\"1463\">Acier inoxydable r\u00e9sistant<\/strong>, id\u00e9al pour un usage professionnel et intensif.<\/li>\r\n \t<li data-start=\"1514\" data-end=\"1631\"><strong data-start=\"1516\" data-end=\"1542\">Structure autoportante<\/strong>, ne n\u00e9cessitant aucun support suppl\u00e9mentaire, garantissant une <strong data-start=\"1606\" data-end=\"1628\">stabilit\u00e9 maximale<\/strong>.<\/li>\r\n \t<li data-start=\"1632\" data-end=\"1772\"><strong data-start=\"1634\" data-end=\"1652\">Fonctionnalit\u00e9<\/strong> : Permet une <strong data-start=\"1666\" data-end=\"1704\">r\u00e9partition optimale du chargement<\/strong>, am\u00e9liorant la gestion et la protection des produits transport\u00e9s.<\/li>\r\n \t<li data-start=\"1773\" data-end=\"1857\"><strong data-start=\"1775\" data-end=\"1808\">Facile \u00e0 ins\u00e9rer et \u00e0 retirer<\/strong>, pour une <strong data-start=\"1819\" data-end=\"1854\">manipulation rapide et pratique<\/strong>.<\/li>\r\n<\/ul>","protected":false},"excerpt":{"rendered":"La grille autoportante en acier inoxydable est con\u00e7ue pour optimiser l\u2019organisation du chargement \u00e0 l\u2019int\u00e9rieur du conteneur AF150, garantissant une s\u00e9paration efficace et stable des aliments ou des produits transport\u00e9s. Compatibilit\u00e9 : Sp\u00e9cifiquement con\u00e7ue pour une utilisation \u00e0 l\u2019int\u00e9rieur du conteneur AF150. Mat\u00e9riau : Acier inoxydable r\u00e9sistant, id\u00e9al pour un usage professionnel et intensif. Structure [&hellip;]","protected":false},"featured_media":2065,"template":"","meta":{"_acf_changed":false,"_themeisle_gutenberg_block_has_review":false},"product_brand":[],"product_cat":[241],"product_tag":[],"class_list":{"0":"post-8042","1":"product","2":"type-product","3":"status-publish","4":"has-post-thumbnail","6":"product_cat-accessoires","8":"first","9":"instock","10":"product-type-simple"},"acf":[],"yoast_head":"<!-- This site is optimized with the Yoast SEO plugin v26.4 - https:\/\/yoast.com\/wordpress\/plugins\/seo\/ -->\n<title>Grille autoportante pour AF150 - MELFORM<\/title>\n<meta name=\"robots\" content=\"index, follow, max-snippet:-1, max-image-preview:large, max-video-preview:-1\" \/>\n<link rel=\"canonical\" href=\"https:\/\/www.melform.com\/fr\/conteneurs-\/catalogue-de-produits\/accessoires\/grille-autoportante\/\" \/>\n<meta property=\"og:locale\" content=\"fr_FR\" \/>\n<meta property=\"og:type\" content=\"article\" \/>\n<meta property=\"og:title\" content=\"Grille autoportante pour AF150 - MELFORM\" \/>\n<meta property=\"og:description\" content=\"La grille autoportante en acier inoxydable est con\u00e7ue pour optimiser l\u2019organisation du chargement \u00e0 l\u2019int\u00e9rieur du conteneur AF150, garantissant une s\u00e9paration efficace et stable des aliments ou des produits transport\u00e9s. Compatibilit\u00e9 : Sp\u00e9cifiquement con\u00e7ue pour une utilisation \u00e0 l\u2019int\u00e9rieur du conteneur AF150. Mat\u00e9riau : Acier inoxydable r\u00e9sistant, id\u00e9al pour un usage professionnel et intensif. Structure [&hellip;]\" \/>\n<meta property=\"og:url\" content=\"https:\/\/www.melform.com\/fr\/conteneurs-\/catalogue-de-produits\/accessoires\/grille-autoportante\/\" \/>\n<meta property=\"og:site_name\" content=\"MELFORM\" \/>\n<meta property=\"article:modified_time\" content=\"2025-02-19T13:27:43+00:00\" \/>\n<meta property=\"og:image\" content=\"https:\/\/www.melform.com\/wp-content\/uploads\/2022\/09\/AEA012-1.jpg\" \/>\n\t<meta property=\"og:image:width\" content=\"1000\" \/>\n\t<meta property=\"og:image:height\" content=\"667\" \/>\n\t<meta property=\"og:image:type\" content=\"image\/jpeg\" \/>\n<meta name=\"twitter:card\" content=\"summary_large_image\" \/>\n<script type=\"application\/ld+json\" class=\"yoast-schema-graph\">{\"@context\":\"https:\/\/schema.org\",\"@graph\":[{\"@type\":\"WebPage\",\"@id\":\"https:\/\/www.melform.com\/fr\/conteneurs-\/catalogue-de-produits\/accessoires\/grille-autoportante\/\",\"url\":\"https:\/\/www.melform.com\/fr\/conteneurs-\/catalogue-de-produits\/accessoires\/grille-autoportante\/\",\"name\":\"Grille autoportante pour AF150 - MELFORM\",\"isPartOf\":{\"@id\":\"https:\/\/www.melform.com\/fr\/#website\"},\"primaryImageOfPage\":{\"@id\":\"https:\/\/www.melform.com\/fr\/conteneurs-\/catalogue-de-produits\/accessoires\/grille-autoportante\/#primaryimage\"},\"image\":{\"@id\":\"https:\/\/www.melform.com\/fr\/conteneurs-\/catalogue-de-produits\/accessoires\/grille-autoportante\/#primaryimage\"},\"thumbnailUrl\":\"https:\/\/www.melform.com\/wp-content\/uploads\/2022\/09\/AEA012-1.jpg\",\"datePublished\":\"2022-10-11T14:27:37+00:00\",\"dateModified\":\"2025-02-19T13:27:43+00:00\",\"breadcrumb\":{\"@id\":\"https:\/\/www.melform.com\/fr\/conteneurs-\/catalogue-de-produits\/accessoires\/grille-autoportante\/#breadcrumb\"},\"inLanguage\":\"fr-FR\",\"potentialAction\":[{\"@type\":\"ReadAction\",\"target\":[\"https:\/\/www.melform.com\/fr\/conteneurs-\/catalogue-de-produits\/accessoires\/grille-autoportante\/\"]}]},{\"@type\":\"ImageObject\",\"inLanguage\":\"fr-FR\",\"@id\":\"https:\/\/www.melform.com\/fr\/conteneurs-\/catalogue-de-produits\/accessoires\/grille-autoportante\/#primaryimage\",\"url\":\"https:\/\/www.melform.com\/wp-content\/uploads\/2022\/09\/AEA012-1.jpg\",\"contentUrl\":\"https:\/\/www.melform.com\/wp-content\/uploads\/2022\/09\/AEA012-1.jpg\",\"width\":1000,\"height\":667},{\"@type\":\"BreadcrumbList\",\"@id\":\"https:\/\/www.melform.com\/fr\/conteneurs-\/catalogue-de-produits\/accessoires\/grille-autoportante\/#breadcrumb\",\"itemListElement\":[{\"@type\":\"ListItem\",\"position\":1,\"name\":\"Home\",\"item\":\"https:\/\/www.melform.com\/fr\/\"},{\"@type\":\"ListItem\",\"position\":2,\"name\":\"Shop\",\"item\":\"https:\/\/www.melform.com\/fr\/shop\/\"},{\"@type\":\"ListItem\",\"position\":3,\"name\":\"Grille autoportante pour AF150\"}]},{\"@type\":\"WebSite\",\"@id\":\"https:\/\/www.melform.com\/fr\/#website\",\"url\":\"https:\/\/www.melform.com\/fr\/\",\"name\":\"MELFORM\",\"description\":\"SISTEMI PER IL TRASPORTO E STOCCAGGIO A TEMPERATURA CONTROLLATA\",\"potentialAction\":[{\"@type\":\"SearchAction\",\"target\":{\"@type\":\"EntryPoint\",\"urlTemplate\":\"https:\/\/www.melform.com\/fr\/?s={search_term_string}\"},\"query-input\":{\"@type\":\"PropertyValueSpecification\",\"valueRequired\":true,\"valueName\":\"search_term_string\"}}],\"inLanguage\":\"fr-FR\"}]}<\/script>\n<!-- \/ Yoast SEO plugin. -->","yoast_head_json":{"title":"Grille autoportante pour AF150 - MELFORM","robots":{"index":"index","follow":"follow","max-snippet":"max-snippet:-1","max-image-preview":"max-image-preview:large","max-video-preview":"max-video-preview:-1"},"canonical":"https:\/\/www.melform.com\/fr\/conteneurs-\/catalogue-de-produits\/accessoires\/grille-autoportante\/","og_locale":"fr_FR","og_type":"article","og_title":"Grille autoportante pour AF150 - MELFORM","og_description":"La grille autoportante en acier inoxydable est con\u00e7ue pour optimiser l\u2019organisation du chargement \u00e0 l\u2019int\u00e9rieur du conteneur AF150, garantissant une s\u00e9paration efficace et stable des aliments ou des produits transport\u00e9s. Compatibilit\u00e9 : Sp\u00e9cifiquement con\u00e7ue pour une utilisation \u00e0 l\u2019int\u00e9rieur du conteneur AF150. Mat\u00e9riau : Acier inoxydable r\u00e9sistant, id\u00e9al pour un usage professionnel et intensif. Structure [&hellip;]","og_url":"https:\/\/www.melform.com\/fr\/conteneurs-\/catalogue-de-produits\/accessoires\/grille-autoportante\/","og_site_name":"MELFORM","article_modified_time":"2025-02-19T13:27:43+00:00","og_image":[{"width":1000,"height":667,"url":"https:\/\/www.melform.com\/wp-content\/uploads\/2022\/09\/AEA012-1.jpg","type":"image\/jpeg"}],"twitter_card":"summary_large_image","schema":{"@context":"https:\/\/schema.org","@graph":[{"@type":"WebPage","@id":"https:\/\/www.melform.com\/fr\/conteneurs-\/catalogue-de-produits\/accessoires\/grille-autoportante\/","url":"https:\/\/www.melform.com\/fr\/conteneurs-\/catalogue-de-produits\/accessoires\/grille-autoportante\/","name":"Grille autoportante pour AF150 - MELFORM","isPartOf":{"@id":"https:\/\/www.melform.com\/fr\/#website"},"primaryImageOfPage":{"@id":"https:\/\/www.melform.com\/fr\/conteneurs-\/catalogue-de-produits\/accessoires\/grille-autoportante\/#primaryimage"},"image":{"@id":"https:\/\/www.melform.com\/fr\/conteneurs-\/catalogue-de-produits\/accessoires\/grille-autoportante\/#primaryimage"},"thumbnailUrl":"https:\/\/www.melform.com\/wp-content\/uploads\/2022\/09\/AEA012-1.jpg","datePublished":"2022-10-11T14:27:37+00:00","dateModified":"2025-02-19T13:27:43+00:00","breadcrumb":{"@id":"https:\/\/www.melform.com\/fr\/conteneurs-\/catalogue-de-produits\/accessoires\/grille-autoportante\/#breadcrumb"},"inLanguage":"fr-FR","potentialAction":[{"@type":"ReadAction","target":["https:\/\/www.melform.com\/fr\/conteneurs-\/catalogue-de-produits\/accessoires\/grille-autoportante\/"]}]},{"@type":"ImageObject","inLanguage":"fr-FR","@id":"https:\/\/www.melform.com\/fr\/conteneurs-\/catalogue-de-produits\/accessoires\/grille-autoportante\/#primaryimage","url":"https:\/\/www.melform.com\/wp-content\/uploads\/2022\/09\/AEA012-1.jpg","contentUrl":"https:\/\/www.melform.com\/wp-content\/uploads\/2022\/09\/AEA012-1.jpg","width":1000,"height":667},{"@type":"BreadcrumbList","@id":"https:\/\/www.melform.com\/fr\/conteneurs-\/catalogue-de-produits\/accessoires\/grille-autoportante\/#breadcrumb","itemListElement":[{"@type":"ListItem","position":1,"name":"Home","item":"https:\/\/www.melform.com\/fr\/"},{"@type":"ListItem","position":2,"name":"Shop","item":"https:\/\/www.melform.com\/fr\/shop\/"},{"@type":"ListItem","position":3,"name":"Grille autoportante pour AF150"}]},{"@type":"WebSite","@id":"https:\/\/www.melform.com\/fr\/#website","url":"https:\/\/www.melform.com\/fr\/","name":"MELFORM","description":"SISTEMI PER IL TRASPORTO E STOCCAGGIO A TEMPERATURA CONTROLLATA","potentialAction":[{"@type":"SearchAction","target":{"@type":"EntryPoint","urlTemplate":"https:\/\/www.melform.com\/fr\/?s={search_term_string}"},"query-input":{"@type":"PropertyValueSpecification","valueRequired":true,"valueName":"search_term_string"}}],"inLanguage":"fr-FR"}]}},"_links":{"self":[{"href":"https:\/\/www.melform.com\/fr\/wp-json\/wp\/v2\/product\/8042","targetHints":{"allow":["GET"]}}],"collection":[{"href":"https:\/\/www.melform.com\/fr\/wp-json\/wp\/v2\/product"}],"about":[{"href":"https:\/\/www.melform.com\/fr\/wp-json\/wp\/v2\/types\/product"}],"wp:featuredmedia":[{"embeddable":true,"href":"https:\/\/www.melform.com\/fr\/wp-json\/wp\/v2\/media\/2065"}],"wp:attachment":[{"href":"https:\/\/www.melform.com\/fr\/wp-json\/wp\/v2\/media?parent=8042"}],"wp:term":[{"taxonomy":"product_brand","embeddable":true,"href":"https:\/\/www.melform.com\/fr\/wp-json\/wp\/v2\/product_brand?post=8042"},{"taxonomy":"product_cat","embeddable":true,"href":"https:\/\/www.melform.com\/fr\/wp-json\/wp\/v2\/product_cat?post=8042"},{"taxonomy":"product_tag","embeddable":true,"href":"https:\/\/www.melform.com\/fr\/wp-json\/wp\/v2\/product_tag?post=8042"}],"curies":[{"name":"wp","href":"https:\/\/api.w.org\/{rel}","templated":true}]}}