{"id":8043,"date":"2022-10-11T16:27:39","date_gmt":"2022-10-11T14:27:39","guid":{"rendered":"https:\/\/www.melform.com\/product\/kit-de-fixation-2\/"},"modified":"2025-02-19T15:15:10","modified_gmt":"2025-02-19T13:15:10","slug":"kit-de-fixation-2","status":"publish","type":"product","link":"https:\/\/www.melform.com\/fr\/conteneurs-\/catalogue-de-produits\/accessoires\/kit-de-fixation-2\/","title":{"rendered":"Kit de verrouillage pour conteneurs AF150"},"content":{"rendered":"<p data-start=\"1016\" data-end=\"1223\">Le <strong data-start=\"1019\" data-end=\"1062\">kit de verrouillage en acier inoxydable<\/strong> est con\u00e7u pour garantir <strong data-start=\"1087\" data-end=\"1145\">la fixation s\u00e9curis\u00e9e de deux conteneurs AF150 empil\u00e9s<\/strong>, assurant <strong data-start=\"1156\" data-end=\"1181\">stabilit\u00e9 et s\u00e9curit\u00e9<\/strong> lors du transport et de la manutention.<\/p>\r\n\r\n<ul data-start=\"1266\" data-end=\"1766\">\r\n \t<li data-start=\"1266\" data-end=\"1373\"><strong data-start=\"1268\" data-end=\"1285\">Compatibilit\u00e9<\/strong> : Sp\u00e9cialement con\u00e7u pour <strong data-start=\"1312\" data-end=\"1370\">la fixation modulaire de deux conteneurs AF150 empil\u00e9s<\/strong>.<\/li>\r\n \t<li data-start=\"1374\" data-end=\"1468\"><strong data-start=\"1376\" data-end=\"1419\">Structure en acier inoxydable r\u00e9sistant<\/strong>, adapt\u00e9e \u00e0 un usage intensif et professionnel.<\/li>\r\n \t<li data-start=\"1469\" data-end=\"1566\"><strong data-start=\"1471\" data-end=\"1494\">Installation facile<\/strong>, gr\u00e2ce \u00e0 un design intuitif permettant un montage rapide et efficace.<\/li>\r\n \t<li data-start=\"1567\" data-end=\"1653\"><strong data-start=\"1569\" data-end=\"1589\">Grande stabilit\u00e9<\/strong>, emp\u00eachant tout d\u00e9placement ind\u00e9sirable pendant le transport.<\/li>\r\n \t<li data-start=\"1654\" data-end=\"1766\"><strong data-start=\"1656\" data-end=\"1677\">Durabilit\u00e9 accrue<\/strong>, fabriqu\u00e9 avec des mat\u00e9riaux de haute qualit\u00e9, r\u00e9sistants aux chocs et \u00e0 la corrosion.<\/li>\r\n<\/ul>","protected":false},"excerpt":{"rendered":"Le kit de verrouillage en acier inoxydable est con\u00e7u pour garantir la fixation s\u00e9curis\u00e9e de deux conteneurs AF150 empil\u00e9s, assurant stabilit\u00e9 et s\u00e9curit\u00e9 lors du transport et de la manutention. Compatibilit\u00e9 : Sp\u00e9cialement con\u00e7u pour la fixation modulaire de deux conteneurs AF150 empil\u00e9s. Structure en acier inoxydable r\u00e9sistant, adapt\u00e9e \u00e0 un usage intensif et professionnel. [&hellip;]","protected":false},"featured_media":18594,"template":"","meta":{"_acf_changed":false,"_themeisle_gutenberg_block_has_review":false},"product_brand":[],"product_cat":[241],"product_tag":[],"class_list":{"0":"post-8043","1":"product","2":"type-product","3":"status-publish","4":"has-post-thumbnail","6":"product_cat-accessoires","8":"first","9":"instock","10":"product-type-simple"},"acf":[],"yoast_head":"<!-- This site is optimized with the Yoast SEO plugin v26.4 - https:\/\/yoast.com\/wordpress\/plugins\/seo\/ -->\n<title>Kit de verrouillage pour conteneurs AF150 - MELFORM<\/title>\n<meta name=\"robots\" content=\"index, follow, max-snippet:-1, max-image-preview:large, max-video-preview:-1\" \/>\n<link rel=\"canonical\" href=\"https:\/\/www.melform.com\/fr\/conteneurs-\/catalogue-de-produits\/accessoires\/kit-de-fixation-2\/\" \/>\n<meta property=\"og:locale\" content=\"fr_FR\" \/>\n<meta property=\"og:type\" content=\"article\" \/>\n<meta property=\"og:title\" content=\"Kit de verrouillage pour conteneurs AF150 - MELFORM\" \/>\n<meta property=\"og:description\" content=\"Le kit de verrouillage en acier inoxydable est con\u00e7u pour garantir la fixation s\u00e9curis\u00e9e de deux conteneurs AF150 empil\u00e9s, assurant stabilit\u00e9 et s\u00e9curit\u00e9 lors du transport et de la manutention. Compatibilit\u00e9 : Sp\u00e9cialement con\u00e7u pour la fixation modulaire de deux conteneurs AF150 empil\u00e9s. Structure en acier inoxydable r\u00e9sistant, adapt\u00e9e \u00e0 un usage intensif et professionnel. [&hellip;]\" \/>\n<meta property=\"og:url\" content=\"https:\/\/www.melform.com\/fr\/conteneurs-\/catalogue-de-produits\/accessoires\/kit-de-fixation-2\/\" \/>\n<meta property=\"og:site_name\" content=\"MELFORM\" \/>\n<meta property=\"article:modified_time\" content=\"2025-02-19T13:15:10+00:00\" \/>\n<meta property=\"og:image\" content=\"https:\/\/www.melform.com\/wp-content\/uploads\/2025\/02\/RRI139.jpg\" \/>\n\t<meta property=\"og:image:width\" content=\"1198\" \/>\n\t<meta property=\"og:image:height\" content=\"799\" \/>\n\t<meta property=\"og:image:type\" content=\"image\/jpeg\" \/>\n<meta name=\"twitter:card\" content=\"summary_large_image\" \/>\n<script type=\"application\/ld+json\" class=\"yoast-schema-graph\">{\"@context\":\"https:\/\/schema.org\",\"@graph\":[{\"@type\":\"WebPage\",\"@id\":\"https:\/\/www.melform.com\/fr\/conteneurs-\/catalogue-de-produits\/accessoires\/kit-de-fixation-2\/\",\"url\":\"https:\/\/www.melform.com\/fr\/conteneurs-\/catalogue-de-produits\/accessoires\/kit-de-fixation-2\/\",\"name\":\"Kit de verrouillage pour conteneurs AF150 - MELFORM\",\"isPartOf\":{\"@id\":\"https:\/\/www.melform.com\/fr\/#website\"},\"primaryImageOfPage\":{\"@id\":\"https:\/\/www.melform.com\/fr\/conteneurs-\/catalogue-de-produits\/accessoires\/kit-de-fixation-2\/#primaryimage\"},\"image\":{\"@id\":\"https:\/\/www.melform.com\/fr\/conteneurs-\/catalogue-de-produits\/accessoires\/kit-de-fixation-2\/#primaryimage\"},\"thumbnailUrl\":\"https:\/\/www.melform.com\/wp-content\/uploads\/2025\/02\/RRI139.jpg\",\"datePublished\":\"2022-10-11T14:27:39+00:00\",\"dateModified\":\"2025-02-19T13:15:10+00:00\",\"breadcrumb\":{\"@id\":\"https:\/\/www.melform.com\/fr\/conteneurs-\/catalogue-de-produits\/accessoires\/kit-de-fixation-2\/#breadcrumb\"},\"inLanguage\":\"fr-FR\",\"potentialAction\":[{\"@type\":\"ReadAction\",\"target\":[\"https:\/\/www.melform.com\/fr\/conteneurs-\/catalogue-de-produits\/accessoires\/kit-de-fixation-2\/\"]}]},{\"@type\":\"ImageObject\",\"inLanguage\":\"fr-FR\",\"@id\":\"https:\/\/www.melform.com\/fr\/conteneurs-\/catalogue-de-produits\/accessoires\/kit-de-fixation-2\/#primaryimage\",\"url\":\"https:\/\/www.melform.com\/wp-content\/uploads\/2025\/02\/RRI139.jpg\",\"contentUrl\":\"https:\/\/www.melform.com\/wp-content\/uploads\/2025\/02\/RRI139.jpg\",\"width\":1198,\"height\":799},{\"@type\":\"BreadcrumbList\",\"@id\":\"https:\/\/www.melform.com\/fr\/conteneurs-\/catalogue-de-produits\/accessoires\/kit-de-fixation-2\/#breadcrumb\",\"itemListElement\":[{\"@type\":\"ListItem\",\"position\":1,\"name\":\"Home\",\"item\":\"https:\/\/www.melform.com\/fr\/\"},{\"@type\":\"ListItem\",\"position\":2,\"name\":\"Shop\",\"item\":\"https:\/\/www.melform.com\/fr\/shop\/\"},{\"@type\":\"ListItem\",\"position\":3,\"name\":\"Kit de verrouillage pour conteneurs AF150\"}]},{\"@type\":\"WebSite\",\"@id\":\"https:\/\/www.melform.com\/fr\/#website\",\"url\":\"https:\/\/www.melform.com\/fr\/\",\"name\":\"MELFORM\",\"description\":\"SISTEMI PER IL TRASPORTO E STOCCAGGIO A TEMPERATURA CONTROLLATA\",\"potentialAction\":[{\"@type\":\"SearchAction\",\"target\":{\"@type\":\"EntryPoint\",\"urlTemplate\":\"https:\/\/www.melform.com\/fr\/?s={search_term_string}\"},\"query-input\":{\"@type\":\"PropertyValueSpecification\",\"valueRequired\":true,\"valueName\":\"search_term_string\"}}],\"inLanguage\":\"fr-FR\"}]}<\/script>\n<!-- \/ Yoast SEO plugin. -->","yoast_head_json":{"title":"Kit de verrouillage pour conteneurs AF150 - MELFORM","robots":{"index":"index","follow":"follow","max-snippet":"max-snippet:-1","max-image-preview":"max-image-preview:large","max-video-preview":"max-video-preview:-1"},"canonical":"https:\/\/www.melform.com\/fr\/conteneurs-\/catalogue-de-produits\/accessoires\/kit-de-fixation-2\/","og_locale":"fr_FR","og_type":"article","og_title":"Kit de verrouillage pour conteneurs AF150 - MELFORM","og_description":"Le kit de verrouillage en acier inoxydable est con\u00e7u pour garantir la fixation s\u00e9curis\u00e9e de deux conteneurs AF150 empil\u00e9s, assurant stabilit\u00e9 et s\u00e9curit\u00e9 lors du transport et de la manutention. Compatibilit\u00e9 : Sp\u00e9cialement con\u00e7u pour la fixation modulaire de deux conteneurs AF150 empil\u00e9s. Structure en acier inoxydable r\u00e9sistant, adapt\u00e9e \u00e0 un usage intensif et professionnel. [&hellip;]","og_url":"https:\/\/www.melform.com\/fr\/conteneurs-\/catalogue-de-produits\/accessoires\/kit-de-fixation-2\/","og_site_name":"MELFORM","article_modified_time":"2025-02-19T13:15:10+00:00","og_image":[{"width":1198,"height":799,"url":"https:\/\/www.melform.com\/wp-content\/uploads\/2025\/02\/RRI139.jpg","type":"image\/jpeg"}],"twitter_card":"summary_large_image","schema":{"@context":"https:\/\/schema.org","@graph":[{"@type":"WebPage","@id":"https:\/\/www.melform.com\/fr\/conteneurs-\/catalogue-de-produits\/accessoires\/kit-de-fixation-2\/","url":"https:\/\/www.melform.com\/fr\/conteneurs-\/catalogue-de-produits\/accessoires\/kit-de-fixation-2\/","name":"Kit de verrouillage pour conteneurs AF150 - MELFORM","isPartOf":{"@id":"https:\/\/www.melform.com\/fr\/#website"},"primaryImageOfPage":{"@id":"https:\/\/www.melform.com\/fr\/conteneurs-\/catalogue-de-produits\/accessoires\/kit-de-fixation-2\/#primaryimage"},"image":{"@id":"https:\/\/www.melform.com\/fr\/conteneurs-\/catalogue-de-produits\/accessoires\/kit-de-fixation-2\/#primaryimage"},"thumbnailUrl":"https:\/\/www.melform.com\/wp-content\/uploads\/2025\/02\/RRI139.jpg","datePublished":"2022-10-11T14:27:39+00:00","dateModified":"2025-02-19T13:15:10+00:00","breadcrumb":{"@id":"https:\/\/www.melform.com\/fr\/conteneurs-\/catalogue-de-produits\/accessoires\/kit-de-fixation-2\/#breadcrumb"},"inLanguage":"fr-FR","potentialAction":[{"@type":"ReadAction","target":["https:\/\/www.melform.com\/fr\/conteneurs-\/catalogue-de-produits\/accessoires\/kit-de-fixation-2\/"]}]},{"@type":"ImageObject","inLanguage":"fr-FR","@id":"https:\/\/www.melform.com\/fr\/conteneurs-\/catalogue-de-produits\/accessoires\/kit-de-fixation-2\/#primaryimage","url":"https:\/\/www.melform.com\/wp-content\/uploads\/2025\/02\/RRI139.jpg","contentUrl":"https:\/\/www.melform.com\/wp-content\/uploads\/2025\/02\/RRI139.jpg","width":1198,"height":799},{"@type":"BreadcrumbList","@id":"https:\/\/www.melform.com\/fr\/conteneurs-\/catalogue-de-produits\/accessoires\/kit-de-fixation-2\/#breadcrumb","itemListElement":[{"@type":"ListItem","position":1,"name":"Home","item":"https:\/\/www.melform.com\/fr\/"},{"@type":"ListItem","position":2,"name":"Shop","item":"https:\/\/www.melform.com\/fr\/shop\/"},{"@type":"ListItem","position":3,"name":"Kit de verrouillage pour conteneurs AF150"}]},{"@type":"WebSite","@id":"https:\/\/www.melform.com\/fr\/#website","url":"https:\/\/www.melform.com\/fr\/","name":"MELFORM","description":"SISTEMI PER IL TRASPORTO E STOCCAGGIO A TEMPERATURA CONTROLLATA","potentialAction":[{"@type":"SearchAction","target":{"@type":"EntryPoint","urlTemplate":"https:\/\/www.melform.com\/fr\/?s={search_term_string}"},"query-input":{"@type":"PropertyValueSpecification","valueRequired":true,"valueName":"search_term_string"}}],"inLanguage":"fr-FR"}]}},"_links":{"self":[{"href":"https:\/\/www.melform.com\/fr\/wp-json\/wp\/v2\/product\/8043","targetHints":{"allow":["GET"]}}],"collection":[{"href":"https:\/\/www.melform.com\/fr\/wp-json\/wp\/v2\/product"}],"about":[{"href":"https:\/\/www.melform.com\/fr\/wp-json\/wp\/v2\/types\/product"}],"wp:featuredmedia":[{"embeddable":true,"href":"https:\/\/www.melform.com\/fr\/wp-json\/wp\/v2\/media\/18594"}],"wp:attachment":[{"href":"https:\/\/www.melform.com\/fr\/wp-json\/wp\/v2\/media?parent=8043"}],"wp:term":[{"taxonomy":"product_brand","embeddable":true,"href":"https:\/\/www.melform.com\/fr\/wp-json\/wp\/v2\/product_brand?post=8043"},{"taxonomy":"product_cat","embeddable":true,"href":"https:\/\/www.melform.com\/fr\/wp-json\/wp\/v2\/product_cat?post=8043"},{"taxonomy":"product_tag","embeddable":true,"href":"https:\/\/www.melform.com\/fr\/wp-json\/wp\/v2\/product_tag?post=8043"}],"curies":[{"name":"wp","href":"https:\/\/api.w.org\/{rel}","templated":true}]}}