{"id":8044,"date":"2022-10-11T16:27:44","date_gmt":"2022-10-11T14:27:44","guid":{"rendered":"https:\/\/www.melform.com\/product\/chariot-3\/"},"modified":"2025-08-24T18:35:11","modified_gmt":"2025-08-24T16:35:11","slug":"chariot-3","status":"publish","type":"product","link":"https:\/\/www.melform.com\/fr\/conteneurs-\/catalogue-de-produits\/chariot-de-manutention\/chariot-3\/","title":{"rendered":"Chariot de manutention pour AF150 et KOALA 150"},"content":{"rendered":"<div class=\"wpb-content-wrapper\">[vc_row][vc_column][vc_column_text css=&#8221;&#8221;]\r\n<p data-start=\"60\" data-end=\"272\">Le <strong data-start=\"63\" data-end=\"93\">chariot de manutention<\/strong> est con\u00e7u pour <strong data-start=\"111\" data-end=\"158\">faciliter le transport et le d\u00e9placement<\/strong> du <strong data-start=\"163\" data-end=\"184\">conteneur AF150, AF150 version chauffante et KOALA 150<\/strong>, garantissant une <strong data-start=\"197\" data-end=\"245\">stabilit\u00e9, une s\u00e9curit\u00e9 et une maniabilit\u00e9 optimales<\/strong> lors des op\u00e9rations.<\/p>\r\n\r\n<ul data-start=\"312\" data-end=\"782\">\r\n \t<li data-start=\"312\" data-end=\"406\"><strong data-start=\"314\" data-end=\"353\">Structure en poly\u00e9thyl\u00e8ne r\u00e9sistant<\/strong>, id\u00e9ale pour une utilisation professionnelle et intensive.<\/li>\r\n \t<li data-start=\"312\" data-end=\"406\"><strong>Dimensions<\/strong>: 625X845X210 mm.<\/li>\r\n \t<li data-start=\"407\" data-end=\"782\"><strong data-start=\"409\" data-end=\"465\">Roues robustes pour un d\u00e9placement fluide et s\u00e9curis\u00e9 :<\/strong>\r\n<ul data-start=\"471\" data-end=\"782\">\r\n \t<li data-start=\"471\" data-end=\"548\"><strong data-start=\"473\" data-end=\"504\">4 roues de 125 mm de diam\u00e8tre,<\/strong> garantissant fluidit\u00e9 et stabilit\u00e9.<\/li>\r\n \t<li data-start=\"551\" data-end=\"627\"><strong data-start=\"553\" data-end=\"570\">2 roues fixes<\/strong>, permettant de maintenir la direction et de faciliter le transport.<\/li>\r\n \t<li data-start=\"630\" data-end=\"782\"><strong data-start=\"632\" data-end=\"681\">1 roue pivotante et 1 roue pivotante avec frein,<\/strong> pour une meilleure maniabilit\u00e9 et un contr\u00f4le optimal lors des op\u00e9rations de chargement et de d\u00e9chargement.<\/li>\r\n<\/ul>\r\n<\/li>\r\n<\/ul>\r\n[\/vc_column_text][\/vc_column][\/vc_row]<\/div>","protected":false},"excerpt":{"rendered":"[vc_row][vc_column][vc_column_text css=&#8221;&#8221;] Le chariot de manutention est con\u00e7u pour faciliter le transport et le d\u00e9placement du conteneur AF150, AF150 version chauffante et KOALA 150, garantissant une stabilit\u00e9, une s\u00e9curit\u00e9 et une maniabilit\u00e9 optimales lors des op\u00e9rations. Structure en poly\u00e9thyl\u00e8ne r\u00e9sistant, id\u00e9ale pour une utilisation professionnelle et intensive. Dimensions: 625X845X210 mm. Roues robustes pour un d\u00e9placement [&hellip;]","protected":false},"featured_media":2070,"template":"","meta":{"_acf_changed":false,"_themeisle_gutenberg_block_has_review":false},"product_brand":[],"product_cat":[912,1147],"product_tag":[],"class_list":{"0":"post-8044","1":"product","2":"type-product","3":"status-publish","4":"has-post-thumbnail","6":"product_cat-catalogue-de-produits","7":"product_cat-chariot-de-manutention","8":"pa_moq-1-fr","10":"first","11":"instock","12":"product-type-simple"},"acf":[],"yoast_head":"<!-- This site is optimized with the Yoast SEO plugin v26.4 - https:\/\/yoast.com\/wordpress\/plugins\/seo\/ -->\n<title>Chariot de manutention pour AF150 et KOALA 150 - MELFORM<\/title>\n<meta name=\"robots\" content=\"index, follow, max-snippet:-1, max-image-preview:large, max-video-preview:-1\" \/>\n<link rel=\"canonical\" href=\"https:\/\/www.melform.com\/fr\/conteneurs-\/catalogue-de-produits\/chariot-de-manutention\/chariot-3\/\" \/>\n<meta property=\"og:locale\" content=\"fr_FR\" \/>\n<meta property=\"og:type\" content=\"article\" \/>\n<meta property=\"og:title\" content=\"Chariot de manutention pour AF150 et KOALA 150 - MELFORM\" \/>\n<meta property=\"og:description\" content=\"[vc_row][vc_column][vc_column_text css=&#8221;&#8221;] Le chariot de manutention est con\u00e7u pour faciliter le transport et le d\u00e9placement du conteneur AF150, AF150 version chauffante et KOALA 150, garantissant une stabilit\u00e9, une s\u00e9curit\u00e9 et une maniabilit\u00e9 optimales lors des op\u00e9rations. Structure en poly\u00e9thyl\u00e8ne r\u00e9sistant, id\u00e9ale pour une utilisation professionnelle et intensive. Dimensions: 625X845X210 mm. Roues robustes pour un d\u00e9placement [&hellip;]\" \/>\n<meta property=\"og:url\" content=\"https:\/\/www.melform.com\/fr\/conteneurs-\/catalogue-de-produits\/chariot-de-manutention\/chariot-3\/\" \/>\n<meta property=\"og:site_name\" content=\"MELFORM\" \/>\n<meta property=\"article:modified_time\" content=\"2025-08-24T16:35:11+00:00\" \/>\n<meta property=\"og:image\" content=\"https:\/\/www.melform.com\/wp-content\/uploads\/2022\/09\/THS30006-1.jpg\" \/>\n\t<meta property=\"og:image:width\" content=\"1000\" \/>\n\t<meta property=\"og:image:height\" content=\"667\" \/>\n\t<meta property=\"og:image:type\" content=\"image\/jpeg\" \/>\n<meta name=\"twitter:card\" content=\"summary_large_image\" \/>\n<script type=\"application\/ld+json\" class=\"yoast-schema-graph\">{\"@context\":\"https:\/\/schema.org\",\"@graph\":[{\"@type\":\"WebPage\",\"@id\":\"https:\/\/www.melform.com\/fr\/conteneurs-\/catalogue-de-produits\/chariot-de-manutention\/chariot-3\/\",\"url\":\"https:\/\/www.melform.com\/fr\/conteneurs-\/catalogue-de-produits\/chariot-de-manutention\/chariot-3\/\",\"name\":\"Chariot de manutention pour AF150 et KOALA 150 - MELFORM\",\"isPartOf\":{\"@id\":\"https:\/\/www.melform.com\/fr\/#website\"},\"primaryImageOfPage\":{\"@id\":\"https:\/\/www.melform.com\/fr\/conteneurs-\/catalogue-de-produits\/chariot-de-manutention\/chariot-3\/#primaryimage\"},\"image\":{\"@id\":\"https:\/\/www.melform.com\/fr\/conteneurs-\/catalogue-de-produits\/chariot-de-manutention\/chariot-3\/#primaryimage\"},\"thumbnailUrl\":\"https:\/\/www.melform.com\/wp-content\/uploads\/2022\/09\/THS30006-1.jpg\",\"datePublished\":\"2022-10-11T14:27:44+00:00\",\"dateModified\":\"2025-08-24T16:35:11+00:00\",\"breadcrumb\":{\"@id\":\"https:\/\/www.melform.com\/fr\/conteneurs-\/catalogue-de-produits\/chariot-de-manutention\/chariot-3\/#breadcrumb\"},\"inLanguage\":\"fr-FR\",\"potentialAction\":[{\"@type\":\"ReadAction\",\"target\":[\"https:\/\/www.melform.com\/fr\/conteneurs-\/catalogue-de-produits\/chariot-de-manutention\/chariot-3\/\"]}]},{\"@type\":\"ImageObject\",\"inLanguage\":\"fr-FR\",\"@id\":\"https:\/\/www.melform.com\/fr\/conteneurs-\/catalogue-de-produits\/chariot-de-manutention\/chariot-3\/#primaryimage\",\"url\":\"https:\/\/www.melform.com\/wp-content\/uploads\/2022\/09\/THS30006-1.jpg\",\"contentUrl\":\"https:\/\/www.melform.com\/wp-content\/uploads\/2022\/09\/THS30006-1.jpg\",\"width\":1000,\"height\":667},{\"@type\":\"BreadcrumbList\",\"@id\":\"https:\/\/www.melform.com\/fr\/conteneurs-\/catalogue-de-produits\/chariot-de-manutention\/chariot-3\/#breadcrumb\",\"itemListElement\":[{\"@type\":\"ListItem\",\"position\":1,\"name\":\"Home\",\"item\":\"https:\/\/www.melform.com\/fr\/\"},{\"@type\":\"ListItem\",\"position\":2,\"name\":\"Shop\",\"item\":\"https:\/\/www.melform.com\/fr\/shop\/\"},{\"@type\":\"ListItem\",\"position\":3,\"name\":\"Chariot de manutention pour AF150 et KOALA 150\"}]},{\"@type\":\"WebSite\",\"@id\":\"https:\/\/www.melform.com\/fr\/#website\",\"url\":\"https:\/\/www.melform.com\/fr\/\",\"name\":\"MELFORM\",\"description\":\"SISTEMI PER IL TRASPORTO E STOCCAGGIO A TEMPERATURA CONTROLLATA\",\"potentialAction\":[{\"@type\":\"SearchAction\",\"target\":{\"@type\":\"EntryPoint\",\"urlTemplate\":\"https:\/\/www.melform.com\/fr\/?s={search_term_string}\"},\"query-input\":{\"@type\":\"PropertyValueSpecification\",\"valueRequired\":true,\"valueName\":\"search_term_string\"}}],\"inLanguage\":\"fr-FR\"}]}<\/script>\n<!-- \/ Yoast SEO plugin. -->","yoast_head_json":{"title":"Chariot de manutention pour AF150 et KOALA 150 - MELFORM","robots":{"index":"index","follow":"follow","max-snippet":"max-snippet:-1","max-image-preview":"max-image-preview:large","max-video-preview":"max-video-preview:-1"},"canonical":"https:\/\/www.melform.com\/fr\/conteneurs-\/catalogue-de-produits\/chariot-de-manutention\/chariot-3\/","og_locale":"fr_FR","og_type":"article","og_title":"Chariot de manutention pour AF150 et KOALA 150 - MELFORM","og_description":"[vc_row][vc_column][vc_column_text css=&#8221;&#8221;] Le chariot de manutention est con\u00e7u pour faciliter le transport et le d\u00e9placement du conteneur AF150, AF150 version chauffante et KOALA 150, garantissant une stabilit\u00e9, une s\u00e9curit\u00e9 et une maniabilit\u00e9 optimales lors des op\u00e9rations. Structure en poly\u00e9thyl\u00e8ne r\u00e9sistant, id\u00e9ale pour une utilisation professionnelle et intensive. Dimensions: 625X845X210 mm. Roues robustes pour un d\u00e9placement [&hellip;]","og_url":"https:\/\/www.melform.com\/fr\/conteneurs-\/catalogue-de-produits\/chariot-de-manutention\/chariot-3\/","og_site_name":"MELFORM","article_modified_time":"2025-08-24T16:35:11+00:00","og_image":[{"width":1000,"height":667,"url":"https:\/\/www.melform.com\/wp-content\/uploads\/2022\/09\/THS30006-1.jpg","type":"image\/jpeg"}],"twitter_card":"summary_large_image","schema":{"@context":"https:\/\/schema.org","@graph":[{"@type":"WebPage","@id":"https:\/\/www.melform.com\/fr\/conteneurs-\/catalogue-de-produits\/chariot-de-manutention\/chariot-3\/","url":"https:\/\/www.melform.com\/fr\/conteneurs-\/catalogue-de-produits\/chariot-de-manutention\/chariot-3\/","name":"Chariot de manutention pour AF150 et KOALA 150 - MELFORM","isPartOf":{"@id":"https:\/\/www.melform.com\/fr\/#website"},"primaryImageOfPage":{"@id":"https:\/\/www.melform.com\/fr\/conteneurs-\/catalogue-de-produits\/chariot-de-manutention\/chariot-3\/#primaryimage"},"image":{"@id":"https:\/\/www.melform.com\/fr\/conteneurs-\/catalogue-de-produits\/chariot-de-manutention\/chariot-3\/#primaryimage"},"thumbnailUrl":"https:\/\/www.melform.com\/wp-content\/uploads\/2022\/09\/THS30006-1.jpg","datePublished":"2022-10-11T14:27:44+00:00","dateModified":"2025-08-24T16:35:11+00:00","breadcrumb":{"@id":"https:\/\/www.melform.com\/fr\/conteneurs-\/catalogue-de-produits\/chariot-de-manutention\/chariot-3\/#breadcrumb"},"inLanguage":"fr-FR","potentialAction":[{"@type":"ReadAction","target":["https:\/\/www.melform.com\/fr\/conteneurs-\/catalogue-de-produits\/chariot-de-manutention\/chariot-3\/"]}]},{"@type":"ImageObject","inLanguage":"fr-FR","@id":"https:\/\/www.melform.com\/fr\/conteneurs-\/catalogue-de-produits\/chariot-de-manutention\/chariot-3\/#primaryimage","url":"https:\/\/www.melform.com\/wp-content\/uploads\/2022\/09\/THS30006-1.jpg","contentUrl":"https:\/\/www.melform.com\/wp-content\/uploads\/2022\/09\/THS30006-1.jpg","width":1000,"height":667},{"@type":"BreadcrumbList","@id":"https:\/\/www.melform.com\/fr\/conteneurs-\/catalogue-de-produits\/chariot-de-manutention\/chariot-3\/#breadcrumb","itemListElement":[{"@type":"ListItem","position":1,"name":"Home","item":"https:\/\/www.melform.com\/fr\/"},{"@type":"ListItem","position":2,"name":"Shop","item":"https:\/\/www.melform.com\/fr\/shop\/"},{"@type":"ListItem","position":3,"name":"Chariot de manutention pour AF150 et KOALA 150"}]},{"@type":"WebSite","@id":"https:\/\/www.melform.com\/fr\/#website","url":"https:\/\/www.melform.com\/fr\/","name":"MELFORM","description":"SISTEMI PER IL TRASPORTO E STOCCAGGIO A TEMPERATURA CONTROLLATA","potentialAction":[{"@type":"SearchAction","target":{"@type":"EntryPoint","urlTemplate":"https:\/\/www.melform.com\/fr\/?s={search_term_string}"},"query-input":{"@type":"PropertyValueSpecification","valueRequired":true,"valueName":"search_term_string"}}],"inLanguage":"fr-FR"}]}},"_links":{"self":[{"href":"https:\/\/www.melform.com\/fr\/wp-json\/wp\/v2\/product\/8044","targetHints":{"allow":["GET"]}}],"collection":[{"href":"https:\/\/www.melform.com\/fr\/wp-json\/wp\/v2\/product"}],"about":[{"href":"https:\/\/www.melform.com\/fr\/wp-json\/wp\/v2\/types\/product"}],"wp:featuredmedia":[{"embeddable":true,"href":"https:\/\/www.melform.com\/fr\/wp-json\/wp\/v2\/media\/2070"}],"wp:attachment":[{"href":"https:\/\/www.melform.com\/fr\/wp-json\/wp\/v2\/media?parent=8044"}],"wp:term":[{"taxonomy":"product_brand","embeddable":true,"href":"https:\/\/www.melform.com\/fr\/wp-json\/wp\/v2\/product_brand?post=8044"},{"taxonomy":"product_cat","embeddable":true,"href":"https:\/\/www.melform.com\/fr\/wp-json\/wp\/v2\/product_cat?post=8044"},{"taxonomy":"product_tag","embeddable":true,"href":"https:\/\/www.melform.com\/fr\/wp-json\/wp\/v2\/product_tag?post=8044"}],"curies":[{"name":"wp","href":"https:\/\/api.w.org\/{rel}","templated":true}]}}