{"id":8046,"date":"2022-10-11T16:29:37","date_gmt":"2022-10-11T14:29:37","guid":{"rendered":"https:\/\/www.melform.com\/product\/port-de-chauffage-numerique-pour-af-7-3\/"},"modified":"2025-02-19T14:33:46","modified_gmt":"2025-02-19T12:33:46","slug":"port-de-chauffage-numerique-pour-af-150","status":"publish","type":"product","link":"https:\/\/www.melform.com\/fr\/conteneurs-\/catalogue-de-produits\/accessoires\/port-de-chauffage-numerique-pour-af-150\/","title":{"rendered":"Porte chauffante num\u00e9rique pour AF 150"},"content":{"rendered":"<p data-start=\"1080\" data-end=\"1277\">La <strong data-start=\"1083\" data-end=\"1113\">porte chauffante num\u00e9rique<\/strong> est un accessoire con\u00e7u pour le <strong data-start=\"1146\" data-end=\"1175\">conteneur isotherme AF150<\/strong>, id\u00e9al pour le <strong data-start=\"1191\" data-end=\"1222\">transport en liaison chaude<\/strong>, garantissant un <strong data-start=\"1240\" data-end=\"1274\">chauffage uniforme et contr\u00f4l\u00e9<\/strong>.<\/p>\r\n\r\n<ul data-start=\"1320\" data-end=\"1964\">\r\n \t<li data-start=\"1320\" data-end=\"1443\"><strong data-start=\"1322\" data-end=\"1339\">Compatibilit\u00e9<\/strong> : Transforme le <strong data-start=\"1356\" data-end=\"1375\">conteneur AF150<\/strong> en une solution parfaite pour le <strong data-start=\"1409\" data-end=\"1440\">transport en liaison chaude<\/strong>.<\/li>\r\n \t<li data-start=\"1444\" data-end=\"1537\"><strong data-start=\"1446\" data-end=\"1473\">Alimentation \u00e9lectrique<\/strong> : <strong data-start=\"1476\" data-end=\"1490\">230 V a.c.<\/strong>, assurant un fonctionnement s\u00fbr et efficace.<\/li>\r\n \t<li data-start=\"1538\" data-end=\"1681\"><strong data-start=\"1540\" data-end=\"1572\">Thermostat num\u00e9rique frontal<\/strong> : Permet une <strong data-start=\"1586\" data-end=\"1629\">programmation pr\u00e9cise de la temp\u00e9rature<\/strong> et un <strong data-start=\"1636\" data-end=\"1657\">contr\u00f4le constant<\/strong> pendant le transport.<\/li>\r\n \t<li data-start=\"1682\" data-end=\"1813\"><strong data-start=\"1684\" data-end=\"1722\">R\u00e9partition homog\u00e8ne de la chaleur<\/strong> : \u00c9vite la surchauffe et assure une <strong data-start=\"1759\" data-end=\"1810\">temp\u00e9rature uniforme \u00e0 l\u2019int\u00e9rieur du conteneur<\/strong>.<\/li>\r\n<\/ul>","protected":false},"excerpt":{"rendered":"La porte chauffante num\u00e9rique est un accessoire con\u00e7u pour le conteneur isotherme AF150, id\u00e9al pour le transport en liaison chaude, garantissant un chauffage uniforme et contr\u00f4l\u00e9. Compatibilit\u00e9 : Transforme le conteneur AF150 en une solution parfaite pour le transport en liaison chaude. Alimentation \u00e9lectrique : 230 V a.c., assurant un fonctionnement s\u00fbr et efficace. Thermostat [&hellip;]","protected":false},"featured_media":6178,"template":"","meta":{"_acf_changed":false,"_themeisle_gutenberg_block_has_review":false},"product_brand":[],"product_cat":[241],"product_tag":[],"class_list":{"0":"post-8046","1":"product","2":"type-product","3":"status-publish","4":"has-post-thumbnail","6":"product_cat-accessoires","8":"first","9":"instock","10":"product-type-simple"},"acf":[],"yoast_head":"<!-- This site is optimized with the Yoast SEO plugin v26.4 - https:\/\/yoast.com\/wordpress\/plugins\/seo\/ -->\n<title>Porte chauffante num\u00e9rique pour AF 150 - MELFORM<\/title>\n<meta name=\"robots\" content=\"index, follow, max-snippet:-1, max-image-preview:large, max-video-preview:-1\" \/>\n<link rel=\"canonical\" href=\"https:\/\/www.melform.com\/fr\/conteneurs-\/catalogue-de-produits\/accessoires\/port-de-chauffage-numerique-pour-af-150\/\" \/>\n<meta property=\"og:locale\" content=\"fr_FR\" \/>\n<meta property=\"og:type\" content=\"article\" \/>\n<meta property=\"og:title\" content=\"Porte chauffante num\u00e9rique pour AF 150 - MELFORM\" \/>\n<meta property=\"og:description\" content=\"La porte chauffante num\u00e9rique est un accessoire con\u00e7u pour le conteneur isotherme AF150, id\u00e9al pour le transport en liaison chaude, garantissant un chauffage uniforme et contr\u00f4l\u00e9. Compatibilit\u00e9 : Transforme le conteneur AF150 en une solution parfaite pour le transport en liaison chaude. Alimentation \u00e9lectrique : 230 V a.c., assurant un fonctionnement s\u00fbr et efficace. Thermostat [&hellip;]\" \/>\n<meta property=\"og:url\" content=\"https:\/\/www.melform.com\/fr\/conteneurs-\/catalogue-de-produits\/accessoires\/port-de-chauffage-numerique-pour-af-150\/\" \/>\n<meta property=\"og:site_name\" content=\"MELFORM\" \/>\n<meta property=\"article:modified_time\" content=\"2025-02-19T12:33:46+00:00\" \/>\n<meta property=\"og:image\" content=\"https:\/\/www.melform.com\/wp-content\/uploads\/2022\/10\/375-AF-150-Porta-attiva-2.jpg\" \/>\n\t<meta property=\"og:image:width\" content=\"1200\" \/>\n\t<meta property=\"og:image:height\" content=\"1200\" \/>\n\t<meta property=\"og:image:type\" content=\"image\/jpeg\" \/>\n<meta name=\"twitter:card\" content=\"summary_large_image\" \/>\n<script type=\"application\/ld+json\" class=\"yoast-schema-graph\">{\"@context\":\"https:\/\/schema.org\",\"@graph\":[{\"@type\":\"WebPage\",\"@id\":\"https:\/\/www.melform.com\/fr\/conteneurs-\/catalogue-de-produits\/accessoires\/port-de-chauffage-numerique-pour-af-150\/\",\"url\":\"https:\/\/www.melform.com\/fr\/conteneurs-\/catalogue-de-produits\/accessoires\/port-de-chauffage-numerique-pour-af-150\/\",\"name\":\"Porte chauffante num\u00e9rique pour AF 150 - MELFORM\",\"isPartOf\":{\"@id\":\"https:\/\/www.melform.com\/fr\/#website\"},\"primaryImageOfPage\":{\"@id\":\"https:\/\/www.melform.com\/fr\/conteneurs-\/catalogue-de-produits\/accessoires\/port-de-chauffage-numerique-pour-af-150\/#primaryimage\"},\"image\":{\"@id\":\"https:\/\/www.melform.com\/fr\/conteneurs-\/catalogue-de-produits\/accessoires\/port-de-chauffage-numerique-pour-af-150\/#primaryimage\"},\"thumbnailUrl\":\"https:\/\/www.melform.com\/wp-content\/uploads\/2022\/10\/375-AF-150-Porta-attiva-2.jpg\",\"datePublished\":\"2022-10-11T14:29:37+00:00\",\"dateModified\":\"2025-02-19T12:33:46+00:00\",\"breadcrumb\":{\"@id\":\"https:\/\/www.melform.com\/fr\/conteneurs-\/catalogue-de-produits\/accessoires\/port-de-chauffage-numerique-pour-af-150\/#breadcrumb\"},\"inLanguage\":\"fr-FR\",\"potentialAction\":[{\"@type\":\"ReadAction\",\"target\":[\"https:\/\/www.melform.com\/fr\/conteneurs-\/catalogue-de-produits\/accessoires\/port-de-chauffage-numerique-pour-af-150\/\"]}]},{\"@type\":\"ImageObject\",\"inLanguage\":\"fr-FR\",\"@id\":\"https:\/\/www.melform.com\/fr\/conteneurs-\/catalogue-de-produits\/accessoires\/port-de-chauffage-numerique-pour-af-150\/#primaryimage\",\"url\":\"https:\/\/www.melform.com\/wp-content\/uploads\/2022\/10\/375-AF-150-Porta-attiva-2.jpg\",\"contentUrl\":\"https:\/\/www.melform.com\/wp-content\/uploads\/2022\/10\/375-AF-150-Porta-attiva-2.jpg\",\"width\":1200,\"height\":1200},{\"@type\":\"BreadcrumbList\",\"@id\":\"https:\/\/www.melform.com\/fr\/conteneurs-\/catalogue-de-produits\/accessoires\/port-de-chauffage-numerique-pour-af-150\/#breadcrumb\",\"itemListElement\":[{\"@type\":\"ListItem\",\"position\":1,\"name\":\"Home\",\"item\":\"https:\/\/www.melform.com\/fr\/\"},{\"@type\":\"ListItem\",\"position\":2,\"name\":\"Shop\",\"item\":\"https:\/\/www.melform.com\/fr\/shop\/\"},{\"@type\":\"ListItem\",\"position\":3,\"name\":\"Porte chauffante num\u00e9rique pour AF 150\"}]},{\"@type\":\"WebSite\",\"@id\":\"https:\/\/www.melform.com\/fr\/#website\",\"url\":\"https:\/\/www.melform.com\/fr\/\",\"name\":\"MELFORM\",\"description\":\"SISTEMI PER IL TRASPORTO E STOCCAGGIO A TEMPERATURA CONTROLLATA\",\"potentialAction\":[{\"@type\":\"SearchAction\",\"target\":{\"@type\":\"EntryPoint\",\"urlTemplate\":\"https:\/\/www.melform.com\/fr\/?s={search_term_string}\"},\"query-input\":{\"@type\":\"PropertyValueSpecification\",\"valueRequired\":true,\"valueName\":\"search_term_string\"}}],\"inLanguage\":\"fr-FR\"}]}<\/script>\n<!-- \/ Yoast SEO plugin. -->","yoast_head_json":{"title":"Porte chauffante num\u00e9rique pour AF 150 - MELFORM","robots":{"index":"index","follow":"follow","max-snippet":"max-snippet:-1","max-image-preview":"max-image-preview:large","max-video-preview":"max-video-preview:-1"},"canonical":"https:\/\/www.melform.com\/fr\/conteneurs-\/catalogue-de-produits\/accessoires\/port-de-chauffage-numerique-pour-af-150\/","og_locale":"fr_FR","og_type":"article","og_title":"Porte chauffante num\u00e9rique pour AF 150 - MELFORM","og_description":"La porte chauffante num\u00e9rique est un accessoire con\u00e7u pour le conteneur isotherme AF150, id\u00e9al pour le transport en liaison chaude, garantissant un chauffage uniforme et contr\u00f4l\u00e9. Compatibilit\u00e9 : Transforme le conteneur AF150 en une solution parfaite pour le transport en liaison chaude. Alimentation \u00e9lectrique : 230 V a.c., assurant un fonctionnement s\u00fbr et efficace. Thermostat [&hellip;]","og_url":"https:\/\/www.melform.com\/fr\/conteneurs-\/catalogue-de-produits\/accessoires\/port-de-chauffage-numerique-pour-af-150\/","og_site_name":"MELFORM","article_modified_time":"2025-02-19T12:33:46+00:00","og_image":[{"width":1200,"height":1200,"url":"https:\/\/www.melform.com\/wp-content\/uploads\/2022\/10\/375-AF-150-Porta-attiva-2.jpg","type":"image\/jpeg"}],"twitter_card":"summary_large_image","schema":{"@context":"https:\/\/schema.org","@graph":[{"@type":"WebPage","@id":"https:\/\/www.melform.com\/fr\/conteneurs-\/catalogue-de-produits\/accessoires\/port-de-chauffage-numerique-pour-af-150\/","url":"https:\/\/www.melform.com\/fr\/conteneurs-\/catalogue-de-produits\/accessoires\/port-de-chauffage-numerique-pour-af-150\/","name":"Porte chauffante num\u00e9rique pour AF 150 - MELFORM","isPartOf":{"@id":"https:\/\/www.melform.com\/fr\/#website"},"primaryImageOfPage":{"@id":"https:\/\/www.melform.com\/fr\/conteneurs-\/catalogue-de-produits\/accessoires\/port-de-chauffage-numerique-pour-af-150\/#primaryimage"},"image":{"@id":"https:\/\/www.melform.com\/fr\/conteneurs-\/catalogue-de-produits\/accessoires\/port-de-chauffage-numerique-pour-af-150\/#primaryimage"},"thumbnailUrl":"https:\/\/www.melform.com\/wp-content\/uploads\/2022\/10\/375-AF-150-Porta-attiva-2.jpg","datePublished":"2022-10-11T14:29:37+00:00","dateModified":"2025-02-19T12:33:46+00:00","breadcrumb":{"@id":"https:\/\/www.melform.com\/fr\/conteneurs-\/catalogue-de-produits\/accessoires\/port-de-chauffage-numerique-pour-af-150\/#breadcrumb"},"inLanguage":"fr-FR","potentialAction":[{"@type":"ReadAction","target":["https:\/\/www.melform.com\/fr\/conteneurs-\/catalogue-de-produits\/accessoires\/port-de-chauffage-numerique-pour-af-150\/"]}]},{"@type":"ImageObject","inLanguage":"fr-FR","@id":"https:\/\/www.melform.com\/fr\/conteneurs-\/catalogue-de-produits\/accessoires\/port-de-chauffage-numerique-pour-af-150\/#primaryimage","url":"https:\/\/www.melform.com\/wp-content\/uploads\/2022\/10\/375-AF-150-Porta-attiva-2.jpg","contentUrl":"https:\/\/www.melform.com\/wp-content\/uploads\/2022\/10\/375-AF-150-Porta-attiva-2.jpg","width":1200,"height":1200},{"@type":"BreadcrumbList","@id":"https:\/\/www.melform.com\/fr\/conteneurs-\/catalogue-de-produits\/accessoires\/port-de-chauffage-numerique-pour-af-150\/#breadcrumb","itemListElement":[{"@type":"ListItem","position":1,"name":"Home","item":"https:\/\/www.melform.com\/fr\/"},{"@type":"ListItem","position":2,"name":"Shop","item":"https:\/\/www.melform.com\/fr\/shop\/"},{"@type":"ListItem","position":3,"name":"Porte chauffante num\u00e9rique pour AF 150"}]},{"@type":"WebSite","@id":"https:\/\/www.melform.com\/fr\/#website","url":"https:\/\/www.melform.com\/fr\/","name":"MELFORM","description":"SISTEMI PER IL TRASPORTO E STOCCAGGIO A TEMPERATURA CONTROLLATA","potentialAction":[{"@type":"SearchAction","target":{"@type":"EntryPoint","urlTemplate":"https:\/\/www.melform.com\/fr\/?s={search_term_string}"},"query-input":{"@type":"PropertyValueSpecification","valueRequired":true,"valueName":"search_term_string"}}],"inLanguage":"fr-FR"}]}},"_links":{"self":[{"href":"https:\/\/www.melform.com\/fr\/wp-json\/wp\/v2\/product\/8046","targetHints":{"allow":["GET"]}}],"collection":[{"href":"https:\/\/www.melform.com\/fr\/wp-json\/wp\/v2\/product"}],"about":[{"href":"https:\/\/www.melform.com\/fr\/wp-json\/wp\/v2\/types\/product"}],"wp:featuredmedia":[{"embeddable":true,"href":"https:\/\/www.melform.com\/fr\/wp-json\/wp\/v2\/media\/6178"}],"wp:attachment":[{"href":"https:\/\/www.melform.com\/fr\/wp-json\/wp\/v2\/media?parent=8046"}],"wp:term":[{"taxonomy":"product_brand","embeddable":true,"href":"https:\/\/www.melform.com\/fr\/wp-json\/wp\/v2\/product_brand?post=8046"},{"taxonomy":"product_cat","embeddable":true,"href":"https:\/\/www.melform.com\/fr\/wp-json\/wp\/v2\/product_cat?post=8046"},{"taxonomy":"product_tag","embeddable":true,"href":"https:\/\/www.melform.com\/fr\/wp-json\/wp\/v2\/product_tag?post=8046"}],"curies":[{"name":"wp","href":"https:\/\/api.w.org\/{rel}","templated":true}]}}