{"id":8047,"date":"2022-10-11T16:40:38","date_gmt":"2022-10-11T14:40:38","guid":{"rendered":"https:\/\/www.melform.com\/product\/porte-fiches-2\/"},"modified":"2025-02-20T12:18:50","modified_gmt":"2025-02-20T10:18:50","slug":"porte-fiches-2","status":"publish","type":"product","link":"https:\/\/www.melform.com\/fr\/conteneurs-\/catalogue-de-produits\/accessoires\/porte-fiches-2\/","title":{"rendered":"Porte-documents A5"},"content":{"rendered":"<p data-start=\"849\" data-end=\"1061\">Le <strong data-start=\"852\" data-end=\"896\">porte-documents en plastique transparent<\/strong> au <strong data-start=\"900\" data-end=\"913\">format A5<\/strong> est con\u00e7u pour <strong data-start=\"929\" data-end=\"979\">stocker et prot\u00e9ger les documents de transport<\/strong>, garantissant <strong data-start=\"994\" data-end=\"1041\">un acc\u00e8s rapide et une visibilit\u00e9 imm\u00e9diate<\/strong> des informations.<\/p>\r\n\r\n<ul data-start=\"1104\" data-end=\"1507\">\r\n \t<li data-start=\"1104\" data-end=\"1205\"><strong data-start=\"1106\" data-end=\"1128\">Mat\u00e9riau r\u00e9sistant<\/strong> : Plastique transparent permettant <strong data-start=\"1164\" data-end=\"1202\">une lecture facile sans extraction<\/strong>.<\/li>\r\n \t<li data-start=\"1206\" data-end=\"1283\"><strong data-start=\"1208\" data-end=\"1221\">Format A5<\/strong>, id\u00e9al pour les documents d\u2019identification et de transport.<\/li>\r\n \t<li data-start=\"1284\" data-end=\"1385\"><strong data-start=\"1286\" data-end=\"1311\">Fixation sur la porte<\/strong>, offrant un acc\u00e8s pratique et une consultation rapide des informations.<\/li>\r\n \t<li data-start=\"1386\" data-end=\"1507\"><strong data-start=\"1388\" data-end=\"1422\">Design pratique et fonctionnel<\/strong>, parfait pour une utilisation dans les environnements logistiques et de transport.<\/li>\r\n<\/ul>","protected":false},"excerpt":{"rendered":"Le porte-documents en plastique transparent au format A5 est con\u00e7u pour stocker et prot\u00e9ger les documents de transport, garantissant un acc\u00e8s rapide et une visibilit\u00e9 imm\u00e9diate des informations. Mat\u00e9riau r\u00e9sistant : Plastique transparent permettant une lecture facile sans extraction. Format A5, id\u00e9al pour les documents d\u2019identification et de transport. Fixation sur la porte, offrant un [&hellip;]","protected":false},"featured_media":2083,"template":"","meta":{"_acf_changed":false,"_themeisle_gutenberg_block_has_review":false},"product_brand":[],"product_cat":[241],"product_tag":[],"class_list":{"0":"post-8047","1":"product","2":"type-product","3":"status-publish","4":"has-post-thumbnail","6":"product_cat-accessoires","8":"first","9":"instock","10":"product-type-simple"},"acf":[],"yoast_head":"<!-- This site is optimized with the Yoast SEO plugin v26.4 - https:\/\/yoast.com\/wordpress\/plugins\/seo\/ -->\n<title>Porte-documents A5 - MELFORM<\/title>\n<meta name=\"robots\" content=\"index, follow, max-snippet:-1, max-image-preview:large, max-video-preview:-1\" \/>\n<link rel=\"canonical\" href=\"https:\/\/www.melform.com\/fr\/conteneurs-\/catalogue-de-produits\/accessoires\/porte-fiches-2\/\" \/>\n<meta property=\"og:locale\" content=\"fr_FR\" \/>\n<meta property=\"og:type\" content=\"article\" \/>\n<meta property=\"og:title\" content=\"Porte-documents A5 - MELFORM\" \/>\n<meta property=\"og:description\" content=\"Le porte-documents en plastique transparent au format A5 est con\u00e7u pour stocker et prot\u00e9ger les documents de transport, garantissant un acc\u00e8s rapide et une visibilit\u00e9 imm\u00e9diate des informations. Mat\u00e9riau r\u00e9sistant : Plastique transparent permettant une lecture facile sans extraction. Format A5, id\u00e9al pour les documents d\u2019identification et de transport. Fixation sur la porte, offrant un [&hellip;]\" \/>\n<meta property=\"og:url\" content=\"https:\/\/www.melform.com\/fr\/conteneurs-\/catalogue-de-produits\/accessoires\/porte-fiches-2\/\" \/>\n<meta property=\"og:site_name\" content=\"MELFORM\" \/>\n<meta property=\"article:modified_time\" content=\"2025-02-20T10:18:50+00:00\" \/>\n<meta property=\"og:image\" content=\"https:\/\/www.melform.com\/wp-content\/uploads\/2022\/09\/AMC101-1.jpg\" \/>\n\t<meta property=\"og:image:width\" content=\"672\" \/>\n\t<meta property=\"og:image:height\" content=\"1000\" \/>\n\t<meta property=\"og:image:type\" content=\"image\/jpeg\" \/>\n<meta name=\"twitter:card\" content=\"summary_large_image\" \/>\n<script type=\"application\/ld+json\" class=\"yoast-schema-graph\">{\"@context\":\"https:\/\/schema.org\",\"@graph\":[{\"@type\":\"WebPage\",\"@id\":\"https:\/\/www.melform.com\/fr\/conteneurs-\/catalogue-de-produits\/accessoires\/porte-fiches-2\/\",\"url\":\"https:\/\/www.melform.com\/fr\/conteneurs-\/catalogue-de-produits\/accessoires\/porte-fiches-2\/\",\"name\":\"Porte-documents A5 - MELFORM\",\"isPartOf\":{\"@id\":\"https:\/\/www.melform.com\/fr\/#website\"},\"primaryImageOfPage\":{\"@id\":\"https:\/\/www.melform.com\/fr\/conteneurs-\/catalogue-de-produits\/accessoires\/porte-fiches-2\/#primaryimage\"},\"image\":{\"@id\":\"https:\/\/www.melform.com\/fr\/conteneurs-\/catalogue-de-produits\/accessoires\/porte-fiches-2\/#primaryimage\"},\"thumbnailUrl\":\"https:\/\/www.melform.com\/wp-content\/uploads\/2022\/09\/AMC101-1.jpg\",\"datePublished\":\"2022-10-11T14:40:38+00:00\",\"dateModified\":\"2025-02-20T10:18:50+00:00\",\"breadcrumb\":{\"@id\":\"https:\/\/www.melform.com\/fr\/conteneurs-\/catalogue-de-produits\/accessoires\/porte-fiches-2\/#breadcrumb\"},\"inLanguage\":\"fr-FR\",\"potentialAction\":[{\"@type\":\"ReadAction\",\"target\":[\"https:\/\/www.melform.com\/fr\/conteneurs-\/catalogue-de-produits\/accessoires\/porte-fiches-2\/\"]}]},{\"@type\":\"ImageObject\",\"inLanguage\":\"fr-FR\",\"@id\":\"https:\/\/www.melform.com\/fr\/conteneurs-\/catalogue-de-produits\/accessoires\/porte-fiches-2\/#primaryimage\",\"url\":\"https:\/\/www.melform.com\/wp-content\/uploads\/2022\/09\/AMC101-1.jpg\",\"contentUrl\":\"https:\/\/www.melform.com\/wp-content\/uploads\/2022\/09\/AMC101-1.jpg\",\"width\":672,\"height\":1000},{\"@type\":\"BreadcrumbList\",\"@id\":\"https:\/\/www.melform.com\/fr\/conteneurs-\/catalogue-de-produits\/accessoires\/porte-fiches-2\/#breadcrumb\",\"itemListElement\":[{\"@type\":\"ListItem\",\"position\":1,\"name\":\"Home\",\"item\":\"https:\/\/www.melform.com\/fr\/\"},{\"@type\":\"ListItem\",\"position\":2,\"name\":\"Shop\",\"item\":\"https:\/\/www.melform.com\/fr\/shop\/\"},{\"@type\":\"ListItem\",\"position\":3,\"name\":\"Porte-documents A5\"}]},{\"@type\":\"WebSite\",\"@id\":\"https:\/\/www.melform.com\/fr\/#website\",\"url\":\"https:\/\/www.melform.com\/fr\/\",\"name\":\"MELFORM\",\"description\":\"SISTEMI PER IL TRASPORTO E STOCCAGGIO A TEMPERATURA CONTROLLATA\",\"potentialAction\":[{\"@type\":\"SearchAction\",\"target\":{\"@type\":\"EntryPoint\",\"urlTemplate\":\"https:\/\/www.melform.com\/fr\/?s={search_term_string}\"},\"query-input\":{\"@type\":\"PropertyValueSpecification\",\"valueRequired\":true,\"valueName\":\"search_term_string\"}}],\"inLanguage\":\"fr-FR\"}]}<\/script>\n<!-- \/ Yoast SEO plugin. -->","yoast_head_json":{"title":"Porte-documents A5 - MELFORM","robots":{"index":"index","follow":"follow","max-snippet":"max-snippet:-1","max-image-preview":"max-image-preview:large","max-video-preview":"max-video-preview:-1"},"canonical":"https:\/\/www.melform.com\/fr\/conteneurs-\/catalogue-de-produits\/accessoires\/porte-fiches-2\/","og_locale":"fr_FR","og_type":"article","og_title":"Porte-documents A5 - MELFORM","og_description":"Le porte-documents en plastique transparent au format A5 est con\u00e7u pour stocker et prot\u00e9ger les documents de transport, garantissant un acc\u00e8s rapide et une visibilit\u00e9 imm\u00e9diate des informations. Mat\u00e9riau r\u00e9sistant : Plastique transparent permettant une lecture facile sans extraction. Format A5, id\u00e9al pour les documents d\u2019identification et de transport. Fixation sur la porte, offrant un [&hellip;]","og_url":"https:\/\/www.melform.com\/fr\/conteneurs-\/catalogue-de-produits\/accessoires\/porte-fiches-2\/","og_site_name":"MELFORM","article_modified_time":"2025-02-20T10:18:50+00:00","og_image":[{"width":672,"height":1000,"url":"https:\/\/www.melform.com\/wp-content\/uploads\/2022\/09\/AMC101-1.jpg","type":"image\/jpeg"}],"twitter_card":"summary_large_image","schema":{"@context":"https:\/\/schema.org","@graph":[{"@type":"WebPage","@id":"https:\/\/www.melform.com\/fr\/conteneurs-\/catalogue-de-produits\/accessoires\/porte-fiches-2\/","url":"https:\/\/www.melform.com\/fr\/conteneurs-\/catalogue-de-produits\/accessoires\/porte-fiches-2\/","name":"Porte-documents A5 - MELFORM","isPartOf":{"@id":"https:\/\/www.melform.com\/fr\/#website"},"primaryImageOfPage":{"@id":"https:\/\/www.melform.com\/fr\/conteneurs-\/catalogue-de-produits\/accessoires\/porte-fiches-2\/#primaryimage"},"image":{"@id":"https:\/\/www.melform.com\/fr\/conteneurs-\/catalogue-de-produits\/accessoires\/porte-fiches-2\/#primaryimage"},"thumbnailUrl":"https:\/\/www.melform.com\/wp-content\/uploads\/2022\/09\/AMC101-1.jpg","datePublished":"2022-10-11T14:40:38+00:00","dateModified":"2025-02-20T10:18:50+00:00","breadcrumb":{"@id":"https:\/\/www.melform.com\/fr\/conteneurs-\/catalogue-de-produits\/accessoires\/porte-fiches-2\/#breadcrumb"},"inLanguage":"fr-FR","potentialAction":[{"@type":"ReadAction","target":["https:\/\/www.melform.com\/fr\/conteneurs-\/catalogue-de-produits\/accessoires\/porte-fiches-2\/"]}]},{"@type":"ImageObject","inLanguage":"fr-FR","@id":"https:\/\/www.melform.com\/fr\/conteneurs-\/catalogue-de-produits\/accessoires\/porte-fiches-2\/#primaryimage","url":"https:\/\/www.melform.com\/wp-content\/uploads\/2022\/09\/AMC101-1.jpg","contentUrl":"https:\/\/www.melform.com\/wp-content\/uploads\/2022\/09\/AMC101-1.jpg","width":672,"height":1000},{"@type":"BreadcrumbList","@id":"https:\/\/www.melform.com\/fr\/conteneurs-\/catalogue-de-produits\/accessoires\/porte-fiches-2\/#breadcrumb","itemListElement":[{"@type":"ListItem","position":1,"name":"Home","item":"https:\/\/www.melform.com\/fr\/"},{"@type":"ListItem","position":2,"name":"Shop","item":"https:\/\/www.melform.com\/fr\/shop\/"},{"@type":"ListItem","position":3,"name":"Porte-documents A5"}]},{"@type":"WebSite","@id":"https:\/\/www.melform.com\/fr\/#website","url":"https:\/\/www.melform.com\/fr\/","name":"MELFORM","description":"SISTEMI PER IL TRASPORTO E STOCCAGGIO A TEMPERATURA CONTROLLATA","potentialAction":[{"@type":"SearchAction","target":{"@type":"EntryPoint","urlTemplate":"https:\/\/www.melform.com\/fr\/?s={search_term_string}"},"query-input":{"@type":"PropertyValueSpecification","valueRequired":true,"valueName":"search_term_string"}}],"inLanguage":"fr-FR"}]}},"_links":{"self":[{"href":"https:\/\/www.melform.com\/fr\/wp-json\/wp\/v2\/product\/8047","targetHints":{"allow":["GET"]}}],"collection":[{"href":"https:\/\/www.melform.com\/fr\/wp-json\/wp\/v2\/product"}],"about":[{"href":"https:\/\/www.melform.com\/fr\/wp-json\/wp\/v2\/types\/product"}],"wp:featuredmedia":[{"embeddable":true,"href":"https:\/\/www.melform.com\/fr\/wp-json\/wp\/v2\/media\/2083"}],"wp:attachment":[{"href":"https:\/\/www.melform.com\/fr\/wp-json\/wp\/v2\/media?parent=8047"}],"wp:term":[{"taxonomy":"product_brand","embeddable":true,"href":"https:\/\/www.melform.com\/fr\/wp-json\/wp\/v2\/product_brand?post=8047"},{"taxonomy":"product_cat","embeddable":true,"href":"https:\/\/www.melform.com\/fr\/wp-json\/wp\/v2\/product_cat?post=8047"},{"taxonomy":"product_tag","embeddable":true,"href":"https:\/\/www.melform.com\/fr\/wp-json\/wp\/v2\/product_tag?post=8047"}],"curies":[{"name":"wp","href":"https:\/\/api.w.org\/{rel}","templated":true}]}}