{"id":8049,"date":"2022-10-11T16:29:45","date_gmt":"2022-10-11T14:29:45","guid":{"rendered":"https:\/\/www.melform.com\/product\/chariot-maxidolly\/"},"modified":"2025-08-24T17:51:25","modified_gmt":"2025-08-24T15:51:25","slug":"chariot-maxidolly","status":"publish","type":"product","link":"https:\/\/www.melform.com\/fr\/conteneurs-\/catalogue-de-produits\/chariot-de-manutention\/chariot-maxidolly\/","title":{"rendered":"Chariot &#8211; MAXIDOLLY"},"content":{"rendered":"<div class=\"wpb-content-wrapper\">[vc_row][vc_column][vc_column_text css=&#8221;&#8221;]Le <strong>chariot MAXIDOLLY<\/strong> est con\u00e7u pour faciliter la manutention de charges allant jusqu\u2019\u00e0 <strong>150 kg<\/strong>, garantissant<strong> stabilit\u00e9, s\u00e9curit\u00e9 et maniabilit\u00e9 optimale<\/strong>\r\n<ul>\r\n \t<li><strong>Technologie roto moulage<\/strong>, assurant une structure robuste et durable.<\/li>\r\n \t<li><b>Id\u00e9al pour les caisses de dimensions 600\u00d7400 mm.<\/b><\/li>\r\n \t<li><strong>Dimensions<\/strong>: 525&#215;750 mm<\/li>\r\n \t<li><strong>Roues en caoutchouc anti-trace<\/strong> avec un <strong>noyau en PP<\/strong> (polypropyl\u00e8ne), garantissant un d\u00e9placement fluide et silencieux.<\/li>\r\n \t<li><strong>Configuration des roues :<\/strong> <strong>2 roues fixes<\/strong> et <strong>2 roues pivotantes<\/strong>, facilitant les man\u0153uvres et am\u00e9liorant la maniabilit\u00e9.<\/li>\r\n \t<li><strong>Capacit\u00e9 de charge maximale<\/strong> : <strong>150 kg<\/strong>, id\u00e9al pour un usage professionnel<\/li>\r\n \t<li><strong>Compatible avec <\/strong>: AF12, AF12 version chauffante, AL200, GN 1\/1, GN 18\/18, AP100, AP150, AP200.<\/li>\r\n<\/ul>\r\n[\/vc_column_text][\/vc_column][\/vc_row]<\/div>","protected":false},"excerpt":{"rendered":"[vc_row][vc_column][vc_column_text css=&#8221;&#8221;]Le chariot MAXIDOLLY est con\u00e7u pour faciliter la manutention de charges allant jusqu\u2019\u00e0 150 kg, garantissant stabilit\u00e9, s\u00e9curit\u00e9 et maniabilit\u00e9 optimale Technologie roto moulage, assurant une structure robuste et durable. Id\u00e9al pour les caisses de dimensions 600\u00d7400 mm. Dimensions: 525&#215;750 mm Roues en caoutchouc anti-trace avec un noyau en PP (polypropyl\u00e8ne), garantissant un d\u00e9placement [&hellip;]","protected":false},"featured_media":22806,"template":"","meta":{"_acf_changed":false,"_themeisle_gutenberg_block_has_review":false},"product_brand":[],"product_cat":[912,1147],"product_tag":[],"class_list":{"0":"post-8049","1":"product","2":"type-product","3":"status-publish","4":"has-post-thumbnail","6":"product_cat-catalogue-de-produits","7":"product_cat-chariot-de-manutention","8":"pa_maniglia-cromee","9":"pa_maniglia-en-acier-inoxydable","10":"pa_maniglia-sans-poignee","12":"first","13":"instock","14":"product-type-variable","15":"wvs-archive-product-wrapper"},"acf":[],"yoast_head":"<!-- This site is optimized with the Yoast SEO plugin v26.4 - https:\/\/yoast.com\/wordpress\/plugins\/seo\/ -->\n<title>Chariot - MAXIDOLLY - MELFORM<\/title>\n<meta name=\"robots\" content=\"index, follow, max-snippet:-1, max-image-preview:large, max-video-preview:-1\" \/>\n<link rel=\"canonical\" href=\"https:\/\/www.melform.com\/fr\/conteneurs-\/catalogue-de-produits\/chariot-de-manutention\/chariot-maxidolly\/\" \/>\n<meta property=\"og:locale\" content=\"fr_FR\" \/>\n<meta property=\"og:type\" content=\"article\" \/>\n<meta property=\"og:title\" content=\"Chariot - MAXIDOLLY - MELFORM\" \/>\n<meta property=\"og:description\" content=\"[vc_row][vc_column][vc_column_text css=&#8221;&#8221;]Le chariot MAXIDOLLY est con\u00e7u pour faciliter la manutention de charges allant jusqu\u2019\u00e0 150 kg, garantissant stabilit\u00e9, s\u00e9curit\u00e9 et maniabilit\u00e9 optimale Technologie roto moulage, assurant une structure robuste et durable. Id\u00e9al pour les caisses de dimensions 600\u00d7400 mm. Dimensions: 525&#215;750 mm Roues en caoutchouc anti-trace avec un noyau en PP (polypropyl\u00e8ne), garantissant un d\u00e9placement [&hellip;]\" \/>\n<meta property=\"og:url\" content=\"https:\/\/www.melform.com\/fr\/conteneurs-\/catalogue-de-produits\/chariot-de-manutention\/chariot-maxidolly\/\" \/>\n<meta property=\"og:site_name\" content=\"MELFORM\" \/>\n<meta property=\"article:modified_time\" content=\"2025-08-24T15:51:25+00:00\" \/>\n<meta property=\"og:image\" content=\"https:\/\/www.melform.com\/wp-content\/uploads\/2022\/10\/OK-Maxidolly.jpg\" \/>\n\t<meta property=\"og:image:width\" content=\"1007\" \/>\n\t<meta property=\"og:image:height\" content=\"1000\" \/>\n\t<meta property=\"og:image:type\" content=\"image\/jpeg\" \/>\n<meta name=\"twitter:card\" content=\"summary_large_image\" \/>\n<script type=\"application\/ld+json\" class=\"yoast-schema-graph\">{\"@context\":\"https:\/\/schema.org\",\"@graph\":[{\"@type\":\"WebPage\",\"@id\":\"https:\/\/www.melform.com\/fr\/conteneurs-\/catalogue-de-produits\/chariot-de-manutention\/chariot-maxidolly\/\",\"url\":\"https:\/\/www.melform.com\/fr\/conteneurs-\/catalogue-de-produits\/chariot-de-manutention\/chariot-maxidolly\/\",\"name\":\"Chariot - MAXIDOLLY - MELFORM\",\"isPartOf\":{\"@id\":\"https:\/\/www.melform.com\/fr\/#website\"},\"primaryImageOfPage\":{\"@id\":\"https:\/\/www.melform.com\/fr\/conteneurs-\/catalogue-de-produits\/chariot-de-manutention\/chariot-maxidolly\/#primaryimage\"},\"image\":{\"@id\":\"https:\/\/www.melform.com\/fr\/conteneurs-\/catalogue-de-produits\/chariot-de-manutention\/chariot-maxidolly\/#primaryimage\"},\"thumbnailUrl\":\"https:\/\/www.melform.com\/wp-content\/uploads\/2022\/10\/OK-Maxidolly.jpg\",\"datePublished\":\"2022-10-11T14:29:45+00:00\",\"dateModified\":\"2025-08-24T15:51:25+00:00\",\"breadcrumb\":{\"@id\":\"https:\/\/www.melform.com\/fr\/conteneurs-\/catalogue-de-produits\/chariot-de-manutention\/chariot-maxidolly\/#breadcrumb\"},\"inLanguage\":\"fr-FR\",\"potentialAction\":[{\"@type\":\"ReadAction\",\"target\":[\"https:\/\/www.melform.com\/fr\/conteneurs-\/catalogue-de-produits\/chariot-de-manutention\/chariot-maxidolly\/\"]}]},{\"@type\":\"ImageObject\",\"inLanguage\":\"fr-FR\",\"@id\":\"https:\/\/www.melform.com\/fr\/conteneurs-\/catalogue-de-produits\/chariot-de-manutention\/chariot-maxidolly\/#primaryimage\",\"url\":\"https:\/\/www.melform.com\/wp-content\/uploads\/2022\/10\/OK-Maxidolly.jpg\",\"contentUrl\":\"https:\/\/www.melform.com\/wp-content\/uploads\/2022\/10\/OK-Maxidolly.jpg\",\"width\":1007,\"height\":1000},{\"@type\":\"BreadcrumbList\",\"@id\":\"https:\/\/www.melform.com\/fr\/conteneurs-\/catalogue-de-produits\/chariot-de-manutention\/chariot-maxidolly\/#breadcrumb\",\"itemListElement\":[{\"@type\":\"ListItem\",\"position\":1,\"name\":\"Home\",\"item\":\"https:\/\/www.melform.com\/fr\/\"},{\"@type\":\"ListItem\",\"position\":2,\"name\":\"Shop\",\"item\":\"https:\/\/www.melform.com\/fr\/shop\/\"},{\"@type\":\"ListItem\",\"position\":3,\"name\":\"Chariot &#8211; MAXIDOLLY\"}]},{\"@type\":\"WebSite\",\"@id\":\"https:\/\/www.melform.com\/fr\/#website\",\"url\":\"https:\/\/www.melform.com\/fr\/\",\"name\":\"MELFORM\",\"description\":\"SISTEMI PER IL TRASPORTO E STOCCAGGIO A TEMPERATURA CONTROLLATA\",\"potentialAction\":[{\"@type\":\"SearchAction\",\"target\":{\"@type\":\"EntryPoint\",\"urlTemplate\":\"https:\/\/www.melform.com\/fr\/?s={search_term_string}\"},\"query-input\":{\"@type\":\"PropertyValueSpecification\",\"valueRequired\":true,\"valueName\":\"search_term_string\"}}],\"inLanguage\":\"fr-FR\"}]}<\/script>\n<!-- \/ Yoast SEO plugin. -->","yoast_head_json":{"title":"Chariot - MAXIDOLLY - MELFORM","robots":{"index":"index","follow":"follow","max-snippet":"max-snippet:-1","max-image-preview":"max-image-preview:large","max-video-preview":"max-video-preview:-1"},"canonical":"https:\/\/www.melform.com\/fr\/conteneurs-\/catalogue-de-produits\/chariot-de-manutention\/chariot-maxidolly\/","og_locale":"fr_FR","og_type":"article","og_title":"Chariot - MAXIDOLLY - MELFORM","og_description":"[vc_row][vc_column][vc_column_text css=&#8221;&#8221;]Le chariot MAXIDOLLY est con\u00e7u pour faciliter la manutention de charges allant jusqu\u2019\u00e0 150 kg, garantissant stabilit\u00e9, s\u00e9curit\u00e9 et maniabilit\u00e9 optimale Technologie roto moulage, assurant une structure robuste et durable. Id\u00e9al pour les caisses de dimensions 600\u00d7400 mm. Dimensions: 525&#215;750 mm Roues en caoutchouc anti-trace avec un noyau en PP (polypropyl\u00e8ne), garantissant un d\u00e9placement [&hellip;]","og_url":"https:\/\/www.melform.com\/fr\/conteneurs-\/catalogue-de-produits\/chariot-de-manutention\/chariot-maxidolly\/","og_site_name":"MELFORM","article_modified_time":"2025-08-24T15:51:25+00:00","og_image":[{"width":1007,"height":1000,"url":"https:\/\/www.melform.com\/wp-content\/uploads\/2022\/10\/OK-Maxidolly.jpg","type":"image\/jpeg"}],"twitter_card":"summary_large_image","schema":{"@context":"https:\/\/schema.org","@graph":[{"@type":"WebPage","@id":"https:\/\/www.melform.com\/fr\/conteneurs-\/catalogue-de-produits\/chariot-de-manutention\/chariot-maxidolly\/","url":"https:\/\/www.melform.com\/fr\/conteneurs-\/catalogue-de-produits\/chariot-de-manutention\/chariot-maxidolly\/","name":"Chariot - MAXIDOLLY - MELFORM","isPartOf":{"@id":"https:\/\/www.melform.com\/fr\/#website"},"primaryImageOfPage":{"@id":"https:\/\/www.melform.com\/fr\/conteneurs-\/catalogue-de-produits\/chariot-de-manutention\/chariot-maxidolly\/#primaryimage"},"image":{"@id":"https:\/\/www.melform.com\/fr\/conteneurs-\/catalogue-de-produits\/chariot-de-manutention\/chariot-maxidolly\/#primaryimage"},"thumbnailUrl":"https:\/\/www.melform.com\/wp-content\/uploads\/2022\/10\/OK-Maxidolly.jpg","datePublished":"2022-10-11T14:29:45+00:00","dateModified":"2025-08-24T15:51:25+00:00","breadcrumb":{"@id":"https:\/\/www.melform.com\/fr\/conteneurs-\/catalogue-de-produits\/chariot-de-manutention\/chariot-maxidolly\/#breadcrumb"},"inLanguage":"fr-FR","potentialAction":[{"@type":"ReadAction","target":["https:\/\/www.melform.com\/fr\/conteneurs-\/catalogue-de-produits\/chariot-de-manutention\/chariot-maxidolly\/"]}]},{"@type":"ImageObject","inLanguage":"fr-FR","@id":"https:\/\/www.melform.com\/fr\/conteneurs-\/catalogue-de-produits\/chariot-de-manutention\/chariot-maxidolly\/#primaryimage","url":"https:\/\/www.melform.com\/wp-content\/uploads\/2022\/10\/OK-Maxidolly.jpg","contentUrl":"https:\/\/www.melform.com\/wp-content\/uploads\/2022\/10\/OK-Maxidolly.jpg","width":1007,"height":1000},{"@type":"BreadcrumbList","@id":"https:\/\/www.melform.com\/fr\/conteneurs-\/catalogue-de-produits\/chariot-de-manutention\/chariot-maxidolly\/#breadcrumb","itemListElement":[{"@type":"ListItem","position":1,"name":"Home","item":"https:\/\/www.melform.com\/fr\/"},{"@type":"ListItem","position":2,"name":"Shop","item":"https:\/\/www.melform.com\/fr\/shop\/"},{"@type":"ListItem","position":3,"name":"Chariot &#8211; MAXIDOLLY"}]},{"@type":"WebSite","@id":"https:\/\/www.melform.com\/fr\/#website","url":"https:\/\/www.melform.com\/fr\/","name":"MELFORM","description":"SISTEMI PER IL TRASPORTO E STOCCAGGIO A TEMPERATURA CONTROLLATA","potentialAction":[{"@type":"SearchAction","target":{"@type":"EntryPoint","urlTemplate":"https:\/\/www.melform.com\/fr\/?s={search_term_string}"},"query-input":{"@type":"PropertyValueSpecification","valueRequired":true,"valueName":"search_term_string"}}],"inLanguage":"fr-FR"}]}},"_links":{"self":[{"href":"https:\/\/www.melform.com\/fr\/wp-json\/wp\/v2\/product\/8049","targetHints":{"allow":["GET"]}}],"collection":[{"href":"https:\/\/www.melform.com\/fr\/wp-json\/wp\/v2\/product"}],"about":[{"href":"https:\/\/www.melform.com\/fr\/wp-json\/wp\/v2\/types\/product"}],"wp:featuredmedia":[{"embeddable":true,"href":"https:\/\/www.melform.com\/fr\/wp-json\/wp\/v2\/media\/22806"}],"wp:attachment":[{"href":"https:\/\/www.melform.com\/fr\/wp-json\/wp\/v2\/media?parent=8049"}],"wp:term":[{"taxonomy":"product_brand","embeddable":true,"href":"https:\/\/www.melform.com\/fr\/wp-json\/wp\/v2\/product_brand?post=8049"},{"taxonomy":"product_cat","embeddable":true,"href":"https:\/\/www.melform.com\/fr\/wp-json\/wp\/v2\/product_cat?post=8049"},{"taxonomy":"product_tag","embeddable":true,"href":"https:\/\/www.melform.com\/fr\/wp-json\/wp\/v2\/product_tag?post=8049"}],"curies":[{"name":"wp","href":"https:\/\/api.w.org\/{rel}","templated":true}]}}