{"id":8056,"date":"2022-10-11T16:30:16","date_gmt":"2022-10-11T14:30:16","guid":{"rendered":"https:\/\/www.melform.com\/product\/chariot-4\/"},"modified":"2025-08-24T18:09:00","modified_gmt":"2025-08-24T16:09:00","slug":"chariot-4","status":"publish","type":"product","link":"https:\/\/www.melform.com\/fr\/conteneurs-\/catalogue-de-produits\/chariot-de-manutention\/chariot-4\/","title":{"rendered":"Chariot de manuntention pour MAILLON"},"content":{"rendered":"<p data-start=\"74\" data-end=\"252\">Le <strong data-start=\"77\" data-end=\"119\">chariot de manutention \u00e0 deux roues <\/strong>est con\u00e7u pour <strong data-start=\"137\" data-end=\"188\">faciliter le transport du conteneur MAILLON<\/strong>, garantissant <strong data-start=\"201\" data-end=\"249\">l\u00e9g\u00e8ret\u00e9, maniabilit\u00e9 et facilit\u00e9 d\u2019utilisation<\/strong>.<\/p>\r\n\r\n<ul data-start=\"292\" data-end=\"606\">\r\n \t<li data-start=\"292\" data-end=\"362\"><strong data-start=\"294\" data-end=\"326\">Structure en acier galvanis\u00e9<\/strong>, robuste et durable dans le temps.<\/li>\r\n \t<li data-start=\"363\" data-end=\"445\"><strong data-start=\"365\" data-end=\"394\">Design l\u00e9ger et compact,<\/strong> pour une manipulation simple et sans effort.<\/li>\r\n \t<li data-start=\"446\" data-end=\"529\"><strong data-start=\"448\" data-end=\"479\">\u00c9quip\u00e9 de deux roues robustes,<\/strong> permettant un transport facile sur diverses surfaces.<\/li>\r\n \t<li data-start=\"530\" data-end=\"606\"><strong data-start=\"532\" data-end=\"555\">Facile \u00e0 man\u0153uvrer,<\/strong> id\u00e9al pour un usage pratique et professionnel.<\/li>\r\n<\/ul>\r\n<p data-start=\"608\" data-end=\"770\">Une <strong data-start=\"612\" data-end=\"649\">solution efficace et fiable<\/strong>, con\u00e7ue pour optimiser la <strong data-start=\"679\" data-end=\"725\">gestion logistique du conteneur MAILLON<\/strong>, r\u00e9duisant la fatigue de l\u2019op\u00e9rateur.<\/p>","protected":false},"excerpt":{"rendered":"Le chariot de manutention \u00e0 deux roues est con\u00e7u pour faciliter le transport du conteneur MAILLON, garantissant l\u00e9g\u00e8ret\u00e9, maniabilit\u00e9 et facilit\u00e9 d\u2019utilisation. Structure en acier galvanis\u00e9, robuste et durable dans le temps. Design l\u00e9ger et compact, pour une manipulation simple et sans effort. \u00c9quip\u00e9 de deux roues robustes, permettant un transport facile sur diverses surfaces. [&hellip;]","protected":false},"featured_media":11204,"template":"","meta":{"_acf_changed":false,"_themeisle_gutenberg_block_has_review":false},"product_brand":[],"product_cat":[912,1147],"product_tag":[],"class_list":{"0":"post-8056","1":"product","2":"type-product","3":"status-publish","4":"has-post-thumbnail","6":"product_cat-catalogue-de-produits","7":"product_cat-chariot-de-manutention","9":"first","10":"instock","11":"product-type-simple"},"acf":[],"yoast_head":"<!-- This site is optimized with the Yoast SEO plugin v26.4 - https:\/\/yoast.com\/wordpress\/plugins\/seo\/ -->\n<title>Chariot de manuntention pour MAILLON - MELFORM<\/title>\n<meta name=\"robots\" content=\"index, follow, max-snippet:-1, max-image-preview:large, max-video-preview:-1\" \/>\n<link rel=\"canonical\" href=\"https:\/\/www.melform.com\/fr\/conteneurs-\/catalogue-de-produits\/chariot-de-manutention\/chariot-4\/\" \/>\n<meta property=\"og:locale\" content=\"fr_FR\" \/>\n<meta property=\"og:type\" content=\"article\" \/>\n<meta property=\"og:title\" content=\"Chariot de manuntention pour MAILLON - MELFORM\" \/>\n<meta property=\"og:description\" content=\"Le chariot de manutention \u00e0 deux roues est con\u00e7u pour faciliter le transport du conteneur MAILLON, garantissant l\u00e9g\u00e8ret\u00e9, maniabilit\u00e9 et facilit\u00e9 d\u2019utilisation. Structure en acier galvanis\u00e9, robuste et durable dans le temps. Design l\u00e9ger et compact, pour une manipulation simple et sans effort. \u00c9quip\u00e9 de deux roues robustes, permettant un transport facile sur diverses surfaces. [&hellip;]\" \/>\n<meta property=\"og:url\" content=\"https:\/\/www.melform.com\/fr\/conteneurs-\/catalogue-de-produits\/chariot-de-manutention\/chariot-4\/\" \/>\n<meta property=\"og:site_name\" content=\"MELFORM\" \/>\n<meta property=\"article:modified_time\" content=\"2025-08-24T16:09:00+00:00\" \/>\n<meta property=\"og:image\" content=\"https:\/\/www.melform.com\/wp-content\/uploads\/2023\/04\/CARRELLO-AIB001.jpg\" \/>\n\t<meta property=\"og:image:width\" content=\"223\" \/>\n\t<meta property=\"og:image:height\" content=\"314\" \/>\n\t<meta property=\"og:image:type\" content=\"image\/jpeg\" \/>\n<meta name=\"twitter:card\" content=\"summary_large_image\" \/>\n<script type=\"application\/ld+json\" class=\"yoast-schema-graph\">{\"@context\":\"https:\/\/schema.org\",\"@graph\":[{\"@type\":\"WebPage\",\"@id\":\"https:\/\/www.melform.com\/fr\/conteneurs-\/catalogue-de-produits\/chariot-de-manutention\/chariot-4\/\",\"url\":\"https:\/\/www.melform.com\/fr\/conteneurs-\/catalogue-de-produits\/chariot-de-manutention\/chariot-4\/\",\"name\":\"Chariot de manuntention pour MAILLON - MELFORM\",\"isPartOf\":{\"@id\":\"https:\/\/www.melform.com\/fr\/#website\"},\"primaryImageOfPage\":{\"@id\":\"https:\/\/www.melform.com\/fr\/conteneurs-\/catalogue-de-produits\/chariot-de-manutention\/chariot-4\/#primaryimage\"},\"image\":{\"@id\":\"https:\/\/www.melform.com\/fr\/conteneurs-\/catalogue-de-produits\/chariot-de-manutention\/chariot-4\/#primaryimage\"},\"thumbnailUrl\":\"https:\/\/www.melform.com\/wp-content\/uploads\/2023\/04\/CARRELLO-AIB001.jpg\",\"datePublished\":\"2022-10-11T14:30:16+00:00\",\"dateModified\":\"2025-08-24T16:09:00+00:00\",\"breadcrumb\":{\"@id\":\"https:\/\/www.melform.com\/fr\/conteneurs-\/catalogue-de-produits\/chariot-de-manutention\/chariot-4\/#breadcrumb\"},\"inLanguage\":\"fr-FR\",\"potentialAction\":[{\"@type\":\"ReadAction\",\"target\":[\"https:\/\/www.melform.com\/fr\/conteneurs-\/catalogue-de-produits\/chariot-de-manutention\/chariot-4\/\"]}]},{\"@type\":\"ImageObject\",\"inLanguage\":\"fr-FR\",\"@id\":\"https:\/\/www.melform.com\/fr\/conteneurs-\/catalogue-de-produits\/chariot-de-manutention\/chariot-4\/#primaryimage\",\"url\":\"https:\/\/www.melform.com\/wp-content\/uploads\/2023\/04\/CARRELLO-AIB001.jpg\",\"contentUrl\":\"https:\/\/www.melform.com\/wp-content\/uploads\/2023\/04\/CARRELLO-AIB001.jpg\",\"width\":223,\"height\":314},{\"@type\":\"BreadcrumbList\",\"@id\":\"https:\/\/www.melform.com\/fr\/conteneurs-\/catalogue-de-produits\/chariot-de-manutention\/chariot-4\/#breadcrumb\",\"itemListElement\":[{\"@type\":\"ListItem\",\"position\":1,\"name\":\"Home\",\"item\":\"https:\/\/www.melform.com\/fr\/\"},{\"@type\":\"ListItem\",\"position\":2,\"name\":\"Shop\",\"item\":\"https:\/\/www.melform.com\/fr\/shop\/\"},{\"@type\":\"ListItem\",\"position\":3,\"name\":\"Chariot de manuntention pour MAILLON\"}]},{\"@type\":\"WebSite\",\"@id\":\"https:\/\/www.melform.com\/fr\/#website\",\"url\":\"https:\/\/www.melform.com\/fr\/\",\"name\":\"MELFORM\",\"description\":\"SISTEMI PER IL TRASPORTO E STOCCAGGIO A TEMPERATURA CONTROLLATA\",\"potentialAction\":[{\"@type\":\"SearchAction\",\"target\":{\"@type\":\"EntryPoint\",\"urlTemplate\":\"https:\/\/www.melform.com\/fr\/?s={search_term_string}\"},\"query-input\":{\"@type\":\"PropertyValueSpecification\",\"valueRequired\":true,\"valueName\":\"search_term_string\"}}],\"inLanguage\":\"fr-FR\"}]}<\/script>\n<!-- \/ Yoast SEO plugin. -->","yoast_head_json":{"title":"Chariot de manuntention pour MAILLON - MELFORM","robots":{"index":"index","follow":"follow","max-snippet":"max-snippet:-1","max-image-preview":"max-image-preview:large","max-video-preview":"max-video-preview:-1"},"canonical":"https:\/\/www.melform.com\/fr\/conteneurs-\/catalogue-de-produits\/chariot-de-manutention\/chariot-4\/","og_locale":"fr_FR","og_type":"article","og_title":"Chariot de manuntention pour MAILLON - MELFORM","og_description":"Le chariot de manutention \u00e0 deux roues est con\u00e7u pour faciliter le transport du conteneur MAILLON, garantissant l\u00e9g\u00e8ret\u00e9, maniabilit\u00e9 et facilit\u00e9 d\u2019utilisation. Structure en acier galvanis\u00e9, robuste et durable dans le temps. Design l\u00e9ger et compact, pour une manipulation simple et sans effort. \u00c9quip\u00e9 de deux roues robustes, permettant un transport facile sur diverses surfaces. [&hellip;]","og_url":"https:\/\/www.melform.com\/fr\/conteneurs-\/catalogue-de-produits\/chariot-de-manutention\/chariot-4\/","og_site_name":"MELFORM","article_modified_time":"2025-08-24T16:09:00+00:00","og_image":[{"width":223,"height":314,"url":"https:\/\/www.melform.com\/wp-content\/uploads\/2023\/04\/CARRELLO-AIB001.jpg","type":"image\/jpeg"}],"twitter_card":"summary_large_image","schema":{"@context":"https:\/\/schema.org","@graph":[{"@type":"WebPage","@id":"https:\/\/www.melform.com\/fr\/conteneurs-\/catalogue-de-produits\/chariot-de-manutention\/chariot-4\/","url":"https:\/\/www.melform.com\/fr\/conteneurs-\/catalogue-de-produits\/chariot-de-manutention\/chariot-4\/","name":"Chariot de manuntention pour MAILLON - MELFORM","isPartOf":{"@id":"https:\/\/www.melform.com\/fr\/#website"},"primaryImageOfPage":{"@id":"https:\/\/www.melform.com\/fr\/conteneurs-\/catalogue-de-produits\/chariot-de-manutention\/chariot-4\/#primaryimage"},"image":{"@id":"https:\/\/www.melform.com\/fr\/conteneurs-\/catalogue-de-produits\/chariot-de-manutention\/chariot-4\/#primaryimage"},"thumbnailUrl":"https:\/\/www.melform.com\/wp-content\/uploads\/2023\/04\/CARRELLO-AIB001.jpg","datePublished":"2022-10-11T14:30:16+00:00","dateModified":"2025-08-24T16:09:00+00:00","breadcrumb":{"@id":"https:\/\/www.melform.com\/fr\/conteneurs-\/catalogue-de-produits\/chariot-de-manutention\/chariot-4\/#breadcrumb"},"inLanguage":"fr-FR","potentialAction":[{"@type":"ReadAction","target":["https:\/\/www.melform.com\/fr\/conteneurs-\/catalogue-de-produits\/chariot-de-manutention\/chariot-4\/"]}]},{"@type":"ImageObject","inLanguage":"fr-FR","@id":"https:\/\/www.melform.com\/fr\/conteneurs-\/catalogue-de-produits\/chariot-de-manutention\/chariot-4\/#primaryimage","url":"https:\/\/www.melform.com\/wp-content\/uploads\/2023\/04\/CARRELLO-AIB001.jpg","contentUrl":"https:\/\/www.melform.com\/wp-content\/uploads\/2023\/04\/CARRELLO-AIB001.jpg","width":223,"height":314},{"@type":"BreadcrumbList","@id":"https:\/\/www.melform.com\/fr\/conteneurs-\/catalogue-de-produits\/chariot-de-manutention\/chariot-4\/#breadcrumb","itemListElement":[{"@type":"ListItem","position":1,"name":"Home","item":"https:\/\/www.melform.com\/fr\/"},{"@type":"ListItem","position":2,"name":"Shop","item":"https:\/\/www.melform.com\/fr\/shop\/"},{"@type":"ListItem","position":3,"name":"Chariot de manuntention pour MAILLON"}]},{"@type":"WebSite","@id":"https:\/\/www.melform.com\/fr\/#website","url":"https:\/\/www.melform.com\/fr\/","name":"MELFORM","description":"SISTEMI PER IL TRASPORTO E STOCCAGGIO A TEMPERATURA CONTROLLATA","potentialAction":[{"@type":"SearchAction","target":{"@type":"EntryPoint","urlTemplate":"https:\/\/www.melform.com\/fr\/?s={search_term_string}"},"query-input":{"@type":"PropertyValueSpecification","valueRequired":true,"valueName":"search_term_string"}}],"inLanguage":"fr-FR"}]}},"_links":{"self":[{"href":"https:\/\/www.melform.com\/fr\/wp-json\/wp\/v2\/product\/8056","targetHints":{"allow":["GET"]}}],"collection":[{"href":"https:\/\/www.melform.com\/fr\/wp-json\/wp\/v2\/product"}],"about":[{"href":"https:\/\/www.melform.com\/fr\/wp-json\/wp\/v2\/types\/product"}],"wp:featuredmedia":[{"embeddable":true,"href":"https:\/\/www.melform.com\/fr\/wp-json\/wp\/v2\/media\/11204"}],"wp:attachment":[{"href":"https:\/\/www.melform.com\/fr\/wp-json\/wp\/v2\/media?parent=8056"}],"wp:term":[{"taxonomy":"product_brand","embeddable":true,"href":"https:\/\/www.melform.com\/fr\/wp-json\/wp\/v2\/product_brand?post=8056"},{"taxonomy":"product_cat","embeddable":true,"href":"https:\/\/www.melform.com\/fr\/wp-json\/wp\/v2\/product_cat?post=8056"},{"taxonomy":"product_tag","embeddable":true,"href":"https:\/\/www.melform.com\/fr\/wp-json\/wp\/v2\/product_tag?post=8056"}],"curies":[{"name":"wp","href":"https:\/\/api.w.org\/{rel}","templated":true}]}}