{"id":8057,"date":"2022-10-11T16:30:20","date_gmt":"2022-10-11T14:30:20","guid":{"rendered":"https:\/\/www.melform.com\/product\/casserole-avec-couvercle\/"},"modified":"2025-02-16T11:42:25","modified_gmt":"2025-02-16T09:42:25","slug":"casserole-avec-couvercle","status":"publish","type":"product","link":"https:\/\/www.melform.com\/fr\/conteneurs-\/catalogue-de-produits\/accessoires\/casserole-avec-couvercle\/","title":{"rendered":"Casserole inox ACA002"},"content":{"rendered":"<p data-start=\"764\" data-end=\"916\">Le <strong data-start=\"767\" data-end=\"800\">r\u00e9cipient en acier inoxydable<\/strong> est con\u00e7u pour une utilisation <strong data-start=\"832\" data-end=\"873\">au four ou directement sur une flamme<\/strong>, garantissant robustesse et polyvalence.<\/p>\r\n\r\n<ul data-start=\"959\" data-end=\"1453\" data-is-last-node=\"\">\r\n \t<li data-start=\"959\" data-end=\"1047\"><strong data-start=\"961\" data-end=\"973\">Diam\u00e8tre<\/strong> : <strong data-start=\"976\" data-end=\"986\">125 mm<\/strong>, avec des dimensions optimales pour un transport efficace.<\/li>\r\n \t<li data-start=\"1048\" data-end=\"1161\"><strong data-start=\"1050\" data-end=\"1062\">Mat\u00e9riau<\/strong> : <strong data-start=\"1065\" data-end=\"1102\">Acier inoxydable de haute qualit\u00e9<\/strong>, id\u00e9al pour la cuisson et le maintien de la temp\u00e9rature.<\/li>\r\n \t<li data-start=\"1162\" data-end=\"1302\"><strong data-start=\"1164\" data-end=\"1181\">Compatibilit\u00e9<\/strong> : S\u2019adapte parfaitement au <strong data-start=\"1209\" data-end=\"1242\">conteneur isotherme MALINETTE<\/strong>, permettant le <strong data-start=\"1258\" data-end=\"1299\">transport s\u00e9curis\u00e9 d\u2019un repas complet<\/strong>.<\/li>\r\n \t<li data-start=\"1303\" data-end=\"1453\" data-is-last-node=\"\"><strong data-start=\"1305\" data-end=\"1333\">R\u00e9sistance et durabilit\u00e9<\/strong>, con\u00e7u pour un usage professionnel dans <strong data-start=\"1374\" data-end=\"1452\">la livraison de repas \u00e0 domicile, la restauration scolaire et hospitali\u00e8re<\/strong>.<\/li>\r\n<\/ul>","protected":false},"excerpt":{"rendered":"Le r\u00e9cipient en acier inoxydable est con\u00e7u pour une utilisation au four ou directement sur une flamme, garantissant robustesse et polyvalence. Diam\u00e8tre : 125 mm, avec des dimensions optimales pour un transport efficace. Mat\u00e9riau : Acier inoxydable de haute qualit\u00e9, id\u00e9al pour la cuisson et le maintien de la temp\u00e9rature. Compatibilit\u00e9 : S\u2019adapte parfaitement au [&hellip;]","protected":false},"featured_media":2316,"template":"","meta":{"_acf_changed":false,"_themeisle_gutenberg_block_has_review":false},"product_brand":[],"product_cat":[241],"product_tag":[],"class_list":{"0":"post-8057","1":"product","2":"type-product","3":"status-publish","4":"has-post-thumbnail","6":"product_cat-accessoires","7":"pa_moq-6-fr","9":"first","10":"instock","11":"product-type-simple"},"acf":[],"yoast_head":"<!-- This site is optimized with the Yoast SEO plugin v26.4 - https:\/\/yoast.com\/wordpress\/plugins\/seo\/ -->\n<title>Casserole inox ACA002 - MELFORM<\/title>\n<meta name=\"robots\" content=\"index, follow, max-snippet:-1, max-image-preview:large, max-video-preview:-1\" \/>\n<link rel=\"canonical\" href=\"https:\/\/www.melform.com\/fr\/conteneurs-\/catalogue-de-produits\/accessoires\/casserole-avec-couvercle\/\" \/>\n<meta property=\"og:locale\" content=\"fr_FR\" \/>\n<meta property=\"og:type\" content=\"article\" \/>\n<meta property=\"og:title\" content=\"Casserole inox ACA002 - MELFORM\" \/>\n<meta property=\"og:description\" content=\"Le r\u00e9cipient en acier inoxydable est con\u00e7u pour une utilisation au four ou directement sur une flamme, garantissant robustesse et polyvalence. Diam\u00e8tre : 125 mm, avec des dimensions optimales pour un transport efficace. Mat\u00e9riau : Acier inoxydable de haute qualit\u00e9, id\u00e9al pour la cuisson et le maintien de la temp\u00e9rature. Compatibilit\u00e9 : S\u2019adapte parfaitement au [&hellip;]\" \/>\n<meta property=\"og:url\" content=\"https:\/\/www.melform.com\/fr\/conteneurs-\/catalogue-de-produits\/accessoires\/casserole-avec-couvercle\/\" \/>\n<meta property=\"og:site_name\" content=\"MELFORM\" \/>\n<meta property=\"article:modified_time\" content=\"2025-02-16T09:42:25+00:00\" \/>\n<meta property=\"og:image\" content=\"https:\/\/www.melform.com\/wp-content\/uploads\/2022\/09\/ACA002.jpg\" \/>\n\t<meta property=\"og:image:width\" content=\"1000\" \/>\n\t<meta property=\"og:image:height\" content=\"667\" \/>\n\t<meta property=\"og:image:type\" content=\"image\/jpeg\" \/>\n<meta name=\"twitter:card\" content=\"summary_large_image\" \/>\n<script type=\"application\/ld+json\" class=\"yoast-schema-graph\">{\"@context\":\"https:\/\/schema.org\",\"@graph\":[{\"@type\":\"WebPage\",\"@id\":\"https:\/\/www.melform.com\/fr\/conteneurs-\/catalogue-de-produits\/accessoires\/casserole-avec-couvercle\/\",\"url\":\"https:\/\/www.melform.com\/fr\/conteneurs-\/catalogue-de-produits\/accessoires\/casserole-avec-couvercle\/\",\"name\":\"Casserole inox ACA002 - MELFORM\",\"isPartOf\":{\"@id\":\"https:\/\/www.melform.com\/fr\/#website\"},\"primaryImageOfPage\":{\"@id\":\"https:\/\/www.melform.com\/fr\/conteneurs-\/catalogue-de-produits\/accessoires\/casserole-avec-couvercle\/#primaryimage\"},\"image\":{\"@id\":\"https:\/\/www.melform.com\/fr\/conteneurs-\/catalogue-de-produits\/accessoires\/casserole-avec-couvercle\/#primaryimage\"},\"thumbnailUrl\":\"https:\/\/www.melform.com\/wp-content\/uploads\/2022\/09\/ACA002.jpg\",\"datePublished\":\"2022-10-11T14:30:20+00:00\",\"dateModified\":\"2025-02-16T09:42:25+00:00\",\"breadcrumb\":{\"@id\":\"https:\/\/www.melform.com\/fr\/conteneurs-\/catalogue-de-produits\/accessoires\/casserole-avec-couvercle\/#breadcrumb\"},\"inLanguage\":\"fr-FR\",\"potentialAction\":[{\"@type\":\"ReadAction\",\"target\":[\"https:\/\/www.melform.com\/fr\/conteneurs-\/catalogue-de-produits\/accessoires\/casserole-avec-couvercle\/\"]}]},{\"@type\":\"ImageObject\",\"inLanguage\":\"fr-FR\",\"@id\":\"https:\/\/www.melform.com\/fr\/conteneurs-\/catalogue-de-produits\/accessoires\/casserole-avec-couvercle\/#primaryimage\",\"url\":\"https:\/\/www.melform.com\/wp-content\/uploads\/2022\/09\/ACA002.jpg\",\"contentUrl\":\"https:\/\/www.melform.com\/wp-content\/uploads\/2022\/09\/ACA002.jpg\",\"width\":1000,\"height\":667},{\"@type\":\"BreadcrumbList\",\"@id\":\"https:\/\/www.melform.com\/fr\/conteneurs-\/catalogue-de-produits\/accessoires\/casserole-avec-couvercle\/#breadcrumb\",\"itemListElement\":[{\"@type\":\"ListItem\",\"position\":1,\"name\":\"Home\",\"item\":\"https:\/\/www.melform.com\/fr\/\"},{\"@type\":\"ListItem\",\"position\":2,\"name\":\"Shop\",\"item\":\"https:\/\/www.melform.com\/fr\/shop\/\"},{\"@type\":\"ListItem\",\"position\":3,\"name\":\"Casserole inox ACA002\"}]},{\"@type\":\"WebSite\",\"@id\":\"https:\/\/www.melform.com\/fr\/#website\",\"url\":\"https:\/\/www.melform.com\/fr\/\",\"name\":\"MELFORM\",\"description\":\"SISTEMI PER IL TRASPORTO E STOCCAGGIO A TEMPERATURA CONTROLLATA\",\"potentialAction\":[{\"@type\":\"SearchAction\",\"target\":{\"@type\":\"EntryPoint\",\"urlTemplate\":\"https:\/\/www.melform.com\/fr\/?s={search_term_string}\"},\"query-input\":{\"@type\":\"PropertyValueSpecification\",\"valueRequired\":true,\"valueName\":\"search_term_string\"}}],\"inLanguage\":\"fr-FR\"}]}<\/script>\n<!-- \/ Yoast SEO plugin. -->","yoast_head_json":{"title":"Casserole inox ACA002 - MELFORM","robots":{"index":"index","follow":"follow","max-snippet":"max-snippet:-1","max-image-preview":"max-image-preview:large","max-video-preview":"max-video-preview:-1"},"canonical":"https:\/\/www.melform.com\/fr\/conteneurs-\/catalogue-de-produits\/accessoires\/casserole-avec-couvercle\/","og_locale":"fr_FR","og_type":"article","og_title":"Casserole inox ACA002 - MELFORM","og_description":"Le r\u00e9cipient en acier inoxydable est con\u00e7u pour une utilisation au four ou directement sur une flamme, garantissant robustesse et polyvalence. Diam\u00e8tre : 125 mm, avec des dimensions optimales pour un transport efficace. Mat\u00e9riau : Acier inoxydable de haute qualit\u00e9, id\u00e9al pour la cuisson et le maintien de la temp\u00e9rature. Compatibilit\u00e9 : S\u2019adapte parfaitement au [&hellip;]","og_url":"https:\/\/www.melform.com\/fr\/conteneurs-\/catalogue-de-produits\/accessoires\/casserole-avec-couvercle\/","og_site_name":"MELFORM","article_modified_time":"2025-02-16T09:42:25+00:00","og_image":[{"width":1000,"height":667,"url":"https:\/\/www.melform.com\/wp-content\/uploads\/2022\/09\/ACA002.jpg","type":"image\/jpeg"}],"twitter_card":"summary_large_image","schema":{"@context":"https:\/\/schema.org","@graph":[{"@type":"WebPage","@id":"https:\/\/www.melform.com\/fr\/conteneurs-\/catalogue-de-produits\/accessoires\/casserole-avec-couvercle\/","url":"https:\/\/www.melform.com\/fr\/conteneurs-\/catalogue-de-produits\/accessoires\/casserole-avec-couvercle\/","name":"Casserole inox ACA002 - MELFORM","isPartOf":{"@id":"https:\/\/www.melform.com\/fr\/#website"},"primaryImageOfPage":{"@id":"https:\/\/www.melform.com\/fr\/conteneurs-\/catalogue-de-produits\/accessoires\/casserole-avec-couvercle\/#primaryimage"},"image":{"@id":"https:\/\/www.melform.com\/fr\/conteneurs-\/catalogue-de-produits\/accessoires\/casserole-avec-couvercle\/#primaryimage"},"thumbnailUrl":"https:\/\/www.melform.com\/wp-content\/uploads\/2022\/09\/ACA002.jpg","datePublished":"2022-10-11T14:30:20+00:00","dateModified":"2025-02-16T09:42:25+00:00","breadcrumb":{"@id":"https:\/\/www.melform.com\/fr\/conteneurs-\/catalogue-de-produits\/accessoires\/casserole-avec-couvercle\/#breadcrumb"},"inLanguage":"fr-FR","potentialAction":[{"@type":"ReadAction","target":["https:\/\/www.melform.com\/fr\/conteneurs-\/catalogue-de-produits\/accessoires\/casserole-avec-couvercle\/"]}]},{"@type":"ImageObject","inLanguage":"fr-FR","@id":"https:\/\/www.melform.com\/fr\/conteneurs-\/catalogue-de-produits\/accessoires\/casserole-avec-couvercle\/#primaryimage","url":"https:\/\/www.melform.com\/wp-content\/uploads\/2022\/09\/ACA002.jpg","contentUrl":"https:\/\/www.melform.com\/wp-content\/uploads\/2022\/09\/ACA002.jpg","width":1000,"height":667},{"@type":"BreadcrumbList","@id":"https:\/\/www.melform.com\/fr\/conteneurs-\/catalogue-de-produits\/accessoires\/casserole-avec-couvercle\/#breadcrumb","itemListElement":[{"@type":"ListItem","position":1,"name":"Home","item":"https:\/\/www.melform.com\/fr\/"},{"@type":"ListItem","position":2,"name":"Shop","item":"https:\/\/www.melform.com\/fr\/shop\/"},{"@type":"ListItem","position":3,"name":"Casserole inox ACA002"}]},{"@type":"WebSite","@id":"https:\/\/www.melform.com\/fr\/#website","url":"https:\/\/www.melform.com\/fr\/","name":"MELFORM","description":"SISTEMI PER IL TRASPORTO E STOCCAGGIO A TEMPERATURA CONTROLLATA","potentialAction":[{"@type":"SearchAction","target":{"@type":"EntryPoint","urlTemplate":"https:\/\/www.melform.com\/fr\/?s={search_term_string}"},"query-input":{"@type":"PropertyValueSpecification","valueRequired":true,"valueName":"search_term_string"}}],"inLanguage":"fr-FR"}]}},"_links":{"self":[{"href":"https:\/\/www.melform.com\/fr\/wp-json\/wp\/v2\/product\/8057","targetHints":{"allow":["GET"]}}],"collection":[{"href":"https:\/\/www.melform.com\/fr\/wp-json\/wp\/v2\/product"}],"about":[{"href":"https:\/\/www.melform.com\/fr\/wp-json\/wp\/v2\/types\/product"}],"wp:featuredmedia":[{"embeddable":true,"href":"https:\/\/www.melform.com\/fr\/wp-json\/wp\/v2\/media\/2316"}],"wp:attachment":[{"href":"https:\/\/www.melform.com\/fr\/wp-json\/wp\/v2\/media?parent=8057"}],"wp:term":[{"taxonomy":"product_brand","embeddable":true,"href":"https:\/\/www.melform.com\/fr\/wp-json\/wp\/v2\/product_brand?post=8057"},{"taxonomy":"product_cat","embeddable":true,"href":"https:\/\/www.melform.com\/fr\/wp-json\/wp\/v2\/product_cat?post=8057"},{"taxonomy":"product_tag","embeddable":true,"href":"https:\/\/www.melform.com\/fr\/wp-json\/wp\/v2\/product_tag?post=8057"}],"curies":[{"name":"wp","href":"https:\/\/api.w.org\/{rel}","templated":true}]}}