{"id":8074,"date":"2022-10-11T16:31:34","date_gmt":"2022-10-11T14:31:34","guid":{"rendered":"https:\/\/www.melform.com\/product\/kit-de-fixation-3\/"},"modified":"2025-02-22T12:31:37","modified_gmt":"2025-02-22T10:31:37","slug":"kit-de-fixation-3","status":"publish","type":"product","link":"https:\/\/www.melform.com\/fr\/conteneurs-\/catalogue-de-produits\/accessoires\/kit-de-fixation-3\/","title":{"rendered":"Kit de Verrouillage en Acier Inox"},"content":{"rendered":"<p data-start=\"723\" data-end=\"934\">Le <strong data-start=\"726\" data-end=\"763\">kit de verrouillage en acier inox<\/strong> est con\u00e7u pour garantir <strong data-start=\"788\" data-end=\"844\">une s\u00e9curit\u00e9 maximale des repas pendant le transport<\/strong>, offrant <strong data-start=\"854\" data-end=\"893\">une protection fiable et r\u00e9sistante<\/strong> pour les <strong data-start=\"903\" data-end=\"931\">plateaux isothermes TS50<\/strong>.<\/p>\r\n\r\n<ul data-start=\"977\" data-end=\"1412\" data-is-only-node=\"\" data-is-last-node=\"\">\r\n \t<li data-start=\"977\" data-end=\"1128\"><strong data-start=\"979\" data-end=\"1001\">Mat\u00e9riau r\u00e9sistant<\/strong> : Fabriqu\u00e9 en <strong data-start=\"1016\" data-end=\"1036\">acier inoxydable<\/strong>, garantissant <strong data-start=\"1051\" data-end=\"1125\">une protection durable contre les chocs et les tentatives d\u2019alt\u00e9ration<\/strong>.<\/li>\r\n \t<li data-start=\"1129\" data-end=\"1248\"><strong data-start=\"1131\" data-end=\"1167\">Syst\u00e8me de verrouillage s\u00e9curis\u00e9<\/strong>, con\u00e7u pour maintenir le contenu du plateau bien prot\u00e9g\u00e9 pendant le transport.<\/li>\r\n \t<li data-start=\"1249\" data-end=\"1328\"><strong data-start=\"1251\" data-end=\"1286\">Facile \u00e0 appliquer et \u00e0 retirer<\/strong>, pour une gestion pratique et efficace.<\/li>\r\n \t<li data-start=\"1329\" data-end=\"1412\" data-is-last-node=\"\"><strong data-start=\"1331\" data-end=\"1379\">Compatible avec les plateaux isothermes TS50<\/strong>, assurant un ajustement parfait.<\/li>\r\n<\/ul>","protected":false},"excerpt":{"rendered":"Le kit de verrouillage en acier inox est con\u00e7u pour garantir une s\u00e9curit\u00e9 maximale des repas pendant le transport, offrant une protection fiable et r\u00e9sistante pour les plateaux isothermes TS50. Mat\u00e9riau r\u00e9sistant : Fabriqu\u00e9 en acier inoxydable, garantissant une protection durable contre les chocs et les tentatives d\u2019alt\u00e9ration. Syst\u00e8me de verrouillage s\u00e9curis\u00e9, con\u00e7u pour maintenir [&hellip;]","protected":false},"featured_media":19117,"template":"","meta":{"_acf_changed":false,"_themeisle_gutenberg_block_has_review":false},"product_brand":[],"product_cat":[241],"product_tag":[],"class_list":{"0":"post-8074","1":"product","2":"type-product","3":"status-publish","4":"has-post-thumbnail","6":"product_cat-accessoires","7":"pa_moq-6-fr","9":"first","10":"instock","11":"product-type-simple"},"acf":[],"yoast_head":"<!-- This site is optimized with the Yoast SEO plugin v26.4 - https:\/\/yoast.com\/wordpress\/plugins\/seo\/ -->\n<title>Kit de Verrouillage en Acier Inox - MELFORM<\/title>\n<meta name=\"robots\" content=\"index, follow, max-snippet:-1, max-image-preview:large, max-video-preview:-1\" \/>\n<link rel=\"canonical\" href=\"https:\/\/www.melform.com\/fr\/conteneurs-\/catalogue-de-produits\/accessoires\/kit-de-fixation-3\/\" \/>\n<meta property=\"og:locale\" content=\"fr_FR\" \/>\n<meta property=\"og:type\" content=\"article\" \/>\n<meta property=\"og:title\" content=\"Kit de Verrouillage en Acier Inox - MELFORM\" \/>\n<meta property=\"og:description\" content=\"Le kit de verrouillage en acier inox est con\u00e7u pour garantir une s\u00e9curit\u00e9 maximale des repas pendant le transport, offrant une protection fiable et r\u00e9sistante pour les plateaux isothermes TS50. Mat\u00e9riau r\u00e9sistant : Fabriqu\u00e9 en acier inoxydable, garantissant une protection durable contre les chocs et les tentatives d\u2019alt\u00e9ration. Syst\u00e8me de verrouillage s\u00e9curis\u00e9, con\u00e7u pour maintenir [&hellip;]\" \/>\n<meta property=\"og:url\" content=\"https:\/\/www.melform.com\/fr\/conteneurs-\/catalogue-de-produits\/accessoires\/kit-de-fixation-3\/\" \/>\n<meta property=\"og:site_name\" content=\"MELFORM\" \/>\n<meta property=\"article:modified_time\" content=\"2025-02-22T10:31:37+00:00\" \/>\n<meta property=\"og:image\" content=\"https:\/\/www.melform.com\/wp-content\/uploads\/2022\/10\/ANA003_OK.jpg\" \/>\n\t<meta property=\"og:image:width\" content=\"1200\" \/>\n\t<meta property=\"og:image:height\" content=\"1200\" \/>\n\t<meta property=\"og:image:type\" content=\"image\/jpeg\" \/>\n<meta name=\"twitter:card\" content=\"summary_large_image\" \/>\n<script type=\"application\/ld+json\" class=\"yoast-schema-graph\">{\"@context\":\"https:\/\/schema.org\",\"@graph\":[{\"@type\":\"WebPage\",\"@id\":\"https:\/\/www.melform.com\/fr\/conteneurs-\/catalogue-de-produits\/accessoires\/kit-de-fixation-3\/\",\"url\":\"https:\/\/www.melform.com\/fr\/conteneurs-\/catalogue-de-produits\/accessoires\/kit-de-fixation-3\/\",\"name\":\"Kit de Verrouillage en Acier Inox - MELFORM\",\"isPartOf\":{\"@id\":\"https:\/\/www.melform.com\/fr\/#website\"},\"primaryImageOfPage\":{\"@id\":\"https:\/\/www.melform.com\/fr\/conteneurs-\/catalogue-de-produits\/accessoires\/kit-de-fixation-3\/#primaryimage\"},\"image\":{\"@id\":\"https:\/\/www.melform.com\/fr\/conteneurs-\/catalogue-de-produits\/accessoires\/kit-de-fixation-3\/#primaryimage\"},\"thumbnailUrl\":\"https:\/\/www.melform.com\/wp-content\/uploads\/2022\/10\/ANA003_OK.jpg\",\"datePublished\":\"2022-10-11T14:31:34+00:00\",\"dateModified\":\"2025-02-22T10:31:37+00:00\",\"breadcrumb\":{\"@id\":\"https:\/\/www.melform.com\/fr\/conteneurs-\/catalogue-de-produits\/accessoires\/kit-de-fixation-3\/#breadcrumb\"},\"inLanguage\":\"fr-FR\",\"potentialAction\":[{\"@type\":\"ReadAction\",\"target\":[\"https:\/\/www.melform.com\/fr\/conteneurs-\/catalogue-de-produits\/accessoires\/kit-de-fixation-3\/\"]}]},{\"@type\":\"ImageObject\",\"inLanguage\":\"fr-FR\",\"@id\":\"https:\/\/www.melform.com\/fr\/conteneurs-\/catalogue-de-produits\/accessoires\/kit-de-fixation-3\/#primaryimage\",\"url\":\"https:\/\/www.melform.com\/wp-content\/uploads\/2022\/10\/ANA003_OK.jpg\",\"contentUrl\":\"https:\/\/www.melform.com\/wp-content\/uploads\/2022\/10\/ANA003_OK.jpg\",\"width\":1200,\"height\":1200},{\"@type\":\"BreadcrumbList\",\"@id\":\"https:\/\/www.melform.com\/fr\/conteneurs-\/catalogue-de-produits\/accessoires\/kit-de-fixation-3\/#breadcrumb\",\"itemListElement\":[{\"@type\":\"ListItem\",\"position\":1,\"name\":\"Home\",\"item\":\"https:\/\/www.melform.com\/fr\/\"},{\"@type\":\"ListItem\",\"position\":2,\"name\":\"Shop\",\"item\":\"https:\/\/www.melform.com\/fr\/shop\/\"},{\"@type\":\"ListItem\",\"position\":3,\"name\":\"Kit de Verrouillage en Acier Inox\"}]},{\"@type\":\"WebSite\",\"@id\":\"https:\/\/www.melform.com\/fr\/#website\",\"url\":\"https:\/\/www.melform.com\/fr\/\",\"name\":\"MELFORM\",\"description\":\"SISTEMI PER IL TRASPORTO E STOCCAGGIO A TEMPERATURA CONTROLLATA\",\"potentialAction\":[{\"@type\":\"SearchAction\",\"target\":{\"@type\":\"EntryPoint\",\"urlTemplate\":\"https:\/\/www.melform.com\/fr\/?s={search_term_string}\"},\"query-input\":{\"@type\":\"PropertyValueSpecification\",\"valueRequired\":true,\"valueName\":\"search_term_string\"}}],\"inLanguage\":\"fr-FR\"}]}<\/script>\n<!-- \/ Yoast SEO plugin. -->","yoast_head_json":{"title":"Kit de Verrouillage en Acier Inox - MELFORM","robots":{"index":"index","follow":"follow","max-snippet":"max-snippet:-1","max-image-preview":"max-image-preview:large","max-video-preview":"max-video-preview:-1"},"canonical":"https:\/\/www.melform.com\/fr\/conteneurs-\/catalogue-de-produits\/accessoires\/kit-de-fixation-3\/","og_locale":"fr_FR","og_type":"article","og_title":"Kit de Verrouillage en Acier Inox - MELFORM","og_description":"Le kit de verrouillage en acier inox est con\u00e7u pour garantir une s\u00e9curit\u00e9 maximale des repas pendant le transport, offrant une protection fiable et r\u00e9sistante pour les plateaux isothermes TS50. Mat\u00e9riau r\u00e9sistant : Fabriqu\u00e9 en acier inoxydable, garantissant une protection durable contre les chocs et les tentatives d\u2019alt\u00e9ration. Syst\u00e8me de verrouillage s\u00e9curis\u00e9, con\u00e7u pour maintenir [&hellip;]","og_url":"https:\/\/www.melform.com\/fr\/conteneurs-\/catalogue-de-produits\/accessoires\/kit-de-fixation-3\/","og_site_name":"MELFORM","article_modified_time":"2025-02-22T10:31:37+00:00","og_image":[{"width":1200,"height":1200,"url":"https:\/\/www.melform.com\/wp-content\/uploads\/2022\/10\/ANA003_OK.jpg","type":"image\/jpeg"}],"twitter_card":"summary_large_image","schema":{"@context":"https:\/\/schema.org","@graph":[{"@type":"WebPage","@id":"https:\/\/www.melform.com\/fr\/conteneurs-\/catalogue-de-produits\/accessoires\/kit-de-fixation-3\/","url":"https:\/\/www.melform.com\/fr\/conteneurs-\/catalogue-de-produits\/accessoires\/kit-de-fixation-3\/","name":"Kit de Verrouillage en Acier Inox - MELFORM","isPartOf":{"@id":"https:\/\/www.melform.com\/fr\/#website"},"primaryImageOfPage":{"@id":"https:\/\/www.melform.com\/fr\/conteneurs-\/catalogue-de-produits\/accessoires\/kit-de-fixation-3\/#primaryimage"},"image":{"@id":"https:\/\/www.melform.com\/fr\/conteneurs-\/catalogue-de-produits\/accessoires\/kit-de-fixation-3\/#primaryimage"},"thumbnailUrl":"https:\/\/www.melform.com\/wp-content\/uploads\/2022\/10\/ANA003_OK.jpg","datePublished":"2022-10-11T14:31:34+00:00","dateModified":"2025-02-22T10:31:37+00:00","breadcrumb":{"@id":"https:\/\/www.melform.com\/fr\/conteneurs-\/catalogue-de-produits\/accessoires\/kit-de-fixation-3\/#breadcrumb"},"inLanguage":"fr-FR","potentialAction":[{"@type":"ReadAction","target":["https:\/\/www.melform.com\/fr\/conteneurs-\/catalogue-de-produits\/accessoires\/kit-de-fixation-3\/"]}]},{"@type":"ImageObject","inLanguage":"fr-FR","@id":"https:\/\/www.melform.com\/fr\/conteneurs-\/catalogue-de-produits\/accessoires\/kit-de-fixation-3\/#primaryimage","url":"https:\/\/www.melform.com\/wp-content\/uploads\/2022\/10\/ANA003_OK.jpg","contentUrl":"https:\/\/www.melform.com\/wp-content\/uploads\/2022\/10\/ANA003_OK.jpg","width":1200,"height":1200},{"@type":"BreadcrumbList","@id":"https:\/\/www.melform.com\/fr\/conteneurs-\/catalogue-de-produits\/accessoires\/kit-de-fixation-3\/#breadcrumb","itemListElement":[{"@type":"ListItem","position":1,"name":"Home","item":"https:\/\/www.melform.com\/fr\/"},{"@type":"ListItem","position":2,"name":"Shop","item":"https:\/\/www.melform.com\/fr\/shop\/"},{"@type":"ListItem","position":3,"name":"Kit de Verrouillage en Acier Inox"}]},{"@type":"WebSite","@id":"https:\/\/www.melform.com\/fr\/#website","url":"https:\/\/www.melform.com\/fr\/","name":"MELFORM","description":"SISTEMI PER IL TRASPORTO E STOCCAGGIO A TEMPERATURA CONTROLLATA","potentialAction":[{"@type":"SearchAction","target":{"@type":"EntryPoint","urlTemplate":"https:\/\/www.melform.com\/fr\/?s={search_term_string}"},"query-input":{"@type":"PropertyValueSpecification","valueRequired":true,"valueName":"search_term_string"}}],"inLanguage":"fr-FR"}]}},"_links":{"self":[{"href":"https:\/\/www.melform.com\/fr\/wp-json\/wp\/v2\/product\/8074","targetHints":{"allow":["GET"]}}],"collection":[{"href":"https:\/\/www.melform.com\/fr\/wp-json\/wp\/v2\/product"}],"about":[{"href":"https:\/\/www.melform.com\/fr\/wp-json\/wp\/v2\/types\/product"}],"wp:featuredmedia":[{"embeddable":true,"href":"https:\/\/www.melform.com\/fr\/wp-json\/wp\/v2\/media\/19117"}],"wp:attachment":[{"href":"https:\/\/www.melform.com\/fr\/wp-json\/wp\/v2\/media?parent=8074"}],"wp:term":[{"taxonomy":"product_brand","embeddable":true,"href":"https:\/\/www.melform.com\/fr\/wp-json\/wp\/v2\/product_brand?post=8074"},{"taxonomy":"product_cat","embeddable":true,"href":"https:\/\/www.melform.com\/fr\/wp-json\/wp\/v2\/product_cat?post=8074"},{"taxonomy":"product_tag","embeddable":true,"href":"https:\/\/www.melform.com\/fr\/wp-json\/wp\/v2\/product_tag?post=8074"}],"curies":[{"name":"wp","href":"https:\/\/api.w.org\/{rel}","templated":true}]}}