{"id":8075,"date":"2022-10-11T16:31:27","date_gmt":"2022-10-11T14:31:27","guid":{"rendered":"https:\/\/www.melform.com\/product\/porte-fiches-3\/"},"modified":"2025-02-22T12:24:50","modified_gmt":"2025-02-22T10:24:50","slug":"porte-fiches-3","status":"publish","type":"product","link":"https:\/\/www.melform.com\/fr\/conteneurs-\/catalogue-de-produits\/accessoires\/porte-fiches-3\/","title":{"rendered":"Porte-fiche \u00e0 Encastrement"},"content":{"rendered":"<p data-start=\"884\" data-end=\"1164\">Le <strong data-start=\"887\" data-end=\"937\">porte-fiche \u00e0 encastrement en acier inoxydable<\/strong> est con\u00e7u pour \u00eatre utilis\u00e9 avec les <strong data-start=\"975\" data-end=\"1003\">plateaux isothermes TS50<\/strong>, offrant une <strong data-start=\"1017\" data-end=\"1072\">solution pratique pour ins\u00e9rer les d\u00e9tails du repas<\/strong> ou <strong data-start=\"1076\" data-end=\"1130\">diff\u00e9rencier les r\u00e9gimes alimentaires des patients<\/strong> de mani\u00e8re claire et organis\u00e9e.<\/p>\r\n\r\n<ul data-start=\"1207\" data-end=\"1748\" data-is-last-node=\"\" data-is-only-node=\"\">\r\n \t<li data-start=\"1207\" data-end=\"1309\"><strong data-start=\"1209\" data-end=\"1231\">Mat\u00e9riau r\u00e9sistant<\/strong> : Fabriqu\u00e9 en <strong data-start=\"1246\" data-end=\"1266\">acier inoxydable<\/strong>, garantissant <strong data-start=\"1281\" data-end=\"1306\">durabilit\u00e9 et hygi\u00e8ne<\/strong>.<\/li>\r\n \t<li data-start=\"1310\" data-end=\"1387\"><strong data-start=\"1312\" data-end=\"1338\">Syst\u00e8me \u00e0 encastrement<\/strong>, permettant une installation facile et rapide.<\/li>\r\n \t<li data-start=\"1388\" data-end=\"1549\"><strong data-start=\"1390\" data-end=\"1425\">Id\u00e9al pour la gestion des repas<\/strong> dans des environnements professionnels tels que <strong data-start=\"1474\" data-end=\"1546\">h\u00f4pitaux, maisons de retraite et services de restauration collective<\/strong>.<\/li>\r\n \t<li data-start=\"1550\" data-end=\"1636\"><strong data-start=\"1552\" data-end=\"1589\">Facilement modifiable et amovible<\/strong>, pour une gestion flexible des informations.<\/li>\r\n \t<li data-start=\"1637\" data-end=\"1748\" data-is-last-node=\"\"><strong data-start=\"1639\" data-end=\"1687\">Compatible avec les plateaux isothermes TS50<\/strong>, optimisant la personnalisation et la tra\u00e7abilit\u00e9 des repas.<\/li>\r\n<\/ul>","protected":false},"excerpt":{"rendered":"Le porte-fiche \u00e0 encastrement en acier inoxydable est con\u00e7u pour \u00eatre utilis\u00e9 avec les plateaux isothermes TS50, offrant une solution pratique pour ins\u00e9rer les d\u00e9tails du repas ou diff\u00e9rencier les r\u00e9gimes alimentaires des patients de mani\u00e8re claire et organis\u00e9e. Mat\u00e9riau r\u00e9sistant : Fabriqu\u00e9 en acier inoxydable, garantissant durabilit\u00e9 et hygi\u00e8ne. Syst\u00e8me \u00e0 encastrement, permettant une [&hellip;]","protected":false},"featured_media":2341,"template":"","meta":{"_acf_changed":false,"_themeisle_gutenberg_block_has_review":false},"product_brand":[],"product_cat":[241],"product_tag":[],"class_list":{"0":"post-8075","1":"product","2":"type-product","3":"status-publish","4":"has-post-thumbnail","6":"product_cat-accessoires","7":"pa_moq-6-fr","9":"first","10":"instock","11":"product-type-simple"},"acf":[],"yoast_head":"<!-- This site is optimized with the Yoast SEO plugin v26.4 - https:\/\/yoast.com\/wordpress\/plugins\/seo\/ -->\n<title>Porte-fiche \u00e0 Encastrement - MELFORM<\/title>\n<meta name=\"robots\" content=\"index, follow, max-snippet:-1, max-image-preview:large, max-video-preview:-1\" \/>\n<link rel=\"canonical\" href=\"https:\/\/www.melform.com\/fr\/conteneurs-\/catalogue-de-produits\/accessoires\/porte-fiches-3\/\" \/>\n<meta property=\"og:locale\" content=\"fr_FR\" \/>\n<meta property=\"og:type\" content=\"article\" \/>\n<meta property=\"og:title\" content=\"Porte-fiche \u00e0 Encastrement - MELFORM\" \/>\n<meta property=\"og:description\" content=\"Le porte-fiche \u00e0 encastrement en acier inoxydable est con\u00e7u pour \u00eatre utilis\u00e9 avec les plateaux isothermes TS50, offrant une solution pratique pour ins\u00e9rer les d\u00e9tails du repas ou diff\u00e9rencier les r\u00e9gimes alimentaires des patients de mani\u00e8re claire et organis\u00e9e. Mat\u00e9riau r\u00e9sistant : Fabriqu\u00e9 en acier inoxydable, garantissant durabilit\u00e9 et hygi\u00e8ne. Syst\u00e8me \u00e0 encastrement, permettant une [&hellip;]\" \/>\n<meta property=\"og:url\" content=\"https:\/\/www.melform.com\/fr\/conteneurs-\/catalogue-de-produits\/accessoires\/porte-fiches-3\/\" \/>\n<meta property=\"og:site_name\" content=\"MELFORM\" \/>\n<meta property=\"article:modified_time\" content=\"2025-02-22T10:24:50+00:00\" \/>\n<meta property=\"og:image\" content=\"https:\/\/www.melform.com\/wp-content\/uploads\/2022\/09\/AMA301.jpg\" \/>\n\t<meta property=\"og:image:width\" content=\"1000\" \/>\n\t<meta property=\"og:image:height\" content=\"792\" \/>\n\t<meta property=\"og:image:type\" content=\"image\/jpeg\" \/>\n<meta name=\"twitter:card\" content=\"summary_large_image\" \/>\n<script type=\"application\/ld+json\" class=\"yoast-schema-graph\">{\"@context\":\"https:\/\/schema.org\",\"@graph\":[{\"@type\":\"WebPage\",\"@id\":\"https:\/\/www.melform.com\/fr\/conteneurs-\/catalogue-de-produits\/accessoires\/porte-fiches-3\/\",\"url\":\"https:\/\/www.melform.com\/fr\/conteneurs-\/catalogue-de-produits\/accessoires\/porte-fiches-3\/\",\"name\":\"Porte-fiche \u00e0 Encastrement - MELFORM\",\"isPartOf\":{\"@id\":\"https:\/\/www.melform.com\/fr\/#website\"},\"primaryImageOfPage\":{\"@id\":\"https:\/\/www.melform.com\/fr\/conteneurs-\/catalogue-de-produits\/accessoires\/porte-fiches-3\/#primaryimage\"},\"image\":{\"@id\":\"https:\/\/www.melform.com\/fr\/conteneurs-\/catalogue-de-produits\/accessoires\/porte-fiches-3\/#primaryimage\"},\"thumbnailUrl\":\"https:\/\/www.melform.com\/wp-content\/uploads\/2022\/09\/AMA301.jpg\",\"datePublished\":\"2022-10-11T14:31:27+00:00\",\"dateModified\":\"2025-02-22T10:24:50+00:00\",\"breadcrumb\":{\"@id\":\"https:\/\/www.melform.com\/fr\/conteneurs-\/catalogue-de-produits\/accessoires\/porte-fiches-3\/#breadcrumb\"},\"inLanguage\":\"fr-FR\",\"potentialAction\":[{\"@type\":\"ReadAction\",\"target\":[\"https:\/\/www.melform.com\/fr\/conteneurs-\/catalogue-de-produits\/accessoires\/porte-fiches-3\/\"]}]},{\"@type\":\"ImageObject\",\"inLanguage\":\"fr-FR\",\"@id\":\"https:\/\/www.melform.com\/fr\/conteneurs-\/catalogue-de-produits\/accessoires\/porte-fiches-3\/#primaryimage\",\"url\":\"https:\/\/www.melform.com\/wp-content\/uploads\/2022\/09\/AMA301.jpg\",\"contentUrl\":\"https:\/\/www.melform.com\/wp-content\/uploads\/2022\/09\/AMA301.jpg\",\"width\":1000,\"height\":792},{\"@type\":\"BreadcrumbList\",\"@id\":\"https:\/\/www.melform.com\/fr\/conteneurs-\/catalogue-de-produits\/accessoires\/porte-fiches-3\/#breadcrumb\",\"itemListElement\":[{\"@type\":\"ListItem\",\"position\":1,\"name\":\"Home\",\"item\":\"https:\/\/www.melform.com\/fr\/\"},{\"@type\":\"ListItem\",\"position\":2,\"name\":\"Shop\",\"item\":\"https:\/\/www.melform.com\/fr\/shop\/\"},{\"@type\":\"ListItem\",\"position\":3,\"name\":\"Porte-fiche \u00e0 Encastrement\"}]},{\"@type\":\"WebSite\",\"@id\":\"https:\/\/www.melform.com\/fr\/#website\",\"url\":\"https:\/\/www.melform.com\/fr\/\",\"name\":\"MELFORM\",\"description\":\"SISTEMI PER IL TRASPORTO E STOCCAGGIO A TEMPERATURA CONTROLLATA\",\"potentialAction\":[{\"@type\":\"SearchAction\",\"target\":{\"@type\":\"EntryPoint\",\"urlTemplate\":\"https:\/\/www.melform.com\/fr\/?s={search_term_string}\"},\"query-input\":{\"@type\":\"PropertyValueSpecification\",\"valueRequired\":true,\"valueName\":\"search_term_string\"}}],\"inLanguage\":\"fr-FR\"}]}<\/script>\n<!-- \/ Yoast SEO plugin. -->","yoast_head_json":{"title":"Porte-fiche \u00e0 Encastrement - MELFORM","robots":{"index":"index","follow":"follow","max-snippet":"max-snippet:-1","max-image-preview":"max-image-preview:large","max-video-preview":"max-video-preview:-1"},"canonical":"https:\/\/www.melform.com\/fr\/conteneurs-\/catalogue-de-produits\/accessoires\/porte-fiches-3\/","og_locale":"fr_FR","og_type":"article","og_title":"Porte-fiche \u00e0 Encastrement - MELFORM","og_description":"Le porte-fiche \u00e0 encastrement en acier inoxydable est con\u00e7u pour \u00eatre utilis\u00e9 avec les plateaux isothermes TS50, offrant une solution pratique pour ins\u00e9rer les d\u00e9tails du repas ou diff\u00e9rencier les r\u00e9gimes alimentaires des patients de mani\u00e8re claire et organis\u00e9e. Mat\u00e9riau r\u00e9sistant : Fabriqu\u00e9 en acier inoxydable, garantissant durabilit\u00e9 et hygi\u00e8ne. Syst\u00e8me \u00e0 encastrement, permettant une [&hellip;]","og_url":"https:\/\/www.melform.com\/fr\/conteneurs-\/catalogue-de-produits\/accessoires\/porte-fiches-3\/","og_site_name":"MELFORM","article_modified_time":"2025-02-22T10:24:50+00:00","og_image":[{"width":1000,"height":792,"url":"https:\/\/www.melform.com\/wp-content\/uploads\/2022\/09\/AMA301.jpg","type":"image\/jpeg"}],"twitter_card":"summary_large_image","schema":{"@context":"https:\/\/schema.org","@graph":[{"@type":"WebPage","@id":"https:\/\/www.melform.com\/fr\/conteneurs-\/catalogue-de-produits\/accessoires\/porte-fiches-3\/","url":"https:\/\/www.melform.com\/fr\/conteneurs-\/catalogue-de-produits\/accessoires\/porte-fiches-3\/","name":"Porte-fiche \u00e0 Encastrement - MELFORM","isPartOf":{"@id":"https:\/\/www.melform.com\/fr\/#website"},"primaryImageOfPage":{"@id":"https:\/\/www.melform.com\/fr\/conteneurs-\/catalogue-de-produits\/accessoires\/porte-fiches-3\/#primaryimage"},"image":{"@id":"https:\/\/www.melform.com\/fr\/conteneurs-\/catalogue-de-produits\/accessoires\/porte-fiches-3\/#primaryimage"},"thumbnailUrl":"https:\/\/www.melform.com\/wp-content\/uploads\/2022\/09\/AMA301.jpg","datePublished":"2022-10-11T14:31:27+00:00","dateModified":"2025-02-22T10:24:50+00:00","breadcrumb":{"@id":"https:\/\/www.melform.com\/fr\/conteneurs-\/catalogue-de-produits\/accessoires\/porte-fiches-3\/#breadcrumb"},"inLanguage":"fr-FR","potentialAction":[{"@type":"ReadAction","target":["https:\/\/www.melform.com\/fr\/conteneurs-\/catalogue-de-produits\/accessoires\/porte-fiches-3\/"]}]},{"@type":"ImageObject","inLanguage":"fr-FR","@id":"https:\/\/www.melform.com\/fr\/conteneurs-\/catalogue-de-produits\/accessoires\/porte-fiches-3\/#primaryimage","url":"https:\/\/www.melform.com\/wp-content\/uploads\/2022\/09\/AMA301.jpg","contentUrl":"https:\/\/www.melform.com\/wp-content\/uploads\/2022\/09\/AMA301.jpg","width":1000,"height":792},{"@type":"BreadcrumbList","@id":"https:\/\/www.melform.com\/fr\/conteneurs-\/catalogue-de-produits\/accessoires\/porte-fiches-3\/#breadcrumb","itemListElement":[{"@type":"ListItem","position":1,"name":"Home","item":"https:\/\/www.melform.com\/fr\/"},{"@type":"ListItem","position":2,"name":"Shop","item":"https:\/\/www.melform.com\/fr\/shop\/"},{"@type":"ListItem","position":3,"name":"Porte-fiche \u00e0 Encastrement"}]},{"@type":"WebSite","@id":"https:\/\/www.melform.com\/fr\/#website","url":"https:\/\/www.melform.com\/fr\/","name":"MELFORM","description":"SISTEMI PER IL TRASPORTO E STOCCAGGIO A TEMPERATURA CONTROLLATA","potentialAction":[{"@type":"SearchAction","target":{"@type":"EntryPoint","urlTemplate":"https:\/\/www.melform.com\/fr\/?s={search_term_string}"},"query-input":{"@type":"PropertyValueSpecification","valueRequired":true,"valueName":"search_term_string"}}],"inLanguage":"fr-FR"}]}},"_links":{"self":[{"href":"https:\/\/www.melform.com\/fr\/wp-json\/wp\/v2\/product\/8075","targetHints":{"allow":["GET"]}}],"collection":[{"href":"https:\/\/www.melform.com\/fr\/wp-json\/wp\/v2\/product"}],"about":[{"href":"https:\/\/www.melform.com\/fr\/wp-json\/wp\/v2\/types\/product"}],"wp:featuredmedia":[{"embeddable":true,"href":"https:\/\/www.melform.com\/fr\/wp-json\/wp\/v2\/media\/2341"}],"wp:attachment":[{"href":"https:\/\/www.melform.com\/fr\/wp-json\/wp\/v2\/media?parent=8075"}],"wp:term":[{"taxonomy":"product_brand","embeddable":true,"href":"https:\/\/www.melform.com\/fr\/wp-json\/wp\/v2\/product_brand?post=8075"},{"taxonomy":"product_cat","embeddable":true,"href":"https:\/\/www.melform.com\/fr\/wp-json\/wp\/v2\/product_cat?post=8075"},{"taxonomy":"product_tag","embeddable":true,"href":"https:\/\/www.melform.com\/fr\/wp-json\/wp\/v2\/product_tag?post=8075"}],"curies":[{"name":"wp","href":"https:\/\/api.w.org\/{rel}","templated":true}]}}