{"id":8076,"date":"2022-10-11T16:31:28","date_gmt":"2022-10-11T14:31:28","guid":{"rendered":"https:\/\/www.melform.com\/product\/chariot-5\/"},"modified":"2025-09-02T15:50:05","modified_gmt":"2025-09-02T13:50:05","slug":"chariot-5","status":"publish","type":"product","link":"https:\/\/www.melform.com\/fr\/conteneurs-\/catalogue-de-produits\/chariot-de-manutention\/chariot-5\/","title":{"rendered":"Chariot porte-plateaux"},"content":{"rendered":"<div class=\"wpb-content-wrapper\">[vc_row][vc_column][vc_column_text css=&#8221;&#8221;]\r\n<p data-start=\"819\" data-end=\"1008\">Le <strong data-start=\"822\" data-end=\"866\">chariot de transport et de stockage en acier inoxydable<\/strong> est con\u00e7u pour <strong data-start=\"882\" data-end=\"951\">faciliter le transport et la gestion des plateaux isothermes TS50 et TS60<\/strong>, garantissant <strong data-start=\"966\" data-end=\"1005\">efficacit\u00e9, stabilit\u00e9 et r\u00e9sistance<\/strong>.<\/p>\r\n\r\n<ul data-start=\"1051\" data-end=\"1521\" data-is-last-node=\"\" data-is-only-node=\"\">\r\n \t<li data-start=\"1051\" data-end=\"1163\"><strong data-start=\"1053\" data-end=\"1086\">Structure en acier inoxydable<\/strong>, robuste et r\u00e9sistante \u00e0 la corrosion, id\u00e9ale pour un usage professionnel.<\/li>\r\n \t<li data-start=\"1164\" data-end=\"1292\"><strong data-start=\"1166\" data-end=\"1189\">\u00c9quip\u00e9 de glissi\u00e8res aux dimensions EN \/ GN<\/strong>, sp\u00e9cialement con\u00e7us pour maintenir et supporter <strong data-start=\"1239\" data-end=\"1271\">les plateaux isothermes TS50 et TS60\u00a0<\/strong> en toute s\u00e9curit\u00e9.<\/li>\r\n \t<li data-start=\"1293\" data-end=\"1389\"><strong data-start=\"1295\" data-end=\"1323\">Facilite la manipulation<\/strong>, optimisant la logistique et r\u00e9duisant l\u2019effort de l\u2019op\u00e9rateur.<\/li>\r\n \t<li data-start=\"1390\" data-end=\"1521\" data-is-last-node=\"\"><strong data-start=\"1392\" data-end=\"1426\">Design ergonomique et maniable<\/strong>, adapt\u00e9 aux environnements de restauration collective, hospitali\u00e8re et logistique alimentaire.<\/li>\r\n<\/ul>\r\n[\/vc_column_text][\/vc_column][\/vc_row]<\/div>","protected":false},"excerpt":{"rendered":"[vc_row][vc_column][vc_column_text css=&#8221;&#8221;] Le chariot de transport et de stockage en acier inoxydable est con\u00e7u pour faciliter le transport et la gestion des plateaux isothermes TS50 et TS60, garantissant efficacit\u00e9, stabilit\u00e9 et r\u00e9sistance. Structure en acier inoxydable, robuste et r\u00e9sistante \u00e0 la corrosion, id\u00e9ale pour un usage professionnel. \u00c9quip\u00e9 de glissi\u00e8res aux dimensions EN \/ GN, [&hellip;]","protected":false},"featured_media":2345,"template":"","meta":{"_acf_changed":false,"_themeisle_gutenberg_block_has_review":false},"product_brand":[],"product_cat":[912,1147],"product_tag":[],"class_list":{"0":"post-8076","1":"product","2":"type-product","3":"status-publish","4":"has-post-thumbnail","6":"product_cat-catalogue-de-produits","7":"product_cat-chariot-de-manutention","9":"first","10":"instock","11":"product-type-variable","12":"wvs-archive-product-wrapper"},"acf":[],"yoast_head":"<!-- This site is optimized with the Yoast SEO plugin v26.4 - https:\/\/yoast.com\/wordpress\/plugins\/seo\/ -->\n<title>Chariot porte-plateaux - MELFORM<\/title>\n<meta name=\"robots\" content=\"index, follow, max-snippet:-1, max-image-preview:large, max-video-preview:-1\" \/>\n<link rel=\"canonical\" href=\"https:\/\/www.melform.com\/fr\/conteneurs-\/catalogue-de-produits\/chariot-de-manutention\/chariot-5\/\" \/>\n<meta property=\"og:locale\" content=\"fr_FR\" \/>\n<meta property=\"og:type\" content=\"article\" \/>\n<meta property=\"og:title\" content=\"Chariot porte-plateaux - MELFORM\" \/>\n<meta property=\"og:description\" content=\"[vc_row][vc_column][vc_column_text css=&#8221;&#8221;] Le chariot de transport et de stockage en acier inoxydable est con\u00e7u pour faciliter le transport et la gestion des plateaux isothermes TS50 et TS60, garantissant efficacit\u00e9, stabilit\u00e9 et r\u00e9sistance. Structure en acier inoxydable, robuste et r\u00e9sistante \u00e0 la corrosion, id\u00e9ale pour un usage professionnel. \u00c9quip\u00e9 de glissi\u00e8res aux dimensions EN \/ GN, [&hellip;]\" \/>\n<meta property=\"og:url\" content=\"https:\/\/www.melform.com\/fr\/conteneurs-\/catalogue-de-produits\/chariot-de-manutention\/chariot-5\/\" \/>\n<meta property=\"og:site_name\" content=\"MELFORM\" \/>\n<meta property=\"article:modified_time\" content=\"2025-09-02T13:50:05+00:00\" \/>\n<meta property=\"og:image\" content=\"https:\/\/www.melform.com\/wp-content\/uploads\/2022\/09\/3748A.jpg\" \/>\n\t<meta property=\"og:image:width\" content=\"665\" \/>\n\t<meta property=\"og:image:height\" content=\"1000\" \/>\n\t<meta property=\"og:image:type\" content=\"image\/jpeg\" \/>\n<meta name=\"twitter:card\" content=\"summary_large_image\" \/>\n<script type=\"application\/ld+json\" class=\"yoast-schema-graph\">{\"@context\":\"https:\/\/schema.org\",\"@graph\":[{\"@type\":\"WebPage\",\"@id\":\"https:\/\/www.melform.com\/fr\/conteneurs-\/catalogue-de-produits\/chariot-de-manutention\/chariot-5\/\",\"url\":\"https:\/\/www.melform.com\/fr\/conteneurs-\/catalogue-de-produits\/chariot-de-manutention\/chariot-5\/\",\"name\":\"Chariot porte-plateaux - MELFORM\",\"isPartOf\":{\"@id\":\"https:\/\/www.melform.com\/fr\/#website\"},\"primaryImageOfPage\":{\"@id\":\"https:\/\/www.melform.com\/fr\/conteneurs-\/catalogue-de-produits\/chariot-de-manutention\/chariot-5\/#primaryimage\"},\"image\":{\"@id\":\"https:\/\/www.melform.com\/fr\/conteneurs-\/catalogue-de-produits\/chariot-de-manutention\/chariot-5\/#primaryimage\"},\"thumbnailUrl\":\"https:\/\/www.melform.com\/wp-content\/uploads\/2022\/09\/3748A.jpg\",\"datePublished\":\"2022-10-11T14:31:28+00:00\",\"dateModified\":\"2025-09-02T13:50:05+00:00\",\"breadcrumb\":{\"@id\":\"https:\/\/www.melform.com\/fr\/conteneurs-\/catalogue-de-produits\/chariot-de-manutention\/chariot-5\/#breadcrumb\"},\"inLanguage\":\"fr-FR\",\"potentialAction\":[{\"@type\":\"ReadAction\",\"target\":[\"https:\/\/www.melform.com\/fr\/conteneurs-\/catalogue-de-produits\/chariot-de-manutention\/chariot-5\/\"]}]},{\"@type\":\"ImageObject\",\"inLanguage\":\"fr-FR\",\"@id\":\"https:\/\/www.melform.com\/fr\/conteneurs-\/catalogue-de-produits\/chariot-de-manutention\/chariot-5\/#primaryimage\",\"url\":\"https:\/\/www.melform.com\/wp-content\/uploads\/2022\/09\/3748A.jpg\",\"contentUrl\":\"https:\/\/www.melform.com\/wp-content\/uploads\/2022\/09\/3748A.jpg\",\"width\":665,\"height\":1000},{\"@type\":\"BreadcrumbList\",\"@id\":\"https:\/\/www.melform.com\/fr\/conteneurs-\/catalogue-de-produits\/chariot-de-manutention\/chariot-5\/#breadcrumb\",\"itemListElement\":[{\"@type\":\"ListItem\",\"position\":1,\"name\":\"Home\",\"item\":\"https:\/\/www.melform.com\/fr\/\"},{\"@type\":\"ListItem\",\"position\":2,\"name\":\"Shop\",\"item\":\"https:\/\/www.melform.com\/fr\/shop\/\"},{\"@type\":\"ListItem\",\"position\":3,\"name\":\"Chariot porte-plateaux\"}]},{\"@type\":\"WebSite\",\"@id\":\"https:\/\/www.melform.com\/fr\/#website\",\"url\":\"https:\/\/www.melform.com\/fr\/\",\"name\":\"MELFORM\",\"description\":\"SISTEMI PER IL TRASPORTO E STOCCAGGIO A TEMPERATURA CONTROLLATA\",\"potentialAction\":[{\"@type\":\"SearchAction\",\"target\":{\"@type\":\"EntryPoint\",\"urlTemplate\":\"https:\/\/www.melform.com\/fr\/?s={search_term_string}\"},\"query-input\":{\"@type\":\"PropertyValueSpecification\",\"valueRequired\":true,\"valueName\":\"search_term_string\"}}],\"inLanguage\":\"fr-FR\"}]}<\/script>\n<!-- \/ Yoast SEO plugin. -->","yoast_head_json":{"title":"Chariot porte-plateaux - MELFORM","robots":{"index":"index","follow":"follow","max-snippet":"max-snippet:-1","max-image-preview":"max-image-preview:large","max-video-preview":"max-video-preview:-1"},"canonical":"https:\/\/www.melform.com\/fr\/conteneurs-\/catalogue-de-produits\/chariot-de-manutention\/chariot-5\/","og_locale":"fr_FR","og_type":"article","og_title":"Chariot porte-plateaux - MELFORM","og_description":"[vc_row][vc_column][vc_column_text css=&#8221;&#8221;] Le chariot de transport et de stockage en acier inoxydable est con\u00e7u pour faciliter le transport et la gestion des plateaux isothermes TS50 et TS60, garantissant efficacit\u00e9, stabilit\u00e9 et r\u00e9sistance. Structure en acier inoxydable, robuste et r\u00e9sistante \u00e0 la corrosion, id\u00e9ale pour un usage professionnel. \u00c9quip\u00e9 de glissi\u00e8res aux dimensions EN \/ GN, [&hellip;]","og_url":"https:\/\/www.melform.com\/fr\/conteneurs-\/catalogue-de-produits\/chariot-de-manutention\/chariot-5\/","og_site_name":"MELFORM","article_modified_time":"2025-09-02T13:50:05+00:00","og_image":[{"width":665,"height":1000,"url":"https:\/\/www.melform.com\/wp-content\/uploads\/2022\/09\/3748A.jpg","type":"image\/jpeg"}],"twitter_card":"summary_large_image","schema":{"@context":"https:\/\/schema.org","@graph":[{"@type":"WebPage","@id":"https:\/\/www.melform.com\/fr\/conteneurs-\/catalogue-de-produits\/chariot-de-manutention\/chariot-5\/","url":"https:\/\/www.melform.com\/fr\/conteneurs-\/catalogue-de-produits\/chariot-de-manutention\/chariot-5\/","name":"Chariot porte-plateaux - MELFORM","isPartOf":{"@id":"https:\/\/www.melform.com\/fr\/#website"},"primaryImageOfPage":{"@id":"https:\/\/www.melform.com\/fr\/conteneurs-\/catalogue-de-produits\/chariot-de-manutention\/chariot-5\/#primaryimage"},"image":{"@id":"https:\/\/www.melform.com\/fr\/conteneurs-\/catalogue-de-produits\/chariot-de-manutention\/chariot-5\/#primaryimage"},"thumbnailUrl":"https:\/\/www.melform.com\/wp-content\/uploads\/2022\/09\/3748A.jpg","datePublished":"2022-10-11T14:31:28+00:00","dateModified":"2025-09-02T13:50:05+00:00","breadcrumb":{"@id":"https:\/\/www.melform.com\/fr\/conteneurs-\/catalogue-de-produits\/chariot-de-manutention\/chariot-5\/#breadcrumb"},"inLanguage":"fr-FR","potentialAction":[{"@type":"ReadAction","target":["https:\/\/www.melform.com\/fr\/conteneurs-\/catalogue-de-produits\/chariot-de-manutention\/chariot-5\/"]}]},{"@type":"ImageObject","inLanguage":"fr-FR","@id":"https:\/\/www.melform.com\/fr\/conteneurs-\/catalogue-de-produits\/chariot-de-manutention\/chariot-5\/#primaryimage","url":"https:\/\/www.melform.com\/wp-content\/uploads\/2022\/09\/3748A.jpg","contentUrl":"https:\/\/www.melform.com\/wp-content\/uploads\/2022\/09\/3748A.jpg","width":665,"height":1000},{"@type":"BreadcrumbList","@id":"https:\/\/www.melform.com\/fr\/conteneurs-\/catalogue-de-produits\/chariot-de-manutention\/chariot-5\/#breadcrumb","itemListElement":[{"@type":"ListItem","position":1,"name":"Home","item":"https:\/\/www.melform.com\/fr\/"},{"@type":"ListItem","position":2,"name":"Shop","item":"https:\/\/www.melform.com\/fr\/shop\/"},{"@type":"ListItem","position":3,"name":"Chariot porte-plateaux"}]},{"@type":"WebSite","@id":"https:\/\/www.melform.com\/fr\/#website","url":"https:\/\/www.melform.com\/fr\/","name":"MELFORM","description":"SISTEMI PER IL TRASPORTO E STOCCAGGIO A TEMPERATURA CONTROLLATA","potentialAction":[{"@type":"SearchAction","target":{"@type":"EntryPoint","urlTemplate":"https:\/\/www.melform.com\/fr\/?s={search_term_string}"},"query-input":{"@type":"PropertyValueSpecification","valueRequired":true,"valueName":"search_term_string"}}],"inLanguage":"fr-FR"}]}},"_links":{"self":[{"href":"https:\/\/www.melform.com\/fr\/wp-json\/wp\/v2\/product\/8076","targetHints":{"allow":["GET"]}}],"collection":[{"href":"https:\/\/www.melform.com\/fr\/wp-json\/wp\/v2\/product"}],"about":[{"href":"https:\/\/www.melform.com\/fr\/wp-json\/wp\/v2\/types\/product"}],"wp:featuredmedia":[{"embeddable":true,"href":"https:\/\/www.melform.com\/fr\/wp-json\/wp\/v2\/media\/2345"}],"wp:attachment":[{"href":"https:\/\/www.melform.com\/fr\/wp-json\/wp\/v2\/media?parent=8076"}],"wp:term":[{"taxonomy":"product_brand","embeddable":true,"href":"https:\/\/www.melform.com\/fr\/wp-json\/wp\/v2\/product_brand?post=8076"},{"taxonomy":"product_cat","embeddable":true,"href":"https:\/\/www.melform.com\/fr\/wp-json\/wp\/v2\/product_cat?post=8076"},{"taxonomy":"product_tag","embeddable":true,"href":"https:\/\/www.melform.com\/fr\/wp-json\/wp\/v2\/product_tag?post=8076"}],"curies":[{"name":"wp","href":"https:\/\/api.w.org\/{rel}","templated":true}]}}