{"id":8084,"date":"2022-10-11T16:31:43","date_gmt":"2022-10-11T14:31:43","guid":{"rendered":"https:\/\/www.melform.com\/product\/kit-de-fixation-avec-poignee\/"},"modified":"2025-02-22T12:50:27","modified_gmt":"2025-02-22T10:50:27","slug":"fermeture-de-securite-avec-poignee","status":"publish","type":"product","link":"https:\/\/www.melform.com\/fr\/conteneurs-\/catalogue-de-produits\/accessoires\/fermeture-de-securite-avec-poignee\/","title":{"rendered":"Fermeture de s\u00e9curit\u00e9 avec poign\u00e9e"},"content":{"rendered":"<p data-start=\"792\" data-end=\"1004\">Le <strong data-start=\"795\" data-end=\"853\">syst\u00e8me de poign\u00e9e et de fermeture en acier inoxydable<\/strong> est con\u00e7u pour garantir <strong data-start=\"878\" data-end=\"942\">une fermeture s\u00e9curis\u00e9e et une manipulation ais\u00e9e du plateau<\/strong>, assurant <strong data-start=\"953\" data-end=\"1001\">une protection maximale pendant le transport<\/strong>.<\/p>\r\n\r\n<ul data-start=\"1047\" data-end=\"1453\" data-is-only-node=\"\" data-is-last-node=\"\">\r\n \t<li data-start=\"1047\" data-end=\"1167\"><strong data-start=\"1049\" data-end=\"1071\">Mat\u00e9riau r\u00e9sistant<\/strong> : Fabriqu\u00e9 en <strong data-start=\"1086\" data-end=\"1106\">acier inoxydable<\/strong>, offrant <strong data-start=\"1116\" data-end=\"1164\">durabilit\u00e9, s\u00e9curit\u00e9 et r\u00e9sistance aux chocs<\/strong>.<\/li>\r\n \t<li data-start=\"1168\" data-end=\"1272\"><strong data-start=\"1170\" data-end=\"1205\">M\u00e9canisme de fermeture s\u00e9curis\u00e9<\/strong>, con\u00e7u pour prot\u00e9ger le contenu du plateau pendant le transport.<\/li>\r\n \t<li data-start=\"1273\" data-end=\"1371\"><strong data-start=\"1275\" data-end=\"1307\">Poign\u00e9e ergonomique int\u00e9gr\u00e9e<\/strong>, facilitant une prise en main ferme et un transport pratique.<\/li>\r\n \t<li data-start=\"1372\" data-end=\"1453\" data-is-last-node=\"\"><strong data-start=\"1374\" data-end=\"1409\">Installation et retrait faciles<\/strong>, pour une utilisation efficace et pratique.<\/li>\r\n<\/ul>","protected":false},"excerpt":{"rendered":"Le syst\u00e8me de poign\u00e9e et de fermeture en acier inoxydable est con\u00e7u pour garantir une fermeture s\u00e9curis\u00e9e et une manipulation ais\u00e9e du plateau, assurant une protection maximale pendant le transport. Mat\u00e9riau r\u00e9sistant : Fabriqu\u00e9 en acier inoxydable, offrant durabilit\u00e9, s\u00e9curit\u00e9 et r\u00e9sistance aux chocs. M\u00e9canisme de fermeture s\u00e9curis\u00e9, con\u00e7u pour prot\u00e9ger le contenu du plateau [&hellip;]","protected":false},"featured_media":10085,"template":"","meta":{"_acf_changed":false,"_themeisle_gutenberg_block_has_review":false},"product_brand":[],"product_cat":[241],"product_tag":[],"class_list":{"0":"post-8084","1":"product","2":"type-product","3":"status-publish","4":"has-post-thumbnail","6":"product_cat-accessoires","7":"pa_moq-6-fr","9":"first","10":"instock","11":"product-type-simple"},"acf":[],"yoast_head":"<!-- This site is optimized with the Yoast SEO plugin v26.4 - https:\/\/yoast.com\/wordpress\/plugins\/seo\/ -->\n<title>Fermeture de s\u00e9curit\u00e9 avec poign\u00e9e - MELFORM<\/title>\n<meta name=\"robots\" content=\"index, follow, max-snippet:-1, max-image-preview:large, max-video-preview:-1\" \/>\n<link rel=\"canonical\" href=\"https:\/\/www.melform.com\/fr\/conteneurs-\/catalogue-de-produits\/accessoires\/fermeture-de-securite-avec-poignee\/\" \/>\n<meta property=\"og:locale\" content=\"fr_FR\" \/>\n<meta property=\"og:type\" content=\"article\" \/>\n<meta property=\"og:title\" content=\"Fermeture de s\u00e9curit\u00e9 avec poign\u00e9e - MELFORM\" \/>\n<meta property=\"og:description\" content=\"Le syst\u00e8me de poign\u00e9e et de fermeture en acier inoxydable est con\u00e7u pour garantir une fermeture s\u00e9curis\u00e9e et une manipulation ais\u00e9e du plateau, assurant une protection maximale pendant le transport. Mat\u00e9riau r\u00e9sistant : Fabriqu\u00e9 en acier inoxydable, offrant durabilit\u00e9, s\u00e9curit\u00e9 et r\u00e9sistance aux chocs. M\u00e9canisme de fermeture s\u00e9curis\u00e9, con\u00e7u pour prot\u00e9ger le contenu du plateau [&hellip;]\" \/>\n<meta property=\"og:url\" content=\"https:\/\/www.melform.com\/fr\/conteneurs-\/catalogue-de-produits\/accessoires\/fermeture-de-securite-avec-poignee\/\" \/>\n<meta property=\"og:site_name\" content=\"MELFORM\" \/>\n<meta property=\"article:modified_time\" content=\"2025-02-22T10:50:27+00:00\" \/>\n<meta property=\"og:image\" content=\"https:\/\/www.melform.com\/wp-content\/uploads\/2022\/10\/PAFT9001.jpg\" \/>\n\t<meta property=\"og:image:width\" content=\"1080\" \/>\n\t<meta property=\"og:image:height\" content=\"720\" \/>\n\t<meta property=\"og:image:type\" content=\"image\/jpeg\" \/>\n<meta name=\"twitter:card\" content=\"summary_large_image\" \/>\n<script type=\"application\/ld+json\" class=\"yoast-schema-graph\">{\"@context\":\"https:\/\/schema.org\",\"@graph\":[{\"@type\":\"WebPage\",\"@id\":\"https:\/\/www.melform.com\/fr\/conteneurs-\/catalogue-de-produits\/accessoires\/fermeture-de-securite-avec-poignee\/\",\"url\":\"https:\/\/www.melform.com\/fr\/conteneurs-\/catalogue-de-produits\/accessoires\/fermeture-de-securite-avec-poignee\/\",\"name\":\"Fermeture de s\u00e9curit\u00e9 avec poign\u00e9e - MELFORM\",\"isPartOf\":{\"@id\":\"https:\/\/www.melform.com\/fr\/#website\"},\"primaryImageOfPage\":{\"@id\":\"https:\/\/www.melform.com\/fr\/conteneurs-\/catalogue-de-produits\/accessoires\/fermeture-de-securite-avec-poignee\/#primaryimage\"},\"image\":{\"@id\":\"https:\/\/www.melform.com\/fr\/conteneurs-\/catalogue-de-produits\/accessoires\/fermeture-de-securite-avec-poignee\/#primaryimage\"},\"thumbnailUrl\":\"https:\/\/www.melform.com\/wp-content\/uploads\/2022\/10\/PAFT9001.jpg\",\"datePublished\":\"2022-10-11T14:31:43+00:00\",\"dateModified\":\"2025-02-22T10:50:27+00:00\",\"breadcrumb\":{\"@id\":\"https:\/\/www.melform.com\/fr\/conteneurs-\/catalogue-de-produits\/accessoires\/fermeture-de-securite-avec-poignee\/#breadcrumb\"},\"inLanguage\":\"fr-FR\",\"potentialAction\":[{\"@type\":\"ReadAction\",\"target\":[\"https:\/\/www.melform.com\/fr\/conteneurs-\/catalogue-de-produits\/accessoires\/fermeture-de-securite-avec-poignee\/\"]}]},{\"@type\":\"ImageObject\",\"inLanguage\":\"fr-FR\",\"@id\":\"https:\/\/www.melform.com\/fr\/conteneurs-\/catalogue-de-produits\/accessoires\/fermeture-de-securite-avec-poignee\/#primaryimage\",\"url\":\"https:\/\/www.melform.com\/wp-content\/uploads\/2022\/10\/PAFT9001.jpg\",\"contentUrl\":\"https:\/\/www.melform.com\/wp-content\/uploads\/2022\/10\/PAFT9001.jpg\",\"width\":1080,\"height\":720},{\"@type\":\"BreadcrumbList\",\"@id\":\"https:\/\/www.melform.com\/fr\/conteneurs-\/catalogue-de-produits\/accessoires\/fermeture-de-securite-avec-poignee\/#breadcrumb\",\"itemListElement\":[{\"@type\":\"ListItem\",\"position\":1,\"name\":\"Home\",\"item\":\"https:\/\/www.melform.com\/fr\/\"},{\"@type\":\"ListItem\",\"position\":2,\"name\":\"Shop\",\"item\":\"https:\/\/www.melform.com\/fr\/shop\/\"},{\"@type\":\"ListItem\",\"position\":3,\"name\":\"Fermeture de s\u00e9curit\u00e9 avec poign\u00e9e\"}]},{\"@type\":\"WebSite\",\"@id\":\"https:\/\/www.melform.com\/fr\/#website\",\"url\":\"https:\/\/www.melform.com\/fr\/\",\"name\":\"MELFORM\",\"description\":\"SISTEMI PER IL TRASPORTO E STOCCAGGIO A TEMPERATURA CONTROLLATA\",\"potentialAction\":[{\"@type\":\"SearchAction\",\"target\":{\"@type\":\"EntryPoint\",\"urlTemplate\":\"https:\/\/www.melform.com\/fr\/?s={search_term_string}\"},\"query-input\":{\"@type\":\"PropertyValueSpecification\",\"valueRequired\":true,\"valueName\":\"search_term_string\"}}],\"inLanguage\":\"fr-FR\"}]}<\/script>\n<!-- \/ Yoast SEO plugin. -->","yoast_head_json":{"title":"Fermeture de s\u00e9curit\u00e9 avec poign\u00e9e - MELFORM","robots":{"index":"index","follow":"follow","max-snippet":"max-snippet:-1","max-image-preview":"max-image-preview:large","max-video-preview":"max-video-preview:-1"},"canonical":"https:\/\/www.melform.com\/fr\/conteneurs-\/catalogue-de-produits\/accessoires\/fermeture-de-securite-avec-poignee\/","og_locale":"fr_FR","og_type":"article","og_title":"Fermeture de s\u00e9curit\u00e9 avec poign\u00e9e - MELFORM","og_description":"Le syst\u00e8me de poign\u00e9e et de fermeture en acier inoxydable est con\u00e7u pour garantir une fermeture s\u00e9curis\u00e9e et une manipulation ais\u00e9e du plateau, assurant une protection maximale pendant le transport. Mat\u00e9riau r\u00e9sistant : Fabriqu\u00e9 en acier inoxydable, offrant durabilit\u00e9, s\u00e9curit\u00e9 et r\u00e9sistance aux chocs. M\u00e9canisme de fermeture s\u00e9curis\u00e9, con\u00e7u pour prot\u00e9ger le contenu du plateau [&hellip;]","og_url":"https:\/\/www.melform.com\/fr\/conteneurs-\/catalogue-de-produits\/accessoires\/fermeture-de-securite-avec-poignee\/","og_site_name":"MELFORM","article_modified_time":"2025-02-22T10:50:27+00:00","og_image":[{"width":1080,"height":720,"url":"https:\/\/www.melform.com\/wp-content\/uploads\/2022\/10\/PAFT9001.jpg","type":"image\/jpeg"}],"twitter_card":"summary_large_image","schema":{"@context":"https:\/\/schema.org","@graph":[{"@type":"WebPage","@id":"https:\/\/www.melform.com\/fr\/conteneurs-\/catalogue-de-produits\/accessoires\/fermeture-de-securite-avec-poignee\/","url":"https:\/\/www.melform.com\/fr\/conteneurs-\/catalogue-de-produits\/accessoires\/fermeture-de-securite-avec-poignee\/","name":"Fermeture de s\u00e9curit\u00e9 avec poign\u00e9e - MELFORM","isPartOf":{"@id":"https:\/\/www.melform.com\/fr\/#website"},"primaryImageOfPage":{"@id":"https:\/\/www.melform.com\/fr\/conteneurs-\/catalogue-de-produits\/accessoires\/fermeture-de-securite-avec-poignee\/#primaryimage"},"image":{"@id":"https:\/\/www.melform.com\/fr\/conteneurs-\/catalogue-de-produits\/accessoires\/fermeture-de-securite-avec-poignee\/#primaryimage"},"thumbnailUrl":"https:\/\/www.melform.com\/wp-content\/uploads\/2022\/10\/PAFT9001.jpg","datePublished":"2022-10-11T14:31:43+00:00","dateModified":"2025-02-22T10:50:27+00:00","breadcrumb":{"@id":"https:\/\/www.melform.com\/fr\/conteneurs-\/catalogue-de-produits\/accessoires\/fermeture-de-securite-avec-poignee\/#breadcrumb"},"inLanguage":"fr-FR","potentialAction":[{"@type":"ReadAction","target":["https:\/\/www.melform.com\/fr\/conteneurs-\/catalogue-de-produits\/accessoires\/fermeture-de-securite-avec-poignee\/"]}]},{"@type":"ImageObject","inLanguage":"fr-FR","@id":"https:\/\/www.melform.com\/fr\/conteneurs-\/catalogue-de-produits\/accessoires\/fermeture-de-securite-avec-poignee\/#primaryimage","url":"https:\/\/www.melform.com\/wp-content\/uploads\/2022\/10\/PAFT9001.jpg","contentUrl":"https:\/\/www.melform.com\/wp-content\/uploads\/2022\/10\/PAFT9001.jpg","width":1080,"height":720},{"@type":"BreadcrumbList","@id":"https:\/\/www.melform.com\/fr\/conteneurs-\/catalogue-de-produits\/accessoires\/fermeture-de-securite-avec-poignee\/#breadcrumb","itemListElement":[{"@type":"ListItem","position":1,"name":"Home","item":"https:\/\/www.melform.com\/fr\/"},{"@type":"ListItem","position":2,"name":"Shop","item":"https:\/\/www.melform.com\/fr\/shop\/"},{"@type":"ListItem","position":3,"name":"Fermeture de s\u00e9curit\u00e9 avec poign\u00e9e"}]},{"@type":"WebSite","@id":"https:\/\/www.melform.com\/fr\/#website","url":"https:\/\/www.melform.com\/fr\/","name":"MELFORM","description":"SISTEMI PER IL TRASPORTO E STOCCAGGIO A TEMPERATURA CONTROLLATA","potentialAction":[{"@type":"SearchAction","target":{"@type":"EntryPoint","urlTemplate":"https:\/\/www.melform.com\/fr\/?s={search_term_string}"},"query-input":{"@type":"PropertyValueSpecification","valueRequired":true,"valueName":"search_term_string"}}],"inLanguage":"fr-FR"}]}},"_links":{"self":[{"href":"https:\/\/www.melform.com\/fr\/wp-json\/wp\/v2\/product\/8084","targetHints":{"allow":["GET"]}}],"collection":[{"href":"https:\/\/www.melform.com\/fr\/wp-json\/wp\/v2\/product"}],"about":[{"href":"https:\/\/www.melform.com\/fr\/wp-json\/wp\/v2\/types\/product"}],"wp:featuredmedia":[{"embeddable":true,"href":"https:\/\/www.melform.com\/fr\/wp-json\/wp\/v2\/media\/10085"}],"wp:attachment":[{"href":"https:\/\/www.melform.com\/fr\/wp-json\/wp\/v2\/media?parent=8084"}],"wp:term":[{"taxonomy":"product_brand","embeddable":true,"href":"https:\/\/www.melform.com\/fr\/wp-json\/wp\/v2\/product_brand?post=8084"},{"taxonomy":"product_cat","embeddable":true,"href":"https:\/\/www.melform.com\/fr\/wp-json\/wp\/v2\/product_cat?post=8084"},{"taxonomy":"product_tag","embeddable":true,"href":"https:\/\/www.melform.com\/fr\/wp-json\/wp\/v2\/product_tag?post=8084"}],"curies":[{"name":"wp","href":"https:\/\/api.w.org\/{rel}","templated":true}]}}