{"id":8085,"date":"2022-10-11T16:31:44","date_gmt":"2022-10-11T14:31:44","guid":{"rendered":"https:\/\/www.melform.com\/product\/couvercle-en-polypropylene-4\/"},"modified":"2025-02-23T11:16:27","modified_gmt":"2025-02-23T09:16:27","slug":"couvercle-en-polypropylene-4","status":"publish","type":"product","link":"https:\/\/www.melform.com\/fr\/conteneurs-\/catalogue-de-produits\/accessoires\/couvercle-en-polypropylene-4\/","title":{"rendered":"Couvercle en Polypropyl\u00e8ne avec Joint \u2013 \u00d8 260 mm"},"content":{"rendered":"<p data-start=\"935\" data-end=\"1164\">Le <strong data-start=\"938\" data-end=\"974\">couvercle en polypropyl\u00e8ne blanc<\/strong> est con\u00e7u pour assurer <strong data-start=\"998\" data-end=\"1063\">une fermeture s\u00e9curis\u00e9e et une protection optimale du contenu<\/strong>, offrant <strong data-start=\"1073\" data-end=\"1131\">une compatibilit\u00e9 maximale avec l\u2019assiette en m\u00e9lamine<\/strong> du <strong data-start=\"1135\" data-end=\"1161\">plateau isotherme TS60<\/strong>.<\/p>\r\n\r\n<ul data-start=\"1207\" data-end=\"1700\">\r\n \t<li data-start=\"1207\" data-end=\"1283\"><strong data-start=\"1209\" data-end=\"1221\">Diam\u00e8tre<\/strong> : <strong data-start=\"1224\" data-end=\"1234\">260 mm<\/strong>, parfaitement adapt\u00e9 \u00e0 l\u2019assiette en m\u00e9lamine.<\/li>\r\n \t<li data-start=\"1284\" data-end=\"1377\"><strong data-start=\"1286\" data-end=\"1298\">Mat\u00e9riau<\/strong> : <strong data-start=\"1301\" data-end=\"1328\">Polypropyl\u00e8ne r\u00e9sistant<\/strong>, l\u00e9ger et durable pour un usage professionnel.<\/li>\r\n \t<li data-start=\"1378\" data-end=\"1472\"><strong data-start=\"1380\" data-end=\"1397\">Joint int\u00e9gr\u00e9<\/strong>, garantissant une \u00e9tanch\u00e9it\u00e9 stable et s\u00e9curis\u00e9e pour \u00e9viter les fuites.<\/li>\r\n \t<li data-start=\"1473\" data-end=\"1549\"><strong data-start=\"1475\" data-end=\"1505\">Syst\u00e8me d\u2019insertion facile<\/strong>, pour une application rapide et efficace.<\/li>\r\n \t<li data-start=\"1550\" data-end=\"1700\"><strong data-start=\"1552\" data-end=\"1569\">Compatibilit\u00e9<\/strong> : Id\u00e9al pour une utilisation avec le <strong data-start=\"1607\" data-end=\"1633\">plateau isotherme TS60<\/strong>, am\u00e9liorant l\u2019efficacit\u00e9 et la praticit\u00e9 du transport des repas.<\/li>\r\n<\/ul>","protected":false},"excerpt":{"rendered":"Le couvercle en polypropyl\u00e8ne blanc est con\u00e7u pour assurer une fermeture s\u00e9curis\u00e9e et une protection optimale du contenu, offrant une compatibilit\u00e9 maximale avec l\u2019assiette en m\u00e9lamine du plateau isotherme TS60. Diam\u00e8tre : 260 mm, parfaitement adapt\u00e9 \u00e0 l\u2019assiette en m\u00e9lamine. Mat\u00e9riau : Polypropyl\u00e8ne r\u00e9sistant, l\u00e9ger et durable pour un usage professionnel. Joint int\u00e9gr\u00e9, garantissant une [&hellip;]","protected":false},"featured_media":2391,"template":"","meta":{"_acf_changed":false,"_themeisle_gutenberg_block_has_review":false},"product_brand":[],"product_cat":[241],"product_tag":[],"class_list":{"0":"post-8085","1":"product","2":"type-product","3":"status-publish","4":"has-post-thumbnail","6":"product_cat-accessoires","7":"pa_moq-6-fr","9":"first","10":"instock","11":"product-type-simple"},"acf":[],"yoast_head":"<!-- This site is optimized with the Yoast SEO plugin v26.4 - https:\/\/yoast.com\/wordpress\/plugins\/seo\/ -->\n<title>Couvercle en Polypropyl\u00e8ne avec Joint \u2013 \u00d8 260 mm - MELFORM<\/title>\n<meta name=\"robots\" content=\"index, follow, max-snippet:-1, max-image-preview:large, max-video-preview:-1\" \/>\n<link rel=\"canonical\" href=\"https:\/\/www.melform.com\/fr\/conteneurs-\/catalogue-de-produits\/accessoires\/couvercle-en-polypropylene-4\/\" \/>\n<meta property=\"og:locale\" content=\"fr_FR\" \/>\n<meta property=\"og:type\" content=\"article\" \/>\n<meta property=\"og:title\" content=\"Couvercle en Polypropyl\u00e8ne avec Joint \u2013 \u00d8 260 mm - MELFORM\" \/>\n<meta property=\"og:description\" content=\"Le couvercle en polypropyl\u00e8ne blanc est con\u00e7u pour assurer une fermeture s\u00e9curis\u00e9e et une protection optimale du contenu, offrant une compatibilit\u00e9 maximale avec l\u2019assiette en m\u00e9lamine du plateau isotherme TS60. Diam\u00e8tre : 260 mm, parfaitement adapt\u00e9 \u00e0 l\u2019assiette en m\u00e9lamine. Mat\u00e9riau : Polypropyl\u00e8ne r\u00e9sistant, l\u00e9ger et durable pour un usage professionnel. Joint int\u00e9gr\u00e9, garantissant une [&hellip;]\" \/>\n<meta property=\"og:url\" content=\"https:\/\/www.melform.com\/fr\/conteneurs-\/catalogue-de-produits\/accessoires\/couvercle-en-polypropylene-4\/\" \/>\n<meta property=\"og:site_name\" content=\"MELFORM\" \/>\n<meta property=\"article:modified_time\" content=\"2025-02-23T09:16:27+00:00\" \/>\n<meta property=\"og:image\" content=\"https:\/\/www.melform.com\/wp-content\/uploads\/2022\/09\/ADB010.jpg\" \/>\n\t<meta property=\"og:image:width\" content=\"1000\" \/>\n\t<meta property=\"og:image:height\" content=\"667\" \/>\n\t<meta property=\"og:image:type\" content=\"image\/jpeg\" \/>\n<meta name=\"twitter:card\" content=\"summary_large_image\" \/>\n<script type=\"application\/ld+json\" class=\"yoast-schema-graph\">{\"@context\":\"https:\/\/schema.org\",\"@graph\":[{\"@type\":\"WebPage\",\"@id\":\"https:\/\/www.melform.com\/fr\/conteneurs-\/catalogue-de-produits\/accessoires\/couvercle-en-polypropylene-4\/\",\"url\":\"https:\/\/www.melform.com\/fr\/conteneurs-\/catalogue-de-produits\/accessoires\/couvercle-en-polypropylene-4\/\",\"name\":\"Couvercle en Polypropyl\u00e8ne avec Joint \u2013 \u00d8 260 mm - MELFORM\",\"isPartOf\":{\"@id\":\"https:\/\/www.melform.com\/fr\/#website\"},\"primaryImageOfPage\":{\"@id\":\"https:\/\/www.melform.com\/fr\/conteneurs-\/catalogue-de-produits\/accessoires\/couvercle-en-polypropylene-4\/#primaryimage\"},\"image\":{\"@id\":\"https:\/\/www.melform.com\/fr\/conteneurs-\/catalogue-de-produits\/accessoires\/couvercle-en-polypropylene-4\/#primaryimage\"},\"thumbnailUrl\":\"https:\/\/www.melform.com\/wp-content\/uploads\/2022\/09\/ADB010.jpg\",\"datePublished\":\"2022-10-11T14:31:44+00:00\",\"dateModified\":\"2025-02-23T09:16:27+00:00\",\"breadcrumb\":{\"@id\":\"https:\/\/www.melform.com\/fr\/conteneurs-\/catalogue-de-produits\/accessoires\/couvercle-en-polypropylene-4\/#breadcrumb\"},\"inLanguage\":\"fr-FR\",\"potentialAction\":[{\"@type\":\"ReadAction\",\"target\":[\"https:\/\/www.melform.com\/fr\/conteneurs-\/catalogue-de-produits\/accessoires\/couvercle-en-polypropylene-4\/\"]}]},{\"@type\":\"ImageObject\",\"inLanguage\":\"fr-FR\",\"@id\":\"https:\/\/www.melform.com\/fr\/conteneurs-\/catalogue-de-produits\/accessoires\/couvercle-en-polypropylene-4\/#primaryimage\",\"url\":\"https:\/\/www.melform.com\/wp-content\/uploads\/2022\/09\/ADB010.jpg\",\"contentUrl\":\"https:\/\/www.melform.com\/wp-content\/uploads\/2022\/09\/ADB010.jpg\",\"width\":1000,\"height\":667},{\"@type\":\"BreadcrumbList\",\"@id\":\"https:\/\/www.melform.com\/fr\/conteneurs-\/catalogue-de-produits\/accessoires\/couvercle-en-polypropylene-4\/#breadcrumb\",\"itemListElement\":[{\"@type\":\"ListItem\",\"position\":1,\"name\":\"Home\",\"item\":\"https:\/\/www.melform.com\/fr\/\"},{\"@type\":\"ListItem\",\"position\":2,\"name\":\"Shop\",\"item\":\"https:\/\/www.melform.com\/fr\/shop\/\"},{\"@type\":\"ListItem\",\"position\":3,\"name\":\"Couvercle en Polypropyl\u00e8ne avec Joint \u2013 \u00d8 260 mm\"}]},{\"@type\":\"WebSite\",\"@id\":\"https:\/\/www.melform.com\/fr\/#website\",\"url\":\"https:\/\/www.melform.com\/fr\/\",\"name\":\"MELFORM\",\"description\":\"SISTEMI PER IL TRASPORTO E STOCCAGGIO A TEMPERATURA CONTROLLATA\",\"potentialAction\":[{\"@type\":\"SearchAction\",\"target\":{\"@type\":\"EntryPoint\",\"urlTemplate\":\"https:\/\/www.melform.com\/fr\/?s={search_term_string}\"},\"query-input\":{\"@type\":\"PropertyValueSpecification\",\"valueRequired\":true,\"valueName\":\"search_term_string\"}}],\"inLanguage\":\"fr-FR\"}]}<\/script>\n<!-- \/ Yoast SEO plugin. -->","yoast_head_json":{"title":"Couvercle en Polypropyl\u00e8ne avec Joint \u2013 \u00d8 260 mm - MELFORM","robots":{"index":"index","follow":"follow","max-snippet":"max-snippet:-1","max-image-preview":"max-image-preview:large","max-video-preview":"max-video-preview:-1"},"canonical":"https:\/\/www.melform.com\/fr\/conteneurs-\/catalogue-de-produits\/accessoires\/couvercle-en-polypropylene-4\/","og_locale":"fr_FR","og_type":"article","og_title":"Couvercle en Polypropyl\u00e8ne avec Joint \u2013 \u00d8 260 mm - MELFORM","og_description":"Le couvercle en polypropyl\u00e8ne blanc est con\u00e7u pour assurer une fermeture s\u00e9curis\u00e9e et une protection optimale du contenu, offrant une compatibilit\u00e9 maximale avec l\u2019assiette en m\u00e9lamine du plateau isotherme TS60. Diam\u00e8tre : 260 mm, parfaitement adapt\u00e9 \u00e0 l\u2019assiette en m\u00e9lamine. Mat\u00e9riau : Polypropyl\u00e8ne r\u00e9sistant, l\u00e9ger et durable pour un usage professionnel. Joint int\u00e9gr\u00e9, garantissant une [&hellip;]","og_url":"https:\/\/www.melform.com\/fr\/conteneurs-\/catalogue-de-produits\/accessoires\/couvercle-en-polypropylene-4\/","og_site_name":"MELFORM","article_modified_time":"2025-02-23T09:16:27+00:00","og_image":[{"width":1000,"height":667,"url":"https:\/\/www.melform.com\/wp-content\/uploads\/2022\/09\/ADB010.jpg","type":"image\/jpeg"}],"twitter_card":"summary_large_image","schema":{"@context":"https:\/\/schema.org","@graph":[{"@type":"WebPage","@id":"https:\/\/www.melform.com\/fr\/conteneurs-\/catalogue-de-produits\/accessoires\/couvercle-en-polypropylene-4\/","url":"https:\/\/www.melform.com\/fr\/conteneurs-\/catalogue-de-produits\/accessoires\/couvercle-en-polypropylene-4\/","name":"Couvercle en Polypropyl\u00e8ne avec Joint \u2013 \u00d8 260 mm - MELFORM","isPartOf":{"@id":"https:\/\/www.melform.com\/fr\/#website"},"primaryImageOfPage":{"@id":"https:\/\/www.melform.com\/fr\/conteneurs-\/catalogue-de-produits\/accessoires\/couvercle-en-polypropylene-4\/#primaryimage"},"image":{"@id":"https:\/\/www.melform.com\/fr\/conteneurs-\/catalogue-de-produits\/accessoires\/couvercle-en-polypropylene-4\/#primaryimage"},"thumbnailUrl":"https:\/\/www.melform.com\/wp-content\/uploads\/2022\/09\/ADB010.jpg","datePublished":"2022-10-11T14:31:44+00:00","dateModified":"2025-02-23T09:16:27+00:00","breadcrumb":{"@id":"https:\/\/www.melform.com\/fr\/conteneurs-\/catalogue-de-produits\/accessoires\/couvercle-en-polypropylene-4\/#breadcrumb"},"inLanguage":"fr-FR","potentialAction":[{"@type":"ReadAction","target":["https:\/\/www.melform.com\/fr\/conteneurs-\/catalogue-de-produits\/accessoires\/couvercle-en-polypropylene-4\/"]}]},{"@type":"ImageObject","inLanguage":"fr-FR","@id":"https:\/\/www.melform.com\/fr\/conteneurs-\/catalogue-de-produits\/accessoires\/couvercle-en-polypropylene-4\/#primaryimage","url":"https:\/\/www.melform.com\/wp-content\/uploads\/2022\/09\/ADB010.jpg","contentUrl":"https:\/\/www.melform.com\/wp-content\/uploads\/2022\/09\/ADB010.jpg","width":1000,"height":667},{"@type":"BreadcrumbList","@id":"https:\/\/www.melform.com\/fr\/conteneurs-\/catalogue-de-produits\/accessoires\/couvercle-en-polypropylene-4\/#breadcrumb","itemListElement":[{"@type":"ListItem","position":1,"name":"Home","item":"https:\/\/www.melform.com\/fr\/"},{"@type":"ListItem","position":2,"name":"Shop","item":"https:\/\/www.melform.com\/fr\/shop\/"},{"@type":"ListItem","position":3,"name":"Couvercle en Polypropyl\u00e8ne avec Joint \u2013 \u00d8 260 mm"}]},{"@type":"WebSite","@id":"https:\/\/www.melform.com\/fr\/#website","url":"https:\/\/www.melform.com\/fr\/","name":"MELFORM","description":"SISTEMI PER IL TRASPORTO E STOCCAGGIO A TEMPERATURA CONTROLLATA","potentialAction":[{"@type":"SearchAction","target":{"@type":"EntryPoint","urlTemplate":"https:\/\/www.melform.com\/fr\/?s={search_term_string}"},"query-input":{"@type":"PropertyValueSpecification","valueRequired":true,"valueName":"search_term_string"}}],"inLanguage":"fr-FR"}]}},"_links":{"self":[{"href":"https:\/\/www.melform.com\/fr\/wp-json\/wp\/v2\/product\/8085","targetHints":{"allow":["GET"]}}],"collection":[{"href":"https:\/\/www.melform.com\/fr\/wp-json\/wp\/v2\/product"}],"about":[{"href":"https:\/\/www.melform.com\/fr\/wp-json\/wp\/v2\/types\/product"}],"wp:featuredmedia":[{"embeddable":true,"href":"https:\/\/www.melform.com\/fr\/wp-json\/wp\/v2\/media\/2391"}],"wp:attachment":[{"href":"https:\/\/www.melform.com\/fr\/wp-json\/wp\/v2\/media?parent=8085"}],"wp:term":[{"taxonomy":"product_brand","embeddable":true,"href":"https:\/\/www.melform.com\/fr\/wp-json\/wp\/v2\/product_brand?post=8085"},{"taxonomy":"product_cat","embeddable":true,"href":"https:\/\/www.melform.com\/fr\/wp-json\/wp\/v2\/product_cat?post=8085"},{"taxonomy":"product_tag","embeddable":true,"href":"https:\/\/www.melform.com\/fr\/wp-json\/wp\/v2\/product_tag?post=8085"}],"curies":[{"name":"wp","href":"https:\/\/api.w.org\/{rel}","templated":true}]}}