{"id":8100,"date":"2022-10-11T16:41:05","date_gmt":"2022-10-11T14:41:05","guid":{"rendered":"https:\/\/www.melform.com\/product\/grille-5\/"},"modified":"2025-02-20T15:45:40","modified_gmt":"2025-02-20T13:45:40","slug":"grille-5","status":"publish","type":"product","link":"https:\/\/www.melform.com\/fr\/conteneurs-\/catalogue-de-produits\/accessoires\/grille-5\/","title":{"rendered":"Grille en acier inoxydable"},"content":{"rendered":"<p data-start=\"762\" data-end=\"988\">La <strong data-start=\"765\" data-end=\"802\">grille GN 1\/1 en acier inoxydable<\/strong> est con\u00e7ue pour <strong data-start=\"819\" data-end=\"861\">optimiser l\u2019organisation du chargement<\/strong> \u00e0 l\u2019int\u00e9rieur du <strong data-start=\"879\" data-end=\"912\">conteneur isotherme CARGO 900<\/strong>, garantissant une <strong data-start=\"931\" data-end=\"967\">s\u00e9paration efficace des aliments<\/strong> lors du transport.<\/p>\r\n\r\n<ul data-start=\"1031\" data-end=\"1441\" data-is-last-node=\"\" data-is-only-node=\"\">\r\n \t<li data-start=\"1031\" data-end=\"1135\"><strong data-start=\"1033\" data-end=\"1050\">Compatibilit\u00e9<\/strong> : Adapt\u00e9e pour une utilisation \u00e0 l\u2019int\u00e9rieur du <strong data-start=\"1099\" data-end=\"1132\">conteneur isotherme CARGO 900<\/strong>.<\/li>\r\n \t<li data-start=\"1136\" data-end=\"1233\"><strong data-start=\"1138\" data-end=\"1150\">Mat\u00e9riau<\/strong> : <strong data-start=\"1153\" data-end=\"1183\">Acier inoxydable r\u00e9sistant<\/strong>, id\u00e9al pour un usage intensif et professionnel.<\/li>\r\n \t<li data-start=\"1234\" data-end=\"1298\"><strong data-start=\"1236\" data-end=\"1250\">Dimensions<\/strong> : <strong data-start=\"1253\" data-end=\"1275\">625 x 970 x h16 mm<\/strong>.<\/li>\r\n \t<li data-start=\"1299\" data-end=\"1441\" data-is-last-node=\"\"><strong data-start=\"1301\" data-end=\"1319\">Fonctionnalit\u00e9<\/strong> : Assure une <strong data-start=\"1333\" data-end=\"1372\">distribution optimale du chargement<\/strong>, am\u00e9liorant la <strong data-start=\"1388\" data-end=\"1428\">stabilit\u00e9 et la gestion des aliments<\/strong> transport\u00e9s.<\/li>\r\n<\/ul>","protected":false},"excerpt":{"rendered":"La grille GN 1\/1 en acier inoxydable est con\u00e7ue pour optimiser l\u2019organisation du chargement \u00e0 l\u2019int\u00e9rieur du conteneur isotherme CARGO 900, garantissant une s\u00e9paration efficace des aliments lors du transport. Compatibilit\u00e9 : Adapt\u00e9e pour une utilisation \u00e0 l\u2019int\u00e9rieur du conteneur isotherme CARGO 900. Mat\u00e9riau : Acier inoxydable r\u00e9sistant, id\u00e9al pour un usage intensif et professionnel. [&hellip;]","protected":false},"featured_media":2152,"template":"","meta":{"_acf_changed":false,"_themeisle_gutenberg_block_has_review":false},"product_brand":[],"product_cat":[241],"product_tag":[],"class_list":{"0":"post-8100","1":"product","2":"type-product","3":"status-publish","4":"has-post-thumbnail","6":"product_cat-accessoires","8":"first","9":"instock","10":"product-type-simple"},"acf":[],"yoast_head":"<!-- This site is optimized with the Yoast SEO plugin v26.4 - https:\/\/yoast.com\/wordpress\/plugins\/seo\/ -->\n<title>Grille en acier inoxydable - MELFORM<\/title>\n<meta name=\"robots\" content=\"index, follow, max-snippet:-1, max-image-preview:large, max-video-preview:-1\" \/>\n<link rel=\"canonical\" href=\"https:\/\/www.melform.com\/fr\/conteneurs-\/catalogue-de-produits\/accessoires\/grille-5\/\" \/>\n<meta property=\"og:locale\" content=\"fr_FR\" \/>\n<meta property=\"og:type\" content=\"article\" \/>\n<meta property=\"og:title\" content=\"Grille en acier inoxydable - MELFORM\" \/>\n<meta property=\"og:description\" content=\"La grille GN 1\/1 en acier inoxydable est con\u00e7ue pour optimiser l\u2019organisation du chargement \u00e0 l\u2019int\u00e9rieur du conteneur isotherme CARGO 900, garantissant une s\u00e9paration efficace des aliments lors du transport. Compatibilit\u00e9 : Adapt\u00e9e pour une utilisation \u00e0 l\u2019int\u00e9rieur du conteneur isotherme CARGO 900. Mat\u00e9riau : Acier inoxydable r\u00e9sistant, id\u00e9al pour un usage intensif et professionnel. [&hellip;]\" \/>\n<meta property=\"og:url\" content=\"https:\/\/www.melform.com\/fr\/conteneurs-\/catalogue-de-produits\/accessoires\/grille-5\/\" \/>\n<meta property=\"og:site_name\" content=\"MELFORM\" \/>\n<meta property=\"article:modified_time\" content=\"2025-02-20T13:45:40+00:00\" \/>\n<meta property=\"og:image\" content=\"https:\/\/www.melform.com\/wp-content\/uploads\/2022\/09\/AEA010.jpg\" \/>\n\t<meta property=\"og:image:width\" content=\"667\" \/>\n\t<meta property=\"og:image:height\" content=\"1000\" \/>\n\t<meta property=\"og:image:type\" content=\"image\/jpeg\" \/>\n<meta name=\"twitter:card\" content=\"summary_large_image\" \/>\n<script type=\"application\/ld+json\" class=\"yoast-schema-graph\">{\"@context\":\"https:\/\/schema.org\",\"@graph\":[{\"@type\":\"WebPage\",\"@id\":\"https:\/\/www.melform.com\/fr\/conteneurs-\/catalogue-de-produits\/accessoires\/grille-5\/\",\"url\":\"https:\/\/www.melform.com\/fr\/conteneurs-\/catalogue-de-produits\/accessoires\/grille-5\/\",\"name\":\"Grille en acier inoxydable - MELFORM\",\"isPartOf\":{\"@id\":\"https:\/\/www.melform.com\/fr\/#website\"},\"primaryImageOfPage\":{\"@id\":\"https:\/\/www.melform.com\/fr\/conteneurs-\/catalogue-de-produits\/accessoires\/grille-5\/#primaryimage\"},\"image\":{\"@id\":\"https:\/\/www.melform.com\/fr\/conteneurs-\/catalogue-de-produits\/accessoires\/grille-5\/#primaryimage\"},\"thumbnailUrl\":\"https:\/\/www.melform.com\/wp-content\/uploads\/2022\/09\/AEA010.jpg\",\"datePublished\":\"2022-10-11T14:41:05+00:00\",\"dateModified\":\"2025-02-20T13:45:40+00:00\",\"breadcrumb\":{\"@id\":\"https:\/\/www.melform.com\/fr\/conteneurs-\/catalogue-de-produits\/accessoires\/grille-5\/#breadcrumb\"},\"inLanguage\":\"fr-FR\",\"potentialAction\":[{\"@type\":\"ReadAction\",\"target\":[\"https:\/\/www.melform.com\/fr\/conteneurs-\/catalogue-de-produits\/accessoires\/grille-5\/\"]}]},{\"@type\":\"ImageObject\",\"inLanguage\":\"fr-FR\",\"@id\":\"https:\/\/www.melform.com\/fr\/conteneurs-\/catalogue-de-produits\/accessoires\/grille-5\/#primaryimage\",\"url\":\"https:\/\/www.melform.com\/wp-content\/uploads\/2022\/09\/AEA010.jpg\",\"contentUrl\":\"https:\/\/www.melform.com\/wp-content\/uploads\/2022\/09\/AEA010.jpg\",\"width\":667,\"height\":1000},{\"@type\":\"BreadcrumbList\",\"@id\":\"https:\/\/www.melform.com\/fr\/conteneurs-\/catalogue-de-produits\/accessoires\/grille-5\/#breadcrumb\",\"itemListElement\":[{\"@type\":\"ListItem\",\"position\":1,\"name\":\"Home\",\"item\":\"https:\/\/www.melform.com\/fr\/\"},{\"@type\":\"ListItem\",\"position\":2,\"name\":\"Shop\",\"item\":\"https:\/\/www.melform.com\/fr\/shop\/\"},{\"@type\":\"ListItem\",\"position\":3,\"name\":\"Grille en acier inoxydable\"}]},{\"@type\":\"WebSite\",\"@id\":\"https:\/\/www.melform.com\/fr\/#website\",\"url\":\"https:\/\/www.melform.com\/fr\/\",\"name\":\"MELFORM\",\"description\":\"SISTEMI PER IL TRASPORTO E STOCCAGGIO A TEMPERATURA CONTROLLATA\",\"potentialAction\":[{\"@type\":\"SearchAction\",\"target\":{\"@type\":\"EntryPoint\",\"urlTemplate\":\"https:\/\/www.melform.com\/fr\/?s={search_term_string}\"},\"query-input\":{\"@type\":\"PropertyValueSpecification\",\"valueRequired\":true,\"valueName\":\"search_term_string\"}}],\"inLanguage\":\"fr-FR\"}]}<\/script>\n<!-- \/ Yoast SEO plugin. -->","yoast_head_json":{"title":"Grille en acier inoxydable - MELFORM","robots":{"index":"index","follow":"follow","max-snippet":"max-snippet:-1","max-image-preview":"max-image-preview:large","max-video-preview":"max-video-preview:-1"},"canonical":"https:\/\/www.melform.com\/fr\/conteneurs-\/catalogue-de-produits\/accessoires\/grille-5\/","og_locale":"fr_FR","og_type":"article","og_title":"Grille en acier inoxydable - MELFORM","og_description":"La grille GN 1\/1 en acier inoxydable est con\u00e7ue pour optimiser l\u2019organisation du chargement \u00e0 l\u2019int\u00e9rieur du conteneur isotherme CARGO 900, garantissant une s\u00e9paration efficace des aliments lors du transport. Compatibilit\u00e9 : Adapt\u00e9e pour une utilisation \u00e0 l\u2019int\u00e9rieur du conteneur isotherme CARGO 900. Mat\u00e9riau : Acier inoxydable r\u00e9sistant, id\u00e9al pour un usage intensif et professionnel. [&hellip;]","og_url":"https:\/\/www.melform.com\/fr\/conteneurs-\/catalogue-de-produits\/accessoires\/grille-5\/","og_site_name":"MELFORM","article_modified_time":"2025-02-20T13:45:40+00:00","og_image":[{"width":667,"height":1000,"url":"https:\/\/www.melform.com\/wp-content\/uploads\/2022\/09\/AEA010.jpg","type":"image\/jpeg"}],"twitter_card":"summary_large_image","schema":{"@context":"https:\/\/schema.org","@graph":[{"@type":"WebPage","@id":"https:\/\/www.melform.com\/fr\/conteneurs-\/catalogue-de-produits\/accessoires\/grille-5\/","url":"https:\/\/www.melform.com\/fr\/conteneurs-\/catalogue-de-produits\/accessoires\/grille-5\/","name":"Grille en acier inoxydable - MELFORM","isPartOf":{"@id":"https:\/\/www.melform.com\/fr\/#website"},"primaryImageOfPage":{"@id":"https:\/\/www.melform.com\/fr\/conteneurs-\/catalogue-de-produits\/accessoires\/grille-5\/#primaryimage"},"image":{"@id":"https:\/\/www.melform.com\/fr\/conteneurs-\/catalogue-de-produits\/accessoires\/grille-5\/#primaryimage"},"thumbnailUrl":"https:\/\/www.melform.com\/wp-content\/uploads\/2022\/09\/AEA010.jpg","datePublished":"2022-10-11T14:41:05+00:00","dateModified":"2025-02-20T13:45:40+00:00","breadcrumb":{"@id":"https:\/\/www.melform.com\/fr\/conteneurs-\/catalogue-de-produits\/accessoires\/grille-5\/#breadcrumb"},"inLanguage":"fr-FR","potentialAction":[{"@type":"ReadAction","target":["https:\/\/www.melform.com\/fr\/conteneurs-\/catalogue-de-produits\/accessoires\/grille-5\/"]}]},{"@type":"ImageObject","inLanguage":"fr-FR","@id":"https:\/\/www.melform.com\/fr\/conteneurs-\/catalogue-de-produits\/accessoires\/grille-5\/#primaryimage","url":"https:\/\/www.melform.com\/wp-content\/uploads\/2022\/09\/AEA010.jpg","contentUrl":"https:\/\/www.melform.com\/wp-content\/uploads\/2022\/09\/AEA010.jpg","width":667,"height":1000},{"@type":"BreadcrumbList","@id":"https:\/\/www.melform.com\/fr\/conteneurs-\/catalogue-de-produits\/accessoires\/grille-5\/#breadcrumb","itemListElement":[{"@type":"ListItem","position":1,"name":"Home","item":"https:\/\/www.melform.com\/fr\/"},{"@type":"ListItem","position":2,"name":"Shop","item":"https:\/\/www.melform.com\/fr\/shop\/"},{"@type":"ListItem","position":3,"name":"Grille en acier inoxydable"}]},{"@type":"WebSite","@id":"https:\/\/www.melform.com\/fr\/#website","url":"https:\/\/www.melform.com\/fr\/","name":"MELFORM","description":"SISTEMI PER IL TRASPORTO E STOCCAGGIO A TEMPERATURA CONTROLLATA","potentialAction":[{"@type":"SearchAction","target":{"@type":"EntryPoint","urlTemplate":"https:\/\/www.melform.com\/fr\/?s={search_term_string}"},"query-input":{"@type":"PropertyValueSpecification","valueRequired":true,"valueName":"search_term_string"}}],"inLanguage":"fr-FR"}]}},"_links":{"self":[{"href":"https:\/\/www.melform.com\/fr\/wp-json\/wp\/v2\/product\/8100","targetHints":{"allow":["GET"]}}],"collection":[{"href":"https:\/\/www.melform.com\/fr\/wp-json\/wp\/v2\/product"}],"about":[{"href":"https:\/\/www.melform.com\/fr\/wp-json\/wp\/v2\/types\/product"}],"wp:featuredmedia":[{"embeddable":true,"href":"https:\/\/www.melform.com\/fr\/wp-json\/wp\/v2\/media\/2152"}],"wp:attachment":[{"href":"https:\/\/www.melform.com\/fr\/wp-json\/wp\/v2\/media?parent=8100"}],"wp:term":[{"taxonomy":"product_brand","embeddable":true,"href":"https:\/\/www.melform.com\/fr\/wp-json\/wp\/v2\/product_brand?post=8100"},{"taxonomy":"product_cat","embeddable":true,"href":"https:\/\/www.melform.com\/fr\/wp-json\/wp\/v2\/product_cat?post=8100"},{"taxonomy":"product_tag","embeddable":true,"href":"https:\/\/www.melform.com\/fr\/wp-json\/wp\/v2\/product_tag?post=8100"}],"curies":[{"name":"wp","href":"https:\/\/api.w.org\/{rel}","templated":true}]}}