{"id":8101,"date":"2022-10-11T16:41:07","date_gmt":"2022-10-11T14:41:07","guid":{"rendered":"https:\/\/www.melform.com\/product\/grille-pliable-2\/"},"modified":"2025-02-20T15:37:37","modified_gmt":"2025-02-20T13:37:37","slug":"grille-pliable-2","status":"publish","type":"product","link":"https:\/\/www.melform.com\/fr\/conteneurs-\/catalogue-de-produits\/accessoires\/grille-pliable-2\/","title":{"rendered":"Grille pliable"},"content":{"rendered":"<p data-start=\"791\" data-end=\"1061\">La <strong data-start=\"794\" data-end=\"828\">grille en plastique rabattable<\/strong> est con\u00e7ue pour <strong data-start=\"845\" data-end=\"867\">optimiser l\u2019espace<\/strong> tout en garantissant <strong data-start=\"889\" data-end=\"927\">une utilisation facile et pratique<\/strong>. Gr\u00e2ce \u00e0 son <strong data-start=\"941\" data-end=\"959\">design pliable<\/strong>, elle offre une solution polyvalente et fonctionnelle pour une organisation efficace du chargement.<\/p>\r\n\r\n<ul data-start=\"1104\" data-end=\"1444\">\r\n \t<li data-start=\"1104\" data-end=\"1166\"><strong data-start=\"1106\" data-end=\"1142\">Structure en plastique r\u00e9sistant<\/strong>, l\u00e9g\u00e8re mais robuste.<\/li>\r\n \t<li data-start=\"1167\" data-end=\"1262\"><strong data-start=\"1169\" data-end=\"1190\">Design rabattable<\/strong>, permettant de r\u00e9duire l\u2019encombrement lorsqu\u2019elle n\u2019est pas utilis\u00e9e.<\/li>\r\n \t<li data-start=\"1263\" data-end=\"1346\"><strong data-start=\"1265\" data-end=\"1300\">Facile \u00e0 installer et \u00e0 retirer<\/strong>, pour une utilisation pratique et flexible.<\/li>\r\n \t<li data-start=\"1347\" data-end=\"1444\"><strong data-start=\"1349\" data-end=\"1391\">Id\u00e9ale pour l\u2019optimisation de l\u2019espace<\/strong>, garantissant une meilleure gestion du chargement.<\/li>\r\n<\/ul>","protected":false},"excerpt":{"rendered":"La grille en plastique rabattable est con\u00e7ue pour optimiser l\u2019espace tout en garantissant une utilisation facile et pratique. Gr\u00e2ce \u00e0 son design pliable, elle offre une solution polyvalente et fonctionnelle pour une organisation efficace du chargement. Structure en plastique r\u00e9sistant, l\u00e9g\u00e8re mais robuste. Design rabattable, permettant de r\u00e9duire l\u2019encombrement lorsqu\u2019elle n\u2019est pas utilis\u00e9e. Facile \u00e0 [&hellip;]","protected":false},"featured_media":2156,"template":"","meta":{"_acf_changed":false,"_themeisle_gutenberg_block_has_review":false},"product_brand":[],"product_cat":[241],"product_tag":[],"class_list":{"0":"post-8101","1":"product","2":"type-product","3":"status-publish","4":"has-post-thumbnail","6":"product_cat-accessoires","8":"first","9":"instock","10":"product-type-simple"},"acf":[],"yoast_head":"<!-- This site is optimized with the Yoast SEO plugin v26.4 - https:\/\/yoast.com\/wordpress\/plugins\/seo\/ -->\n<title>Grille pliable - MELFORM<\/title>\n<meta name=\"robots\" content=\"index, follow, max-snippet:-1, max-image-preview:large, max-video-preview:-1\" \/>\n<link rel=\"canonical\" href=\"https:\/\/www.melform.com\/fr\/conteneurs-\/catalogue-de-produits\/accessoires\/grille-pliable-2\/\" \/>\n<meta property=\"og:locale\" content=\"fr_FR\" \/>\n<meta property=\"og:type\" content=\"article\" \/>\n<meta property=\"og:title\" content=\"Grille pliable - MELFORM\" \/>\n<meta property=\"og:description\" content=\"La grille en plastique rabattable est con\u00e7ue pour optimiser l\u2019espace tout en garantissant une utilisation facile et pratique. Gr\u00e2ce \u00e0 son design pliable, elle offre une solution polyvalente et fonctionnelle pour une organisation efficace du chargement. Structure en plastique r\u00e9sistant, l\u00e9g\u00e8re mais robuste. Design rabattable, permettant de r\u00e9duire l\u2019encombrement lorsqu\u2019elle n\u2019est pas utilis\u00e9e. Facile \u00e0 [&hellip;]\" \/>\n<meta property=\"og:url\" content=\"https:\/\/www.melform.com\/fr\/conteneurs-\/catalogue-de-produits\/accessoires\/grille-pliable-2\/\" \/>\n<meta property=\"og:site_name\" content=\"MELFORM\" \/>\n<meta property=\"article:modified_time\" content=\"2025-02-20T13:37:37+00:00\" \/>\n<meta property=\"og:image\" content=\"https:\/\/www.melform.com\/wp-content\/uploads\/2022\/09\/PAPE0003.jpg\" \/>\n\t<meta property=\"og:image:width\" content=\"667\" \/>\n\t<meta property=\"og:image:height\" content=\"1000\" \/>\n\t<meta property=\"og:image:type\" content=\"image\/jpeg\" \/>\n<meta name=\"twitter:card\" content=\"summary_large_image\" \/>\n<script type=\"application\/ld+json\" class=\"yoast-schema-graph\">{\"@context\":\"https:\/\/schema.org\",\"@graph\":[{\"@type\":\"WebPage\",\"@id\":\"https:\/\/www.melform.com\/fr\/conteneurs-\/catalogue-de-produits\/accessoires\/grille-pliable-2\/\",\"url\":\"https:\/\/www.melform.com\/fr\/conteneurs-\/catalogue-de-produits\/accessoires\/grille-pliable-2\/\",\"name\":\"Grille pliable - MELFORM\",\"isPartOf\":{\"@id\":\"https:\/\/www.melform.com\/fr\/#website\"},\"primaryImageOfPage\":{\"@id\":\"https:\/\/www.melform.com\/fr\/conteneurs-\/catalogue-de-produits\/accessoires\/grille-pliable-2\/#primaryimage\"},\"image\":{\"@id\":\"https:\/\/www.melform.com\/fr\/conteneurs-\/catalogue-de-produits\/accessoires\/grille-pliable-2\/#primaryimage\"},\"thumbnailUrl\":\"https:\/\/www.melform.com\/wp-content\/uploads\/2022\/09\/PAPE0003.jpg\",\"datePublished\":\"2022-10-11T14:41:07+00:00\",\"dateModified\":\"2025-02-20T13:37:37+00:00\",\"breadcrumb\":{\"@id\":\"https:\/\/www.melform.com\/fr\/conteneurs-\/catalogue-de-produits\/accessoires\/grille-pliable-2\/#breadcrumb\"},\"inLanguage\":\"fr-FR\",\"potentialAction\":[{\"@type\":\"ReadAction\",\"target\":[\"https:\/\/www.melform.com\/fr\/conteneurs-\/catalogue-de-produits\/accessoires\/grille-pliable-2\/\"]}]},{\"@type\":\"ImageObject\",\"inLanguage\":\"fr-FR\",\"@id\":\"https:\/\/www.melform.com\/fr\/conteneurs-\/catalogue-de-produits\/accessoires\/grille-pliable-2\/#primaryimage\",\"url\":\"https:\/\/www.melform.com\/wp-content\/uploads\/2022\/09\/PAPE0003.jpg\",\"contentUrl\":\"https:\/\/www.melform.com\/wp-content\/uploads\/2022\/09\/PAPE0003.jpg\",\"width\":667,\"height\":1000},{\"@type\":\"BreadcrumbList\",\"@id\":\"https:\/\/www.melform.com\/fr\/conteneurs-\/catalogue-de-produits\/accessoires\/grille-pliable-2\/#breadcrumb\",\"itemListElement\":[{\"@type\":\"ListItem\",\"position\":1,\"name\":\"Home\",\"item\":\"https:\/\/www.melform.com\/fr\/\"},{\"@type\":\"ListItem\",\"position\":2,\"name\":\"Shop\",\"item\":\"https:\/\/www.melform.com\/fr\/shop\/\"},{\"@type\":\"ListItem\",\"position\":3,\"name\":\"Grille pliable\"}]},{\"@type\":\"WebSite\",\"@id\":\"https:\/\/www.melform.com\/fr\/#website\",\"url\":\"https:\/\/www.melform.com\/fr\/\",\"name\":\"MELFORM\",\"description\":\"SISTEMI PER IL TRASPORTO E STOCCAGGIO A TEMPERATURA CONTROLLATA\",\"potentialAction\":[{\"@type\":\"SearchAction\",\"target\":{\"@type\":\"EntryPoint\",\"urlTemplate\":\"https:\/\/www.melform.com\/fr\/?s={search_term_string}\"},\"query-input\":{\"@type\":\"PropertyValueSpecification\",\"valueRequired\":true,\"valueName\":\"search_term_string\"}}],\"inLanguage\":\"fr-FR\"}]}<\/script>\n<!-- \/ Yoast SEO plugin. -->","yoast_head_json":{"title":"Grille pliable - MELFORM","robots":{"index":"index","follow":"follow","max-snippet":"max-snippet:-1","max-image-preview":"max-image-preview:large","max-video-preview":"max-video-preview:-1"},"canonical":"https:\/\/www.melform.com\/fr\/conteneurs-\/catalogue-de-produits\/accessoires\/grille-pliable-2\/","og_locale":"fr_FR","og_type":"article","og_title":"Grille pliable - MELFORM","og_description":"La grille en plastique rabattable est con\u00e7ue pour optimiser l\u2019espace tout en garantissant une utilisation facile et pratique. Gr\u00e2ce \u00e0 son design pliable, elle offre une solution polyvalente et fonctionnelle pour une organisation efficace du chargement. Structure en plastique r\u00e9sistant, l\u00e9g\u00e8re mais robuste. Design rabattable, permettant de r\u00e9duire l\u2019encombrement lorsqu\u2019elle n\u2019est pas utilis\u00e9e. Facile \u00e0 [&hellip;]","og_url":"https:\/\/www.melform.com\/fr\/conteneurs-\/catalogue-de-produits\/accessoires\/grille-pliable-2\/","og_site_name":"MELFORM","article_modified_time":"2025-02-20T13:37:37+00:00","og_image":[{"width":667,"height":1000,"url":"https:\/\/www.melform.com\/wp-content\/uploads\/2022\/09\/PAPE0003.jpg","type":"image\/jpeg"}],"twitter_card":"summary_large_image","schema":{"@context":"https:\/\/schema.org","@graph":[{"@type":"WebPage","@id":"https:\/\/www.melform.com\/fr\/conteneurs-\/catalogue-de-produits\/accessoires\/grille-pliable-2\/","url":"https:\/\/www.melform.com\/fr\/conteneurs-\/catalogue-de-produits\/accessoires\/grille-pliable-2\/","name":"Grille pliable - MELFORM","isPartOf":{"@id":"https:\/\/www.melform.com\/fr\/#website"},"primaryImageOfPage":{"@id":"https:\/\/www.melform.com\/fr\/conteneurs-\/catalogue-de-produits\/accessoires\/grille-pliable-2\/#primaryimage"},"image":{"@id":"https:\/\/www.melform.com\/fr\/conteneurs-\/catalogue-de-produits\/accessoires\/grille-pliable-2\/#primaryimage"},"thumbnailUrl":"https:\/\/www.melform.com\/wp-content\/uploads\/2022\/09\/PAPE0003.jpg","datePublished":"2022-10-11T14:41:07+00:00","dateModified":"2025-02-20T13:37:37+00:00","breadcrumb":{"@id":"https:\/\/www.melform.com\/fr\/conteneurs-\/catalogue-de-produits\/accessoires\/grille-pliable-2\/#breadcrumb"},"inLanguage":"fr-FR","potentialAction":[{"@type":"ReadAction","target":["https:\/\/www.melform.com\/fr\/conteneurs-\/catalogue-de-produits\/accessoires\/grille-pliable-2\/"]}]},{"@type":"ImageObject","inLanguage":"fr-FR","@id":"https:\/\/www.melform.com\/fr\/conteneurs-\/catalogue-de-produits\/accessoires\/grille-pliable-2\/#primaryimage","url":"https:\/\/www.melform.com\/wp-content\/uploads\/2022\/09\/PAPE0003.jpg","contentUrl":"https:\/\/www.melform.com\/wp-content\/uploads\/2022\/09\/PAPE0003.jpg","width":667,"height":1000},{"@type":"BreadcrumbList","@id":"https:\/\/www.melform.com\/fr\/conteneurs-\/catalogue-de-produits\/accessoires\/grille-pliable-2\/#breadcrumb","itemListElement":[{"@type":"ListItem","position":1,"name":"Home","item":"https:\/\/www.melform.com\/fr\/"},{"@type":"ListItem","position":2,"name":"Shop","item":"https:\/\/www.melform.com\/fr\/shop\/"},{"@type":"ListItem","position":3,"name":"Grille pliable"}]},{"@type":"WebSite","@id":"https:\/\/www.melform.com\/fr\/#website","url":"https:\/\/www.melform.com\/fr\/","name":"MELFORM","description":"SISTEMI PER IL TRASPORTO E STOCCAGGIO A TEMPERATURA CONTROLLATA","potentialAction":[{"@type":"SearchAction","target":{"@type":"EntryPoint","urlTemplate":"https:\/\/www.melform.com\/fr\/?s={search_term_string}"},"query-input":{"@type":"PropertyValueSpecification","valueRequired":true,"valueName":"search_term_string"}}],"inLanguage":"fr-FR"}]}},"_links":{"self":[{"href":"https:\/\/www.melform.com\/fr\/wp-json\/wp\/v2\/product\/8101","targetHints":{"allow":["GET"]}}],"collection":[{"href":"https:\/\/www.melform.com\/fr\/wp-json\/wp\/v2\/product"}],"about":[{"href":"https:\/\/www.melform.com\/fr\/wp-json\/wp\/v2\/types\/product"}],"wp:featuredmedia":[{"embeddable":true,"href":"https:\/\/www.melform.com\/fr\/wp-json\/wp\/v2\/media\/2156"}],"wp:attachment":[{"href":"https:\/\/www.melform.com\/fr\/wp-json\/wp\/v2\/media?parent=8101"}],"wp:term":[{"taxonomy":"product_brand","embeddable":true,"href":"https:\/\/www.melform.com\/fr\/wp-json\/wp\/v2\/product_brand?post=8101"},{"taxonomy":"product_cat","embeddable":true,"href":"https:\/\/www.melform.com\/fr\/wp-json\/wp\/v2\/product_cat?post=8101"},{"taxonomy":"product_tag","embeddable":true,"href":"https:\/\/www.melform.com\/fr\/wp-json\/wp\/v2\/product_tag?post=8101"}],"curies":[{"name":"wp","href":"https:\/\/api.w.org\/{rel}","templated":true}]}}