{"id":8106,"date":"2022-10-11T16:41:15","date_gmt":"2022-10-11T14:41:15","guid":{"rendered":"https:\/\/www.melform.com\/product\/configuration-du-poisson-grille-basique\/"},"modified":"2025-02-20T15:31:30","modified_gmt":"2025-02-20T13:31:30","slug":"configuration-du-poisson-grille-basique","status":"publish","type":"product","link":"https:\/\/www.melform.com\/fr\/conteneurs-\/catalogue-de-produits\/accessoires\/configuration-du-poisson-grille-basique\/","title":{"rendered":"Grille en acier inoxydable"},"content":{"rendered":"<p data-start=\"1117\" data-end=\"1384\">La <strong data-start=\"1120\" data-end=\"1150\">grille en acier inoxydable<\/strong> est con\u00e7ue pour <strong data-start=\"1167\" data-end=\"1217\">faciliter la collecte et l\u2019\u00e9vacuation de l\u2019eau<\/strong> \u00e0 l\u2019int\u00e9rieur des <strong data-start=\"1236\" data-end=\"1285\">conteneurs isothermes CARGO 900 et CARGO 1000<\/strong>, garantissant <strong data-start=\"1300\" data-end=\"1341\">une protection maximale du chargement<\/strong> lors du transport de produits de la mer.<\/p>\r\n\r\n<ul data-start=\"1427\" data-end=\"2053\" data-is-last-node=\"\" data-is-only-node=\"\">\r\n \t<li data-start=\"1427\" data-end=\"1551\"><strong data-start=\"1429\" data-end=\"1446\">Compatibilit\u00e9<\/strong> : Adapt\u00e9e aux <strong data-start=\"1461\" data-end=\"1499\">conteneurs CARGO 900 et CARGO 1000<\/strong>, version sp\u00e9cifique pour le transport du poisson.<\/li>\r\n \t<li data-start=\"1552\" data-end=\"1649\"><strong data-start=\"1554\" data-end=\"1566\">Mat\u00e9riau<\/strong> : <strong data-start=\"1569\" data-end=\"1599\">Acier inoxydable r\u00e9sistant<\/strong>, id\u00e9al pour un usage intensif et professionnel.<\/li>\r\n \t<li data-start=\"1650\" data-end=\"1771\"><strong data-start=\"1652\" data-end=\"1666\">Dimensions<\/strong> : <strong data-start=\"1669\" data-end=\"1691\">600 x 975 x H76 mm<\/strong>, con\u00e7ue pour un ajustement optimal et une stabilit\u00e9 accrue dans le conteneur.<\/li>\r\n \t<li data-start=\"1772\" data-end=\"1915\"><strong data-start=\"1774\" data-end=\"1792\">Fonctionnalit\u00e9<\/strong> : S\u00e9pare la charge de <strong data-start=\"1815\" data-end=\"1845\">l\u2019eau de fonte de la glace<\/strong>, pr\u00e9servant <strong data-start=\"1858\" data-end=\"1912\">l\u2019int\u00e9grit\u00e9 et la qualit\u00e9 des produits transport\u00e9s<\/strong>.<\/li>\r\n \t<li data-start=\"1916\" data-end=\"2053\" data-is-last-node=\"\"><strong data-start=\"1918\" data-end=\"1941\">Structure drainante<\/strong>, permettant une <strong data-start=\"1958\" data-end=\"1990\">\u00e9vacuation efficace de l\u2019eau<\/strong>, am\u00e9liorant <strong data-start=\"2003\" data-end=\"2052\">l\u2019hygi\u00e8ne et la s\u00e9curit\u00e9 pendant le transport<\/strong>.<\/li>\r\n<\/ul>","protected":false},"excerpt":{"rendered":"La grille en acier inoxydable est con\u00e7ue pour faciliter la collecte et l\u2019\u00e9vacuation de l\u2019eau \u00e0 l\u2019int\u00e9rieur des conteneurs isothermes CARGO 900 et CARGO 1000, garantissant une protection maximale du chargement lors du transport de produits de la mer. Compatibilit\u00e9 : Adapt\u00e9e aux conteneurs CARGO 900 et CARGO 1000, version sp\u00e9cifique pour le transport du [&hellip;]","protected":false},"featured_media":19865,"template":"","meta":{"_acf_changed":false,"_themeisle_gutenberg_block_has_review":false},"product_brand":[],"product_cat":[241],"product_tag":[],"class_list":{"0":"post-8106","1":"product","2":"type-product","3":"status-publish","4":"has-post-thumbnail","6":"product_cat-accessoires","8":"first","9":"instock","10":"product-type-simple"},"acf":[],"yoast_head":"<!-- This site is optimized with the Yoast SEO plugin v26.4 - https:\/\/yoast.com\/wordpress\/plugins\/seo\/ -->\n<title>Grille en acier inoxydable - MELFORM<\/title>\n<meta name=\"robots\" content=\"index, follow, max-snippet:-1, max-image-preview:large, max-video-preview:-1\" \/>\n<link rel=\"canonical\" href=\"https:\/\/www.melform.com\/fr\/conteneurs-\/catalogue-de-produits\/accessoires\/configuration-du-poisson-grille-basique\/\" \/>\n<meta property=\"og:locale\" content=\"fr_FR\" \/>\n<meta property=\"og:type\" content=\"article\" \/>\n<meta property=\"og:title\" content=\"Grille en acier inoxydable - MELFORM\" \/>\n<meta property=\"og:description\" content=\"La grille en acier inoxydable est con\u00e7ue pour faciliter la collecte et l\u2019\u00e9vacuation de l\u2019eau \u00e0 l\u2019int\u00e9rieur des conteneurs isothermes CARGO 900 et CARGO 1000, garantissant une protection maximale du chargement lors du transport de produits de la mer. Compatibilit\u00e9 : Adapt\u00e9e aux conteneurs CARGO 900 et CARGO 1000, version sp\u00e9cifique pour le transport du [&hellip;]\" \/>\n<meta property=\"og:url\" content=\"https:\/\/www.melform.com\/fr\/conteneurs-\/catalogue-de-produits\/accessoires\/configuration-du-poisson-grille-basique\/\" \/>\n<meta property=\"og:site_name\" content=\"MELFORM\" \/>\n<meta property=\"article:modified_time\" content=\"2025-02-20T13:31:30+00:00\" \/>\n<meta property=\"og:image\" content=\"https:\/\/www.melform.com\/wp-content\/uploads\/2022\/09\/AEA027.jpg\" \/>\n\t<meta property=\"og:image:width\" content=\"667\" \/>\n\t<meta property=\"og:image:height\" content=\"1000\" \/>\n\t<meta property=\"og:image:type\" content=\"image\/jpeg\" \/>\n<meta name=\"twitter:card\" content=\"summary_large_image\" \/>\n<script type=\"application\/ld+json\" class=\"yoast-schema-graph\">{\"@context\":\"https:\/\/schema.org\",\"@graph\":[{\"@type\":\"WebPage\",\"@id\":\"https:\/\/www.melform.com\/fr\/conteneurs-\/catalogue-de-produits\/accessoires\/configuration-du-poisson-grille-basique\/\",\"url\":\"https:\/\/www.melform.com\/fr\/conteneurs-\/catalogue-de-produits\/accessoires\/configuration-du-poisson-grille-basique\/\",\"name\":\"Grille en acier inoxydable - MELFORM\",\"isPartOf\":{\"@id\":\"https:\/\/www.melform.com\/fr\/#website\"},\"primaryImageOfPage\":{\"@id\":\"https:\/\/www.melform.com\/fr\/conteneurs-\/catalogue-de-produits\/accessoires\/configuration-du-poisson-grille-basique\/#primaryimage\"},\"image\":{\"@id\":\"https:\/\/www.melform.com\/fr\/conteneurs-\/catalogue-de-produits\/accessoires\/configuration-du-poisson-grille-basique\/#primaryimage\"},\"thumbnailUrl\":\"https:\/\/www.melform.com\/wp-content\/uploads\/2025\/03\/Griglia_pesce_inferiore_AEA027_HR_GRIGIA.jpeg\",\"datePublished\":\"2022-10-11T14:41:15+00:00\",\"dateModified\":\"2025-02-20T13:31:30+00:00\",\"breadcrumb\":{\"@id\":\"https:\/\/www.melform.com\/fr\/conteneurs-\/catalogue-de-produits\/accessoires\/configuration-du-poisson-grille-basique\/#breadcrumb\"},\"inLanguage\":\"fr-FR\",\"potentialAction\":[{\"@type\":\"ReadAction\",\"target\":[\"https:\/\/www.melform.com\/fr\/conteneurs-\/catalogue-de-produits\/accessoires\/configuration-du-poisson-grille-basique\/\"]}]},{\"@type\":\"ImageObject\",\"inLanguage\":\"fr-FR\",\"@id\":\"https:\/\/www.melform.com\/fr\/conteneurs-\/catalogue-de-produits\/accessoires\/configuration-du-poisson-grille-basique\/#primaryimage\",\"url\":\"https:\/\/www.melform.com\/wp-content\/uploads\/2025\/03\/Griglia_pesce_inferiore_AEA027_HR_GRIGIA.jpeg\",\"contentUrl\":\"https:\/\/www.melform.com\/wp-content\/uploads\/2025\/03\/Griglia_pesce_inferiore_AEA027_HR_GRIGIA.jpeg\",\"width\":854,\"height\":1280},{\"@type\":\"BreadcrumbList\",\"@id\":\"https:\/\/www.melform.com\/fr\/conteneurs-\/catalogue-de-produits\/accessoires\/configuration-du-poisson-grille-basique\/#breadcrumb\",\"itemListElement\":[{\"@type\":\"ListItem\",\"position\":1,\"name\":\"Home\",\"item\":\"https:\/\/www.melform.com\/fr\/\"},{\"@type\":\"ListItem\",\"position\":2,\"name\":\"Shop\",\"item\":\"https:\/\/www.melform.com\/fr\/shop\/\"},{\"@type\":\"ListItem\",\"position\":3,\"name\":\"Grille en acier inoxydable\"}]},{\"@type\":\"WebSite\",\"@id\":\"https:\/\/www.melform.com\/fr\/#website\",\"url\":\"https:\/\/www.melform.com\/fr\/\",\"name\":\"MELFORM\",\"description\":\"SISTEMI PER IL TRASPORTO E STOCCAGGIO A TEMPERATURA CONTROLLATA\",\"potentialAction\":[{\"@type\":\"SearchAction\",\"target\":{\"@type\":\"EntryPoint\",\"urlTemplate\":\"https:\/\/www.melform.com\/fr\/?s={search_term_string}\"},\"query-input\":{\"@type\":\"PropertyValueSpecification\",\"valueRequired\":true,\"valueName\":\"search_term_string\"}}],\"inLanguage\":\"fr-FR\"}]}<\/script>\n<!-- \/ Yoast SEO plugin. -->","yoast_head_json":{"title":"Grille en acier inoxydable - MELFORM","robots":{"index":"index","follow":"follow","max-snippet":"max-snippet:-1","max-image-preview":"max-image-preview:large","max-video-preview":"max-video-preview:-1"},"canonical":"https:\/\/www.melform.com\/fr\/conteneurs-\/catalogue-de-produits\/accessoires\/configuration-du-poisson-grille-basique\/","og_locale":"fr_FR","og_type":"article","og_title":"Grille en acier inoxydable - MELFORM","og_description":"La grille en acier inoxydable est con\u00e7ue pour faciliter la collecte et l\u2019\u00e9vacuation de l\u2019eau \u00e0 l\u2019int\u00e9rieur des conteneurs isothermes CARGO 900 et CARGO 1000, garantissant une protection maximale du chargement lors du transport de produits de la mer. Compatibilit\u00e9 : Adapt\u00e9e aux conteneurs CARGO 900 et CARGO 1000, version sp\u00e9cifique pour le transport du [&hellip;]","og_url":"https:\/\/www.melform.com\/fr\/conteneurs-\/catalogue-de-produits\/accessoires\/configuration-du-poisson-grille-basique\/","og_site_name":"MELFORM","article_modified_time":"2025-02-20T13:31:30+00:00","og_image":[{"width":667,"height":1000,"url":"https:\/\/www.melform.com\/wp-content\/uploads\/2022\/09\/AEA027.jpg","type":"image\/jpeg"}],"twitter_card":"summary_large_image","schema":{"@context":"https:\/\/schema.org","@graph":[{"@type":"WebPage","@id":"https:\/\/www.melform.com\/fr\/conteneurs-\/catalogue-de-produits\/accessoires\/configuration-du-poisson-grille-basique\/","url":"https:\/\/www.melform.com\/fr\/conteneurs-\/catalogue-de-produits\/accessoires\/configuration-du-poisson-grille-basique\/","name":"Grille en acier inoxydable - MELFORM","isPartOf":{"@id":"https:\/\/www.melform.com\/fr\/#website"},"primaryImageOfPage":{"@id":"https:\/\/www.melform.com\/fr\/conteneurs-\/catalogue-de-produits\/accessoires\/configuration-du-poisson-grille-basique\/#primaryimage"},"image":{"@id":"https:\/\/www.melform.com\/fr\/conteneurs-\/catalogue-de-produits\/accessoires\/configuration-du-poisson-grille-basique\/#primaryimage"},"thumbnailUrl":"https:\/\/www.melform.com\/wp-content\/uploads\/2025\/03\/Griglia_pesce_inferiore_AEA027_HR_GRIGIA.jpeg","datePublished":"2022-10-11T14:41:15+00:00","dateModified":"2025-02-20T13:31:30+00:00","breadcrumb":{"@id":"https:\/\/www.melform.com\/fr\/conteneurs-\/catalogue-de-produits\/accessoires\/configuration-du-poisson-grille-basique\/#breadcrumb"},"inLanguage":"fr-FR","potentialAction":[{"@type":"ReadAction","target":["https:\/\/www.melform.com\/fr\/conteneurs-\/catalogue-de-produits\/accessoires\/configuration-du-poisson-grille-basique\/"]}]},{"@type":"ImageObject","inLanguage":"fr-FR","@id":"https:\/\/www.melform.com\/fr\/conteneurs-\/catalogue-de-produits\/accessoires\/configuration-du-poisson-grille-basique\/#primaryimage","url":"https:\/\/www.melform.com\/wp-content\/uploads\/2025\/03\/Griglia_pesce_inferiore_AEA027_HR_GRIGIA.jpeg","contentUrl":"https:\/\/www.melform.com\/wp-content\/uploads\/2025\/03\/Griglia_pesce_inferiore_AEA027_HR_GRIGIA.jpeg","width":854,"height":1280},{"@type":"BreadcrumbList","@id":"https:\/\/www.melform.com\/fr\/conteneurs-\/catalogue-de-produits\/accessoires\/configuration-du-poisson-grille-basique\/#breadcrumb","itemListElement":[{"@type":"ListItem","position":1,"name":"Home","item":"https:\/\/www.melform.com\/fr\/"},{"@type":"ListItem","position":2,"name":"Shop","item":"https:\/\/www.melform.com\/fr\/shop\/"},{"@type":"ListItem","position":3,"name":"Grille en acier inoxydable"}]},{"@type":"WebSite","@id":"https:\/\/www.melform.com\/fr\/#website","url":"https:\/\/www.melform.com\/fr\/","name":"MELFORM","description":"SISTEMI PER IL TRASPORTO E STOCCAGGIO A TEMPERATURA CONTROLLATA","potentialAction":[{"@type":"SearchAction","target":{"@type":"EntryPoint","urlTemplate":"https:\/\/www.melform.com\/fr\/?s={search_term_string}"},"query-input":{"@type":"PropertyValueSpecification","valueRequired":true,"valueName":"search_term_string"}}],"inLanguage":"fr-FR"}]}},"_links":{"self":[{"href":"https:\/\/www.melform.com\/fr\/wp-json\/wp\/v2\/product\/8106","targetHints":{"allow":["GET"]}}],"collection":[{"href":"https:\/\/www.melform.com\/fr\/wp-json\/wp\/v2\/product"}],"about":[{"href":"https:\/\/www.melform.com\/fr\/wp-json\/wp\/v2\/types\/product"}],"wp:featuredmedia":[{"embeddable":true,"href":"https:\/\/www.melform.com\/fr\/wp-json\/wp\/v2\/media\/19865"}],"wp:attachment":[{"href":"https:\/\/www.melform.com\/fr\/wp-json\/wp\/v2\/media?parent=8106"}],"wp:term":[{"taxonomy":"product_brand","embeddable":true,"href":"https:\/\/www.melform.com\/fr\/wp-json\/wp\/v2\/product_brand?post=8106"},{"taxonomy":"product_cat","embeddable":true,"href":"https:\/\/www.melform.com\/fr\/wp-json\/wp\/v2\/product_cat?post=8106"},{"taxonomy":"product_tag","embeddable":true,"href":"https:\/\/www.melform.com\/fr\/wp-json\/wp\/v2\/product_tag?post=8106"}],"curies":[{"name":"wp","href":"https:\/\/api.w.org\/{rel}","templated":true}]}}