{"id":8107,"date":"2022-10-11T16:41:16","date_gmt":"2022-10-11T14:41:16","guid":{"rendered":"https:\/\/www.melform.com\/product\/configuration-du-poisson-ramasse-gouttes-2\/"},"modified":"2025-02-20T15:22:06","modified_gmt":"2025-02-20T13:22:06","slug":"configuration-du-poisson-ramasse-gouttes-2","status":"publish","type":"product","link":"https:\/\/www.melform.com\/fr\/conteneurs-\/catalogue-de-produits\/accessoires\/configuration-du-poisson-ramasse-gouttes-2\/","title":{"rendered":"Ramasse-gouttes pour transport produits de la mer"},"content":{"rendered":"<p data-start=\"1050\" data-end=\"1248\">La <strong data-start=\"1053\" data-end=\"1092\">palette de r\u00e9cup\u00e9ration des gouttes<\/strong> est con\u00e7ue pour <strong data-start=\"1109\" data-end=\"1149\">collecter l\u2019eau de fonte de la glace<\/strong> lors du <strong data-start=\"1158\" data-end=\"1193\">transport de produits de la mer<\/strong>, garantissant <strong data-start=\"1208\" data-end=\"1245\">une meilleure hygi\u00e8ne et s\u00e9curit\u00e9<\/strong>.<\/p>\r\n\r\n<ul data-start=\"1291\" data-end=\"1787\">\r\n \t<li data-start=\"1291\" data-end=\"1432\"><strong data-start=\"1293\" data-end=\"1311\">Fonctionnalit\u00e9<\/strong> : Collecte efficacement l\u2019eau de fonte de la glace, \u00e9vitant toute accumulation ind\u00e9sirable \u00e0 l\u2019int\u00e9rieur du conteneur.<\/li>\r\n \t<li data-start=\"1433\" data-end=\"1559\"><strong data-start=\"1435\" data-end=\"1452\">Compatibilit\u00e9<\/strong> : Sp\u00e9cifiquement con\u00e7ue pour une utilisation avec les <strong data-start=\"1507\" data-end=\"1556\">conteneurs isothermes CARGO 900 et CARGO 1000<\/strong>.<\/li>\r\n \t<li data-start=\"1560\" data-end=\"1670\"><strong data-start=\"1562\" data-end=\"1576\">Dimensions<\/strong> : <strong data-start=\"1579\" data-end=\"1602\">620 x 980 x H120 mm<\/strong>, parfaitement adapt\u00e9es pour un ajustement optimal aux conteneurs.<\/li>\r\n \t<li data-start=\"1671\" data-end=\"1787\"><strong data-start=\"1673\" data-end=\"1694\">Structure robuste<\/strong>, id\u00e9ale pour le transport de produits frais, am\u00e9liorant la gestion des liquides r\u00e9siduels.<\/li>\r\n<\/ul>","protected":false},"excerpt":{"rendered":"La palette de r\u00e9cup\u00e9ration des gouttes est con\u00e7ue pour collecter l\u2019eau de fonte de la glace lors du transport de produits de la mer, garantissant une meilleure hygi\u00e8ne et s\u00e9curit\u00e9. Fonctionnalit\u00e9 : Collecte efficacement l\u2019eau de fonte de la glace, \u00e9vitant toute accumulation ind\u00e9sirable \u00e0 l\u2019int\u00e9rieur du conteneur. Compatibilit\u00e9 : Sp\u00e9cifiquement con\u00e7ue pour une utilisation [&hellip;]","protected":false},"featured_media":19877,"template":"","meta":{"_acf_changed":false,"_themeisle_gutenberg_block_has_review":false},"product_brand":[],"product_cat":[241],"product_tag":[],"class_list":{"0":"post-8107","1":"product","2":"type-product","3":"status-publish","4":"has-post-thumbnail","6":"product_cat-accessoires","8":"first","9":"instock","10":"product-type-simple"},"acf":[],"yoast_head":"<!-- This site is optimized with the Yoast SEO plugin v26.4 - https:\/\/yoast.com\/wordpress\/plugins\/seo\/ -->\n<title>Ramasse-gouttes pour transport produits de la mer - MELFORM<\/title>\n<meta name=\"robots\" content=\"index, follow, max-snippet:-1, max-image-preview:large, max-video-preview:-1\" \/>\n<link rel=\"canonical\" href=\"https:\/\/www.melform.com\/fr\/conteneurs-\/catalogue-de-produits\/accessoires\/configuration-du-poisson-ramasse-gouttes-2\/\" \/>\n<meta property=\"og:locale\" content=\"fr_FR\" \/>\n<meta property=\"og:type\" content=\"article\" \/>\n<meta property=\"og:title\" content=\"Ramasse-gouttes pour transport produits de la mer - MELFORM\" \/>\n<meta property=\"og:description\" content=\"La palette de r\u00e9cup\u00e9ration des gouttes est con\u00e7ue pour collecter l\u2019eau de fonte de la glace lors du transport de produits de la mer, garantissant une meilleure hygi\u00e8ne et s\u00e9curit\u00e9. Fonctionnalit\u00e9 : Collecte efficacement l\u2019eau de fonte de la glace, \u00e9vitant toute accumulation ind\u00e9sirable \u00e0 l\u2019int\u00e9rieur du conteneur. Compatibilit\u00e9 : Sp\u00e9cifiquement con\u00e7ue pour une utilisation [&hellip;]\" \/>\n<meta property=\"og:url\" content=\"https:\/\/www.melform.com\/fr\/conteneurs-\/catalogue-de-produits\/accessoires\/configuration-du-poisson-ramasse-gouttes-2\/\" \/>\n<meta property=\"og:site_name\" content=\"MELFORM\" \/>\n<meta property=\"article:modified_time\" content=\"2025-02-20T13:22:06+00:00\" \/>\n<meta property=\"og:image\" content=\"https:\/\/www.melform.com\/wp-content\/uploads\/2022\/09\/3518.jpg\" \/>\n\t<meta property=\"og:image:width\" content=\"1000\" \/>\n\t<meta property=\"og:image:height\" content=\"667\" \/>\n\t<meta property=\"og:image:type\" content=\"image\/jpeg\" \/>\n<meta name=\"twitter:card\" content=\"summary_large_image\" \/>\n<script type=\"application\/ld+json\" class=\"yoast-schema-graph\">{\"@context\":\"https:\/\/schema.org\",\"@graph\":[{\"@type\":\"WebPage\",\"@id\":\"https:\/\/www.melform.com\/fr\/conteneurs-\/catalogue-de-produits\/accessoires\/configuration-du-poisson-ramasse-gouttes-2\/\",\"url\":\"https:\/\/www.melform.com\/fr\/conteneurs-\/catalogue-de-produits\/accessoires\/configuration-du-poisson-ramasse-gouttes-2\/\",\"name\":\"Ramasse-gouttes pour transport produits de la mer - MELFORM\",\"isPartOf\":{\"@id\":\"https:\/\/www.melform.com\/fr\/#website\"},\"primaryImageOfPage\":{\"@id\":\"https:\/\/www.melform.com\/fr\/conteneurs-\/catalogue-de-produits\/accessoires\/configuration-du-poisson-ramasse-gouttes-2\/#primaryimage\"},\"image\":{\"@id\":\"https:\/\/www.melform.com\/fr\/conteneurs-\/catalogue-de-produits\/accessoires\/configuration-du-poisson-ramasse-gouttes-2\/#primaryimage\"},\"thumbnailUrl\":\"https:\/\/www.melform.com\/wp-content\/uploads\/2025\/03\/419-Raccogli-gocce_3516.jpg\",\"datePublished\":\"2022-10-11T14:41:16+00:00\",\"dateModified\":\"2025-02-20T13:22:06+00:00\",\"breadcrumb\":{\"@id\":\"https:\/\/www.melform.com\/fr\/conteneurs-\/catalogue-de-produits\/accessoires\/configuration-du-poisson-ramasse-gouttes-2\/#breadcrumb\"},\"inLanguage\":\"fr-FR\",\"potentialAction\":[{\"@type\":\"ReadAction\",\"target\":[\"https:\/\/www.melform.com\/fr\/conteneurs-\/catalogue-de-produits\/accessoires\/configuration-du-poisson-ramasse-gouttes-2\/\"]}]},{\"@type\":\"ImageObject\",\"inLanguage\":\"fr-FR\",\"@id\":\"https:\/\/www.melform.com\/fr\/conteneurs-\/catalogue-de-produits\/accessoires\/configuration-du-poisson-ramasse-gouttes-2\/#primaryimage\",\"url\":\"https:\/\/www.melform.com\/wp-content\/uploads\/2025\/03\/419-Raccogli-gocce_3516.jpg\",\"contentUrl\":\"https:\/\/www.melform.com\/wp-content\/uploads\/2025\/03\/419-Raccogli-gocce_3516.jpg\",\"width\":1348,\"height\":899},{\"@type\":\"BreadcrumbList\",\"@id\":\"https:\/\/www.melform.com\/fr\/conteneurs-\/catalogue-de-produits\/accessoires\/configuration-du-poisson-ramasse-gouttes-2\/#breadcrumb\",\"itemListElement\":[{\"@type\":\"ListItem\",\"position\":1,\"name\":\"Home\",\"item\":\"https:\/\/www.melform.com\/fr\/\"},{\"@type\":\"ListItem\",\"position\":2,\"name\":\"Shop\",\"item\":\"https:\/\/www.melform.com\/fr\/shop\/\"},{\"@type\":\"ListItem\",\"position\":3,\"name\":\"Ramasse-gouttes pour transport produits de la mer\"}]},{\"@type\":\"WebSite\",\"@id\":\"https:\/\/www.melform.com\/fr\/#website\",\"url\":\"https:\/\/www.melform.com\/fr\/\",\"name\":\"MELFORM\",\"description\":\"SISTEMI PER IL TRASPORTO E STOCCAGGIO A TEMPERATURA CONTROLLATA\",\"potentialAction\":[{\"@type\":\"SearchAction\",\"target\":{\"@type\":\"EntryPoint\",\"urlTemplate\":\"https:\/\/www.melform.com\/fr\/?s={search_term_string}\"},\"query-input\":{\"@type\":\"PropertyValueSpecification\",\"valueRequired\":true,\"valueName\":\"search_term_string\"}}],\"inLanguage\":\"fr-FR\"}]}<\/script>\n<!-- \/ Yoast SEO plugin. -->","yoast_head_json":{"title":"Ramasse-gouttes pour transport produits de la mer - MELFORM","robots":{"index":"index","follow":"follow","max-snippet":"max-snippet:-1","max-image-preview":"max-image-preview:large","max-video-preview":"max-video-preview:-1"},"canonical":"https:\/\/www.melform.com\/fr\/conteneurs-\/catalogue-de-produits\/accessoires\/configuration-du-poisson-ramasse-gouttes-2\/","og_locale":"fr_FR","og_type":"article","og_title":"Ramasse-gouttes pour transport produits de la mer - MELFORM","og_description":"La palette de r\u00e9cup\u00e9ration des gouttes est con\u00e7ue pour collecter l\u2019eau de fonte de la glace lors du transport de produits de la mer, garantissant une meilleure hygi\u00e8ne et s\u00e9curit\u00e9. Fonctionnalit\u00e9 : Collecte efficacement l\u2019eau de fonte de la glace, \u00e9vitant toute accumulation ind\u00e9sirable \u00e0 l\u2019int\u00e9rieur du conteneur. Compatibilit\u00e9 : Sp\u00e9cifiquement con\u00e7ue pour une utilisation [&hellip;]","og_url":"https:\/\/www.melform.com\/fr\/conteneurs-\/catalogue-de-produits\/accessoires\/configuration-du-poisson-ramasse-gouttes-2\/","og_site_name":"MELFORM","article_modified_time":"2025-02-20T13:22:06+00:00","og_image":[{"width":1000,"height":667,"url":"https:\/\/www.melform.com\/wp-content\/uploads\/2022\/09\/3518.jpg","type":"image\/jpeg"}],"twitter_card":"summary_large_image","schema":{"@context":"https:\/\/schema.org","@graph":[{"@type":"WebPage","@id":"https:\/\/www.melform.com\/fr\/conteneurs-\/catalogue-de-produits\/accessoires\/configuration-du-poisson-ramasse-gouttes-2\/","url":"https:\/\/www.melform.com\/fr\/conteneurs-\/catalogue-de-produits\/accessoires\/configuration-du-poisson-ramasse-gouttes-2\/","name":"Ramasse-gouttes pour transport produits de la mer - MELFORM","isPartOf":{"@id":"https:\/\/www.melform.com\/fr\/#website"},"primaryImageOfPage":{"@id":"https:\/\/www.melform.com\/fr\/conteneurs-\/catalogue-de-produits\/accessoires\/configuration-du-poisson-ramasse-gouttes-2\/#primaryimage"},"image":{"@id":"https:\/\/www.melform.com\/fr\/conteneurs-\/catalogue-de-produits\/accessoires\/configuration-du-poisson-ramasse-gouttes-2\/#primaryimage"},"thumbnailUrl":"https:\/\/www.melform.com\/wp-content\/uploads\/2025\/03\/419-Raccogli-gocce_3516.jpg","datePublished":"2022-10-11T14:41:16+00:00","dateModified":"2025-02-20T13:22:06+00:00","breadcrumb":{"@id":"https:\/\/www.melform.com\/fr\/conteneurs-\/catalogue-de-produits\/accessoires\/configuration-du-poisson-ramasse-gouttes-2\/#breadcrumb"},"inLanguage":"fr-FR","potentialAction":[{"@type":"ReadAction","target":["https:\/\/www.melform.com\/fr\/conteneurs-\/catalogue-de-produits\/accessoires\/configuration-du-poisson-ramasse-gouttes-2\/"]}]},{"@type":"ImageObject","inLanguage":"fr-FR","@id":"https:\/\/www.melform.com\/fr\/conteneurs-\/catalogue-de-produits\/accessoires\/configuration-du-poisson-ramasse-gouttes-2\/#primaryimage","url":"https:\/\/www.melform.com\/wp-content\/uploads\/2025\/03\/419-Raccogli-gocce_3516.jpg","contentUrl":"https:\/\/www.melform.com\/wp-content\/uploads\/2025\/03\/419-Raccogli-gocce_3516.jpg","width":1348,"height":899},{"@type":"BreadcrumbList","@id":"https:\/\/www.melform.com\/fr\/conteneurs-\/catalogue-de-produits\/accessoires\/configuration-du-poisson-ramasse-gouttes-2\/#breadcrumb","itemListElement":[{"@type":"ListItem","position":1,"name":"Home","item":"https:\/\/www.melform.com\/fr\/"},{"@type":"ListItem","position":2,"name":"Shop","item":"https:\/\/www.melform.com\/fr\/shop\/"},{"@type":"ListItem","position":3,"name":"Ramasse-gouttes pour transport produits de la mer"}]},{"@type":"WebSite","@id":"https:\/\/www.melform.com\/fr\/#website","url":"https:\/\/www.melform.com\/fr\/","name":"MELFORM","description":"SISTEMI PER IL TRASPORTO E STOCCAGGIO A TEMPERATURA CONTROLLATA","potentialAction":[{"@type":"SearchAction","target":{"@type":"EntryPoint","urlTemplate":"https:\/\/www.melform.com\/fr\/?s={search_term_string}"},"query-input":{"@type":"PropertyValueSpecification","valueRequired":true,"valueName":"search_term_string"}}],"inLanguage":"fr-FR"}]}},"_links":{"self":[{"href":"https:\/\/www.melform.com\/fr\/wp-json\/wp\/v2\/product\/8107","targetHints":{"allow":["GET"]}}],"collection":[{"href":"https:\/\/www.melform.com\/fr\/wp-json\/wp\/v2\/product"}],"about":[{"href":"https:\/\/www.melform.com\/fr\/wp-json\/wp\/v2\/types\/product"}],"wp:featuredmedia":[{"embeddable":true,"href":"https:\/\/www.melform.com\/fr\/wp-json\/wp\/v2\/media\/19877"}],"wp:attachment":[{"href":"https:\/\/www.melform.com\/fr\/wp-json\/wp\/v2\/media?parent=8107"}],"wp:term":[{"taxonomy":"product_brand","embeddable":true,"href":"https:\/\/www.melform.com\/fr\/wp-json\/wp\/v2\/product_brand?post=8107"},{"taxonomy":"product_cat","embeddable":true,"href":"https:\/\/www.melform.com\/fr\/wp-json\/wp\/v2\/product_cat?post=8107"},{"taxonomy":"product_tag","embeddable":true,"href":"https:\/\/www.melform.com\/fr\/wp-json\/wp\/v2\/product_tag?post=8107"}],"curies":[{"name":"wp","href":"https:\/\/api.w.org\/{rel}","templated":true}]}}