{"id":8110,"date":"2022-10-11T16:41:23","date_gmt":"2022-10-11T14:41:23","guid":{"rendered":"https:\/\/www.melform.com\/product\/configuration-du-poisson-ramasse-gouttes-3\/"},"modified":"2025-03-08T11:11:30","modified_gmt":"2025-03-08T09:11:30","slug":"configuration-du-poisson-ramasse-gouttes-3","status":"publish","type":"product","link":"https:\/\/www.melform.com\/fr\/conteneurs-\/catalogue-de-produits\/accessoires\/configuration-du-poisson-ramasse-gouttes-3\/","title":{"rendered":"Palette ramasse-gouttes"},"content":{"rendered":"<p data-start=\"607\" data-end=\"1074\" data-is-last-node=\"\" data-is-only-node=\"\">Palette de r\u00e9cup\u00e9ration des gouttes con\u00e7ue pour \u00eatre plac\u00e9e au fond du conteneur, id\u00e9ale pour prot\u00e9ger les produits charg\u00e9s de l\u2019humidit\u00e9 et du contact avec les liquides. Fabriqu\u00e9e en mat\u00e9riau r\u00e9sistant, elle est compatible avec les dimensions standard <strong data-start=\"860\" data-end=\"874\">Europallet<\/strong>, garantissant un support stable et s\u00e9curis\u00e9 lors du transport et du stockage. Parfaite pour pr\u00e9server l\u2019int\u00e9grit\u00e9 des produits dans des environnements pr\u00e9sentant un risque d\u2019infiltration de liquides.<\/p>","protected":false},"excerpt":{"rendered":"Palette de r\u00e9cup\u00e9ration des gouttes con\u00e7ue pour \u00eatre plac\u00e9e au fond du conteneur, id\u00e9ale pour prot\u00e9ger les produits charg\u00e9s de l\u2019humidit\u00e9 et du contact avec les liquides. Fabriqu\u00e9e en mat\u00e9riau r\u00e9sistant, elle est compatible avec les dimensions standard Europallet, garantissant un support stable et s\u00e9curis\u00e9 lors du transport et du stockage. Parfaite pour pr\u00e9server l\u2019int\u00e9grit\u00e9 [&hellip;]","protected":false},"featured_media":19881,"template":"","meta":{"_acf_changed":false,"_themeisle_gutenberg_block_has_review":false},"product_brand":[],"product_cat":[241],"product_tag":[],"class_list":{"0":"post-8110","1":"product","2":"type-product","3":"status-publish","4":"has-post-thumbnail","6":"product_cat-accessoires","8":"first","9":"instock","10":"product-type-simple"},"acf":[],"yoast_head":"<!-- This site is optimized with the Yoast SEO plugin v26.4 - https:\/\/yoast.com\/wordpress\/plugins\/seo\/ -->\n<title>Palette ramasse-gouttes - MELFORM<\/title>\n<meta name=\"robots\" content=\"index, follow, max-snippet:-1, max-image-preview:large, max-video-preview:-1\" \/>\n<link rel=\"canonical\" href=\"https:\/\/www.melform.com\/fr\/conteneurs-\/catalogue-de-produits\/accessoires\/configuration-du-poisson-ramasse-gouttes-3\/\" \/>\n<meta property=\"og:locale\" content=\"fr_FR\" \/>\n<meta property=\"og:type\" content=\"article\" \/>\n<meta property=\"og:title\" content=\"Palette ramasse-gouttes - MELFORM\" \/>\n<meta property=\"og:description\" content=\"Palette de r\u00e9cup\u00e9ration des gouttes con\u00e7ue pour \u00eatre plac\u00e9e au fond du conteneur, id\u00e9ale pour prot\u00e9ger les produits charg\u00e9s de l\u2019humidit\u00e9 et du contact avec les liquides. Fabriqu\u00e9e en mat\u00e9riau r\u00e9sistant, elle est compatible avec les dimensions standard Europallet, garantissant un support stable et s\u00e9curis\u00e9 lors du transport et du stockage. Parfaite pour pr\u00e9server l\u2019int\u00e9grit\u00e9 [&hellip;]\" \/>\n<meta property=\"og:url\" content=\"https:\/\/www.melform.com\/fr\/conteneurs-\/catalogue-de-produits\/accessoires\/configuration-du-poisson-ramasse-gouttes-3\/\" \/>\n<meta property=\"og:site_name\" content=\"MELFORM\" \/>\n<meta property=\"article:modified_time\" content=\"2025-03-08T09:11:30+00:00\" \/>\n<meta property=\"og:image\" content=\"https:\/\/www.melform.com\/wp-content\/uploads\/2025\/03\/ANA00101.jpg\" \/>\n\t<meta property=\"og:image:width\" content=\"271\" \/>\n\t<meta property=\"og:image:height\" content=\"215\" \/>\n\t<meta property=\"og:image:type\" content=\"image\/jpeg\" \/>\n<meta name=\"twitter:card\" content=\"summary_large_image\" \/>\n<script type=\"application\/ld+json\" class=\"yoast-schema-graph\">{\"@context\":\"https:\/\/schema.org\",\"@graph\":[{\"@type\":\"WebPage\",\"@id\":\"https:\/\/www.melform.com\/fr\/conteneurs-\/catalogue-de-produits\/accessoires\/configuration-du-poisson-ramasse-gouttes-3\/\",\"url\":\"https:\/\/www.melform.com\/fr\/conteneurs-\/catalogue-de-produits\/accessoires\/configuration-du-poisson-ramasse-gouttes-3\/\",\"name\":\"Palette ramasse-gouttes - MELFORM\",\"isPartOf\":{\"@id\":\"https:\/\/www.melform.com\/fr\/#website\"},\"primaryImageOfPage\":{\"@id\":\"https:\/\/www.melform.com\/fr\/conteneurs-\/catalogue-de-produits\/accessoires\/configuration-du-poisson-ramasse-gouttes-3\/#primaryimage\"},\"image\":{\"@id\":\"https:\/\/www.melform.com\/fr\/conteneurs-\/catalogue-de-produits\/accessoires\/configuration-du-poisson-ramasse-gouttes-3\/#primaryimage\"},\"thumbnailUrl\":\"https:\/\/www.melform.com\/wp-content\/uploads\/2025\/03\/ANA00101.jpg\",\"datePublished\":\"2022-10-11T14:41:23+00:00\",\"dateModified\":\"2025-03-08T09:11:30+00:00\",\"breadcrumb\":{\"@id\":\"https:\/\/www.melform.com\/fr\/conteneurs-\/catalogue-de-produits\/accessoires\/configuration-du-poisson-ramasse-gouttes-3\/#breadcrumb\"},\"inLanguage\":\"fr-FR\",\"potentialAction\":[{\"@type\":\"ReadAction\",\"target\":[\"https:\/\/www.melform.com\/fr\/conteneurs-\/catalogue-de-produits\/accessoires\/configuration-du-poisson-ramasse-gouttes-3\/\"]}]},{\"@type\":\"ImageObject\",\"inLanguage\":\"fr-FR\",\"@id\":\"https:\/\/www.melform.com\/fr\/conteneurs-\/catalogue-de-produits\/accessoires\/configuration-du-poisson-ramasse-gouttes-3\/#primaryimage\",\"url\":\"https:\/\/www.melform.com\/wp-content\/uploads\/2025\/03\/ANA00101.jpg\",\"contentUrl\":\"https:\/\/www.melform.com\/wp-content\/uploads\/2025\/03\/ANA00101.jpg\",\"width\":271,\"height\":215},{\"@type\":\"BreadcrumbList\",\"@id\":\"https:\/\/www.melform.com\/fr\/conteneurs-\/catalogue-de-produits\/accessoires\/configuration-du-poisson-ramasse-gouttes-3\/#breadcrumb\",\"itemListElement\":[{\"@type\":\"ListItem\",\"position\":1,\"name\":\"Home\",\"item\":\"https:\/\/www.melform.com\/fr\/\"},{\"@type\":\"ListItem\",\"position\":2,\"name\":\"Shop\",\"item\":\"https:\/\/www.melform.com\/fr\/shop\/\"},{\"@type\":\"ListItem\",\"position\":3,\"name\":\"Palette ramasse-gouttes\"}]},{\"@type\":\"WebSite\",\"@id\":\"https:\/\/www.melform.com\/fr\/#website\",\"url\":\"https:\/\/www.melform.com\/fr\/\",\"name\":\"MELFORM\",\"description\":\"SISTEMI PER IL TRASPORTO E STOCCAGGIO A TEMPERATURA CONTROLLATA\",\"potentialAction\":[{\"@type\":\"SearchAction\",\"target\":{\"@type\":\"EntryPoint\",\"urlTemplate\":\"https:\/\/www.melform.com\/fr\/?s={search_term_string}\"},\"query-input\":{\"@type\":\"PropertyValueSpecification\",\"valueRequired\":true,\"valueName\":\"search_term_string\"}}],\"inLanguage\":\"fr-FR\"}]}<\/script>\n<!-- \/ Yoast SEO plugin. -->","yoast_head_json":{"title":"Palette ramasse-gouttes - MELFORM","robots":{"index":"index","follow":"follow","max-snippet":"max-snippet:-1","max-image-preview":"max-image-preview:large","max-video-preview":"max-video-preview:-1"},"canonical":"https:\/\/www.melform.com\/fr\/conteneurs-\/catalogue-de-produits\/accessoires\/configuration-du-poisson-ramasse-gouttes-3\/","og_locale":"fr_FR","og_type":"article","og_title":"Palette ramasse-gouttes - MELFORM","og_description":"Palette de r\u00e9cup\u00e9ration des gouttes con\u00e7ue pour \u00eatre plac\u00e9e au fond du conteneur, id\u00e9ale pour prot\u00e9ger les produits charg\u00e9s de l\u2019humidit\u00e9 et du contact avec les liquides. Fabriqu\u00e9e en mat\u00e9riau r\u00e9sistant, elle est compatible avec les dimensions standard Europallet, garantissant un support stable et s\u00e9curis\u00e9 lors du transport et du stockage. Parfaite pour pr\u00e9server l\u2019int\u00e9grit\u00e9 [&hellip;]","og_url":"https:\/\/www.melform.com\/fr\/conteneurs-\/catalogue-de-produits\/accessoires\/configuration-du-poisson-ramasse-gouttes-3\/","og_site_name":"MELFORM","article_modified_time":"2025-03-08T09:11:30+00:00","og_image":[{"width":271,"height":215,"url":"https:\/\/www.melform.com\/wp-content\/uploads\/2025\/03\/ANA00101.jpg","type":"image\/jpeg"}],"twitter_card":"summary_large_image","schema":{"@context":"https:\/\/schema.org","@graph":[{"@type":"WebPage","@id":"https:\/\/www.melform.com\/fr\/conteneurs-\/catalogue-de-produits\/accessoires\/configuration-du-poisson-ramasse-gouttes-3\/","url":"https:\/\/www.melform.com\/fr\/conteneurs-\/catalogue-de-produits\/accessoires\/configuration-du-poisson-ramasse-gouttes-3\/","name":"Palette ramasse-gouttes - MELFORM","isPartOf":{"@id":"https:\/\/www.melform.com\/fr\/#website"},"primaryImageOfPage":{"@id":"https:\/\/www.melform.com\/fr\/conteneurs-\/catalogue-de-produits\/accessoires\/configuration-du-poisson-ramasse-gouttes-3\/#primaryimage"},"image":{"@id":"https:\/\/www.melform.com\/fr\/conteneurs-\/catalogue-de-produits\/accessoires\/configuration-du-poisson-ramasse-gouttes-3\/#primaryimage"},"thumbnailUrl":"https:\/\/www.melform.com\/wp-content\/uploads\/2025\/03\/ANA00101.jpg","datePublished":"2022-10-11T14:41:23+00:00","dateModified":"2025-03-08T09:11:30+00:00","breadcrumb":{"@id":"https:\/\/www.melform.com\/fr\/conteneurs-\/catalogue-de-produits\/accessoires\/configuration-du-poisson-ramasse-gouttes-3\/#breadcrumb"},"inLanguage":"fr-FR","potentialAction":[{"@type":"ReadAction","target":["https:\/\/www.melform.com\/fr\/conteneurs-\/catalogue-de-produits\/accessoires\/configuration-du-poisson-ramasse-gouttes-3\/"]}]},{"@type":"ImageObject","inLanguage":"fr-FR","@id":"https:\/\/www.melform.com\/fr\/conteneurs-\/catalogue-de-produits\/accessoires\/configuration-du-poisson-ramasse-gouttes-3\/#primaryimage","url":"https:\/\/www.melform.com\/wp-content\/uploads\/2025\/03\/ANA00101.jpg","contentUrl":"https:\/\/www.melform.com\/wp-content\/uploads\/2025\/03\/ANA00101.jpg","width":271,"height":215},{"@type":"BreadcrumbList","@id":"https:\/\/www.melform.com\/fr\/conteneurs-\/catalogue-de-produits\/accessoires\/configuration-du-poisson-ramasse-gouttes-3\/#breadcrumb","itemListElement":[{"@type":"ListItem","position":1,"name":"Home","item":"https:\/\/www.melform.com\/fr\/"},{"@type":"ListItem","position":2,"name":"Shop","item":"https:\/\/www.melform.com\/fr\/shop\/"},{"@type":"ListItem","position":3,"name":"Palette ramasse-gouttes"}]},{"@type":"WebSite","@id":"https:\/\/www.melform.com\/fr\/#website","url":"https:\/\/www.melform.com\/fr\/","name":"MELFORM","description":"SISTEMI PER IL TRASPORTO E STOCCAGGIO A TEMPERATURA CONTROLLATA","potentialAction":[{"@type":"SearchAction","target":{"@type":"EntryPoint","urlTemplate":"https:\/\/www.melform.com\/fr\/?s={search_term_string}"},"query-input":{"@type":"PropertyValueSpecification","valueRequired":true,"valueName":"search_term_string"}}],"inLanguage":"fr-FR"}]}},"_links":{"self":[{"href":"https:\/\/www.melform.com\/fr\/wp-json\/wp\/v2\/product\/8110","targetHints":{"allow":["GET"]}}],"collection":[{"href":"https:\/\/www.melform.com\/fr\/wp-json\/wp\/v2\/product"}],"about":[{"href":"https:\/\/www.melform.com\/fr\/wp-json\/wp\/v2\/types\/product"}],"wp:featuredmedia":[{"embeddable":true,"href":"https:\/\/www.melform.com\/fr\/wp-json\/wp\/v2\/media\/19881"}],"wp:attachment":[{"href":"https:\/\/www.melform.com\/fr\/wp-json\/wp\/v2\/media?parent=8110"}],"wp:term":[{"taxonomy":"product_brand","embeddable":true,"href":"https:\/\/www.melform.com\/fr\/wp-json\/wp\/v2\/product_brand?post=8110"},{"taxonomy":"product_cat","embeddable":true,"href":"https:\/\/www.melform.com\/fr\/wp-json\/wp\/v2\/product_cat?post=8110"},{"taxonomy":"product_tag","embeddable":true,"href":"https:\/\/www.melform.com\/fr\/wp-json\/wp\/v2\/product_tag?post=8110"}],"curies":[{"name":"wp","href":"https:\/\/api.w.org\/{rel}","templated":true}]}}