{"id":8111,"date":"2022-10-11T16:42:15","date_gmt":"2022-10-11T14:42:15","guid":{"rendered":"https:\/\/www.melform.com\/product\/grille-7\/"},"modified":"2025-02-20T12:54:28","modified_gmt":"2025-02-20T10:54:28","slug":"grille-7","status":"publish","type":"product","link":"https:\/\/www.melform.com\/fr\/conteneurs-\/catalogue-de-produits\/accessoires\/grille-7\/","title":{"rendered":"Grille en acier inoxydable"},"content":{"rendered":"<p data-start=\"730\" data-end=\"952\">La <strong data-start=\"733\" data-end=\"763\">grille en acier inoxydable<\/strong> est con\u00e7ue pour <strong data-start=\"780\" data-end=\"822\">optimiser l\u2019organisation du chargement<\/strong> \u00e0 l\u2019int\u00e9rieur du <strong data-start=\"840\" data-end=\"876\">conteneur r\u00e9frig\u00e9r\u00e9 KOALA 1300TW<\/strong>, garantissant une <strong data-start=\"895\" data-end=\"931\">s\u00e9paration efficace des aliments<\/strong> lors du transport.<\/p>\r\n\r\n<ul data-start=\"995\" data-end=\"1387\" data-is-only-node=\"\" data-is-last-node=\"\">\r\n \t<li data-start=\"995\" data-end=\"1102\"><strong data-start=\"997\" data-end=\"1014\">Compatibilit\u00e9<\/strong> : Adapt\u00e9e pour une utilisation \u00e0 l\u2019int\u00e9rieur du <strong data-start=\"1063\" data-end=\"1099\">conteneur r\u00e9frig\u00e9r\u00e9 KOALA 1300TW<\/strong>.<\/li>\r\n \t<li data-start=\"1103\" data-end=\"1200\"><strong data-start=\"1105\" data-end=\"1117\">Mat\u00e9riau<\/strong> : <strong data-start=\"1120\" data-end=\"1150\">Acier inoxydable r\u00e9sistant<\/strong>, id\u00e9al pour un usage intensif et professionnel.<\/li>\r\n \t<li data-start=\"1201\" data-end=\"1245\"><strong data-start=\"1203\" data-end=\"1217\">Dimensions<\/strong> : <strong data-start=\"1220\" data-end=\"1242\">935 x 890 x H16 mm<\/strong>.<\/li>\r\n<\/ul>","protected":false},"excerpt":{"rendered":"La grille en acier inoxydable est con\u00e7ue pour optimiser l\u2019organisation du chargement \u00e0 l\u2019int\u00e9rieur du conteneur r\u00e9frig\u00e9r\u00e9 KOALA 1300TW, garantissant une s\u00e9paration efficace des aliments lors du transport. Compatibilit\u00e9 : Adapt\u00e9e pour une utilisation \u00e0 l\u2019int\u00e9rieur du conteneur r\u00e9frig\u00e9r\u00e9 KOALA 1300TW. Mat\u00e9riau : Acier inoxydable r\u00e9sistant, id\u00e9al pour un usage intensif et professionnel. Dimensions : [&hellip;]","protected":false},"featured_media":2213,"template":"","meta":{"_acf_changed":false,"_themeisle_gutenberg_block_has_review":false},"product_brand":[],"product_cat":[241],"product_tag":[],"class_list":{"0":"post-8111","1":"product","2":"type-product","3":"status-publish","4":"has-post-thumbnail","6":"product_cat-accessoires","8":"first","9":"instock","10":"product-type-simple"},"acf":[],"yoast_head":"<!-- This site is optimized with the Yoast SEO plugin v26.4 - https:\/\/yoast.com\/wordpress\/plugins\/seo\/ -->\n<title>Grille en acier inoxydable - MELFORM<\/title>\n<meta name=\"robots\" content=\"index, follow, max-snippet:-1, max-image-preview:large, max-video-preview:-1\" \/>\n<link rel=\"canonical\" href=\"https:\/\/www.melform.com\/fr\/conteneurs-\/catalogue-de-produits\/accessoires\/grille-7\/\" \/>\n<meta property=\"og:locale\" content=\"fr_FR\" \/>\n<meta property=\"og:type\" content=\"article\" \/>\n<meta property=\"og:title\" content=\"Grille en acier inoxydable - MELFORM\" \/>\n<meta property=\"og:description\" content=\"La grille en acier inoxydable est con\u00e7ue pour optimiser l\u2019organisation du chargement \u00e0 l\u2019int\u00e9rieur du conteneur r\u00e9frig\u00e9r\u00e9 KOALA 1300TW, garantissant une s\u00e9paration efficace des aliments lors du transport. Compatibilit\u00e9 : Adapt\u00e9e pour une utilisation \u00e0 l\u2019int\u00e9rieur du conteneur r\u00e9frig\u00e9r\u00e9 KOALA 1300TW. Mat\u00e9riau : Acier inoxydable r\u00e9sistant, id\u00e9al pour un usage intensif et professionnel. Dimensions : [&hellip;]\" \/>\n<meta property=\"og:url\" content=\"https:\/\/www.melform.com\/fr\/conteneurs-\/catalogue-de-produits\/accessoires\/grille-7\/\" \/>\n<meta property=\"og:site_name\" content=\"MELFORM\" \/>\n<meta property=\"article:modified_time\" content=\"2025-02-20T10:54:28+00:00\" \/>\n<meta property=\"og:image\" content=\"https:\/\/www.melform.com\/wp-content\/uploads\/2022\/09\/AEA024.jpg\" \/>\n\t<meta property=\"og:image:width\" content=\"1000\" \/>\n\t<meta property=\"og:image:height\" content=\"750\" \/>\n\t<meta property=\"og:image:type\" content=\"image\/jpeg\" \/>\n<meta name=\"twitter:card\" content=\"summary_large_image\" \/>\n<script type=\"application\/ld+json\" class=\"yoast-schema-graph\">{\"@context\":\"https:\/\/schema.org\",\"@graph\":[{\"@type\":\"WebPage\",\"@id\":\"https:\/\/www.melform.com\/fr\/conteneurs-\/catalogue-de-produits\/accessoires\/grille-7\/\",\"url\":\"https:\/\/www.melform.com\/fr\/conteneurs-\/catalogue-de-produits\/accessoires\/grille-7\/\",\"name\":\"Grille en acier inoxydable - MELFORM\",\"isPartOf\":{\"@id\":\"https:\/\/www.melform.com\/fr\/#website\"},\"primaryImageOfPage\":{\"@id\":\"https:\/\/www.melform.com\/fr\/conteneurs-\/catalogue-de-produits\/accessoires\/grille-7\/#primaryimage\"},\"image\":{\"@id\":\"https:\/\/www.melform.com\/fr\/conteneurs-\/catalogue-de-produits\/accessoires\/grille-7\/#primaryimage\"},\"thumbnailUrl\":\"https:\/\/www.melform.com\/wp-content\/uploads\/2022\/09\/AEA024.jpg\",\"datePublished\":\"2022-10-11T14:42:15+00:00\",\"dateModified\":\"2025-02-20T10:54:28+00:00\",\"breadcrumb\":{\"@id\":\"https:\/\/www.melform.com\/fr\/conteneurs-\/catalogue-de-produits\/accessoires\/grille-7\/#breadcrumb\"},\"inLanguage\":\"fr-FR\",\"potentialAction\":[{\"@type\":\"ReadAction\",\"target\":[\"https:\/\/www.melform.com\/fr\/conteneurs-\/catalogue-de-produits\/accessoires\/grille-7\/\"]}]},{\"@type\":\"ImageObject\",\"inLanguage\":\"fr-FR\",\"@id\":\"https:\/\/www.melform.com\/fr\/conteneurs-\/catalogue-de-produits\/accessoires\/grille-7\/#primaryimage\",\"url\":\"https:\/\/www.melform.com\/wp-content\/uploads\/2022\/09\/AEA024.jpg\",\"contentUrl\":\"https:\/\/www.melform.com\/wp-content\/uploads\/2022\/09\/AEA024.jpg\",\"width\":1000,\"height\":750},{\"@type\":\"BreadcrumbList\",\"@id\":\"https:\/\/www.melform.com\/fr\/conteneurs-\/catalogue-de-produits\/accessoires\/grille-7\/#breadcrumb\",\"itemListElement\":[{\"@type\":\"ListItem\",\"position\":1,\"name\":\"Home\",\"item\":\"https:\/\/www.melform.com\/fr\/\"},{\"@type\":\"ListItem\",\"position\":2,\"name\":\"Shop\",\"item\":\"https:\/\/www.melform.com\/fr\/shop\/\"},{\"@type\":\"ListItem\",\"position\":3,\"name\":\"Grille en acier inoxydable\"}]},{\"@type\":\"WebSite\",\"@id\":\"https:\/\/www.melform.com\/fr\/#website\",\"url\":\"https:\/\/www.melform.com\/fr\/\",\"name\":\"MELFORM\",\"description\":\"SISTEMI PER IL TRASPORTO E STOCCAGGIO A TEMPERATURA CONTROLLATA\",\"potentialAction\":[{\"@type\":\"SearchAction\",\"target\":{\"@type\":\"EntryPoint\",\"urlTemplate\":\"https:\/\/www.melform.com\/fr\/?s={search_term_string}\"},\"query-input\":{\"@type\":\"PropertyValueSpecification\",\"valueRequired\":true,\"valueName\":\"search_term_string\"}}],\"inLanguage\":\"fr-FR\"}]}<\/script>\n<!-- \/ Yoast SEO plugin. -->","yoast_head_json":{"title":"Grille en acier inoxydable - MELFORM","robots":{"index":"index","follow":"follow","max-snippet":"max-snippet:-1","max-image-preview":"max-image-preview:large","max-video-preview":"max-video-preview:-1"},"canonical":"https:\/\/www.melform.com\/fr\/conteneurs-\/catalogue-de-produits\/accessoires\/grille-7\/","og_locale":"fr_FR","og_type":"article","og_title":"Grille en acier inoxydable - MELFORM","og_description":"La grille en acier inoxydable est con\u00e7ue pour optimiser l\u2019organisation du chargement \u00e0 l\u2019int\u00e9rieur du conteneur r\u00e9frig\u00e9r\u00e9 KOALA 1300TW, garantissant une s\u00e9paration efficace des aliments lors du transport. Compatibilit\u00e9 : Adapt\u00e9e pour une utilisation \u00e0 l\u2019int\u00e9rieur du conteneur r\u00e9frig\u00e9r\u00e9 KOALA 1300TW. Mat\u00e9riau : Acier inoxydable r\u00e9sistant, id\u00e9al pour un usage intensif et professionnel. Dimensions : [&hellip;]","og_url":"https:\/\/www.melform.com\/fr\/conteneurs-\/catalogue-de-produits\/accessoires\/grille-7\/","og_site_name":"MELFORM","article_modified_time":"2025-02-20T10:54:28+00:00","og_image":[{"width":1000,"height":750,"url":"https:\/\/www.melform.com\/wp-content\/uploads\/2022\/09\/AEA024.jpg","type":"image\/jpeg"}],"twitter_card":"summary_large_image","schema":{"@context":"https:\/\/schema.org","@graph":[{"@type":"WebPage","@id":"https:\/\/www.melform.com\/fr\/conteneurs-\/catalogue-de-produits\/accessoires\/grille-7\/","url":"https:\/\/www.melform.com\/fr\/conteneurs-\/catalogue-de-produits\/accessoires\/grille-7\/","name":"Grille en acier inoxydable - MELFORM","isPartOf":{"@id":"https:\/\/www.melform.com\/fr\/#website"},"primaryImageOfPage":{"@id":"https:\/\/www.melform.com\/fr\/conteneurs-\/catalogue-de-produits\/accessoires\/grille-7\/#primaryimage"},"image":{"@id":"https:\/\/www.melform.com\/fr\/conteneurs-\/catalogue-de-produits\/accessoires\/grille-7\/#primaryimage"},"thumbnailUrl":"https:\/\/www.melform.com\/wp-content\/uploads\/2022\/09\/AEA024.jpg","datePublished":"2022-10-11T14:42:15+00:00","dateModified":"2025-02-20T10:54:28+00:00","breadcrumb":{"@id":"https:\/\/www.melform.com\/fr\/conteneurs-\/catalogue-de-produits\/accessoires\/grille-7\/#breadcrumb"},"inLanguage":"fr-FR","potentialAction":[{"@type":"ReadAction","target":["https:\/\/www.melform.com\/fr\/conteneurs-\/catalogue-de-produits\/accessoires\/grille-7\/"]}]},{"@type":"ImageObject","inLanguage":"fr-FR","@id":"https:\/\/www.melform.com\/fr\/conteneurs-\/catalogue-de-produits\/accessoires\/grille-7\/#primaryimage","url":"https:\/\/www.melform.com\/wp-content\/uploads\/2022\/09\/AEA024.jpg","contentUrl":"https:\/\/www.melform.com\/wp-content\/uploads\/2022\/09\/AEA024.jpg","width":1000,"height":750},{"@type":"BreadcrumbList","@id":"https:\/\/www.melform.com\/fr\/conteneurs-\/catalogue-de-produits\/accessoires\/grille-7\/#breadcrumb","itemListElement":[{"@type":"ListItem","position":1,"name":"Home","item":"https:\/\/www.melform.com\/fr\/"},{"@type":"ListItem","position":2,"name":"Shop","item":"https:\/\/www.melform.com\/fr\/shop\/"},{"@type":"ListItem","position":3,"name":"Grille en acier inoxydable"}]},{"@type":"WebSite","@id":"https:\/\/www.melform.com\/fr\/#website","url":"https:\/\/www.melform.com\/fr\/","name":"MELFORM","description":"SISTEMI PER IL TRASPORTO E STOCCAGGIO A TEMPERATURA CONTROLLATA","potentialAction":[{"@type":"SearchAction","target":{"@type":"EntryPoint","urlTemplate":"https:\/\/www.melform.com\/fr\/?s={search_term_string}"},"query-input":{"@type":"PropertyValueSpecification","valueRequired":true,"valueName":"search_term_string"}}],"inLanguage":"fr-FR"}]}},"_links":{"self":[{"href":"https:\/\/www.melform.com\/fr\/wp-json\/wp\/v2\/product\/8111","targetHints":{"allow":["GET"]}}],"collection":[{"href":"https:\/\/www.melform.com\/fr\/wp-json\/wp\/v2\/product"}],"about":[{"href":"https:\/\/www.melform.com\/fr\/wp-json\/wp\/v2\/types\/product"}],"wp:featuredmedia":[{"embeddable":true,"href":"https:\/\/www.melform.com\/fr\/wp-json\/wp\/v2\/media\/2213"}],"wp:attachment":[{"href":"https:\/\/www.melform.com\/fr\/wp-json\/wp\/v2\/media?parent=8111"}],"wp:term":[{"taxonomy":"product_brand","embeddable":true,"href":"https:\/\/www.melform.com\/fr\/wp-json\/wp\/v2\/product_brand?post=8111"},{"taxonomy":"product_cat","embeddable":true,"href":"https:\/\/www.melform.com\/fr\/wp-json\/wp\/v2\/product_cat?post=8111"},{"taxonomy":"product_tag","embeddable":true,"href":"https:\/\/www.melform.com\/fr\/wp-json\/wp\/v2\/product_tag?post=8111"}],"curies":[{"name":"wp","href":"https:\/\/api.w.org\/{rel}","templated":true}]}}