{"id":8113,"date":"2022-10-11T16:41:30","date_gmt":"2022-10-11T14:41:30","guid":{"rendered":"https:\/\/www.melform.com\/product\/batterie-auto-alimentee-65ah-100ah-120ah-epower-box\/"},"modified":"2025-02-03T09:55:03","modified_gmt":"2025-02-03T07:55:03","slug":"chargeur-de-batterie-epower-box","status":"publish","type":"product","link":"https:\/\/www.melform.com\/fr\/conteneurs-\/catalogue-de-produits\/accessoires\/chargeur-de-batterie-epower-box\/","title":{"rendered":"ePOWERBOX &#8211; Chargeur de batterie"},"content":{"rendered":"L\u2019<strong>ePOWERBOX<\/strong> est la solution id\u00e9ale pour alimenter les conteneurs isothermes r\u00e9frig\u00e9r\u00e9s <strong>KOALA<\/strong> en l&#8217;absence de connexion directe au r\u00e9seau \u00e9lectrique. Con\u00e7u pour garantir autonomie et praticit\u00e9, il est \u00e9quip\u00e9 d\u2019une <strong>batterie LiFePO4<\/strong> longue dur\u00e9e, rechargeable en connectant l\u2019appareil au r\u00e9seau \u00e9lectrique standard <strong>230Vac 50\/60Hz<\/strong> en environ <strong>8 \u00e0 10 heures<\/strong>.\r\n<ul>\r\n \t<li><strong>Compact et Maniable :<\/strong> son design compact et sa <strong>poign\u00e9e de transport pratique<\/strong> rendent l\u2019ePOWERBOX facile \u00e0 transporter et \u00e0 utiliser dans n\u2019importe quel contexte.<\/li>\r\n \t<li><strong>Stabilit\u00e9 et S\u00e9curit\u00e9 :<\/strong> dot\u00e9 de <strong>pieds en caoutchouc antid\u00e9rapants<\/strong>, il assure une position stable sur toutes les surfaces.<\/li>\r\n \t<li><strong>Surveillance Intelligente :<\/strong> l\u2019<strong>\u00e9cran int\u00e9gr\u00e9<\/strong> permet de surveiller en temps r\u00e9el les principales fonctions de l&#8217;appareil, garantissant un contr\u00f4le constant des performances.<\/li>\r\n \t<li><strong>Disponible en Diff\u00e9rentes Capacit\u00e9s :<\/strong> l\u2019ePOWERBOX est disponible en plusieurs capacit\u00e9s pour r\u00e9pondre \u00e0 tous les besoins \u00e9nerg\u00e9tiques : <strong>100Ah<\/strong>, <strong>120Ah<\/strong>, et <strong>150Ah<\/strong>.<\/li>\r\n<\/ul>","protected":false},"excerpt":{"rendered":"L\u2019ePOWERBOX est la solution id\u00e9ale pour alimenter les conteneurs isothermes r\u00e9frig\u00e9r\u00e9s KOALA en l&#8217;absence de connexion directe au r\u00e9seau \u00e9lectrique. Con\u00e7u pour garantir autonomie et praticit\u00e9, il est \u00e9quip\u00e9 d\u2019une batterie LiFePO4 longue dur\u00e9e, rechargeable en connectant l\u2019appareil au r\u00e9seau \u00e9lectrique standard 230Vac 50\/60Hz en environ 8 \u00e0 10 heures. Compact et Maniable : son [&hellip;]","protected":false},"featured_media":14097,"template":"","meta":{"_acf_changed":false,"_themeisle_gutenberg_block_has_review":false},"product_brand":[],"product_cat":[241],"product_tag":[],"class_list":{"0":"post-8113","1":"product","2":"type-product","3":"status-publish","4":"has-post-thumbnail","6":"product_cat-accessoires","7":"pa_amperaggio-65ah-fr","8":"pa_amperaggio-100ah-fr","9":"pa_amperaggio-120ah-fr","11":"first","12":"instock","13":"product-type-variable","14":"wvs-archive-product-wrapper"},"acf":[],"yoast_head":"<!-- This site is optimized with the Yoast SEO plugin v26.4 - https:\/\/yoast.com\/wordpress\/plugins\/seo\/ -->\n<title>ePOWERBOX - Chargeur de batterie - MELFORM<\/title>\n<meta name=\"robots\" content=\"index, follow, max-snippet:-1, max-image-preview:large, max-video-preview:-1\" \/>\n<link rel=\"canonical\" href=\"https:\/\/www.melform.com\/fr\/conteneurs-\/catalogue-de-produits\/accessoires\/chargeur-de-batterie-epower-box\/\" \/>\n<meta property=\"og:locale\" content=\"fr_FR\" \/>\n<meta property=\"og:type\" content=\"article\" \/>\n<meta property=\"og:title\" content=\"ePOWERBOX - Chargeur de batterie - MELFORM\" \/>\n<meta property=\"og:description\" content=\"L\u2019ePOWERBOX est la solution id\u00e9ale pour alimenter les conteneurs isothermes r\u00e9frig\u00e9r\u00e9s KOALA en l&#8217;absence de connexion directe au r\u00e9seau \u00e9lectrique. Con\u00e7u pour garantir autonomie et praticit\u00e9, il est \u00e9quip\u00e9 d\u2019une batterie LiFePO4 longue dur\u00e9e, rechargeable en connectant l\u2019appareil au r\u00e9seau \u00e9lectrique standard 230Vac 50\/60Hz en environ 8 \u00e0 10 heures. Compact et Maniable : son [&hellip;]\" \/>\n<meta property=\"og:url\" content=\"https:\/\/www.melform.com\/fr\/conteneurs-\/catalogue-de-produits\/accessoires\/chargeur-de-batterie-epower-box\/\" \/>\n<meta property=\"og:site_name\" content=\"MELFORM\" \/>\n<meta property=\"article:modified_time\" content=\"2025-02-03T07:55:03+00:00\" \/>\n<meta property=\"og:image\" content=\"https:\/\/www.melform.com\/wp-content\/uploads\/2024\/07\/EBP-1-1024x683.jpg\" \/>\n\t<meta property=\"og:image:width\" content=\"1024\" \/>\n\t<meta property=\"og:image:height\" content=\"683\" \/>\n\t<meta property=\"og:image:type\" content=\"image\/jpeg\" \/>\n<meta name=\"twitter:card\" content=\"summary_large_image\" \/>\n<script type=\"application\/ld+json\" class=\"yoast-schema-graph\">{\"@context\":\"https:\/\/schema.org\",\"@graph\":[{\"@type\":\"WebPage\",\"@id\":\"https:\/\/www.melform.com\/fr\/conteneurs-\/catalogue-de-produits\/accessoires\/chargeur-de-batterie-epower-box\/\",\"url\":\"https:\/\/www.melform.com\/fr\/conteneurs-\/catalogue-de-produits\/accessoires\/chargeur-de-batterie-epower-box\/\",\"name\":\"ePOWERBOX - Chargeur de batterie - MELFORM\",\"isPartOf\":{\"@id\":\"https:\/\/www.melform.com\/fr\/#website\"},\"primaryImageOfPage\":{\"@id\":\"https:\/\/www.melform.com\/fr\/conteneurs-\/catalogue-de-produits\/accessoires\/chargeur-de-batterie-epower-box\/#primaryimage\"},\"image\":{\"@id\":\"https:\/\/www.melform.com\/fr\/conteneurs-\/catalogue-de-produits\/accessoires\/chargeur-de-batterie-epower-box\/#primaryimage\"},\"thumbnailUrl\":\"https:\/\/www.melform.com\/wp-content\/uploads\/2024\/07\/EBP-1.jpg\",\"datePublished\":\"2022-10-11T14:41:30+00:00\",\"dateModified\":\"2025-02-03T07:55:03+00:00\",\"breadcrumb\":{\"@id\":\"https:\/\/www.melform.com\/fr\/conteneurs-\/catalogue-de-produits\/accessoires\/chargeur-de-batterie-epower-box\/#breadcrumb\"},\"inLanguage\":\"fr-FR\",\"potentialAction\":[{\"@type\":\"ReadAction\",\"target\":[\"https:\/\/www.melform.com\/fr\/conteneurs-\/catalogue-de-produits\/accessoires\/chargeur-de-batterie-epower-box\/\"]}]},{\"@type\":\"ImageObject\",\"inLanguage\":\"fr-FR\",\"@id\":\"https:\/\/www.melform.com\/fr\/conteneurs-\/catalogue-de-produits\/accessoires\/chargeur-de-batterie-epower-box\/#primaryimage\",\"url\":\"https:\/\/www.melform.com\/wp-content\/uploads\/2024\/07\/EBP-1.jpg\",\"contentUrl\":\"https:\/\/www.melform.com\/wp-content\/uploads\/2024\/07\/EBP-1.jpg\",\"width\":8256,\"height\":5504},{\"@type\":\"BreadcrumbList\",\"@id\":\"https:\/\/www.melform.com\/fr\/conteneurs-\/catalogue-de-produits\/accessoires\/chargeur-de-batterie-epower-box\/#breadcrumb\",\"itemListElement\":[{\"@type\":\"ListItem\",\"position\":1,\"name\":\"Home\",\"item\":\"https:\/\/www.melform.com\/fr\/\"},{\"@type\":\"ListItem\",\"position\":2,\"name\":\"Shop\",\"item\":\"https:\/\/www.melform.com\/fr\/shop\/\"},{\"@type\":\"ListItem\",\"position\":3,\"name\":\"ePOWERBOX &#8211; Chargeur de batterie\"}]},{\"@type\":\"WebSite\",\"@id\":\"https:\/\/www.melform.com\/fr\/#website\",\"url\":\"https:\/\/www.melform.com\/fr\/\",\"name\":\"MELFORM\",\"description\":\"SISTEMI PER IL TRASPORTO E STOCCAGGIO A TEMPERATURA CONTROLLATA\",\"potentialAction\":[{\"@type\":\"SearchAction\",\"target\":{\"@type\":\"EntryPoint\",\"urlTemplate\":\"https:\/\/www.melform.com\/fr\/?s={search_term_string}\"},\"query-input\":{\"@type\":\"PropertyValueSpecification\",\"valueRequired\":true,\"valueName\":\"search_term_string\"}}],\"inLanguage\":\"fr-FR\"}]}<\/script>\n<!-- \/ Yoast SEO plugin. -->","yoast_head_json":{"title":"ePOWERBOX - Chargeur de batterie - MELFORM","robots":{"index":"index","follow":"follow","max-snippet":"max-snippet:-1","max-image-preview":"max-image-preview:large","max-video-preview":"max-video-preview:-1"},"canonical":"https:\/\/www.melform.com\/fr\/conteneurs-\/catalogue-de-produits\/accessoires\/chargeur-de-batterie-epower-box\/","og_locale":"fr_FR","og_type":"article","og_title":"ePOWERBOX - Chargeur de batterie - MELFORM","og_description":"L\u2019ePOWERBOX est la solution id\u00e9ale pour alimenter les conteneurs isothermes r\u00e9frig\u00e9r\u00e9s KOALA en l&#8217;absence de connexion directe au r\u00e9seau \u00e9lectrique. Con\u00e7u pour garantir autonomie et praticit\u00e9, il est \u00e9quip\u00e9 d\u2019une batterie LiFePO4 longue dur\u00e9e, rechargeable en connectant l\u2019appareil au r\u00e9seau \u00e9lectrique standard 230Vac 50\/60Hz en environ 8 \u00e0 10 heures. Compact et Maniable : son [&hellip;]","og_url":"https:\/\/www.melform.com\/fr\/conteneurs-\/catalogue-de-produits\/accessoires\/chargeur-de-batterie-epower-box\/","og_site_name":"MELFORM","article_modified_time":"2025-02-03T07:55:03+00:00","og_image":[{"width":1024,"height":683,"url":"https:\/\/www.melform.com\/wp-content\/uploads\/2024\/07\/EBP-1-1024x683.jpg","type":"image\/jpeg"}],"twitter_card":"summary_large_image","schema":{"@context":"https:\/\/schema.org","@graph":[{"@type":"WebPage","@id":"https:\/\/www.melform.com\/fr\/conteneurs-\/catalogue-de-produits\/accessoires\/chargeur-de-batterie-epower-box\/","url":"https:\/\/www.melform.com\/fr\/conteneurs-\/catalogue-de-produits\/accessoires\/chargeur-de-batterie-epower-box\/","name":"ePOWERBOX - Chargeur de batterie - MELFORM","isPartOf":{"@id":"https:\/\/www.melform.com\/fr\/#website"},"primaryImageOfPage":{"@id":"https:\/\/www.melform.com\/fr\/conteneurs-\/catalogue-de-produits\/accessoires\/chargeur-de-batterie-epower-box\/#primaryimage"},"image":{"@id":"https:\/\/www.melform.com\/fr\/conteneurs-\/catalogue-de-produits\/accessoires\/chargeur-de-batterie-epower-box\/#primaryimage"},"thumbnailUrl":"https:\/\/www.melform.com\/wp-content\/uploads\/2024\/07\/EBP-1.jpg","datePublished":"2022-10-11T14:41:30+00:00","dateModified":"2025-02-03T07:55:03+00:00","breadcrumb":{"@id":"https:\/\/www.melform.com\/fr\/conteneurs-\/catalogue-de-produits\/accessoires\/chargeur-de-batterie-epower-box\/#breadcrumb"},"inLanguage":"fr-FR","potentialAction":[{"@type":"ReadAction","target":["https:\/\/www.melform.com\/fr\/conteneurs-\/catalogue-de-produits\/accessoires\/chargeur-de-batterie-epower-box\/"]}]},{"@type":"ImageObject","inLanguage":"fr-FR","@id":"https:\/\/www.melform.com\/fr\/conteneurs-\/catalogue-de-produits\/accessoires\/chargeur-de-batterie-epower-box\/#primaryimage","url":"https:\/\/www.melform.com\/wp-content\/uploads\/2024\/07\/EBP-1.jpg","contentUrl":"https:\/\/www.melform.com\/wp-content\/uploads\/2024\/07\/EBP-1.jpg","width":8256,"height":5504},{"@type":"BreadcrumbList","@id":"https:\/\/www.melform.com\/fr\/conteneurs-\/catalogue-de-produits\/accessoires\/chargeur-de-batterie-epower-box\/#breadcrumb","itemListElement":[{"@type":"ListItem","position":1,"name":"Home","item":"https:\/\/www.melform.com\/fr\/"},{"@type":"ListItem","position":2,"name":"Shop","item":"https:\/\/www.melform.com\/fr\/shop\/"},{"@type":"ListItem","position":3,"name":"ePOWERBOX &#8211; Chargeur de batterie"}]},{"@type":"WebSite","@id":"https:\/\/www.melform.com\/fr\/#website","url":"https:\/\/www.melform.com\/fr\/","name":"MELFORM","description":"SISTEMI PER IL TRASPORTO E STOCCAGGIO A TEMPERATURA CONTROLLATA","potentialAction":[{"@type":"SearchAction","target":{"@type":"EntryPoint","urlTemplate":"https:\/\/www.melform.com\/fr\/?s={search_term_string}"},"query-input":{"@type":"PropertyValueSpecification","valueRequired":true,"valueName":"search_term_string"}}],"inLanguage":"fr-FR"}]}},"_links":{"self":[{"href":"https:\/\/www.melform.com\/fr\/wp-json\/wp\/v2\/product\/8113","targetHints":{"allow":["GET"]}}],"collection":[{"href":"https:\/\/www.melform.com\/fr\/wp-json\/wp\/v2\/product"}],"about":[{"href":"https:\/\/www.melform.com\/fr\/wp-json\/wp\/v2\/types\/product"}],"wp:featuredmedia":[{"embeddable":true,"href":"https:\/\/www.melform.com\/fr\/wp-json\/wp\/v2\/media\/14097"}],"wp:attachment":[{"href":"https:\/\/www.melform.com\/fr\/wp-json\/wp\/v2\/media?parent=8113"}],"wp:term":[{"taxonomy":"product_brand","embeddable":true,"href":"https:\/\/www.melform.com\/fr\/wp-json\/wp\/v2\/product_brand?post=8113"},{"taxonomy":"product_cat","embeddable":true,"href":"https:\/\/www.melform.com\/fr\/wp-json\/wp\/v2\/product_cat?post=8113"},{"taxonomy":"product_tag","embeddable":true,"href":"https:\/\/www.melform.com\/fr\/wp-json\/wp\/v2\/product_tag?post=8113"}],"curies":[{"name":"wp","href":"https:\/\/api.w.org\/{rel}","templated":true}]}}