{"id":8117,"date":"2022-10-11T16:41:40","date_gmt":"2022-10-11T14:41:40","guid":{"rendered":"https:\/\/www.melform.com\/product\/chariot-7\/"},"modified":"2025-08-24T18:18:55","modified_gmt":"2025-08-24T16:18:55","slug":"chariot-7","status":"publish","type":"product","link":"https:\/\/www.melform.com\/fr\/conteneurs-\/catalogue-de-produits\/chariot-de-manutention\/chariot-7\/","title":{"rendered":"Chariot de manutention pour KOALA 140 et KOALA GREEN 140"},"content":{"rendered":"<p data-start=\"891\" data-end=\"1082\">Le <strong data-start=\"894\" data-end=\"920\">chariot de manutention<\/strong> est sp\u00e9cialement con\u00e7u pour le <strong data-start=\"952\" data-end=\"985\">conteneur\u00a0 KOALA 140 et KOALA GREEN 140<\/strong>, garantissant <strong data-start=\"1000\" data-end=\"1061\">une maniabilit\u00e9, une s\u00e9curit\u00e9 et une r\u00e9sistance optimales<\/strong> lors du transport.<\/p>\r\n\r\n<ul data-start=\"1084\" data-end=\"1685\" data-is-last-node=\"\" data-is-only-node=\"\">\r\n \t<li data-start=\"1084\" data-end=\"1175\"><strong data-start=\"1086\" data-end=\"1118\">Structure en acier galvanis\u00e9<\/strong>, robuste et r\u00e9sistante pour une utilisation intensive.<\/li>\r\n \t<li data-start=\"1176\" data-end=\"1307\"><strong data-start=\"1178\" data-end=\"1232\">Roues en caoutchouc anti-trace avec un noyau en PP<\/strong>, offrant un d\u00e9placement fluide sans laisser de marques sur les surfaces.<\/li>\r\n \t<li data-start=\"1308\" data-end=\"1685\" data-is-last-node=\"\"><strong data-start=\"1310\" data-end=\"1380\">Configuration optimis\u00e9e des roues pour une meilleure maniabilit\u00e9 :<\/strong>\r\n<ul data-start=\"1385\" data-end=\"1685\" data-is-last-node=\"\">\r\n \t<li data-start=\"1385\" data-end=\"1455\"><strong data-start=\"1387\" data-end=\"1420\">4 roues de 125 mm de diam\u00e8tre<\/strong>, assurant fluidit\u00e9 et stabilit\u00e9.<\/li>\r\n \t<li data-start=\"1458\" data-end=\"1540\"><strong data-start=\"1460\" data-end=\"1482\">2 roues pivotantes<\/strong>, pour maintenir la direction et faciliter le transport.<\/li>\r\n \t<li data-start=\"1543\" data-end=\"1685\" data-is-last-node=\"\"><strong data-start=\"1545\" data-end=\"1578\">2 roues pivotantes avec frein<\/strong>, pour une maniabilit\u00e9 accrue et un meilleur contr\u00f4le lors des op\u00e9rations de chargement et de d\u00e9chargement.<\/li>\r\n<\/ul>\r\n<\/li>\r\n<\/ul>","protected":false},"excerpt":{"rendered":"Le chariot de manutention est sp\u00e9cialement con\u00e7u pour le conteneur\u00a0 KOALA 140 et KOALA GREEN 140, garantissant une maniabilit\u00e9, une s\u00e9curit\u00e9 et une r\u00e9sistance optimales lors du transport. Structure en acier galvanis\u00e9, robuste et r\u00e9sistante pour une utilisation intensive. Roues en caoutchouc anti-trace avec un noyau en PP, offrant un d\u00e9placement fluide sans laisser de [&hellip;]","protected":false},"featured_media":10074,"template":"","meta":{"_acf_changed":false,"_themeisle_gutenberg_block_has_review":false},"product_brand":[],"product_cat":[912,1147],"product_tag":[],"class_list":{"0":"post-8117","1":"product","2":"type-product","3":"status-publish","4":"has-post-thumbnail","6":"product_cat-catalogue-de-produits","7":"product_cat-chariot-de-manutention","9":"first","10":"instock","11":"product-type-simple"},"acf":[],"yoast_head":"<!-- This site is optimized with the Yoast SEO plugin v26.4 - https:\/\/yoast.com\/wordpress\/plugins\/seo\/ -->\n<title>Chariot de manutention pour KOALA 140 et KOALA GREEN 140 - MELFORM<\/title>\n<meta name=\"robots\" content=\"index, follow, max-snippet:-1, max-image-preview:large, max-video-preview:-1\" \/>\n<link rel=\"canonical\" href=\"https:\/\/www.melform.com\/fr\/conteneurs-\/catalogue-de-produits\/chariot-de-manutention\/chariot-7\/\" \/>\n<meta property=\"og:locale\" content=\"fr_FR\" \/>\n<meta property=\"og:type\" content=\"article\" \/>\n<meta property=\"og:title\" content=\"Chariot de manutention pour KOALA 140 et KOALA GREEN 140 - MELFORM\" \/>\n<meta property=\"og:description\" content=\"Le chariot de manutention est sp\u00e9cialement con\u00e7u pour le conteneur\u00a0 KOALA 140 et KOALA GREEN 140, garantissant une maniabilit\u00e9, une s\u00e9curit\u00e9 et une r\u00e9sistance optimales lors du transport. Structure en acier galvanis\u00e9, robuste et r\u00e9sistante pour une utilisation intensive. Roues en caoutchouc anti-trace avec un noyau en PP, offrant un d\u00e9placement fluide sans laisser de [&hellip;]\" \/>\n<meta property=\"og:url\" content=\"https:\/\/www.melform.com\/fr\/conteneurs-\/catalogue-de-produits\/chariot-de-manutention\/chariot-7\/\" \/>\n<meta property=\"og:site_name\" content=\"MELFORM\" \/>\n<meta property=\"article:modified_time\" content=\"2025-08-24T16:18:55+00:00\" \/>\n<meta property=\"og:image\" content=\"https:\/\/www.melform.com\/wp-content\/uploads\/2022\/10\/img-prodotto-catalogo-1.jpg\" \/>\n\t<meta property=\"og:image:width\" content=\"1200\" \/>\n\t<meta property=\"og:image:height\" content=\"1200\" \/>\n\t<meta property=\"og:image:type\" content=\"image\/jpeg\" \/>\n<meta name=\"twitter:card\" content=\"summary_large_image\" \/>\n<script type=\"application\/ld+json\" class=\"yoast-schema-graph\">{\"@context\":\"https:\/\/schema.org\",\"@graph\":[{\"@type\":\"WebPage\",\"@id\":\"https:\/\/www.melform.com\/fr\/conteneurs-\/catalogue-de-produits\/chariot-de-manutention\/chariot-7\/\",\"url\":\"https:\/\/www.melform.com\/fr\/conteneurs-\/catalogue-de-produits\/chariot-de-manutention\/chariot-7\/\",\"name\":\"Chariot de manutention pour KOALA 140 et KOALA GREEN 140 - MELFORM\",\"isPartOf\":{\"@id\":\"https:\/\/www.melform.com\/fr\/#website\"},\"primaryImageOfPage\":{\"@id\":\"https:\/\/www.melform.com\/fr\/conteneurs-\/catalogue-de-produits\/chariot-de-manutention\/chariot-7\/#primaryimage\"},\"image\":{\"@id\":\"https:\/\/www.melform.com\/fr\/conteneurs-\/catalogue-de-produits\/chariot-de-manutention\/chariot-7\/#primaryimage\"},\"thumbnailUrl\":\"https:\/\/www.melform.com\/wp-content\/uploads\/2022\/10\/img-prodotto-catalogo-1.jpg\",\"datePublished\":\"2022-10-11T14:41:40+00:00\",\"dateModified\":\"2025-08-24T16:18:55+00:00\",\"breadcrumb\":{\"@id\":\"https:\/\/www.melform.com\/fr\/conteneurs-\/catalogue-de-produits\/chariot-de-manutention\/chariot-7\/#breadcrumb\"},\"inLanguage\":\"fr-FR\",\"potentialAction\":[{\"@type\":\"ReadAction\",\"target\":[\"https:\/\/www.melform.com\/fr\/conteneurs-\/catalogue-de-produits\/chariot-de-manutention\/chariot-7\/\"]}]},{\"@type\":\"ImageObject\",\"inLanguage\":\"fr-FR\",\"@id\":\"https:\/\/www.melform.com\/fr\/conteneurs-\/catalogue-de-produits\/chariot-de-manutention\/chariot-7\/#primaryimage\",\"url\":\"https:\/\/www.melform.com\/wp-content\/uploads\/2022\/10\/img-prodotto-catalogo-1.jpg\",\"contentUrl\":\"https:\/\/www.melform.com\/wp-content\/uploads\/2022\/10\/img-prodotto-catalogo-1.jpg\",\"width\":1200,\"height\":1200},{\"@type\":\"BreadcrumbList\",\"@id\":\"https:\/\/www.melform.com\/fr\/conteneurs-\/catalogue-de-produits\/chariot-de-manutention\/chariot-7\/#breadcrumb\",\"itemListElement\":[{\"@type\":\"ListItem\",\"position\":1,\"name\":\"Home\",\"item\":\"https:\/\/www.melform.com\/fr\/\"},{\"@type\":\"ListItem\",\"position\":2,\"name\":\"Shop\",\"item\":\"https:\/\/www.melform.com\/fr\/shop\/\"},{\"@type\":\"ListItem\",\"position\":3,\"name\":\"Chariot de manutention pour KOALA 140 et KOALA GREEN 140\"}]},{\"@type\":\"WebSite\",\"@id\":\"https:\/\/www.melform.com\/fr\/#website\",\"url\":\"https:\/\/www.melform.com\/fr\/\",\"name\":\"MELFORM\",\"description\":\"SISTEMI PER IL TRASPORTO E STOCCAGGIO A TEMPERATURA CONTROLLATA\",\"potentialAction\":[{\"@type\":\"SearchAction\",\"target\":{\"@type\":\"EntryPoint\",\"urlTemplate\":\"https:\/\/www.melform.com\/fr\/?s={search_term_string}\"},\"query-input\":{\"@type\":\"PropertyValueSpecification\",\"valueRequired\":true,\"valueName\":\"search_term_string\"}}],\"inLanguage\":\"fr-FR\"}]}<\/script>\n<!-- \/ Yoast SEO plugin. -->","yoast_head_json":{"title":"Chariot de manutention pour KOALA 140 et KOALA GREEN 140 - MELFORM","robots":{"index":"index","follow":"follow","max-snippet":"max-snippet:-1","max-image-preview":"max-image-preview:large","max-video-preview":"max-video-preview:-1"},"canonical":"https:\/\/www.melform.com\/fr\/conteneurs-\/catalogue-de-produits\/chariot-de-manutention\/chariot-7\/","og_locale":"fr_FR","og_type":"article","og_title":"Chariot de manutention pour KOALA 140 et KOALA GREEN 140 - MELFORM","og_description":"Le chariot de manutention est sp\u00e9cialement con\u00e7u pour le conteneur\u00a0 KOALA 140 et KOALA GREEN 140, garantissant une maniabilit\u00e9, une s\u00e9curit\u00e9 et une r\u00e9sistance optimales lors du transport. Structure en acier galvanis\u00e9, robuste et r\u00e9sistante pour une utilisation intensive. Roues en caoutchouc anti-trace avec un noyau en PP, offrant un d\u00e9placement fluide sans laisser de [&hellip;]","og_url":"https:\/\/www.melform.com\/fr\/conteneurs-\/catalogue-de-produits\/chariot-de-manutention\/chariot-7\/","og_site_name":"MELFORM","article_modified_time":"2025-08-24T16:18:55+00:00","og_image":[{"width":1200,"height":1200,"url":"https:\/\/www.melform.com\/wp-content\/uploads\/2022\/10\/img-prodotto-catalogo-1.jpg","type":"image\/jpeg"}],"twitter_card":"summary_large_image","schema":{"@context":"https:\/\/schema.org","@graph":[{"@type":"WebPage","@id":"https:\/\/www.melform.com\/fr\/conteneurs-\/catalogue-de-produits\/chariot-de-manutention\/chariot-7\/","url":"https:\/\/www.melform.com\/fr\/conteneurs-\/catalogue-de-produits\/chariot-de-manutention\/chariot-7\/","name":"Chariot de manutention pour KOALA 140 et KOALA GREEN 140 - MELFORM","isPartOf":{"@id":"https:\/\/www.melform.com\/fr\/#website"},"primaryImageOfPage":{"@id":"https:\/\/www.melform.com\/fr\/conteneurs-\/catalogue-de-produits\/chariot-de-manutention\/chariot-7\/#primaryimage"},"image":{"@id":"https:\/\/www.melform.com\/fr\/conteneurs-\/catalogue-de-produits\/chariot-de-manutention\/chariot-7\/#primaryimage"},"thumbnailUrl":"https:\/\/www.melform.com\/wp-content\/uploads\/2022\/10\/img-prodotto-catalogo-1.jpg","datePublished":"2022-10-11T14:41:40+00:00","dateModified":"2025-08-24T16:18:55+00:00","breadcrumb":{"@id":"https:\/\/www.melform.com\/fr\/conteneurs-\/catalogue-de-produits\/chariot-de-manutention\/chariot-7\/#breadcrumb"},"inLanguage":"fr-FR","potentialAction":[{"@type":"ReadAction","target":["https:\/\/www.melform.com\/fr\/conteneurs-\/catalogue-de-produits\/chariot-de-manutention\/chariot-7\/"]}]},{"@type":"ImageObject","inLanguage":"fr-FR","@id":"https:\/\/www.melform.com\/fr\/conteneurs-\/catalogue-de-produits\/chariot-de-manutention\/chariot-7\/#primaryimage","url":"https:\/\/www.melform.com\/wp-content\/uploads\/2022\/10\/img-prodotto-catalogo-1.jpg","contentUrl":"https:\/\/www.melform.com\/wp-content\/uploads\/2022\/10\/img-prodotto-catalogo-1.jpg","width":1200,"height":1200},{"@type":"BreadcrumbList","@id":"https:\/\/www.melform.com\/fr\/conteneurs-\/catalogue-de-produits\/chariot-de-manutention\/chariot-7\/#breadcrumb","itemListElement":[{"@type":"ListItem","position":1,"name":"Home","item":"https:\/\/www.melform.com\/fr\/"},{"@type":"ListItem","position":2,"name":"Shop","item":"https:\/\/www.melform.com\/fr\/shop\/"},{"@type":"ListItem","position":3,"name":"Chariot de manutention pour KOALA 140 et KOALA GREEN 140"}]},{"@type":"WebSite","@id":"https:\/\/www.melform.com\/fr\/#website","url":"https:\/\/www.melform.com\/fr\/","name":"MELFORM","description":"SISTEMI PER IL TRASPORTO E STOCCAGGIO A TEMPERATURA CONTROLLATA","potentialAction":[{"@type":"SearchAction","target":{"@type":"EntryPoint","urlTemplate":"https:\/\/www.melform.com\/fr\/?s={search_term_string}"},"query-input":{"@type":"PropertyValueSpecification","valueRequired":true,"valueName":"search_term_string"}}],"inLanguage":"fr-FR"}]}},"_links":{"self":[{"href":"https:\/\/www.melform.com\/fr\/wp-json\/wp\/v2\/product\/8117","targetHints":{"allow":["GET"]}}],"collection":[{"href":"https:\/\/www.melform.com\/fr\/wp-json\/wp\/v2\/product"}],"about":[{"href":"https:\/\/www.melform.com\/fr\/wp-json\/wp\/v2\/types\/product"}],"wp:featuredmedia":[{"embeddable":true,"href":"https:\/\/www.melform.com\/fr\/wp-json\/wp\/v2\/media\/10074"}],"wp:attachment":[{"href":"https:\/\/www.melform.com\/fr\/wp-json\/wp\/v2\/media?parent=8117"}],"wp:term":[{"taxonomy":"product_brand","embeddable":true,"href":"https:\/\/www.melform.com\/fr\/wp-json\/wp\/v2\/product_brand?post=8117"},{"taxonomy":"product_cat","embeddable":true,"href":"https:\/\/www.melform.com\/fr\/wp-json\/wp\/v2\/product_cat?post=8117"},{"taxonomy":"product_tag","embeddable":true,"href":"https:\/\/www.melform.com\/fr\/wp-json\/wp\/v2\/product_tag?post=8117"}],"curies":[{"name":"wp","href":"https:\/\/api.w.org\/{rel}","templated":true}]}}