{"id":8122,"date":"2022-10-11T16:42:19","date_gmt":"2022-10-11T14:42:19","guid":{"rendered":"https:\/\/www.melform.com\/product\/batterie-65ah-100ah-120ah\/"},"modified":"2025-02-20T18:48:36","modified_gmt":"2025-02-20T16:48:36","slug":"batterie-auxiliaire","status":"publish","type":"product","link":"https:\/\/www.melform.com\/fr\/conteneurs-\/catalogue-de-produits\/accessoires\/batterie-auxiliaire\/","title":{"rendered":"Batterie auxiliaire"},"content":{"rendered":"<p data-start=\"815\" data-end=\"1001\">La <strong data-start=\"818\" data-end=\"841\">batterie auxiliaire<\/strong> est con\u00e7ue pour assurer une <strong data-start=\"870\" data-end=\"920\">alimentation fiable et une autonomie prolong\u00e9e<\/strong> aux conteneurs r\u00e9frig\u00e9r\u00e9s, en s\u2019adaptant aux diff\u00e9rents besoins op\u00e9rationnels.<\/p>\r\n\r\n<ul data-start=\"1044\" data-end=\"1434\">\r\n \t<li data-start=\"1044\" data-end=\"1132\"><strong data-start=\"1046\" data-end=\"1071\">Capacit\u00e9s disponibles<\/strong> : <strong data-start=\"1074\" data-end=\"1099\">100Ah \/ 120Ah \/ 150Ah<\/strong>, selon le mod\u00e8le de conteneur.<\/li>\r\n \t<li data-start=\"1133\" data-end=\"1236\"><strong data-start=\"1135\" data-end=\"1160\">Alimentation continue<\/strong>, garantissant le maintien optimal de la temp\u00e9rature pendant le transport.<\/li>\r\n \t<li data-start=\"1237\" data-end=\"1341\"><strong data-start=\"1239\" data-end=\"1256\">Compatibilit\u00e9<\/strong> : Con\u00e7ue pour \u00eatre utilis\u00e9e avec des mod\u00e8les sp\u00e9cifiques de conteneurs r\u00e9frig\u00e9r\u00e9s.<\/li>\r\n \t<li data-start=\"1342\" data-end=\"1434\"><strong data-start=\"1344\" data-end=\"1378\">Structure robuste et s\u00e9curis\u00e9e<\/strong>, assurant une utilisation durable et professionnelle.<\/li>\r\n<\/ul>\r\n<p data-start=\"1436\" data-end=\"1584\" data-is-last-node=\"\" data-is-only-node=\"\">Une <strong data-start=\"1440\" data-end=\"1459\">solution id\u00e9ale<\/strong> pour augmenter l\u2019autonomie des conteneurs r\u00e9frig\u00e9r\u00e9s, garantissant <strong data-start=\"1527\" data-end=\"1583\">des performances optimales et une fiabilit\u00e9 maximale<\/strong>.<\/p>","protected":false},"excerpt":{"rendered":"La batterie auxiliaire est con\u00e7ue pour assurer une alimentation fiable et une autonomie prolong\u00e9e aux conteneurs r\u00e9frig\u00e9r\u00e9s, en s\u2019adaptant aux diff\u00e9rents besoins op\u00e9rationnels. Capacit\u00e9s disponibles : 100Ah \/ 120Ah \/ 150Ah, selon le mod\u00e8le de conteneur. Alimentation continue, garantissant le maintien optimal de la temp\u00e9rature pendant le transport. Compatibilit\u00e9 : Con\u00e7ue pour \u00eatre utilis\u00e9e avec [&hellip;]","protected":false},"featured_media":14094,"template":"","meta":{"_acf_changed":false,"_themeisle_gutenberg_block_has_review":false},"product_brand":[],"product_cat":[241],"product_tag":[],"class_list":{"0":"post-8122","1":"product","2":"type-product","3":"status-publish","4":"has-post-thumbnail","6":"product_cat-accessoires","7":"pa_amperaggio-100ah-fr","8":"pa_amperaggio-120ah-fr","10":"first","11":"instock","12":"product-type-variable","13":"wvs-archive-product-wrapper"},"acf":[],"yoast_head":"<!-- This site is optimized with the Yoast SEO plugin v26.4 - https:\/\/yoast.com\/wordpress\/plugins\/seo\/ -->\n<title>Batterie auxiliaire - MELFORM<\/title>\n<meta name=\"robots\" content=\"index, follow, max-snippet:-1, max-image-preview:large, max-video-preview:-1\" \/>\n<link rel=\"canonical\" href=\"https:\/\/www.melform.com\/fr\/conteneurs-\/catalogue-de-produits\/accessoires\/batterie-auxiliaire\/\" \/>\n<meta property=\"og:locale\" content=\"fr_FR\" \/>\n<meta property=\"og:type\" content=\"article\" \/>\n<meta property=\"og:title\" content=\"Batterie auxiliaire - MELFORM\" \/>\n<meta property=\"og:description\" content=\"La batterie auxiliaire est con\u00e7ue pour assurer une alimentation fiable et une autonomie prolong\u00e9e aux conteneurs r\u00e9frig\u00e9r\u00e9s, en s\u2019adaptant aux diff\u00e9rents besoins op\u00e9rationnels. Capacit\u00e9s disponibles : 100Ah \/ 120Ah \/ 150Ah, selon le mod\u00e8le de conteneur. Alimentation continue, garantissant le maintien optimal de la temp\u00e9rature pendant le transport. Compatibilit\u00e9 : Con\u00e7ue pour \u00eatre utilis\u00e9e avec [&hellip;]\" \/>\n<meta property=\"og:url\" content=\"https:\/\/www.melform.com\/fr\/conteneurs-\/catalogue-de-produits\/accessoires\/batterie-auxiliaire\/\" \/>\n<meta property=\"og:site_name\" content=\"MELFORM\" \/>\n<meta property=\"article:modified_time\" content=\"2025-02-20T16:48:36+00:00\" \/>\n<meta property=\"og:image\" content=\"https:\/\/www.melform.com\/wp-content\/uploads\/2024\/07\/BATT150AH-1024x683.jpg\" \/>\n\t<meta property=\"og:image:width\" content=\"1024\" \/>\n\t<meta property=\"og:image:height\" content=\"683\" \/>\n\t<meta property=\"og:image:type\" content=\"image\/jpeg\" \/>\n<meta name=\"twitter:card\" content=\"summary_large_image\" \/>\n<script type=\"application\/ld+json\" class=\"yoast-schema-graph\">{\"@context\":\"https:\/\/schema.org\",\"@graph\":[{\"@type\":\"WebPage\",\"@id\":\"https:\/\/www.melform.com\/fr\/conteneurs-\/catalogue-de-produits\/accessoires\/batterie-auxiliaire\/\",\"url\":\"https:\/\/www.melform.com\/fr\/conteneurs-\/catalogue-de-produits\/accessoires\/batterie-auxiliaire\/\",\"name\":\"Batterie auxiliaire - MELFORM\",\"isPartOf\":{\"@id\":\"https:\/\/www.melform.com\/fr\/#website\"},\"primaryImageOfPage\":{\"@id\":\"https:\/\/www.melform.com\/fr\/conteneurs-\/catalogue-de-produits\/accessoires\/batterie-auxiliaire\/#primaryimage\"},\"image\":{\"@id\":\"https:\/\/www.melform.com\/fr\/conteneurs-\/catalogue-de-produits\/accessoires\/batterie-auxiliaire\/#primaryimage\"},\"thumbnailUrl\":\"https:\/\/www.melform.com\/wp-content\/uploads\/2024\/07\/BATT150AH.jpg\",\"datePublished\":\"2022-10-11T14:42:19+00:00\",\"dateModified\":\"2025-02-20T16:48:36+00:00\",\"breadcrumb\":{\"@id\":\"https:\/\/www.melform.com\/fr\/conteneurs-\/catalogue-de-produits\/accessoires\/batterie-auxiliaire\/#breadcrumb\"},\"inLanguage\":\"fr-FR\",\"potentialAction\":[{\"@type\":\"ReadAction\",\"target\":[\"https:\/\/www.melform.com\/fr\/conteneurs-\/catalogue-de-produits\/accessoires\/batterie-auxiliaire\/\"]}]},{\"@type\":\"ImageObject\",\"inLanguage\":\"fr-FR\",\"@id\":\"https:\/\/www.melform.com\/fr\/conteneurs-\/catalogue-de-produits\/accessoires\/batterie-auxiliaire\/#primaryimage\",\"url\":\"https:\/\/www.melform.com\/wp-content\/uploads\/2024\/07\/BATT150AH.jpg\",\"contentUrl\":\"https:\/\/www.melform.com\/wp-content\/uploads\/2024\/07\/BATT150AH.jpg\",\"width\":8256,\"height\":5504},{\"@type\":\"BreadcrumbList\",\"@id\":\"https:\/\/www.melform.com\/fr\/conteneurs-\/catalogue-de-produits\/accessoires\/batterie-auxiliaire\/#breadcrumb\",\"itemListElement\":[{\"@type\":\"ListItem\",\"position\":1,\"name\":\"Home\",\"item\":\"https:\/\/www.melform.com\/fr\/\"},{\"@type\":\"ListItem\",\"position\":2,\"name\":\"Shop\",\"item\":\"https:\/\/www.melform.com\/fr\/shop\/\"},{\"@type\":\"ListItem\",\"position\":3,\"name\":\"Batterie auxiliaire\"}]},{\"@type\":\"WebSite\",\"@id\":\"https:\/\/www.melform.com\/fr\/#website\",\"url\":\"https:\/\/www.melform.com\/fr\/\",\"name\":\"MELFORM\",\"description\":\"SISTEMI PER IL TRASPORTO E STOCCAGGIO A TEMPERATURA CONTROLLATA\",\"potentialAction\":[{\"@type\":\"SearchAction\",\"target\":{\"@type\":\"EntryPoint\",\"urlTemplate\":\"https:\/\/www.melform.com\/fr\/?s={search_term_string}\"},\"query-input\":{\"@type\":\"PropertyValueSpecification\",\"valueRequired\":true,\"valueName\":\"search_term_string\"}}],\"inLanguage\":\"fr-FR\"}]}<\/script>\n<!-- \/ Yoast SEO plugin. -->","yoast_head_json":{"title":"Batterie auxiliaire - MELFORM","robots":{"index":"index","follow":"follow","max-snippet":"max-snippet:-1","max-image-preview":"max-image-preview:large","max-video-preview":"max-video-preview:-1"},"canonical":"https:\/\/www.melform.com\/fr\/conteneurs-\/catalogue-de-produits\/accessoires\/batterie-auxiliaire\/","og_locale":"fr_FR","og_type":"article","og_title":"Batterie auxiliaire - MELFORM","og_description":"La batterie auxiliaire est con\u00e7ue pour assurer une alimentation fiable et une autonomie prolong\u00e9e aux conteneurs r\u00e9frig\u00e9r\u00e9s, en s\u2019adaptant aux diff\u00e9rents besoins op\u00e9rationnels. Capacit\u00e9s disponibles : 100Ah \/ 120Ah \/ 150Ah, selon le mod\u00e8le de conteneur. Alimentation continue, garantissant le maintien optimal de la temp\u00e9rature pendant le transport. Compatibilit\u00e9 : Con\u00e7ue pour \u00eatre utilis\u00e9e avec [&hellip;]","og_url":"https:\/\/www.melform.com\/fr\/conteneurs-\/catalogue-de-produits\/accessoires\/batterie-auxiliaire\/","og_site_name":"MELFORM","article_modified_time":"2025-02-20T16:48:36+00:00","og_image":[{"width":1024,"height":683,"url":"https:\/\/www.melform.com\/wp-content\/uploads\/2024\/07\/BATT150AH-1024x683.jpg","type":"image\/jpeg"}],"twitter_card":"summary_large_image","schema":{"@context":"https:\/\/schema.org","@graph":[{"@type":"WebPage","@id":"https:\/\/www.melform.com\/fr\/conteneurs-\/catalogue-de-produits\/accessoires\/batterie-auxiliaire\/","url":"https:\/\/www.melform.com\/fr\/conteneurs-\/catalogue-de-produits\/accessoires\/batterie-auxiliaire\/","name":"Batterie auxiliaire - MELFORM","isPartOf":{"@id":"https:\/\/www.melform.com\/fr\/#website"},"primaryImageOfPage":{"@id":"https:\/\/www.melform.com\/fr\/conteneurs-\/catalogue-de-produits\/accessoires\/batterie-auxiliaire\/#primaryimage"},"image":{"@id":"https:\/\/www.melform.com\/fr\/conteneurs-\/catalogue-de-produits\/accessoires\/batterie-auxiliaire\/#primaryimage"},"thumbnailUrl":"https:\/\/www.melform.com\/wp-content\/uploads\/2024\/07\/BATT150AH.jpg","datePublished":"2022-10-11T14:42:19+00:00","dateModified":"2025-02-20T16:48:36+00:00","breadcrumb":{"@id":"https:\/\/www.melform.com\/fr\/conteneurs-\/catalogue-de-produits\/accessoires\/batterie-auxiliaire\/#breadcrumb"},"inLanguage":"fr-FR","potentialAction":[{"@type":"ReadAction","target":["https:\/\/www.melform.com\/fr\/conteneurs-\/catalogue-de-produits\/accessoires\/batterie-auxiliaire\/"]}]},{"@type":"ImageObject","inLanguage":"fr-FR","@id":"https:\/\/www.melform.com\/fr\/conteneurs-\/catalogue-de-produits\/accessoires\/batterie-auxiliaire\/#primaryimage","url":"https:\/\/www.melform.com\/wp-content\/uploads\/2024\/07\/BATT150AH.jpg","contentUrl":"https:\/\/www.melform.com\/wp-content\/uploads\/2024\/07\/BATT150AH.jpg","width":8256,"height":5504},{"@type":"BreadcrumbList","@id":"https:\/\/www.melform.com\/fr\/conteneurs-\/catalogue-de-produits\/accessoires\/batterie-auxiliaire\/#breadcrumb","itemListElement":[{"@type":"ListItem","position":1,"name":"Home","item":"https:\/\/www.melform.com\/fr\/"},{"@type":"ListItem","position":2,"name":"Shop","item":"https:\/\/www.melform.com\/fr\/shop\/"},{"@type":"ListItem","position":3,"name":"Batterie auxiliaire"}]},{"@type":"WebSite","@id":"https:\/\/www.melform.com\/fr\/#website","url":"https:\/\/www.melform.com\/fr\/","name":"MELFORM","description":"SISTEMI PER IL TRASPORTO E STOCCAGGIO A TEMPERATURA CONTROLLATA","potentialAction":[{"@type":"SearchAction","target":{"@type":"EntryPoint","urlTemplate":"https:\/\/www.melform.com\/fr\/?s={search_term_string}"},"query-input":{"@type":"PropertyValueSpecification","valueRequired":true,"valueName":"search_term_string"}}],"inLanguage":"fr-FR"}]}},"_links":{"self":[{"href":"https:\/\/www.melform.com\/fr\/wp-json\/wp\/v2\/product\/8122","targetHints":{"allow":["GET"]}}],"collection":[{"href":"https:\/\/www.melform.com\/fr\/wp-json\/wp\/v2\/product"}],"about":[{"href":"https:\/\/www.melform.com\/fr\/wp-json\/wp\/v2\/types\/product"}],"wp:featuredmedia":[{"embeddable":true,"href":"https:\/\/www.melform.com\/fr\/wp-json\/wp\/v2\/media\/14094"}],"wp:attachment":[{"href":"https:\/\/www.melform.com\/fr\/wp-json\/wp\/v2\/media?parent=8122"}],"wp:term":[{"taxonomy":"product_brand","embeddable":true,"href":"https:\/\/www.melform.com\/fr\/wp-json\/wp\/v2\/product_brand?post=8122"},{"taxonomy":"product_cat","embeddable":true,"href":"https:\/\/www.melform.com\/fr\/wp-json\/wp\/v2\/product_cat?post=8122"},{"taxonomy":"product_tag","embeddable":true,"href":"https:\/\/www.melform.com\/fr\/wp-json\/wp\/v2\/product_tag?post=8122"}],"curies":[{"name":"wp","href":"https:\/\/api.w.org\/{rel}","templated":true}]}}