{"id":8131,"date":"2022-10-11T16:43:06","date_gmt":"2022-10-11T14:43:06","guid":{"rendered":"https:\/\/www.melform.com\/product\/chariot-11\/"},"modified":"2025-09-02T15:56:16","modified_gmt":"2025-09-02T13:56:16","slug":"chariot-11","status":"publish","type":"product","link":"https:\/\/www.melform.com\/fr\/conteneurs-\/catalogue-de-produits\/chariot-de-manutention\/chariot-11\/","title":{"rendered":"Chariot de manutention pour DRICY"},"content":{"rendered":"<div class=\"wpb-content-wrapper\">[vc_row][vc_column][vc_column_text css=&#8221;&#8221;]\r\n<p data-start=\"63\" data-end=\"220\">Le <strong data-start=\"66\" data-end=\"96\">chariot de manutention<\/strong> est sp\u00e9cialement con\u00e7u pour le <strong data-start=\"132\" data-end=\"156\">conteneur DRICY<\/strong>, garantissant <strong data-start=\"169\" data-end=\"217\">stabilit\u00e9, s\u00e9curit\u00e9 et facilit\u00e9 de transport<\/strong>.<\/p>\r\n\r\n<ul data-start=\"260\" data-end=\"755\">\r\n \t<li data-start=\"260\" data-end=\"366\"><strong data-start=\"262\" data-end=\"276\">Disponible en 3 dimensions<\/strong>:\r\n<ul data-start=\"260\" data-end=\"755\">\r\n \t<li><strong>555 x 555 x H170 mm<\/strong>, parfaitement adapt\u00e9es au conteneur DRICY 30.<\/li>\r\n \t<li data-start=\"260\" data-end=\"366\"><strong>875 x 550 x H170 mm<\/strong>, parfaitement adapt\u00e9es au conteneur DRICY 65.<\/li>\r\n \t<li data-start=\"260\" data-end=\"366\"><strong>835 x 545 x H170 mm<\/strong>, parfaitement adapt\u00e9es au conteneur DRICY 90.<\/li>\r\n<\/ul>\r\n<\/li>\r\n \t<li data-start=\"367\" data-end=\"493\"><strong data-start=\"369\" data-end=\"390\">Structure robuste<\/strong> : Fabriqu\u00e9e <strong data-start=\"406\" data-end=\"442\">en m\u00e9tal rev\u00eatu de polystyr\u00e8ne<\/strong>, assurant une grande r\u00e9sistance et durabilit\u00e9.<\/li>\r\n \t<li data-start=\"494\" data-end=\"641\"><strong data-start=\"496\" data-end=\"519\">Protection avanc\u00e9e<\/strong> : \u00c9quip\u00e9 de <strong data-start=\"531\" data-end=\"550\">coins renforc\u00e9s en ABS<\/strong>, con\u00e7us pour maintenir solidement le conteneur pendant la manutention.<\/li>\r\n \t<li data-start=\"642\" data-end=\"755\"><strong data-start=\"644\" data-end=\"669\">Facilit\u00e9 de transport<\/strong> : Permet une <strong data-start=\"684\" data-end=\"716\">manipulation pratique et s\u00e9curis\u00e9e<\/strong>, r\u00e9duisant l\u2019effort de l\u2019op\u00e9rateur.<\/li>\r\n<\/ul>\r\n[\/vc_column_text][\/vc_column][\/vc_row]<\/div>","protected":false},"excerpt":{"rendered":"[vc_row][vc_column][vc_column_text css=&#8221;&#8221;] Le chariot de manutention est sp\u00e9cialement con\u00e7u pour le conteneur DRICY, garantissant stabilit\u00e9, s\u00e9curit\u00e9 et facilit\u00e9 de transport. Disponible en 3 dimensions: 555 x 555 x H170 mm, parfaitement adapt\u00e9es au conteneur DRICY 30. 875 x 550 x H170 mm, parfaitement adapt\u00e9es au conteneur DRICY 65. 835 x 545 x H170 mm, parfaitement [&hellip;]","protected":false},"featured_media":5279,"template":"","meta":{"_acf_changed":false,"_themeisle_gutenberg_block_has_review":false},"product_brand":[],"product_cat":[912,1147],"product_tag":[],"class_list":{"0":"post-8131","1":"product","2":"type-product","3":"status-publish","4":"has-post-thumbnail","6":"product_cat-catalogue-de-produits","7":"product_cat-chariot-de-manutention","9":"first","10":"instock","11":"product-type-variable","12":"wvs-archive-product-wrapper"},"acf":[],"yoast_head":"<!-- This site is optimized with the Yoast SEO plugin v26.4 - https:\/\/yoast.com\/wordpress\/plugins\/seo\/ -->\n<title>Chariot de manutention pour DRICY - MELFORM<\/title>\n<meta name=\"robots\" content=\"index, follow, max-snippet:-1, max-image-preview:large, max-video-preview:-1\" \/>\n<link rel=\"canonical\" href=\"https:\/\/www.melform.com\/fr\/conteneurs-\/catalogue-de-produits\/chariot-de-manutention\/chariot-11\/\" \/>\n<meta property=\"og:locale\" content=\"fr_FR\" \/>\n<meta property=\"og:type\" content=\"article\" \/>\n<meta property=\"og:title\" content=\"Chariot de manutention pour DRICY - MELFORM\" \/>\n<meta property=\"og:description\" content=\"[vc_row][vc_column][vc_column_text css=&#8221;&#8221;] Le chariot de manutention est sp\u00e9cialement con\u00e7u pour le conteneur DRICY, garantissant stabilit\u00e9, s\u00e9curit\u00e9 et facilit\u00e9 de transport. Disponible en 3 dimensions: 555 x 555 x H170 mm, parfaitement adapt\u00e9es au conteneur DRICY 30. 875 x 550 x H170 mm, parfaitement adapt\u00e9es au conteneur DRICY 65. 835 x 545 x H170 mm, parfaitement [&hellip;]\" \/>\n<meta property=\"og:url\" content=\"https:\/\/www.melform.com\/fr\/conteneurs-\/catalogue-de-produits\/chariot-de-manutention\/chariot-11\/\" \/>\n<meta property=\"og:site_name\" content=\"MELFORM\" \/>\n<meta property=\"article:modified_time\" content=\"2025-09-02T13:56:16+00:00\" \/>\n<meta property=\"og:image\" content=\"https:\/\/www.melform.com\/wp-content\/uploads\/2022\/11\/THD30001THD65001THD90001-2.jpg\" \/>\n\t<meta property=\"og:image:width\" content=\"1000\" \/>\n\t<meta property=\"og:image:height\" content=\"667\" \/>\n\t<meta property=\"og:image:type\" content=\"image\/jpeg\" \/>\n<meta name=\"twitter:card\" content=\"summary_large_image\" \/>\n<script type=\"application\/ld+json\" class=\"yoast-schema-graph\">{\"@context\":\"https:\/\/schema.org\",\"@graph\":[{\"@type\":\"WebPage\",\"@id\":\"https:\/\/www.melform.com\/fr\/conteneurs-\/catalogue-de-produits\/chariot-de-manutention\/chariot-11\/\",\"url\":\"https:\/\/www.melform.com\/fr\/conteneurs-\/catalogue-de-produits\/chariot-de-manutention\/chariot-11\/\",\"name\":\"Chariot de manutention pour DRICY - MELFORM\",\"isPartOf\":{\"@id\":\"https:\/\/www.melform.com\/fr\/#website\"},\"primaryImageOfPage\":{\"@id\":\"https:\/\/www.melform.com\/fr\/conteneurs-\/catalogue-de-produits\/chariot-de-manutention\/chariot-11\/#primaryimage\"},\"image\":{\"@id\":\"https:\/\/www.melform.com\/fr\/conteneurs-\/catalogue-de-produits\/chariot-de-manutention\/chariot-11\/#primaryimage\"},\"thumbnailUrl\":\"https:\/\/www.melform.com\/wp-content\/uploads\/2022\/11\/THD30001THD65001THD90001-2.jpg\",\"datePublished\":\"2022-10-11T14:43:06+00:00\",\"dateModified\":\"2025-09-02T13:56:16+00:00\",\"breadcrumb\":{\"@id\":\"https:\/\/www.melform.com\/fr\/conteneurs-\/catalogue-de-produits\/chariot-de-manutention\/chariot-11\/#breadcrumb\"},\"inLanguage\":\"fr-FR\",\"potentialAction\":[{\"@type\":\"ReadAction\",\"target\":[\"https:\/\/www.melform.com\/fr\/conteneurs-\/catalogue-de-produits\/chariot-de-manutention\/chariot-11\/\"]}]},{\"@type\":\"ImageObject\",\"inLanguage\":\"fr-FR\",\"@id\":\"https:\/\/www.melform.com\/fr\/conteneurs-\/catalogue-de-produits\/chariot-de-manutention\/chariot-11\/#primaryimage\",\"url\":\"https:\/\/www.melform.com\/wp-content\/uploads\/2022\/11\/THD30001THD65001THD90001-2.jpg\",\"contentUrl\":\"https:\/\/www.melform.com\/wp-content\/uploads\/2022\/11\/THD30001THD65001THD90001-2.jpg\",\"width\":1000,\"height\":667},{\"@type\":\"BreadcrumbList\",\"@id\":\"https:\/\/www.melform.com\/fr\/conteneurs-\/catalogue-de-produits\/chariot-de-manutention\/chariot-11\/#breadcrumb\",\"itemListElement\":[{\"@type\":\"ListItem\",\"position\":1,\"name\":\"Home\",\"item\":\"https:\/\/www.melform.com\/fr\/\"},{\"@type\":\"ListItem\",\"position\":2,\"name\":\"Shop\",\"item\":\"https:\/\/www.melform.com\/fr\/shop\/\"},{\"@type\":\"ListItem\",\"position\":3,\"name\":\"Chariot de manutention pour DRICY\"}]},{\"@type\":\"WebSite\",\"@id\":\"https:\/\/www.melform.com\/fr\/#website\",\"url\":\"https:\/\/www.melform.com\/fr\/\",\"name\":\"MELFORM\",\"description\":\"SISTEMI PER IL TRASPORTO E STOCCAGGIO A TEMPERATURA CONTROLLATA\",\"potentialAction\":[{\"@type\":\"SearchAction\",\"target\":{\"@type\":\"EntryPoint\",\"urlTemplate\":\"https:\/\/www.melform.com\/fr\/?s={search_term_string}\"},\"query-input\":{\"@type\":\"PropertyValueSpecification\",\"valueRequired\":true,\"valueName\":\"search_term_string\"}}],\"inLanguage\":\"fr-FR\"}]}<\/script>\n<!-- \/ Yoast SEO plugin. -->","yoast_head_json":{"title":"Chariot de manutention pour DRICY - MELFORM","robots":{"index":"index","follow":"follow","max-snippet":"max-snippet:-1","max-image-preview":"max-image-preview:large","max-video-preview":"max-video-preview:-1"},"canonical":"https:\/\/www.melform.com\/fr\/conteneurs-\/catalogue-de-produits\/chariot-de-manutention\/chariot-11\/","og_locale":"fr_FR","og_type":"article","og_title":"Chariot de manutention pour DRICY - MELFORM","og_description":"[vc_row][vc_column][vc_column_text css=&#8221;&#8221;] Le chariot de manutention est sp\u00e9cialement con\u00e7u pour le conteneur DRICY, garantissant stabilit\u00e9, s\u00e9curit\u00e9 et facilit\u00e9 de transport. Disponible en 3 dimensions: 555 x 555 x H170 mm, parfaitement adapt\u00e9es au conteneur DRICY 30. 875 x 550 x H170 mm, parfaitement adapt\u00e9es au conteneur DRICY 65. 835 x 545 x H170 mm, parfaitement [&hellip;]","og_url":"https:\/\/www.melform.com\/fr\/conteneurs-\/catalogue-de-produits\/chariot-de-manutention\/chariot-11\/","og_site_name":"MELFORM","article_modified_time":"2025-09-02T13:56:16+00:00","og_image":[{"width":1000,"height":667,"url":"https:\/\/www.melform.com\/wp-content\/uploads\/2022\/11\/THD30001THD65001THD90001-2.jpg","type":"image\/jpeg"}],"twitter_card":"summary_large_image","schema":{"@context":"https:\/\/schema.org","@graph":[{"@type":"WebPage","@id":"https:\/\/www.melform.com\/fr\/conteneurs-\/catalogue-de-produits\/chariot-de-manutention\/chariot-11\/","url":"https:\/\/www.melform.com\/fr\/conteneurs-\/catalogue-de-produits\/chariot-de-manutention\/chariot-11\/","name":"Chariot de manutention pour DRICY - MELFORM","isPartOf":{"@id":"https:\/\/www.melform.com\/fr\/#website"},"primaryImageOfPage":{"@id":"https:\/\/www.melform.com\/fr\/conteneurs-\/catalogue-de-produits\/chariot-de-manutention\/chariot-11\/#primaryimage"},"image":{"@id":"https:\/\/www.melform.com\/fr\/conteneurs-\/catalogue-de-produits\/chariot-de-manutention\/chariot-11\/#primaryimage"},"thumbnailUrl":"https:\/\/www.melform.com\/wp-content\/uploads\/2022\/11\/THD30001THD65001THD90001-2.jpg","datePublished":"2022-10-11T14:43:06+00:00","dateModified":"2025-09-02T13:56:16+00:00","breadcrumb":{"@id":"https:\/\/www.melform.com\/fr\/conteneurs-\/catalogue-de-produits\/chariot-de-manutention\/chariot-11\/#breadcrumb"},"inLanguage":"fr-FR","potentialAction":[{"@type":"ReadAction","target":["https:\/\/www.melform.com\/fr\/conteneurs-\/catalogue-de-produits\/chariot-de-manutention\/chariot-11\/"]}]},{"@type":"ImageObject","inLanguage":"fr-FR","@id":"https:\/\/www.melform.com\/fr\/conteneurs-\/catalogue-de-produits\/chariot-de-manutention\/chariot-11\/#primaryimage","url":"https:\/\/www.melform.com\/wp-content\/uploads\/2022\/11\/THD30001THD65001THD90001-2.jpg","contentUrl":"https:\/\/www.melform.com\/wp-content\/uploads\/2022\/11\/THD30001THD65001THD90001-2.jpg","width":1000,"height":667},{"@type":"BreadcrumbList","@id":"https:\/\/www.melform.com\/fr\/conteneurs-\/catalogue-de-produits\/chariot-de-manutention\/chariot-11\/#breadcrumb","itemListElement":[{"@type":"ListItem","position":1,"name":"Home","item":"https:\/\/www.melform.com\/fr\/"},{"@type":"ListItem","position":2,"name":"Shop","item":"https:\/\/www.melform.com\/fr\/shop\/"},{"@type":"ListItem","position":3,"name":"Chariot de manutention pour DRICY"}]},{"@type":"WebSite","@id":"https:\/\/www.melform.com\/fr\/#website","url":"https:\/\/www.melform.com\/fr\/","name":"MELFORM","description":"SISTEMI PER IL TRASPORTO E STOCCAGGIO A TEMPERATURA CONTROLLATA","potentialAction":[{"@type":"SearchAction","target":{"@type":"EntryPoint","urlTemplate":"https:\/\/www.melform.com\/fr\/?s={search_term_string}"},"query-input":{"@type":"PropertyValueSpecification","valueRequired":true,"valueName":"search_term_string"}}],"inLanguage":"fr-FR"}]}},"_links":{"self":[{"href":"https:\/\/www.melform.com\/fr\/wp-json\/wp\/v2\/product\/8131","targetHints":{"allow":["GET"]}}],"collection":[{"href":"https:\/\/www.melform.com\/fr\/wp-json\/wp\/v2\/product"}],"about":[{"href":"https:\/\/www.melform.com\/fr\/wp-json\/wp\/v2\/types\/product"}],"wp:featuredmedia":[{"embeddable":true,"href":"https:\/\/www.melform.com\/fr\/wp-json\/wp\/v2\/media\/5279"}],"wp:attachment":[{"href":"https:\/\/www.melform.com\/fr\/wp-json\/wp\/v2\/media?parent=8131"}],"wp:term":[{"taxonomy":"product_brand","embeddable":true,"href":"https:\/\/www.melform.com\/fr\/wp-json\/wp\/v2\/product_brand?post=8131"},{"taxonomy":"product_cat","embeddable":true,"href":"https:\/\/www.melform.com\/fr\/wp-json\/wp\/v2\/product_cat?post=8131"},{"taxonomy":"product_tag","embeddable":true,"href":"https:\/\/www.melform.com\/fr\/wp-json\/wp\/v2\/product_tag?post=8131"}],"curies":[{"name":"wp","href":"https:\/\/api.w.org\/{rel}","templated":true}]}}