{"id":8145,"date":"2022-10-07T16:40:12","date_gmt":"2022-10-07T14:40:12","guid":{"rendered":"https:\/\/www.melform.com\/product\/contenitore-isotermico-cargo-500\/"},"modified":"2025-02-26T17:46:45","modified_gmt":"2025-02-26T15:46:45","slug":"conteneur-isotherme-cargo-500","status":"publish","type":"product","link":"https:\/\/www.melform.com\/fr\/conteneurs-\/catalogue-de-produits\/conteneurs-isothermes-passifs\/conteneurs-isothermes-cargo\/conteneur-isotherme-cargo-500\/","title":{"rendered":"Roll isotherme &#8211; CARGO 500"},"content":{"rendered":"Le <strong>CARGO 500<\/strong> est un <strong>conteneur isotherme passif<\/strong> \u00e0 ouverture frontale, con\u00e7u pour le transport s\u00fbr et efficace de produits \u00e0 temp\u00e9rature contr\u00f4l\u00e9e.\r\n<ul>\r\n \t<li><strong>Capacit\u00e9<\/strong> : 500 litres.<\/li>\r\n \t<li>\u00c9quip\u00e9 de <strong>poign\u00e9es en acier inoxydable int\u00e9gr\u00e9es \u00e0 la porte<\/strong>,\u00a0 pour garantir une manipulation s\u00fbre et ais\u00e9e.<\/li>\r\n \t<li><strong>Structure<\/strong> : Fabriqu\u00e9e en <strong>poly\u00e9thyl\u00e8ne<\/strong>, r\u00e9sistant aux chocs et aux conditions climatiques.<\/li>\r\n \t<li><strong>Isolation<\/strong> : <strong>Mousse de polyur\u00e9thane<\/strong> sans CFC ni HCFC, conforme aux normes environnementales.<\/li>\r\n \t<li><strong>Certification ATP<\/strong> : Garantit l\u2019aptitude au transport de marchandises p\u00e9rissables \u00e0 temp\u00e9rature contr\u00f4l\u00e9e.<\/li>\r\n<\/ul>","protected":false},"excerpt":{"rendered":"Le CARGO 500 est un conteneur isotherme passif \u00e0 ouverture frontale, con\u00e7u pour le transport s\u00fbr et efficace de produits \u00e0 temp\u00e9rature contr\u00f4l\u00e9e. Capacit\u00e9 : 500 litres. \u00c9quip\u00e9 de poign\u00e9es en acier inoxydable int\u00e9gr\u00e9es \u00e0 la porte,\u00a0 pour garantir une manipulation s\u00fbre et ais\u00e9e. Structure : Fabriqu\u00e9e en poly\u00e9thyl\u00e8ne, r\u00e9sistant aux chocs et aux conditions [&hellip;]","protected":false},"featured_media":5468,"template":"","meta":{"_acf_changed":false,"_themeisle_gutenberg_block_has_review":false},"product_brand":[],"product_cat":[912,913,624],"product_tag":[],"class_list":{"0":"post-8145","1":"product","2":"type-product","3":"status-publish","4":"has-post-thumbnail","6":"product_cat-catalogue-de-produits","7":"product_cat-conteneurs-isothermes-passifs","8":"product_cat-conteneurs-isothermes-cargo","9":"pa_basamento-basic-fr","10":"pa_basamento-palette","11":"pa_basamento-pieds","12":"pa_basamento-roues","14":"first","15":"instock","16":"product-type-variable","17":"wvs-archive-product-wrapper"},"acf":[],"yoast_head":"<!-- This site is optimized with the Yoast SEO plugin v26.4 - https:\/\/yoast.com\/wordpress\/plugins\/seo\/ -->\n<title>Roll isotherme - CARGO 500 - MELFORM<\/title>\n<meta name=\"robots\" content=\"index, follow, max-snippet:-1, max-image-preview:large, max-video-preview:-1\" \/>\n<link rel=\"canonical\" href=\"https:\/\/www.melform.com\/fr\/conteneurs-\/catalogue-de-produits\/conteneurs-isothermes-passifs\/conteneurs-isothermes-cargo\/conteneur-isotherme-cargo-500\/\" \/>\n<meta property=\"og:locale\" content=\"fr_FR\" \/>\n<meta property=\"og:type\" content=\"article\" \/>\n<meta property=\"og:title\" content=\"Roll isotherme - CARGO 500 - MELFORM\" \/>\n<meta property=\"og:description\" content=\"Le CARGO 500 est un conteneur isotherme passif \u00e0 ouverture frontale, con\u00e7u pour le transport s\u00fbr et efficace de produits \u00e0 temp\u00e9rature contr\u00f4l\u00e9e. Capacit\u00e9 : 500 litres. \u00c9quip\u00e9 de poign\u00e9es en acier inoxydable int\u00e9gr\u00e9es \u00e0 la porte,\u00a0 pour garantir une manipulation s\u00fbre et ais\u00e9e. Structure : Fabriqu\u00e9e en poly\u00e9thyl\u00e8ne, r\u00e9sistant aux chocs et aux conditions [&hellip;]\" \/>\n<meta property=\"og:url\" content=\"https:\/\/www.melform.com\/fr\/conteneurs-\/catalogue-de-produits\/conteneurs-isothermes-passifs\/conteneurs-isothermes-cargo\/conteneur-isotherme-cargo-500\/\" \/>\n<meta property=\"og:site_name\" content=\"MELFORM\" \/>\n<meta property=\"article:modified_time\" content=\"2025-02-26T15:46:45+00:00\" \/>\n<meta property=\"og:image\" content=\"https:\/\/www.melform.com\/wp-content\/uploads\/2022\/10\/05000071-7.jpg\" \/>\n\t<meta property=\"og:image:width\" content=\"1200\" \/>\n\t<meta property=\"og:image:height\" content=\"1200\" \/>\n\t<meta property=\"og:image:type\" content=\"image\/jpeg\" \/>\n<meta name=\"twitter:card\" content=\"summary_large_image\" \/>\n<script type=\"application\/ld+json\" class=\"yoast-schema-graph\">{\"@context\":\"https:\/\/schema.org\",\"@graph\":[{\"@type\":\"WebPage\",\"@id\":\"https:\/\/www.melform.com\/fr\/conteneurs-\/catalogue-de-produits\/conteneurs-isothermes-passifs\/conteneurs-isothermes-cargo\/conteneur-isotherme-cargo-500\/\",\"url\":\"https:\/\/www.melform.com\/fr\/conteneurs-\/catalogue-de-produits\/conteneurs-isothermes-passifs\/conteneurs-isothermes-cargo\/conteneur-isotherme-cargo-500\/\",\"name\":\"Roll isotherme - CARGO 500 - MELFORM\",\"isPartOf\":{\"@id\":\"https:\/\/www.melform.com\/fr\/#website\"},\"primaryImageOfPage\":{\"@id\":\"https:\/\/www.melform.com\/fr\/conteneurs-\/catalogue-de-produits\/conteneurs-isothermes-passifs\/conteneurs-isothermes-cargo\/conteneur-isotherme-cargo-500\/#primaryimage\"},\"image\":{\"@id\":\"https:\/\/www.melform.com\/fr\/conteneurs-\/catalogue-de-produits\/conteneurs-isothermes-passifs\/conteneurs-isothermes-cargo\/conteneur-isotherme-cargo-500\/#primaryimage\"},\"thumbnailUrl\":\"https:\/\/www.melform.com\/wp-content\/uploads\/2022\/10\/05000071-7.jpg\",\"datePublished\":\"2022-10-07T14:40:12+00:00\",\"dateModified\":\"2025-02-26T15:46:45+00:00\",\"breadcrumb\":{\"@id\":\"https:\/\/www.melform.com\/fr\/conteneurs-\/catalogue-de-produits\/conteneurs-isothermes-passifs\/conteneurs-isothermes-cargo\/conteneur-isotherme-cargo-500\/#breadcrumb\"},\"inLanguage\":\"fr-FR\",\"potentialAction\":[{\"@type\":\"ReadAction\",\"target\":[\"https:\/\/www.melform.com\/fr\/conteneurs-\/catalogue-de-produits\/conteneurs-isothermes-passifs\/conteneurs-isothermes-cargo\/conteneur-isotherme-cargo-500\/\"]}]},{\"@type\":\"ImageObject\",\"inLanguage\":\"fr-FR\",\"@id\":\"https:\/\/www.melform.com\/fr\/conteneurs-\/catalogue-de-produits\/conteneurs-isothermes-passifs\/conteneurs-isothermes-cargo\/conteneur-isotherme-cargo-500\/#primaryimage\",\"url\":\"https:\/\/www.melform.com\/wp-content\/uploads\/2022\/10\/05000071-7.jpg\",\"contentUrl\":\"https:\/\/www.melform.com\/wp-content\/uploads\/2022\/10\/05000071-7.jpg\",\"width\":1200,\"height\":1200},{\"@type\":\"BreadcrumbList\",\"@id\":\"https:\/\/www.melform.com\/fr\/conteneurs-\/catalogue-de-produits\/conteneurs-isothermes-passifs\/conteneurs-isothermes-cargo\/conteneur-isotherme-cargo-500\/#breadcrumb\",\"itemListElement\":[{\"@type\":\"ListItem\",\"position\":1,\"name\":\"Home\",\"item\":\"https:\/\/www.melform.com\/fr\/\"},{\"@type\":\"ListItem\",\"position\":2,\"name\":\"Shop\",\"item\":\"https:\/\/www.melform.com\/fr\/shop\/\"},{\"@type\":\"ListItem\",\"position\":3,\"name\":\"Roll isotherme &#8211; CARGO 500\"}]},{\"@type\":\"WebSite\",\"@id\":\"https:\/\/www.melform.com\/fr\/#website\",\"url\":\"https:\/\/www.melform.com\/fr\/\",\"name\":\"MELFORM\",\"description\":\"SISTEMI PER IL TRASPORTO E STOCCAGGIO A TEMPERATURA CONTROLLATA\",\"potentialAction\":[{\"@type\":\"SearchAction\",\"target\":{\"@type\":\"EntryPoint\",\"urlTemplate\":\"https:\/\/www.melform.com\/fr\/?s={search_term_string}\"},\"query-input\":{\"@type\":\"PropertyValueSpecification\",\"valueRequired\":true,\"valueName\":\"search_term_string\"}}],\"inLanguage\":\"fr-FR\"}]}<\/script>\n<!-- \/ Yoast SEO plugin. -->","yoast_head_json":{"title":"Roll isotherme - CARGO 500 - MELFORM","robots":{"index":"index","follow":"follow","max-snippet":"max-snippet:-1","max-image-preview":"max-image-preview:large","max-video-preview":"max-video-preview:-1"},"canonical":"https:\/\/www.melform.com\/fr\/conteneurs-\/catalogue-de-produits\/conteneurs-isothermes-passifs\/conteneurs-isothermes-cargo\/conteneur-isotherme-cargo-500\/","og_locale":"fr_FR","og_type":"article","og_title":"Roll isotherme - CARGO 500 - MELFORM","og_description":"Le CARGO 500 est un conteneur isotherme passif \u00e0 ouverture frontale, con\u00e7u pour le transport s\u00fbr et efficace de produits \u00e0 temp\u00e9rature contr\u00f4l\u00e9e. Capacit\u00e9 : 500 litres. \u00c9quip\u00e9 de poign\u00e9es en acier inoxydable int\u00e9gr\u00e9es \u00e0 la porte,\u00a0 pour garantir une manipulation s\u00fbre et ais\u00e9e. Structure : Fabriqu\u00e9e en poly\u00e9thyl\u00e8ne, r\u00e9sistant aux chocs et aux conditions [&hellip;]","og_url":"https:\/\/www.melform.com\/fr\/conteneurs-\/catalogue-de-produits\/conteneurs-isothermes-passifs\/conteneurs-isothermes-cargo\/conteneur-isotherme-cargo-500\/","og_site_name":"MELFORM","article_modified_time":"2025-02-26T15:46:45+00:00","og_image":[{"width":1200,"height":1200,"url":"https:\/\/www.melform.com\/wp-content\/uploads\/2022\/10\/05000071-7.jpg","type":"image\/jpeg"}],"twitter_card":"summary_large_image","schema":{"@context":"https:\/\/schema.org","@graph":[{"@type":"WebPage","@id":"https:\/\/www.melform.com\/fr\/conteneurs-\/catalogue-de-produits\/conteneurs-isothermes-passifs\/conteneurs-isothermes-cargo\/conteneur-isotherme-cargo-500\/","url":"https:\/\/www.melform.com\/fr\/conteneurs-\/catalogue-de-produits\/conteneurs-isothermes-passifs\/conteneurs-isothermes-cargo\/conteneur-isotherme-cargo-500\/","name":"Roll isotherme - CARGO 500 - MELFORM","isPartOf":{"@id":"https:\/\/www.melform.com\/fr\/#website"},"primaryImageOfPage":{"@id":"https:\/\/www.melform.com\/fr\/conteneurs-\/catalogue-de-produits\/conteneurs-isothermes-passifs\/conteneurs-isothermes-cargo\/conteneur-isotherme-cargo-500\/#primaryimage"},"image":{"@id":"https:\/\/www.melform.com\/fr\/conteneurs-\/catalogue-de-produits\/conteneurs-isothermes-passifs\/conteneurs-isothermes-cargo\/conteneur-isotherme-cargo-500\/#primaryimage"},"thumbnailUrl":"https:\/\/www.melform.com\/wp-content\/uploads\/2022\/10\/05000071-7.jpg","datePublished":"2022-10-07T14:40:12+00:00","dateModified":"2025-02-26T15:46:45+00:00","breadcrumb":{"@id":"https:\/\/www.melform.com\/fr\/conteneurs-\/catalogue-de-produits\/conteneurs-isothermes-passifs\/conteneurs-isothermes-cargo\/conteneur-isotherme-cargo-500\/#breadcrumb"},"inLanguage":"fr-FR","potentialAction":[{"@type":"ReadAction","target":["https:\/\/www.melform.com\/fr\/conteneurs-\/catalogue-de-produits\/conteneurs-isothermes-passifs\/conteneurs-isothermes-cargo\/conteneur-isotherme-cargo-500\/"]}]},{"@type":"ImageObject","inLanguage":"fr-FR","@id":"https:\/\/www.melform.com\/fr\/conteneurs-\/catalogue-de-produits\/conteneurs-isothermes-passifs\/conteneurs-isothermes-cargo\/conteneur-isotherme-cargo-500\/#primaryimage","url":"https:\/\/www.melform.com\/wp-content\/uploads\/2022\/10\/05000071-7.jpg","contentUrl":"https:\/\/www.melform.com\/wp-content\/uploads\/2022\/10\/05000071-7.jpg","width":1200,"height":1200},{"@type":"BreadcrumbList","@id":"https:\/\/www.melform.com\/fr\/conteneurs-\/catalogue-de-produits\/conteneurs-isothermes-passifs\/conteneurs-isothermes-cargo\/conteneur-isotherme-cargo-500\/#breadcrumb","itemListElement":[{"@type":"ListItem","position":1,"name":"Home","item":"https:\/\/www.melform.com\/fr\/"},{"@type":"ListItem","position":2,"name":"Shop","item":"https:\/\/www.melform.com\/fr\/shop\/"},{"@type":"ListItem","position":3,"name":"Roll isotherme &#8211; CARGO 500"}]},{"@type":"WebSite","@id":"https:\/\/www.melform.com\/fr\/#website","url":"https:\/\/www.melform.com\/fr\/","name":"MELFORM","description":"SISTEMI PER IL TRASPORTO E STOCCAGGIO A TEMPERATURA CONTROLLATA","potentialAction":[{"@type":"SearchAction","target":{"@type":"EntryPoint","urlTemplate":"https:\/\/www.melform.com\/fr\/?s={search_term_string}"},"query-input":{"@type":"PropertyValueSpecification","valueRequired":true,"valueName":"search_term_string"}}],"inLanguage":"fr-FR"}]}},"_links":{"self":[{"href":"https:\/\/www.melform.com\/fr\/wp-json\/wp\/v2\/product\/8145","targetHints":{"allow":["GET"]}}],"collection":[{"href":"https:\/\/www.melform.com\/fr\/wp-json\/wp\/v2\/product"}],"about":[{"href":"https:\/\/www.melform.com\/fr\/wp-json\/wp\/v2\/types\/product"}],"wp:featuredmedia":[{"embeddable":true,"href":"https:\/\/www.melform.com\/fr\/wp-json\/wp\/v2\/media\/5468"}],"wp:attachment":[{"href":"https:\/\/www.melform.com\/fr\/wp-json\/wp\/v2\/media?parent=8145"}],"wp:term":[{"taxonomy":"product_brand","embeddable":true,"href":"https:\/\/www.melform.com\/fr\/wp-json\/wp\/v2\/product_brand?post=8145"},{"taxonomy":"product_cat","embeddable":true,"href":"https:\/\/www.melform.com\/fr\/wp-json\/wp\/v2\/product_cat?post=8145"},{"taxonomy":"product_tag","embeddable":true,"href":"https:\/\/www.melform.com\/fr\/wp-json\/wp\/v2\/product_tag?post=8145"}],"curies":[{"name":"wp","href":"https:\/\/api.w.org\/{rel}","templated":true}]}}