{"id":8149,"date":"2022-11-08T18:20:29","date_gmt":"2022-11-08T16:20:29","guid":{"rendered":"https:\/\/www.melform.com\/product\/contenitore-isotermico-cargo-500-catering-2\/"},"modified":"2022-11-10T17:37:41","modified_gmt":"2022-11-10T15:37:41","slug":"conteneur-isotherme-cargo-500-catering-2","status":"publish","type":"product","link":"https:\/\/www.melform.com\/fr\/conteneurs-\/catalogue-de-produits\/conteneurs-isothermes-passifs\/conteneurs-isothermes-cargo\/conteneur-isotherme-cargo-500-catering-2\/","title":{"rendered":"Conteneur isotherme &#8211; CARGO 500 catering"},"content":{"rendered":"Conteneur isotherme \u00e0 ouverture frontale d&#8217;une capacit\u00e9 de 500 litres pour le transport de produits \u00e0 temp\u00e9rature contr\u00f4l\u00e9e. R\u00e9alis\u00e9 en poly\u00e9thyl\u00e8ne et isol\u00e9 avec de la mousse de polyur\u00e9thane sans CFC ni HCFC, il assure un maintien thermique correct, pr\u00e9servant les propri\u00e9t\u00e9s organoleptiques des aliments et limitant le risque de prolif\u00e9ration bact\u00e9rienne. ","protected":false},"excerpt":{"rendered":"Conteneur isotherme \u00e0 ouverture frontale d&#8217;une capacit\u00e9 de 500 litres pour le transport de produits \u00e0 temp\u00e9rature contr\u00f4l\u00e9e. R\u00e9alis\u00e9 en poly\u00e9thyl\u00e8ne et isol\u00e9 avec de la mousse de polyur\u00e9thane sans CFC ni HCFC, il assure un maintien thermique correct, pr\u00e9servant les propri\u00e9t\u00e9s organoleptiques des aliments et limitant le risque de prolif\u00e9ration bact\u00e9rienne.","protected":false},"featured_media":5930,"template":"","meta":{"_acf_changed":false,"_themeisle_gutenberg_block_has_review":false},"product_brand":[],"product_cat":[912,913,624],"product_tag":[],"class_list":{"0":"post-8149","1":"product","2":"type-product","3":"status-publish","4":"has-post-thumbnail","6":"product_cat-catalogue-de-produits","7":"product_cat-conteneurs-isothermes-passifs","8":"product_cat-conteneurs-isothermes-cargo","9":"pa_linea-catering-fr","11":"first","12":"instock","13":"product-type-simple"},"acf":[],"yoast_head":"<!-- This site is optimized with the Yoast SEO plugin v26.4 - https:\/\/yoast.com\/wordpress\/plugins\/seo\/ -->\n<title>Conteneur isotherme - CARGO 500 catering - MELFORM<\/title>\n<meta name=\"robots\" content=\"index, follow, max-snippet:-1, max-image-preview:large, max-video-preview:-1\" \/>\n<link rel=\"canonical\" href=\"https:\/\/www.melform.com\/fr\/conteneurs-\/catalogue-de-produits\/conteneurs-isothermes-passifs\/conteneurs-isothermes-cargo\/conteneur-isotherme-cargo-500-catering-2\/\" \/>\n<meta property=\"og:locale\" content=\"fr_FR\" \/>\n<meta property=\"og:type\" content=\"article\" \/>\n<meta property=\"og:title\" content=\"Conteneur isotherme - CARGO 500 catering - MELFORM\" \/>\n<meta property=\"og:description\" content=\"Conteneur isotherme \u00e0 ouverture frontale d&#8217;une capacit\u00e9 de 500 litres pour le transport de produits \u00e0 temp\u00e9rature contr\u00f4l\u00e9e. R\u00e9alis\u00e9 en poly\u00e9thyl\u00e8ne et isol\u00e9 avec de la mousse de polyur\u00e9thane sans CFC ni HCFC, il assure un maintien thermique correct, pr\u00e9servant les propri\u00e9t\u00e9s organoleptiques des aliments et limitant le risque de prolif\u00e9ration bact\u00e9rienne.\" \/>\n<meta property=\"og:url\" content=\"https:\/\/www.melform.com\/fr\/conteneurs-\/catalogue-de-produits\/conteneurs-isothermes-passifs\/conteneurs-isothermes-cargo\/conteneur-isotherme-cargo-500-catering-2\/\" \/>\n<meta property=\"og:site_name\" content=\"MELFORM\" \/>\n<meta property=\"article:modified_time\" content=\"2022-11-10T15:37:41+00:00\" \/>\n<meta property=\"og:image\" content=\"https:\/\/www.melform.com\/wp-content\/uploads\/2022\/10\/05000086-6-e1667839070170.jpg\" \/>\n\t<meta property=\"og:image:width\" content=\"1200\" \/>\n\t<meta property=\"og:image:height\" content=\"1200\" \/>\n\t<meta property=\"og:image:type\" content=\"image\/jpeg\" \/>\n<meta name=\"twitter:card\" content=\"summary_large_image\" \/>\n<script type=\"application\/ld+json\" class=\"yoast-schema-graph\">{\"@context\":\"https:\/\/schema.org\",\"@graph\":[{\"@type\":\"WebPage\",\"@id\":\"https:\/\/www.melform.com\/fr\/conteneurs-\/catalogue-de-produits\/conteneurs-isothermes-passifs\/conteneurs-isothermes-cargo\/conteneur-isotherme-cargo-500-catering-2\/\",\"url\":\"https:\/\/www.melform.com\/fr\/conteneurs-\/catalogue-de-produits\/conteneurs-isothermes-passifs\/conteneurs-isothermes-cargo\/conteneur-isotherme-cargo-500-catering-2\/\",\"name\":\"Conteneur isotherme - CARGO 500 catering - MELFORM\",\"isPartOf\":{\"@id\":\"https:\/\/www.melform.com\/fr\/#website\"},\"primaryImageOfPage\":{\"@id\":\"https:\/\/www.melform.com\/fr\/conteneurs-\/catalogue-de-produits\/conteneurs-isothermes-passifs\/conteneurs-isothermes-cargo\/conteneur-isotherme-cargo-500-catering-2\/#primaryimage\"},\"image\":{\"@id\":\"https:\/\/www.melform.com\/fr\/conteneurs-\/catalogue-de-produits\/conteneurs-isothermes-passifs\/conteneurs-isothermes-cargo\/conteneur-isotherme-cargo-500-catering-2\/#primaryimage\"},\"thumbnailUrl\":\"https:\/\/www.melform.com\/wp-content\/uploads\/2022\/10\/05000086-6-e1667839070170.jpg\",\"datePublished\":\"2022-11-08T16:20:29+00:00\",\"dateModified\":\"2022-11-10T15:37:41+00:00\",\"breadcrumb\":{\"@id\":\"https:\/\/www.melform.com\/fr\/conteneurs-\/catalogue-de-produits\/conteneurs-isothermes-passifs\/conteneurs-isothermes-cargo\/conteneur-isotherme-cargo-500-catering-2\/#breadcrumb\"},\"inLanguage\":\"fr-FR\",\"potentialAction\":[{\"@type\":\"ReadAction\",\"target\":[\"https:\/\/www.melform.com\/fr\/conteneurs-\/catalogue-de-produits\/conteneurs-isothermes-passifs\/conteneurs-isothermes-cargo\/conteneur-isotherme-cargo-500-catering-2\/\"]}]},{\"@type\":\"ImageObject\",\"inLanguage\":\"fr-FR\",\"@id\":\"https:\/\/www.melform.com\/fr\/conteneurs-\/catalogue-de-produits\/conteneurs-isothermes-passifs\/conteneurs-isothermes-cargo\/conteneur-isotherme-cargo-500-catering-2\/#primaryimage\",\"url\":\"https:\/\/www.melform.com\/wp-content\/uploads\/2022\/10\/05000086-6-e1667839070170.jpg\",\"contentUrl\":\"https:\/\/www.melform.com\/wp-content\/uploads\/2022\/10\/05000086-6-e1667839070170.jpg\",\"width\":1200,\"height\":1200},{\"@type\":\"BreadcrumbList\",\"@id\":\"https:\/\/www.melform.com\/fr\/conteneurs-\/catalogue-de-produits\/conteneurs-isothermes-passifs\/conteneurs-isothermes-cargo\/conteneur-isotherme-cargo-500-catering-2\/#breadcrumb\",\"itemListElement\":[{\"@type\":\"ListItem\",\"position\":1,\"name\":\"Home\",\"item\":\"https:\/\/www.melform.com\/fr\/\"},{\"@type\":\"ListItem\",\"position\":2,\"name\":\"Shop\",\"item\":\"https:\/\/www.melform.com\/fr\/shop\/\"},{\"@type\":\"ListItem\",\"position\":3,\"name\":\"Conteneur isotherme &#8211; CARGO 500 catering\"}]},{\"@type\":\"WebSite\",\"@id\":\"https:\/\/www.melform.com\/fr\/#website\",\"url\":\"https:\/\/www.melform.com\/fr\/\",\"name\":\"MELFORM\",\"description\":\"SISTEMI PER IL TRASPORTO E STOCCAGGIO A TEMPERATURA CONTROLLATA\",\"potentialAction\":[{\"@type\":\"SearchAction\",\"target\":{\"@type\":\"EntryPoint\",\"urlTemplate\":\"https:\/\/www.melform.com\/fr\/?s={search_term_string}\"},\"query-input\":{\"@type\":\"PropertyValueSpecification\",\"valueRequired\":true,\"valueName\":\"search_term_string\"}}],\"inLanguage\":\"fr-FR\"}]}<\/script>\n<!-- \/ Yoast SEO plugin. -->","yoast_head_json":{"title":"Conteneur isotherme - CARGO 500 catering - MELFORM","robots":{"index":"index","follow":"follow","max-snippet":"max-snippet:-1","max-image-preview":"max-image-preview:large","max-video-preview":"max-video-preview:-1"},"canonical":"https:\/\/www.melform.com\/fr\/conteneurs-\/catalogue-de-produits\/conteneurs-isothermes-passifs\/conteneurs-isothermes-cargo\/conteneur-isotherme-cargo-500-catering-2\/","og_locale":"fr_FR","og_type":"article","og_title":"Conteneur isotherme - CARGO 500 catering - MELFORM","og_description":"Conteneur isotherme \u00e0 ouverture frontale d&#8217;une capacit\u00e9 de 500 litres pour le transport de produits \u00e0 temp\u00e9rature contr\u00f4l\u00e9e. R\u00e9alis\u00e9 en poly\u00e9thyl\u00e8ne et isol\u00e9 avec de la mousse de polyur\u00e9thane sans CFC ni HCFC, il assure un maintien thermique correct, pr\u00e9servant les propri\u00e9t\u00e9s organoleptiques des aliments et limitant le risque de prolif\u00e9ration bact\u00e9rienne.","og_url":"https:\/\/www.melform.com\/fr\/conteneurs-\/catalogue-de-produits\/conteneurs-isothermes-passifs\/conteneurs-isothermes-cargo\/conteneur-isotherme-cargo-500-catering-2\/","og_site_name":"MELFORM","article_modified_time":"2022-11-10T15:37:41+00:00","og_image":[{"width":1200,"height":1200,"url":"https:\/\/www.melform.com\/wp-content\/uploads\/2022\/10\/05000086-6-e1667839070170.jpg","type":"image\/jpeg"}],"twitter_card":"summary_large_image","schema":{"@context":"https:\/\/schema.org","@graph":[{"@type":"WebPage","@id":"https:\/\/www.melform.com\/fr\/conteneurs-\/catalogue-de-produits\/conteneurs-isothermes-passifs\/conteneurs-isothermes-cargo\/conteneur-isotherme-cargo-500-catering-2\/","url":"https:\/\/www.melform.com\/fr\/conteneurs-\/catalogue-de-produits\/conteneurs-isothermes-passifs\/conteneurs-isothermes-cargo\/conteneur-isotherme-cargo-500-catering-2\/","name":"Conteneur isotherme - CARGO 500 catering - MELFORM","isPartOf":{"@id":"https:\/\/www.melform.com\/fr\/#website"},"primaryImageOfPage":{"@id":"https:\/\/www.melform.com\/fr\/conteneurs-\/catalogue-de-produits\/conteneurs-isothermes-passifs\/conteneurs-isothermes-cargo\/conteneur-isotherme-cargo-500-catering-2\/#primaryimage"},"image":{"@id":"https:\/\/www.melform.com\/fr\/conteneurs-\/catalogue-de-produits\/conteneurs-isothermes-passifs\/conteneurs-isothermes-cargo\/conteneur-isotherme-cargo-500-catering-2\/#primaryimage"},"thumbnailUrl":"https:\/\/www.melform.com\/wp-content\/uploads\/2022\/10\/05000086-6-e1667839070170.jpg","datePublished":"2022-11-08T16:20:29+00:00","dateModified":"2022-11-10T15:37:41+00:00","breadcrumb":{"@id":"https:\/\/www.melform.com\/fr\/conteneurs-\/catalogue-de-produits\/conteneurs-isothermes-passifs\/conteneurs-isothermes-cargo\/conteneur-isotherme-cargo-500-catering-2\/#breadcrumb"},"inLanguage":"fr-FR","potentialAction":[{"@type":"ReadAction","target":["https:\/\/www.melform.com\/fr\/conteneurs-\/catalogue-de-produits\/conteneurs-isothermes-passifs\/conteneurs-isothermes-cargo\/conteneur-isotherme-cargo-500-catering-2\/"]}]},{"@type":"ImageObject","inLanguage":"fr-FR","@id":"https:\/\/www.melform.com\/fr\/conteneurs-\/catalogue-de-produits\/conteneurs-isothermes-passifs\/conteneurs-isothermes-cargo\/conteneur-isotherme-cargo-500-catering-2\/#primaryimage","url":"https:\/\/www.melform.com\/wp-content\/uploads\/2022\/10\/05000086-6-e1667839070170.jpg","contentUrl":"https:\/\/www.melform.com\/wp-content\/uploads\/2022\/10\/05000086-6-e1667839070170.jpg","width":1200,"height":1200},{"@type":"BreadcrumbList","@id":"https:\/\/www.melform.com\/fr\/conteneurs-\/catalogue-de-produits\/conteneurs-isothermes-passifs\/conteneurs-isothermes-cargo\/conteneur-isotherme-cargo-500-catering-2\/#breadcrumb","itemListElement":[{"@type":"ListItem","position":1,"name":"Home","item":"https:\/\/www.melform.com\/fr\/"},{"@type":"ListItem","position":2,"name":"Shop","item":"https:\/\/www.melform.com\/fr\/shop\/"},{"@type":"ListItem","position":3,"name":"Conteneur isotherme &#8211; CARGO 500 catering"}]},{"@type":"WebSite","@id":"https:\/\/www.melform.com\/fr\/#website","url":"https:\/\/www.melform.com\/fr\/","name":"MELFORM","description":"SISTEMI PER IL TRASPORTO E STOCCAGGIO A TEMPERATURA CONTROLLATA","potentialAction":[{"@type":"SearchAction","target":{"@type":"EntryPoint","urlTemplate":"https:\/\/www.melform.com\/fr\/?s={search_term_string}"},"query-input":{"@type":"PropertyValueSpecification","valueRequired":true,"valueName":"search_term_string"}}],"inLanguage":"fr-FR"}]}},"_links":{"self":[{"href":"https:\/\/www.melform.com\/fr\/wp-json\/wp\/v2\/product\/8149","targetHints":{"allow":["GET"]}}],"collection":[{"href":"https:\/\/www.melform.com\/fr\/wp-json\/wp\/v2\/product"}],"about":[{"href":"https:\/\/www.melform.com\/fr\/wp-json\/wp\/v2\/types\/product"}],"wp:featuredmedia":[{"embeddable":true,"href":"https:\/\/www.melform.com\/fr\/wp-json\/wp\/v2\/media\/5930"}],"wp:attachment":[{"href":"https:\/\/www.melform.com\/fr\/wp-json\/wp\/v2\/media?parent=8149"}],"wp:term":[{"taxonomy":"product_brand","embeddable":true,"href":"https:\/\/www.melform.com\/fr\/wp-json\/wp\/v2\/product_brand?post=8149"},{"taxonomy":"product_cat","embeddable":true,"href":"https:\/\/www.melform.com\/fr\/wp-json\/wp\/v2\/product_cat?post=8149"},{"taxonomy":"product_tag","embeddable":true,"href":"https:\/\/www.melform.com\/fr\/wp-json\/wp\/v2\/product_tag?post=8149"}],"curies":[{"name":"wp","href":"https:\/\/api.w.org\/{rel}","templated":true}]}}