{"id":8154,"date":"2022-10-07T16:40:43","date_gmt":"2022-10-07T14:40:43","guid":{"rendered":"https:\/\/www.melform.com\/product\/contenitore-isotermico-cargo-900-europallet\/"},"modified":"2025-10-08T23:34:19","modified_gmt":"2025-10-08T21:34:19","slug":"conteneur-isotherme-cargo-900-europallet","status":"publish","type":"product","link":"https:\/\/www.melform.com\/fr\/conteneurs-\/catalogue-de-produits\/conteneurs-isothermes-passifs\/conteneurs-isothermes-cargo\/conteneur-isotherme-cargo-900-europallet\/","title":{"rendered":"Roll isotherme &#8211; CARGO 900 EUROPALLET"},"content":{"rendered":"<p data-start=\"1653\" data-end=\"1981\">Le <strong data-start=\"1656\" data-end=\"1669\">CARGO 900<\/strong> est un conteneur isotherme passif con\u00e7u pour garantir le <strong data-start=\"1727\" data-end=\"1756\">transport s\u00fbr et efficace<\/strong> de produits \u00e0 temp\u00e9rature contr\u00f4l\u00e9e.<\/p>\r\n\r\n<ul data-start=\"2024\" data-end=\"3128\">\r\n \t<li data-start=\"2024\" data-end=\"2121\"><strong data-start=\"2026\" data-end=\"2040\">Capacit\u00e9 :<\/strong> 900 litres, id\u00e9al pour le transport de grands volumes de produits p\u00e9rissables.<\/li>\r\n \t<li data-start=\"2122\" data-end=\"2240\"><strong data-start=\"2124\" data-end=\"2156\">Mat\u00e9riaux de haute qualit\u00e9 :<\/strong> fabriqu\u00e9 en <strong data-start=\"2169\" data-end=\"2193\">poly\u00e9thyl\u00e8ne robuste<\/strong>, hautement r\u00e9sistant aux chocs et \u00e0 l\u2019usure.<\/li>\r\n \t<li data-start=\"2241\" data-end=\"2409\"><strong data-start=\"2243\" data-end=\"2276\">Isolation thermique avanc\u00e9e :<\/strong> isol\u00e9 avec une <strong data-start=\"2292\" data-end=\"2329\">mousse de polyur\u00e9thane \u00e9cologique<\/strong> sans CFC ni HCFC, garantissant un maintien optimal de la temp\u00e9rature interne.<\/li>\r\n \t<li data-start=\"2410\" data-end=\"2677\"><strong data-start=\"2444\" data-end=\"2460\">Certifi\u00e9 ATP<\/strong>, conforme aux normes internationales pour le transport des produits p\u00e9rissables.<\/li>\r\n \t<li data-start=\"2410\" data-end=\"2677\"><strong data-start=\"2548\" data-end=\"2577\">Protection des aliments :<\/strong> pr\u00e9serve les <strong data-start=\"2591\" data-end=\"2621\">propri\u00e9t\u00e9s organoleptiques<\/strong> et r\u00e9duit le risque de <strong data-start=\"2645\" data-end=\"2674\">prolif\u00e9ration bact\u00e9rienne<\/strong>.<\/li>\r\n \t<li data-start=\"2410\" data-end=\"2677\"><strong data-start=\"2833\" data-end=\"2881\">Dimensions optimis\u00e9es EUROPALLET (80&#215;120 cm)<\/strong> pour une parfaite int\u00e9gration dans les v\u00e9hicules commerciaux et les processus logistiques.<\/li>\r\n \t<li data-start=\"2975\" data-end=\"3128\"><strong data-start=\"2977\" data-end=\"3010\">Version sp\u00e9ciale disponible : <\/strong><strong data-start=\"3017\" data-end=\"3056\">Mod\u00e8le pour le transport du poisson<\/strong>, sp\u00e9cialement con\u00e7u pour r\u00e9pondre aux besoins du secteur halieutique.<\/li>\r\n<\/ul>","protected":false},"excerpt":{"rendered":"Le CARGO 900 est un conteneur isotherme passif con\u00e7u pour garantir le transport s\u00fbr et efficace de produits \u00e0 temp\u00e9rature contr\u00f4l\u00e9e. Capacit\u00e9 : 900 litres, id\u00e9al pour le transport de grands volumes de produits p\u00e9rissables. Mat\u00e9riaux de haute qualit\u00e9 : fabriqu\u00e9 en poly\u00e9thyl\u00e8ne robuste, hautement r\u00e9sistant aux chocs et \u00e0 l\u2019usure. Isolation thermique avanc\u00e9e : [&hellip;]","protected":false},"featured_media":5489,"template":"","meta":{"_acf_changed":false,"_themeisle_gutenberg_block_has_review":false},"product_brand":[],"product_cat":[912,913,624],"product_tag":[],"class_list":{"0":"post-8154","1":"product","2":"type-product","3":"status-publish","4":"has-post-thumbnail","6":"product_cat-catalogue-de-produits","7":"product_cat-conteneurs-isothermes-passifs","8":"product_cat-conteneurs-isothermes-cargo","10":"first","11":"instock","12":"product-type-variable","13":"wvs-archive-product-wrapper"},"acf":[],"yoast_head":"<!-- This site is optimized with the Yoast SEO plugin v26.4 - https:\/\/yoast.com\/wordpress\/plugins\/seo\/ -->\n<title>Roll isotherme - CARGO 900 EUROPALLET - MELFORM<\/title>\n<meta name=\"robots\" content=\"index, follow, max-snippet:-1, max-image-preview:large, max-video-preview:-1\" \/>\n<link rel=\"canonical\" href=\"https:\/\/www.melform.com\/fr\/conteneurs-\/catalogue-de-produits\/conteneurs-isothermes-passifs\/conteneurs-isothermes-cargo\/conteneur-isotherme-cargo-900-europallet\/\" \/>\n<meta property=\"og:locale\" content=\"fr_FR\" \/>\n<meta property=\"og:type\" content=\"article\" \/>\n<meta property=\"og:title\" content=\"Roll isotherme - CARGO 900 EUROPALLET - MELFORM\" \/>\n<meta property=\"og:description\" content=\"Le CARGO 900 est un conteneur isotherme passif con\u00e7u pour garantir le transport s\u00fbr et efficace de produits \u00e0 temp\u00e9rature contr\u00f4l\u00e9e. Capacit\u00e9 : 900 litres, id\u00e9al pour le transport de grands volumes de produits p\u00e9rissables. Mat\u00e9riaux de haute qualit\u00e9 : fabriqu\u00e9 en poly\u00e9thyl\u00e8ne robuste, hautement r\u00e9sistant aux chocs et \u00e0 l\u2019usure. Isolation thermique avanc\u00e9e : [&hellip;]\" \/>\n<meta property=\"og:url\" content=\"https:\/\/www.melform.com\/fr\/conteneurs-\/catalogue-de-produits\/conteneurs-isothermes-passifs\/conteneurs-isothermes-cargo\/conteneur-isotherme-cargo-900-europallet\/\" \/>\n<meta property=\"og:site_name\" content=\"MELFORM\" \/>\n<meta property=\"article:modified_time\" content=\"2025-10-08T21:34:19+00:00\" \/>\n<meta property=\"og:image\" content=\"https:\/\/www.melform.com\/wp-content\/uploads\/2022\/10\/09000037-1.jpg\" \/>\n\t<meta property=\"og:image:width\" content=\"1200\" \/>\n\t<meta property=\"og:image:height\" content=\"1200\" \/>\n\t<meta property=\"og:image:type\" content=\"image\/jpeg\" \/>\n<meta name=\"twitter:card\" content=\"summary_large_image\" \/>\n<script type=\"application\/ld+json\" class=\"yoast-schema-graph\">{\"@context\":\"https:\/\/schema.org\",\"@graph\":[{\"@type\":\"WebPage\",\"@id\":\"https:\/\/www.melform.com\/fr\/conteneurs-\/catalogue-de-produits\/conteneurs-isothermes-passifs\/conteneurs-isothermes-cargo\/conteneur-isotherme-cargo-900-europallet\/\",\"url\":\"https:\/\/www.melform.com\/fr\/conteneurs-\/catalogue-de-produits\/conteneurs-isothermes-passifs\/conteneurs-isothermes-cargo\/conteneur-isotherme-cargo-900-europallet\/\",\"name\":\"Roll isotherme - CARGO 900 EUROPALLET - MELFORM\",\"isPartOf\":{\"@id\":\"https:\/\/www.melform.com\/fr\/#website\"},\"primaryImageOfPage\":{\"@id\":\"https:\/\/www.melform.com\/fr\/conteneurs-\/catalogue-de-produits\/conteneurs-isothermes-passifs\/conteneurs-isothermes-cargo\/conteneur-isotherme-cargo-900-europallet\/#primaryimage\"},\"image\":{\"@id\":\"https:\/\/www.melform.com\/fr\/conteneurs-\/catalogue-de-produits\/conteneurs-isothermes-passifs\/conteneurs-isothermes-cargo\/conteneur-isotherme-cargo-900-europallet\/#primaryimage\"},\"thumbnailUrl\":\"https:\/\/www.melform.com\/wp-content\/uploads\/2022\/10\/09000037-1.jpg\",\"datePublished\":\"2022-10-07T14:40:43+00:00\",\"dateModified\":\"2025-10-08T21:34:19+00:00\",\"breadcrumb\":{\"@id\":\"https:\/\/www.melform.com\/fr\/conteneurs-\/catalogue-de-produits\/conteneurs-isothermes-passifs\/conteneurs-isothermes-cargo\/conteneur-isotherme-cargo-900-europallet\/#breadcrumb\"},\"inLanguage\":\"fr-FR\",\"potentialAction\":[{\"@type\":\"ReadAction\",\"target\":[\"https:\/\/www.melform.com\/fr\/conteneurs-\/catalogue-de-produits\/conteneurs-isothermes-passifs\/conteneurs-isothermes-cargo\/conteneur-isotherme-cargo-900-europallet\/\"]}]},{\"@type\":\"ImageObject\",\"inLanguage\":\"fr-FR\",\"@id\":\"https:\/\/www.melform.com\/fr\/conteneurs-\/catalogue-de-produits\/conteneurs-isothermes-passifs\/conteneurs-isothermes-cargo\/conteneur-isotherme-cargo-900-europallet\/#primaryimage\",\"url\":\"https:\/\/www.melform.com\/wp-content\/uploads\/2022\/10\/09000037-1.jpg\",\"contentUrl\":\"https:\/\/www.melform.com\/wp-content\/uploads\/2022\/10\/09000037-1.jpg\",\"width\":1200,\"height\":1200},{\"@type\":\"BreadcrumbList\",\"@id\":\"https:\/\/www.melform.com\/fr\/conteneurs-\/catalogue-de-produits\/conteneurs-isothermes-passifs\/conteneurs-isothermes-cargo\/conteneur-isotherme-cargo-900-europallet\/#breadcrumb\",\"itemListElement\":[{\"@type\":\"ListItem\",\"position\":1,\"name\":\"Home\",\"item\":\"https:\/\/www.melform.com\/fr\/\"},{\"@type\":\"ListItem\",\"position\":2,\"name\":\"Shop\",\"item\":\"https:\/\/www.melform.com\/fr\/shop\/\"},{\"@type\":\"ListItem\",\"position\":3,\"name\":\"Roll isotherme &#8211; CARGO 900 EUROPALLET\"}]},{\"@type\":\"WebSite\",\"@id\":\"https:\/\/www.melform.com\/fr\/#website\",\"url\":\"https:\/\/www.melform.com\/fr\/\",\"name\":\"MELFORM\",\"description\":\"SISTEMI PER IL TRASPORTO E STOCCAGGIO A TEMPERATURA CONTROLLATA\",\"potentialAction\":[{\"@type\":\"SearchAction\",\"target\":{\"@type\":\"EntryPoint\",\"urlTemplate\":\"https:\/\/www.melform.com\/fr\/?s={search_term_string}\"},\"query-input\":{\"@type\":\"PropertyValueSpecification\",\"valueRequired\":true,\"valueName\":\"search_term_string\"}}],\"inLanguage\":\"fr-FR\"}]}<\/script>\n<!-- \/ Yoast SEO plugin. -->","yoast_head_json":{"title":"Roll isotherme - CARGO 900 EUROPALLET - MELFORM","robots":{"index":"index","follow":"follow","max-snippet":"max-snippet:-1","max-image-preview":"max-image-preview:large","max-video-preview":"max-video-preview:-1"},"canonical":"https:\/\/www.melform.com\/fr\/conteneurs-\/catalogue-de-produits\/conteneurs-isothermes-passifs\/conteneurs-isothermes-cargo\/conteneur-isotherme-cargo-900-europallet\/","og_locale":"fr_FR","og_type":"article","og_title":"Roll isotherme - CARGO 900 EUROPALLET - MELFORM","og_description":"Le CARGO 900 est un conteneur isotherme passif con\u00e7u pour garantir le transport s\u00fbr et efficace de produits \u00e0 temp\u00e9rature contr\u00f4l\u00e9e. Capacit\u00e9 : 900 litres, id\u00e9al pour le transport de grands volumes de produits p\u00e9rissables. Mat\u00e9riaux de haute qualit\u00e9 : fabriqu\u00e9 en poly\u00e9thyl\u00e8ne robuste, hautement r\u00e9sistant aux chocs et \u00e0 l\u2019usure. Isolation thermique avanc\u00e9e : [&hellip;]","og_url":"https:\/\/www.melform.com\/fr\/conteneurs-\/catalogue-de-produits\/conteneurs-isothermes-passifs\/conteneurs-isothermes-cargo\/conteneur-isotherme-cargo-900-europallet\/","og_site_name":"MELFORM","article_modified_time":"2025-10-08T21:34:19+00:00","og_image":[{"width":1200,"height":1200,"url":"https:\/\/www.melform.com\/wp-content\/uploads\/2022\/10\/09000037-1.jpg","type":"image\/jpeg"}],"twitter_card":"summary_large_image","schema":{"@context":"https:\/\/schema.org","@graph":[{"@type":"WebPage","@id":"https:\/\/www.melform.com\/fr\/conteneurs-\/catalogue-de-produits\/conteneurs-isothermes-passifs\/conteneurs-isothermes-cargo\/conteneur-isotherme-cargo-900-europallet\/","url":"https:\/\/www.melform.com\/fr\/conteneurs-\/catalogue-de-produits\/conteneurs-isothermes-passifs\/conteneurs-isothermes-cargo\/conteneur-isotherme-cargo-900-europallet\/","name":"Roll isotherme - CARGO 900 EUROPALLET - MELFORM","isPartOf":{"@id":"https:\/\/www.melform.com\/fr\/#website"},"primaryImageOfPage":{"@id":"https:\/\/www.melform.com\/fr\/conteneurs-\/catalogue-de-produits\/conteneurs-isothermes-passifs\/conteneurs-isothermes-cargo\/conteneur-isotherme-cargo-900-europallet\/#primaryimage"},"image":{"@id":"https:\/\/www.melform.com\/fr\/conteneurs-\/catalogue-de-produits\/conteneurs-isothermes-passifs\/conteneurs-isothermes-cargo\/conteneur-isotherme-cargo-900-europallet\/#primaryimage"},"thumbnailUrl":"https:\/\/www.melform.com\/wp-content\/uploads\/2022\/10\/09000037-1.jpg","datePublished":"2022-10-07T14:40:43+00:00","dateModified":"2025-10-08T21:34:19+00:00","breadcrumb":{"@id":"https:\/\/www.melform.com\/fr\/conteneurs-\/catalogue-de-produits\/conteneurs-isothermes-passifs\/conteneurs-isothermes-cargo\/conteneur-isotherme-cargo-900-europallet\/#breadcrumb"},"inLanguage":"fr-FR","potentialAction":[{"@type":"ReadAction","target":["https:\/\/www.melform.com\/fr\/conteneurs-\/catalogue-de-produits\/conteneurs-isothermes-passifs\/conteneurs-isothermes-cargo\/conteneur-isotherme-cargo-900-europallet\/"]}]},{"@type":"ImageObject","inLanguage":"fr-FR","@id":"https:\/\/www.melform.com\/fr\/conteneurs-\/catalogue-de-produits\/conteneurs-isothermes-passifs\/conteneurs-isothermes-cargo\/conteneur-isotherme-cargo-900-europallet\/#primaryimage","url":"https:\/\/www.melform.com\/wp-content\/uploads\/2022\/10\/09000037-1.jpg","contentUrl":"https:\/\/www.melform.com\/wp-content\/uploads\/2022\/10\/09000037-1.jpg","width":1200,"height":1200},{"@type":"BreadcrumbList","@id":"https:\/\/www.melform.com\/fr\/conteneurs-\/catalogue-de-produits\/conteneurs-isothermes-passifs\/conteneurs-isothermes-cargo\/conteneur-isotherme-cargo-900-europallet\/#breadcrumb","itemListElement":[{"@type":"ListItem","position":1,"name":"Home","item":"https:\/\/www.melform.com\/fr\/"},{"@type":"ListItem","position":2,"name":"Shop","item":"https:\/\/www.melform.com\/fr\/shop\/"},{"@type":"ListItem","position":3,"name":"Roll isotherme &#8211; CARGO 900 EUROPALLET"}]},{"@type":"WebSite","@id":"https:\/\/www.melform.com\/fr\/#website","url":"https:\/\/www.melform.com\/fr\/","name":"MELFORM","description":"SISTEMI PER IL TRASPORTO E STOCCAGGIO A TEMPERATURA CONTROLLATA","potentialAction":[{"@type":"SearchAction","target":{"@type":"EntryPoint","urlTemplate":"https:\/\/www.melform.com\/fr\/?s={search_term_string}"},"query-input":{"@type":"PropertyValueSpecification","valueRequired":true,"valueName":"search_term_string"}}],"inLanguage":"fr-FR"}]}},"_links":{"self":[{"href":"https:\/\/www.melform.com\/fr\/wp-json\/wp\/v2\/product\/8154","targetHints":{"allow":["GET"]}}],"collection":[{"href":"https:\/\/www.melform.com\/fr\/wp-json\/wp\/v2\/product"}],"about":[{"href":"https:\/\/www.melform.com\/fr\/wp-json\/wp\/v2\/types\/product"}],"wp:featuredmedia":[{"embeddable":true,"href":"https:\/\/www.melform.com\/fr\/wp-json\/wp\/v2\/media\/5489"}],"wp:attachment":[{"href":"https:\/\/www.melform.com\/fr\/wp-json\/wp\/v2\/media?parent=8154"}],"wp:term":[{"taxonomy":"product_brand","embeddable":true,"href":"https:\/\/www.melform.com\/fr\/wp-json\/wp\/v2\/product_brand?post=8154"},{"taxonomy":"product_cat","embeddable":true,"href":"https:\/\/www.melform.com\/fr\/wp-json\/wp\/v2\/product_cat?post=8154"},{"taxonomy":"product_tag","embeddable":true,"href":"https:\/\/www.melform.com\/fr\/wp-json\/wp\/v2\/product_tag?post=8154"}],"curies":[{"name":"wp","href":"https:\/\/api.w.org\/{rel}","templated":true}]}}