{"id":8159,"date":"2022-10-07T16:40:57","date_gmt":"2022-10-07T14:40:57","guid":{"rendered":"https:\/\/www.melform.com\/product\/contenitore-isotermico-cargo-1000-europallet\/"},"modified":"2025-10-08T23:38:45","modified_gmt":"2025-10-08T21:38:45","slug":"conteneur-isotherme-cargo-1000-europallet","status":"publish","type":"product","link":"https:\/\/www.melform.com\/fr\/conteneurs-\/catalogue-de-produits\/conteneurs-isothermes-passifs\/conteneurs-isothermes-cargo\/conteneur-isotherme-cargo-1000-europallet\/","title":{"rendered":"Roll isotherme &#8211; CARGO 1000 EUROPALLET"},"content":{"rendered":"<p data-start=\"1329\" data-end=\"1709\">Le <strong data-start=\"1332\" data-end=\"1346\">CARGO 1000<\/strong> est un <strong data-start=\"1354\" data-end=\"1398\">conteneur isotherme \u00e0 ouverture frontale<\/strong>, con\u00e7u pour le <strong data-start=\"1414\" data-end=\"1484\">transport s\u00e9curis\u00e9 et efficace de produits \u00e0 temp\u00e9rature contr\u00f4l\u00e9e<\/strong>.<\/p>\r\n\r\n<ul data-start=\"1752\" data-end=\"2622\" data-is-last-node=\"\" data-is-only-node=\"\">\r\n \t<li data-start=\"1752\" data-end=\"1868\"><strong data-start=\"1754\" data-end=\"1774\">Capacit\u00e9 interne<\/strong> : <strong data-start=\"1777\" data-end=\"1792\">1000 litres<\/strong>, id\u00e9al pour le transport de grands volumes de produits frais ou surgel\u00e9s.<\/li>\r\n \t<li data-start=\"1869\" data-end=\"2101\"><strong data-start=\"1910\" data-end=\"1950\">Structure en poly\u00e9thyl\u00e8ne r\u00e9sistante<\/strong>, con\u00e7ue pour un usage intensif.<\/li>\r\n \t<li data-start=\"1869\" data-end=\"2101\"><strong data-start=\"1989\" data-end=\"2028\">Isolation en mousse de polyur\u00e9thane<\/strong>, sans CFC ni HCFC, garantissant <strong data-start=\"2061\" data-end=\"2098\">de hautes performances thermiques<\/strong>.<\/li>\r\n \t<li data-start=\"2102\" data-end=\"2203\"><strong data-start=\"2206\" data-end=\"2227\">Certification ATP<\/strong>, conforme aux normes internationales pour le transport des denr\u00e9es p\u00e9rissables.<\/li>\r\n \t<li data-start=\"2310\" data-end=\"2432\"><strong data-start=\"2312\" data-end=\"2368\">Dimensions externes au format Europallet (80&#215;120 cm)<\/strong>, optimisant la capacit\u00e9 de charge et l\u2019efficacit\u00e9 logistique.<\/li>\r\n \t<li data-start=\"2433\" data-end=\"2622\" data-is-last-node=\"\"><strong data-start=\"2435\" data-end=\"2486\">Version sp\u00e9cifique pour le transport du poisson<\/strong>, \u00e9quip\u00e9e d\u2019un <strong data-start=\"2501\" data-end=\"2572\">bouchon d\u2019expansion pour l\u2019\u00e9vacuation de l\u2019eau de fonte de la glace<\/strong>, garantissant des conditions d\u2019hygi\u00e8ne optimales.<\/li>\r\n<\/ul>","protected":false},"excerpt":{"rendered":"Le CARGO 1000 est un conteneur isotherme \u00e0 ouverture frontale, con\u00e7u pour le transport s\u00e9curis\u00e9 et efficace de produits \u00e0 temp\u00e9rature contr\u00f4l\u00e9e. Capacit\u00e9 interne : 1000 litres, id\u00e9al pour le transport de grands volumes de produits frais ou surgel\u00e9s. Structure en poly\u00e9thyl\u00e8ne r\u00e9sistante, con\u00e7ue pour un usage intensif. Isolation en mousse de polyur\u00e9thane, sans CFC [&hellip;]","protected":false},"featured_media":5513,"template":"","meta":{"_acf_changed":false,"_themeisle_gutenberg_block_has_review":false},"product_brand":[],"product_cat":[912,913,624],"product_tag":[],"class_list":{"0":"post-8159","1":"product","2":"type-product","3":"status-publish","4":"has-post-thumbnail","6":"product_cat-catalogue-de-produits","7":"product_cat-conteneurs-isothermes-passifs","8":"product_cat-conteneurs-isothermes-cargo","10":"first","11":"instock","12":"product-type-variable","13":"wvs-archive-product-wrapper"},"acf":[],"yoast_head":"<!-- This site is optimized with the Yoast SEO plugin v26.4 - https:\/\/yoast.com\/wordpress\/plugins\/seo\/ -->\n<title>Roll isotherme - CARGO 1000 EUROPALLET - MELFORM<\/title>\n<meta name=\"robots\" content=\"index, follow, max-snippet:-1, max-image-preview:large, max-video-preview:-1\" \/>\n<link rel=\"canonical\" href=\"https:\/\/www.melform.com\/fr\/conteneurs-\/catalogue-de-produits\/conteneurs-isothermes-passifs\/conteneurs-isothermes-cargo\/conteneur-isotherme-cargo-1000-europallet\/\" \/>\n<meta property=\"og:locale\" content=\"fr_FR\" \/>\n<meta property=\"og:type\" content=\"article\" \/>\n<meta property=\"og:title\" content=\"Roll isotherme - CARGO 1000 EUROPALLET - MELFORM\" \/>\n<meta property=\"og:description\" content=\"Le CARGO 1000 est un conteneur isotherme \u00e0 ouverture frontale, con\u00e7u pour le transport s\u00e9curis\u00e9 et efficace de produits \u00e0 temp\u00e9rature contr\u00f4l\u00e9e. Capacit\u00e9 interne : 1000 litres, id\u00e9al pour le transport de grands volumes de produits frais ou surgel\u00e9s. Structure en poly\u00e9thyl\u00e8ne r\u00e9sistante, con\u00e7ue pour un usage intensif. Isolation en mousse de polyur\u00e9thane, sans CFC [&hellip;]\" \/>\n<meta property=\"og:url\" content=\"https:\/\/www.melform.com\/fr\/conteneurs-\/catalogue-de-produits\/conteneurs-isothermes-passifs\/conteneurs-isothermes-cargo\/conteneur-isotherme-cargo-1000-europallet\/\" \/>\n<meta property=\"og:site_name\" content=\"MELFORM\" \/>\n<meta property=\"article:modified_time\" content=\"2025-10-08T21:38:45+00:00\" \/>\n<meta property=\"og:image\" content=\"https:\/\/www.melform.com\/wp-content\/uploads\/2022\/10\/10000001EU-2.jpg\" \/>\n\t<meta property=\"og:image:width\" content=\"1200\" \/>\n\t<meta property=\"og:image:height\" content=\"1200\" \/>\n\t<meta property=\"og:image:type\" content=\"image\/jpeg\" \/>\n<meta name=\"twitter:card\" content=\"summary_large_image\" \/>\n<script type=\"application\/ld+json\" class=\"yoast-schema-graph\">{\"@context\":\"https:\/\/schema.org\",\"@graph\":[{\"@type\":\"WebPage\",\"@id\":\"https:\/\/www.melform.com\/fr\/conteneurs-\/catalogue-de-produits\/conteneurs-isothermes-passifs\/conteneurs-isothermes-cargo\/conteneur-isotherme-cargo-1000-europallet\/\",\"url\":\"https:\/\/www.melform.com\/fr\/conteneurs-\/catalogue-de-produits\/conteneurs-isothermes-passifs\/conteneurs-isothermes-cargo\/conteneur-isotherme-cargo-1000-europallet\/\",\"name\":\"Roll isotherme - CARGO 1000 EUROPALLET - MELFORM\",\"isPartOf\":{\"@id\":\"https:\/\/www.melform.com\/fr\/#website\"},\"primaryImageOfPage\":{\"@id\":\"https:\/\/www.melform.com\/fr\/conteneurs-\/catalogue-de-produits\/conteneurs-isothermes-passifs\/conteneurs-isothermes-cargo\/conteneur-isotherme-cargo-1000-europallet\/#primaryimage\"},\"image\":{\"@id\":\"https:\/\/www.melform.com\/fr\/conteneurs-\/catalogue-de-produits\/conteneurs-isothermes-passifs\/conteneurs-isothermes-cargo\/conteneur-isotherme-cargo-1000-europallet\/#primaryimage\"},\"thumbnailUrl\":\"https:\/\/www.melform.com\/wp-content\/uploads\/2022\/10\/10000001EU-2.jpg\",\"datePublished\":\"2022-10-07T14:40:57+00:00\",\"dateModified\":\"2025-10-08T21:38:45+00:00\",\"breadcrumb\":{\"@id\":\"https:\/\/www.melform.com\/fr\/conteneurs-\/catalogue-de-produits\/conteneurs-isothermes-passifs\/conteneurs-isothermes-cargo\/conteneur-isotherme-cargo-1000-europallet\/#breadcrumb\"},\"inLanguage\":\"fr-FR\",\"potentialAction\":[{\"@type\":\"ReadAction\",\"target\":[\"https:\/\/www.melform.com\/fr\/conteneurs-\/catalogue-de-produits\/conteneurs-isothermes-passifs\/conteneurs-isothermes-cargo\/conteneur-isotherme-cargo-1000-europallet\/\"]}]},{\"@type\":\"ImageObject\",\"inLanguage\":\"fr-FR\",\"@id\":\"https:\/\/www.melform.com\/fr\/conteneurs-\/catalogue-de-produits\/conteneurs-isothermes-passifs\/conteneurs-isothermes-cargo\/conteneur-isotherme-cargo-1000-europallet\/#primaryimage\",\"url\":\"https:\/\/www.melform.com\/wp-content\/uploads\/2022\/10\/10000001EU-2.jpg\",\"contentUrl\":\"https:\/\/www.melform.com\/wp-content\/uploads\/2022\/10\/10000001EU-2.jpg\",\"width\":1200,\"height\":1200},{\"@type\":\"BreadcrumbList\",\"@id\":\"https:\/\/www.melform.com\/fr\/conteneurs-\/catalogue-de-produits\/conteneurs-isothermes-passifs\/conteneurs-isothermes-cargo\/conteneur-isotherme-cargo-1000-europallet\/#breadcrumb\",\"itemListElement\":[{\"@type\":\"ListItem\",\"position\":1,\"name\":\"Home\",\"item\":\"https:\/\/www.melform.com\/fr\/\"},{\"@type\":\"ListItem\",\"position\":2,\"name\":\"Shop\",\"item\":\"https:\/\/www.melform.com\/fr\/shop\/\"},{\"@type\":\"ListItem\",\"position\":3,\"name\":\"Roll isotherme &#8211; CARGO 1000 EUROPALLET\"}]},{\"@type\":\"WebSite\",\"@id\":\"https:\/\/www.melform.com\/fr\/#website\",\"url\":\"https:\/\/www.melform.com\/fr\/\",\"name\":\"MELFORM\",\"description\":\"SISTEMI PER IL TRASPORTO E STOCCAGGIO A TEMPERATURA CONTROLLATA\",\"potentialAction\":[{\"@type\":\"SearchAction\",\"target\":{\"@type\":\"EntryPoint\",\"urlTemplate\":\"https:\/\/www.melform.com\/fr\/?s={search_term_string}\"},\"query-input\":{\"@type\":\"PropertyValueSpecification\",\"valueRequired\":true,\"valueName\":\"search_term_string\"}}],\"inLanguage\":\"fr-FR\"}]}<\/script>\n<!-- \/ Yoast SEO plugin. -->","yoast_head_json":{"title":"Roll isotherme - CARGO 1000 EUROPALLET - MELFORM","robots":{"index":"index","follow":"follow","max-snippet":"max-snippet:-1","max-image-preview":"max-image-preview:large","max-video-preview":"max-video-preview:-1"},"canonical":"https:\/\/www.melform.com\/fr\/conteneurs-\/catalogue-de-produits\/conteneurs-isothermes-passifs\/conteneurs-isothermes-cargo\/conteneur-isotherme-cargo-1000-europallet\/","og_locale":"fr_FR","og_type":"article","og_title":"Roll isotherme - CARGO 1000 EUROPALLET - MELFORM","og_description":"Le CARGO 1000 est un conteneur isotherme \u00e0 ouverture frontale, con\u00e7u pour le transport s\u00e9curis\u00e9 et efficace de produits \u00e0 temp\u00e9rature contr\u00f4l\u00e9e. Capacit\u00e9 interne : 1000 litres, id\u00e9al pour le transport de grands volumes de produits frais ou surgel\u00e9s. Structure en poly\u00e9thyl\u00e8ne r\u00e9sistante, con\u00e7ue pour un usage intensif. Isolation en mousse de polyur\u00e9thane, sans CFC [&hellip;]","og_url":"https:\/\/www.melform.com\/fr\/conteneurs-\/catalogue-de-produits\/conteneurs-isothermes-passifs\/conteneurs-isothermes-cargo\/conteneur-isotherme-cargo-1000-europallet\/","og_site_name":"MELFORM","article_modified_time":"2025-10-08T21:38:45+00:00","og_image":[{"width":1200,"height":1200,"url":"https:\/\/www.melform.com\/wp-content\/uploads\/2022\/10\/10000001EU-2.jpg","type":"image\/jpeg"}],"twitter_card":"summary_large_image","schema":{"@context":"https:\/\/schema.org","@graph":[{"@type":"WebPage","@id":"https:\/\/www.melform.com\/fr\/conteneurs-\/catalogue-de-produits\/conteneurs-isothermes-passifs\/conteneurs-isothermes-cargo\/conteneur-isotherme-cargo-1000-europallet\/","url":"https:\/\/www.melform.com\/fr\/conteneurs-\/catalogue-de-produits\/conteneurs-isothermes-passifs\/conteneurs-isothermes-cargo\/conteneur-isotherme-cargo-1000-europallet\/","name":"Roll isotherme - CARGO 1000 EUROPALLET - MELFORM","isPartOf":{"@id":"https:\/\/www.melform.com\/fr\/#website"},"primaryImageOfPage":{"@id":"https:\/\/www.melform.com\/fr\/conteneurs-\/catalogue-de-produits\/conteneurs-isothermes-passifs\/conteneurs-isothermes-cargo\/conteneur-isotherme-cargo-1000-europallet\/#primaryimage"},"image":{"@id":"https:\/\/www.melform.com\/fr\/conteneurs-\/catalogue-de-produits\/conteneurs-isothermes-passifs\/conteneurs-isothermes-cargo\/conteneur-isotherme-cargo-1000-europallet\/#primaryimage"},"thumbnailUrl":"https:\/\/www.melform.com\/wp-content\/uploads\/2022\/10\/10000001EU-2.jpg","datePublished":"2022-10-07T14:40:57+00:00","dateModified":"2025-10-08T21:38:45+00:00","breadcrumb":{"@id":"https:\/\/www.melform.com\/fr\/conteneurs-\/catalogue-de-produits\/conteneurs-isothermes-passifs\/conteneurs-isothermes-cargo\/conteneur-isotherme-cargo-1000-europallet\/#breadcrumb"},"inLanguage":"fr-FR","potentialAction":[{"@type":"ReadAction","target":["https:\/\/www.melform.com\/fr\/conteneurs-\/catalogue-de-produits\/conteneurs-isothermes-passifs\/conteneurs-isothermes-cargo\/conteneur-isotherme-cargo-1000-europallet\/"]}]},{"@type":"ImageObject","inLanguage":"fr-FR","@id":"https:\/\/www.melform.com\/fr\/conteneurs-\/catalogue-de-produits\/conteneurs-isothermes-passifs\/conteneurs-isothermes-cargo\/conteneur-isotherme-cargo-1000-europallet\/#primaryimage","url":"https:\/\/www.melform.com\/wp-content\/uploads\/2022\/10\/10000001EU-2.jpg","contentUrl":"https:\/\/www.melform.com\/wp-content\/uploads\/2022\/10\/10000001EU-2.jpg","width":1200,"height":1200},{"@type":"BreadcrumbList","@id":"https:\/\/www.melform.com\/fr\/conteneurs-\/catalogue-de-produits\/conteneurs-isothermes-passifs\/conteneurs-isothermes-cargo\/conteneur-isotherme-cargo-1000-europallet\/#breadcrumb","itemListElement":[{"@type":"ListItem","position":1,"name":"Home","item":"https:\/\/www.melform.com\/fr\/"},{"@type":"ListItem","position":2,"name":"Shop","item":"https:\/\/www.melform.com\/fr\/shop\/"},{"@type":"ListItem","position":3,"name":"Roll isotherme &#8211; CARGO 1000 EUROPALLET"}]},{"@type":"WebSite","@id":"https:\/\/www.melform.com\/fr\/#website","url":"https:\/\/www.melform.com\/fr\/","name":"MELFORM","description":"SISTEMI PER IL TRASPORTO E STOCCAGGIO A TEMPERATURA CONTROLLATA","potentialAction":[{"@type":"SearchAction","target":{"@type":"EntryPoint","urlTemplate":"https:\/\/www.melform.com\/fr\/?s={search_term_string}"},"query-input":{"@type":"PropertyValueSpecification","valueRequired":true,"valueName":"search_term_string"}}],"inLanguage":"fr-FR"}]}},"_links":{"self":[{"href":"https:\/\/www.melform.com\/fr\/wp-json\/wp\/v2\/product\/8159","targetHints":{"allow":["GET"]}}],"collection":[{"href":"https:\/\/www.melform.com\/fr\/wp-json\/wp\/v2\/product"}],"about":[{"href":"https:\/\/www.melform.com\/fr\/wp-json\/wp\/v2\/types\/product"}],"wp:featuredmedia":[{"embeddable":true,"href":"https:\/\/www.melform.com\/fr\/wp-json\/wp\/v2\/media\/5513"}],"wp:attachment":[{"href":"https:\/\/www.melform.com\/fr\/wp-json\/wp\/v2\/media?parent=8159"}],"wp:term":[{"taxonomy":"product_brand","embeddable":true,"href":"https:\/\/www.melform.com\/fr\/wp-json\/wp\/v2\/product_brand?post=8159"},{"taxonomy":"product_cat","embeddable":true,"href":"https:\/\/www.melform.com\/fr\/wp-json\/wp\/v2\/product_cat?post=8159"},{"taxonomy":"product_tag","embeddable":true,"href":"https:\/\/www.melform.com\/fr\/wp-json\/wp\/v2\/product_tag?post=8159"}],"curies":[{"name":"wp","href":"https:\/\/api.w.org\/{rel}","templated":true}]}}