{"id":8163,"date":"2022-10-07T16:58:15","date_gmt":"2022-10-07T14:58:15","guid":{"rendered":"https:\/\/www.melform.com\/product\/contenitore-isotermico-cargo-1300-europallet\/"},"modified":"2025-05-20T10:12:45","modified_gmt":"2025-05-20T08:12:45","slug":"contenitore-isotermico-cargo-1300-europallet","status":"publish","type":"product","link":"https:\/\/www.melform.com\/fr\/conteneurs-\/catalogue-de-produits\/conteneurs-isothermes-passifs\/conteneurs-isothermes-cargo\/contenitore-isotermico-cargo-1300-europallet\/","title":{"rendered":"Roll isotherme  &#8211; CARGO 1300 EUROPALLET"},"content":{"rendered":"<p data-start=\"1699\" data-end=\"1960\">Le <strong data-start=\"1702\" data-end=\"1736\">conteneur isotherme CARGO 1300<\/strong> est con\u00e7u pour assurer le <strong data-start=\"1763\" data-end=\"1828\">transport s\u00fbr et efficace de produits \u00e0 temp\u00e9rature contr\u00f4l\u00e9e.<\/strong><\/p>\r\n\r\n<ul data-start=\"2003\" data-end=\"2718\">\r\n \t<li data-start=\"2003\" data-end=\"2092\"><strong data-start=\"2005\" data-end=\"2028\">Capacit\u00e9 int\u00e9rieure<\/strong> : <strong data-start=\"2031\" data-end=\"2046\">1350 litres<\/strong>, id\u00e9al pour le transport de grands volumes.<\/li>\r\n \t<li data-start=\"2093\" data-end=\"2200\"><strong data-start=\"2095\" data-end=\"2117\">Ouverture frontale<\/strong>, permettant un acc\u00e8s facile aux produits et une gestion optimis\u00e9e du chargement.<\/li>\r\n \t<li data-start=\"2201\" data-end=\"2476\"><strong data-start=\"2238\" data-end=\"2277\">Structure en poly\u00e9thyl\u00e8ne r\u00e9sistant<\/strong>, con\u00e7ue pour durer et supporter les chocs ainsi que les conditions ext\u00e9rieures.<\/li>\r\n \t<li data-start=\"2201\" data-end=\"2476\"><strong data-start=\"2364\" data-end=\"2420\">Isolation en mousse de polyur\u00e9thane sans CFC ni HCFC<\/strong>, garantissant <strong data-start=\"2435\" data-end=\"2473\">une performance thermique optimale<\/strong>.<\/li>\r\n \t<li data-start=\"2477\" data-end=\"2601\"><strong data-start=\"2479\" data-end=\"2541\">Dimensions internes optimis\u00e9es pour EUROPALLET (80&#215;120 cm)<\/strong>, facilitant la manutention des marchandises sur palettes.<\/li>\r\n \t<li data-start=\"2602\" data-end=\"2718\"><strong data-start=\"2604\" data-end=\"2625\">Certification ATP<\/strong>, assurant la conformit\u00e9 pour le transport de produits p\u00e9rissables \u00e0 temp\u00e9rature contr\u00f4l\u00e9e.<\/li>\r\n<\/ul>","protected":false},"excerpt":{"rendered":"Le conteneur isotherme CARGO 1300 est con\u00e7u pour assurer le transport s\u00fbr et efficace de produits \u00e0 temp\u00e9rature contr\u00f4l\u00e9e. Capacit\u00e9 int\u00e9rieure : 1350 litres, id\u00e9al pour le transport de grands volumes. Ouverture frontale, permettant un acc\u00e8s facile aux produits et une gestion optimis\u00e9e du chargement. Structure en poly\u00e9thyl\u00e8ne r\u00e9sistant, con\u00e7ue pour durer et supporter les [&hellip;]","protected":false},"featured_media":5534,"template":"","meta":{"_acf_changed":false,"_themeisle_gutenberg_block_has_review":false},"product_brand":[],"product_cat":[912,913,624],"product_tag":[],"class_list":{"0":"post-8163","1":"product","2":"type-product","3":"status-publish","4":"has-post-thumbnail","6":"product_cat-catalogue-de-produits","7":"product_cat-conteneurs-isothermes-passifs","8":"product_cat-conteneurs-isothermes-cargo","9":"pa_basamento-basic-fr","10":"pa_basamento-pieds","11":"pa_basamento-roues","13":"first","14":"instock","15":"product-type-variable","16":"wvs-archive-product-wrapper"},"acf":[],"yoast_head":"<!-- This site is optimized with the Yoast SEO plugin v26.4 - https:\/\/yoast.com\/wordpress\/plugins\/seo\/ -->\n<title>Roll isotherme - CARGO 1300 EUROPALLET - MELFORM<\/title>\n<meta name=\"robots\" content=\"index, follow, max-snippet:-1, max-image-preview:large, max-video-preview:-1\" \/>\n<link rel=\"canonical\" href=\"https:\/\/www.melform.com\/fr\/conteneurs-\/catalogue-de-produits\/conteneurs-isothermes-passifs\/conteneurs-isothermes-cargo\/contenitore-isotermico-cargo-1300-europallet\/\" \/>\n<meta property=\"og:locale\" content=\"fr_FR\" \/>\n<meta property=\"og:type\" content=\"article\" \/>\n<meta property=\"og:title\" content=\"Roll isotherme - CARGO 1300 EUROPALLET - MELFORM\" \/>\n<meta property=\"og:description\" content=\"Le conteneur isotherme CARGO 1300 est con\u00e7u pour assurer le transport s\u00fbr et efficace de produits \u00e0 temp\u00e9rature contr\u00f4l\u00e9e. Capacit\u00e9 int\u00e9rieure : 1350 litres, id\u00e9al pour le transport de grands volumes. Ouverture frontale, permettant un acc\u00e8s facile aux produits et une gestion optimis\u00e9e du chargement. Structure en poly\u00e9thyl\u00e8ne r\u00e9sistant, con\u00e7ue pour durer et supporter les [&hellip;]\" \/>\n<meta property=\"og:url\" content=\"https:\/\/www.melform.com\/fr\/conteneurs-\/catalogue-de-produits\/conteneurs-isothermes-passifs\/conteneurs-isothermes-cargo\/contenitore-isotermico-cargo-1300-europallet\/\" \/>\n<meta property=\"og:site_name\" content=\"MELFORM\" \/>\n<meta property=\"article:modified_time\" content=\"2025-05-20T08:12:45+00:00\" \/>\n<meta property=\"og:image\" content=\"https:\/\/www.melform.com\/wp-content\/uploads\/2022\/10\/13019009.jpg\" \/>\n\t<meta property=\"og:image:width\" content=\"1200\" \/>\n\t<meta property=\"og:image:height\" content=\"1200\" \/>\n\t<meta property=\"og:image:type\" content=\"image\/jpeg\" \/>\n<meta name=\"twitter:card\" content=\"summary_large_image\" \/>\n<script type=\"application\/ld+json\" class=\"yoast-schema-graph\">{\"@context\":\"https:\/\/schema.org\",\"@graph\":[{\"@type\":\"WebPage\",\"@id\":\"https:\/\/www.melform.com\/fr\/conteneurs-\/catalogue-de-produits\/conteneurs-isothermes-passifs\/conteneurs-isothermes-cargo\/contenitore-isotermico-cargo-1300-europallet\/\",\"url\":\"https:\/\/www.melform.com\/fr\/conteneurs-\/catalogue-de-produits\/conteneurs-isothermes-passifs\/conteneurs-isothermes-cargo\/contenitore-isotermico-cargo-1300-europallet\/\",\"name\":\"Roll isotherme - CARGO 1300 EUROPALLET - MELFORM\",\"isPartOf\":{\"@id\":\"https:\/\/www.melform.com\/fr\/#website\"},\"primaryImageOfPage\":{\"@id\":\"https:\/\/www.melform.com\/fr\/conteneurs-\/catalogue-de-produits\/conteneurs-isothermes-passifs\/conteneurs-isothermes-cargo\/contenitore-isotermico-cargo-1300-europallet\/#primaryimage\"},\"image\":{\"@id\":\"https:\/\/www.melform.com\/fr\/conteneurs-\/catalogue-de-produits\/conteneurs-isothermes-passifs\/conteneurs-isothermes-cargo\/contenitore-isotermico-cargo-1300-europallet\/#primaryimage\"},\"thumbnailUrl\":\"https:\/\/www.melform.com\/wp-content\/uploads\/2022\/10\/13019009.jpg\",\"datePublished\":\"2022-10-07T14:58:15+00:00\",\"dateModified\":\"2025-05-20T08:12:45+00:00\",\"breadcrumb\":{\"@id\":\"https:\/\/www.melform.com\/fr\/conteneurs-\/catalogue-de-produits\/conteneurs-isothermes-passifs\/conteneurs-isothermes-cargo\/contenitore-isotermico-cargo-1300-europallet\/#breadcrumb\"},\"inLanguage\":\"fr-FR\",\"potentialAction\":[{\"@type\":\"ReadAction\",\"target\":[\"https:\/\/www.melform.com\/fr\/conteneurs-\/catalogue-de-produits\/conteneurs-isothermes-passifs\/conteneurs-isothermes-cargo\/contenitore-isotermico-cargo-1300-europallet\/\"]}]},{\"@type\":\"ImageObject\",\"inLanguage\":\"fr-FR\",\"@id\":\"https:\/\/www.melform.com\/fr\/conteneurs-\/catalogue-de-produits\/conteneurs-isothermes-passifs\/conteneurs-isothermes-cargo\/contenitore-isotermico-cargo-1300-europallet\/#primaryimage\",\"url\":\"https:\/\/www.melform.com\/wp-content\/uploads\/2022\/10\/13019009.jpg\",\"contentUrl\":\"https:\/\/www.melform.com\/wp-content\/uploads\/2022\/10\/13019009.jpg\",\"width\":1200,\"height\":1200},{\"@type\":\"BreadcrumbList\",\"@id\":\"https:\/\/www.melform.com\/fr\/conteneurs-\/catalogue-de-produits\/conteneurs-isothermes-passifs\/conteneurs-isothermes-cargo\/contenitore-isotermico-cargo-1300-europallet\/#breadcrumb\",\"itemListElement\":[{\"@type\":\"ListItem\",\"position\":1,\"name\":\"Home\",\"item\":\"https:\/\/www.melform.com\/fr\/\"},{\"@type\":\"ListItem\",\"position\":2,\"name\":\"Shop\",\"item\":\"https:\/\/www.melform.com\/fr\/shop\/\"},{\"@type\":\"ListItem\",\"position\":3,\"name\":\"Roll isotherme &#8211; CARGO 1300 EUROPALLET\"}]},{\"@type\":\"WebSite\",\"@id\":\"https:\/\/www.melform.com\/fr\/#website\",\"url\":\"https:\/\/www.melform.com\/fr\/\",\"name\":\"MELFORM\",\"description\":\"SISTEMI PER IL TRASPORTO E STOCCAGGIO A TEMPERATURA CONTROLLATA\",\"potentialAction\":[{\"@type\":\"SearchAction\",\"target\":{\"@type\":\"EntryPoint\",\"urlTemplate\":\"https:\/\/www.melform.com\/fr\/?s={search_term_string}\"},\"query-input\":{\"@type\":\"PropertyValueSpecification\",\"valueRequired\":true,\"valueName\":\"search_term_string\"}}],\"inLanguage\":\"fr-FR\"}]}<\/script>\n<!-- \/ Yoast SEO plugin. -->","yoast_head_json":{"title":"Roll isotherme - CARGO 1300 EUROPALLET - MELFORM","robots":{"index":"index","follow":"follow","max-snippet":"max-snippet:-1","max-image-preview":"max-image-preview:large","max-video-preview":"max-video-preview:-1"},"canonical":"https:\/\/www.melform.com\/fr\/conteneurs-\/catalogue-de-produits\/conteneurs-isothermes-passifs\/conteneurs-isothermes-cargo\/contenitore-isotermico-cargo-1300-europallet\/","og_locale":"fr_FR","og_type":"article","og_title":"Roll isotherme - CARGO 1300 EUROPALLET - MELFORM","og_description":"Le conteneur isotherme CARGO 1300 est con\u00e7u pour assurer le transport s\u00fbr et efficace de produits \u00e0 temp\u00e9rature contr\u00f4l\u00e9e. Capacit\u00e9 int\u00e9rieure : 1350 litres, id\u00e9al pour le transport de grands volumes. Ouverture frontale, permettant un acc\u00e8s facile aux produits et une gestion optimis\u00e9e du chargement. Structure en poly\u00e9thyl\u00e8ne r\u00e9sistant, con\u00e7ue pour durer et supporter les [&hellip;]","og_url":"https:\/\/www.melform.com\/fr\/conteneurs-\/catalogue-de-produits\/conteneurs-isothermes-passifs\/conteneurs-isothermes-cargo\/contenitore-isotermico-cargo-1300-europallet\/","og_site_name":"MELFORM","article_modified_time":"2025-05-20T08:12:45+00:00","og_image":[{"width":1200,"height":1200,"url":"https:\/\/www.melform.com\/wp-content\/uploads\/2022\/10\/13019009.jpg","type":"image\/jpeg"}],"twitter_card":"summary_large_image","schema":{"@context":"https:\/\/schema.org","@graph":[{"@type":"WebPage","@id":"https:\/\/www.melform.com\/fr\/conteneurs-\/catalogue-de-produits\/conteneurs-isothermes-passifs\/conteneurs-isothermes-cargo\/contenitore-isotermico-cargo-1300-europallet\/","url":"https:\/\/www.melform.com\/fr\/conteneurs-\/catalogue-de-produits\/conteneurs-isothermes-passifs\/conteneurs-isothermes-cargo\/contenitore-isotermico-cargo-1300-europallet\/","name":"Roll isotherme - CARGO 1300 EUROPALLET - MELFORM","isPartOf":{"@id":"https:\/\/www.melform.com\/fr\/#website"},"primaryImageOfPage":{"@id":"https:\/\/www.melform.com\/fr\/conteneurs-\/catalogue-de-produits\/conteneurs-isothermes-passifs\/conteneurs-isothermes-cargo\/contenitore-isotermico-cargo-1300-europallet\/#primaryimage"},"image":{"@id":"https:\/\/www.melform.com\/fr\/conteneurs-\/catalogue-de-produits\/conteneurs-isothermes-passifs\/conteneurs-isothermes-cargo\/contenitore-isotermico-cargo-1300-europallet\/#primaryimage"},"thumbnailUrl":"https:\/\/www.melform.com\/wp-content\/uploads\/2022\/10\/13019009.jpg","datePublished":"2022-10-07T14:58:15+00:00","dateModified":"2025-05-20T08:12:45+00:00","breadcrumb":{"@id":"https:\/\/www.melform.com\/fr\/conteneurs-\/catalogue-de-produits\/conteneurs-isothermes-passifs\/conteneurs-isothermes-cargo\/contenitore-isotermico-cargo-1300-europallet\/#breadcrumb"},"inLanguage":"fr-FR","potentialAction":[{"@type":"ReadAction","target":["https:\/\/www.melform.com\/fr\/conteneurs-\/catalogue-de-produits\/conteneurs-isothermes-passifs\/conteneurs-isothermes-cargo\/contenitore-isotermico-cargo-1300-europallet\/"]}]},{"@type":"ImageObject","inLanguage":"fr-FR","@id":"https:\/\/www.melform.com\/fr\/conteneurs-\/catalogue-de-produits\/conteneurs-isothermes-passifs\/conteneurs-isothermes-cargo\/contenitore-isotermico-cargo-1300-europallet\/#primaryimage","url":"https:\/\/www.melform.com\/wp-content\/uploads\/2022\/10\/13019009.jpg","contentUrl":"https:\/\/www.melform.com\/wp-content\/uploads\/2022\/10\/13019009.jpg","width":1200,"height":1200},{"@type":"BreadcrumbList","@id":"https:\/\/www.melform.com\/fr\/conteneurs-\/catalogue-de-produits\/conteneurs-isothermes-passifs\/conteneurs-isothermes-cargo\/contenitore-isotermico-cargo-1300-europallet\/#breadcrumb","itemListElement":[{"@type":"ListItem","position":1,"name":"Home","item":"https:\/\/www.melform.com\/fr\/"},{"@type":"ListItem","position":2,"name":"Shop","item":"https:\/\/www.melform.com\/fr\/shop\/"},{"@type":"ListItem","position":3,"name":"Roll isotherme &#8211; CARGO 1300 EUROPALLET"}]},{"@type":"WebSite","@id":"https:\/\/www.melform.com\/fr\/#website","url":"https:\/\/www.melform.com\/fr\/","name":"MELFORM","description":"SISTEMI PER IL TRASPORTO E STOCCAGGIO A TEMPERATURA CONTROLLATA","potentialAction":[{"@type":"SearchAction","target":{"@type":"EntryPoint","urlTemplate":"https:\/\/www.melform.com\/fr\/?s={search_term_string}"},"query-input":{"@type":"PropertyValueSpecification","valueRequired":true,"valueName":"search_term_string"}}],"inLanguage":"fr-FR"}]}},"_links":{"self":[{"href":"https:\/\/www.melform.com\/fr\/wp-json\/wp\/v2\/product\/8163","targetHints":{"allow":["GET"]}}],"collection":[{"href":"https:\/\/www.melform.com\/fr\/wp-json\/wp\/v2\/product"}],"about":[{"href":"https:\/\/www.melform.com\/fr\/wp-json\/wp\/v2\/types\/product"}],"wp:featuredmedia":[{"embeddable":true,"href":"https:\/\/www.melform.com\/fr\/wp-json\/wp\/v2\/media\/5534"}],"wp:attachment":[{"href":"https:\/\/www.melform.com\/fr\/wp-json\/wp\/v2\/media?parent=8163"}],"wp:term":[{"taxonomy":"product_brand","embeddable":true,"href":"https:\/\/www.melform.com\/fr\/wp-json\/wp\/v2\/product_brand?post=8163"},{"taxonomy":"product_cat","embeddable":true,"href":"https:\/\/www.melform.com\/fr\/wp-json\/wp\/v2\/product_cat?post=8163"},{"taxonomy":"product_tag","embeddable":true,"href":"https:\/\/www.melform.com\/fr\/wp-json\/wp\/v2\/product_tag?post=8163"}],"curies":[{"name":"wp","href":"https:\/\/api.w.org\/{rel}","templated":true}]}}