{"id":8167,"date":"2022-10-07T16:58:28","date_gmt":"2022-10-07T14:58:28","guid":{"rendered":"https:\/\/www.melform.com\/product\/contenitore-isotermico-cargo-1300-tw-asian-pallet\/"},"modified":"2025-02-12T19:16:21","modified_gmt":"2025-02-12T17:16:21","slug":"conteneur-isotherme-cargo-1300-tw-asian-pallet","status":"publish","type":"product","link":"https:\/\/www.melform.com\/fr\/conteneurs-\/catalogue-de-produits\/conteneurs-isothermes-passifs\/conteneurs-isothermes-cargo\/conteneur-isotherme-cargo-1300-tw-asian-pallet\/","title":{"rendered":"Conteneur isotherme &#8211; CARGO 1300 TW ASIAN PALLET"},"content":{"rendered":"<p data-start=\"1471\" data-end=\"1820\">Le <strong data-start=\"1474\" data-end=\"1491\">CARGO 1300 TW<\/strong> est un conteneur isotherme passif con\u00e7u pour garantir le <strong data-start=\"1549\" data-end=\"1578\">transport s\u00fbr et efficace<\/strong> de produits \u00e0 temp\u00e9rature contr\u00f4l\u00e9e.<\/p>\r\n\r\n<ul data-start=\"1863\" data-end=\"2685\">\r\n \t<li data-start=\"1863\" data-end=\"1964\"><strong data-start=\"1865\" data-end=\"1879\">Capacit\u00e9 :<\/strong> 1 350 litres, parfait pour le transport de grands volumes de produits p\u00e9rissables.<\/li>\r\n \t<li data-start=\"1965\" data-end=\"2083\"><strong data-start=\"1967\" data-end=\"1999\">Mat\u00e9riaux de haute qualit\u00e9 :<\/strong> fabriqu\u00e9 en <strong data-start=\"2012\" data-end=\"2038\">poly\u00e9thyl\u00e8ne r\u00e9sistant<\/strong>, assurant une structure solide et durable.<\/li>\r\n \t<li data-start=\"2084\" data-end=\"2253\"><strong data-start=\"2086\" data-end=\"2119\">Isolation thermique avanc\u00e9e :<\/strong> isol\u00e9 avec de la <strong data-start=\"2137\" data-end=\"2174\">mousse de polyur\u00e9thane \u00e9cologique<\/strong>, sans CFC ni HCFC, garantissant un <strong data-start=\"2210\" data-end=\"2250\">excellent maintien de la temp\u00e9rature<\/strong>.<\/li>\r\n \t<li data-start=\"2084\" data-end=\"2253\">Prot\u00e8ge les <strong data-start=\"2300\" data-end=\"2343\">propri\u00e9t\u00e9s organoleptiques des aliments<\/strong> et r\u00e9duit le risque de <strong data-start=\"2367\" data-end=\"2396\">prolif\u00e9ration bact\u00e9rienne<\/strong>.<\/li>\r\n \t<li data-start=\"2400\" data-end=\"2685\"><strong data-start=\"2433\" data-end=\"2455\">Ouverture frontale<\/strong> pour un acc\u00e8s facile aux produits et une gestion optimis\u00e9e du chargement et du d\u00e9chargement.<\/li>\r\n \t<li data-start=\"2400\" data-end=\"2685\"><strong data-start=\"2555\" data-end=\"2606\">Dimensions optimis\u00e9es ASIAN PALLET (110&#215;110 cm)<\/strong> pour une int\u00e9gration parfaite dans les syst\u00e8mes logistiques et de transport.<\/li>\r\n<\/ul>","protected":false},"excerpt":{"rendered":"Le CARGO 1300 TW est un conteneur isotherme passif con\u00e7u pour garantir le transport s\u00fbr et efficace de produits \u00e0 temp\u00e9rature contr\u00f4l\u00e9e. Capacit\u00e9 : 1 350 litres, parfait pour le transport de grands volumes de produits p\u00e9rissables. Mat\u00e9riaux de haute qualit\u00e9 : fabriqu\u00e9 en poly\u00e9thyl\u00e8ne r\u00e9sistant, assurant une structure solide et durable. Isolation thermique avanc\u00e9e [&hellip;]","protected":false},"featured_media":5425,"template":"","meta":{"_acf_changed":false,"_themeisle_gutenberg_block_has_review":false},"product_brand":[],"product_cat":[912,913,624],"product_tag":[],"class_list":{"0":"post-8167","1":"product","2":"type-product","3":"status-publish","4":"has-post-thumbnail","6":"product_cat-catalogue-de-produits","7":"product_cat-conteneurs-isothermes-passifs","8":"product_cat-conteneurs-isothermes-cargo","9":"pa_basamento-basic-fr","10":"pa_basamento-palette","11":"pa_basamento-pieds","12":"pa_basamento-roues","14":"first","15":"instock","16":"product-type-variable","17":"wvs-archive-product-wrapper"},"acf":[],"yoast_head":"<!-- This site is optimized with the Yoast SEO plugin v26.4 - https:\/\/yoast.com\/wordpress\/plugins\/seo\/ -->\n<title>Conteneur isotherme - CARGO 1300 TW ASIAN PALLET - MELFORM<\/title>\n<meta name=\"robots\" content=\"index, follow, max-snippet:-1, max-image-preview:large, max-video-preview:-1\" \/>\n<link rel=\"canonical\" href=\"https:\/\/www.melform.com\/fr\/conteneurs-\/catalogue-de-produits\/conteneurs-isothermes-passifs\/conteneurs-isothermes-cargo\/conteneur-isotherme-cargo-1300-tw-asian-pallet\/\" \/>\n<meta property=\"og:locale\" content=\"fr_FR\" \/>\n<meta property=\"og:type\" content=\"article\" \/>\n<meta property=\"og:title\" content=\"Conteneur isotherme - CARGO 1300 TW ASIAN PALLET - MELFORM\" \/>\n<meta property=\"og:description\" content=\"Le CARGO 1300 TW est un conteneur isotherme passif con\u00e7u pour garantir le transport s\u00fbr et efficace de produits \u00e0 temp\u00e9rature contr\u00f4l\u00e9e. Capacit\u00e9 : 1 350 litres, parfait pour le transport de grands volumes de produits p\u00e9rissables. Mat\u00e9riaux de haute qualit\u00e9 : fabriqu\u00e9 en poly\u00e9thyl\u00e8ne r\u00e9sistant, assurant une structure solide et durable. Isolation thermique avanc\u00e9e [&hellip;]\" \/>\n<meta property=\"og:url\" content=\"https:\/\/www.melform.com\/fr\/conteneurs-\/catalogue-de-produits\/conteneurs-isothermes-passifs\/conteneurs-isothermes-cargo\/conteneur-isotherme-cargo-1300-tw-asian-pallet\/\" \/>\n<meta property=\"og:site_name\" content=\"MELFORM\" \/>\n<meta property=\"article:modified_time\" content=\"2025-02-12T17:16:21+00:00\" \/>\n<meta property=\"og:image\" content=\"https:\/\/www.melform.com\/wp-content\/uploads\/2022\/10\/1300T003-3.jpg\" \/>\n\t<meta property=\"og:image:width\" content=\"1200\" \/>\n\t<meta property=\"og:image:height\" content=\"1200\" \/>\n\t<meta property=\"og:image:type\" content=\"image\/jpeg\" \/>\n<meta name=\"twitter:card\" content=\"summary_large_image\" \/>\n<script type=\"application\/ld+json\" class=\"yoast-schema-graph\">{\"@context\":\"https:\/\/schema.org\",\"@graph\":[{\"@type\":\"WebPage\",\"@id\":\"https:\/\/www.melform.com\/fr\/conteneurs-\/catalogue-de-produits\/conteneurs-isothermes-passifs\/conteneurs-isothermes-cargo\/conteneur-isotherme-cargo-1300-tw-asian-pallet\/\",\"url\":\"https:\/\/www.melform.com\/fr\/conteneurs-\/catalogue-de-produits\/conteneurs-isothermes-passifs\/conteneurs-isothermes-cargo\/conteneur-isotherme-cargo-1300-tw-asian-pallet\/\",\"name\":\"Conteneur isotherme - CARGO 1300 TW ASIAN PALLET - MELFORM\",\"isPartOf\":{\"@id\":\"https:\/\/www.melform.com\/fr\/#website\"},\"primaryImageOfPage\":{\"@id\":\"https:\/\/www.melform.com\/fr\/conteneurs-\/catalogue-de-produits\/conteneurs-isothermes-passifs\/conteneurs-isothermes-cargo\/conteneur-isotherme-cargo-1300-tw-asian-pallet\/#primaryimage\"},\"image\":{\"@id\":\"https:\/\/www.melform.com\/fr\/conteneurs-\/catalogue-de-produits\/conteneurs-isothermes-passifs\/conteneurs-isothermes-cargo\/conteneur-isotherme-cargo-1300-tw-asian-pallet\/#primaryimage\"},\"thumbnailUrl\":\"https:\/\/www.melform.com\/wp-content\/uploads\/2022\/10\/1300T003-3.jpg\",\"datePublished\":\"2022-10-07T14:58:28+00:00\",\"dateModified\":\"2025-02-12T17:16:21+00:00\",\"breadcrumb\":{\"@id\":\"https:\/\/www.melform.com\/fr\/conteneurs-\/catalogue-de-produits\/conteneurs-isothermes-passifs\/conteneurs-isothermes-cargo\/conteneur-isotherme-cargo-1300-tw-asian-pallet\/#breadcrumb\"},\"inLanguage\":\"fr-FR\",\"potentialAction\":[{\"@type\":\"ReadAction\",\"target\":[\"https:\/\/www.melform.com\/fr\/conteneurs-\/catalogue-de-produits\/conteneurs-isothermes-passifs\/conteneurs-isothermes-cargo\/conteneur-isotherme-cargo-1300-tw-asian-pallet\/\"]}]},{\"@type\":\"ImageObject\",\"inLanguage\":\"fr-FR\",\"@id\":\"https:\/\/www.melform.com\/fr\/conteneurs-\/catalogue-de-produits\/conteneurs-isothermes-passifs\/conteneurs-isothermes-cargo\/conteneur-isotherme-cargo-1300-tw-asian-pallet\/#primaryimage\",\"url\":\"https:\/\/www.melform.com\/wp-content\/uploads\/2022\/10\/1300T003-3.jpg\",\"contentUrl\":\"https:\/\/www.melform.com\/wp-content\/uploads\/2022\/10\/1300T003-3.jpg\",\"width\":1200,\"height\":1200},{\"@type\":\"BreadcrumbList\",\"@id\":\"https:\/\/www.melform.com\/fr\/conteneurs-\/catalogue-de-produits\/conteneurs-isothermes-passifs\/conteneurs-isothermes-cargo\/conteneur-isotherme-cargo-1300-tw-asian-pallet\/#breadcrumb\",\"itemListElement\":[{\"@type\":\"ListItem\",\"position\":1,\"name\":\"Home\",\"item\":\"https:\/\/www.melform.com\/fr\/\"},{\"@type\":\"ListItem\",\"position\":2,\"name\":\"Shop\",\"item\":\"https:\/\/www.melform.com\/fr\/shop\/\"},{\"@type\":\"ListItem\",\"position\":3,\"name\":\"Conteneur isotherme &#8211; CARGO 1300 TW ASIAN PALLET\"}]},{\"@type\":\"WebSite\",\"@id\":\"https:\/\/www.melform.com\/fr\/#website\",\"url\":\"https:\/\/www.melform.com\/fr\/\",\"name\":\"MELFORM\",\"description\":\"SISTEMI PER IL TRASPORTO E STOCCAGGIO A TEMPERATURA CONTROLLATA\",\"potentialAction\":[{\"@type\":\"SearchAction\",\"target\":{\"@type\":\"EntryPoint\",\"urlTemplate\":\"https:\/\/www.melform.com\/fr\/?s={search_term_string}\"},\"query-input\":{\"@type\":\"PropertyValueSpecification\",\"valueRequired\":true,\"valueName\":\"search_term_string\"}}],\"inLanguage\":\"fr-FR\"}]}<\/script>\n<!-- \/ Yoast SEO plugin. -->","yoast_head_json":{"title":"Conteneur isotherme - CARGO 1300 TW ASIAN PALLET - MELFORM","robots":{"index":"index","follow":"follow","max-snippet":"max-snippet:-1","max-image-preview":"max-image-preview:large","max-video-preview":"max-video-preview:-1"},"canonical":"https:\/\/www.melform.com\/fr\/conteneurs-\/catalogue-de-produits\/conteneurs-isothermes-passifs\/conteneurs-isothermes-cargo\/conteneur-isotherme-cargo-1300-tw-asian-pallet\/","og_locale":"fr_FR","og_type":"article","og_title":"Conteneur isotherme - CARGO 1300 TW ASIAN PALLET - MELFORM","og_description":"Le CARGO 1300 TW est un conteneur isotherme passif con\u00e7u pour garantir le transport s\u00fbr et efficace de produits \u00e0 temp\u00e9rature contr\u00f4l\u00e9e. Capacit\u00e9 : 1 350 litres, parfait pour le transport de grands volumes de produits p\u00e9rissables. Mat\u00e9riaux de haute qualit\u00e9 : fabriqu\u00e9 en poly\u00e9thyl\u00e8ne r\u00e9sistant, assurant une structure solide et durable. Isolation thermique avanc\u00e9e [&hellip;]","og_url":"https:\/\/www.melform.com\/fr\/conteneurs-\/catalogue-de-produits\/conteneurs-isothermes-passifs\/conteneurs-isothermes-cargo\/conteneur-isotherme-cargo-1300-tw-asian-pallet\/","og_site_name":"MELFORM","article_modified_time":"2025-02-12T17:16:21+00:00","og_image":[{"width":1200,"height":1200,"url":"https:\/\/www.melform.com\/wp-content\/uploads\/2022\/10\/1300T003-3.jpg","type":"image\/jpeg"}],"twitter_card":"summary_large_image","schema":{"@context":"https:\/\/schema.org","@graph":[{"@type":"WebPage","@id":"https:\/\/www.melform.com\/fr\/conteneurs-\/catalogue-de-produits\/conteneurs-isothermes-passifs\/conteneurs-isothermes-cargo\/conteneur-isotherme-cargo-1300-tw-asian-pallet\/","url":"https:\/\/www.melform.com\/fr\/conteneurs-\/catalogue-de-produits\/conteneurs-isothermes-passifs\/conteneurs-isothermes-cargo\/conteneur-isotherme-cargo-1300-tw-asian-pallet\/","name":"Conteneur isotherme - CARGO 1300 TW ASIAN PALLET - MELFORM","isPartOf":{"@id":"https:\/\/www.melform.com\/fr\/#website"},"primaryImageOfPage":{"@id":"https:\/\/www.melform.com\/fr\/conteneurs-\/catalogue-de-produits\/conteneurs-isothermes-passifs\/conteneurs-isothermes-cargo\/conteneur-isotherme-cargo-1300-tw-asian-pallet\/#primaryimage"},"image":{"@id":"https:\/\/www.melform.com\/fr\/conteneurs-\/catalogue-de-produits\/conteneurs-isothermes-passifs\/conteneurs-isothermes-cargo\/conteneur-isotherme-cargo-1300-tw-asian-pallet\/#primaryimage"},"thumbnailUrl":"https:\/\/www.melform.com\/wp-content\/uploads\/2022\/10\/1300T003-3.jpg","datePublished":"2022-10-07T14:58:28+00:00","dateModified":"2025-02-12T17:16:21+00:00","breadcrumb":{"@id":"https:\/\/www.melform.com\/fr\/conteneurs-\/catalogue-de-produits\/conteneurs-isothermes-passifs\/conteneurs-isothermes-cargo\/conteneur-isotherme-cargo-1300-tw-asian-pallet\/#breadcrumb"},"inLanguage":"fr-FR","potentialAction":[{"@type":"ReadAction","target":["https:\/\/www.melform.com\/fr\/conteneurs-\/catalogue-de-produits\/conteneurs-isothermes-passifs\/conteneurs-isothermes-cargo\/conteneur-isotherme-cargo-1300-tw-asian-pallet\/"]}]},{"@type":"ImageObject","inLanguage":"fr-FR","@id":"https:\/\/www.melform.com\/fr\/conteneurs-\/catalogue-de-produits\/conteneurs-isothermes-passifs\/conteneurs-isothermes-cargo\/conteneur-isotherme-cargo-1300-tw-asian-pallet\/#primaryimage","url":"https:\/\/www.melform.com\/wp-content\/uploads\/2022\/10\/1300T003-3.jpg","contentUrl":"https:\/\/www.melform.com\/wp-content\/uploads\/2022\/10\/1300T003-3.jpg","width":1200,"height":1200},{"@type":"BreadcrumbList","@id":"https:\/\/www.melform.com\/fr\/conteneurs-\/catalogue-de-produits\/conteneurs-isothermes-passifs\/conteneurs-isothermes-cargo\/conteneur-isotherme-cargo-1300-tw-asian-pallet\/#breadcrumb","itemListElement":[{"@type":"ListItem","position":1,"name":"Home","item":"https:\/\/www.melform.com\/fr\/"},{"@type":"ListItem","position":2,"name":"Shop","item":"https:\/\/www.melform.com\/fr\/shop\/"},{"@type":"ListItem","position":3,"name":"Conteneur isotherme &#8211; CARGO 1300 TW ASIAN PALLET"}]},{"@type":"WebSite","@id":"https:\/\/www.melform.com\/fr\/#website","url":"https:\/\/www.melform.com\/fr\/","name":"MELFORM","description":"SISTEMI PER IL TRASPORTO E STOCCAGGIO A TEMPERATURA CONTROLLATA","potentialAction":[{"@type":"SearchAction","target":{"@type":"EntryPoint","urlTemplate":"https:\/\/www.melform.com\/fr\/?s={search_term_string}"},"query-input":{"@type":"PropertyValueSpecification","valueRequired":true,"valueName":"search_term_string"}}],"inLanguage":"fr-FR"}]}},"_links":{"self":[{"href":"https:\/\/www.melform.com\/fr\/wp-json\/wp\/v2\/product\/8167","targetHints":{"allow":["GET"]}}],"collection":[{"href":"https:\/\/www.melform.com\/fr\/wp-json\/wp\/v2\/product"}],"about":[{"href":"https:\/\/www.melform.com\/fr\/wp-json\/wp\/v2\/types\/product"}],"wp:featuredmedia":[{"embeddable":true,"href":"https:\/\/www.melform.com\/fr\/wp-json\/wp\/v2\/media\/5425"}],"wp:attachment":[{"href":"https:\/\/www.melform.com\/fr\/wp-json\/wp\/v2\/media?parent=8167"}],"wp:term":[{"taxonomy":"product_brand","embeddable":true,"href":"https:\/\/www.melform.com\/fr\/wp-json\/wp\/v2\/product_brand?post=8167"},{"taxonomy":"product_cat","embeddable":true,"href":"https:\/\/www.melform.com\/fr\/wp-json\/wp\/v2\/product_cat?post=8167"},{"taxonomy":"product_tag","embeddable":true,"href":"https:\/\/www.melform.com\/fr\/wp-json\/wp\/v2\/product_tag?post=8167"}],"curies":[{"name":"wp","href":"https:\/\/api.w.org\/{rel}","templated":true}]}}