{"id":8171,"date":"2022-10-07T16:58:43","date_gmt":"2022-10-07T14:58:43","guid":{"rendered":"https:\/\/www.melform.com\/product\/contenitore-isotermico-refrigerato-koala-20\/"},"modified":"2025-03-27T13:27:17","modified_gmt":"2025-03-27T11:27:17","slug":"conteneur-refrigere-koala-20","status":"publish","type":"product","link":"https:\/\/www.melform.com\/fr\/conteneurs-\/catalogue-de-produits\/conteneurs-refrigeres\/conteneur-refrigere-koala-20\/","title":{"rendered":"R\u00e9frig\u00e9rateur mobile &#8211; KOALA 20"},"content":{"rendered":"<strong>R\u00e9frig\u00e9rateur mobile<\/strong> <strong>compact<\/strong>, id\u00e9al pour le transport s\u00e9curis\u00e9 de produits \u00e0 temp\u00e9rature contr\u00f4l\u00e9e.\r\n<ul>\r\n \t<li><strong>Capacit\u00e9 :<\/strong> 21 litres, parfait pour des besoins de transport r\u00e9duits et sp\u00e9cifiques.<\/li>\r\n \t<li><strong>Poign\u00e9es int\u00e9gr\u00e9es :<\/strong> poign\u00e9es pratiques int\u00e9gr\u00e9es dans le corps du conteneur pour un transport facile et s\u00e9curis\u00e9.<\/li>\r\n \t<li><strong>Protection interne :<\/strong> \u00e9quip\u00e9 d&#8217;une grille de protection interne pour l\u2019\u00e9vaporateur, fabriqu\u00e9e en fil m\u00e9tallique plastifi\u00e9, garantissant durabilit\u00e9 et s\u00e9curit\u00e9.<\/li>\r\n \t<li><strong>Double alimentation :<\/strong> compatible avec des sources d&#8217;alimentation <strong>12Vdc<\/strong> et <strong>230Vac<\/strong>, offrant une flexibilit\u00e9 maximale d\u2019utilisation en d\u00e9placement ou \u00e0 partir d\u2019une position fixe.<\/li>\r\n \t<li><strong>Groupe froid int\u00e9gr\u00e9 :<\/strong> syst\u00e8me statique pour un refroidissement efficace et uniforme.<\/li>\r\n<\/ul>","protected":false},"excerpt":{"rendered":"R\u00e9frig\u00e9rateur mobile compact, id\u00e9al pour le transport s\u00e9curis\u00e9 de produits \u00e0 temp\u00e9rature contr\u00f4l\u00e9e. Capacit\u00e9 : 21 litres, parfait pour des besoins de transport r\u00e9duits et sp\u00e9cifiques. Poign\u00e9es int\u00e9gr\u00e9es : poign\u00e9es pratiques int\u00e9gr\u00e9es dans le corps du conteneur pour un transport facile et s\u00e9curis\u00e9. Protection interne : \u00e9quip\u00e9 d&#8217;une grille de protection interne pour l\u2019\u00e9vaporateur, fabriqu\u00e9e [&hellip;]","protected":false},"featured_media":6207,"template":"","meta":{"_acf_changed":false,"_themeisle_gutenberg_block_has_review":false},"product_brand":[],"product_cat":[912,236,237],"product_tag":[],"class_list":{"0":"post-8171","1":"product","2":"type-product","3":"status-publish","4":"has-post-thumbnail","6":"product_cat-catalogue-de-produits","7":"product_cat-conteneurs-refrigeres","8":"product_cat-conteneurs-isothermes-refrigeres-koala","9":"pa_linea-koala-fr","10":"pa_range-di-temperatura-18c-10-fr","11":"pa_range-di-temperatura-18c-40-fr","12":"pa_range-di-temperatura-0c-10-fr","13":"pa_range-di-temperatura-0c-40-fr","15":"first","16":"instock","17":"product-type-variable","18":"wvs-archive-product-wrapper"},"acf":[],"yoast_head":"<!-- This site is optimized with the Yoast SEO plugin v26.4 - https:\/\/yoast.com\/wordpress\/plugins\/seo\/ -->\n<title>R\u00e9frig\u00e9rateur mobile - KOALA 20 - MELFORM<\/title>\n<meta name=\"robots\" content=\"index, follow, max-snippet:-1, max-image-preview:large, max-video-preview:-1\" \/>\n<link rel=\"canonical\" href=\"https:\/\/www.melform.com\/fr\/conteneurs-\/catalogue-de-produits\/conteneurs-refrigeres\/conteneur-refrigere-koala-20\/\" \/>\n<meta property=\"og:locale\" content=\"fr_FR\" \/>\n<meta property=\"og:type\" content=\"article\" \/>\n<meta property=\"og:title\" content=\"R\u00e9frig\u00e9rateur mobile - KOALA 20 - MELFORM\" \/>\n<meta property=\"og:description\" content=\"R\u00e9frig\u00e9rateur mobile compact, id\u00e9al pour le transport s\u00e9curis\u00e9 de produits \u00e0 temp\u00e9rature contr\u00f4l\u00e9e. Capacit\u00e9 : 21 litres, parfait pour des besoins de transport r\u00e9duits et sp\u00e9cifiques. Poign\u00e9es int\u00e9gr\u00e9es : poign\u00e9es pratiques int\u00e9gr\u00e9es dans le corps du conteneur pour un transport facile et s\u00e9curis\u00e9. Protection interne : \u00e9quip\u00e9 d&#8217;une grille de protection interne pour l\u2019\u00e9vaporateur, fabriqu\u00e9e [&hellip;]\" \/>\n<meta property=\"og:url\" content=\"https:\/\/www.melform.com\/fr\/conteneurs-\/catalogue-de-produits\/conteneurs-refrigeres\/conteneur-refrigere-koala-20\/\" \/>\n<meta property=\"og:site_name\" content=\"MELFORM\" \/>\n<meta property=\"article:modified_time\" content=\"2025-03-27T11:27:17+00:00\" \/>\n<meta property=\"og:image\" content=\"https:\/\/www.melform.com\/wp-content\/uploads\/2022\/10\/2.jpg\" \/>\n\t<meta property=\"og:image:width\" content=\"1200\" \/>\n\t<meta property=\"og:image:height\" content=\"1200\" \/>\n\t<meta property=\"og:image:type\" content=\"image\/jpeg\" \/>\n<meta name=\"twitter:card\" content=\"summary_large_image\" \/>\n<script type=\"application\/ld+json\" class=\"yoast-schema-graph\">{\"@context\":\"https:\/\/schema.org\",\"@graph\":[{\"@type\":\"WebPage\",\"@id\":\"https:\/\/www.melform.com\/fr\/conteneurs-\/catalogue-de-produits\/conteneurs-refrigeres\/conteneur-refrigere-koala-20\/\",\"url\":\"https:\/\/www.melform.com\/fr\/conteneurs-\/catalogue-de-produits\/conteneurs-refrigeres\/conteneur-refrigere-koala-20\/\",\"name\":\"R\u00e9frig\u00e9rateur mobile - KOALA 20 - MELFORM\",\"isPartOf\":{\"@id\":\"https:\/\/www.melform.com\/fr\/#website\"},\"primaryImageOfPage\":{\"@id\":\"https:\/\/www.melform.com\/fr\/conteneurs-\/catalogue-de-produits\/conteneurs-refrigeres\/conteneur-refrigere-koala-20\/#primaryimage\"},\"image\":{\"@id\":\"https:\/\/www.melform.com\/fr\/conteneurs-\/catalogue-de-produits\/conteneurs-refrigeres\/conteneur-refrigere-koala-20\/#primaryimage\"},\"thumbnailUrl\":\"https:\/\/www.melform.com\/wp-content\/uploads\/2022\/10\/2.jpg\",\"datePublished\":\"2022-10-07T14:58:43+00:00\",\"dateModified\":\"2025-03-27T11:27:17+00:00\",\"breadcrumb\":{\"@id\":\"https:\/\/www.melform.com\/fr\/conteneurs-\/catalogue-de-produits\/conteneurs-refrigeres\/conteneur-refrigere-koala-20\/#breadcrumb\"},\"inLanguage\":\"fr-FR\",\"potentialAction\":[{\"@type\":\"ReadAction\",\"target\":[\"https:\/\/www.melform.com\/fr\/conteneurs-\/catalogue-de-produits\/conteneurs-refrigeres\/conteneur-refrigere-koala-20\/\"]}]},{\"@type\":\"ImageObject\",\"inLanguage\":\"fr-FR\",\"@id\":\"https:\/\/www.melform.com\/fr\/conteneurs-\/catalogue-de-produits\/conteneurs-refrigeres\/conteneur-refrigere-koala-20\/#primaryimage\",\"url\":\"https:\/\/www.melform.com\/wp-content\/uploads\/2022\/10\/2.jpg\",\"contentUrl\":\"https:\/\/www.melform.com\/wp-content\/uploads\/2022\/10\/2.jpg\",\"width\":1200,\"height\":1200},{\"@type\":\"BreadcrumbList\",\"@id\":\"https:\/\/www.melform.com\/fr\/conteneurs-\/catalogue-de-produits\/conteneurs-refrigeres\/conteneur-refrigere-koala-20\/#breadcrumb\",\"itemListElement\":[{\"@type\":\"ListItem\",\"position\":1,\"name\":\"Home\",\"item\":\"https:\/\/www.melform.com\/fr\/\"},{\"@type\":\"ListItem\",\"position\":2,\"name\":\"Shop\",\"item\":\"https:\/\/www.melform.com\/fr\/shop\/\"},{\"@type\":\"ListItem\",\"position\":3,\"name\":\"R\u00e9frig\u00e9rateur mobile &#8211; KOALA 20\"}]},{\"@type\":\"WebSite\",\"@id\":\"https:\/\/www.melform.com\/fr\/#website\",\"url\":\"https:\/\/www.melform.com\/fr\/\",\"name\":\"MELFORM\",\"description\":\"SISTEMI PER IL TRASPORTO E STOCCAGGIO A TEMPERATURA CONTROLLATA\",\"potentialAction\":[{\"@type\":\"SearchAction\",\"target\":{\"@type\":\"EntryPoint\",\"urlTemplate\":\"https:\/\/www.melform.com\/fr\/?s={search_term_string}\"},\"query-input\":{\"@type\":\"PropertyValueSpecification\",\"valueRequired\":true,\"valueName\":\"search_term_string\"}}],\"inLanguage\":\"fr-FR\"}]}<\/script>\n<!-- \/ Yoast SEO plugin. -->","yoast_head_json":{"title":"R\u00e9frig\u00e9rateur mobile - KOALA 20 - MELFORM","robots":{"index":"index","follow":"follow","max-snippet":"max-snippet:-1","max-image-preview":"max-image-preview:large","max-video-preview":"max-video-preview:-1"},"canonical":"https:\/\/www.melform.com\/fr\/conteneurs-\/catalogue-de-produits\/conteneurs-refrigeres\/conteneur-refrigere-koala-20\/","og_locale":"fr_FR","og_type":"article","og_title":"R\u00e9frig\u00e9rateur mobile - KOALA 20 - MELFORM","og_description":"R\u00e9frig\u00e9rateur mobile compact, id\u00e9al pour le transport s\u00e9curis\u00e9 de produits \u00e0 temp\u00e9rature contr\u00f4l\u00e9e. Capacit\u00e9 : 21 litres, parfait pour des besoins de transport r\u00e9duits et sp\u00e9cifiques. Poign\u00e9es int\u00e9gr\u00e9es : poign\u00e9es pratiques int\u00e9gr\u00e9es dans le corps du conteneur pour un transport facile et s\u00e9curis\u00e9. Protection interne : \u00e9quip\u00e9 d&#8217;une grille de protection interne pour l\u2019\u00e9vaporateur, fabriqu\u00e9e [&hellip;]","og_url":"https:\/\/www.melform.com\/fr\/conteneurs-\/catalogue-de-produits\/conteneurs-refrigeres\/conteneur-refrigere-koala-20\/","og_site_name":"MELFORM","article_modified_time":"2025-03-27T11:27:17+00:00","og_image":[{"width":1200,"height":1200,"url":"https:\/\/www.melform.com\/wp-content\/uploads\/2022\/10\/2.jpg","type":"image\/jpeg"}],"twitter_card":"summary_large_image","schema":{"@context":"https:\/\/schema.org","@graph":[{"@type":"WebPage","@id":"https:\/\/www.melform.com\/fr\/conteneurs-\/catalogue-de-produits\/conteneurs-refrigeres\/conteneur-refrigere-koala-20\/","url":"https:\/\/www.melform.com\/fr\/conteneurs-\/catalogue-de-produits\/conteneurs-refrigeres\/conteneur-refrigere-koala-20\/","name":"R\u00e9frig\u00e9rateur mobile - KOALA 20 - MELFORM","isPartOf":{"@id":"https:\/\/www.melform.com\/fr\/#website"},"primaryImageOfPage":{"@id":"https:\/\/www.melform.com\/fr\/conteneurs-\/catalogue-de-produits\/conteneurs-refrigeres\/conteneur-refrigere-koala-20\/#primaryimage"},"image":{"@id":"https:\/\/www.melform.com\/fr\/conteneurs-\/catalogue-de-produits\/conteneurs-refrigeres\/conteneur-refrigere-koala-20\/#primaryimage"},"thumbnailUrl":"https:\/\/www.melform.com\/wp-content\/uploads\/2022\/10\/2.jpg","datePublished":"2022-10-07T14:58:43+00:00","dateModified":"2025-03-27T11:27:17+00:00","breadcrumb":{"@id":"https:\/\/www.melform.com\/fr\/conteneurs-\/catalogue-de-produits\/conteneurs-refrigeres\/conteneur-refrigere-koala-20\/#breadcrumb"},"inLanguage":"fr-FR","potentialAction":[{"@type":"ReadAction","target":["https:\/\/www.melform.com\/fr\/conteneurs-\/catalogue-de-produits\/conteneurs-refrigeres\/conteneur-refrigere-koala-20\/"]}]},{"@type":"ImageObject","inLanguage":"fr-FR","@id":"https:\/\/www.melform.com\/fr\/conteneurs-\/catalogue-de-produits\/conteneurs-refrigeres\/conteneur-refrigere-koala-20\/#primaryimage","url":"https:\/\/www.melform.com\/wp-content\/uploads\/2022\/10\/2.jpg","contentUrl":"https:\/\/www.melform.com\/wp-content\/uploads\/2022\/10\/2.jpg","width":1200,"height":1200},{"@type":"BreadcrumbList","@id":"https:\/\/www.melform.com\/fr\/conteneurs-\/catalogue-de-produits\/conteneurs-refrigeres\/conteneur-refrigere-koala-20\/#breadcrumb","itemListElement":[{"@type":"ListItem","position":1,"name":"Home","item":"https:\/\/www.melform.com\/fr\/"},{"@type":"ListItem","position":2,"name":"Shop","item":"https:\/\/www.melform.com\/fr\/shop\/"},{"@type":"ListItem","position":3,"name":"R\u00e9frig\u00e9rateur mobile &#8211; KOALA 20"}]},{"@type":"WebSite","@id":"https:\/\/www.melform.com\/fr\/#website","url":"https:\/\/www.melform.com\/fr\/","name":"MELFORM","description":"SISTEMI PER IL TRASPORTO E STOCCAGGIO A TEMPERATURA CONTROLLATA","potentialAction":[{"@type":"SearchAction","target":{"@type":"EntryPoint","urlTemplate":"https:\/\/www.melform.com\/fr\/?s={search_term_string}"},"query-input":{"@type":"PropertyValueSpecification","valueRequired":true,"valueName":"search_term_string"}}],"inLanguage":"fr-FR"}]}},"_links":{"self":[{"href":"https:\/\/www.melform.com\/fr\/wp-json\/wp\/v2\/product\/8171","targetHints":{"allow":["GET"]}}],"collection":[{"href":"https:\/\/www.melform.com\/fr\/wp-json\/wp\/v2\/product"}],"about":[{"href":"https:\/\/www.melform.com\/fr\/wp-json\/wp\/v2\/types\/product"}],"wp:featuredmedia":[{"embeddable":true,"href":"https:\/\/www.melform.com\/fr\/wp-json\/wp\/v2\/media\/6207"}],"wp:attachment":[{"href":"https:\/\/www.melform.com\/fr\/wp-json\/wp\/v2\/media?parent=8171"}],"wp:term":[{"taxonomy":"product_brand","embeddable":true,"href":"https:\/\/www.melform.com\/fr\/wp-json\/wp\/v2\/product_brand?post=8171"},{"taxonomy":"product_cat","embeddable":true,"href":"https:\/\/www.melform.com\/fr\/wp-json\/wp\/v2\/product_cat?post=8171"},{"taxonomy":"product_tag","embeddable":true,"href":"https:\/\/www.melform.com\/fr\/wp-json\/wp\/v2\/product_tag?post=8171"}],"curies":[{"name":"wp","href":"https:\/\/api.w.org\/{rel}","templated":true}]}}