{"id":8176,"date":"2022-10-07T16:58:58","date_gmt":"2022-10-07T14:58:58","guid":{"rendered":"https:\/\/www.melform.com\/product\/contenitore-isotermico-refrigerato-koala-32-as\/"},"modified":"2025-03-27T13:29:21","modified_gmt":"2025-03-27T11:29:21","slug":"conteneur-refrigere-koala-32-as","status":"publish","type":"product","link":"https:\/\/www.melform.com\/fr\/conteneurs-\/catalogue-de-produits\/conteneurs-refrigeres\/conteneur-refrigere-koala-32-as\/","title":{"rendered":"R\u00e9frig\u00e9rateur mobile &#8211; KOALA 32 AS"},"content":{"rendered":"Id\u00e9al pour le transport s\u00e9curis\u00e9 de produits \u00e0 temp\u00e9rature contr\u00f4l\u00e9e, ce conteneur isotherme de 27 litres garantit une efficacit\u00e9 thermique maximale. Fabriqu\u00e9 en poly\u00e9thyl\u00e8ne de haute qualit\u00e9 et isol\u00e9 avec de la mousse polyur\u00e9thane sans CFC ni HCFC, il prot\u00e8ge les propri\u00e9t\u00e9s organoleptiques des aliments et r\u00e9duit le risque de prolif\u00e9ration bact\u00e9rienne.\r\n<ul>\r\n \t<li><strong>Capacit\u00e9 :<\/strong> 27 litres<\/li>\r\n \t<li><strong>Mat\u00e9riau :<\/strong> Poly\u00e9thyl\u00e8ne r\u00e9sistant et isolant<\/li>\r\n \t<li><strong>Isolation :<\/strong> Mousse polyur\u00e9thane \u00e9cologique (sans CFC ni HCFC)<\/li>\r\n \t<li><strong>Alimentation :<\/strong> Compatible avec une double alimentation, 12Vdc et 230Vac<\/li>\r\n \t<li><strong>Design fonctionnel :<\/strong> Ouverture par le haut et poign\u00e9es int\u00e9gr\u00e9es pour une prise en main confortable et s\u00e9curis\u00e9e<\/li>\r\n<\/ul>","protected":false},"excerpt":{"rendered":"Id\u00e9al pour le transport s\u00e9curis\u00e9 de produits \u00e0 temp\u00e9rature contr\u00f4l\u00e9e, ce conteneur isotherme de 27 litres garantit une efficacit\u00e9 thermique maximale. Fabriqu\u00e9 en poly\u00e9thyl\u00e8ne de haute qualit\u00e9 et isol\u00e9 avec de la mousse polyur\u00e9thane sans CFC ni HCFC, il prot\u00e8ge les propri\u00e9t\u00e9s organoleptiques des aliments et r\u00e9duit le risque de prolif\u00e9ration bact\u00e9rienne. Capacit\u00e9 : 27 [&hellip;]","protected":false},"featured_media":5677,"template":"","meta":{"_acf_changed":false,"_themeisle_gutenberg_block_has_review":false},"product_brand":[],"product_cat":[912,236,237],"product_tag":[],"class_list":{"0":"post-8176","1":"product","2":"type-product","3":"status-publish","4":"has-post-thumbnail","6":"product_cat-catalogue-de-produits","7":"product_cat-conteneurs-refrigeres","8":"product_cat-conteneurs-isothermes-refrigeres-koala","9":"pa_linea-koala-fr","10":"pa_range-di-temperatura-25c-40-fr","11":"pa_range-di-temperatura-25c-10c-fr","12":"pa_range-di-temperatura-0c-40-fr","13":"pa_range-di-temperatura-0c-10c-fr","15":"first","16":"instock","17":"product-type-variable","18":"has-default-attributes","19":"wvs-archive-product-wrapper"},"acf":[],"yoast_head":"<!-- This site is optimized with the Yoast SEO plugin v26.4 - https:\/\/yoast.com\/wordpress\/plugins\/seo\/ -->\n<title>R\u00e9frig\u00e9rateur mobile - KOALA 32 AS - MELFORM<\/title>\n<meta name=\"robots\" content=\"index, follow, max-snippet:-1, max-image-preview:large, max-video-preview:-1\" \/>\n<link rel=\"canonical\" href=\"https:\/\/www.melform.com\/fr\/conteneurs-\/catalogue-de-produits\/conteneurs-refrigeres\/conteneur-refrigere-koala-32-as\/\" \/>\n<meta property=\"og:locale\" content=\"fr_FR\" \/>\n<meta property=\"og:type\" content=\"article\" \/>\n<meta property=\"og:title\" content=\"R\u00e9frig\u00e9rateur mobile - KOALA 32 AS - MELFORM\" \/>\n<meta property=\"og:description\" content=\"Id\u00e9al pour le transport s\u00e9curis\u00e9 de produits \u00e0 temp\u00e9rature contr\u00f4l\u00e9e, ce conteneur isotherme de 27 litres garantit une efficacit\u00e9 thermique maximale. Fabriqu\u00e9 en poly\u00e9thyl\u00e8ne de haute qualit\u00e9 et isol\u00e9 avec de la mousse polyur\u00e9thane sans CFC ni HCFC, il prot\u00e8ge les propri\u00e9t\u00e9s organoleptiques des aliments et r\u00e9duit le risque de prolif\u00e9ration bact\u00e9rienne. Capacit\u00e9 : 27 [&hellip;]\" \/>\n<meta property=\"og:url\" content=\"https:\/\/www.melform.com\/fr\/conteneurs-\/catalogue-de-produits\/conteneurs-refrigeres\/conteneur-refrigere-koala-32-as\/\" \/>\n<meta property=\"og:site_name\" content=\"MELFORM\" \/>\n<meta property=\"article:modified_time\" content=\"2025-03-27T11:29:21+00:00\" \/>\n<meta property=\"og:image\" content=\"https:\/\/www.melform.com\/wp-content\/uploads\/2022\/10\/K32ASISDZM0K32ASISBZM0K32ASISCZM0K32ASISDYM0K32ASISCYM0K32ASISBYM0.jpg\" \/>\n\t<meta property=\"og:image:width\" content=\"1200\" \/>\n\t<meta property=\"og:image:height\" content=\"1200\" \/>\n\t<meta property=\"og:image:type\" content=\"image\/jpeg\" \/>\n<meta name=\"twitter:card\" content=\"summary_large_image\" \/>\n<script type=\"application\/ld+json\" class=\"yoast-schema-graph\">{\"@context\":\"https:\/\/schema.org\",\"@graph\":[{\"@type\":\"WebPage\",\"@id\":\"https:\/\/www.melform.com\/fr\/conteneurs-\/catalogue-de-produits\/conteneurs-refrigeres\/conteneur-refrigere-koala-32-as\/\",\"url\":\"https:\/\/www.melform.com\/fr\/conteneurs-\/catalogue-de-produits\/conteneurs-refrigeres\/conteneur-refrigere-koala-32-as\/\",\"name\":\"R\u00e9frig\u00e9rateur mobile - KOALA 32 AS - MELFORM\",\"isPartOf\":{\"@id\":\"https:\/\/www.melform.com\/fr\/#website\"},\"primaryImageOfPage\":{\"@id\":\"https:\/\/www.melform.com\/fr\/conteneurs-\/catalogue-de-produits\/conteneurs-refrigeres\/conteneur-refrigere-koala-32-as\/#primaryimage\"},\"image\":{\"@id\":\"https:\/\/www.melform.com\/fr\/conteneurs-\/catalogue-de-produits\/conteneurs-refrigeres\/conteneur-refrigere-koala-32-as\/#primaryimage\"},\"thumbnailUrl\":\"https:\/\/www.melform.com\/wp-content\/uploads\/2022\/10\/K32ASISDZM0K32ASISBZM0K32ASISCZM0K32ASISDYM0K32ASISCYM0K32ASISBYM0.jpg\",\"datePublished\":\"2022-10-07T14:58:58+00:00\",\"dateModified\":\"2025-03-27T11:29:21+00:00\",\"breadcrumb\":{\"@id\":\"https:\/\/www.melform.com\/fr\/conteneurs-\/catalogue-de-produits\/conteneurs-refrigeres\/conteneur-refrigere-koala-32-as\/#breadcrumb\"},\"inLanguage\":\"fr-FR\",\"potentialAction\":[{\"@type\":\"ReadAction\",\"target\":[\"https:\/\/www.melform.com\/fr\/conteneurs-\/catalogue-de-produits\/conteneurs-refrigeres\/conteneur-refrigere-koala-32-as\/\"]}]},{\"@type\":\"ImageObject\",\"inLanguage\":\"fr-FR\",\"@id\":\"https:\/\/www.melform.com\/fr\/conteneurs-\/catalogue-de-produits\/conteneurs-refrigeres\/conteneur-refrigere-koala-32-as\/#primaryimage\",\"url\":\"https:\/\/www.melform.com\/wp-content\/uploads\/2022\/10\/K32ASISDZM0K32ASISBZM0K32ASISCZM0K32ASISDYM0K32ASISCYM0K32ASISBYM0.jpg\",\"contentUrl\":\"https:\/\/www.melform.com\/wp-content\/uploads\/2022\/10\/K32ASISDZM0K32ASISBZM0K32ASISCZM0K32ASISDYM0K32ASISCYM0K32ASISBYM0.jpg\",\"width\":1200,\"height\":1200},{\"@type\":\"BreadcrumbList\",\"@id\":\"https:\/\/www.melform.com\/fr\/conteneurs-\/catalogue-de-produits\/conteneurs-refrigeres\/conteneur-refrigere-koala-32-as\/#breadcrumb\",\"itemListElement\":[{\"@type\":\"ListItem\",\"position\":1,\"name\":\"Home\",\"item\":\"https:\/\/www.melform.com\/fr\/\"},{\"@type\":\"ListItem\",\"position\":2,\"name\":\"Shop\",\"item\":\"https:\/\/www.melform.com\/fr\/shop\/\"},{\"@type\":\"ListItem\",\"position\":3,\"name\":\"R\u00e9frig\u00e9rateur mobile &#8211; KOALA 32 AS\"}]},{\"@type\":\"WebSite\",\"@id\":\"https:\/\/www.melform.com\/fr\/#website\",\"url\":\"https:\/\/www.melform.com\/fr\/\",\"name\":\"MELFORM\",\"description\":\"SISTEMI PER IL TRASPORTO E STOCCAGGIO A TEMPERATURA CONTROLLATA\",\"potentialAction\":[{\"@type\":\"SearchAction\",\"target\":{\"@type\":\"EntryPoint\",\"urlTemplate\":\"https:\/\/www.melform.com\/fr\/?s={search_term_string}\"},\"query-input\":{\"@type\":\"PropertyValueSpecification\",\"valueRequired\":true,\"valueName\":\"search_term_string\"}}],\"inLanguage\":\"fr-FR\"}]}<\/script>\n<!-- \/ Yoast SEO plugin. -->","yoast_head_json":{"title":"R\u00e9frig\u00e9rateur mobile - KOALA 32 AS - MELFORM","robots":{"index":"index","follow":"follow","max-snippet":"max-snippet:-1","max-image-preview":"max-image-preview:large","max-video-preview":"max-video-preview:-1"},"canonical":"https:\/\/www.melform.com\/fr\/conteneurs-\/catalogue-de-produits\/conteneurs-refrigeres\/conteneur-refrigere-koala-32-as\/","og_locale":"fr_FR","og_type":"article","og_title":"R\u00e9frig\u00e9rateur mobile - KOALA 32 AS - MELFORM","og_description":"Id\u00e9al pour le transport s\u00e9curis\u00e9 de produits \u00e0 temp\u00e9rature contr\u00f4l\u00e9e, ce conteneur isotherme de 27 litres garantit une efficacit\u00e9 thermique maximale. Fabriqu\u00e9 en poly\u00e9thyl\u00e8ne de haute qualit\u00e9 et isol\u00e9 avec de la mousse polyur\u00e9thane sans CFC ni HCFC, il prot\u00e8ge les propri\u00e9t\u00e9s organoleptiques des aliments et r\u00e9duit le risque de prolif\u00e9ration bact\u00e9rienne. Capacit\u00e9 : 27 [&hellip;]","og_url":"https:\/\/www.melform.com\/fr\/conteneurs-\/catalogue-de-produits\/conteneurs-refrigeres\/conteneur-refrigere-koala-32-as\/","og_site_name":"MELFORM","article_modified_time":"2025-03-27T11:29:21+00:00","og_image":[{"width":1200,"height":1200,"url":"https:\/\/www.melform.com\/wp-content\/uploads\/2022\/10\/K32ASISDZM0K32ASISBZM0K32ASISCZM0K32ASISDYM0K32ASISCYM0K32ASISBYM0.jpg","type":"image\/jpeg"}],"twitter_card":"summary_large_image","schema":{"@context":"https:\/\/schema.org","@graph":[{"@type":"WebPage","@id":"https:\/\/www.melform.com\/fr\/conteneurs-\/catalogue-de-produits\/conteneurs-refrigeres\/conteneur-refrigere-koala-32-as\/","url":"https:\/\/www.melform.com\/fr\/conteneurs-\/catalogue-de-produits\/conteneurs-refrigeres\/conteneur-refrigere-koala-32-as\/","name":"R\u00e9frig\u00e9rateur mobile - KOALA 32 AS - MELFORM","isPartOf":{"@id":"https:\/\/www.melform.com\/fr\/#website"},"primaryImageOfPage":{"@id":"https:\/\/www.melform.com\/fr\/conteneurs-\/catalogue-de-produits\/conteneurs-refrigeres\/conteneur-refrigere-koala-32-as\/#primaryimage"},"image":{"@id":"https:\/\/www.melform.com\/fr\/conteneurs-\/catalogue-de-produits\/conteneurs-refrigeres\/conteneur-refrigere-koala-32-as\/#primaryimage"},"thumbnailUrl":"https:\/\/www.melform.com\/wp-content\/uploads\/2022\/10\/K32ASISDZM0K32ASISBZM0K32ASISCZM0K32ASISDYM0K32ASISCYM0K32ASISBYM0.jpg","datePublished":"2022-10-07T14:58:58+00:00","dateModified":"2025-03-27T11:29:21+00:00","breadcrumb":{"@id":"https:\/\/www.melform.com\/fr\/conteneurs-\/catalogue-de-produits\/conteneurs-refrigeres\/conteneur-refrigere-koala-32-as\/#breadcrumb"},"inLanguage":"fr-FR","potentialAction":[{"@type":"ReadAction","target":["https:\/\/www.melform.com\/fr\/conteneurs-\/catalogue-de-produits\/conteneurs-refrigeres\/conteneur-refrigere-koala-32-as\/"]}]},{"@type":"ImageObject","inLanguage":"fr-FR","@id":"https:\/\/www.melform.com\/fr\/conteneurs-\/catalogue-de-produits\/conteneurs-refrigeres\/conteneur-refrigere-koala-32-as\/#primaryimage","url":"https:\/\/www.melform.com\/wp-content\/uploads\/2022\/10\/K32ASISDZM0K32ASISBZM0K32ASISCZM0K32ASISDYM0K32ASISCYM0K32ASISBYM0.jpg","contentUrl":"https:\/\/www.melform.com\/wp-content\/uploads\/2022\/10\/K32ASISDZM0K32ASISBZM0K32ASISCZM0K32ASISDYM0K32ASISCYM0K32ASISBYM0.jpg","width":1200,"height":1200},{"@type":"BreadcrumbList","@id":"https:\/\/www.melform.com\/fr\/conteneurs-\/catalogue-de-produits\/conteneurs-refrigeres\/conteneur-refrigere-koala-32-as\/#breadcrumb","itemListElement":[{"@type":"ListItem","position":1,"name":"Home","item":"https:\/\/www.melform.com\/fr\/"},{"@type":"ListItem","position":2,"name":"Shop","item":"https:\/\/www.melform.com\/fr\/shop\/"},{"@type":"ListItem","position":3,"name":"R\u00e9frig\u00e9rateur mobile &#8211; KOALA 32 AS"}]},{"@type":"WebSite","@id":"https:\/\/www.melform.com\/fr\/#website","url":"https:\/\/www.melform.com\/fr\/","name":"MELFORM","description":"SISTEMI PER IL TRASPORTO E STOCCAGGIO A TEMPERATURA CONTROLLATA","potentialAction":[{"@type":"SearchAction","target":{"@type":"EntryPoint","urlTemplate":"https:\/\/www.melform.com\/fr\/?s={search_term_string}"},"query-input":{"@type":"PropertyValueSpecification","valueRequired":true,"valueName":"search_term_string"}}],"inLanguage":"fr-FR"}]}},"_links":{"self":[{"href":"https:\/\/www.melform.com\/fr\/wp-json\/wp\/v2\/product\/8176","targetHints":{"allow":["GET"]}}],"collection":[{"href":"https:\/\/www.melform.com\/fr\/wp-json\/wp\/v2\/product"}],"about":[{"href":"https:\/\/www.melform.com\/fr\/wp-json\/wp\/v2\/types\/product"}],"wp:featuredmedia":[{"embeddable":true,"href":"https:\/\/www.melform.com\/fr\/wp-json\/wp\/v2\/media\/5677"}],"wp:attachment":[{"href":"https:\/\/www.melform.com\/fr\/wp-json\/wp\/v2\/media?parent=8176"}],"wp:term":[{"taxonomy":"product_brand","embeddable":true,"href":"https:\/\/www.melform.com\/fr\/wp-json\/wp\/v2\/product_brand?post=8176"},{"taxonomy":"product_cat","embeddable":true,"href":"https:\/\/www.melform.com\/fr\/wp-json\/wp\/v2\/product_cat?post=8176"},{"taxonomy":"product_tag","embeddable":true,"href":"https:\/\/www.melform.com\/fr\/wp-json\/wp\/v2\/product_tag?post=8176"}],"curies":[{"name":"wp","href":"https:\/\/api.w.org\/{rel}","templated":true}]}}