{"id":8183,"date":"2022-10-07T16:59:18","date_gmt":"2022-10-07T14:59:18","guid":{"rendered":"https:\/\/www.melform.com\/product\/contenitore-isotermico-refrigerato-koala-32-af\/"},"modified":"2025-03-27T13:32:02","modified_gmt":"2025-03-27T11:32:02","slug":"conteneur-refrigere-koala-32-af","status":"publish","type":"product","link":"https:\/\/www.melform.com\/fr\/conteneurs-\/catalogue-de-produits\/conteneurs-refrigeres\/conteneur-refrigere-koala-32-af\/","title":{"rendered":"R\u00e9frig\u00e9rateur mobile &#8211; KOALA 32 AF"},"content":{"rendered":"Parfait pour le transport s\u00fbr et fiable de produits \u00e0 temp\u00e9rature contr\u00f4l\u00e9e, le <strong>Koala 32<\/strong> allie efficacit\u00e9, r\u00e9sistance et praticit\u00e9 dans un design compact et fonctionnel.\r\n<ul>\r\n \t<li><strong>Capacit\u00e9 optimale :<\/strong> 32 litres, id\u00e9al pour le transport de petites et moyennes quantit\u00e9s de produits sensibles \u00e0 la temp\u00e9rature.<\/li>\r\n \t<li><strong>Mat\u00e9riaux de haute qualit\u00e9 :<\/strong> fabriqu\u00e9 en poly\u00e9thyl\u00e8ne r\u00e9sistant pour une protection durable, avec une <strong>isolation en mousse de polyur\u00e9thane \u00e9cologique<\/strong> (sans CFC ni HCFC) garantissant une excellente r\u00e9tention thermique.<\/li>\r\n \t<li><strong>Double alimentation :<\/strong> compatible avec <strong>12Vdc<\/strong> et <strong>230Vac<\/strong>, offrant une utilisation polyvalente en d\u00e9placement comme en poste fixe.<\/li>\r\n \t<li><strong>Design fonctionnel :<\/strong> ouverture frontale pour un acc\u00e8s facile et rapide, <strong>empilable<\/strong> pour optimiser l\u2019espace lors du transport ou du stockage.<\/li>\r\n \t<li><strong>Facilit\u00e9 d&#8217;utilisation :<\/strong> \u00e9quip\u00e9 de <strong>poign\u00e9es int\u00e9gr\u00e9es<\/strong> pour une prise en main s\u00fbre et confortable.<\/li>\r\n<\/ul>","protected":false},"excerpt":{"rendered":"Parfait pour le transport s\u00fbr et fiable de produits \u00e0 temp\u00e9rature contr\u00f4l\u00e9e, le Koala 32 allie efficacit\u00e9, r\u00e9sistance et praticit\u00e9 dans un design compact et fonctionnel. Capacit\u00e9 optimale : 32 litres, id\u00e9al pour le transport de petites et moyennes quantit\u00e9s de produits sensibles \u00e0 la temp\u00e9rature. Mat\u00e9riaux de haute qualit\u00e9 : fabriqu\u00e9 en poly\u00e9thyl\u00e8ne r\u00e9sistant [&hellip;]","protected":false},"featured_media":5665,"template":"","meta":{"_acf_changed":false,"_themeisle_gutenberg_block_has_review":false},"product_brand":[],"product_cat":[912,236,237],"product_tag":[],"class_list":{"0":"post-8183","1":"product","2":"type-product","3":"status-publish","4":"has-post-thumbnail","6":"product_cat-catalogue-de-produits","7":"product_cat-conteneurs-refrigeres","8":"product_cat-conteneurs-isothermes-refrigeres-koala","9":"pa_linea-koala-fr","10":"pa_range-di-temperatura-25c-40-fr","11":"pa_range-di-temperatura-25c-10c-fr","12":"pa_range-di-temperatura-30c-40-fr","13":"pa_range-di-temperatura-30c-10c-fr","14":"pa_range-di-temperatura-0c-40-fr","15":"pa_range-di-temperatura-0c-10c-fr","17":"first","18":"instock","19":"product-type-variable","20":"has-default-attributes","21":"wvs-archive-product-wrapper"},"acf":[],"yoast_head":"<!-- This site is optimized with the Yoast SEO plugin v26.4 - https:\/\/yoast.com\/wordpress\/plugins\/seo\/ -->\n<title>R\u00e9frig\u00e9rateur mobile - KOALA 32 AF - MELFORM<\/title>\n<meta name=\"robots\" content=\"index, follow, max-snippet:-1, max-image-preview:large, max-video-preview:-1\" \/>\n<link rel=\"canonical\" href=\"https:\/\/www.melform.com\/fr\/conteneurs-\/catalogue-de-produits\/conteneurs-refrigeres\/conteneur-refrigere-koala-32-af\/\" \/>\n<meta property=\"og:locale\" content=\"fr_FR\" \/>\n<meta property=\"og:type\" content=\"article\" \/>\n<meta property=\"og:title\" content=\"R\u00e9frig\u00e9rateur mobile - KOALA 32 AF - MELFORM\" \/>\n<meta property=\"og:description\" content=\"Parfait pour le transport s\u00fbr et fiable de produits \u00e0 temp\u00e9rature contr\u00f4l\u00e9e, le Koala 32 allie efficacit\u00e9, r\u00e9sistance et praticit\u00e9 dans un design compact et fonctionnel. Capacit\u00e9 optimale : 32 litres, id\u00e9al pour le transport de petites et moyennes quantit\u00e9s de produits sensibles \u00e0 la temp\u00e9rature. Mat\u00e9riaux de haute qualit\u00e9 : fabriqu\u00e9 en poly\u00e9thyl\u00e8ne r\u00e9sistant [&hellip;]\" \/>\n<meta property=\"og:url\" content=\"https:\/\/www.melform.com\/fr\/conteneurs-\/catalogue-de-produits\/conteneurs-refrigeres\/conteneur-refrigere-koala-32-af\/\" \/>\n<meta property=\"og:site_name\" content=\"MELFORM\" \/>\n<meta property=\"article:modified_time\" content=\"2025-03-27T11:32:02+00:00\" \/>\n<meta property=\"og:image\" content=\"https:\/\/www.melform.com\/wp-content\/uploads\/2022\/10\/K32AFISAZM0K32AFISAYM0-1.jpg\" \/>\n\t<meta property=\"og:image:width\" content=\"1200\" \/>\n\t<meta property=\"og:image:height\" content=\"1200\" \/>\n\t<meta property=\"og:image:type\" content=\"image\/jpeg\" \/>\n<meta name=\"twitter:card\" content=\"summary_large_image\" \/>\n<script type=\"application\/ld+json\" class=\"yoast-schema-graph\">{\"@context\":\"https:\/\/schema.org\",\"@graph\":[{\"@type\":\"WebPage\",\"@id\":\"https:\/\/www.melform.com\/fr\/conteneurs-\/catalogue-de-produits\/conteneurs-refrigeres\/conteneur-refrigere-koala-32-af\/\",\"url\":\"https:\/\/www.melform.com\/fr\/conteneurs-\/catalogue-de-produits\/conteneurs-refrigeres\/conteneur-refrigere-koala-32-af\/\",\"name\":\"R\u00e9frig\u00e9rateur mobile - KOALA 32 AF - MELFORM\",\"isPartOf\":{\"@id\":\"https:\/\/www.melform.com\/fr\/#website\"},\"primaryImageOfPage\":{\"@id\":\"https:\/\/www.melform.com\/fr\/conteneurs-\/catalogue-de-produits\/conteneurs-refrigeres\/conteneur-refrigere-koala-32-af\/#primaryimage\"},\"image\":{\"@id\":\"https:\/\/www.melform.com\/fr\/conteneurs-\/catalogue-de-produits\/conteneurs-refrigeres\/conteneur-refrigere-koala-32-af\/#primaryimage\"},\"thumbnailUrl\":\"https:\/\/www.melform.com\/wp-content\/uploads\/2022\/10\/K32AFISAZM0K32AFISAYM0-1.jpg\",\"datePublished\":\"2022-10-07T14:59:18+00:00\",\"dateModified\":\"2025-03-27T11:32:02+00:00\",\"breadcrumb\":{\"@id\":\"https:\/\/www.melform.com\/fr\/conteneurs-\/catalogue-de-produits\/conteneurs-refrigeres\/conteneur-refrigere-koala-32-af\/#breadcrumb\"},\"inLanguage\":\"fr-FR\",\"potentialAction\":[{\"@type\":\"ReadAction\",\"target\":[\"https:\/\/www.melform.com\/fr\/conteneurs-\/catalogue-de-produits\/conteneurs-refrigeres\/conteneur-refrigere-koala-32-af\/\"]}]},{\"@type\":\"ImageObject\",\"inLanguage\":\"fr-FR\",\"@id\":\"https:\/\/www.melform.com\/fr\/conteneurs-\/catalogue-de-produits\/conteneurs-refrigeres\/conteneur-refrigere-koala-32-af\/#primaryimage\",\"url\":\"https:\/\/www.melform.com\/wp-content\/uploads\/2022\/10\/K32AFISAZM0K32AFISAYM0-1.jpg\",\"contentUrl\":\"https:\/\/www.melform.com\/wp-content\/uploads\/2022\/10\/K32AFISAZM0K32AFISAYM0-1.jpg\",\"width\":1200,\"height\":1200},{\"@type\":\"BreadcrumbList\",\"@id\":\"https:\/\/www.melform.com\/fr\/conteneurs-\/catalogue-de-produits\/conteneurs-refrigeres\/conteneur-refrigere-koala-32-af\/#breadcrumb\",\"itemListElement\":[{\"@type\":\"ListItem\",\"position\":1,\"name\":\"Home\",\"item\":\"https:\/\/www.melform.com\/fr\/\"},{\"@type\":\"ListItem\",\"position\":2,\"name\":\"Shop\",\"item\":\"https:\/\/www.melform.com\/fr\/shop\/\"},{\"@type\":\"ListItem\",\"position\":3,\"name\":\"R\u00e9frig\u00e9rateur mobile &#8211; KOALA 32 AF\"}]},{\"@type\":\"WebSite\",\"@id\":\"https:\/\/www.melform.com\/fr\/#website\",\"url\":\"https:\/\/www.melform.com\/fr\/\",\"name\":\"MELFORM\",\"description\":\"SISTEMI PER IL TRASPORTO E STOCCAGGIO A TEMPERATURA CONTROLLATA\",\"potentialAction\":[{\"@type\":\"SearchAction\",\"target\":{\"@type\":\"EntryPoint\",\"urlTemplate\":\"https:\/\/www.melform.com\/fr\/?s={search_term_string}\"},\"query-input\":{\"@type\":\"PropertyValueSpecification\",\"valueRequired\":true,\"valueName\":\"search_term_string\"}}],\"inLanguage\":\"fr-FR\"}]}<\/script>\n<!-- \/ Yoast SEO plugin. -->","yoast_head_json":{"title":"R\u00e9frig\u00e9rateur mobile - KOALA 32 AF - MELFORM","robots":{"index":"index","follow":"follow","max-snippet":"max-snippet:-1","max-image-preview":"max-image-preview:large","max-video-preview":"max-video-preview:-1"},"canonical":"https:\/\/www.melform.com\/fr\/conteneurs-\/catalogue-de-produits\/conteneurs-refrigeres\/conteneur-refrigere-koala-32-af\/","og_locale":"fr_FR","og_type":"article","og_title":"R\u00e9frig\u00e9rateur mobile - KOALA 32 AF - MELFORM","og_description":"Parfait pour le transport s\u00fbr et fiable de produits \u00e0 temp\u00e9rature contr\u00f4l\u00e9e, le Koala 32 allie efficacit\u00e9, r\u00e9sistance et praticit\u00e9 dans un design compact et fonctionnel. Capacit\u00e9 optimale : 32 litres, id\u00e9al pour le transport de petites et moyennes quantit\u00e9s de produits sensibles \u00e0 la temp\u00e9rature. Mat\u00e9riaux de haute qualit\u00e9 : fabriqu\u00e9 en poly\u00e9thyl\u00e8ne r\u00e9sistant [&hellip;]","og_url":"https:\/\/www.melform.com\/fr\/conteneurs-\/catalogue-de-produits\/conteneurs-refrigeres\/conteneur-refrigere-koala-32-af\/","og_site_name":"MELFORM","article_modified_time":"2025-03-27T11:32:02+00:00","og_image":[{"width":1200,"height":1200,"url":"https:\/\/www.melform.com\/wp-content\/uploads\/2022\/10\/K32AFISAZM0K32AFISAYM0-1.jpg","type":"image\/jpeg"}],"twitter_card":"summary_large_image","schema":{"@context":"https:\/\/schema.org","@graph":[{"@type":"WebPage","@id":"https:\/\/www.melform.com\/fr\/conteneurs-\/catalogue-de-produits\/conteneurs-refrigeres\/conteneur-refrigere-koala-32-af\/","url":"https:\/\/www.melform.com\/fr\/conteneurs-\/catalogue-de-produits\/conteneurs-refrigeres\/conteneur-refrigere-koala-32-af\/","name":"R\u00e9frig\u00e9rateur mobile - KOALA 32 AF - MELFORM","isPartOf":{"@id":"https:\/\/www.melform.com\/fr\/#website"},"primaryImageOfPage":{"@id":"https:\/\/www.melform.com\/fr\/conteneurs-\/catalogue-de-produits\/conteneurs-refrigeres\/conteneur-refrigere-koala-32-af\/#primaryimage"},"image":{"@id":"https:\/\/www.melform.com\/fr\/conteneurs-\/catalogue-de-produits\/conteneurs-refrigeres\/conteneur-refrigere-koala-32-af\/#primaryimage"},"thumbnailUrl":"https:\/\/www.melform.com\/wp-content\/uploads\/2022\/10\/K32AFISAZM0K32AFISAYM0-1.jpg","datePublished":"2022-10-07T14:59:18+00:00","dateModified":"2025-03-27T11:32:02+00:00","breadcrumb":{"@id":"https:\/\/www.melform.com\/fr\/conteneurs-\/catalogue-de-produits\/conteneurs-refrigeres\/conteneur-refrigere-koala-32-af\/#breadcrumb"},"inLanguage":"fr-FR","potentialAction":[{"@type":"ReadAction","target":["https:\/\/www.melform.com\/fr\/conteneurs-\/catalogue-de-produits\/conteneurs-refrigeres\/conteneur-refrigere-koala-32-af\/"]}]},{"@type":"ImageObject","inLanguage":"fr-FR","@id":"https:\/\/www.melform.com\/fr\/conteneurs-\/catalogue-de-produits\/conteneurs-refrigeres\/conteneur-refrigere-koala-32-af\/#primaryimage","url":"https:\/\/www.melform.com\/wp-content\/uploads\/2022\/10\/K32AFISAZM0K32AFISAYM0-1.jpg","contentUrl":"https:\/\/www.melform.com\/wp-content\/uploads\/2022\/10\/K32AFISAZM0K32AFISAYM0-1.jpg","width":1200,"height":1200},{"@type":"BreadcrumbList","@id":"https:\/\/www.melform.com\/fr\/conteneurs-\/catalogue-de-produits\/conteneurs-refrigeres\/conteneur-refrigere-koala-32-af\/#breadcrumb","itemListElement":[{"@type":"ListItem","position":1,"name":"Home","item":"https:\/\/www.melform.com\/fr\/"},{"@type":"ListItem","position":2,"name":"Shop","item":"https:\/\/www.melform.com\/fr\/shop\/"},{"@type":"ListItem","position":3,"name":"R\u00e9frig\u00e9rateur mobile &#8211; KOALA 32 AF"}]},{"@type":"WebSite","@id":"https:\/\/www.melform.com\/fr\/#website","url":"https:\/\/www.melform.com\/fr\/","name":"MELFORM","description":"SISTEMI PER IL TRASPORTO E STOCCAGGIO A TEMPERATURA CONTROLLATA","potentialAction":[{"@type":"SearchAction","target":{"@type":"EntryPoint","urlTemplate":"https:\/\/www.melform.com\/fr\/?s={search_term_string}"},"query-input":{"@type":"PropertyValueSpecification","valueRequired":true,"valueName":"search_term_string"}}],"inLanguage":"fr-FR"}]}},"_links":{"self":[{"href":"https:\/\/www.melform.com\/fr\/wp-json\/wp\/v2\/product\/8183","targetHints":{"allow":["GET"]}}],"collection":[{"href":"https:\/\/www.melform.com\/fr\/wp-json\/wp\/v2\/product"}],"about":[{"href":"https:\/\/www.melform.com\/fr\/wp-json\/wp\/v2\/types\/product"}],"wp:featuredmedia":[{"embeddable":true,"href":"https:\/\/www.melform.com\/fr\/wp-json\/wp\/v2\/media\/5665"}],"wp:attachment":[{"href":"https:\/\/www.melform.com\/fr\/wp-json\/wp\/v2\/media?parent=8183"}],"wp:term":[{"taxonomy":"product_brand","embeddable":true,"href":"https:\/\/www.melform.com\/fr\/wp-json\/wp\/v2\/product_brand?post=8183"},{"taxonomy":"product_cat","embeddable":true,"href":"https:\/\/www.melform.com\/fr\/wp-json\/wp\/v2\/product_cat?post=8183"},{"taxonomy":"product_tag","embeddable":true,"href":"https:\/\/www.melform.com\/fr\/wp-json\/wp\/v2\/product_tag?post=8183"}],"curies":[{"name":"wp","href":"https:\/\/api.w.org\/{rel}","templated":true}]}}