{"id":8192,"date":"2022-10-07T16:59:43","date_gmt":"2022-10-07T14:59:43","guid":{"rendered":"https:\/\/www.melform.com\/product\/contenitore-isotermico-refrigerato-koala-50\/"},"modified":"2025-03-27T13:35:02","modified_gmt":"2025-03-27T11:35:02","slug":"conteneur-refrigere-koala-50","status":"publish","type":"product","link":"https:\/\/www.melform.com\/fr\/conteneurs-\/catalogue-de-produits\/conteneurs-refrigeres\/conteneur-refrigere-koala-50\/","title":{"rendered":"Conteneur r\u00e9frig\u00e9r\u00e9 &#8211; KOALA 50"},"content":{"rendered":"Le <strong>Koala 50<\/strong> est le conteneur r\u00e9frig\u00e9r\u00e9 mobile id\u00e9al pour le transport s\u00e9curis\u00e9 de produits \u00e0 temp\u00e9rature contr\u00f4l\u00e9e. Son design compact et hautement fonctionnel le rend parfait m\u00eame pour les espaces r\u00e9duits et tous types de v\u00e9hicules.\r\n<ul>\r\n \t<li><strong>Construction robuste :<\/strong> fabriqu\u00e9 en <strong>poly\u00e9thyl\u00e8ne r\u00e9sistant<\/strong> et isol\u00e9 avec de la <strong>mousse de polyur\u00e9thane \u00e9cologique<\/strong> sans CFC ni HCFC, il garantit d&#8217;excellentes performances thermiques, prot\u00e9geant les propri\u00e9t\u00e9s organoleptiques des produits transport\u00e9s et r\u00e9duisant le risque de prolif\u00e9ration bact\u00e9rienne.<\/li>\r\n \t<li><strong>Capacit\u00e9 optimale :<\/strong> 53 litres, parfait pour le transport d&#8217;\u00e9chantillons de laboratoire ou d&#8217;autres produits sensibles \u00e0 la temp\u00e9rature.<\/li>\r\n \t<li><strong>Poign\u00e9es int\u00e9gr\u00e9es :<\/strong> pratiques <strong>poign\u00e9es en acier inoxydable<\/strong> pour une prise en main s\u00fbre et un transport facile.<\/li>\r\n \t<li><strong>Protection interne :<\/strong> \u00e9quip\u00e9 d&#8217;une <strong>grille de protection pour l&#8217;\u00e9vaporateur<\/strong>, fabriqu\u00e9e en fil m\u00e9tallique plastifi\u00e9, garantissant s\u00e9curit\u00e9 et durabilit\u00e9 dans le temps.<\/li>\r\n \t<li><strong>Design pratique :<\/strong> ouverture sup\u00e9rieure pour un acc\u00e8s simple et imm\u00e9diat aux produits.<\/li>\r\n \t<li><strong>Double alimentation :<\/strong> compatible avec <strong>12Vdc et 230Vac<\/strong>, offrant une utilisation flexible en d\u00e9placement comme en poste fixe.<\/li>\r\n<\/ul>","protected":false},"excerpt":{"rendered":"Le Koala 50 est le conteneur r\u00e9frig\u00e9r\u00e9 mobile id\u00e9al pour le transport s\u00e9curis\u00e9 de produits \u00e0 temp\u00e9rature contr\u00f4l\u00e9e. Son design compact et hautement fonctionnel le rend parfait m\u00eame pour les espaces r\u00e9duits et tous types de v\u00e9hicules. Construction robuste : fabriqu\u00e9 en poly\u00e9thyl\u00e8ne r\u00e9sistant et isol\u00e9 avec de la mousse de polyur\u00e9thane \u00e9cologique sans CFC [&hellip;]","protected":false},"featured_media":5680,"template":"","meta":{"_acf_changed":false,"_themeisle_gutenberg_block_has_review":false},"product_brand":[],"product_cat":[912,236,237],"product_tag":[],"class_list":{"0":"post-8192","1":"product","2":"type-product","3":"status-publish","4":"has-post-thumbnail","6":"product_cat-catalogue-de-produits","7":"product_cat-conteneurs-refrigeres","8":"product_cat-conteneurs-isothermes-refrigeres-koala","9":"pa_linea-koala-fr","10":"pa_range-di-temperatura-25c-40-fr","11":"pa_range-di-temperatura-25c-10c-fr","12":"pa_range-di-temperatura-0c-40-fr","13":"pa_range-di-temperatura-0c-10c-fr","15":"first","16":"instock","17":"product-type-variable","18":"has-default-attributes","19":"wvs-archive-product-wrapper"},"acf":[],"yoast_head":"<!-- This site is optimized with the Yoast SEO plugin v26.4 - https:\/\/yoast.com\/wordpress\/plugins\/seo\/ -->\n<title>Conteneur r\u00e9frig\u00e9r\u00e9 - KOALA 50 - MELFORM<\/title>\n<meta name=\"robots\" content=\"index, follow, max-snippet:-1, max-image-preview:large, max-video-preview:-1\" \/>\n<link rel=\"canonical\" href=\"https:\/\/www.melform.com\/fr\/conteneurs-\/catalogue-de-produits\/conteneurs-refrigeres\/conteneur-refrigere-koala-50\/\" \/>\n<meta property=\"og:locale\" content=\"fr_FR\" \/>\n<meta property=\"og:type\" content=\"article\" \/>\n<meta property=\"og:title\" content=\"Conteneur r\u00e9frig\u00e9r\u00e9 - KOALA 50 - MELFORM\" \/>\n<meta property=\"og:description\" content=\"Le Koala 50 est le conteneur r\u00e9frig\u00e9r\u00e9 mobile id\u00e9al pour le transport s\u00e9curis\u00e9 de produits \u00e0 temp\u00e9rature contr\u00f4l\u00e9e. Son design compact et hautement fonctionnel le rend parfait m\u00eame pour les espaces r\u00e9duits et tous types de v\u00e9hicules. Construction robuste : fabriqu\u00e9 en poly\u00e9thyl\u00e8ne r\u00e9sistant et isol\u00e9 avec de la mousse de polyur\u00e9thane \u00e9cologique sans CFC [&hellip;]\" \/>\n<meta property=\"og:url\" content=\"https:\/\/www.melform.com\/fr\/conteneurs-\/catalogue-de-produits\/conteneurs-refrigeres\/conteneur-refrigere-koala-50\/\" \/>\n<meta property=\"og:site_name\" content=\"MELFORM\" \/>\n<meta property=\"article:modified_time\" content=\"2025-03-27T11:35:02+00:00\" \/>\n<meta property=\"og:image\" content=\"https:\/\/www.melform.com\/wp-content\/uploads\/2022\/10\/K50ASISDZM0K50ASISBZM0K50ASISCZM0K50ASISDYK50ASISCYM0K50ASISBYM0M0-1.jpg\" \/>\n\t<meta property=\"og:image:width\" content=\"743\" \/>\n\t<meta property=\"og:image:height\" content=\"743\" \/>\n\t<meta property=\"og:image:type\" content=\"image\/jpeg\" \/>\n<meta name=\"twitter:card\" content=\"summary_large_image\" \/>\n<script type=\"application\/ld+json\" class=\"yoast-schema-graph\">{\"@context\":\"https:\/\/schema.org\",\"@graph\":[{\"@type\":\"WebPage\",\"@id\":\"https:\/\/www.melform.com\/fr\/conteneurs-\/catalogue-de-produits\/conteneurs-refrigeres\/conteneur-refrigere-koala-50\/\",\"url\":\"https:\/\/www.melform.com\/fr\/conteneurs-\/catalogue-de-produits\/conteneurs-refrigeres\/conteneur-refrigere-koala-50\/\",\"name\":\"Conteneur r\u00e9frig\u00e9r\u00e9 - KOALA 50 - MELFORM\",\"isPartOf\":{\"@id\":\"https:\/\/www.melform.com\/fr\/#website\"},\"primaryImageOfPage\":{\"@id\":\"https:\/\/www.melform.com\/fr\/conteneurs-\/catalogue-de-produits\/conteneurs-refrigeres\/conteneur-refrigere-koala-50\/#primaryimage\"},\"image\":{\"@id\":\"https:\/\/www.melform.com\/fr\/conteneurs-\/catalogue-de-produits\/conteneurs-refrigeres\/conteneur-refrigere-koala-50\/#primaryimage\"},\"thumbnailUrl\":\"https:\/\/www.melform.com\/wp-content\/uploads\/2022\/10\/K50ASISDZM0K50ASISBZM0K50ASISCZM0K50ASISDYK50ASISCYM0K50ASISBYM0M0-1.jpg\",\"datePublished\":\"2022-10-07T14:59:43+00:00\",\"dateModified\":\"2025-03-27T11:35:02+00:00\",\"breadcrumb\":{\"@id\":\"https:\/\/www.melform.com\/fr\/conteneurs-\/catalogue-de-produits\/conteneurs-refrigeres\/conteneur-refrigere-koala-50\/#breadcrumb\"},\"inLanguage\":\"fr-FR\",\"potentialAction\":[{\"@type\":\"ReadAction\",\"target\":[\"https:\/\/www.melform.com\/fr\/conteneurs-\/catalogue-de-produits\/conteneurs-refrigeres\/conteneur-refrigere-koala-50\/\"]}]},{\"@type\":\"ImageObject\",\"inLanguage\":\"fr-FR\",\"@id\":\"https:\/\/www.melform.com\/fr\/conteneurs-\/catalogue-de-produits\/conteneurs-refrigeres\/conteneur-refrigere-koala-50\/#primaryimage\",\"url\":\"https:\/\/www.melform.com\/wp-content\/uploads\/2022\/10\/K50ASISDZM0K50ASISBZM0K50ASISCZM0K50ASISDYK50ASISCYM0K50ASISBYM0M0-1.jpg\",\"contentUrl\":\"https:\/\/www.melform.com\/wp-content\/uploads\/2022\/10\/K50ASISDZM0K50ASISBZM0K50ASISCZM0K50ASISDYK50ASISCYM0K50ASISBYM0M0-1.jpg\",\"width\":743,\"height\":743},{\"@type\":\"BreadcrumbList\",\"@id\":\"https:\/\/www.melform.com\/fr\/conteneurs-\/catalogue-de-produits\/conteneurs-refrigeres\/conteneur-refrigere-koala-50\/#breadcrumb\",\"itemListElement\":[{\"@type\":\"ListItem\",\"position\":1,\"name\":\"Home\",\"item\":\"https:\/\/www.melform.com\/fr\/\"},{\"@type\":\"ListItem\",\"position\":2,\"name\":\"Shop\",\"item\":\"https:\/\/www.melform.com\/fr\/shop\/\"},{\"@type\":\"ListItem\",\"position\":3,\"name\":\"Conteneur r\u00e9frig\u00e9r\u00e9 &#8211; KOALA 50\"}]},{\"@type\":\"WebSite\",\"@id\":\"https:\/\/www.melform.com\/fr\/#website\",\"url\":\"https:\/\/www.melform.com\/fr\/\",\"name\":\"MELFORM\",\"description\":\"SISTEMI PER IL TRASPORTO E STOCCAGGIO A TEMPERATURA CONTROLLATA\",\"potentialAction\":[{\"@type\":\"SearchAction\",\"target\":{\"@type\":\"EntryPoint\",\"urlTemplate\":\"https:\/\/www.melform.com\/fr\/?s={search_term_string}\"},\"query-input\":{\"@type\":\"PropertyValueSpecification\",\"valueRequired\":true,\"valueName\":\"search_term_string\"}}],\"inLanguage\":\"fr-FR\"}]}<\/script>\n<!-- \/ Yoast SEO plugin. -->","yoast_head_json":{"title":"Conteneur r\u00e9frig\u00e9r\u00e9 - KOALA 50 - MELFORM","robots":{"index":"index","follow":"follow","max-snippet":"max-snippet:-1","max-image-preview":"max-image-preview:large","max-video-preview":"max-video-preview:-1"},"canonical":"https:\/\/www.melform.com\/fr\/conteneurs-\/catalogue-de-produits\/conteneurs-refrigeres\/conteneur-refrigere-koala-50\/","og_locale":"fr_FR","og_type":"article","og_title":"Conteneur r\u00e9frig\u00e9r\u00e9 - KOALA 50 - MELFORM","og_description":"Le Koala 50 est le conteneur r\u00e9frig\u00e9r\u00e9 mobile id\u00e9al pour le transport s\u00e9curis\u00e9 de produits \u00e0 temp\u00e9rature contr\u00f4l\u00e9e. Son design compact et hautement fonctionnel le rend parfait m\u00eame pour les espaces r\u00e9duits et tous types de v\u00e9hicules. Construction robuste : fabriqu\u00e9 en poly\u00e9thyl\u00e8ne r\u00e9sistant et isol\u00e9 avec de la mousse de polyur\u00e9thane \u00e9cologique sans CFC [&hellip;]","og_url":"https:\/\/www.melform.com\/fr\/conteneurs-\/catalogue-de-produits\/conteneurs-refrigeres\/conteneur-refrigere-koala-50\/","og_site_name":"MELFORM","article_modified_time":"2025-03-27T11:35:02+00:00","og_image":[{"width":743,"height":743,"url":"https:\/\/www.melform.com\/wp-content\/uploads\/2022\/10\/K50ASISDZM0K50ASISBZM0K50ASISCZM0K50ASISDYK50ASISCYM0K50ASISBYM0M0-1.jpg","type":"image\/jpeg"}],"twitter_card":"summary_large_image","schema":{"@context":"https:\/\/schema.org","@graph":[{"@type":"WebPage","@id":"https:\/\/www.melform.com\/fr\/conteneurs-\/catalogue-de-produits\/conteneurs-refrigeres\/conteneur-refrigere-koala-50\/","url":"https:\/\/www.melform.com\/fr\/conteneurs-\/catalogue-de-produits\/conteneurs-refrigeres\/conteneur-refrigere-koala-50\/","name":"Conteneur r\u00e9frig\u00e9r\u00e9 - KOALA 50 - MELFORM","isPartOf":{"@id":"https:\/\/www.melform.com\/fr\/#website"},"primaryImageOfPage":{"@id":"https:\/\/www.melform.com\/fr\/conteneurs-\/catalogue-de-produits\/conteneurs-refrigeres\/conteneur-refrigere-koala-50\/#primaryimage"},"image":{"@id":"https:\/\/www.melform.com\/fr\/conteneurs-\/catalogue-de-produits\/conteneurs-refrigeres\/conteneur-refrigere-koala-50\/#primaryimage"},"thumbnailUrl":"https:\/\/www.melform.com\/wp-content\/uploads\/2022\/10\/K50ASISDZM0K50ASISBZM0K50ASISCZM0K50ASISDYK50ASISCYM0K50ASISBYM0M0-1.jpg","datePublished":"2022-10-07T14:59:43+00:00","dateModified":"2025-03-27T11:35:02+00:00","breadcrumb":{"@id":"https:\/\/www.melform.com\/fr\/conteneurs-\/catalogue-de-produits\/conteneurs-refrigeres\/conteneur-refrigere-koala-50\/#breadcrumb"},"inLanguage":"fr-FR","potentialAction":[{"@type":"ReadAction","target":["https:\/\/www.melform.com\/fr\/conteneurs-\/catalogue-de-produits\/conteneurs-refrigeres\/conteneur-refrigere-koala-50\/"]}]},{"@type":"ImageObject","inLanguage":"fr-FR","@id":"https:\/\/www.melform.com\/fr\/conteneurs-\/catalogue-de-produits\/conteneurs-refrigeres\/conteneur-refrigere-koala-50\/#primaryimage","url":"https:\/\/www.melform.com\/wp-content\/uploads\/2022\/10\/K50ASISDZM0K50ASISBZM0K50ASISCZM0K50ASISDYK50ASISCYM0K50ASISBYM0M0-1.jpg","contentUrl":"https:\/\/www.melform.com\/wp-content\/uploads\/2022\/10\/K50ASISDZM0K50ASISBZM0K50ASISCZM0K50ASISDYK50ASISCYM0K50ASISBYM0M0-1.jpg","width":743,"height":743},{"@type":"BreadcrumbList","@id":"https:\/\/www.melform.com\/fr\/conteneurs-\/catalogue-de-produits\/conteneurs-refrigeres\/conteneur-refrigere-koala-50\/#breadcrumb","itemListElement":[{"@type":"ListItem","position":1,"name":"Home","item":"https:\/\/www.melform.com\/fr\/"},{"@type":"ListItem","position":2,"name":"Shop","item":"https:\/\/www.melform.com\/fr\/shop\/"},{"@type":"ListItem","position":3,"name":"Conteneur r\u00e9frig\u00e9r\u00e9 &#8211; KOALA 50"}]},{"@type":"WebSite","@id":"https:\/\/www.melform.com\/fr\/#website","url":"https:\/\/www.melform.com\/fr\/","name":"MELFORM","description":"SISTEMI PER IL TRASPORTO E STOCCAGGIO A TEMPERATURA CONTROLLATA","potentialAction":[{"@type":"SearchAction","target":{"@type":"EntryPoint","urlTemplate":"https:\/\/www.melform.com\/fr\/?s={search_term_string}"},"query-input":{"@type":"PropertyValueSpecification","valueRequired":true,"valueName":"search_term_string"}}],"inLanguage":"fr-FR"}]}},"_links":{"self":[{"href":"https:\/\/www.melform.com\/fr\/wp-json\/wp\/v2\/product\/8192","targetHints":{"allow":["GET"]}}],"collection":[{"href":"https:\/\/www.melform.com\/fr\/wp-json\/wp\/v2\/product"}],"about":[{"href":"https:\/\/www.melform.com\/fr\/wp-json\/wp\/v2\/types\/product"}],"wp:featuredmedia":[{"embeddable":true,"href":"https:\/\/www.melform.com\/fr\/wp-json\/wp\/v2\/media\/5680"}],"wp:attachment":[{"href":"https:\/\/www.melform.com\/fr\/wp-json\/wp\/v2\/media?parent=8192"}],"wp:term":[{"taxonomy":"product_brand","embeddable":true,"href":"https:\/\/www.melform.com\/fr\/wp-json\/wp\/v2\/product_brand?post=8192"},{"taxonomy":"product_cat","embeddable":true,"href":"https:\/\/www.melform.com\/fr\/wp-json\/wp\/v2\/product_cat?post=8192"},{"taxonomy":"product_tag","embeddable":true,"href":"https:\/\/www.melform.com\/fr\/wp-json\/wp\/v2\/product_tag?post=8192"}],"curies":[{"name":"wp","href":"https:\/\/api.w.org\/{rel}","templated":true}]}}